{"id":9247,"date":"2017-07-01T17:12:10","date_gmt":"2018-01-20T21:10:21","guid":{"rendered":"https:\/\/ikastikos-kiklos.com\/?post_type=product&#038;p=9247"},"modified":"2018-05-10T19:25:33","modified_gmt":"2018-05-10T16:25:33","slug":"landscape-7","status":"publish","type":"product","link":"https:\/\/ikastikos-kiklos.com\/en\/product\/landscape-7\/","title":{"rendered":"Landscape"},"content":{"rendered":"<p>Tonia Nikolaidou (1927) was born in Athens. She studied at the Athens School of Fine Arts painting with K. Parthenis &#8211; Umb. Silver and engraving with G. Kefallinos. Influences received from Durer&#8217;s designs, Japanese prints, Rembrandt copper engravings, Flemish primitives, and the work and teaching of Kefalinos. She was also influenced by the Greek landscape, ancient Greek and Byzantine art. She has worked with publishers and galleries to publish books or albums containing woodcuts or copper engravings.<\/p>\n<p>The quality of her work has been repeatedly rewarded internationally, such as First Prize and Gold Medal at the Biennale of Alexandria (1980), Committee Award, Biennial Fredrikstad, Norway (1982), Honorary Distinction Biennal R.O.C. &#8217;83 and &#8217;85 in Tai-pen (1983,1985), F.I.C.F. (International Women&#8217;s Cultural Association), Athens (1988-1993), Biennal Fredricks Medal (1989), Honorary Distinction, Impraza, Ukraine (1989). Since 1979 she has held fifteen solo exhibitions in Greece and Europe and since 1957 she has participated in many international groups. A large number of entries are in Biennal and Triennale of Engraving and Design all over the world.<\/p>\n","protected":false},"excerpt":{"rendered":"<p>Silkscreen hand signed and numbered by\u00a0Tonia Nikolaidou. Edition of 190 prints.<\/p>\n","protected":false},"featured_media":11159,"template":"","meta":{"ngg_post_thumbnail":0},"product_brand":[],"product_cat":[1987,2226,1991],"product_tag":[2224],"class_list":{"0":"post-9247","1":"product","2":"type-product","3":"status-publish","4":"has-post-thumbnail","6":"product_cat-eshop-en","7":"product_cat-old-silkscreens-collection","8":"product_cat-silkscreens-shop","9":"product_tag-silkscreen-en","10":"product_shipping_class-0-2kg","12":"first","13":"instock","14":"taxable","15":"shipping-taxable","16":"purchasable","17":"product-type-simple"},"yoast_head":"<!-- This site is optimized with the Yoast SEO plugin v27.2 - https:\/\/yoast.com\/product\/yoast-seo-wordpress\/ -->\n<title>Landscape by Tonia Nikolaidou from the Collection of old Silkscreens.<\/title>\n<meta name=\"description\" content=\"Landscape by Tonia Nikolaidou from the Collection of old Silkscreens in dimensions 50x40 cm and 195 copies. Signed and numbered\" \/>\n<meta name=\"robots\" content=\"index, follow, max-snippet:-1, max-image-preview:large, max-video-preview:-1\" \/>\n<link rel=\"canonical\" href=\"https:\/\/ikastikos-kiklos.com\/en\/product\/landscape-7\/\" \/>\n<meta property=\"og:locale\" content=\"en_US\" \/>\n<meta property=\"og:type\" content=\"article\" \/>\n<meta property=\"og:title\" content=\"Landscape by Tonia Nikolaidou from the Collection of old Silkscreens.\" \/>\n<meta property=\"og:description\" content=\"Landscape by Tonia Nikolaidou from the Collection of old Silkscreens in dimensions 50x40 cm and 195 copies. Signed and numbered\" \/>\n<meta property=\"og:url\" content=\"https:\/\/ikastikos-kiklos.com\/en\/product\/landscape-7\/\" \/>\n<meta property=\"og:site_name\" content=\"Ikastikos Kiklos - Zografik\u00ed - Metaxotyp\u00edes - T\u00e9chniPainting - Silk Screen - Art\" \/>\n<meta property=\"article:publisher\" content=\"https:\/\/www.facebook.com\/ikastikoskiklossianti\/\" \/>\n<meta property=\"article:modified_time\" content=\"2018-05-10T16:25:33+00:00\" \/>\n<meta property=\"og:image\" content=\"https:\/\/ikastikos-kiklos.com\/wp-content\/uploads\/2017\/07\/Job_3185.jpg\" \/>\n\t<meta property=\"og:image:width\" content=\"900\" \/>\n\t<meta property=\"og:image:height\" content=\"672\" \/>\n\t<meta property=\"og:image:type\" content=\"image\/jpeg\" \/>\n<meta name=\"twitter:card\" content=\"summary_large_image\" \/>\n<meta name=\"twitter:label1\" content=\"Est. reading time\" \/>\n\t<meta name=\"twitter:data1\" content=\"1 minute\" \/>\n<script type=\"application\/ld+json\" class=\"yoast-schema-graph\">{\"@context\":\"https:\/\/schema.org\",\"@graph\":[{\"@type\":\"WebPage\",\"@id\":\"https:\/\/ikastikos-kiklos.com\/en\/product\/landscape-7\/\",\"url\":\"https:\/\/ikastikos-kiklos.com\/en\/product\/landscape-7\/\",\"name\":\"Landscape by Tonia Nikolaidou from the Collection of old Silkscreens.\",\"isPartOf\":{\"@id\":\"https:\/\/ikastikos-kiklos.com\/en\/#website\"},\"primaryImageOfPage\":{\"@id\":\"https:\/\/ikastikos-kiklos.com\/en\/product\/landscape-7\/#primaryimage\"},\"image\":{\"@id\":\"https:\/\/ikastikos-kiklos.com\/en\/product\/landscape-7\/#primaryimage\"},\"thumbnailUrl\":\"https:\/\/ikastikos-kiklos.com\/wp-content\/uploads\/2017\/07\/Job_3185.jpg\",\"datePublished\":\"2018-01-20T21:10:21+00:00\",\"dateModified\":\"2018-05-10T16:25:33+00:00\",\"description\":\"Landscape by Tonia Nikolaidou from the Collection of old Silkscreens in dimensions 50x40 cm and 195 copies. Signed and numbered\",\"breadcrumb\":{\"@id\":\"https:\/\/ikastikos-kiklos.com\/en\/product\/landscape-7\/#breadcrumb\"},\"inLanguage\":\"en-US\",\"potentialAction\":[{\"@type\":\"ReadAction\",\"target\":[\"https:\/\/ikastikos-kiklos.com\/en\/product\/landscape-7\/\"]}]},{\"@type\":\"ImageObject\",\"inLanguage\":\"en-US\",\"@id\":\"https:\/\/ikastikos-kiklos.com\/en\/product\/landscape-7\/#primaryimage\",\"url\":\"https:\/\/ikastikos-kiklos.com\/wp-content\/uploads\/2017\/07\/Job_3185.jpg\",\"contentUrl\":\"https:\/\/ikastikos-kiklos.com\/wp-content\/uploads\/2017\/07\/Job_3185.jpg\",\"width\":900,\"height\":672,\"caption\":\"\u03a4\u03bf\u03c0\u03af\u03bf \u03b1\u03c0\u03cc \u03c4\u03b7\u03bd \u03a4\u03cc\u03bd\u03b9\u03b1 \u039d\u03b9\u03ba\u03bf\u03bb\u03b1\u0390\u03b4\u03bf\u03c5 \u03c3\u03c4\u03b7 \u03a3\u03c5\u03bb\u03bb\u03bf\u03b3\u03ae \u03b1\u03c0\u03cc \u03c0\u03b1\u03bb\u03b1\u03b9\u03ad\u03c2 \u03bc\u03b5\u03c4\u03b1\u03be\u03bf\u03c4\u03c5\u03c0\u03af\u03b5\u03c2\"},{\"@type\":\"BreadcrumbList\",\"@id\":\"https:\/\/ikastikos-kiklos.com\/en\/product\/landscape-7\/#breadcrumb\",\"itemListElement\":[{\"@type\":\"ListItem\",\"position\":1,\"name\":\"Home\",\"item\":\"https:\/\/ikastikos-kiklos.com\/en\/\"},{\"@type\":\"ListItem\",\"position\":2,\"name\":\"\u0388\u03c1\u03b3\u03b1 \u03c4\u03ad\u03c7\u03bd\u03b7\u03c2\",\"item\":\"https:\/\/ikastikos-kiklos.com\/%ce%ad%cf%81%ce%b3%ce%b1-%cf%84%ce%ad%cf%87%ce%bd%ce%b7%cf%82\/\"},{\"@type\":\"ListItem\",\"position\":3,\"name\":\"Landscape\"}]},{\"@type\":\"WebSite\",\"@id\":\"https:\/\/ikastikos-kiklos.com\/en\/#website\",\"url\":\"https:\/\/ikastikos-kiklos.com\/en\/\",\"name\":\"Ikastikos Kiklos - Zografik\u00ed - Metaxotyp\u00edes - T\u00e9chniPainting - Silk Screen - Art\",\"description\":\"\",\"publisher\":{\"@id\":\"https:\/\/ikastikos-kiklos.com\/en\/#organization\"},\"potentialAction\":[{\"@type\":\"SearchAction\",\"target\":{\"@type\":\"EntryPoint\",\"urlTemplate\":\"https:\/\/ikastikos-kiklos.com\/en\/?s={search_term_string}\"},\"query-input\":{\"@type\":\"PropertyValueSpecification\",\"valueRequired\":true,\"valueName\":\"search_term_string\"}}],\"inLanguage\":\"en-US\"},{\"@type\":\"Organization\",\"@id\":\"https:\/\/ikastikos-kiklos.com\/en\/#organization\",\"name\":\"Ikastikos Kiklos - Zografik\u00ed - Metaxotyp\u00edes - T\u00e9chniPainting - Silk Screen - Art\",\"url\":\"https:\/\/ikastikos-kiklos.com\/en\/\",\"logo\":{\"@type\":\"ImageObject\",\"inLanguage\":\"en-US\",\"@id\":\"https:\/\/ikastikos-kiklos.com\/en\/#\/schema\/logo\/image\/\",\"url\":\"https:\/\/ikastikos-kiklos.com\/wp-content\/uploads\/2022\/10\/cropped-favicon_ikastikos.png\",\"contentUrl\":\"https:\/\/ikastikos-kiklos.com\/wp-content\/uploads\/2022\/10\/cropped-favicon_ikastikos.png\",\"width\":512,\"height\":512,\"caption\":\"Ikastikos Kiklos - Zografik\u00ed - Metaxotyp\u00edes - T\u00e9chniPainting - Silk Screen - Art\"},\"image\":{\"@id\":\"https:\/\/ikastikos-kiklos.com\/en\/#\/schema\/logo\/image\/\"},\"sameAs\":[\"https:\/\/www.facebook.com\/ikastikoskiklossianti\/\"]}]}<\/script>\n<!-- \/ Yoast SEO plugin. -->","yoast_head_json":{"title":"Landscape by Tonia Nikolaidou from the Collection of old Silkscreens.","description":"Landscape by Tonia Nikolaidou from the Collection of old Silkscreens in dimensions 50x40 cm and 195 copies. Signed and numbered","robots":{"index":"index","follow":"follow","max-snippet":"max-snippet:-1","max-image-preview":"max-image-preview:large","max-video-preview":"max-video-preview:-1"},"canonical":"https:\/\/ikastikos-kiklos.com\/en\/product\/landscape-7\/","og_locale":"en_US","og_type":"article","og_title":"Landscape by Tonia Nikolaidou from the Collection of old Silkscreens.","og_description":"Landscape by Tonia Nikolaidou from the Collection of old Silkscreens in dimensions 50x40 cm and 195 copies. Signed and numbered","og_url":"https:\/\/ikastikos-kiklos.com\/en\/product\/landscape-7\/","og_site_name":"Ikastikos Kiklos - Zografik\u00ed - Metaxotyp\u00edes - T\u00e9chniPainting - Silk Screen - Art","article_publisher":"https:\/\/www.facebook.com\/ikastikoskiklossianti\/","article_modified_time":"2018-05-10T16:25:33+00:00","og_image":[{"width":900,"height":672,"url":"https:\/\/ikastikos-kiklos.com\/wp-content\/uploads\/2017\/07\/Job_3185.jpg","type":"image\/jpeg"}],"twitter_card":"summary_large_image","twitter_misc":{"Est. reading time":"1 minute"},"schema":{"@context":"https:\/\/schema.org","@graph":[{"@type":"WebPage","@id":"https:\/\/ikastikos-kiklos.com\/en\/product\/landscape-7\/","url":"https:\/\/ikastikos-kiklos.com\/en\/product\/landscape-7\/","name":"Landscape by Tonia Nikolaidou from the Collection of old Silkscreens.","isPartOf":{"@id":"https:\/\/ikastikos-kiklos.com\/en\/#website"},"primaryImageOfPage":{"@id":"https:\/\/ikastikos-kiklos.com\/en\/product\/landscape-7\/#primaryimage"},"image":{"@id":"https:\/\/ikastikos-kiklos.com\/en\/product\/landscape-7\/#primaryimage"},"thumbnailUrl":"https:\/\/ikastikos-kiklos.com\/wp-content\/uploads\/2017\/07\/Job_3185.jpg","datePublished":"2018-01-20T21:10:21+00:00","dateModified":"2018-05-10T16:25:33+00:00","description":"Landscape by Tonia Nikolaidou from the Collection of old Silkscreens in dimensions 50x40 cm and 195 copies. Signed and numbered","breadcrumb":{"@id":"https:\/\/ikastikos-kiklos.com\/en\/product\/landscape-7\/#breadcrumb"},"inLanguage":"en-US","potentialAction":[{"@type":"ReadAction","target":["https:\/\/ikastikos-kiklos.com\/en\/product\/landscape-7\/"]}]},{"@type":"ImageObject","inLanguage":"en-US","@id":"https:\/\/ikastikos-kiklos.com\/en\/product\/landscape-7\/#primaryimage","url":"https:\/\/ikastikos-kiklos.com\/wp-content\/uploads\/2017\/07\/Job_3185.jpg","contentUrl":"https:\/\/ikastikos-kiklos.com\/wp-content\/uploads\/2017\/07\/Job_3185.jpg","width":900,"height":672,"caption":"\u03a4\u03bf\u03c0\u03af\u03bf \u03b1\u03c0\u03cc \u03c4\u03b7\u03bd \u03a4\u03cc\u03bd\u03b9\u03b1 \u039d\u03b9\u03ba\u03bf\u03bb\u03b1\u0390\u03b4\u03bf\u03c5 \u03c3\u03c4\u03b7 \u03a3\u03c5\u03bb\u03bb\u03bf\u03b3\u03ae \u03b1\u03c0\u03cc \u03c0\u03b1\u03bb\u03b1\u03b9\u03ad\u03c2 \u03bc\u03b5\u03c4\u03b1\u03be\u03bf\u03c4\u03c5\u03c0\u03af\u03b5\u03c2"},{"@type":"BreadcrumbList","@id":"https:\/\/ikastikos-kiklos.com\/en\/product\/landscape-7\/#breadcrumb","itemListElement":[{"@type":"ListItem","position":1,"name":"Home","item":"https:\/\/ikastikos-kiklos.com\/en\/"},{"@type":"ListItem","position":2,"name":"\u0388\u03c1\u03b3\u03b1 \u03c4\u03ad\u03c7\u03bd\u03b7\u03c2","item":"https:\/\/ikastikos-kiklos.com\/%ce%ad%cf%81%ce%b3%ce%b1-%cf%84%ce%ad%cf%87%ce%bd%ce%b7%cf%82\/"},{"@type":"ListItem","position":3,"name":"Landscape"}]},{"@type":"WebSite","@id":"https:\/\/ikastikos-kiklos.com\/en\/#website","url":"https:\/\/ikastikos-kiklos.com\/en\/","name":"Ikastikos Kiklos - Zografik\u00ed - Metaxotyp\u00edes - T\u00e9chniPainting - Silk Screen - Art","description":"","publisher":{"@id":"https:\/\/ikastikos-kiklos.com\/en\/#organization"},"potentialAction":[{"@type":"SearchAction","target":{"@type":"EntryPoint","urlTemplate":"https:\/\/ikastikos-kiklos.com\/en\/?s={search_term_string}"},"query-input":{"@type":"PropertyValueSpecification","valueRequired":true,"valueName":"search_term_string"}}],"inLanguage":"en-US"},{"@type":"Organization","@id":"https:\/\/ikastikos-kiklos.com\/en\/#organization","name":"Ikastikos Kiklos - Zografik\u00ed - Metaxotyp\u00edes - T\u00e9chniPainting - Silk Screen - Art","url":"https:\/\/ikastikos-kiklos.com\/en\/","logo":{"@type":"ImageObject","inLanguage":"en-US","@id":"https:\/\/ikastikos-kiklos.com\/en\/#\/schema\/logo\/image\/","url":"https:\/\/ikastikos-kiklos.com\/wp-content\/uploads\/2022\/10\/cropped-favicon_ikastikos.png","contentUrl":"https:\/\/ikastikos-kiklos.com\/wp-content\/uploads\/2022\/10\/cropped-favicon_ikastikos.png","width":512,"height":512,"caption":"Ikastikos Kiklos - Zografik\u00ed - Metaxotyp\u00edes - T\u00e9chniPainting - Silk Screen - Art"},"image":{"@id":"https:\/\/ikastikos-kiklos.com\/en\/#\/schema\/logo\/image\/"},"sameAs":["https:\/\/www.facebook.com\/ikastikoskiklossianti\/"]}]}},"_links":{"self":[{"href":"https:\/\/ikastikos-kiklos.com\/en\/wp-json\/wp\/v2\/product\/9247","targetHints":{"allow":["GET"]}}],"collection":[{"href":"https:\/\/ikastikos-kiklos.com\/en\/wp-json\/wp\/v2\/product"}],"about":[{"href":"https:\/\/ikastikos-kiklos.com\/en\/wp-json\/wp\/v2\/types\/product"}],"wp:featuredmedia":[{"embeddable":true,"href":"https:\/\/ikastikos-kiklos.com\/en\/wp-json\/wp\/v2\/media\/11159"}],"wp:attachment":[{"href":"https:\/\/ikastikos-kiklos.com\/en\/wp-json\/wp\/v2\/media?parent=9247"}],"wp:term":[{"taxonomy":"product_brand","embeddable":true,"href":"https:\/\/ikastikos-kiklos.com\/en\/wp-json\/wp\/v2\/product_brand?post=9247"},{"taxonomy":"product_cat","embeddable":true,"href":"https:\/\/ikastikos-kiklos.com\/en\/wp-json\/wp\/v2\/product_cat?post=9247"},{"taxonomy":"product_tag","embeddable":true,"href":"https:\/\/ikastikos-kiklos.com\/en\/wp-json\/wp\/v2\/product_tag?post=9247"}],"curies":[{"name":"wp","href":"https:\/\/api.w.org\/{rel}","templated":true}]}}