{"id":9242,"date":"2018-01-20T22:44:40","date_gmt":"2018-01-20T20:44:40","guid":{"rendered":"https:\/\/ikastikos-kiklos.com\/?post_type=product&#038;p=9242"},"modified":"2018-02-06T19:34:13","modified_gmt":"2018-02-06T17:34:13","slug":"untitled-6","status":"publish","type":"product","link":"https:\/\/ikastikos-kiklos.com\/en\/product\/untitled-6\/","title":{"rendered":"Untitled"},"content":{"rendered":"<p>Chryssa Vardea (December 31, 1933 &#8211; December 23, 2013), known simply as the artist&#8217;s nickname Chryssa (or Chryssa), was an internationally renowned Greek-American sculptor and painter. Her works are in various museums, galleries and collections around the world. He was known for using materials such as aluminum, gypsum and neon lights.<\/p>\n<p>Born in Athens in 1933 in the area of \u200b\u200bZografou. Her family, though descended from the well-known Mavromichalis family\u00a0from the\u00a0Mani Peninsula, she was poor, and her father had died before she was born. She initially studied social welfare in Athens. A Greek critic convinces her family to send her to Paris. In 1953 she went to Paris, where dhe studied at the Grande Somier Academy for a year. In 1954 she departed for America and continued her studies at the Fine Arts School in San Francisco, CA for another year. In 1957 she settled in New York, where she had her own workshop. There she will be influenced by Times Square and her lights. This area will be a source of inspiration for her. In 1992 she returned to Athens for thirty-five years, creating a workshop in Neo Kosmos, but then returned to America again.<\/p>\n<p>She died in Athens on December 23, 2013.<\/p>\n","protected":false},"excerpt":{"rendered":"<p>Silkscreen of Chryssa Vardeas<\/p>\n<p>&#8220;My goal is absolute austerity&#8221;<\/p>\n","protected":false},"featured_media":9710,"template":"","meta":{"ngg_post_thumbnail":0},"product_brand":[],"product_cat":[398,396],"product_tag":[2224],"class_list":{"0":"post-9242","1":"product","2":"type-product","3":"status-publish","4":"has-post-thumbnail","6":"product_cat-collections","7":"product_cat-silkscreens","8":"product_tag-silkscreen-en","10":"first","11":"instock","12":"taxable","13":"shipping-taxable","14":"purchasable","15":"product-type-simple"},"yoast_head":"<!-- This site is optimized with the Yoast SEO plugin v27.2 - https:\/\/yoast.com\/product\/yoast-seo-wordpress\/ -->\n<title>Untitled by Chrysa Vardea from the Collection of old silkscreens.<\/title>\n<meta name=\"description\" content=\"Untitled by Chrysa Vardea from the Collection of old silkscreens in dimensions 65x99 cm and 300 copies. Signed and numbered by the artist.\" \/>\n<meta name=\"robots\" content=\"index, follow, max-snippet:-1, max-image-preview:large, max-video-preview:-1\" \/>\n<link rel=\"canonical\" href=\"https:\/\/ikastikos-kiklos.com\/en\/product\/untitled-6\/\" \/>\n<meta property=\"og:locale\" content=\"en_US\" \/>\n<meta property=\"og:type\" content=\"article\" \/>\n<meta property=\"og:title\" content=\"Untitled by Chrysa Vardea from the Collection of old silkscreens.\" \/>\n<meta property=\"og:description\" content=\"Untitled by Chrysa Vardea from the Collection of old silkscreens in dimensions 65x99 cm and 300 copies. Signed and numbered by the artist.\" \/>\n<meta property=\"og:url\" content=\"https:\/\/ikastikos-kiklos.com\/en\/product\/untitled-6\/\" \/>\n<meta property=\"og:site_name\" content=\"Ikastikos Kiklos - Zografik\u00ed - Metaxotyp\u00edes - T\u00e9chniPainting - Silk Screen - Art\" \/>\n<meta property=\"article:publisher\" content=\"https:\/\/www.facebook.com\/ikastikoskiklossianti\/\" \/>\n<meta property=\"article:modified_time\" content=\"2018-02-06T17:34:13+00:00\" \/>\n<meta property=\"og:image\" content=\"https:\/\/ikastikos-kiklos.com\/wp-content\/uploads\/2018\/01\/Job_4154.jpg\" \/>\n\t<meta property=\"og:image:width\" content=\"600\" \/>\n\t<meta property=\"og:image:height\" content=\"921\" \/>\n\t<meta property=\"og:image:type\" content=\"image\/jpeg\" \/>\n<meta name=\"twitter:card\" content=\"summary_large_image\" \/>\n<meta name=\"twitter:label1\" content=\"Est. reading time\" \/>\n\t<meta name=\"twitter:data1\" content=\"1 minute\" \/>\n<script type=\"application\/ld+json\" class=\"yoast-schema-graph\">{\"@context\":\"https:\/\/schema.org\",\"@graph\":[{\"@type\":\"WebPage\",\"@id\":\"https:\/\/ikastikos-kiklos.com\/en\/product\/untitled-6\/\",\"url\":\"https:\/\/ikastikos-kiklos.com\/en\/product\/untitled-6\/\",\"name\":\"Untitled by Chrysa Vardea from the Collection of old silkscreens.\",\"isPartOf\":{\"@id\":\"https:\/\/ikastikos-kiklos.com\/en\/#website\"},\"primaryImageOfPage\":{\"@id\":\"https:\/\/ikastikos-kiklos.com\/en\/product\/untitled-6\/#primaryimage\"},\"image\":{\"@id\":\"https:\/\/ikastikos-kiklos.com\/en\/product\/untitled-6\/#primaryimage\"},\"thumbnailUrl\":\"https:\/\/ikastikos-kiklos.com\/wp-content\/uploads\/2018\/01\/Job_4154.jpg\",\"datePublished\":\"2018-01-20T20:44:40+00:00\",\"dateModified\":\"2018-02-06T17:34:13+00:00\",\"description\":\"Untitled by Chrysa Vardea from the Collection of old silkscreens in dimensions 65x99 cm and 300 copies. Signed and numbered by the artist.\",\"breadcrumb\":{\"@id\":\"https:\/\/ikastikos-kiklos.com\/en\/product\/untitled-6\/#breadcrumb\"},\"inLanguage\":\"en-US\",\"potentialAction\":[{\"@type\":\"ReadAction\",\"target\":[\"https:\/\/ikastikos-kiklos.com\/en\/product\/untitled-6\/\"]}]},{\"@type\":\"ImageObject\",\"inLanguage\":\"en-US\",\"@id\":\"https:\/\/ikastikos-kiklos.com\/en\/product\/untitled-6\/#primaryimage\",\"url\":\"https:\/\/ikastikos-kiklos.com\/wp-content\/uploads\/2018\/01\/Job_4154.jpg\",\"contentUrl\":\"https:\/\/ikastikos-kiklos.com\/wp-content\/uploads\/2018\/01\/Job_4154.jpg\",\"width\":600,\"height\":921,\"caption\":\"Untitled by Chrysa Vardea from the Collection of old silkscreens.\"},{\"@type\":\"BreadcrumbList\",\"@id\":\"https:\/\/ikastikos-kiklos.com\/en\/product\/untitled-6\/#breadcrumb\",\"itemListElement\":[{\"@type\":\"ListItem\",\"position\":1,\"name\":\"Home\",\"item\":\"https:\/\/ikastikos-kiklos.com\/en\/\"},{\"@type\":\"ListItem\",\"position\":2,\"name\":\"\u0388\u03c1\u03b3\u03b1 \u03c4\u03ad\u03c7\u03bd\u03b7\u03c2\",\"item\":\"https:\/\/ikastikos-kiklos.com\/%ce%ad%cf%81%ce%b3%ce%b1-%cf%84%ce%ad%cf%87%ce%bd%ce%b7%cf%82\/\"},{\"@type\":\"ListItem\",\"position\":3,\"name\":\"Untitled\"}]},{\"@type\":\"WebSite\",\"@id\":\"https:\/\/ikastikos-kiklos.com\/en\/#website\",\"url\":\"https:\/\/ikastikos-kiklos.com\/en\/\",\"name\":\"Ikastikos Kiklos - Zografik\u00ed - Metaxotyp\u00edes - T\u00e9chniPainting - Silk Screen - Art\",\"description\":\"\",\"publisher\":{\"@id\":\"https:\/\/ikastikos-kiklos.com\/en\/#organization\"},\"potentialAction\":[{\"@type\":\"SearchAction\",\"target\":{\"@type\":\"EntryPoint\",\"urlTemplate\":\"https:\/\/ikastikos-kiklos.com\/en\/?s={search_term_string}\"},\"query-input\":{\"@type\":\"PropertyValueSpecification\",\"valueRequired\":true,\"valueName\":\"search_term_string\"}}],\"inLanguage\":\"en-US\"},{\"@type\":\"Organization\",\"@id\":\"https:\/\/ikastikos-kiklos.com\/en\/#organization\",\"name\":\"Ikastikos Kiklos - Zografik\u00ed - Metaxotyp\u00edes - T\u00e9chniPainting - Silk Screen - Art\",\"url\":\"https:\/\/ikastikos-kiklos.com\/en\/\",\"logo\":{\"@type\":\"ImageObject\",\"inLanguage\":\"en-US\",\"@id\":\"https:\/\/ikastikos-kiklos.com\/en\/#\/schema\/logo\/image\/\",\"url\":\"https:\/\/ikastikos-kiklos.com\/wp-content\/uploads\/2022\/10\/cropped-favicon_ikastikos.png\",\"contentUrl\":\"https:\/\/ikastikos-kiklos.com\/wp-content\/uploads\/2022\/10\/cropped-favicon_ikastikos.png\",\"width\":512,\"height\":512,\"caption\":\"Ikastikos Kiklos - Zografik\u00ed - Metaxotyp\u00edes - T\u00e9chniPainting - Silk Screen - Art\"},\"image\":{\"@id\":\"https:\/\/ikastikos-kiklos.com\/en\/#\/schema\/logo\/image\/\"},\"sameAs\":[\"https:\/\/www.facebook.com\/ikastikoskiklossianti\/\"]}]}<\/script>\n<!-- \/ Yoast SEO plugin. -->","yoast_head_json":{"title":"Untitled by Chrysa Vardea from the Collection of old silkscreens.","description":"Untitled by Chrysa Vardea from the Collection of old silkscreens in dimensions 65x99 cm and 300 copies. Signed and numbered by the artist.","robots":{"index":"index","follow":"follow","max-snippet":"max-snippet:-1","max-image-preview":"max-image-preview:large","max-video-preview":"max-video-preview:-1"},"canonical":"https:\/\/ikastikos-kiklos.com\/en\/product\/untitled-6\/","og_locale":"en_US","og_type":"article","og_title":"Untitled by Chrysa Vardea from the Collection of old silkscreens.","og_description":"Untitled by Chrysa Vardea from the Collection of old silkscreens in dimensions 65x99 cm and 300 copies. Signed and numbered by the artist.","og_url":"https:\/\/ikastikos-kiklos.com\/en\/product\/untitled-6\/","og_site_name":"Ikastikos Kiklos - Zografik\u00ed - Metaxotyp\u00edes - T\u00e9chniPainting - Silk Screen - Art","article_publisher":"https:\/\/www.facebook.com\/ikastikoskiklossianti\/","article_modified_time":"2018-02-06T17:34:13+00:00","og_image":[{"width":600,"height":921,"url":"https:\/\/ikastikos-kiklos.com\/wp-content\/uploads\/2018\/01\/Job_4154.jpg","type":"image\/jpeg"}],"twitter_card":"summary_large_image","twitter_misc":{"Est. reading time":"1 minute"},"schema":{"@context":"https:\/\/schema.org","@graph":[{"@type":"WebPage","@id":"https:\/\/ikastikos-kiklos.com\/en\/product\/untitled-6\/","url":"https:\/\/ikastikos-kiklos.com\/en\/product\/untitled-6\/","name":"Untitled by Chrysa Vardea from the Collection of old silkscreens.","isPartOf":{"@id":"https:\/\/ikastikos-kiklos.com\/en\/#website"},"primaryImageOfPage":{"@id":"https:\/\/ikastikos-kiklos.com\/en\/product\/untitled-6\/#primaryimage"},"image":{"@id":"https:\/\/ikastikos-kiklos.com\/en\/product\/untitled-6\/#primaryimage"},"thumbnailUrl":"https:\/\/ikastikos-kiklos.com\/wp-content\/uploads\/2018\/01\/Job_4154.jpg","datePublished":"2018-01-20T20:44:40+00:00","dateModified":"2018-02-06T17:34:13+00:00","description":"Untitled by Chrysa Vardea from the Collection of old silkscreens in dimensions 65x99 cm and 300 copies. Signed and numbered by the artist.","breadcrumb":{"@id":"https:\/\/ikastikos-kiklos.com\/en\/product\/untitled-6\/#breadcrumb"},"inLanguage":"en-US","potentialAction":[{"@type":"ReadAction","target":["https:\/\/ikastikos-kiklos.com\/en\/product\/untitled-6\/"]}]},{"@type":"ImageObject","inLanguage":"en-US","@id":"https:\/\/ikastikos-kiklos.com\/en\/product\/untitled-6\/#primaryimage","url":"https:\/\/ikastikos-kiklos.com\/wp-content\/uploads\/2018\/01\/Job_4154.jpg","contentUrl":"https:\/\/ikastikos-kiklos.com\/wp-content\/uploads\/2018\/01\/Job_4154.jpg","width":600,"height":921,"caption":"Untitled by Chrysa Vardea from the Collection of old silkscreens."},{"@type":"BreadcrumbList","@id":"https:\/\/ikastikos-kiklos.com\/en\/product\/untitled-6\/#breadcrumb","itemListElement":[{"@type":"ListItem","position":1,"name":"Home","item":"https:\/\/ikastikos-kiklos.com\/en\/"},{"@type":"ListItem","position":2,"name":"\u0388\u03c1\u03b3\u03b1 \u03c4\u03ad\u03c7\u03bd\u03b7\u03c2","item":"https:\/\/ikastikos-kiklos.com\/%ce%ad%cf%81%ce%b3%ce%b1-%cf%84%ce%ad%cf%87%ce%bd%ce%b7%cf%82\/"},{"@type":"ListItem","position":3,"name":"Untitled"}]},{"@type":"WebSite","@id":"https:\/\/ikastikos-kiklos.com\/en\/#website","url":"https:\/\/ikastikos-kiklos.com\/en\/","name":"Ikastikos Kiklos - Zografik\u00ed - Metaxotyp\u00edes - T\u00e9chniPainting - Silk Screen - Art","description":"","publisher":{"@id":"https:\/\/ikastikos-kiklos.com\/en\/#organization"},"potentialAction":[{"@type":"SearchAction","target":{"@type":"EntryPoint","urlTemplate":"https:\/\/ikastikos-kiklos.com\/en\/?s={search_term_string}"},"query-input":{"@type":"PropertyValueSpecification","valueRequired":true,"valueName":"search_term_string"}}],"inLanguage":"en-US"},{"@type":"Organization","@id":"https:\/\/ikastikos-kiklos.com\/en\/#organization","name":"Ikastikos Kiklos - Zografik\u00ed - Metaxotyp\u00edes - T\u00e9chniPainting - Silk Screen - Art","url":"https:\/\/ikastikos-kiklos.com\/en\/","logo":{"@type":"ImageObject","inLanguage":"en-US","@id":"https:\/\/ikastikos-kiklos.com\/en\/#\/schema\/logo\/image\/","url":"https:\/\/ikastikos-kiklos.com\/wp-content\/uploads\/2022\/10\/cropped-favicon_ikastikos.png","contentUrl":"https:\/\/ikastikos-kiklos.com\/wp-content\/uploads\/2022\/10\/cropped-favicon_ikastikos.png","width":512,"height":512,"caption":"Ikastikos Kiklos - Zografik\u00ed - Metaxotyp\u00edes - T\u00e9chniPainting - Silk Screen - Art"},"image":{"@id":"https:\/\/ikastikos-kiklos.com\/en\/#\/schema\/logo\/image\/"},"sameAs":["https:\/\/www.facebook.com\/ikastikoskiklossianti\/"]}]}},"_links":{"self":[{"href":"https:\/\/ikastikos-kiklos.com\/en\/wp-json\/wp\/v2\/product\/9242","targetHints":{"allow":["GET"]}}],"collection":[{"href":"https:\/\/ikastikos-kiklos.com\/en\/wp-json\/wp\/v2\/product"}],"about":[{"href":"https:\/\/ikastikos-kiklos.com\/en\/wp-json\/wp\/v2\/types\/product"}],"wp:featuredmedia":[{"embeddable":true,"href":"https:\/\/ikastikos-kiklos.com\/en\/wp-json\/wp\/v2\/media\/9710"}],"wp:attachment":[{"href":"https:\/\/ikastikos-kiklos.com\/en\/wp-json\/wp\/v2\/media?parent=9242"}],"wp:term":[{"taxonomy":"product_brand","embeddable":true,"href":"https:\/\/ikastikos-kiklos.com\/en\/wp-json\/wp\/v2\/product_brand?post=9242"},{"taxonomy":"product_cat","embeddable":true,"href":"https:\/\/ikastikos-kiklos.com\/en\/wp-json\/wp\/v2\/product_cat?post=9242"},{"taxonomy":"product_tag","embeddable":true,"href":"https:\/\/ikastikos-kiklos.com\/en\/wp-json\/wp\/v2\/product_tag?post=9242"}],"curies":[{"name":"wp","href":"https:\/\/api.w.org\/{rel}","templated":true}]}}