{"id":9169,"date":"2018-01-18T21:05:43","date_gmt":"2018-01-18T19:05:43","guid":{"rendered":"https:\/\/ikastikos-kiklos.com\/?post_type=product&#038;p=9169"},"modified":"2019-03-06T16:04:42","modified_gmt":"2019-03-06T14:04:42","slug":"flowers","status":"publish","type":"product","link":"https:\/\/ikastikos-kiklos.com\/en\/product\/flowers\/","title":{"rendered":"Flowers"},"content":{"rendered":"<p>A promising message is the act of painting in itself. Every person who creates, produces and feels they offer hope. Creation is by itself the way out. I offer energy to produce something that is positive. Hope without creation is empty. Your personal work and positive energy is the very hope.<\/p>\n<p>Source: Athens Voice<\/p>\n","protected":false},"excerpt":{"rendered":"<p>Gicl\u00e9e numbered and signed by Manolis Haros in 50 copies.<\/p>\n<p>His work falls into the field of figurative painting with an abstract and expressionist dimension.<\/p>\n<p>&nbsp;<\/p>\n<p>Source: kythera.gr<\/p>\n","protected":false},"featured_media":12508,"template":"","meta":{"ngg_post_thumbnail":0},"product_brand":[],"product_cat":[398,1987,1991,396],"product_tag":[2250,2224],"class_list":{"0":"post-9169","1":"product","2":"type-product","3":"status-publish","4":"has-post-thumbnail","6":"product_cat-collections","7":"product_cat-eshop-en","8":"product_cat-silkscreens-shop","9":"product_cat-silkscreens","10":"product_tag-manolis-charos-en","11":"product_tag-silkscreen-en","13":"first","14":"instock","15":"taxable","16":"shipping-taxable","17":"purchasable","18":"product-type-simple"},"yoast_head":"<!-- This site is optimized with the Yoast SEO plugin v27.4 - https:\/\/yoast.com\/product\/yoast-seo-wordpress\/ -->\n<title>Flowers Silkscreen by Charos Manolis at Ikastikos Kiklos Sianti Gallery.<\/title>\n<meta name=\"description\" content=\"Flowers Silkscreen by Charos Manolis at Ikastikos Kiklos Sianti Gallery. Dimensions 30 x 80 cm\" \/>\n<meta name=\"robots\" content=\"index, follow, max-snippet:-1, max-image-preview:large, max-video-preview:-1\" \/>\n<link rel=\"canonical\" href=\"https:\/\/ikastikos-kiklos.com\/en\/product\/flowers\/\" \/>\n<meta property=\"og:locale\" content=\"en_US\" \/>\n<meta property=\"og:type\" content=\"article\" \/>\n<meta property=\"og:title\" content=\"Flowers Silkscreen by Charos Manolis at Ikastikos Kiklos Sianti Gallery.\" \/>\n<meta property=\"og:description\" content=\"Flowers Silkscreen by Charos Manolis at Ikastikos Kiklos Sianti Gallery. Dimensions 30 x 80 cm\" \/>\n<meta property=\"og:url\" content=\"https:\/\/ikastikos-kiklos.com\/en\/product\/flowers\/\" \/>\n<meta property=\"og:site_name\" content=\"Ikastikos Kiklos - Zografik\u00ed - Metaxotyp\u00edes - T\u00e9chniPainting - Silk Screen - Art\" \/>\n<meta property=\"article:publisher\" content=\"https:\/\/www.facebook.com\/ikastikoskiklossianti\/\" \/>\n<meta property=\"article:modified_time\" content=\"2019-03-06T14:04:42+00:00\" \/>\n<meta property=\"og:image\" content=\"https:\/\/ikastikos-kiklos.com\/wp-content\/uploads\/2017\/07\/IMG_1487-\u03c7\u03ac\u03c1\u03bf\u03c2.jpg\" \/>\n\t<meta property=\"og:image:width\" content=\"407\" \/>\n\t<meta property=\"og:image:height\" content=\"932\" \/>\n\t<meta property=\"og:image:type\" content=\"image\/jpeg\" \/>\n<meta name=\"twitter:card\" content=\"summary_large_image\" \/>\n<script type=\"application\/ld+json\" class=\"yoast-schema-graph\">{\"@context\":\"https:\\\/\\\/schema.org\",\"@graph\":[{\"@type\":\"WebPage\",\"@id\":\"https:\\\/\\\/ikastikos-kiklos.com\\\/en\\\/product\\\/flowers\\\/\",\"url\":\"https:\\\/\\\/ikastikos-kiklos.com\\\/en\\\/product\\\/flowers\\\/\",\"name\":\"Flowers Silkscreen by Charos Manolis at Ikastikos Kiklos Sianti Gallery.\",\"isPartOf\":{\"@id\":\"https:\\\/\\\/ikastikos-kiklos.com\\\/en\\\/#website\"},\"primaryImageOfPage\":{\"@id\":\"https:\\\/\\\/ikastikos-kiklos.com\\\/en\\\/product\\\/flowers\\\/#primaryimage\"},\"image\":{\"@id\":\"https:\\\/\\\/ikastikos-kiklos.com\\\/en\\\/product\\\/flowers\\\/#primaryimage\"},\"thumbnailUrl\":\"https:\\\/\\\/ikastikos-kiklos.com\\\/wp-content\\\/uploads\\\/2017\\\/07\\\/IMG_1487-\u03c7\u03ac\u03c1\u03bf\u03c2.jpg\",\"datePublished\":\"2018-01-18T19:05:43+00:00\",\"dateModified\":\"2019-03-06T14:04:42+00:00\",\"description\":\"Flowers Silkscreen by Charos Manolis at Ikastikos Kiklos Sianti Gallery. Dimensions 30 x 80 cm\",\"breadcrumb\":{\"@id\":\"https:\\\/\\\/ikastikos-kiklos.com\\\/en\\\/product\\\/flowers\\\/#breadcrumb\"},\"inLanguage\":\"en-US\",\"potentialAction\":[{\"@type\":\"ReadAction\",\"target\":[\"https:\\\/\\\/ikastikos-kiklos.com\\\/en\\\/product\\\/flowers\\\/\"]}]},{\"@type\":\"ImageObject\",\"inLanguage\":\"en-US\",\"@id\":\"https:\\\/\\\/ikastikos-kiklos.com\\\/en\\\/product\\\/flowers\\\/#primaryimage\",\"url\":\"https:\\\/\\\/ikastikos-kiklos.com\\\/wp-content\\\/uploads\\\/2017\\\/07\\\/IMG_1487-\u03c7\u03ac\u03c1\u03bf\u03c2.jpg\",\"contentUrl\":\"https:\\\/\\\/ikastikos-kiklos.com\\\/wp-content\\\/uploads\\\/2017\\\/07\\\/IMG_1487-\u03c7\u03ac\u03c1\u03bf\u03c2.jpg\",\"width\":407,\"height\":932,\"caption\":\"\u0386\u03bd\u03b8\u03b7 \u039c\u03b5\u03c4\u03b1\u03be\u03bf\u03c4\u03c5\u03c0\u03af\u03b1 \u03c4\u03bf\u03c5 \u039c\u03b1\u03bd\u03ce\u03bb\u03b7 \u03a7\u03ac\u03c1\u03bf\u03c5 \u03b1\u03c0\u03cc \u03c4\u03bf\u03bd \u0395\u03b9\u03ba\u03b1\u03c3\u03c4\u03b9\u03ba\u03cc \u039a\u03cd\u03ba\u03bb\u03bf Sianti\"},{\"@type\":\"BreadcrumbList\",\"@id\":\"https:\\\/\\\/ikastikos-kiklos.com\\\/en\\\/product\\\/flowers\\\/#breadcrumb\",\"itemListElement\":[{\"@type\":\"ListItem\",\"position\":1,\"name\":\"Home\",\"item\":\"https:\\\/\\\/ikastikos-kiklos.com\\\/en\\\/\"},{\"@type\":\"ListItem\",\"position\":2,\"name\":\"\u0388\u03c1\u03b3\u03b1 \u03c4\u03ad\u03c7\u03bd\u03b7\u03c2\",\"item\":\"https:\\\/\\\/ikastikos-kiklos.com\\\/%ce%ad%cf%81%ce%b3%ce%b1-%cf%84%ce%ad%cf%87%ce%bd%ce%b7%cf%82\\\/\"},{\"@type\":\"ListItem\",\"position\":3,\"name\":\"Flowers\"}]},{\"@type\":\"WebSite\",\"@id\":\"https:\\\/\\\/ikastikos-kiklos.com\\\/en\\\/#website\",\"url\":\"https:\\\/\\\/ikastikos-kiklos.com\\\/en\\\/\",\"name\":\"Ikastikos Kiklos - Zografik\u00ed - Metaxotyp\u00edes - T\u00e9chniPainting - Silk Screen - Art\",\"description\":\"\",\"publisher\":{\"@id\":\"https:\\\/\\\/ikastikos-kiklos.com\\\/en\\\/#organization\"},\"potentialAction\":[{\"@type\":\"SearchAction\",\"target\":{\"@type\":\"EntryPoint\",\"urlTemplate\":\"https:\\\/\\\/ikastikos-kiklos.com\\\/en\\\/?s={search_term_string}\"},\"query-input\":{\"@type\":\"PropertyValueSpecification\",\"valueRequired\":true,\"valueName\":\"search_term_string\"}}],\"inLanguage\":\"en-US\"},{\"@type\":\"Organization\",\"@id\":\"https:\\\/\\\/ikastikos-kiklos.com\\\/en\\\/#organization\",\"name\":\"Ikastikos Kiklos - Zografik\u00ed - Metaxotyp\u00edes - T\u00e9chniPainting - Silk Screen - Art\",\"url\":\"https:\\\/\\\/ikastikos-kiklos.com\\\/en\\\/\",\"logo\":{\"@type\":\"ImageObject\",\"inLanguage\":\"en-US\",\"@id\":\"https:\\\/\\\/ikastikos-kiklos.com\\\/en\\\/#\\\/schema\\\/logo\\\/image\\\/\",\"url\":\"https:\\\/\\\/ikastikos-kiklos.com\\\/wp-content\\\/uploads\\\/2022\\\/10\\\/cropped-favicon_ikastikos.png\",\"contentUrl\":\"https:\\\/\\\/ikastikos-kiklos.com\\\/wp-content\\\/uploads\\\/2022\\\/10\\\/cropped-favicon_ikastikos.png\",\"width\":512,\"height\":512,\"caption\":\"Ikastikos Kiklos - Zografik\u00ed - Metaxotyp\u00edes - T\u00e9chniPainting - Silk Screen - Art\"},\"image\":{\"@id\":\"https:\\\/\\\/ikastikos-kiklos.com\\\/en\\\/#\\\/schema\\\/logo\\\/image\\\/\"},\"sameAs\":[\"https:\\\/\\\/www.facebook.com\\\/ikastikoskiklossianti\\\/\"]}]}<\/script>\n<!-- \/ Yoast SEO plugin. -->","yoast_head_json":{"title":"Flowers Silkscreen by Charos Manolis at Ikastikos Kiklos Sianti Gallery.","description":"Flowers Silkscreen by Charos Manolis at Ikastikos Kiklos Sianti Gallery. Dimensions 30 x 80 cm","robots":{"index":"index","follow":"follow","max-snippet":"max-snippet:-1","max-image-preview":"max-image-preview:large","max-video-preview":"max-video-preview:-1"},"canonical":"https:\/\/ikastikos-kiklos.com\/en\/product\/flowers\/","og_locale":"en_US","og_type":"article","og_title":"Flowers Silkscreen by Charos Manolis at Ikastikos Kiklos Sianti Gallery.","og_description":"Flowers Silkscreen by Charos Manolis at Ikastikos Kiklos Sianti Gallery. Dimensions 30 x 80 cm","og_url":"https:\/\/ikastikos-kiklos.com\/en\/product\/flowers\/","og_site_name":"Ikastikos Kiklos - Zografik\u00ed - Metaxotyp\u00edes - T\u00e9chniPainting - Silk Screen - Art","article_publisher":"https:\/\/www.facebook.com\/ikastikoskiklossianti\/","article_modified_time":"2019-03-06T14:04:42+00:00","og_image":[{"width":407,"height":932,"url":"https:\/\/ikastikos-kiklos.com\/wp-content\/uploads\/2017\/07\/IMG_1487-\u03c7\u03ac\u03c1\u03bf\u03c2.jpg","type":"image\/jpeg"}],"twitter_card":"summary_large_image","schema":{"@context":"https:\/\/schema.org","@graph":[{"@type":"WebPage","@id":"https:\/\/ikastikos-kiklos.com\/en\/product\/flowers\/","url":"https:\/\/ikastikos-kiklos.com\/en\/product\/flowers\/","name":"Flowers Silkscreen by Charos Manolis at Ikastikos Kiklos Sianti Gallery.","isPartOf":{"@id":"https:\/\/ikastikos-kiklos.com\/en\/#website"},"primaryImageOfPage":{"@id":"https:\/\/ikastikos-kiklos.com\/en\/product\/flowers\/#primaryimage"},"image":{"@id":"https:\/\/ikastikos-kiklos.com\/en\/product\/flowers\/#primaryimage"},"thumbnailUrl":"https:\/\/ikastikos-kiklos.com\/wp-content\/uploads\/2017\/07\/IMG_1487-\u03c7\u03ac\u03c1\u03bf\u03c2.jpg","datePublished":"2018-01-18T19:05:43+00:00","dateModified":"2019-03-06T14:04:42+00:00","description":"Flowers Silkscreen by Charos Manolis at Ikastikos Kiklos Sianti Gallery. Dimensions 30 x 80 cm","breadcrumb":{"@id":"https:\/\/ikastikos-kiklos.com\/en\/product\/flowers\/#breadcrumb"},"inLanguage":"en-US","potentialAction":[{"@type":"ReadAction","target":["https:\/\/ikastikos-kiklos.com\/en\/product\/flowers\/"]}]},{"@type":"ImageObject","inLanguage":"en-US","@id":"https:\/\/ikastikos-kiklos.com\/en\/product\/flowers\/#primaryimage","url":"https:\/\/ikastikos-kiklos.com\/wp-content\/uploads\/2017\/07\/IMG_1487-\u03c7\u03ac\u03c1\u03bf\u03c2.jpg","contentUrl":"https:\/\/ikastikos-kiklos.com\/wp-content\/uploads\/2017\/07\/IMG_1487-\u03c7\u03ac\u03c1\u03bf\u03c2.jpg","width":407,"height":932,"caption":"\u0386\u03bd\u03b8\u03b7 \u039c\u03b5\u03c4\u03b1\u03be\u03bf\u03c4\u03c5\u03c0\u03af\u03b1 \u03c4\u03bf\u03c5 \u039c\u03b1\u03bd\u03ce\u03bb\u03b7 \u03a7\u03ac\u03c1\u03bf\u03c5 \u03b1\u03c0\u03cc \u03c4\u03bf\u03bd \u0395\u03b9\u03ba\u03b1\u03c3\u03c4\u03b9\u03ba\u03cc \u039a\u03cd\u03ba\u03bb\u03bf Sianti"},{"@type":"BreadcrumbList","@id":"https:\/\/ikastikos-kiklos.com\/en\/product\/flowers\/#breadcrumb","itemListElement":[{"@type":"ListItem","position":1,"name":"Home","item":"https:\/\/ikastikos-kiklos.com\/en\/"},{"@type":"ListItem","position":2,"name":"\u0388\u03c1\u03b3\u03b1 \u03c4\u03ad\u03c7\u03bd\u03b7\u03c2","item":"https:\/\/ikastikos-kiklos.com\/%ce%ad%cf%81%ce%b3%ce%b1-%cf%84%ce%ad%cf%87%ce%bd%ce%b7%cf%82\/"},{"@type":"ListItem","position":3,"name":"Flowers"}]},{"@type":"WebSite","@id":"https:\/\/ikastikos-kiklos.com\/en\/#website","url":"https:\/\/ikastikos-kiklos.com\/en\/","name":"Ikastikos Kiklos - Zografik\u00ed - Metaxotyp\u00edes - T\u00e9chniPainting - Silk Screen - Art","description":"","publisher":{"@id":"https:\/\/ikastikos-kiklos.com\/en\/#organization"},"potentialAction":[{"@type":"SearchAction","target":{"@type":"EntryPoint","urlTemplate":"https:\/\/ikastikos-kiklos.com\/en\/?s={search_term_string}"},"query-input":{"@type":"PropertyValueSpecification","valueRequired":true,"valueName":"search_term_string"}}],"inLanguage":"en-US"},{"@type":"Organization","@id":"https:\/\/ikastikos-kiklos.com\/en\/#organization","name":"Ikastikos Kiklos - Zografik\u00ed - Metaxotyp\u00edes - T\u00e9chniPainting - Silk Screen - Art","url":"https:\/\/ikastikos-kiklos.com\/en\/","logo":{"@type":"ImageObject","inLanguage":"en-US","@id":"https:\/\/ikastikos-kiklos.com\/en\/#\/schema\/logo\/image\/","url":"https:\/\/ikastikos-kiklos.com\/wp-content\/uploads\/2022\/10\/cropped-favicon_ikastikos.png","contentUrl":"https:\/\/ikastikos-kiklos.com\/wp-content\/uploads\/2022\/10\/cropped-favicon_ikastikos.png","width":512,"height":512,"caption":"Ikastikos Kiklos - Zografik\u00ed - Metaxotyp\u00edes - T\u00e9chniPainting - Silk Screen - Art"},"image":{"@id":"https:\/\/ikastikos-kiklos.com\/en\/#\/schema\/logo\/image\/"},"sameAs":["https:\/\/www.facebook.com\/ikastikoskiklossianti\/"]}]}},"_links":{"self":[{"href":"https:\/\/ikastikos-kiklos.com\/en\/wp-json\/wp\/v2\/product\/9169","targetHints":{"allow":["GET"]}}],"collection":[{"href":"https:\/\/ikastikos-kiklos.com\/en\/wp-json\/wp\/v2\/product"}],"about":[{"href":"https:\/\/ikastikos-kiklos.com\/en\/wp-json\/wp\/v2\/types\/product"}],"wp:featuredmedia":[{"embeddable":true,"href":"https:\/\/ikastikos-kiklos.com\/en\/wp-json\/wp\/v2\/media\/12508"}],"wp:attachment":[{"href":"https:\/\/ikastikos-kiklos.com\/en\/wp-json\/wp\/v2\/media?parent=9169"}],"wp:term":[{"taxonomy":"product_brand","embeddable":true,"href":"https:\/\/ikastikos-kiklos.com\/en\/wp-json\/wp\/v2\/product_brand?post=9169"},{"taxonomy":"product_cat","embeddable":true,"href":"https:\/\/ikastikos-kiklos.com\/en\/wp-json\/wp\/v2\/product_cat?post=9169"},{"taxonomy":"product_tag","embeddable":true,"href":"https:\/\/ikastikos-kiklos.com\/en\/wp-json\/wp\/v2\/product_tag?post=9169"}],"curies":[{"name":"wp","href":"https:\/\/api.w.org\/{rel}","templated":true}]}}