{"id":9162,"date":"2018-01-18T20:23:46","date_gmt":"2018-01-18T18:23:46","guid":{"rendered":"https:\/\/ikastikos-kiklos.com\/?post_type=product&#038;p=9162"},"modified":"2019-11-14T18:35:53","modified_gmt":"2019-11-14T16:35:53","slug":"explosion","status":"publish","type":"product","link":"https:\/\/ikastikos-kiklos.com\/en\/product\/explosion\/","title":{"rendered":"Explosion"},"content":{"rendered":"<p>Meaning that it is painting after painting, a visual proposal that is aware of the twentieth century foundation conquests, from abstraction to dripping and surrealism to informal, which, however, is striving to detach itself from them &#8211; and just utilize them as a means of technical know-how &#8211; so as to speak in a different way, convey the agony of a different era, such as the contradiction between the diffused crisis and ever present prosperity, the problem of reconstruction and illusionism that no longer saves the work of art, as well as our need of a painting that is new and ancient at the same time.<\/p>\n<p>Manos Stefanidis<\/p>\n","protected":false},"excerpt":{"rendered":"<p>Siagris presents an artistic reflection by playing with the look and feel of things and combining a well-designed architectural framework with the enigmatic fluid of a painting that has not yet decided on itself.<\/p>\n<p>Manos Stefanidis<\/p>\n<p>01.01.2014<\/p>\n","protected":false},"featured_media":9424,"template":"","meta":{"ngg_post_thumbnail":0},"product_brand":[],"product_cat":[402,1993,398,1987,2047],"product_tag":[3051,2221,2493,2253,2491],"class_list":{"0":"post-9162","1":"product","2":"type-product","3":"status-publish","4":"has-post-thumbnail","6":"product_cat-art-objects","7":"product_cat-art-objects-shop","8":"product_cat-collections","9":"product_cat-eshop-en","10":"product_cat-wedding-gifts","11":"product_tag-art-objects-en","12":"product_tag-ikastikos-kiklos-sianti-en","13":"product_tag-office-gifts","14":"product_tag-panagiotis-siagreece-en","15":"product_tag-wedding-gifts","16":"product_shipping_class-0-2kg","18":"first","19":"instock","20":"taxable","21":"shipping-taxable","22":"purchasable","23":"product-type-simple"},"yoast_head":"<!-- This site is optimized with the Yoast SEO plugin v27.2 - https:\/\/yoast.com\/product\/yoast-seo-wordpress\/ -->\n<title>Explosion Plexiglas by Panagiotis Siagris at Ikastikos Kiklos Sianti Gallery.<\/title>\n<meta name=\"description\" content=\"Explosion Plexiglas by Panagiotis Siagris at Ikastikos Kiklos Sianti Gallery. Dimensions 20x20 cm and 30 copies.\" \/>\n<meta name=\"robots\" content=\"index, follow, max-snippet:-1, max-image-preview:large, max-video-preview:-1\" \/>\n<link rel=\"canonical\" href=\"https:\/\/ikastikos-kiklos.com\/en\/product\/explosion\/\" \/>\n<meta property=\"og:locale\" content=\"en_US\" \/>\n<meta property=\"og:type\" content=\"article\" \/>\n<meta property=\"og:title\" content=\"Explosion Plexiglas by Panagiotis Siagris at Ikastikos Kiklos Sianti Gallery.\" \/>\n<meta property=\"og:description\" content=\"Explosion Plexiglas by Panagiotis Siagris at Ikastikos Kiklos Sianti Gallery. Dimensions 20x20 cm and 30 copies.\" \/>\n<meta property=\"og:url\" content=\"https:\/\/ikastikos-kiklos.com\/en\/product\/explosion\/\" \/>\n<meta property=\"og:site_name\" content=\"Ikastikos Kiklos - Zografik\u00ed - Metaxotyp\u00edes - T\u00e9chniPainting - Silk Screen - Art\" \/>\n<meta property=\"article:publisher\" content=\"https:\/\/www.facebook.com\/ikastikoskiklossianti\/\" \/>\n<meta property=\"article:modified_time\" content=\"2019-11-14T16:35:53+00:00\" \/>\n<meta property=\"og:image\" content=\"https:\/\/ikastikos-kiklos.com\/wp-content\/uploads\/2018\/01\/Job_5019.jpg\" \/>\n\t<meta property=\"og:image:width\" content=\"900\" \/>\n\t<meta property=\"og:image:height\" content=\"909\" \/>\n\t<meta property=\"og:image:type\" content=\"image\/jpeg\" \/>\n<meta name=\"twitter:card\" content=\"summary_large_image\" \/>\n<meta name=\"twitter:label1\" content=\"Est. reading time\" \/>\n\t<meta name=\"twitter:data1\" content=\"1 minute\" \/>\n<script type=\"application\/ld+json\" class=\"yoast-schema-graph\">{\"@context\":\"https:\/\/schema.org\",\"@graph\":[{\"@type\":\"WebPage\",\"@id\":\"https:\/\/ikastikos-kiklos.com\/en\/product\/explosion\/\",\"url\":\"https:\/\/ikastikos-kiklos.com\/en\/product\/explosion\/\",\"name\":\"Explosion Plexiglas by Panagiotis Siagris at Ikastikos Kiklos Sianti Gallery.\",\"isPartOf\":{\"@id\":\"https:\/\/ikastikos-kiklos.com\/en\/#website\"},\"primaryImageOfPage\":{\"@id\":\"https:\/\/ikastikos-kiklos.com\/en\/product\/explosion\/#primaryimage\"},\"image\":{\"@id\":\"https:\/\/ikastikos-kiklos.com\/en\/product\/explosion\/#primaryimage\"},\"thumbnailUrl\":\"https:\/\/ikastikos-kiklos.com\/wp-content\/uploads\/2018\/01\/Job_5019.jpg\",\"datePublished\":\"2018-01-18T18:23:46+00:00\",\"dateModified\":\"2019-11-14T16:35:53+00:00\",\"description\":\"Explosion Plexiglas by Panagiotis Siagris at Ikastikos Kiklos Sianti Gallery. Dimensions 20x20 cm and 30 copies.\",\"breadcrumb\":{\"@id\":\"https:\/\/ikastikos-kiklos.com\/en\/product\/explosion\/#breadcrumb\"},\"inLanguage\":\"en-US\",\"potentialAction\":[{\"@type\":\"ReadAction\",\"target\":[\"https:\/\/ikastikos-kiklos.com\/en\/product\/explosion\/\"]}]},{\"@type\":\"ImageObject\",\"inLanguage\":\"en-US\",\"@id\":\"https:\/\/ikastikos-kiklos.com\/en\/product\/explosion\/#primaryimage\",\"url\":\"https:\/\/ikastikos-kiklos.com\/wp-content\/uploads\/2018\/01\/Job_5019.jpg\",\"contentUrl\":\"https:\/\/ikastikos-kiklos.com\/wp-content\/uploads\/2018\/01\/Job_5019.jpg\",\"width\":900,\"height\":909,\"caption\":\"Explosion Plexiglas by Panagiotis Siagris at Ikastikos Kiklos Sianti Gallery.\"},{\"@type\":\"BreadcrumbList\",\"@id\":\"https:\/\/ikastikos-kiklos.com\/en\/product\/explosion\/#breadcrumb\",\"itemListElement\":[{\"@type\":\"ListItem\",\"position\":1,\"name\":\"Home\",\"item\":\"https:\/\/ikastikos-kiklos.com\/en\/\"},{\"@type\":\"ListItem\",\"position\":2,\"name\":\"\u0388\u03c1\u03b3\u03b1 \u03c4\u03ad\u03c7\u03bd\u03b7\u03c2\",\"item\":\"https:\/\/ikastikos-kiklos.com\/%ce%ad%cf%81%ce%b3%ce%b1-%cf%84%ce%ad%cf%87%ce%bd%ce%b7%cf%82\/\"},{\"@type\":\"ListItem\",\"position\":3,\"name\":\"Explosion\"}]},{\"@type\":\"WebSite\",\"@id\":\"https:\/\/ikastikos-kiklos.com\/en\/#website\",\"url\":\"https:\/\/ikastikos-kiklos.com\/en\/\",\"name\":\"Ikastikos Kiklos - Zografik\u00ed - Metaxotyp\u00edes - T\u00e9chniPainting - Silk Screen - Art\",\"description\":\"\",\"publisher\":{\"@id\":\"https:\/\/ikastikos-kiklos.com\/en\/#organization\"},\"potentialAction\":[{\"@type\":\"SearchAction\",\"target\":{\"@type\":\"EntryPoint\",\"urlTemplate\":\"https:\/\/ikastikos-kiklos.com\/en\/?s={search_term_string}\"},\"query-input\":{\"@type\":\"PropertyValueSpecification\",\"valueRequired\":true,\"valueName\":\"search_term_string\"}}],\"inLanguage\":\"en-US\"},{\"@type\":\"Organization\",\"@id\":\"https:\/\/ikastikos-kiklos.com\/en\/#organization\",\"name\":\"Ikastikos Kiklos - Zografik\u00ed - Metaxotyp\u00edes - T\u00e9chniPainting - Silk Screen - Art\",\"url\":\"https:\/\/ikastikos-kiklos.com\/en\/\",\"logo\":{\"@type\":\"ImageObject\",\"inLanguage\":\"en-US\",\"@id\":\"https:\/\/ikastikos-kiklos.com\/en\/#\/schema\/logo\/image\/\",\"url\":\"https:\/\/ikastikos-kiklos.com\/wp-content\/uploads\/2022\/10\/cropped-favicon_ikastikos.png\",\"contentUrl\":\"https:\/\/ikastikos-kiklos.com\/wp-content\/uploads\/2022\/10\/cropped-favicon_ikastikos.png\",\"width\":512,\"height\":512,\"caption\":\"Ikastikos Kiklos - Zografik\u00ed - Metaxotyp\u00edes - T\u00e9chniPainting - Silk Screen - Art\"},\"image\":{\"@id\":\"https:\/\/ikastikos-kiklos.com\/en\/#\/schema\/logo\/image\/\"},\"sameAs\":[\"https:\/\/www.facebook.com\/ikastikoskiklossianti\/\"]}]}<\/script>\n<!-- \/ Yoast SEO plugin. -->","yoast_head_json":{"title":"Explosion Plexiglas by Panagiotis Siagris at Ikastikos Kiklos Sianti Gallery.","description":"Explosion Plexiglas by Panagiotis Siagris at Ikastikos Kiklos Sianti Gallery. Dimensions 20x20 cm and 30 copies.","robots":{"index":"index","follow":"follow","max-snippet":"max-snippet:-1","max-image-preview":"max-image-preview:large","max-video-preview":"max-video-preview:-1"},"canonical":"https:\/\/ikastikos-kiklos.com\/en\/product\/explosion\/","og_locale":"en_US","og_type":"article","og_title":"Explosion Plexiglas by Panagiotis Siagris at Ikastikos Kiklos Sianti Gallery.","og_description":"Explosion Plexiglas by Panagiotis Siagris at Ikastikos Kiklos Sianti Gallery. Dimensions 20x20 cm and 30 copies.","og_url":"https:\/\/ikastikos-kiklos.com\/en\/product\/explosion\/","og_site_name":"Ikastikos Kiklos - Zografik\u00ed - Metaxotyp\u00edes - T\u00e9chniPainting - Silk Screen - Art","article_publisher":"https:\/\/www.facebook.com\/ikastikoskiklossianti\/","article_modified_time":"2019-11-14T16:35:53+00:00","og_image":[{"width":900,"height":909,"url":"https:\/\/ikastikos-kiklos.com\/wp-content\/uploads\/2018\/01\/Job_5019.jpg","type":"image\/jpeg"}],"twitter_card":"summary_large_image","twitter_misc":{"Est. reading time":"1 minute"},"schema":{"@context":"https:\/\/schema.org","@graph":[{"@type":"WebPage","@id":"https:\/\/ikastikos-kiklos.com\/en\/product\/explosion\/","url":"https:\/\/ikastikos-kiklos.com\/en\/product\/explosion\/","name":"Explosion Plexiglas by Panagiotis Siagris at Ikastikos Kiklos Sianti Gallery.","isPartOf":{"@id":"https:\/\/ikastikos-kiklos.com\/en\/#website"},"primaryImageOfPage":{"@id":"https:\/\/ikastikos-kiklos.com\/en\/product\/explosion\/#primaryimage"},"image":{"@id":"https:\/\/ikastikos-kiklos.com\/en\/product\/explosion\/#primaryimage"},"thumbnailUrl":"https:\/\/ikastikos-kiklos.com\/wp-content\/uploads\/2018\/01\/Job_5019.jpg","datePublished":"2018-01-18T18:23:46+00:00","dateModified":"2019-11-14T16:35:53+00:00","description":"Explosion Plexiglas by Panagiotis Siagris at Ikastikos Kiklos Sianti Gallery. Dimensions 20x20 cm and 30 copies.","breadcrumb":{"@id":"https:\/\/ikastikos-kiklos.com\/en\/product\/explosion\/#breadcrumb"},"inLanguage":"en-US","potentialAction":[{"@type":"ReadAction","target":["https:\/\/ikastikos-kiklos.com\/en\/product\/explosion\/"]}]},{"@type":"ImageObject","inLanguage":"en-US","@id":"https:\/\/ikastikos-kiklos.com\/en\/product\/explosion\/#primaryimage","url":"https:\/\/ikastikos-kiklos.com\/wp-content\/uploads\/2018\/01\/Job_5019.jpg","contentUrl":"https:\/\/ikastikos-kiklos.com\/wp-content\/uploads\/2018\/01\/Job_5019.jpg","width":900,"height":909,"caption":"Explosion Plexiglas by Panagiotis Siagris at Ikastikos Kiklos Sianti Gallery."},{"@type":"BreadcrumbList","@id":"https:\/\/ikastikos-kiklos.com\/en\/product\/explosion\/#breadcrumb","itemListElement":[{"@type":"ListItem","position":1,"name":"Home","item":"https:\/\/ikastikos-kiklos.com\/en\/"},{"@type":"ListItem","position":2,"name":"\u0388\u03c1\u03b3\u03b1 \u03c4\u03ad\u03c7\u03bd\u03b7\u03c2","item":"https:\/\/ikastikos-kiklos.com\/%ce%ad%cf%81%ce%b3%ce%b1-%cf%84%ce%ad%cf%87%ce%bd%ce%b7%cf%82\/"},{"@type":"ListItem","position":3,"name":"Explosion"}]},{"@type":"WebSite","@id":"https:\/\/ikastikos-kiklos.com\/en\/#website","url":"https:\/\/ikastikos-kiklos.com\/en\/","name":"Ikastikos Kiklos - Zografik\u00ed - Metaxotyp\u00edes - T\u00e9chniPainting - Silk Screen - Art","description":"","publisher":{"@id":"https:\/\/ikastikos-kiklos.com\/en\/#organization"},"potentialAction":[{"@type":"SearchAction","target":{"@type":"EntryPoint","urlTemplate":"https:\/\/ikastikos-kiklos.com\/en\/?s={search_term_string}"},"query-input":{"@type":"PropertyValueSpecification","valueRequired":true,"valueName":"search_term_string"}}],"inLanguage":"en-US"},{"@type":"Organization","@id":"https:\/\/ikastikos-kiklos.com\/en\/#organization","name":"Ikastikos Kiklos - Zografik\u00ed - Metaxotyp\u00edes - T\u00e9chniPainting - Silk Screen - Art","url":"https:\/\/ikastikos-kiklos.com\/en\/","logo":{"@type":"ImageObject","inLanguage":"en-US","@id":"https:\/\/ikastikos-kiklos.com\/en\/#\/schema\/logo\/image\/","url":"https:\/\/ikastikos-kiklos.com\/wp-content\/uploads\/2022\/10\/cropped-favicon_ikastikos.png","contentUrl":"https:\/\/ikastikos-kiklos.com\/wp-content\/uploads\/2022\/10\/cropped-favicon_ikastikos.png","width":512,"height":512,"caption":"Ikastikos Kiklos - Zografik\u00ed - Metaxotyp\u00edes - T\u00e9chniPainting - Silk Screen - Art"},"image":{"@id":"https:\/\/ikastikos-kiklos.com\/en\/#\/schema\/logo\/image\/"},"sameAs":["https:\/\/www.facebook.com\/ikastikoskiklossianti\/"]}]}},"_links":{"self":[{"href":"https:\/\/ikastikos-kiklos.com\/en\/wp-json\/wp\/v2\/product\/9162","targetHints":{"allow":["GET"]}}],"collection":[{"href":"https:\/\/ikastikos-kiklos.com\/en\/wp-json\/wp\/v2\/product"}],"about":[{"href":"https:\/\/ikastikos-kiklos.com\/en\/wp-json\/wp\/v2\/types\/product"}],"wp:featuredmedia":[{"embeddable":true,"href":"https:\/\/ikastikos-kiklos.com\/en\/wp-json\/wp\/v2\/media\/9424"}],"wp:attachment":[{"href":"https:\/\/ikastikos-kiklos.com\/en\/wp-json\/wp\/v2\/media?parent=9162"}],"wp:term":[{"taxonomy":"product_brand","embeddable":true,"href":"https:\/\/ikastikos-kiklos.com\/en\/wp-json\/wp\/v2\/product_brand?post=9162"},{"taxonomy":"product_cat","embeddable":true,"href":"https:\/\/ikastikos-kiklos.com\/en\/wp-json\/wp\/v2\/product_cat?post=9162"},{"taxonomy":"product_tag","embeddable":true,"href":"https:\/\/ikastikos-kiklos.com\/en\/wp-json\/wp\/v2\/product_tag?post=9162"}],"curies":[{"name":"wp","href":"https:\/\/api.w.org\/{rel}","templated":true}]}}