{"id":9157,"date":"2017-09-05T16:37:19","date_gmt":"2018-01-18T18:08:06","guid":{"rendered":"https:\/\/ikastikos-kiklos.com\/?post_type=product&#038;p=9157"},"modified":"2022-01-23T20:33:53","modified_gmt":"2022-01-23T18:33:53","slug":"young-man-horse","status":"publish","type":"product","link":"https:\/\/ikastikos-kiklos.com\/en\/product\/young-man-horse\/","title":{"rendered":"Young Man with a horse"},"content":{"rendered":"<p>He was taught, he says, from reality and nature. &#8220;I do not imitate what I see but the meaning of this thing. When I make a portrait of a man, I try to catch my soul world and not what I see. That&#8217;s why they were telling me, ah, it does not look like that. But when the years passed, the owner of the portrait saw that he looked like that because he had changed his face and had forgotten how it was then. They once filmed me in a video and I when I looked back at myself, I hardly recognized myself.\u00a0 Why do we have a different idea of \u200b\u200bour inner self?<br \/>\nSource: tanea.gr<\/p>\n","protected":false},"excerpt":{"rendered":"<p>Silkscreen hand signed and numbered by Alekos Fassianos. Edition of 99 prints.<\/p>\n<p>Hors d\u2019Commerce(H.C)\u00a0 25 prints.<\/p>\n","protected":false},"featured_media":11590,"template":"","meta":{"ngg_post_thumbnail":0},"product_brand":[],"product_cat":[398,1987,396,1991],"product_tag":[],"class_list":{"0":"post-9157","1":"product","2":"type-product","3":"status-publish","4":"has-post-thumbnail","6":"product_cat-collections","7":"product_cat-eshop-en","8":"product_cat-silkscreens","9":"product_cat-silkscreens-shop","10":"product_shipping_class-0-2kg","12":"first","13":"instock","14":"taxable","15":"shipping-taxable","16":"purchasable","17":"product-type-simple"},"yoast_head":"<!-- This site is optimized with the Yoast SEO plugin v27.2 - https:\/\/yoast.com\/product\/yoast-seo-wordpress\/ -->\n<title>Young Man with a horse Silkscreen by Fassianos Alekos at Ikastikos Kiklos Sianti Gallery<\/title>\n<meta name=\"description\" content=\"Young Man with a horse Silkscreen by Fassianos Alekos at Ikastikos Kiklos Sianti Gallery. Dimensions 45x65 cm and 90 copies numbered and signed.\" \/>\n<meta name=\"robots\" content=\"index, follow, max-snippet:-1, max-image-preview:large, max-video-preview:-1\" \/>\n<link rel=\"canonical\" href=\"https:\/\/ikastikos-kiklos.com\/en\/product\/young-man-horse\/\" \/>\n<meta property=\"og:locale\" content=\"en_US\" \/>\n<meta property=\"og:type\" content=\"article\" \/>\n<meta property=\"og:title\" content=\"Young Man with a horse Silkscreen by Fassianos Alekos at Ikastikos Kiklos Sianti Gallery\" \/>\n<meta property=\"og:description\" content=\"Young Man with a horse Silkscreen by Fassianos Alekos at Ikastikos Kiklos Sianti Gallery. Dimensions 45x65 cm and 90 copies numbered and signed.\" \/>\n<meta property=\"og:url\" content=\"https:\/\/ikastikos-kiklos.com\/en\/product\/young-man-horse\/\" \/>\n<meta property=\"og:site_name\" content=\"Ikastikos Kiklos - Zografik\u00ed - Metaxotyp\u00edes - T\u00e9chniPainting - Silk Screen - Art\" \/>\n<meta property=\"article:publisher\" content=\"https:\/\/www.facebook.com\/ikastikoskiklossianti\/\" \/>\n<meta property=\"article:modified_time\" content=\"2022-01-23T18:33:53+00:00\" \/>\n<meta property=\"og:image\" content=\"https:\/\/ikastikos-kiklos.com\/wp-content\/uploads\/2017\/09\/Job_4165.jpg\" \/>\n\t<meta property=\"og:image:width\" content=\"700\" \/>\n\t<meta property=\"og:image:height\" content=\"1025\" \/>\n\t<meta property=\"og:image:type\" content=\"image\/jpeg\" \/>\n<meta name=\"twitter:card\" content=\"summary_large_image\" \/>\n<meta name=\"twitter:label1\" content=\"Est. reading time\" \/>\n\t<meta name=\"twitter:data1\" content=\"1 minute\" \/>\n<script type=\"application\/ld+json\" class=\"yoast-schema-graph\">{\"@context\":\"https:\/\/schema.org\",\"@graph\":[{\"@type\":\"WebPage\",\"@id\":\"https:\/\/ikastikos-kiklos.com\/en\/product\/young-man-horse\/\",\"url\":\"https:\/\/ikastikos-kiklos.com\/en\/product\/young-man-horse\/\",\"name\":\"Young Man with a horse Silkscreen by Fassianos Alekos at Ikastikos Kiklos Sianti Gallery\",\"isPartOf\":{\"@id\":\"https:\/\/ikastikos-kiklos.com\/en\/#website\"},\"primaryImageOfPage\":{\"@id\":\"https:\/\/ikastikos-kiklos.com\/en\/product\/young-man-horse\/#primaryimage\"},\"image\":{\"@id\":\"https:\/\/ikastikos-kiklos.com\/en\/product\/young-man-horse\/#primaryimage\"},\"thumbnailUrl\":\"https:\/\/ikastikos-kiklos.com\/wp-content\/uploads\/2017\/09\/Job_4165.jpg\",\"datePublished\":\"2018-01-18T18:08:06+00:00\",\"dateModified\":\"2022-01-23T18:33:53+00:00\",\"description\":\"Young Man with a horse Silkscreen by Fassianos Alekos at Ikastikos Kiklos Sianti Gallery. Dimensions 45x65 cm and 90 copies numbered and signed.\",\"breadcrumb\":{\"@id\":\"https:\/\/ikastikos-kiklos.com\/en\/product\/young-man-horse\/#breadcrumb\"},\"inLanguage\":\"en-US\",\"potentialAction\":[{\"@type\":\"ReadAction\",\"target\":[\"https:\/\/ikastikos-kiklos.com\/en\/product\/young-man-horse\/\"]}]},{\"@type\":\"ImageObject\",\"inLanguage\":\"en-US\",\"@id\":\"https:\/\/ikastikos-kiklos.com\/en\/product\/young-man-horse\/#primaryimage\",\"url\":\"https:\/\/ikastikos-kiklos.com\/wp-content\/uploads\/2017\/09\/Job_4165.jpg\",\"contentUrl\":\"https:\/\/ikastikos-kiklos.com\/wp-content\/uploads\/2017\/09\/Job_4165.jpg\",\"width\":700,\"height\":1025,\"caption\":\"\u039d\u03ad\u03bf\u03c2 \u03bc\u03b5 \u0386\u03bb\u03bf\u03b3\u03bf \u039c\u03b5\u03c4\u03b1\u03be\u03bf\u03c4\u03c5\u03c0\u03af\u03b1 \u03c4\u03bf\u03c5 \u0391\u03bb\u03ad\u03ba\u03bf\u03c5 \u03a6\u03b1\u03c3\u03b9\u03b1\u03bd\u03bf\u03cd \u03c3\u03c4\u03bf\u03bd \u0395\u03b9\u03ba\u03b1\u03c3\u03c4\u03b9\u03ba\u03cc \u039a\u03cd\u03ba\u03bb\u03bf Sianti\"},{\"@type\":\"BreadcrumbList\",\"@id\":\"https:\/\/ikastikos-kiklos.com\/en\/product\/young-man-horse\/#breadcrumb\",\"itemListElement\":[{\"@type\":\"ListItem\",\"position\":1,\"name\":\"Home\",\"item\":\"https:\/\/ikastikos-kiklos.com\/en\/\"},{\"@type\":\"ListItem\",\"position\":2,\"name\":\"\u0388\u03c1\u03b3\u03b1 \u03c4\u03ad\u03c7\u03bd\u03b7\u03c2\",\"item\":\"https:\/\/ikastikos-kiklos.com\/%ce%ad%cf%81%ce%b3%ce%b1-%cf%84%ce%ad%cf%87%ce%bd%ce%b7%cf%82\/\"},{\"@type\":\"ListItem\",\"position\":3,\"name\":\"Young Man with a horse\"}]},{\"@type\":\"WebSite\",\"@id\":\"https:\/\/ikastikos-kiklos.com\/en\/#website\",\"url\":\"https:\/\/ikastikos-kiklos.com\/en\/\",\"name\":\"Ikastikos Kiklos - Zografik\u00ed - Metaxotyp\u00edes - T\u00e9chniPainting - Silk Screen - Art\",\"description\":\"\",\"publisher\":{\"@id\":\"https:\/\/ikastikos-kiklos.com\/en\/#organization\"},\"potentialAction\":[{\"@type\":\"SearchAction\",\"target\":{\"@type\":\"EntryPoint\",\"urlTemplate\":\"https:\/\/ikastikos-kiklos.com\/en\/?s={search_term_string}\"},\"query-input\":{\"@type\":\"PropertyValueSpecification\",\"valueRequired\":true,\"valueName\":\"search_term_string\"}}],\"inLanguage\":\"en-US\"},{\"@type\":\"Organization\",\"@id\":\"https:\/\/ikastikos-kiklos.com\/en\/#organization\",\"name\":\"Ikastikos Kiklos - Zografik\u00ed - Metaxotyp\u00edes - T\u00e9chniPainting - Silk Screen - Art\",\"url\":\"https:\/\/ikastikos-kiklos.com\/en\/\",\"logo\":{\"@type\":\"ImageObject\",\"inLanguage\":\"en-US\",\"@id\":\"https:\/\/ikastikos-kiklos.com\/en\/#\/schema\/logo\/image\/\",\"url\":\"https:\/\/ikastikos-kiklos.com\/wp-content\/uploads\/2022\/10\/cropped-favicon_ikastikos.png\",\"contentUrl\":\"https:\/\/ikastikos-kiklos.com\/wp-content\/uploads\/2022\/10\/cropped-favicon_ikastikos.png\",\"width\":512,\"height\":512,\"caption\":\"Ikastikos Kiklos - Zografik\u00ed - Metaxotyp\u00edes - T\u00e9chniPainting - Silk Screen - Art\"},\"image\":{\"@id\":\"https:\/\/ikastikos-kiklos.com\/en\/#\/schema\/logo\/image\/\"},\"sameAs\":[\"https:\/\/www.facebook.com\/ikastikoskiklossianti\/\"]}]}<\/script>\n<!-- \/ Yoast SEO plugin. -->","yoast_head_json":{"title":"Young Man with a horse Silkscreen by Fassianos Alekos at Ikastikos Kiklos Sianti Gallery","description":"Young Man with a horse Silkscreen by Fassianos Alekos at Ikastikos Kiklos Sianti Gallery. Dimensions 45x65 cm and 90 copies numbered and signed.","robots":{"index":"index","follow":"follow","max-snippet":"max-snippet:-1","max-image-preview":"max-image-preview:large","max-video-preview":"max-video-preview:-1"},"canonical":"https:\/\/ikastikos-kiklos.com\/en\/product\/young-man-horse\/","og_locale":"en_US","og_type":"article","og_title":"Young Man with a horse Silkscreen by Fassianos Alekos at Ikastikos Kiklos Sianti Gallery","og_description":"Young Man with a horse Silkscreen by Fassianos Alekos at Ikastikos Kiklos Sianti Gallery. Dimensions 45x65 cm and 90 copies numbered and signed.","og_url":"https:\/\/ikastikos-kiklos.com\/en\/product\/young-man-horse\/","og_site_name":"Ikastikos Kiklos - Zografik\u00ed - Metaxotyp\u00edes - T\u00e9chniPainting - Silk Screen - Art","article_publisher":"https:\/\/www.facebook.com\/ikastikoskiklossianti\/","article_modified_time":"2022-01-23T18:33:53+00:00","og_image":[{"width":700,"height":1025,"url":"https:\/\/ikastikos-kiklos.com\/wp-content\/uploads\/2017\/09\/Job_4165.jpg","type":"image\/jpeg"}],"twitter_card":"summary_large_image","twitter_misc":{"Est. reading time":"1 minute"},"schema":{"@context":"https:\/\/schema.org","@graph":[{"@type":"WebPage","@id":"https:\/\/ikastikos-kiklos.com\/en\/product\/young-man-horse\/","url":"https:\/\/ikastikos-kiklos.com\/en\/product\/young-man-horse\/","name":"Young Man with a horse Silkscreen by Fassianos Alekos at Ikastikos Kiklos Sianti Gallery","isPartOf":{"@id":"https:\/\/ikastikos-kiklos.com\/en\/#website"},"primaryImageOfPage":{"@id":"https:\/\/ikastikos-kiklos.com\/en\/product\/young-man-horse\/#primaryimage"},"image":{"@id":"https:\/\/ikastikos-kiklos.com\/en\/product\/young-man-horse\/#primaryimage"},"thumbnailUrl":"https:\/\/ikastikos-kiklos.com\/wp-content\/uploads\/2017\/09\/Job_4165.jpg","datePublished":"2018-01-18T18:08:06+00:00","dateModified":"2022-01-23T18:33:53+00:00","description":"Young Man with a horse Silkscreen by Fassianos Alekos at Ikastikos Kiklos Sianti Gallery. Dimensions 45x65 cm and 90 copies numbered and signed.","breadcrumb":{"@id":"https:\/\/ikastikos-kiklos.com\/en\/product\/young-man-horse\/#breadcrumb"},"inLanguage":"en-US","potentialAction":[{"@type":"ReadAction","target":["https:\/\/ikastikos-kiklos.com\/en\/product\/young-man-horse\/"]}]},{"@type":"ImageObject","inLanguage":"en-US","@id":"https:\/\/ikastikos-kiklos.com\/en\/product\/young-man-horse\/#primaryimage","url":"https:\/\/ikastikos-kiklos.com\/wp-content\/uploads\/2017\/09\/Job_4165.jpg","contentUrl":"https:\/\/ikastikos-kiklos.com\/wp-content\/uploads\/2017\/09\/Job_4165.jpg","width":700,"height":1025,"caption":"\u039d\u03ad\u03bf\u03c2 \u03bc\u03b5 \u0386\u03bb\u03bf\u03b3\u03bf \u039c\u03b5\u03c4\u03b1\u03be\u03bf\u03c4\u03c5\u03c0\u03af\u03b1 \u03c4\u03bf\u03c5 \u0391\u03bb\u03ad\u03ba\u03bf\u03c5 \u03a6\u03b1\u03c3\u03b9\u03b1\u03bd\u03bf\u03cd \u03c3\u03c4\u03bf\u03bd \u0395\u03b9\u03ba\u03b1\u03c3\u03c4\u03b9\u03ba\u03cc \u039a\u03cd\u03ba\u03bb\u03bf Sianti"},{"@type":"BreadcrumbList","@id":"https:\/\/ikastikos-kiklos.com\/en\/product\/young-man-horse\/#breadcrumb","itemListElement":[{"@type":"ListItem","position":1,"name":"Home","item":"https:\/\/ikastikos-kiklos.com\/en\/"},{"@type":"ListItem","position":2,"name":"\u0388\u03c1\u03b3\u03b1 \u03c4\u03ad\u03c7\u03bd\u03b7\u03c2","item":"https:\/\/ikastikos-kiklos.com\/%ce%ad%cf%81%ce%b3%ce%b1-%cf%84%ce%ad%cf%87%ce%bd%ce%b7%cf%82\/"},{"@type":"ListItem","position":3,"name":"Young Man with a horse"}]},{"@type":"WebSite","@id":"https:\/\/ikastikos-kiklos.com\/en\/#website","url":"https:\/\/ikastikos-kiklos.com\/en\/","name":"Ikastikos Kiklos - Zografik\u00ed - Metaxotyp\u00edes - T\u00e9chniPainting - Silk Screen - Art","description":"","publisher":{"@id":"https:\/\/ikastikos-kiklos.com\/en\/#organization"},"potentialAction":[{"@type":"SearchAction","target":{"@type":"EntryPoint","urlTemplate":"https:\/\/ikastikos-kiklos.com\/en\/?s={search_term_string}"},"query-input":{"@type":"PropertyValueSpecification","valueRequired":true,"valueName":"search_term_string"}}],"inLanguage":"en-US"},{"@type":"Organization","@id":"https:\/\/ikastikos-kiklos.com\/en\/#organization","name":"Ikastikos Kiklos - Zografik\u00ed - Metaxotyp\u00edes - T\u00e9chniPainting - Silk Screen - Art","url":"https:\/\/ikastikos-kiklos.com\/en\/","logo":{"@type":"ImageObject","inLanguage":"en-US","@id":"https:\/\/ikastikos-kiklos.com\/en\/#\/schema\/logo\/image\/","url":"https:\/\/ikastikos-kiklos.com\/wp-content\/uploads\/2022\/10\/cropped-favicon_ikastikos.png","contentUrl":"https:\/\/ikastikos-kiklos.com\/wp-content\/uploads\/2022\/10\/cropped-favicon_ikastikos.png","width":512,"height":512,"caption":"Ikastikos Kiklos - Zografik\u00ed - Metaxotyp\u00edes - T\u00e9chniPainting - Silk Screen - Art"},"image":{"@id":"https:\/\/ikastikos-kiklos.com\/en\/#\/schema\/logo\/image\/"},"sameAs":["https:\/\/www.facebook.com\/ikastikoskiklossianti\/"]}]}},"_links":{"self":[{"href":"https:\/\/ikastikos-kiklos.com\/en\/wp-json\/wp\/v2\/product\/9157","targetHints":{"allow":["GET"]}}],"collection":[{"href":"https:\/\/ikastikos-kiklos.com\/en\/wp-json\/wp\/v2\/product"}],"about":[{"href":"https:\/\/ikastikos-kiklos.com\/en\/wp-json\/wp\/v2\/types\/product"}],"wp:featuredmedia":[{"embeddable":true,"href":"https:\/\/ikastikos-kiklos.com\/en\/wp-json\/wp\/v2\/media\/11590"}],"wp:attachment":[{"href":"https:\/\/ikastikos-kiklos.com\/en\/wp-json\/wp\/v2\/media?parent=9157"}],"wp:term":[{"taxonomy":"product_brand","embeddable":true,"href":"https:\/\/ikastikos-kiklos.com\/en\/wp-json\/wp\/v2\/product_brand?post=9157"},{"taxonomy":"product_cat","embeddable":true,"href":"https:\/\/ikastikos-kiklos.com\/en\/wp-json\/wp\/v2\/product_cat?post=9157"},{"taxonomy":"product_tag","embeddable":true,"href":"https:\/\/ikastikos-kiklos.com\/en\/wp-json\/wp\/v2\/product_tag?post=9157"}],"curies":[{"name":"wp","href":"https:\/\/api.w.org\/{rel}","templated":true}]}}