{"id":9156,"date":"2018-01-18T19:53:27","date_gmt":"2018-01-18T17:53:27","guid":{"rendered":"https:\/\/ikastikos-kiklos.com\/?post_type=product&#038;p=9156"},"modified":"2026-01-26T00:35:25","modified_gmt":"2026-01-25T22:35:25","slug":"imprint-box","status":"publish","type":"product","link":"https:\/\/ikastikos-kiklos.com\/en\/product\/imprint-box\/","title":{"rendered":"Imprint box"},"content":{"rendered":"<p>&#8220;&#8230; It is primarily what James Joyes said that emotion in art involves feelings that have not been accomplished &#8230; Christina Sarantopoulou has long been on this road of overcoming. She is concerned about what can be considered&nbsp;&#8220;sculpture&#8221;&nbsp;today and grasps its work with a number of conceptual features and communication possibilities. It puts forward as a proposal a complete methodological system of expressive process and exhausts, based on this, any given idea. Its intention is to reduce the individual to a whole, documented plastic and research ideologically. From the sculpture unit to the &#8220;world&#8221; of the sculpture the path can be one or many. However, the result is legitimized only by the validity of the induction system. From the trace, from the indication, from the moral &#8220;implying&#8221; to the ultimate end, the fullness of the intellectual conclusion. From the fingerprint &#8211; the primary, heart-shaped form of the drawing &#8211; to the perforated, iron spheres of the sculptural impressions, the induction system remains one. The trail is completed and filed, while the process is legalized. Having conquered this basic idea, Sarantopoulou has a variety of alternative possibilities, sometimes by setting up her iron-prints as perforated levels with an aura contour, sometimes classifying the individual in a trail environment, sometimes &#8220;writing&#8221; with the filings on the iron , sometimes &#8220;annihilates&#8221; its iron material to extract the minimum unit and restart from scratch, sometimes playing with its compact and transparent form making various meta-numerical combinations. Thus, Sarantopoulou exhausts the possibilities of the material, without, however, exhausting or tiring the basic idea that supports these formations. Ultimately, the form, so elaborated, differentiates sense-perceived knowledge from meaningful knowledge, that is, from &#8220;understanding&#8221;. \u00bb<\/p>\n<p>Manos Stefanidis<br \/>\nArt Historian<\/p>\n","protected":false},"excerpt":{"rendered":"<p>Narrative and at the same time subtractive aesthetic suggestions in the shear shape of artistic variations and retrospectives mapping a complex image of plastic tumors as a distant recollection of the primordial undivided unity and as moving vibrant organisms, amorphous, non-modal, changing, building a new morality for the human effort and its pace.<\/p>\n<p>Thalia Stefanidou<br \/>\nHistorian \/ Art Critic-Curator<\/p>\n","protected":false},"featured_media":12630,"template":"","meta":{"ngg_post_thumbnail":0},"product_brand":[],"product_cat":[398,1987,399,1988,2047],"product_tag":[2406,3061,2491],"class_list":{"0":"post-9156","1":"product","2":"type-product","3":"status-publish","4":"has-post-thumbnail","6":"product_cat-collections","7":"product_cat-eshop-en","8":"product_cat-microsculpture","9":"product_cat-microsculpture-shop","10":"product_cat-wedding-gifts","11":"product_tag-box-fingerprint","12":"product_tag-christina-sarantopoulou","13":"product_tag-wedding-gifts","14":"product_shipping_class-0-2kg","16":"first","17":"instock","18":"taxable","19":"shipping-taxable","20":"purchasable","21":"product-type-simple"},"yoast_head":"<!-- This site is optimized with the Yoast SEO plugin v27.2 - https:\/\/yoast.com\/product\/yoast-seo-wordpress\/ -->\n<title>Imprint box by Sculptor Sarantopoulou Christina at Ikastikos Kiklos Sianti Gallery.<\/title>\n<meta name=\"description\" content=\"Imprint box by Sculptor Sarantopoulou Christina at Ikastikos Kiklos Sianti Gallery. Dimensions 16 x 11,5 x 4,5 cm\" \/>\n<meta name=\"robots\" content=\"index, follow, max-snippet:-1, max-image-preview:large, max-video-preview:-1\" \/>\n<link rel=\"canonical\" href=\"https:\/\/ikastikos-kiklos.com\/en\/product\/imprint-box\/\" \/>\n<meta property=\"og:locale\" content=\"en_US\" \/>\n<meta property=\"og:type\" content=\"article\" \/>\n<meta property=\"og:title\" content=\"Imprint box by Sculptor Sarantopoulou Christina at Ikastikos Kiklos Sianti Gallery.\" \/>\n<meta property=\"og:description\" content=\"Imprint box by Sculptor Sarantopoulou Christina at Ikastikos Kiklos Sianti Gallery. Dimensions 16 x 11,5 x 4,5 cm\" \/>\n<meta property=\"og:url\" content=\"https:\/\/ikastikos-kiklos.com\/en\/product\/imprint-box\/\" \/>\n<meta property=\"og:site_name\" content=\"Ikastikos Kiklos - Zografik\u00ed - Metaxotyp\u00edes - T\u00e9chniPainting - Silk Screen - Art\" \/>\n<meta property=\"article:publisher\" content=\"https:\/\/www.facebook.com\/ikastikoskiklossianti\/\" \/>\n<meta property=\"article:modified_time\" content=\"2026-01-25T22:35:25+00:00\" \/>\n<meta property=\"og:image\" content=\"https:\/\/ikastikos-kiklos.com\/wp-content\/uploads\/2017\/09\/\u039c10-15.jpg\" \/>\n\t<meta property=\"og:image:width\" content=\"900\" \/>\n\t<meta property=\"og:image:height\" content=\"612\" \/>\n\t<meta property=\"og:image:type\" content=\"image\/jpeg\" \/>\n<meta name=\"twitter:card\" content=\"summary_large_image\" \/>\n<meta name=\"twitter:label1\" content=\"Est. reading time\" \/>\n\t<meta name=\"twitter:data1\" content=\"2 minutes\" \/>\n<script type=\"application\/ld+json\" class=\"yoast-schema-graph\">{\"@context\":\"https:\/\/schema.org\",\"@graph\":[{\"@type\":\"WebPage\",\"@id\":\"https:\/\/ikastikos-kiklos.com\/en\/product\/imprint-box\/\",\"url\":\"https:\/\/ikastikos-kiklos.com\/en\/product\/imprint-box\/\",\"name\":\"Imprint box by Sculptor Sarantopoulou Christina at Ikastikos Kiklos Sianti Gallery.\",\"isPartOf\":{\"@id\":\"https:\/\/ikastikos-kiklos.com\/en\/#website\"},\"primaryImageOfPage\":{\"@id\":\"https:\/\/ikastikos-kiklos.com\/en\/product\/imprint-box\/#primaryimage\"},\"image\":{\"@id\":\"https:\/\/ikastikos-kiklos.com\/en\/product\/imprint-box\/#primaryimage\"},\"thumbnailUrl\":\"https:\/\/ikastikos-kiklos.com\/wp-content\/uploads\/2017\/09\/\u039c10-15.jpg\",\"datePublished\":\"2018-01-18T17:53:27+00:00\",\"dateModified\":\"2026-01-25T22:35:25+00:00\",\"description\":\"Imprint box by Sculptor Sarantopoulou Christina at Ikastikos Kiklos Sianti Gallery. Dimensions 16 x 11,5 x 4,5 cm\",\"breadcrumb\":{\"@id\":\"https:\/\/ikastikos-kiklos.com\/en\/product\/imprint-box\/#breadcrumb\"},\"inLanguage\":\"en-US\",\"potentialAction\":[{\"@type\":\"ReadAction\",\"target\":[\"https:\/\/ikastikos-kiklos.com\/en\/product\/imprint-box\/\"]}]},{\"@type\":\"ImageObject\",\"inLanguage\":\"en-US\",\"@id\":\"https:\/\/ikastikos-kiklos.com\/en\/product\/imprint-box\/#primaryimage\",\"url\":\"https:\/\/ikastikos-kiklos.com\/wp-content\/uploads\/2017\/09\/\u039c10-15.jpg\",\"contentUrl\":\"https:\/\/ikastikos-kiklos.com\/wp-content\/uploads\/2017\/09\/\u039c10-15.jpg\",\"width\":900,\"height\":612,\"caption\":\"\u039a\u03bf\u03c5\u03c4\u03af \u0391\u03c0\u03bf\u03c4\u03cd\u03c0\u03c9\u03bc\u03b1 \u03b1\u03c0\u03cc \u03c4\u03b7\u03bd \u0393\u03bb\u03cd\u03c0\u03c4\u03c1\u03b9\u03b1 \u03a7\u03c1\u03b9\u03c3\u03c4\u03af\u03bd\u03b1 \u03a3\u03b1\u03c1\u03b1\u03bd\u03c4\u03bf\u03c0\u03bf\u03cd\u03bb\u03bf\u03c5\"},{\"@type\":\"BreadcrumbList\",\"@id\":\"https:\/\/ikastikos-kiklos.com\/en\/product\/imprint-box\/#breadcrumb\",\"itemListElement\":[{\"@type\":\"ListItem\",\"position\":1,\"name\":\"Home\",\"item\":\"https:\/\/ikastikos-kiklos.com\/en\/\"},{\"@type\":\"ListItem\",\"position\":2,\"name\":\"\u0388\u03c1\u03b3\u03b1 \u03c4\u03ad\u03c7\u03bd\u03b7\u03c2\",\"item\":\"https:\/\/ikastikos-kiklos.com\/%ce%ad%cf%81%ce%b3%ce%b1-%cf%84%ce%ad%cf%87%ce%bd%ce%b7%cf%82\/\"},{\"@type\":\"ListItem\",\"position\":3,\"name\":\"Imprint box\"}]},{\"@type\":\"WebSite\",\"@id\":\"https:\/\/ikastikos-kiklos.com\/en\/#website\",\"url\":\"https:\/\/ikastikos-kiklos.com\/en\/\",\"name\":\"Ikastikos Kiklos - Zografik\u00ed - Metaxotyp\u00edes - T\u00e9chniPainting - Silk Screen - Art\",\"description\":\"\",\"publisher\":{\"@id\":\"https:\/\/ikastikos-kiklos.com\/en\/#organization\"},\"potentialAction\":[{\"@type\":\"SearchAction\",\"target\":{\"@type\":\"EntryPoint\",\"urlTemplate\":\"https:\/\/ikastikos-kiklos.com\/en\/?s={search_term_string}\"},\"query-input\":{\"@type\":\"PropertyValueSpecification\",\"valueRequired\":true,\"valueName\":\"search_term_string\"}}],\"inLanguage\":\"en-US\"},{\"@type\":\"Organization\",\"@id\":\"https:\/\/ikastikos-kiklos.com\/en\/#organization\",\"name\":\"Ikastikos Kiklos - Zografik\u00ed - Metaxotyp\u00edes - T\u00e9chniPainting - Silk Screen - Art\",\"url\":\"https:\/\/ikastikos-kiklos.com\/en\/\",\"logo\":{\"@type\":\"ImageObject\",\"inLanguage\":\"en-US\",\"@id\":\"https:\/\/ikastikos-kiklos.com\/en\/#\/schema\/logo\/image\/\",\"url\":\"https:\/\/ikastikos-kiklos.com\/wp-content\/uploads\/2022\/10\/cropped-favicon_ikastikos.png\",\"contentUrl\":\"https:\/\/ikastikos-kiklos.com\/wp-content\/uploads\/2022\/10\/cropped-favicon_ikastikos.png\",\"width\":512,\"height\":512,\"caption\":\"Ikastikos Kiklos - Zografik\u00ed - Metaxotyp\u00edes - T\u00e9chniPainting - Silk Screen - Art\"},\"image\":{\"@id\":\"https:\/\/ikastikos-kiklos.com\/en\/#\/schema\/logo\/image\/\"},\"sameAs\":[\"https:\/\/www.facebook.com\/ikastikoskiklossianti\/\"]}]}<\/script>\n<!-- \/ Yoast SEO plugin. -->","yoast_head_json":{"title":"Imprint box by Sculptor Sarantopoulou Christina at Ikastikos Kiklos Sianti Gallery.","description":"Imprint box by Sculptor Sarantopoulou Christina at Ikastikos Kiklos Sianti Gallery. Dimensions 16 x 11,5 x 4,5 cm","robots":{"index":"index","follow":"follow","max-snippet":"max-snippet:-1","max-image-preview":"max-image-preview:large","max-video-preview":"max-video-preview:-1"},"canonical":"https:\/\/ikastikos-kiklos.com\/en\/product\/imprint-box\/","og_locale":"en_US","og_type":"article","og_title":"Imprint box by Sculptor Sarantopoulou Christina at Ikastikos Kiklos Sianti Gallery.","og_description":"Imprint box by Sculptor Sarantopoulou Christina at Ikastikos Kiklos Sianti Gallery. Dimensions 16 x 11,5 x 4,5 cm","og_url":"https:\/\/ikastikos-kiklos.com\/en\/product\/imprint-box\/","og_site_name":"Ikastikos Kiklos - Zografik\u00ed - Metaxotyp\u00edes - T\u00e9chniPainting - Silk Screen - Art","article_publisher":"https:\/\/www.facebook.com\/ikastikoskiklossianti\/","article_modified_time":"2026-01-25T22:35:25+00:00","og_image":[{"width":900,"height":612,"url":"https:\/\/ikastikos-kiklos.com\/wp-content\/uploads\/2017\/09\/\u039c10-15.jpg","type":"image\/jpeg"}],"twitter_card":"summary_large_image","twitter_misc":{"Est. reading time":"2 minutes"},"schema":{"@context":"https:\/\/schema.org","@graph":[{"@type":"WebPage","@id":"https:\/\/ikastikos-kiklos.com\/en\/product\/imprint-box\/","url":"https:\/\/ikastikos-kiklos.com\/en\/product\/imprint-box\/","name":"Imprint box by Sculptor Sarantopoulou Christina at Ikastikos Kiklos Sianti Gallery.","isPartOf":{"@id":"https:\/\/ikastikos-kiklos.com\/en\/#website"},"primaryImageOfPage":{"@id":"https:\/\/ikastikos-kiklos.com\/en\/product\/imprint-box\/#primaryimage"},"image":{"@id":"https:\/\/ikastikos-kiklos.com\/en\/product\/imprint-box\/#primaryimage"},"thumbnailUrl":"https:\/\/ikastikos-kiklos.com\/wp-content\/uploads\/2017\/09\/\u039c10-15.jpg","datePublished":"2018-01-18T17:53:27+00:00","dateModified":"2026-01-25T22:35:25+00:00","description":"Imprint box by Sculptor Sarantopoulou Christina at Ikastikos Kiklos Sianti Gallery. Dimensions 16 x 11,5 x 4,5 cm","breadcrumb":{"@id":"https:\/\/ikastikos-kiklos.com\/en\/product\/imprint-box\/#breadcrumb"},"inLanguage":"en-US","potentialAction":[{"@type":"ReadAction","target":["https:\/\/ikastikos-kiklos.com\/en\/product\/imprint-box\/"]}]},{"@type":"ImageObject","inLanguage":"en-US","@id":"https:\/\/ikastikos-kiklos.com\/en\/product\/imprint-box\/#primaryimage","url":"https:\/\/ikastikos-kiklos.com\/wp-content\/uploads\/2017\/09\/\u039c10-15.jpg","contentUrl":"https:\/\/ikastikos-kiklos.com\/wp-content\/uploads\/2017\/09\/\u039c10-15.jpg","width":900,"height":612,"caption":"\u039a\u03bf\u03c5\u03c4\u03af \u0391\u03c0\u03bf\u03c4\u03cd\u03c0\u03c9\u03bc\u03b1 \u03b1\u03c0\u03cc \u03c4\u03b7\u03bd \u0393\u03bb\u03cd\u03c0\u03c4\u03c1\u03b9\u03b1 \u03a7\u03c1\u03b9\u03c3\u03c4\u03af\u03bd\u03b1 \u03a3\u03b1\u03c1\u03b1\u03bd\u03c4\u03bf\u03c0\u03bf\u03cd\u03bb\u03bf\u03c5"},{"@type":"BreadcrumbList","@id":"https:\/\/ikastikos-kiklos.com\/en\/product\/imprint-box\/#breadcrumb","itemListElement":[{"@type":"ListItem","position":1,"name":"Home","item":"https:\/\/ikastikos-kiklos.com\/en\/"},{"@type":"ListItem","position":2,"name":"\u0388\u03c1\u03b3\u03b1 \u03c4\u03ad\u03c7\u03bd\u03b7\u03c2","item":"https:\/\/ikastikos-kiklos.com\/%ce%ad%cf%81%ce%b3%ce%b1-%cf%84%ce%ad%cf%87%ce%bd%ce%b7%cf%82\/"},{"@type":"ListItem","position":3,"name":"Imprint box"}]},{"@type":"WebSite","@id":"https:\/\/ikastikos-kiklos.com\/en\/#website","url":"https:\/\/ikastikos-kiklos.com\/en\/","name":"Ikastikos Kiklos - Zografik\u00ed - Metaxotyp\u00edes - T\u00e9chniPainting - Silk Screen - Art","description":"","publisher":{"@id":"https:\/\/ikastikos-kiklos.com\/en\/#organization"},"potentialAction":[{"@type":"SearchAction","target":{"@type":"EntryPoint","urlTemplate":"https:\/\/ikastikos-kiklos.com\/en\/?s={search_term_string}"},"query-input":{"@type":"PropertyValueSpecification","valueRequired":true,"valueName":"search_term_string"}}],"inLanguage":"en-US"},{"@type":"Organization","@id":"https:\/\/ikastikos-kiklos.com\/en\/#organization","name":"Ikastikos Kiklos - Zografik\u00ed - Metaxotyp\u00edes - T\u00e9chniPainting - Silk Screen - Art","url":"https:\/\/ikastikos-kiklos.com\/en\/","logo":{"@type":"ImageObject","inLanguage":"en-US","@id":"https:\/\/ikastikos-kiklos.com\/en\/#\/schema\/logo\/image\/","url":"https:\/\/ikastikos-kiklos.com\/wp-content\/uploads\/2022\/10\/cropped-favicon_ikastikos.png","contentUrl":"https:\/\/ikastikos-kiklos.com\/wp-content\/uploads\/2022\/10\/cropped-favicon_ikastikos.png","width":512,"height":512,"caption":"Ikastikos Kiklos - Zografik\u00ed - Metaxotyp\u00edes - T\u00e9chniPainting - Silk Screen - Art"},"image":{"@id":"https:\/\/ikastikos-kiklos.com\/en\/#\/schema\/logo\/image\/"},"sameAs":["https:\/\/www.facebook.com\/ikastikoskiklossianti\/"]}]}},"_links":{"self":[{"href":"https:\/\/ikastikos-kiklos.com\/en\/wp-json\/wp\/v2\/product\/9156","targetHints":{"allow":["GET"]}}],"collection":[{"href":"https:\/\/ikastikos-kiklos.com\/en\/wp-json\/wp\/v2\/product"}],"about":[{"href":"https:\/\/ikastikos-kiklos.com\/en\/wp-json\/wp\/v2\/types\/product"}],"wp:featuredmedia":[{"embeddable":true,"href":"https:\/\/ikastikos-kiklos.com\/en\/wp-json\/wp\/v2\/media\/12630"}],"wp:attachment":[{"href":"https:\/\/ikastikos-kiklos.com\/en\/wp-json\/wp\/v2\/media?parent=9156"}],"wp:term":[{"taxonomy":"product_brand","embeddable":true,"href":"https:\/\/ikastikos-kiklos.com\/en\/wp-json\/wp\/v2\/product_brand?post=9156"},{"taxonomy":"product_cat","embeddable":true,"href":"https:\/\/ikastikos-kiklos.com\/en\/wp-json\/wp\/v2\/product_cat?post=9156"},{"taxonomy":"product_tag","embeddable":true,"href":"https:\/\/ikastikos-kiklos.com\/en\/wp-json\/wp\/v2\/product_tag?post=9156"}],"curies":[{"name":"wp","href":"https:\/\/api.w.org\/{rel}","templated":true}]}}