{"id":9094,"date":"2018-01-17T22:56:08","date_gmt":"2018-01-17T20:56:08","guid":{"rendered":"https:\/\/ikastikos-kiklos.com\/?post_type=product&#038;p=9094"},"modified":"2020-08-04T16:28:57","modified_gmt":"2020-08-04T13:28:57","slug":"seated-and-blindfolded","status":"publish","type":"product","link":"https:\/\/ikastikos-kiklos.com\/en\/product\/seated-and-blindfolded\/","title":{"rendered":"Seated and Blindfolded"},"content":{"rendered":"<h1>Seated and Blindfolded<\/h1>\n<p><iframe loading=\"lazy\" title=\"Global Graffiti Project: Cacao Rocks and Olga Alexopoulou\" width=\"1220\" height=\"686\" src=\"https:\/\/www.youtube.com\/embed\/PQUMUalovvk?feature=oembed\" frameborder=\"0\" allow=\"accelerometer; autoplay; clipboard-write; encrypted-media; gyroscope; picture-in-picture\" allowfullscreen><\/iframe><\/p>\n<p>I&#8217;m afraid my story isn&#8217;t particularly &#8220;cool&#8221; &#8230; When I was still in school, I was passionate about environmental ideals&#8230; and so through my need to express that, I started painting these cartoons that were urging people to stop destroying the planet. It was years before social media, came about, back in the day when if you wanted to share a message uou had to write it on an actual wall. Olga Alexopoulou<\/p>\n","protected":false},"excerpt":{"rendered":"<p>Gicl\u00e9e hand signed and numbered by Olga Alexopoulou. Edition of 10 prints. Presented in the exhibition <a href=\"https:\/\/ikastikos-kiklos.com\/en\/art-streets-world\/\">&#8220;Art on the Streets of the World&#8221;<\/a><\/p>\n<p>The original work is located at&nbsp;the University of Michigan, Ann Arbor, USA 2017<\/p>\n","protected":false},"featured_media":9346,"template":"","meta":{"ngg_post_thumbnail":0},"product_brand":[],"product_cat":[1987,1991,2046],"product_tag":[1068,2327,2319],"class_list":{"0":"post-9094","1":"product","2":"type-product","3":"status-publish","4":"has-post-thumbnail","6":"product_cat-eshop-en","7":"product_cat-silkscreens-shop","8":"product_cat-street-art-en","9":"product_tag-giclee","10":"product_tag-olga-alexopoulou","11":"product_tag-street-art-en","12":"product_shipping_class-0-2kg","14":"first","15":"instock","16":"taxable","17":"shipping-taxable","18":"purchasable","19":"product-type-simple"},"yoast_head":"<!-- This site is optimized with the Yoast SEO plugin v27.4 - https:\/\/yoast.com\/product\/yoast-seo-wordpress\/ -->\n<title>Seated and Blindfolded Silkscreen by Olga Alexopoulou at Ikastikos Kiklos Sianti Gallery.<\/title>\n<meta name=\"description\" content=\"Seated and Blindfolded Silkscreen by Olga Alexopoulou at Ikastikos Kiklos Sianti Gallery. Dimensions are 83x70 cm. 10 copies numbered and signed.\" \/>\n<meta name=\"robots\" content=\"index, follow, max-snippet:-1, max-image-preview:large, max-video-preview:-1\" \/>\n<link rel=\"canonical\" href=\"https:\/\/ikastikos-kiklos.com\/en\/product\/seated-and-blindfolded\/\" \/>\n<meta property=\"og:locale\" content=\"en_US\" \/>\n<meta property=\"og:type\" content=\"article\" \/>\n<meta property=\"og:title\" content=\"Seated and Blindfolded Silkscreen by Olga Alexopoulou at Ikastikos Kiklos Sianti Gallery.\" \/>\n<meta property=\"og:description\" content=\"Seated and Blindfolded Silkscreen by Olga Alexopoulou at Ikastikos Kiklos Sianti Gallery. Dimensions are 83x70 cm. 10 copies numbered and signed.\" \/>\n<meta property=\"og:url\" content=\"https:\/\/ikastikos-kiklos.com\/en\/product\/seated-and-blindfolded\/\" \/>\n<meta property=\"og:site_name\" content=\"Ikastikos Kiklos - Zografik\u00ed - Metaxotyp\u00edes - T\u00e9chniPainting - Silk Screen - Art\" \/>\n<meta property=\"article:publisher\" content=\"https:\/\/www.facebook.com\/ikastikoskiklossianti\/\" \/>\n<meta property=\"article:modified_time\" content=\"2020-08-04T13:28:57+00:00\" \/>\n<meta property=\"og:image\" content=\"https:\/\/ikastikos-kiklos.com\/wp-content\/uploads\/2018\/01\/1186-82\u03a770-\u03b5\u03ba..png\" \/>\n\t<meta property=\"og:image:width\" content=\"576\" \/>\n\t<meta property=\"og:image:height\" content=\"496\" \/>\n\t<meta property=\"og:image:type\" content=\"image\/png\" \/>\n<meta name=\"twitter:card\" content=\"summary_large_image\" \/>\n<script type=\"application\/ld+json\" class=\"yoast-schema-graph\">{\"@context\":\"https:\\\/\\\/schema.org\",\"@graph\":[{\"@type\":\"WebPage\",\"@id\":\"https:\\\/\\\/ikastikos-kiklos.com\\\/en\\\/product\\\/seated-and-blindfolded\\\/\",\"url\":\"https:\\\/\\\/ikastikos-kiklos.com\\\/en\\\/product\\\/seated-and-blindfolded\\\/\",\"name\":\"Seated and Blindfolded Silkscreen by Olga Alexopoulou at Ikastikos Kiklos Sianti Gallery.\",\"isPartOf\":{\"@id\":\"https:\\\/\\\/ikastikos-kiklos.com\\\/en\\\/#website\"},\"primaryImageOfPage\":{\"@id\":\"https:\\\/\\\/ikastikos-kiklos.com\\\/en\\\/product\\\/seated-and-blindfolded\\\/#primaryimage\"},\"image\":{\"@id\":\"https:\\\/\\\/ikastikos-kiklos.com\\\/en\\\/product\\\/seated-and-blindfolded\\\/#primaryimage\"},\"thumbnailUrl\":\"https:\\\/\\\/ikastikos-kiklos.com\\\/wp-content\\\/uploads\\\/2018\\\/01\\\/1186-82\u03a770-\u03b5\u03ba..png\",\"datePublished\":\"2018-01-17T20:56:08+00:00\",\"dateModified\":\"2020-08-04T13:28:57+00:00\",\"description\":\"Seated and Blindfolded Silkscreen by Olga Alexopoulou at Ikastikos Kiklos Sianti Gallery. Dimensions are 83x70 cm. 10 copies numbered and signed.\",\"breadcrumb\":{\"@id\":\"https:\\\/\\\/ikastikos-kiklos.com\\\/en\\\/product\\\/seated-and-blindfolded\\\/#breadcrumb\"},\"inLanguage\":\"en-US\",\"potentialAction\":[{\"@type\":\"ReadAction\",\"target\":[\"https:\\\/\\\/ikastikos-kiklos.com\\\/en\\\/product\\\/seated-and-blindfolded\\\/\"]}]},{\"@type\":\"ImageObject\",\"inLanguage\":\"en-US\",\"@id\":\"https:\\\/\\\/ikastikos-kiklos.com\\\/en\\\/product\\\/seated-and-blindfolded\\\/#primaryimage\",\"url\":\"https:\\\/\\\/ikastikos-kiklos.com\\\/wp-content\\\/uploads\\\/2018\\\/01\\\/1186-82\u03a770-\u03b5\u03ba..png\",\"contentUrl\":\"https:\\\/\\\/ikastikos-kiklos.com\\\/wp-content\\\/uploads\\\/2018\\\/01\\\/1186-82\u03a770-\u03b5\u03ba..png\",\"width\":576,\"height\":496,\"caption\":\"Seated and Blindfolded Silkscreen by Olga Alexopoulou at Ikastikos Kiklos Sianti Gallery.\"},{\"@type\":\"BreadcrumbList\",\"@id\":\"https:\\\/\\\/ikastikos-kiklos.com\\\/en\\\/product\\\/seated-and-blindfolded\\\/#breadcrumb\",\"itemListElement\":[{\"@type\":\"ListItem\",\"position\":1,\"name\":\"Home\",\"item\":\"https:\\\/\\\/ikastikos-kiklos.com\\\/en\\\/\"},{\"@type\":\"ListItem\",\"position\":2,\"name\":\"\u0388\u03c1\u03b3\u03b1 \u03c4\u03ad\u03c7\u03bd\u03b7\u03c2\",\"item\":\"https:\\\/\\\/ikastikos-kiklos.com\\\/%ce%ad%cf%81%ce%b3%ce%b1-%cf%84%ce%ad%cf%87%ce%bd%ce%b7%cf%82\\\/\"},{\"@type\":\"ListItem\",\"position\":3,\"name\":\"Seated and Blindfolded\"}]},{\"@type\":\"WebSite\",\"@id\":\"https:\\\/\\\/ikastikos-kiklos.com\\\/en\\\/#website\",\"url\":\"https:\\\/\\\/ikastikos-kiklos.com\\\/en\\\/\",\"name\":\"Ikastikos Kiklos - Zografik\u00ed - Metaxotyp\u00edes - T\u00e9chniPainting - Silk Screen - Art\",\"description\":\"\",\"publisher\":{\"@id\":\"https:\\\/\\\/ikastikos-kiklos.com\\\/en\\\/#organization\"},\"potentialAction\":[{\"@type\":\"SearchAction\",\"target\":{\"@type\":\"EntryPoint\",\"urlTemplate\":\"https:\\\/\\\/ikastikos-kiklos.com\\\/en\\\/?s={search_term_string}\"},\"query-input\":{\"@type\":\"PropertyValueSpecification\",\"valueRequired\":true,\"valueName\":\"search_term_string\"}}],\"inLanguage\":\"en-US\"},{\"@type\":\"Organization\",\"@id\":\"https:\\\/\\\/ikastikos-kiklos.com\\\/en\\\/#organization\",\"name\":\"Ikastikos Kiklos - Zografik\u00ed - Metaxotyp\u00edes - T\u00e9chniPainting - Silk Screen - Art\",\"url\":\"https:\\\/\\\/ikastikos-kiklos.com\\\/en\\\/\",\"logo\":{\"@type\":\"ImageObject\",\"inLanguage\":\"en-US\",\"@id\":\"https:\\\/\\\/ikastikos-kiklos.com\\\/en\\\/#\\\/schema\\\/logo\\\/image\\\/\",\"url\":\"https:\\\/\\\/ikastikos-kiklos.com\\\/wp-content\\\/uploads\\\/2022\\\/10\\\/cropped-favicon_ikastikos.png\",\"contentUrl\":\"https:\\\/\\\/ikastikos-kiklos.com\\\/wp-content\\\/uploads\\\/2022\\\/10\\\/cropped-favicon_ikastikos.png\",\"width\":512,\"height\":512,\"caption\":\"Ikastikos Kiklos - Zografik\u00ed - Metaxotyp\u00edes - T\u00e9chniPainting - Silk Screen - Art\"},\"image\":{\"@id\":\"https:\\\/\\\/ikastikos-kiklos.com\\\/en\\\/#\\\/schema\\\/logo\\\/image\\\/\"},\"sameAs\":[\"https:\\\/\\\/www.facebook.com\\\/ikastikoskiklossianti\\\/\"]}]}<\/script>\n<!-- \/ Yoast SEO plugin. -->","yoast_head_json":{"title":"Seated and Blindfolded Silkscreen by Olga Alexopoulou at Ikastikos Kiklos Sianti Gallery.","description":"Seated and Blindfolded Silkscreen by Olga Alexopoulou at Ikastikos Kiklos Sianti Gallery. Dimensions are 83x70 cm. 10 copies numbered and signed.","robots":{"index":"index","follow":"follow","max-snippet":"max-snippet:-1","max-image-preview":"max-image-preview:large","max-video-preview":"max-video-preview:-1"},"canonical":"https:\/\/ikastikos-kiklos.com\/en\/product\/seated-and-blindfolded\/","og_locale":"en_US","og_type":"article","og_title":"Seated and Blindfolded Silkscreen by Olga Alexopoulou at Ikastikos Kiklos Sianti Gallery.","og_description":"Seated and Blindfolded Silkscreen by Olga Alexopoulou at Ikastikos Kiklos Sianti Gallery. Dimensions are 83x70 cm. 10 copies numbered and signed.","og_url":"https:\/\/ikastikos-kiklos.com\/en\/product\/seated-and-blindfolded\/","og_site_name":"Ikastikos Kiklos - Zografik\u00ed - Metaxotyp\u00edes - T\u00e9chniPainting - Silk Screen - Art","article_publisher":"https:\/\/www.facebook.com\/ikastikoskiklossianti\/","article_modified_time":"2020-08-04T13:28:57+00:00","og_image":[{"width":576,"height":496,"url":"https:\/\/ikastikos-kiklos.com\/wp-content\/uploads\/2018\/01\/1186-82\u03a770-\u03b5\u03ba..png","type":"image\/png"}],"twitter_card":"summary_large_image","schema":{"@context":"https:\/\/schema.org","@graph":[{"@type":"WebPage","@id":"https:\/\/ikastikos-kiklos.com\/en\/product\/seated-and-blindfolded\/","url":"https:\/\/ikastikos-kiklos.com\/en\/product\/seated-and-blindfolded\/","name":"Seated and Blindfolded Silkscreen by Olga Alexopoulou at Ikastikos Kiklos Sianti Gallery.","isPartOf":{"@id":"https:\/\/ikastikos-kiklos.com\/en\/#website"},"primaryImageOfPage":{"@id":"https:\/\/ikastikos-kiklos.com\/en\/product\/seated-and-blindfolded\/#primaryimage"},"image":{"@id":"https:\/\/ikastikos-kiklos.com\/en\/product\/seated-and-blindfolded\/#primaryimage"},"thumbnailUrl":"https:\/\/ikastikos-kiklos.com\/wp-content\/uploads\/2018\/01\/1186-82\u03a770-\u03b5\u03ba..png","datePublished":"2018-01-17T20:56:08+00:00","dateModified":"2020-08-04T13:28:57+00:00","description":"Seated and Blindfolded Silkscreen by Olga Alexopoulou at Ikastikos Kiklos Sianti Gallery. Dimensions are 83x70 cm. 10 copies numbered and signed.","breadcrumb":{"@id":"https:\/\/ikastikos-kiklos.com\/en\/product\/seated-and-blindfolded\/#breadcrumb"},"inLanguage":"en-US","potentialAction":[{"@type":"ReadAction","target":["https:\/\/ikastikos-kiklos.com\/en\/product\/seated-and-blindfolded\/"]}]},{"@type":"ImageObject","inLanguage":"en-US","@id":"https:\/\/ikastikos-kiklos.com\/en\/product\/seated-and-blindfolded\/#primaryimage","url":"https:\/\/ikastikos-kiklos.com\/wp-content\/uploads\/2018\/01\/1186-82\u03a770-\u03b5\u03ba..png","contentUrl":"https:\/\/ikastikos-kiklos.com\/wp-content\/uploads\/2018\/01\/1186-82\u03a770-\u03b5\u03ba..png","width":576,"height":496,"caption":"Seated and Blindfolded Silkscreen by Olga Alexopoulou at Ikastikos Kiklos Sianti Gallery."},{"@type":"BreadcrumbList","@id":"https:\/\/ikastikos-kiklos.com\/en\/product\/seated-and-blindfolded\/#breadcrumb","itemListElement":[{"@type":"ListItem","position":1,"name":"Home","item":"https:\/\/ikastikos-kiklos.com\/en\/"},{"@type":"ListItem","position":2,"name":"\u0388\u03c1\u03b3\u03b1 \u03c4\u03ad\u03c7\u03bd\u03b7\u03c2","item":"https:\/\/ikastikos-kiklos.com\/%ce%ad%cf%81%ce%b3%ce%b1-%cf%84%ce%ad%cf%87%ce%bd%ce%b7%cf%82\/"},{"@type":"ListItem","position":3,"name":"Seated and Blindfolded"}]},{"@type":"WebSite","@id":"https:\/\/ikastikos-kiklos.com\/en\/#website","url":"https:\/\/ikastikos-kiklos.com\/en\/","name":"Ikastikos Kiklos - Zografik\u00ed - Metaxotyp\u00edes - T\u00e9chniPainting - Silk Screen - Art","description":"","publisher":{"@id":"https:\/\/ikastikos-kiklos.com\/en\/#organization"},"potentialAction":[{"@type":"SearchAction","target":{"@type":"EntryPoint","urlTemplate":"https:\/\/ikastikos-kiklos.com\/en\/?s={search_term_string}"},"query-input":{"@type":"PropertyValueSpecification","valueRequired":true,"valueName":"search_term_string"}}],"inLanguage":"en-US"},{"@type":"Organization","@id":"https:\/\/ikastikos-kiklos.com\/en\/#organization","name":"Ikastikos Kiklos - Zografik\u00ed - Metaxotyp\u00edes - T\u00e9chniPainting - Silk Screen - Art","url":"https:\/\/ikastikos-kiklos.com\/en\/","logo":{"@type":"ImageObject","inLanguage":"en-US","@id":"https:\/\/ikastikos-kiklos.com\/en\/#\/schema\/logo\/image\/","url":"https:\/\/ikastikos-kiklos.com\/wp-content\/uploads\/2022\/10\/cropped-favicon_ikastikos.png","contentUrl":"https:\/\/ikastikos-kiklos.com\/wp-content\/uploads\/2022\/10\/cropped-favicon_ikastikos.png","width":512,"height":512,"caption":"Ikastikos Kiklos - Zografik\u00ed - Metaxotyp\u00edes - T\u00e9chniPainting - Silk Screen - Art"},"image":{"@id":"https:\/\/ikastikos-kiklos.com\/en\/#\/schema\/logo\/image\/"},"sameAs":["https:\/\/www.facebook.com\/ikastikoskiklossianti\/"]}]}},"_links":{"self":[{"href":"https:\/\/ikastikos-kiklos.com\/en\/wp-json\/wp\/v2\/product\/9094","targetHints":{"allow":["GET"]}}],"collection":[{"href":"https:\/\/ikastikos-kiklos.com\/en\/wp-json\/wp\/v2\/product"}],"about":[{"href":"https:\/\/ikastikos-kiklos.com\/en\/wp-json\/wp\/v2\/types\/product"}],"wp:featuredmedia":[{"embeddable":true,"href":"https:\/\/ikastikos-kiklos.com\/en\/wp-json\/wp\/v2\/media\/9346"}],"wp:attachment":[{"href":"https:\/\/ikastikos-kiklos.com\/en\/wp-json\/wp\/v2\/media?parent=9094"}],"wp:term":[{"taxonomy":"product_brand","embeddable":true,"href":"https:\/\/ikastikos-kiklos.com\/en\/wp-json\/wp\/v2\/product_brand?post=9094"},{"taxonomy":"product_cat","embeddable":true,"href":"https:\/\/ikastikos-kiklos.com\/en\/wp-json\/wp\/v2\/product_cat?post=9094"},{"taxonomy":"product_tag","embeddable":true,"href":"https:\/\/ikastikos-kiklos.com\/en\/wp-json\/wp\/v2\/product_tag?post=9094"}],"curies":[{"name":"wp","href":"https:\/\/api.w.org\/{rel}","templated":true}]}}