{"id":9090,"date":"2018-01-17T21:43:09","date_gmt":"2018-01-17T19:43:09","guid":{"rendered":"https:\/\/ikastikos-kiklos.com\/?post_type=product&#038;p=9090"},"modified":"2020-08-04T15:24:15","modified_gmt":"2020-08-04T12:24:15","slug":"cant-take-eyes-off","status":"publish","type":"product","link":"https:\/\/ikastikos-kiklos.com\/en\/product\/cant-take-eyes-off\/","title":{"rendered":"Can&#8217;t Take My Eyes Off You"},"content":{"rendered":"<h1>Can&#8217;t Take My Eyes Off You<\/h1>\n<p>Street art is undoubtedly the new wave in Art. First\u00a0 was the people that loved it, and then there\u00a0 galleries, institutions and museums to incorporate it and present it. WD<\/p>\n","protected":false},"excerpt":{"rendered":"<p>Giclee by WD (Wild Drawing). Edition of 5 prints. Presented in the exhibition <a href=\"https:\/\/ikastikos-kiklos.com\/en\/art-streets-world\/\">&#8220;Art on the Streets of the World&#8221;<\/a><\/p>\n","protected":false},"featured_media":9338,"template":"","meta":{"ngg_post_thumbnail":0},"product_brand":[],"product_cat":[1987,1991,2046],"product_tag":[2333,1068,3374,2316],"class_list":{"0":"post-9090","1":"product","2":"type-product","3":"status-publish","4":"has-post-thumbnail","6":"product_cat-eshop-en","7":"product_cat-silkscreens-shop","8":"product_cat-street-art-en","9":"product_tag-cant-take-my-eyes-off-you-en","10":"product_tag-giclee","11":"product_tag-love-en","12":"product_tag-wd-en","13":"product_shipping_class-0-2kg","15":"first","16":"instock","17":"taxable","18":"shipping-taxable","19":"purchasable","20":"product-type-simple"},"yoast_head":"<!-- This site is optimized with the Yoast SEO plugin v27.2 - https:\/\/yoast.com\/product\/yoast-seo-wordpress\/ -->\n<title>Can&#039;t Take My Eyes Off You Silkscreen by WD at Ikastikos Kiklos Sianti Gallery.<\/title>\n<meta name=\"description\" content=\"Can&#039;t Take My Eyes Off You Silkscreen by WD at Ikastikos Kiklos Sianti Gallery. In dimensions 80x53 cm and 5 copies numbered and signed.\" \/>\n<meta name=\"robots\" content=\"index, follow, max-snippet:-1, max-image-preview:large, max-video-preview:-1\" \/>\n<link rel=\"canonical\" href=\"https:\/\/ikastikos-kiklos.com\/en\/product\/cant-take-eyes-off\/\" \/>\n<meta property=\"og:locale\" content=\"en_US\" \/>\n<meta property=\"og:type\" content=\"article\" \/>\n<meta property=\"og:title\" content=\"Can&#039;t Take My Eyes Off You Silkscreen by WD at Ikastikos Kiklos Sianti Gallery.\" \/>\n<meta property=\"og:description\" content=\"Can&#039;t Take My Eyes Off You Silkscreen by WD at Ikastikos Kiklos Sianti Gallery. In dimensions 80x53 cm and 5 copies numbered and signed.\" \/>\n<meta property=\"og:url\" content=\"https:\/\/ikastikos-kiklos.com\/en\/product\/cant-take-eyes-off\/\" \/>\n<meta property=\"og:site_name\" content=\"Ikastikos Kiklos - Zografik\u00ed - Metaxotyp\u00edes - T\u00e9chniPainting - Silk Screen - Art\" \/>\n<meta property=\"article:publisher\" content=\"https:\/\/www.facebook.com\/ikastikoskiklossianti\/\" \/>\n<meta property=\"article:modified_time\" content=\"2020-08-04T12:24:15+00:00\" \/>\n<meta property=\"og:image\" content=\"https:\/\/ikastikos-kiklos.com\/wp-content\/uploads\/2018\/01\/1189-80\u03a753-\u03b5\u03ba..jpg\" \/>\n\t<meta property=\"og:image:width\" content=\"1000\" \/>\n\t<meta property=\"og:image:height\" content=\"700\" \/>\n\t<meta property=\"og:image:type\" content=\"image\/jpeg\" \/>\n<meta name=\"twitter:card\" content=\"summary_large_image\" \/>\n<script type=\"application\/ld+json\" class=\"yoast-schema-graph\">{\"@context\":\"https:\/\/schema.org\",\"@graph\":[{\"@type\":\"WebPage\",\"@id\":\"https:\/\/ikastikos-kiklos.com\/en\/product\/cant-take-eyes-off\/\",\"url\":\"https:\/\/ikastikos-kiklos.com\/en\/product\/cant-take-eyes-off\/\",\"name\":\"Can't Take My Eyes Off You Silkscreen by WD at Ikastikos Kiklos Sianti Gallery.\",\"isPartOf\":{\"@id\":\"https:\/\/ikastikos-kiklos.com\/en\/#website\"},\"primaryImageOfPage\":{\"@id\":\"https:\/\/ikastikos-kiklos.com\/en\/product\/cant-take-eyes-off\/#primaryimage\"},\"image\":{\"@id\":\"https:\/\/ikastikos-kiklos.com\/en\/product\/cant-take-eyes-off\/#primaryimage\"},\"thumbnailUrl\":\"https:\/\/ikastikos-kiklos.com\/wp-content\/uploads\/2018\/01\/1189-80\u03a753-\u03b5\u03ba..jpg\",\"datePublished\":\"2018-01-17T19:43:09+00:00\",\"dateModified\":\"2020-08-04T12:24:15+00:00\",\"description\":\"Can't Take My Eyes Off You Silkscreen by WD at Ikastikos Kiklos Sianti Gallery. In dimensions 80x53 cm and 5 copies numbered and signed.\",\"breadcrumb\":{\"@id\":\"https:\/\/ikastikos-kiklos.com\/en\/product\/cant-take-eyes-off\/#breadcrumb\"},\"inLanguage\":\"en-US\",\"potentialAction\":[{\"@type\":\"ReadAction\",\"target\":[\"https:\/\/ikastikos-kiklos.com\/en\/product\/cant-take-eyes-off\/\"]}]},{\"@type\":\"ImageObject\",\"inLanguage\":\"en-US\",\"@id\":\"https:\/\/ikastikos-kiklos.com\/en\/product\/cant-take-eyes-off\/#primaryimage\",\"url\":\"https:\/\/ikastikos-kiklos.com\/wp-content\/uploads\/2018\/01\/1189-80\u03a753-\u03b5\u03ba..jpg\",\"contentUrl\":\"https:\/\/ikastikos-kiklos.com\/wp-content\/uploads\/2018\/01\/1189-80\u03a753-\u03b5\u03ba..jpg\",\"width\":1000,\"height\":700,\"caption\":\"Can't Take My Eyes Off You Silkscreen by WD at Ikastikos Kiklos Sianti Gallery.\"},{\"@type\":\"BreadcrumbList\",\"@id\":\"https:\/\/ikastikos-kiklos.com\/en\/product\/cant-take-eyes-off\/#breadcrumb\",\"itemListElement\":[{\"@type\":\"ListItem\",\"position\":1,\"name\":\"Home\",\"item\":\"https:\/\/ikastikos-kiklos.com\/en\/\"},{\"@type\":\"ListItem\",\"position\":2,\"name\":\"\u0388\u03c1\u03b3\u03b1 \u03c4\u03ad\u03c7\u03bd\u03b7\u03c2\",\"item\":\"https:\/\/ikastikos-kiklos.com\/%ce%ad%cf%81%ce%b3%ce%b1-%cf%84%ce%ad%cf%87%ce%bd%ce%b7%cf%82\/\"},{\"@type\":\"ListItem\",\"position\":3,\"name\":\"Can&#8217;t Take My Eyes Off You\"}]},{\"@type\":\"WebSite\",\"@id\":\"https:\/\/ikastikos-kiklos.com\/en\/#website\",\"url\":\"https:\/\/ikastikos-kiklos.com\/en\/\",\"name\":\"Ikastikos Kiklos - Zografik\u00ed - Metaxotyp\u00edes - T\u00e9chniPainting - Silk Screen - Art\",\"description\":\"\",\"publisher\":{\"@id\":\"https:\/\/ikastikos-kiklos.com\/en\/#organization\"},\"potentialAction\":[{\"@type\":\"SearchAction\",\"target\":{\"@type\":\"EntryPoint\",\"urlTemplate\":\"https:\/\/ikastikos-kiklos.com\/en\/?s={search_term_string}\"},\"query-input\":{\"@type\":\"PropertyValueSpecification\",\"valueRequired\":true,\"valueName\":\"search_term_string\"}}],\"inLanguage\":\"en-US\"},{\"@type\":\"Organization\",\"@id\":\"https:\/\/ikastikos-kiklos.com\/en\/#organization\",\"name\":\"Ikastikos Kiklos - Zografik\u00ed - Metaxotyp\u00edes - T\u00e9chniPainting - Silk Screen - Art\",\"url\":\"https:\/\/ikastikos-kiklos.com\/en\/\",\"logo\":{\"@type\":\"ImageObject\",\"inLanguage\":\"en-US\",\"@id\":\"https:\/\/ikastikos-kiklos.com\/en\/#\/schema\/logo\/image\/\",\"url\":\"https:\/\/ikastikos-kiklos.com\/wp-content\/uploads\/2022\/10\/cropped-favicon_ikastikos.png\",\"contentUrl\":\"https:\/\/ikastikos-kiklos.com\/wp-content\/uploads\/2022\/10\/cropped-favicon_ikastikos.png\",\"width\":512,\"height\":512,\"caption\":\"Ikastikos Kiklos - Zografik\u00ed - Metaxotyp\u00edes - T\u00e9chniPainting - Silk Screen - Art\"},\"image\":{\"@id\":\"https:\/\/ikastikos-kiklos.com\/en\/#\/schema\/logo\/image\/\"},\"sameAs\":[\"https:\/\/www.facebook.com\/ikastikoskiklossianti\/\"]}]}<\/script>\n<!-- \/ Yoast SEO plugin. -->","yoast_head_json":{"title":"Can't Take My Eyes Off You Silkscreen by WD at Ikastikos Kiklos Sianti Gallery.","description":"Can't Take My Eyes Off You Silkscreen by WD at Ikastikos Kiklos Sianti Gallery. In dimensions 80x53 cm and 5 copies numbered and signed.","robots":{"index":"index","follow":"follow","max-snippet":"max-snippet:-1","max-image-preview":"max-image-preview:large","max-video-preview":"max-video-preview:-1"},"canonical":"https:\/\/ikastikos-kiklos.com\/en\/product\/cant-take-eyes-off\/","og_locale":"en_US","og_type":"article","og_title":"Can't Take My Eyes Off You Silkscreen by WD at Ikastikos Kiklos Sianti Gallery.","og_description":"Can't Take My Eyes Off You Silkscreen by WD at Ikastikos Kiklos Sianti Gallery. In dimensions 80x53 cm and 5 copies numbered and signed.","og_url":"https:\/\/ikastikos-kiklos.com\/en\/product\/cant-take-eyes-off\/","og_site_name":"Ikastikos Kiklos - Zografik\u00ed - Metaxotyp\u00edes - T\u00e9chniPainting - Silk Screen - Art","article_publisher":"https:\/\/www.facebook.com\/ikastikoskiklossianti\/","article_modified_time":"2020-08-04T12:24:15+00:00","og_image":[{"width":1000,"height":700,"url":"https:\/\/ikastikos-kiklos.com\/wp-content\/uploads\/2018\/01\/1189-80\u03a753-\u03b5\u03ba..jpg","type":"image\/jpeg"}],"twitter_card":"summary_large_image","schema":{"@context":"https:\/\/schema.org","@graph":[{"@type":"WebPage","@id":"https:\/\/ikastikos-kiklos.com\/en\/product\/cant-take-eyes-off\/","url":"https:\/\/ikastikos-kiklos.com\/en\/product\/cant-take-eyes-off\/","name":"Can't Take My Eyes Off You Silkscreen by WD at Ikastikos Kiklos Sianti Gallery.","isPartOf":{"@id":"https:\/\/ikastikos-kiklos.com\/en\/#website"},"primaryImageOfPage":{"@id":"https:\/\/ikastikos-kiklos.com\/en\/product\/cant-take-eyes-off\/#primaryimage"},"image":{"@id":"https:\/\/ikastikos-kiklos.com\/en\/product\/cant-take-eyes-off\/#primaryimage"},"thumbnailUrl":"https:\/\/ikastikos-kiklos.com\/wp-content\/uploads\/2018\/01\/1189-80\u03a753-\u03b5\u03ba..jpg","datePublished":"2018-01-17T19:43:09+00:00","dateModified":"2020-08-04T12:24:15+00:00","description":"Can't Take My Eyes Off You Silkscreen by WD at Ikastikos Kiklos Sianti Gallery. In dimensions 80x53 cm and 5 copies numbered and signed.","breadcrumb":{"@id":"https:\/\/ikastikos-kiklos.com\/en\/product\/cant-take-eyes-off\/#breadcrumb"},"inLanguage":"en-US","potentialAction":[{"@type":"ReadAction","target":["https:\/\/ikastikos-kiklos.com\/en\/product\/cant-take-eyes-off\/"]}]},{"@type":"ImageObject","inLanguage":"en-US","@id":"https:\/\/ikastikos-kiklos.com\/en\/product\/cant-take-eyes-off\/#primaryimage","url":"https:\/\/ikastikos-kiklos.com\/wp-content\/uploads\/2018\/01\/1189-80\u03a753-\u03b5\u03ba..jpg","contentUrl":"https:\/\/ikastikos-kiklos.com\/wp-content\/uploads\/2018\/01\/1189-80\u03a753-\u03b5\u03ba..jpg","width":1000,"height":700,"caption":"Can't Take My Eyes Off You Silkscreen by WD at Ikastikos Kiklos Sianti Gallery."},{"@type":"BreadcrumbList","@id":"https:\/\/ikastikos-kiklos.com\/en\/product\/cant-take-eyes-off\/#breadcrumb","itemListElement":[{"@type":"ListItem","position":1,"name":"Home","item":"https:\/\/ikastikos-kiklos.com\/en\/"},{"@type":"ListItem","position":2,"name":"\u0388\u03c1\u03b3\u03b1 \u03c4\u03ad\u03c7\u03bd\u03b7\u03c2","item":"https:\/\/ikastikos-kiklos.com\/%ce%ad%cf%81%ce%b3%ce%b1-%cf%84%ce%ad%cf%87%ce%bd%ce%b7%cf%82\/"},{"@type":"ListItem","position":3,"name":"Can&#8217;t Take My Eyes Off You"}]},{"@type":"WebSite","@id":"https:\/\/ikastikos-kiklos.com\/en\/#website","url":"https:\/\/ikastikos-kiklos.com\/en\/","name":"Ikastikos Kiklos - Zografik\u00ed - Metaxotyp\u00edes - T\u00e9chniPainting - Silk Screen - Art","description":"","publisher":{"@id":"https:\/\/ikastikos-kiklos.com\/en\/#organization"},"potentialAction":[{"@type":"SearchAction","target":{"@type":"EntryPoint","urlTemplate":"https:\/\/ikastikos-kiklos.com\/en\/?s={search_term_string}"},"query-input":{"@type":"PropertyValueSpecification","valueRequired":true,"valueName":"search_term_string"}}],"inLanguage":"en-US"},{"@type":"Organization","@id":"https:\/\/ikastikos-kiklos.com\/en\/#organization","name":"Ikastikos Kiklos - Zografik\u00ed - Metaxotyp\u00edes - T\u00e9chniPainting - Silk Screen - Art","url":"https:\/\/ikastikos-kiklos.com\/en\/","logo":{"@type":"ImageObject","inLanguage":"en-US","@id":"https:\/\/ikastikos-kiklos.com\/en\/#\/schema\/logo\/image\/","url":"https:\/\/ikastikos-kiklos.com\/wp-content\/uploads\/2022\/10\/cropped-favicon_ikastikos.png","contentUrl":"https:\/\/ikastikos-kiklos.com\/wp-content\/uploads\/2022\/10\/cropped-favicon_ikastikos.png","width":512,"height":512,"caption":"Ikastikos Kiklos - Zografik\u00ed - Metaxotyp\u00edes - T\u00e9chniPainting - Silk Screen - Art"},"image":{"@id":"https:\/\/ikastikos-kiklos.com\/en\/#\/schema\/logo\/image\/"},"sameAs":["https:\/\/www.facebook.com\/ikastikoskiklossianti\/"]}]}},"_links":{"self":[{"href":"https:\/\/ikastikos-kiklos.com\/en\/wp-json\/wp\/v2\/product\/9090","targetHints":{"allow":["GET"]}}],"collection":[{"href":"https:\/\/ikastikos-kiklos.com\/en\/wp-json\/wp\/v2\/product"}],"about":[{"href":"https:\/\/ikastikos-kiklos.com\/en\/wp-json\/wp\/v2\/types\/product"}],"wp:featuredmedia":[{"embeddable":true,"href":"https:\/\/ikastikos-kiklos.com\/en\/wp-json\/wp\/v2\/media\/9338"}],"wp:attachment":[{"href":"https:\/\/ikastikos-kiklos.com\/en\/wp-json\/wp\/v2\/media?parent=9090"}],"wp:term":[{"taxonomy":"product_brand","embeddable":true,"href":"https:\/\/ikastikos-kiklos.com\/en\/wp-json\/wp\/v2\/product_brand?post=9090"},{"taxonomy":"product_cat","embeddable":true,"href":"https:\/\/ikastikos-kiklos.com\/en\/wp-json\/wp\/v2\/product_cat?post=9090"},{"taxonomy":"product_tag","embeddable":true,"href":"https:\/\/ikastikos-kiklos.com\/en\/wp-json\/wp\/v2\/product_tag?post=9090"}],"curies":[{"name":"wp","href":"https:\/\/api.w.org\/{rel}","templated":true}]}}