{"id":5415,"date":"2017-04-13T12:46:45","date_gmt":"2017-04-13T12:46:45","guid":{"rendered":"https:\/\/ikastikos-kiklos.com\/\u03c0\u03c1\u03bf\u03ca\u03cc\u03bd\/%ce%ba%cf%8d%ce%b8%ce%b7%cf%81%ce%b1-8\/"},"modified":"2021-01-28T17:53:39","modified_gmt":"2021-01-28T15:53:39","slug":"%ce%ba%cf%8d%ce%b8%ce%b7%cf%81%ce%b1-8","status":"publish","type":"product","link":"https:\/\/ikastikos-kiklos.com\/en\/product\/%ce%ba%cf%8d%ce%b8%ce%b7%cf%81%ce%b1-8\/","title":{"rendered":"Kythera"},"content":{"rendered":"<div class=\"description-container dynamic-content\">\n<p>Artfully, the creator really goes with the times, but his ideology, as always, travels against times, timelessly colorful, inspired and optimistic. And the difficult times are always an opportunity for art. &#8220;This is also the report child of the crisis,&#8221; says the creator. &#8220;With the people at Ikastikos Kiklos Sianti Gallery, we took advantage of the luxury of the time. As the exhibitions do not touch one other, I almost took a month to set up and I often created the works in the space of exhibition. What is usually done in the mind of the artist in his workshop, I did it in the actual exhibition area. I was doing, I was taking, I acted, I changed it, I made it on the spot. Many of these birds were here. That&#8217;s how the gallery works like a studio. Meanwhile I left abroad and I returned. I had the comfort, the opportunity of time to move away, to come back, to see them again. There were times when I just went by, I just glanced and I left. This is very different from any other exhibition I have done. &#8221;<\/p>\n<p>Source: tovima.g<\/p>\n<\/div>\n","protected":false},"excerpt":{"rendered":"<div class=\"product-short-description\">\n<div class=\"product-short-description\">\n<div class=\"product-short-description\">\n<p>Gicl\u00e9e hand signed and numbered by Manolis Charos. Edition of 40 prints.<\/p>\n<\/div>\n<\/div>\n<\/div>\n","protected":false},"featured_media":30413,"template":"","meta":{"ngg_post_thumbnail":0},"product_brand":[],"product_cat":[398,1987,396,1991],"product_tag":[2760,2250,2224],"class_list":{"0":"post-5415","1":"product","2":"type-product","3":"status-publish","4":"has-post-thumbnail","6":"product_cat-collections","7":"product_cat-eshop-en","8":"product_cat-silkscreens","9":"product_cat-silkscreens-shop","10":"product_tag-kythera","11":"product_tag-manolis-charos-en","12":"product_tag-silkscreen-en","13":"product_shipping_class-0-2kg","15":"first","16":"instock","17":"taxable","18":"shipping-taxable","19":"purchasable","20":"product-type-simple"},"yoast_head":"<!-- This site is optimized with the Yoast SEO plugin v27.2 - https:\/\/yoast.com\/product\/yoast-seo-wordpress\/ -->\n<title>Kythera Silkscreen by Manolis Charos at Ikastikos Kiklos Sianti Gallery<\/title>\n<meta name=\"description\" content=\"Kythera silkscreen by Manolis Charos at Ikastikos Kiklos Sianti Gallery. 50 copies numbered and signed by the artist. Dimensions 47x47 cm.\" \/>\n<meta name=\"robots\" content=\"index, follow, max-snippet:-1, max-image-preview:large, max-video-preview:-1\" \/>\n<link rel=\"canonical\" href=\"https:\/\/ikastikos-kiklos.com\/en\/product\/\u03ba\u03cd\u03b8\u03b7\u03c1\u03b1-8\/\" \/>\n<meta property=\"og:locale\" content=\"en_US\" \/>\n<meta property=\"og:type\" content=\"article\" \/>\n<meta property=\"og:title\" content=\"Kythera Silkscreen by Manolis Charos at Ikastikos Kiklos Sianti Gallery\" \/>\n<meta property=\"og:description\" content=\"Kythera silkscreen by Manolis Charos at Ikastikos Kiklos Sianti Gallery. 50 copies numbered and signed by the artist. Dimensions 47x47 cm.\" \/>\n<meta property=\"og:url\" content=\"https:\/\/ikastikos-kiklos.com\/en\/product\/\u03ba\u03cd\u03b8\u03b7\u03c1\u03b1-8\/\" \/>\n<meta property=\"og:site_name\" content=\"Ikastikos Kiklos - Zografik\u00ed - Metaxotyp\u00edes - T\u00e9chniPainting - Silk Screen - Art\" \/>\n<meta property=\"article:publisher\" content=\"https:\/\/www.facebook.com\/ikastikoskiklossianti\/\" \/>\n<meta property=\"article:modified_time\" content=\"2021-01-28T15:53:39+00:00\" \/>\n<meta property=\"og:image\" content=\"https:\/\/ikastikos-kiklos.com\/wp-content\/uploads\/2017\/04\/\u03c7\u03ac\u03c1\u03bf\u03c2-\u03bc\u03b1\u03bd\u03ce\u03bb\u03b7\u03c2-\u03ba\u03cd\u03b8\u03b7\u03c1\u03b1-\u03bc\u03b5\u03c4\u03b1\u03be\u03bf\u03c4\u03c5\u03c0\u03af\u03b1.jpg\" \/>\n\t<meta property=\"og:image:width\" content=\"1000\" \/>\n\t<meta property=\"og:image:height\" content=\"999\" \/>\n\t<meta property=\"og:image:type\" content=\"image\/jpeg\" \/>\n<meta name=\"twitter:card\" content=\"summary_large_image\" \/>\n<meta name=\"twitter:label1\" content=\"Est. reading time\" \/>\n\t<meta name=\"twitter:data1\" content=\"1 minute\" \/>\n<script type=\"application\/ld+json\" class=\"yoast-schema-graph\">{\"@context\":\"https:\/\/schema.org\",\"@graph\":[{\"@type\":\"WebPage\",\"@id\":\"https:\/\/ikastikos-kiklos.com\/en\/product\/%ce%ba%cf%8d%ce%b8%ce%b7%cf%81%ce%b1-8\/\",\"url\":\"https:\/\/ikastikos-kiklos.com\/en\/product\/%ce%ba%cf%8d%ce%b8%ce%b7%cf%81%ce%b1-8\/\",\"name\":\"Kythera Silkscreen by Manolis Charos at Ikastikos Kiklos Sianti Gallery\",\"isPartOf\":{\"@id\":\"https:\/\/ikastikos-kiklos.com\/en\/#website\"},\"primaryImageOfPage\":{\"@id\":\"https:\/\/ikastikos-kiklos.com\/en\/product\/%ce%ba%cf%8d%ce%b8%ce%b7%cf%81%ce%b1-8\/#primaryimage\"},\"image\":{\"@id\":\"https:\/\/ikastikos-kiklos.com\/en\/product\/%ce%ba%cf%8d%ce%b8%ce%b7%cf%81%ce%b1-8\/#primaryimage\"},\"thumbnailUrl\":\"https:\/\/ikastikos-kiklos.com\/wp-content\/uploads\/2017\/04\/\u03c7\u03ac\u03c1\u03bf\u03c2-\u03bc\u03b1\u03bd\u03ce\u03bb\u03b7\u03c2-\u03ba\u03cd\u03b8\u03b7\u03c1\u03b1-\u03bc\u03b5\u03c4\u03b1\u03be\u03bf\u03c4\u03c5\u03c0\u03af\u03b1.jpg\",\"datePublished\":\"2017-04-13T12:46:45+00:00\",\"dateModified\":\"2021-01-28T15:53:39+00:00\",\"description\":\"Kythera silkscreen by Manolis Charos at Ikastikos Kiklos Sianti Gallery. 50 copies numbered and signed by the artist. Dimensions 47x47 cm.\",\"breadcrumb\":{\"@id\":\"https:\/\/ikastikos-kiklos.com\/en\/product\/%ce%ba%cf%8d%ce%b8%ce%b7%cf%81%ce%b1-8\/#breadcrumb\"},\"inLanguage\":\"en-US\",\"potentialAction\":[{\"@type\":\"ReadAction\",\"target\":[\"https:\/\/ikastikos-kiklos.com\/en\/product\/%ce%ba%cf%8d%ce%b8%ce%b7%cf%81%ce%b1-8\/\"]}]},{\"@type\":\"ImageObject\",\"inLanguage\":\"en-US\",\"@id\":\"https:\/\/ikastikos-kiklos.com\/en\/product\/%ce%ba%cf%8d%ce%b8%ce%b7%cf%81%ce%b1-8\/#primaryimage\",\"url\":\"https:\/\/ikastikos-kiklos.com\/wp-content\/uploads\/2017\/04\/\u03c7\u03ac\u03c1\u03bf\u03c2-\u03bc\u03b1\u03bd\u03ce\u03bb\u03b7\u03c2-\u03ba\u03cd\u03b8\u03b7\u03c1\u03b1-\u03bc\u03b5\u03c4\u03b1\u03be\u03bf\u03c4\u03c5\u03c0\u03af\u03b1.jpg\",\"contentUrl\":\"https:\/\/ikastikos-kiklos.com\/wp-content\/uploads\/2017\/04\/\u03c7\u03ac\u03c1\u03bf\u03c2-\u03bc\u03b1\u03bd\u03ce\u03bb\u03b7\u03c2-\u03ba\u03cd\u03b8\u03b7\u03c1\u03b1-\u03bc\u03b5\u03c4\u03b1\u03be\u03bf\u03c4\u03c5\u03c0\u03af\u03b1.jpg\",\"width\":1000,\"height\":999,\"caption\":\"charos-manolis-kythera-silkscreen\"},{\"@type\":\"BreadcrumbList\",\"@id\":\"https:\/\/ikastikos-kiklos.com\/en\/product\/%ce%ba%cf%8d%ce%b8%ce%b7%cf%81%ce%b1-8\/#breadcrumb\",\"itemListElement\":[{\"@type\":\"ListItem\",\"position\":1,\"name\":\"Home\",\"item\":\"https:\/\/ikastikos-kiklos.com\/en\/\"},{\"@type\":\"ListItem\",\"position\":2,\"name\":\"\u0388\u03c1\u03b3\u03b1 \u03c4\u03ad\u03c7\u03bd\u03b7\u03c2\",\"item\":\"https:\/\/ikastikos-kiklos.com\/%ce%ad%cf%81%ce%b3%ce%b1-%cf%84%ce%ad%cf%87%ce%bd%ce%b7%cf%82\/\"},{\"@type\":\"ListItem\",\"position\":3,\"name\":\"Kythera\"}]},{\"@type\":\"WebSite\",\"@id\":\"https:\/\/ikastikos-kiklos.com\/en\/#website\",\"url\":\"https:\/\/ikastikos-kiklos.com\/en\/\",\"name\":\"Ikastikos Kiklos - Zografik\u00ed - Metaxotyp\u00edes - T\u00e9chniPainting - Silk Screen - Art\",\"description\":\"\",\"publisher\":{\"@id\":\"https:\/\/ikastikos-kiklos.com\/en\/#organization\"},\"potentialAction\":[{\"@type\":\"SearchAction\",\"target\":{\"@type\":\"EntryPoint\",\"urlTemplate\":\"https:\/\/ikastikos-kiklos.com\/en\/?s={search_term_string}\"},\"query-input\":{\"@type\":\"PropertyValueSpecification\",\"valueRequired\":true,\"valueName\":\"search_term_string\"}}],\"inLanguage\":\"en-US\"},{\"@type\":\"Organization\",\"@id\":\"https:\/\/ikastikos-kiklos.com\/en\/#organization\",\"name\":\"Ikastikos Kiklos - Zografik\u00ed - Metaxotyp\u00edes - T\u00e9chniPainting - Silk Screen - Art\",\"url\":\"https:\/\/ikastikos-kiklos.com\/en\/\",\"logo\":{\"@type\":\"ImageObject\",\"inLanguage\":\"en-US\",\"@id\":\"https:\/\/ikastikos-kiklos.com\/en\/#\/schema\/logo\/image\/\",\"url\":\"https:\/\/ikastikos-kiklos.com\/wp-content\/uploads\/2022\/10\/cropped-favicon_ikastikos.png\",\"contentUrl\":\"https:\/\/ikastikos-kiklos.com\/wp-content\/uploads\/2022\/10\/cropped-favicon_ikastikos.png\",\"width\":512,\"height\":512,\"caption\":\"Ikastikos Kiklos - Zografik\u00ed - Metaxotyp\u00edes - T\u00e9chniPainting - Silk Screen - Art\"},\"image\":{\"@id\":\"https:\/\/ikastikos-kiklos.com\/en\/#\/schema\/logo\/image\/\"},\"sameAs\":[\"https:\/\/www.facebook.com\/ikastikoskiklossianti\/\"]}]}<\/script>\n<!-- \/ Yoast SEO plugin. -->","yoast_head_json":{"title":"Kythera Silkscreen by Manolis Charos at Ikastikos Kiklos Sianti Gallery","description":"Kythera silkscreen by Manolis Charos at Ikastikos Kiklos Sianti Gallery. 50 copies numbered and signed by the artist. Dimensions 47x47 cm.","robots":{"index":"index","follow":"follow","max-snippet":"max-snippet:-1","max-image-preview":"max-image-preview:large","max-video-preview":"max-video-preview:-1"},"canonical":"https:\/\/ikastikos-kiklos.com\/en\/product\/\u03ba\u03cd\u03b8\u03b7\u03c1\u03b1-8\/","og_locale":"en_US","og_type":"article","og_title":"Kythera Silkscreen by Manolis Charos at Ikastikos Kiklos Sianti Gallery","og_description":"Kythera silkscreen by Manolis Charos at Ikastikos Kiklos Sianti Gallery. 50 copies numbered and signed by the artist. Dimensions 47x47 cm.","og_url":"https:\/\/ikastikos-kiklos.com\/en\/product\/\u03ba\u03cd\u03b8\u03b7\u03c1\u03b1-8\/","og_site_name":"Ikastikos Kiklos - Zografik\u00ed - Metaxotyp\u00edes - T\u00e9chniPainting - Silk Screen - Art","article_publisher":"https:\/\/www.facebook.com\/ikastikoskiklossianti\/","article_modified_time":"2021-01-28T15:53:39+00:00","og_image":[{"width":1000,"height":999,"url":"https:\/\/ikastikos-kiklos.com\/wp-content\/uploads\/2017\/04\/\u03c7\u03ac\u03c1\u03bf\u03c2-\u03bc\u03b1\u03bd\u03ce\u03bb\u03b7\u03c2-\u03ba\u03cd\u03b8\u03b7\u03c1\u03b1-\u03bc\u03b5\u03c4\u03b1\u03be\u03bf\u03c4\u03c5\u03c0\u03af\u03b1.jpg","type":"image\/jpeg"}],"twitter_card":"summary_large_image","twitter_misc":{"Est. reading time":"1 minute"},"schema":{"@context":"https:\/\/schema.org","@graph":[{"@type":"WebPage","@id":"https:\/\/ikastikos-kiklos.com\/en\/product\/%ce%ba%cf%8d%ce%b8%ce%b7%cf%81%ce%b1-8\/","url":"https:\/\/ikastikos-kiklos.com\/en\/product\/%ce%ba%cf%8d%ce%b8%ce%b7%cf%81%ce%b1-8\/","name":"Kythera Silkscreen by Manolis Charos at Ikastikos Kiklos Sianti Gallery","isPartOf":{"@id":"https:\/\/ikastikos-kiklos.com\/en\/#website"},"primaryImageOfPage":{"@id":"https:\/\/ikastikos-kiklos.com\/en\/product\/%ce%ba%cf%8d%ce%b8%ce%b7%cf%81%ce%b1-8\/#primaryimage"},"image":{"@id":"https:\/\/ikastikos-kiklos.com\/en\/product\/%ce%ba%cf%8d%ce%b8%ce%b7%cf%81%ce%b1-8\/#primaryimage"},"thumbnailUrl":"https:\/\/ikastikos-kiklos.com\/wp-content\/uploads\/2017\/04\/\u03c7\u03ac\u03c1\u03bf\u03c2-\u03bc\u03b1\u03bd\u03ce\u03bb\u03b7\u03c2-\u03ba\u03cd\u03b8\u03b7\u03c1\u03b1-\u03bc\u03b5\u03c4\u03b1\u03be\u03bf\u03c4\u03c5\u03c0\u03af\u03b1.jpg","datePublished":"2017-04-13T12:46:45+00:00","dateModified":"2021-01-28T15:53:39+00:00","description":"Kythera silkscreen by Manolis Charos at Ikastikos Kiklos Sianti Gallery. 50 copies numbered and signed by the artist. Dimensions 47x47 cm.","breadcrumb":{"@id":"https:\/\/ikastikos-kiklos.com\/en\/product\/%ce%ba%cf%8d%ce%b8%ce%b7%cf%81%ce%b1-8\/#breadcrumb"},"inLanguage":"en-US","potentialAction":[{"@type":"ReadAction","target":["https:\/\/ikastikos-kiklos.com\/en\/product\/%ce%ba%cf%8d%ce%b8%ce%b7%cf%81%ce%b1-8\/"]}]},{"@type":"ImageObject","inLanguage":"en-US","@id":"https:\/\/ikastikos-kiklos.com\/en\/product\/%ce%ba%cf%8d%ce%b8%ce%b7%cf%81%ce%b1-8\/#primaryimage","url":"https:\/\/ikastikos-kiklos.com\/wp-content\/uploads\/2017\/04\/\u03c7\u03ac\u03c1\u03bf\u03c2-\u03bc\u03b1\u03bd\u03ce\u03bb\u03b7\u03c2-\u03ba\u03cd\u03b8\u03b7\u03c1\u03b1-\u03bc\u03b5\u03c4\u03b1\u03be\u03bf\u03c4\u03c5\u03c0\u03af\u03b1.jpg","contentUrl":"https:\/\/ikastikos-kiklos.com\/wp-content\/uploads\/2017\/04\/\u03c7\u03ac\u03c1\u03bf\u03c2-\u03bc\u03b1\u03bd\u03ce\u03bb\u03b7\u03c2-\u03ba\u03cd\u03b8\u03b7\u03c1\u03b1-\u03bc\u03b5\u03c4\u03b1\u03be\u03bf\u03c4\u03c5\u03c0\u03af\u03b1.jpg","width":1000,"height":999,"caption":"charos-manolis-kythera-silkscreen"},{"@type":"BreadcrumbList","@id":"https:\/\/ikastikos-kiklos.com\/en\/product\/%ce%ba%cf%8d%ce%b8%ce%b7%cf%81%ce%b1-8\/#breadcrumb","itemListElement":[{"@type":"ListItem","position":1,"name":"Home","item":"https:\/\/ikastikos-kiklos.com\/en\/"},{"@type":"ListItem","position":2,"name":"\u0388\u03c1\u03b3\u03b1 \u03c4\u03ad\u03c7\u03bd\u03b7\u03c2","item":"https:\/\/ikastikos-kiklos.com\/%ce%ad%cf%81%ce%b3%ce%b1-%cf%84%ce%ad%cf%87%ce%bd%ce%b7%cf%82\/"},{"@type":"ListItem","position":3,"name":"Kythera"}]},{"@type":"WebSite","@id":"https:\/\/ikastikos-kiklos.com\/en\/#website","url":"https:\/\/ikastikos-kiklos.com\/en\/","name":"Ikastikos Kiklos - Zografik\u00ed - Metaxotyp\u00edes - T\u00e9chniPainting - Silk Screen - Art","description":"","publisher":{"@id":"https:\/\/ikastikos-kiklos.com\/en\/#organization"},"potentialAction":[{"@type":"SearchAction","target":{"@type":"EntryPoint","urlTemplate":"https:\/\/ikastikos-kiklos.com\/en\/?s={search_term_string}"},"query-input":{"@type":"PropertyValueSpecification","valueRequired":true,"valueName":"search_term_string"}}],"inLanguage":"en-US"},{"@type":"Organization","@id":"https:\/\/ikastikos-kiklos.com\/en\/#organization","name":"Ikastikos Kiklos - Zografik\u00ed - Metaxotyp\u00edes - T\u00e9chniPainting - Silk Screen - Art","url":"https:\/\/ikastikos-kiklos.com\/en\/","logo":{"@type":"ImageObject","inLanguage":"en-US","@id":"https:\/\/ikastikos-kiklos.com\/en\/#\/schema\/logo\/image\/","url":"https:\/\/ikastikos-kiklos.com\/wp-content\/uploads\/2022\/10\/cropped-favicon_ikastikos.png","contentUrl":"https:\/\/ikastikos-kiklos.com\/wp-content\/uploads\/2022\/10\/cropped-favicon_ikastikos.png","width":512,"height":512,"caption":"Ikastikos Kiklos - Zografik\u00ed - Metaxotyp\u00edes - T\u00e9chniPainting - Silk Screen - Art"},"image":{"@id":"https:\/\/ikastikos-kiklos.com\/en\/#\/schema\/logo\/image\/"},"sameAs":["https:\/\/www.facebook.com\/ikastikoskiklossianti\/"]}]}},"_links":{"self":[{"href":"https:\/\/ikastikos-kiklos.com\/en\/wp-json\/wp\/v2\/product\/5415","targetHints":{"allow":["GET"]}}],"collection":[{"href":"https:\/\/ikastikos-kiklos.com\/en\/wp-json\/wp\/v2\/product"}],"about":[{"href":"https:\/\/ikastikos-kiklos.com\/en\/wp-json\/wp\/v2\/types\/product"}],"wp:featuredmedia":[{"embeddable":true,"href":"https:\/\/ikastikos-kiklos.com\/en\/wp-json\/wp\/v2\/media\/30413"}],"wp:attachment":[{"href":"https:\/\/ikastikos-kiklos.com\/en\/wp-json\/wp\/v2\/media?parent=5415"}],"wp:term":[{"taxonomy":"product_brand","embeddable":true,"href":"https:\/\/ikastikos-kiklos.com\/en\/wp-json\/wp\/v2\/product_brand?post=5415"},{"taxonomy":"product_cat","embeddable":true,"href":"https:\/\/ikastikos-kiklos.com\/en\/wp-json\/wp\/v2\/product_cat?post=5415"},{"taxonomy":"product_tag","embeddable":true,"href":"https:\/\/ikastikos-kiklos.com\/en\/wp-json\/wp\/v2\/product_tag?post=5415"}],"curies":[{"name":"wp","href":"https:\/\/api.w.org\/{rel}","templated":true}]}}