{"id":53046,"date":"2025-11-13T11:43:58","date_gmt":"2025-11-13T09:43:58","guid":{"rendered":"https:\/\/ikastikos-kiklos.com\/product\/the-sea-song\/"},"modified":"2025-11-13T11:47:53","modified_gmt":"2025-11-13T09:47:53","slug":"the-sea-song","status":"publish","type":"product","link":"https:\/\/ikastikos-kiklos.com\/en\/product\/the-sea-song\/","title":{"rendered":"The Sea Song"},"content":{"rendered":"","protected":false},"excerpt":{"rendered":"<p>Artwork of 2023<\/p>\n","protected":false},"featured_media":48578,"template":"","meta":{"ngg_post_thumbnail":0},"product_brand":[],"product_cat":[398,397],"product_tag":[3361],"class_list":{"0":"post-53046","1":"product","2":"type-product","3":"status-publish","4":"has-post-thumbnail","6":"product_cat-collections","7":"product_cat-painting","8":"product_tag-fotiadou-sofia","10":"first","11":"instock","12":"taxable","13":"shipping-taxable","14":"product-type-simple"},"yoast_head":"<!-- This site is optimized with the Yoast SEO plugin v27.2 - https:\/\/yoast.com\/product\/yoast-seo-wordpress\/ -->\n<title>The Sea Song Painting\u00a0by Sofia Fotiadou<\/title>\n<meta name=\"description\" content=\"The Sea Song Painting\u00a0by Sofia Fotiadou at Ikastikos Kiklos Sianti\u00a0in dimensions 60x60cm and oil on canvas\" \/>\n<meta name=\"robots\" content=\"index, follow, max-snippet:-1, max-image-preview:large, max-video-preview:-1\" \/>\n<link rel=\"canonical\" href=\"https:\/\/ikastikos-kiklos.com\/en\/product\/the-sea-song\/\" \/>\n<meta property=\"og:locale\" content=\"en_US\" \/>\n<meta property=\"og:type\" content=\"article\" \/>\n<meta property=\"og:title\" content=\"The Sea Song Painting\u00a0by Sofia Fotiadou\" \/>\n<meta property=\"og:description\" content=\"The Sea Song Painting\u00a0by Sofia Fotiadou at Ikastikos Kiklos Sianti\u00a0in dimensions 60x60cm and oil on canvas\" \/>\n<meta property=\"og:url\" content=\"https:\/\/ikastikos-kiklos.com\/en\/product\/the-sea-song\/\" \/>\n<meta property=\"og:site_name\" content=\"Ikastikos Kiklos - Zografik\u00ed - Metaxotyp\u00edes - T\u00e9chniPainting - Silk Screen - Art\" \/>\n<meta property=\"article:publisher\" content=\"https:\/\/www.facebook.com\/ikastikoskiklossianti\/\" \/>\n<meta property=\"article:modified_time\" content=\"2025-11-13T09:47:53+00:00\" \/>\n<meta property=\"og:image\" content=\"https:\/\/ikastikos-kiklos.com\/wp-content\/uploads\/2024\/05\/\u03c4\u03bf-\u03c4\u03c1\u03b1\u03b3\u03bf\u03cd\u03b4\u03b9-\u03c4\u03b7\u03c2-\u03b8\u03ac\u03bb\u03b1\u03c3\u03c3\u03b1\u03c2-\u03c6\u03c9\u03c4\u03b9\u03ac\u03b4\u03bf\u03c5-\u03c3\u03bf\u03c6\u03af\u03b1.jpg\" \/>\n\t<meta property=\"og:image:width\" content=\"1300\" \/>\n\t<meta property=\"og:image:height\" content=\"1300\" \/>\n\t<meta property=\"og:image:type\" content=\"image\/jpeg\" \/>\n<meta name=\"twitter:card\" content=\"summary_large_image\" \/>\n<script type=\"application\/ld+json\" class=\"yoast-schema-graph\">{\"@context\":\"https:\/\/schema.org\",\"@graph\":[{\"@type\":\"WebPage\",\"@id\":\"https:\/\/ikastikos-kiklos.com\/en\/product\/the-sea-song\/\",\"url\":\"https:\/\/ikastikos-kiklos.com\/en\/product\/the-sea-song\/\",\"name\":\"The Sea Song Painting\u00a0by Sofia Fotiadou\",\"isPartOf\":{\"@id\":\"https:\/\/ikastikos-kiklos.com\/en\/#website\"},\"primaryImageOfPage\":{\"@id\":\"https:\/\/ikastikos-kiklos.com\/en\/product\/the-sea-song\/#primaryimage\"},\"image\":{\"@id\":\"https:\/\/ikastikos-kiklos.com\/en\/product\/the-sea-song\/#primaryimage\"},\"thumbnailUrl\":\"https:\/\/ikastikos-kiklos.com\/wp-content\/uploads\/2024\/05\/\u03c4\u03bf-\u03c4\u03c1\u03b1\u03b3\u03bf\u03cd\u03b4\u03b9-\u03c4\u03b7\u03c2-\u03b8\u03ac\u03bb\u03b1\u03c3\u03c3\u03b1\u03c2-\u03c6\u03c9\u03c4\u03b9\u03ac\u03b4\u03bf\u03c5-\u03c3\u03bf\u03c6\u03af\u03b1.jpg\",\"datePublished\":\"2025-11-13T09:43:58+00:00\",\"dateModified\":\"2025-11-13T09:47:53+00:00\",\"description\":\"The Sea Song Painting\u00a0by Sofia Fotiadou at Ikastikos Kiklos Sianti\u00a0in dimensions 60x60cm and oil on canvas\",\"breadcrumb\":{\"@id\":\"https:\/\/ikastikos-kiklos.com\/en\/product\/the-sea-song\/#breadcrumb\"},\"inLanguage\":\"en-US\",\"potentialAction\":[{\"@type\":\"ReadAction\",\"target\":[\"https:\/\/ikastikos-kiklos.com\/en\/product\/the-sea-song\/\"]}]},{\"@type\":\"ImageObject\",\"inLanguage\":\"en-US\",\"@id\":\"https:\/\/ikastikos-kiklos.com\/en\/product\/the-sea-song\/#primaryimage\",\"url\":\"https:\/\/ikastikos-kiklos.com\/wp-content\/uploads\/2024\/05\/\u03c4\u03bf-\u03c4\u03c1\u03b1\u03b3\u03bf\u03cd\u03b4\u03b9-\u03c4\u03b7\u03c2-\u03b8\u03ac\u03bb\u03b1\u03c3\u03c3\u03b1\u03c2-\u03c6\u03c9\u03c4\u03b9\u03ac\u03b4\u03bf\u03c5-\u03c3\u03bf\u03c6\u03af\u03b1.jpg\",\"contentUrl\":\"https:\/\/ikastikos-kiklos.com\/wp-content\/uploads\/2024\/05\/\u03c4\u03bf-\u03c4\u03c1\u03b1\u03b3\u03bf\u03cd\u03b4\u03b9-\u03c4\u03b7\u03c2-\u03b8\u03ac\u03bb\u03b1\u03c3\u03c3\u03b1\u03c2-\u03c6\u03c9\u03c4\u03b9\u03ac\u03b4\u03bf\u03c5-\u03c3\u03bf\u03c6\u03af\u03b1.jpg\",\"width\":1300,\"height\":1300,\"caption\":\"\u03c4\u03bf-\u03c4\u03c1\u03b1\u03b3\u03bf\u03cd\u03b4\u03b9-\u03c4\u03b7\u03c2-\u03b8\u03ac\u03bb\u03b1\u03c3\u03c3\u03b1\u03c2-\u03c6\u03c9\u03c4\u03b9\u03ac\u03b4\u03bf\u03c5-\u03c3\u03bf\u03c6\u03af\u03b1\"},{\"@type\":\"BreadcrumbList\",\"@id\":\"https:\/\/ikastikos-kiklos.com\/en\/product\/the-sea-song\/#breadcrumb\",\"itemListElement\":[{\"@type\":\"ListItem\",\"position\":1,\"name\":\"Home\",\"item\":\"https:\/\/ikastikos-kiklos.com\/en\/\"},{\"@type\":\"ListItem\",\"position\":2,\"name\":\"\u0388\u03c1\u03b3\u03b1 \u03c4\u03ad\u03c7\u03bd\u03b7\u03c2\",\"item\":\"https:\/\/ikastikos-kiklos.com\/%ce%ad%cf%81%ce%b3%ce%b1-%cf%84%ce%ad%cf%87%ce%bd%ce%b7%cf%82\/\"},{\"@type\":\"ListItem\",\"position\":3,\"name\":\"The Sea Song\"}]},{\"@type\":\"WebSite\",\"@id\":\"https:\/\/ikastikos-kiklos.com\/en\/#website\",\"url\":\"https:\/\/ikastikos-kiklos.com\/en\/\",\"name\":\"Ikastikos Kiklos - Zografik\u00ed - Metaxotyp\u00edes - T\u00e9chniPainting - Silk Screen - Art\",\"description\":\"\",\"publisher\":{\"@id\":\"https:\/\/ikastikos-kiklos.com\/en\/#organization\"},\"potentialAction\":[{\"@type\":\"SearchAction\",\"target\":{\"@type\":\"EntryPoint\",\"urlTemplate\":\"https:\/\/ikastikos-kiklos.com\/en\/?s={search_term_string}\"},\"query-input\":{\"@type\":\"PropertyValueSpecification\",\"valueRequired\":true,\"valueName\":\"search_term_string\"}}],\"inLanguage\":\"en-US\"},{\"@type\":\"Organization\",\"@id\":\"https:\/\/ikastikos-kiklos.com\/en\/#organization\",\"name\":\"Ikastikos Kiklos - Zografik\u00ed - Metaxotyp\u00edes - T\u00e9chniPainting - Silk Screen - Art\",\"url\":\"https:\/\/ikastikos-kiklos.com\/en\/\",\"logo\":{\"@type\":\"ImageObject\",\"inLanguage\":\"en-US\",\"@id\":\"https:\/\/ikastikos-kiklos.com\/en\/#\/schema\/logo\/image\/\",\"url\":\"https:\/\/ikastikos-kiklos.com\/wp-content\/uploads\/2022\/10\/cropped-favicon_ikastikos.png\",\"contentUrl\":\"https:\/\/ikastikos-kiklos.com\/wp-content\/uploads\/2022\/10\/cropped-favicon_ikastikos.png\",\"width\":512,\"height\":512,\"caption\":\"Ikastikos Kiklos - Zografik\u00ed - Metaxotyp\u00edes - T\u00e9chniPainting - Silk Screen - Art\"},\"image\":{\"@id\":\"https:\/\/ikastikos-kiklos.com\/en\/#\/schema\/logo\/image\/\"},\"sameAs\":[\"https:\/\/www.facebook.com\/ikastikoskiklossianti\/\"]}]}<\/script>\n<!-- \/ Yoast SEO plugin. -->","yoast_head_json":{"title":"The Sea Song Painting\u00a0by Sofia Fotiadou","description":"The Sea Song Painting\u00a0by Sofia Fotiadou at Ikastikos Kiklos Sianti\u00a0in dimensions 60x60cm and oil on canvas","robots":{"index":"index","follow":"follow","max-snippet":"max-snippet:-1","max-image-preview":"max-image-preview:large","max-video-preview":"max-video-preview:-1"},"canonical":"https:\/\/ikastikos-kiklos.com\/en\/product\/the-sea-song\/","og_locale":"en_US","og_type":"article","og_title":"The Sea Song Painting\u00a0by Sofia Fotiadou","og_description":"The Sea Song Painting\u00a0by Sofia Fotiadou at Ikastikos Kiklos Sianti\u00a0in dimensions 60x60cm and oil on canvas","og_url":"https:\/\/ikastikos-kiklos.com\/en\/product\/the-sea-song\/","og_site_name":"Ikastikos Kiklos - Zografik\u00ed - Metaxotyp\u00edes - T\u00e9chniPainting - Silk Screen - Art","article_publisher":"https:\/\/www.facebook.com\/ikastikoskiklossianti\/","article_modified_time":"2025-11-13T09:47:53+00:00","og_image":[{"width":1300,"height":1300,"url":"https:\/\/ikastikos-kiklos.com\/wp-content\/uploads\/2024\/05\/\u03c4\u03bf-\u03c4\u03c1\u03b1\u03b3\u03bf\u03cd\u03b4\u03b9-\u03c4\u03b7\u03c2-\u03b8\u03ac\u03bb\u03b1\u03c3\u03c3\u03b1\u03c2-\u03c6\u03c9\u03c4\u03b9\u03ac\u03b4\u03bf\u03c5-\u03c3\u03bf\u03c6\u03af\u03b1.jpg","type":"image\/jpeg"}],"twitter_card":"summary_large_image","schema":{"@context":"https:\/\/schema.org","@graph":[{"@type":"WebPage","@id":"https:\/\/ikastikos-kiklos.com\/en\/product\/the-sea-song\/","url":"https:\/\/ikastikos-kiklos.com\/en\/product\/the-sea-song\/","name":"The Sea Song Painting\u00a0by Sofia Fotiadou","isPartOf":{"@id":"https:\/\/ikastikos-kiklos.com\/en\/#website"},"primaryImageOfPage":{"@id":"https:\/\/ikastikos-kiklos.com\/en\/product\/the-sea-song\/#primaryimage"},"image":{"@id":"https:\/\/ikastikos-kiklos.com\/en\/product\/the-sea-song\/#primaryimage"},"thumbnailUrl":"https:\/\/ikastikos-kiklos.com\/wp-content\/uploads\/2024\/05\/\u03c4\u03bf-\u03c4\u03c1\u03b1\u03b3\u03bf\u03cd\u03b4\u03b9-\u03c4\u03b7\u03c2-\u03b8\u03ac\u03bb\u03b1\u03c3\u03c3\u03b1\u03c2-\u03c6\u03c9\u03c4\u03b9\u03ac\u03b4\u03bf\u03c5-\u03c3\u03bf\u03c6\u03af\u03b1.jpg","datePublished":"2025-11-13T09:43:58+00:00","dateModified":"2025-11-13T09:47:53+00:00","description":"The Sea Song Painting\u00a0by Sofia Fotiadou at Ikastikos Kiklos Sianti\u00a0in dimensions 60x60cm and oil on canvas","breadcrumb":{"@id":"https:\/\/ikastikos-kiklos.com\/en\/product\/the-sea-song\/#breadcrumb"},"inLanguage":"en-US","potentialAction":[{"@type":"ReadAction","target":["https:\/\/ikastikos-kiklos.com\/en\/product\/the-sea-song\/"]}]},{"@type":"ImageObject","inLanguage":"en-US","@id":"https:\/\/ikastikos-kiklos.com\/en\/product\/the-sea-song\/#primaryimage","url":"https:\/\/ikastikos-kiklos.com\/wp-content\/uploads\/2024\/05\/\u03c4\u03bf-\u03c4\u03c1\u03b1\u03b3\u03bf\u03cd\u03b4\u03b9-\u03c4\u03b7\u03c2-\u03b8\u03ac\u03bb\u03b1\u03c3\u03c3\u03b1\u03c2-\u03c6\u03c9\u03c4\u03b9\u03ac\u03b4\u03bf\u03c5-\u03c3\u03bf\u03c6\u03af\u03b1.jpg","contentUrl":"https:\/\/ikastikos-kiklos.com\/wp-content\/uploads\/2024\/05\/\u03c4\u03bf-\u03c4\u03c1\u03b1\u03b3\u03bf\u03cd\u03b4\u03b9-\u03c4\u03b7\u03c2-\u03b8\u03ac\u03bb\u03b1\u03c3\u03c3\u03b1\u03c2-\u03c6\u03c9\u03c4\u03b9\u03ac\u03b4\u03bf\u03c5-\u03c3\u03bf\u03c6\u03af\u03b1.jpg","width":1300,"height":1300,"caption":"\u03c4\u03bf-\u03c4\u03c1\u03b1\u03b3\u03bf\u03cd\u03b4\u03b9-\u03c4\u03b7\u03c2-\u03b8\u03ac\u03bb\u03b1\u03c3\u03c3\u03b1\u03c2-\u03c6\u03c9\u03c4\u03b9\u03ac\u03b4\u03bf\u03c5-\u03c3\u03bf\u03c6\u03af\u03b1"},{"@type":"BreadcrumbList","@id":"https:\/\/ikastikos-kiklos.com\/en\/product\/the-sea-song\/#breadcrumb","itemListElement":[{"@type":"ListItem","position":1,"name":"Home","item":"https:\/\/ikastikos-kiklos.com\/en\/"},{"@type":"ListItem","position":2,"name":"\u0388\u03c1\u03b3\u03b1 \u03c4\u03ad\u03c7\u03bd\u03b7\u03c2","item":"https:\/\/ikastikos-kiklos.com\/%ce%ad%cf%81%ce%b3%ce%b1-%cf%84%ce%ad%cf%87%ce%bd%ce%b7%cf%82\/"},{"@type":"ListItem","position":3,"name":"The Sea Song"}]},{"@type":"WebSite","@id":"https:\/\/ikastikos-kiklos.com\/en\/#website","url":"https:\/\/ikastikos-kiklos.com\/en\/","name":"Ikastikos Kiklos - Zografik\u00ed - Metaxotyp\u00edes - T\u00e9chniPainting - Silk Screen - Art","description":"","publisher":{"@id":"https:\/\/ikastikos-kiklos.com\/en\/#organization"},"potentialAction":[{"@type":"SearchAction","target":{"@type":"EntryPoint","urlTemplate":"https:\/\/ikastikos-kiklos.com\/en\/?s={search_term_string}"},"query-input":{"@type":"PropertyValueSpecification","valueRequired":true,"valueName":"search_term_string"}}],"inLanguage":"en-US"},{"@type":"Organization","@id":"https:\/\/ikastikos-kiklos.com\/en\/#organization","name":"Ikastikos Kiklos - Zografik\u00ed - Metaxotyp\u00edes - T\u00e9chniPainting - Silk Screen - Art","url":"https:\/\/ikastikos-kiklos.com\/en\/","logo":{"@type":"ImageObject","inLanguage":"en-US","@id":"https:\/\/ikastikos-kiklos.com\/en\/#\/schema\/logo\/image\/","url":"https:\/\/ikastikos-kiklos.com\/wp-content\/uploads\/2022\/10\/cropped-favicon_ikastikos.png","contentUrl":"https:\/\/ikastikos-kiklos.com\/wp-content\/uploads\/2022\/10\/cropped-favicon_ikastikos.png","width":512,"height":512,"caption":"Ikastikos Kiklos - Zografik\u00ed - Metaxotyp\u00edes - T\u00e9chniPainting - Silk Screen - Art"},"image":{"@id":"https:\/\/ikastikos-kiklos.com\/en\/#\/schema\/logo\/image\/"},"sameAs":["https:\/\/www.facebook.com\/ikastikoskiklossianti\/"]}]}},"_links":{"self":[{"href":"https:\/\/ikastikos-kiklos.com\/en\/wp-json\/wp\/v2\/product\/53046","targetHints":{"allow":["GET"]}}],"collection":[{"href":"https:\/\/ikastikos-kiklos.com\/en\/wp-json\/wp\/v2\/product"}],"about":[{"href":"https:\/\/ikastikos-kiklos.com\/en\/wp-json\/wp\/v2\/types\/product"}],"wp:featuredmedia":[{"embeddable":true,"href":"https:\/\/ikastikos-kiklos.com\/en\/wp-json\/wp\/v2\/media\/48578"}],"wp:attachment":[{"href":"https:\/\/ikastikos-kiklos.com\/en\/wp-json\/wp\/v2\/media?parent=53046"}],"wp:term":[{"taxonomy":"product_brand","embeddable":true,"href":"https:\/\/ikastikos-kiklos.com\/en\/wp-json\/wp\/v2\/product_brand?post=53046"},{"taxonomy":"product_cat","embeddable":true,"href":"https:\/\/ikastikos-kiklos.com\/en\/wp-json\/wp\/v2\/product_cat?post=53046"},{"taxonomy":"product_tag","embeddable":true,"href":"https:\/\/ikastikos-kiklos.com\/en\/wp-json\/wp\/v2\/product_tag?post=53046"}],"curies":[{"name":"wp","href":"https:\/\/api.w.org\/{rel}","templated":true}]}}