{"id":53040,"date":"2025-11-12T21:06:09","date_gmt":"2025-11-12T19:06:09","guid":{"rendered":"https:\/\/ikastikos-kiklos.com\/product\/girl-with-harp-4\/"},"modified":"2025-11-12T21:08:41","modified_gmt":"2025-11-12T19:08:41","slug":"girl-with-harp-4","status":"publish","type":"product","link":"https:\/\/ikastikos-kiklos.com\/en\/product\/girl-with-harp-4\/","title":{"rendered":"Girl with Harp"},"content":{"rendered":"<p>Girl with Harp<span class=\"Apple-converted-space\">&nbsp;<\/span>Painting&nbsp;by Giorgos Stathopoulos&nbsp;at Ikastikos Kiklos Sianti&nbsp;in dimensions 40x60cm. Acrylics on canvas.&nbsp;Purchase artworks by Greek artists from the Ikastikos Kiklos Sianti e-shop with a guarantee of authenticity.<\/p>\n","protected":false},"excerpt":{"rendered":"<p>Artwork of 2024<\/p>\n","protected":false},"featured_media":51123,"template":"","meta":{"ngg_post_thumbnail":0},"product_brand":[],"product_cat":[398,397],"product_tag":[2274],"class_list":{"0":"post-53040","1":"product","2":"type-product","3":"status-publish","4":"has-post-thumbnail","6":"product_cat-collections","7":"product_cat-painting","8":"product_tag---en","10":"first","11":"instock","12":"taxable","13":"shipping-taxable","14":"product-type-simple"},"yoast_head":"<!-- This site is optimized with the Yoast SEO plugin v27.2 - https:\/\/yoast.com\/product\/yoast-seo-wordpress\/ -->\n<title>Girl with Harp\u00a0Painting\u00a0by Giorgos Stathopoulos<\/title>\n<meta name=\"description\" content=\"Girl with Harp\u00a0Painting\u00a0by Giorgos Stathopoulos\u00a0at Ikastikos Kiklos Sianti\u00a0in dimensions 40x60cm. Acrylics on canvas.\u00a0Purchase artworks by Greek artists\" \/>\n<meta name=\"robots\" content=\"index, follow, max-snippet:-1, max-image-preview:large, max-video-preview:-1\" \/>\n<link rel=\"canonical\" href=\"https:\/\/ikastikos-kiklos.com\/en\/product\/girl-with-harp-4\/\" \/>\n<meta property=\"og:locale\" content=\"en_US\" \/>\n<meta property=\"og:type\" content=\"article\" \/>\n<meta property=\"og:title\" content=\"Girl with Harp\u00a0Painting\u00a0by Giorgos Stathopoulos\" \/>\n<meta property=\"og:description\" content=\"Girl with Harp\u00a0Painting\u00a0by Giorgos Stathopoulos\u00a0at Ikastikos Kiklos Sianti\u00a0in dimensions 40x60cm. Acrylics on canvas.\u00a0Purchase artworks by Greek artists\" \/>\n<meta property=\"og:url\" content=\"https:\/\/ikastikos-kiklos.com\/en\/product\/girl-with-harp-4\/\" \/>\n<meta property=\"og:site_name\" content=\"Ikastikos Kiklos - Zografik\u00ed - Metaxotyp\u00edes - T\u00e9chniPainting - Silk Screen - Art\" \/>\n<meta property=\"article:publisher\" content=\"https:\/\/www.facebook.com\/ikastikoskiklossianti\/\" \/>\n<meta property=\"article:modified_time\" content=\"2025-11-12T19:08:41+00:00\" \/>\n<meta property=\"og:image\" content=\"https:\/\/ikastikos-kiklos.com\/wp-content\/uploads\/2025\/03\/\u03ba\u03bf\u03c0\u03ad\u03bb\u03b1-\u03bc\u03b5-\u03ac\u03c1\u03c0\u03b1-\u03c3\u03c4\u03b1\u03b8\u03cc\u03c0\u03bf\u03c5\u03bb\u03bf\u03c2-\u03b3\u03b9\u03ce\u03c1\u03b3\u03bf\u03c2-\u03b6\u03c9\u03b3\u03c1\u03b1\u03c6\u03b9\u03ba\u03ae-\u03c0\u03af\u03bd\u03b1\u03ba\u03b1\u03c2-\u03ad\u03c1\u03b3\u03bf-\u03c4\u03ad\u03c7\u03bd\u03b7\u03c2.jpg\" \/>\n\t<meta property=\"og:image:width\" content=\"900\" \/>\n\t<meta property=\"og:image:height\" content=\"1359\" \/>\n\t<meta property=\"og:image:type\" content=\"image\/jpeg\" \/>\n<meta name=\"twitter:card\" content=\"summary_large_image\" \/>\n<script type=\"application\/ld+json\" class=\"yoast-schema-graph\">{\"@context\":\"https:\/\/schema.org\",\"@graph\":[{\"@type\":\"WebPage\",\"@id\":\"https:\/\/ikastikos-kiklos.com\/en\/product\/girl-with-harp-4\/\",\"url\":\"https:\/\/ikastikos-kiklos.com\/en\/product\/girl-with-harp-4\/\",\"name\":\"Girl with Harp\u00a0Painting\u00a0by Giorgos Stathopoulos\",\"isPartOf\":{\"@id\":\"https:\/\/ikastikos-kiklos.com\/en\/#website\"},\"primaryImageOfPage\":{\"@id\":\"https:\/\/ikastikos-kiklos.com\/en\/product\/girl-with-harp-4\/#primaryimage\"},\"image\":{\"@id\":\"https:\/\/ikastikos-kiklos.com\/en\/product\/girl-with-harp-4\/#primaryimage\"},\"thumbnailUrl\":\"https:\/\/ikastikos-kiklos.com\/wp-content\/uploads\/2025\/03\/\u03ba\u03bf\u03c0\u03ad\u03bb\u03b1-\u03bc\u03b5-\u03ac\u03c1\u03c0\u03b1-\u03c3\u03c4\u03b1\u03b8\u03cc\u03c0\u03bf\u03c5\u03bb\u03bf\u03c2-\u03b3\u03b9\u03ce\u03c1\u03b3\u03bf\u03c2-\u03b6\u03c9\u03b3\u03c1\u03b1\u03c6\u03b9\u03ba\u03ae-\u03c0\u03af\u03bd\u03b1\u03ba\u03b1\u03c2-\u03ad\u03c1\u03b3\u03bf-\u03c4\u03ad\u03c7\u03bd\u03b7\u03c2.jpg\",\"datePublished\":\"2025-11-12T19:06:09+00:00\",\"dateModified\":\"2025-11-12T19:08:41+00:00\",\"description\":\"Girl with Harp\u00a0Painting\u00a0by Giorgos Stathopoulos\u00a0at Ikastikos Kiklos Sianti\u00a0in dimensions 40x60cm. Acrylics on canvas.\u00a0Purchase artworks by Greek artists\",\"breadcrumb\":{\"@id\":\"https:\/\/ikastikos-kiklos.com\/en\/product\/girl-with-harp-4\/#breadcrumb\"},\"inLanguage\":\"en-US\",\"potentialAction\":[{\"@type\":\"ReadAction\",\"target\":[\"https:\/\/ikastikos-kiklos.com\/en\/product\/girl-with-harp-4\/\"]}]},{\"@type\":\"ImageObject\",\"inLanguage\":\"en-US\",\"@id\":\"https:\/\/ikastikos-kiklos.com\/en\/product\/girl-with-harp-4\/#primaryimage\",\"url\":\"https:\/\/ikastikos-kiklos.com\/wp-content\/uploads\/2025\/03\/\u03ba\u03bf\u03c0\u03ad\u03bb\u03b1-\u03bc\u03b5-\u03ac\u03c1\u03c0\u03b1-\u03c3\u03c4\u03b1\u03b8\u03cc\u03c0\u03bf\u03c5\u03bb\u03bf\u03c2-\u03b3\u03b9\u03ce\u03c1\u03b3\u03bf\u03c2-\u03b6\u03c9\u03b3\u03c1\u03b1\u03c6\u03b9\u03ba\u03ae-\u03c0\u03af\u03bd\u03b1\u03ba\u03b1\u03c2-\u03ad\u03c1\u03b3\u03bf-\u03c4\u03ad\u03c7\u03bd\u03b7\u03c2.jpg\",\"contentUrl\":\"https:\/\/ikastikos-kiklos.com\/wp-content\/uploads\/2025\/03\/\u03ba\u03bf\u03c0\u03ad\u03bb\u03b1-\u03bc\u03b5-\u03ac\u03c1\u03c0\u03b1-\u03c3\u03c4\u03b1\u03b8\u03cc\u03c0\u03bf\u03c5\u03bb\u03bf\u03c2-\u03b3\u03b9\u03ce\u03c1\u03b3\u03bf\u03c2-\u03b6\u03c9\u03b3\u03c1\u03b1\u03c6\u03b9\u03ba\u03ae-\u03c0\u03af\u03bd\u03b1\u03ba\u03b1\u03c2-\u03ad\u03c1\u03b3\u03bf-\u03c4\u03ad\u03c7\u03bd\u03b7\u03c2.jpg\",\"width\":900,\"height\":1359,\"caption\":\"\u03ba\u03bf\u03c0\u03ad\u03bb\u03b1 \u03bc\u03b5 \u03ac\u03c1\u03c0\u03b1 \u03b1\u03c0\u03cc \u03c4\u03bf\u03bd \u03c3\u03c4\u03b1\u03b8\u03cc\u03c0\u03bf\u03c5\u03bb\u03bf \u03b3\u03b9\u03ce\u03c1\u03b3\u03bf - \u03a3\u03cd\u03b3\u03c7\u03c1\u03bf\u03bd\u03b7 \u0395\u03bb\u03bb\u03b7\u03bd\u03b9\u03ba\u03ae \u0396\u03c9\u03b3\u03c1\u03b1\u03c6\u03b9\u03ba\u03ae - \u0391\u03c5\u03b8\u03b5\u03bd\u03c4\u03b9\u03ba\u03cc \u0388\u03c1\u03b3\u03bf\"},{\"@type\":\"BreadcrumbList\",\"@id\":\"https:\/\/ikastikos-kiklos.com\/en\/product\/girl-with-harp-4\/#breadcrumb\",\"itemListElement\":[{\"@type\":\"ListItem\",\"position\":1,\"name\":\"Home\",\"item\":\"https:\/\/ikastikos-kiklos.com\/en\/\"},{\"@type\":\"ListItem\",\"position\":2,\"name\":\"\u0388\u03c1\u03b3\u03b1 \u03c4\u03ad\u03c7\u03bd\u03b7\u03c2\",\"item\":\"https:\/\/ikastikos-kiklos.com\/%ce%ad%cf%81%ce%b3%ce%b1-%cf%84%ce%ad%cf%87%ce%bd%ce%b7%cf%82\/\"},{\"@type\":\"ListItem\",\"position\":3,\"name\":\"Girl with Harp\"}]},{\"@type\":\"WebSite\",\"@id\":\"https:\/\/ikastikos-kiklos.com\/en\/#website\",\"url\":\"https:\/\/ikastikos-kiklos.com\/en\/\",\"name\":\"Ikastikos Kiklos - Zografik\u00ed - Metaxotyp\u00edes - T\u00e9chniPainting - Silk Screen - Art\",\"description\":\"\",\"publisher\":{\"@id\":\"https:\/\/ikastikos-kiklos.com\/en\/#organization\"},\"potentialAction\":[{\"@type\":\"SearchAction\",\"target\":{\"@type\":\"EntryPoint\",\"urlTemplate\":\"https:\/\/ikastikos-kiklos.com\/en\/?s={search_term_string}\"},\"query-input\":{\"@type\":\"PropertyValueSpecification\",\"valueRequired\":true,\"valueName\":\"search_term_string\"}}],\"inLanguage\":\"en-US\"},{\"@type\":\"Organization\",\"@id\":\"https:\/\/ikastikos-kiklos.com\/en\/#organization\",\"name\":\"Ikastikos Kiklos - Zografik\u00ed - Metaxotyp\u00edes - T\u00e9chniPainting - Silk Screen - Art\",\"url\":\"https:\/\/ikastikos-kiklos.com\/en\/\",\"logo\":{\"@type\":\"ImageObject\",\"inLanguage\":\"en-US\",\"@id\":\"https:\/\/ikastikos-kiklos.com\/en\/#\/schema\/logo\/image\/\",\"url\":\"https:\/\/ikastikos-kiklos.com\/wp-content\/uploads\/2022\/10\/cropped-favicon_ikastikos.png\",\"contentUrl\":\"https:\/\/ikastikos-kiklos.com\/wp-content\/uploads\/2022\/10\/cropped-favicon_ikastikos.png\",\"width\":512,\"height\":512,\"caption\":\"Ikastikos Kiklos - Zografik\u00ed - Metaxotyp\u00edes - T\u00e9chniPainting - Silk Screen - Art\"},\"image\":{\"@id\":\"https:\/\/ikastikos-kiklos.com\/en\/#\/schema\/logo\/image\/\"},\"sameAs\":[\"https:\/\/www.facebook.com\/ikastikoskiklossianti\/\"]}]}<\/script>\n<!-- \/ Yoast SEO plugin. -->","yoast_head_json":{"title":"Girl with Harp\u00a0Painting\u00a0by Giorgos Stathopoulos","description":"Girl with Harp\u00a0Painting\u00a0by Giorgos Stathopoulos\u00a0at Ikastikos Kiklos Sianti\u00a0in dimensions 40x60cm. Acrylics on canvas.\u00a0Purchase artworks by Greek artists","robots":{"index":"index","follow":"follow","max-snippet":"max-snippet:-1","max-image-preview":"max-image-preview:large","max-video-preview":"max-video-preview:-1"},"canonical":"https:\/\/ikastikos-kiklos.com\/en\/product\/girl-with-harp-4\/","og_locale":"en_US","og_type":"article","og_title":"Girl with Harp\u00a0Painting\u00a0by Giorgos Stathopoulos","og_description":"Girl with Harp\u00a0Painting\u00a0by Giorgos Stathopoulos\u00a0at Ikastikos Kiklos Sianti\u00a0in dimensions 40x60cm. Acrylics on canvas.\u00a0Purchase artworks by Greek artists","og_url":"https:\/\/ikastikos-kiklos.com\/en\/product\/girl-with-harp-4\/","og_site_name":"Ikastikos Kiklos - Zografik\u00ed - Metaxotyp\u00edes - T\u00e9chniPainting - Silk Screen - Art","article_publisher":"https:\/\/www.facebook.com\/ikastikoskiklossianti\/","article_modified_time":"2025-11-12T19:08:41+00:00","og_image":[{"width":900,"height":1359,"url":"https:\/\/ikastikos-kiklos.com\/wp-content\/uploads\/2025\/03\/\u03ba\u03bf\u03c0\u03ad\u03bb\u03b1-\u03bc\u03b5-\u03ac\u03c1\u03c0\u03b1-\u03c3\u03c4\u03b1\u03b8\u03cc\u03c0\u03bf\u03c5\u03bb\u03bf\u03c2-\u03b3\u03b9\u03ce\u03c1\u03b3\u03bf\u03c2-\u03b6\u03c9\u03b3\u03c1\u03b1\u03c6\u03b9\u03ba\u03ae-\u03c0\u03af\u03bd\u03b1\u03ba\u03b1\u03c2-\u03ad\u03c1\u03b3\u03bf-\u03c4\u03ad\u03c7\u03bd\u03b7\u03c2.jpg","type":"image\/jpeg"}],"twitter_card":"summary_large_image","schema":{"@context":"https:\/\/schema.org","@graph":[{"@type":"WebPage","@id":"https:\/\/ikastikos-kiklos.com\/en\/product\/girl-with-harp-4\/","url":"https:\/\/ikastikos-kiklos.com\/en\/product\/girl-with-harp-4\/","name":"Girl with Harp\u00a0Painting\u00a0by Giorgos Stathopoulos","isPartOf":{"@id":"https:\/\/ikastikos-kiklos.com\/en\/#website"},"primaryImageOfPage":{"@id":"https:\/\/ikastikos-kiklos.com\/en\/product\/girl-with-harp-4\/#primaryimage"},"image":{"@id":"https:\/\/ikastikos-kiklos.com\/en\/product\/girl-with-harp-4\/#primaryimage"},"thumbnailUrl":"https:\/\/ikastikos-kiklos.com\/wp-content\/uploads\/2025\/03\/\u03ba\u03bf\u03c0\u03ad\u03bb\u03b1-\u03bc\u03b5-\u03ac\u03c1\u03c0\u03b1-\u03c3\u03c4\u03b1\u03b8\u03cc\u03c0\u03bf\u03c5\u03bb\u03bf\u03c2-\u03b3\u03b9\u03ce\u03c1\u03b3\u03bf\u03c2-\u03b6\u03c9\u03b3\u03c1\u03b1\u03c6\u03b9\u03ba\u03ae-\u03c0\u03af\u03bd\u03b1\u03ba\u03b1\u03c2-\u03ad\u03c1\u03b3\u03bf-\u03c4\u03ad\u03c7\u03bd\u03b7\u03c2.jpg","datePublished":"2025-11-12T19:06:09+00:00","dateModified":"2025-11-12T19:08:41+00:00","description":"Girl with Harp\u00a0Painting\u00a0by Giorgos Stathopoulos\u00a0at Ikastikos Kiklos Sianti\u00a0in dimensions 40x60cm. Acrylics on canvas.\u00a0Purchase artworks by Greek artists","breadcrumb":{"@id":"https:\/\/ikastikos-kiklos.com\/en\/product\/girl-with-harp-4\/#breadcrumb"},"inLanguage":"en-US","potentialAction":[{"@type":"ReadAction","target":["https:\/\/ikastikos-kiklos.com\/en\/product\/girl-with-harp-4\/"]}]},{"@type":"ImageObject","inLanguage":"en-US","@id":"https:\/\/ikastikos-kiklos.com\/en\/product\/girl-with-harp-4\/#primaryimage","url":"https:\/\/ikastikos-kiklos.com\/wp-content\/uploads\/2025\/03\/\u03ba\u03bf\u03c0\u03ad\u03bb\u03b1-\u03bc\u03b5-\u03ac\u03c1\u03c0\u03b1-\u03c3\u03c4\u03b1\u03b8\u03cc\u03c0\u03bf\u03c5\u03bb\u03bf\u03c2-\u03b3\u03b9\u03ce\u03c1\u03b3\u03bf\u03c2-\u03b6\u03c9\u03b3\u03c1\u03b1\u03c6\u03b9\u03ba\u03ae-\u03c0\u03af\u03bd\u03b1\u03ba\u03b1\u03c2-\u03ad\u03c1\u03b3\u03bf-\u03c4\u03ad\u03c7\u03bd\u03b7\u03c2.jpg","contentUrl":"https:\/\/ikastikos-kiklos.com\/wp-content\/uploads\/2025\/03\/\u03ba\u03bf\u03c0\u03ad\u03bb\u03b1-\u03bc\u03b5-\u03ac\u03c1\u03c0\u03b1-\u03c3\u03c4\u03b1\u03b8\u03cc\u03c0\u03bf\u03c5\u03bb\u03bf\u03c2-\u03b3\u03b9\u03ce\u03c1\u03b3\u03bf\u03c2-\u03b6\u03c9\u03b3\u03c1\u03b1\u03c6\u03b9\u03ba\u03ae-\u03c0\u03af\u03bd\u03b1\u03ba\u03b1\u03c2-\u03ad\u03c1\u03b3\u03bf-\u03c4\u03ad\u03c7\u03bd\u03b7\u03c2.jpg","width":900,"height":1359,"caption":"\u03ba\u03bf\u03c0\u03ad\u03bb\u03b1 \u03bc\u03b5 \u03ac\u03c1\u03c0\u03b1 \u03b1\u03c0\u03cc \u03c4\u03bf\u03bd \u03c3\u03c4\u03b1\u03b8\u03cc\u03c0\u03bf\u03c5\u03bb\u03bf \u03b3\u03b9\u03ce\u03c1\u03b3\u03bf - \u03a3\u03cd\u03b3\u03c7\u03c1\u03bf\u03bd\u03b7 \u0395\u03bb\u03bb\u03b7\u03bd\u03b9\u03ba\u03ae \u0396\u03c9\u03b3\u03c1\u03b1\u03c6\u03b9\u03ba\u03ae - \u0391\u03c5\u03b8\u03b5\u03bd\u03c4\u03b9\u03ba\u03cc \u0388\u03c1\u03b3\u03bf"},{"@type":"BreadcrumbList","@id":"https:\/\/ikastikos-kiklos.com\/en\/product\/girl-with-harp-4\/#breadcrumb","itemListElement":[{"@type":"ListItem","position":1,"name":"Home","item":"https:\/\/ikastikos-kiklos.com\/en\/"},{"@type":"ListItem","position":2,"name":"\u0388\u03c1\u03b3\u03b1 \u03c4\u03ad\u03c7\u03bd\u03b7\u03c2","item":"https:\/\/ikastikos-kiklos.com\/%ce%ad%cf%81%ce%b3%ce%b1-%cf%84%ce%ad%cf%87%ce%bd%ce%b7%cf%82\/"},{"@type":"ListItem","position":3,"name":"Girl with Harp"}]},{"@type":"WebSite","@id":"https:\/\/ikastikos-kiklos.com\/en\/#website","url":"https:\/\/ikastikos-kiklos.com\/en\/","name":"Ikastikos Kiklos - Zografik\u00ed - Metaxotyp\u00edes - T\u00e9chniPainting - Silk Screen - Art","description":"","publisher":{"@id":"https:\/\/ikastikos-kiklos.com\/en\/#organization"},"potentialAction":[{"@type":"SearchAction","target":{"@type":"EntryPoint","urlTemplate":"https:\/\/ikastikos-kiklos.com\/en\/?s={search_term_string}"},"query-input":{"@type":"PropertyValueSpecification","valueRequired":true,"valueName":"search_term_string"}}],"inLanguage":"en-US"},{"@type":"Organization","@id":"https:\/\/ikastikos-kiklos.com\/en\/#organization","name":"Ikastikos Kiklos - Zografik\u00ed - Metaxotyp\u00edes - T\u00e9chniPainting - Silk Screen - Art","url":"https:\/\/ikastikos-kiklos.com\/en\/","logo":{"@type":"ImageObject","inLanguage":"en-US","@id":"https:\/\/ikastikos-kiklos.com\/en\/#\/schema\/logo\/image\/","url":"https:\/\/ikastikos-kiklos.com\/wp-content\/uploads\/2022\/10\/cropped-favicon_ikastikos.png","contentUrl":"https:\/\/ikastikos-kiklos.com\/wp-content\/uploads\/2022\/10\/cropped-favicon_ikastikos.png","width":512,"height":512,"caption":"Ikastikos Kiklos - Zografik\u00ed - Metaxotyp\u00edes - T\u00e9chniPainting - Silk Screen - Art"},"image":{"@id":"https:\/\/ikastikos-kiklos.com\/en\/#\/schema\/logo\/image\/"},"sameAs":["https:\/\/www.facebook.com\/ikastikoskiklossianti\/"]}]}},"_links":{"self":[{"href":"https:\/\/ikastikos-kiklos.com\/en\/wp-json\/wp\/v2\/product\/53040","targetHints":{"allow":["GET"]}}],"collection":[{"href":"https:\/\/ikastikos-kiklos.com\/en\/wp-json\/wp\/v2\/product"}],"about":[{"href":"https:\/\/ikastikos-kiklos.com\/en\/wp-json\/wp\/v2\/types\/product"}],"wp:featuredmedia":[{"embeddable":true,"href":"https:\/\/ikastikos-kiklos.com\/en\/wp-json\/wp\/v2\/media\/51123"}],"wp:attachment":[{"href":"https:\/\/ikastikos-kiklos.com\/en\/wp-json\/wp\/v2\/media?parent=53040"}],"wp:term":[{"taxonomy":"product_brand","embeddable":true,"href":"https:\/\/ikastikos-kiklos.com\/en\/wp-json\/wp\/v2\/product_brand?post=53040"},{"taxonomy":"product_cat","embeddable":true,"href":"https:\/\/ikastikos-kiklos.com\/en\/wp-json\/wp\/v2\/product_cat?post=53040"},{"taxonomy":"product_tag","embeddable":true,"href":"https:\/\/ikastikos-kiklos.com\/en\/wp-json\/wp\/v2\/product_tag?post=53040"}],"curies":[{"name":"wp","href":"https:\/\/api.w.org\/{rel}","templated":true}]}}