{"id":52767,"date":"2025-10-06T21:59:05","date_gmt":"2025-10-06T18:59:05","guid":{"rendered":"https:\/\/ikastikos-kiklos.com\/product\/stones-with-yellow-flower-3\/"},"modified":"2025-10-06T22:00:55","modified_gmt":"2025-10-06T19:00:55","slug":"stones-with-yellow-flower-3","status":"publish","type":"product","link":"https:\/\/ikastikos-kiklos.com\/en\/product\/stones-with-yellow-flower-3\/","title":{"rendered":"Stones with Yellow Flower"},"content":{"rendered":"<p>Stones with Yellow Flower Silkscreen by Sotiris Sorogas at Ikastikos Kiklos Sianti in dimensions 20x16cm. Signed and numbered by Sotiris Sorogas in 50 copies. Purchase silkscreens by Greek artists from the Ikastikos Kiklos Sianti e-shop with a guarantee of authenticity.<\/p>\n","protected":false},"excerpt":{"rendered":"<p>Gicl\u00e9e Signed and numbered by Sotiris Sorogas in 50 copies.<\/p>\n","protected":false},"featured_media":48378,"template":"","meta":{"ngg_post_thumbnail":0},"product_brand":[],"product_cat":[398,1987,1991,403],"product_tag":[2262],"class_list":{"0":"post-52767","1":"product","2":"type-product","3":"status-publish","4":"has-post-thumbnail","6":"product_cat-collections","7":"product_cat-eshop-en","8":"product_cat-silkscreens-shop","9":"product_cat-small-silkscreens","10":"product_tag---en","12":"first","13":"instock","14":"taxable","15":"shipping-taxable","16":"purchasable","17":"product-type-simple"},"yoast_head":"<!-- This site is optimized with the Yoast SEO plugin v27.2 - https:\/\/yoast.com\/product\/yoast-seo-wordpress\/ -->\n<title>Stones with Yellow Flower Silkscreen by Sotiris Sorogas<\/title>\n<meta name=\"description\" content=\"Stones with Yellow Flower Silkscreen by Sotiris Sorogas at Ikastikos Kiklos Sianti in dimensions 20x16cm. Signed and numbered by the artist\" \/>\n<meta name=\"robots\" content=\"index, follow, max-snippet:-1, max-image-preview:large, max-video-preview:-1\" \/>\n<link rel=\"canonical\" href=\"https:\/\/ikastikos-kiklos.com\/en\/product\/stones-with-yellow-flower-3\/\" \/>\n<meta property=\"og:locale\" content=\"en_US\" \/>\n<meta property=\"og:type\" content=\"article\" \/>\n<meta property=\"og:title\" content=\"Stones with Yellow Flower Silkscreen by Sotiris Sorogas\" \/>\n<meta property=\"og:description\" content=\"Stones with Yellow Flower Silkscreen by Sotiris Sorogas at Ikastikos Kiklos Sianti in dimensions 20x16cm. Signed and numbered by the artist\" \/>\n<meta property=\"og:url\" content=\"https:\/\/ikastikos-kiklos.com\/en\/product\/stones-with-yellow-flower-3\/\" \/>\n<meta property=\"og:site_name\" content=\"Ikastikos Kiklos - Zografik\u00ed - Metaxotyp\u00edes - T\u00e9chniPainting - Silk Screen - Art\" \/>\n<meta property=\"article:publisher\" content=\"https:\/\/www.facebook.com\/ikastikoskiklossianti\/\" \/>\n<meta property=\"article:modified_time\" content=\"2025-10-06T19:00:55+00:00\" \/>\n<meta property=\"og:image\" content=\"https:\/\/ikastikos-kiklos.com\/wp-content\/uploads\/2024\/04\/\u03c0\u03ad\u03c4\u03c1\u03b5\u03c2-\u03bc\u03b5-\u03ba\u03af\u03c4\u03c1\u03b9\u03bd\u03bf-\u03bb\u03bf\u03c5\u03bb\u03bf\u03cd\u03b4\u03b9-\u03c3\u03c9\u03c4\u03ae\u03c1\u03b7\u03c2-\u03c3\u03cc\u03c1\u03bf\u03b3\u03ba\u03b1\u03c2.jpg\" \/>\n\t<meta property=\"og:image:width\" content=\"1400\" \/>\n\t<meta property=\"og:image:height\" content=\"1186\" \/>\n\t<meta property=\"og:image:type\" content=\"image\/jpeg\" \/>\n<meta name=\"twitter:card\" content=\"summary_large_image\" \/>\n<script type=\"application\/ld+json\" class=\"yoast-schema-graph\">{\"@context\":\"https:\/\/schema.org\",\"@graph\":[{\"@type\":\"WebPage\",\"@id\":\"https:\/\/ikastikos-kiklos.com\/en\/product\/stones-with-yellow-flower-3\/\",\"url\":\"https:\/\/ikastikos-kiklos.com\/en\/product\/stones-with-yellow-flower-3\/\",\"name\":\"Stones with Yellow Flower Silkscreen by Sotiris Sorogas\",\"isPartOf\":{\"@id\":\"https:\/\/ikastikos-kiklos.com\/en\/#website\"},\"primaryImageOfPage\":{\"@id\":\"https:\/\/ikastikos-kiklos.com\/en\/product\/stones-with-yellow-flower-3\/#primaryimage\"},\"image\":{\"@id\":\"https:\/\/ikastikos-kiklos.com\/en\/product\/stones-with-yellow-flower-3\/#primaryimage\"},\"thumbnailUrl\":\"https:\/\/ikastikos-kiklos.com\/wp-content\/uploads\/2024\/04\/\u03c0\u03ad\u03c4\u03c1\u03b5\u03c2-\u03bc\u03b5-\u03ba\u03af\u03c4\u03c1\u03b9\u03bd\u03bf-\u03bb\u03bf\u03c5\u03bb\u03bf\u03cd\u03b4\u03b9-\u03c3\u03c9\u03c4\u03ae\u03c1\u03b7\u03c2-\u03c3\u03cc\u03c1\u03bf\u03b3\u03ba\u03b1\u03c2.jpg\",\"datePublished\":\"2025-10-06T18:59:05+00:00\",\"dateModified\":\"2025-10-06T19:00:55+00:00\",\"description\":\"Stones with Yellow Flower Silkscreen by Sotiris Sorogas at Ikastikos Kiklos Sianti in dimensions 20x16cm. Signed and numbered by the artist\",\"breadcrumb\":{\"@id\":\"https:\/\/ikastikos-kiklos.com\/en\/product\/stones-with-yellow-flower-3\/#breadcrumb\"},\"inLanguage\":\"en-US\",\"potentialAction\":[{\"@type\":\"ReadAction\",\"target\":[\"https:\/\/ikastikos-kiklos.com\/en\/product\/stones-with-yellow-flower-3\/\"]}]},{\"@type\":\"ImageObject\",\"inLanguage\":\"en-US\",\"@id\":\"https:\/\/ikastikos-kiklos.com\/en\/product\/stones-with-yellow-flower-3\/#primaryimage\",\"url\":\"https:\/\/ikastikos-kiklos.com\/wp-content\/uploads\/2024\/04\/\u03c0\u03ad\u03c4\u03c1\u03b5\u03c2-\u03bc\u03b5-\u03ba\u03af\u03c4\u03c1\u03b9\u03bd\u03bf-\u03bb\u03bf\u03c5\u03bb\u03bf\u03cd\u03b4\u03b9-\u03c3\u03c9\u03c4\u03ae\u03c1\u03b7\u03c2-\u03c3\u03cc\u03c1\u03bf\u03b3\u03ba\u03b1\u03c2.jpg\",\"contentUrl\":\"https:\/\/ikastikos-kiklos.com\/wp-content\/uploads\/2024\/04\/\u03c0\u03ad\u03c4\u03c1\u03b5\u03c2-\u03bc\u03b5-\u03ba\u03af\u03c4\u03c1\u03b9\u03bd\u03bf-\u03bb\u03bf\u03c5\u03bb\u03bf\u03cd\u03b4\u03b9-\u03c3\u03c9\u03c4\u03ae\u03c1\u03b7\u03c2-\u03c3\u03cc\u03c1\u03bf\u03b3\u03ba\u03b1\u03c2.jpg\",\"width\":1400,\"height\":1186,\"caption\":\"\u03c0\u03ad\u03c4\u03c1\u03b5\u03c2-\u03bc\u03b5-\u03ba\u03af\u03c4\u03c1\u03b9\u03bd\u03bf-\u03bb\u03bf\u03c5\u03bb\u03bf\u03cd\u03b4\u03b9-\u03c3\u03c9\u03c4\u03ae\u03c1\u03b7\u03c2-\u03c3\u03cc\u03c1\u03bf\u03b3\u03ba\u03b1\u03c2\"},{\"@type\":\"BreadcrumbList\",\"@id\":\"https:\/\/ikastikos-kiklos.com\/en\/product\/stones-with-yellow-flower-3\/#breadcrumb\",\"itemListElement\":[{\"@type\":\"ListItem\",\"position\":1,\"name\":\"Home\",\"item\":\"https:\/\/ikastikos-kiklos.com\/en\/\"},{\"@type\":\"ListItem\",\"position\":2,\"name\":\"\u0388\u03c1\u03b3\u03b1 \u03c4\u03ad\u03c7\u03bd\u03b7\u03c2\",\"item\":\"https:\/\/ikastikos-kiklos.com\/%ce%ad%cf%81%ce%b3%ce%b1-%cf%84%ce%ad%cf%87%ce%bd%ce%b7%cf%82\/\"},{\"@type\":\"ListItem\",\"position\":3,\"name\":\"Stones with Yellow Flower\"}]},{\"@type\":\"WebSite\",\"@id\":\"https:\/\/ikastikos-kiklos.com\/en\/#website\",\"url\":\"https:\/\/ikastikos-kiklos.com\/en\/\",\"name\":\"Ikastikos Kiklos - Zografik\u00ed - Metaxotyp\u00edes - T\u00e9chniPainting - Silk Screen - Art\",\"description\":\"\",\"publisher\":{\"@id\":\"https:\/\/ikastikos-kiklos.com\/en\/#organization\"},\"potentialAction\":[{\"@type\":\"SearchAction\",\"target\":{\"@type\":\"EntryPoint\",\"urlTemplate\":\"https:\/\/ikastikos-kiklos.com\/en\/?s={search_term_string}\"},\"query-input\":{\"@type\":\"PropertyValueSpecification\",\"valueRequired\":true,\"valueName\":\"search_term_string\"}}],\"inLanguage\":\"en-US\"},{\"@type\":\"Organization\",\"@id\":\"https:\/\/ikastikos-kiklos.com\/en\/#organization\",\"name\":\"Ikastikos Kiklos - Zografik\u00ed - Metaxotyp\u00edes - T\u00e9chniPainting - Silk Screen - Art\",\"url\":\"https:\/\/ikastikos-kiklos.com\/en\/\",\"logo\":{\"@type\":\"ImageObject\",\"inLanguage\":\"en-US\",\"@id\":\"https:\/\/ikastikos-kiklos.com\/en\/#\/schema\/logo\/image\/\",\"url\":\"https:\/\/ikastikos-kiklos.com\/wp-content\/uploads\/2022\/10\/cropped-favicon_ikastikos.png\",\"contentUrl\":\"https:\/\/ikastikos-kiklos.com\/wp-content\/uploads\/2022\/10\/cropped-favicon_ikastikos.png\",\"width\":512,\"height\":512,\"caption\":\"Ikastikos Kiklos - Zografik\u00ed - Metaxotyp\u00edes - T\u00e9chniPainting - Silk Screen - Art\"},\"image\":{\"@id\":\"https:\/\/ikastikos-kiklos.com\/en\/#\/schema\/logo\/image\/\"},\"sameAs\":[\"https:\/\/www.facebook.com\/ikastikoskiklossianti\/\"]}]}<\/script>\n<!-- \/ Yoast SEO plugin. -->","yoast_head_json":{"title":"Stones with Yellow Flower Silkscreen by Sotiris Sorogas","description":"Stones with Yellow Flower Silkscreen by Sotiris Sorogas at Ikastikos Kiklos Sianti in dimensions 20x16cm. Signed and numbered by the artist","robots":{"index":"index","follow":"follow","max-snippet":"max-snippet:-1","max-image-preview":"max-image-preview:large","max-video-preview":"max-video-preview:-1"},"canonical":"https:\/\/ikastikos-kiklos.com\/en\/product\/stones-with-yellow-flower-3\/","og_locale":"en_US","og_type":"article","og_title":"Stones with Yellow Flower Silkscreen by Sotiris Sorogas","og_description":"Stones with Yellow Flower Silkscreen by Sotiris Sorogas at Ikastikos Kiklos Sianti in dimensions 20x16cm. Signed and numbered by the artist","og_url":"https:\/\/ikastikos-kiklos.com\/en\/product\/stones-with-yellow-flower-3\/","og_site_name":"Ikastikos Kiklos - Zografik\u00ed - Metaxotyp\u00edes - T\u00e9chniPainting - Silk Screen - Art","article_publisher":"https:\/\/www.facebook.com\/ikastikoskiklossianti\/","article_modified_time":"2025-10-06T19:00:55+00:00","og_image":[{"width":1400,"height":1186,"url":"https:\/\/ikastikos-kiklos.com\/wp-content\/uploads\/2024\/04\/\u03c0\u03ad\u03c4\u03c1\u03b5\u03c2-\u03bc\u03b5-\u03ba\u03af\u03c4\u03c1\u03b9\u03bd\u03bf-\u03bb\u03bf\u03c5\u03bb\u03bf\u03cd\u03b4\u03b9-\u03c3\u03c9\u03c4\u03ae\u03c1\u03b7\u03c2-\u03c3\u03cc\u03c1\u03bf\u03b3\u03ba\u03b1\u03c2.jpg","type":"image\/jpeg"}],"twitter_card":"summary_large_image","schema":{"@context":"https:\/\/schema.org","@graph":[{"@type":"WebPage","@id":"https:\/\/ikastikos-kiklos.com\/en\/product\/stones-with-yellow-flower-3\/","url":"https:\/\/ikastikos-kiklos.com\/en\/product\/stones-with-yellow-flower-3\/","name":"Stones with Yellow Flower Silkscreen by Sotiris Sorogas","isPartOf":{"@id":"https:\/\/ikastikos-kiklos.com\/en\/#website"},"primaryImageOfPage":{"@id":"https:\/\/ikastikos-kiklos.com\/en\/product\/stones-with-yellow-flower-3\/#primaryimage"},"image":{"@id":"https:\/\/ikastikos-kiklos.com\/en\/product\/stones-with-yellow-flower-3\/#primaryimage"},"thumbnailUrl":"https:\/\/ikastikos-kiklos.com\/wp-content\/uploads\/2024\/04\/\u03c0\u03ad\u03c4\u03c1\u03b5\u03c2-\u03bc\u03b5-\u03ba\u03af\u03c4\u03c1\u03b9\u03bd\u03bf-\u03bb\u03bf\u03c5\u03bb\u03bf\u03cd\u03b4\u03b9-\u03c3\u03c9\u03c4\u03ae\u03c1\u03b7\u03c2-\u03c3\u03cc\u03c1\u03bf\u03b3\u03ba\u03b1\u03c2.jpg","datePublished":"2025-10-06T18:59:05+00:00","dateModified":"2025-10-06T19:00:55+00:00","description":"Stones with Yellow Flower Silkscreen by Sotiris Sorogas at Ikastikos Kiklos Sianti in dimensions 20x16cm. Signed and numbered by the artist","breadcrumb":{"@id":"https:\/\/ikastikos-kiklos.com\/en\/product\/stones-with-yellow-flower-3\/#breadcrumb"},"inLanguage":"en-US","potentialAction":[{"@type":"ReadAction","target":["https:\/\/ikastikos-kiklos.com\/en\/product\/stones-with-yellow-flower-3\/"]}]},{"@type":"ImageObject","inLanguage":"en-US","@id":"https:\/\/ikastikos-kiklos.com\/en\/product\/stones-with-yellow-flower-3\/#primaryimage","url":"https:\/\/ikastikos-kiklos.com\/wp-content\/uploads\/2024\/04\/\u03c0\u03ad\u03c4\u03c1\u03b5\u03c2-\u03bc\u03b5-\u03ba\u03af\u03c4\u03c1\u03b9\u03bd\u03bf-\u03bb\u03bf\u03c5\u03bb\u03bf\u03cd\u03b4\u03b9-\u03c3\u03c9\u03c4\u03ae\u03c1\u03b7\u03c2-\u03c3\u03cc\u03c1\u03bf\u03b3\u03ba\u03b1\u03c2.jpg","contentUrl":"https:\/\/ikastikos-kiklos.com\/wp-content\/uploads\/2024\/04\/\u03c0\u03ad\u03c4\u03c1\u03b5\u03c2-\u03bc\u03b5-\u03ba\u03af\u03c4\u03c1\u03b9\u03bd\u03bf-\u03bb\u03bf\u03c5\u03bb\u03bf\u03cd\u03b4\u03b9-\u03c3\u03c9\u03c4\u03ae\u03c1\u03b7\u03c2-\u03c3\u03cc\u03c1\u03bf\u03b3\u03ba\u03b1\u03c2.jpg","width":1400,"height":1186,"caption":"\u03c0\u03ad\u03c4\u03c1\u03b5\u03c2-\u03bc\u03b5-\u03ba\u03af\u03c4\u03c1\u03b9\u03bd\u03bf-\u03bb\u03bf\u03c5\u03bb\u03bf\u03cd\u03b4\u03b9-\u03c3\u03c9\u03c4\u03ae\u03c1\u03b7\u03c2-\u03c3\u03cc\u03c1\u03bf\u03b3\u03ba\u03b1\u03c2"},{"@type":"BreadcrumbList","@id":"https:\/\/ikastikos-kiklos.com\/en\/product\/stones-with-yellow-flower-3\/#breadcrumb","itemListElement":[{"@type":"ListItem","position":1,"name":"Home","item":"https:\/\/ikastikos-kiklos.com\/en\/"},{"@type":"ListItem","position":2,"name":"\u0388\u03c1\u03b3\u03b1 \u03c4\u03ad\u03c7\u03bd\u03b7\u03c2","item":"https:\/\/ikastikos-kiklos.com\/%ce%ad%cf%81%ce%b3%ce%b1-%cf%84%ce%ad%cf%87%ce%bd%ce%b7%cf%82\/"},{"@type":"ListItem","position":3,"name":"Stones with Yellow Flower"}]},{"@type":"WebSite","@id":"https:\/\/ikastikos-kiklos.com\/en\/#website","url":"https:\/\/ikastikos-kiklos.com\/en\/","name":"Ikastikos Kiklos - Zografik\u00ed - Metaxotyp\u00edes - T\u00e9chniPainting - Silk Screen - Art","description":"","publisher":{"@id":"https:\/\/ikastikos-kiklos.com\/en\/#organization"},"potentialAction":[{"@type":"SearchAction","target":{"@type":"EntryPoint","urlTemplate":"https:\/\/ikastikos-kiklos.com\/en\/?s={search_term_string}"},"query-input":{"@type":"PropertyValueSpecification","valueRequired":true,"valueName":"search_term_string"}}],"inLanguage":"en-US"},{"@type":"Organization","@id":"https:\/\/ikastikos-kiklos.com\/en\/#organization","name":"Ikastikos Kiklos - Zografik\u00ed - Metaxotyp\u00edes - T\u00e9chniPainting - Silk Screen - Art","url":"https:\/\/ikastikos-kiklos.com\/en\/","logo":{"@type":"ImageObject","inLanguage":"en-US","@id":"https:\/\/ikastikos-kiklos.com\/en\/#\/schema\/logo\/image\/","url":"https:\/\/ikastikos-kiklos.com\/wp-content\/uploads\/2022\/10\/cropped-favicon_ikastikos.png","contentUrl":"https:\/\/ikastikos-kiklos.com\/wp-content\/uploads\/2022\/10\/cropped-favicon_ikastikos.png","width":512,"height":512,"caption":"Ikastikos Kiklos - Zografik\u00ed - Metaxotyp\u00edes - T\u00e9chniPainting - Silk Screen - Art"},"image":{"@id":"https:\/\/ikastikos-kiklos.com\/en\/#\/schema\/logo\/image\/"},"sameAs":["https:\/\/www.facebook.com\/ikastikoskiklossianti\/"]}]}},"_links":{"self":[{"href":"https:\/\/ikastikos-kiklos.com\/en\/wp-json\/wp\/v2\/product\/52767","targetHints":{"allow":["GET"]}}],"collection":[{"href":"https:\/\/ikastikos-kiklos.com\/en\/wp-json\/wp\/v2\/product"}],"about":[{"href":"https:\/\/ikastikos-kiklos.com\/en\/wp-json\/wp\/v2\/types\/product"}],"wp:featuredmedia":[{"embeddable":true,"href":"https:\/\/ikastikos-kiklos.com\/en\/wp-json\/wp\/v2\/media\/48378"}],"wp:attachment":[{"href":"https:\/\/ikastikos-kiklos.com\/en\/wp-json\/wp\/v2\/media?parent=52767"}],"wp:term":[{"taxonomy":"product_brand","embeddable":true,"href":"https:\/\/ikastikos-kiklos.com\/en\/wp-json\/wp\/v2\/product_brand?post=52767"},{"taxonomy":"product_cat","embeddable":true,"href":"https:\/\/ikastikos-kiklos.com\/en\/wp-json\/wp\/v2\/product_cat?post=52767"},{"taxonomy":"product_tag","embeddable":true,"href":"https:\/\/ikastikos-kiklos.com\/en\/wp-json\/wp\/v2\/product_tag?post=52767"}],"curies":[{"name":"wp","href":"https:\/\/api.w.org\/{rel}","templated":true}]}}