{"id":52742,"date":"2025-10-04T18:11:30","date_gmt":"2025-10-04T15:11:30","guid":{"rendered":"https:\/\/ikastikos-kiklos.com\/product\/girl-12\/"},"modified":"2025-10-04T18:14:04","modified_gmt":"2025-10-04T15:14:04","slug":"girl-12","status":"publish","type":"product","link":"https:\/\/ikastikos-kiklos.com\/en\/product\/girl-12\/","title":{"rendered":"Girl"},"content":{"rendered":"","protected":false},"excerpt":{"rendered":"<p>Artwork of 2022<\/p>\n","protected":false},"featured_media":49964,"template":"","meta":{"ngg_post_thumbnail":0},"product_brand":[],"product_cat":[398,1008],"product_tag":[3355],"class_list":{"0":"post-52742","1":"product","2":"type-product","3":"status-publish","4":"has-post-thumbnail","6":"product_cat-collections","7":"product_cat-small-painting","8":"product_tag-selimas-vassilis","9":"product_shipping_class-2-5kg","11":"first","12":"instock","13":"taxable","14":"shipping-taxable","15":"product-type-simple"},"yoast_head":"<!-- This site is optimized with the Yoast SEO plugin v27.2 - https:\/\/yoast.com\/product\/yoast-seo-wordpress\/ -->\n<title>Girl Painting by Vassilis Selimas | Ikastikos Kiklos Sianti<\/title>\n<meta name=\"description\" content=\"Girl Painting by Vassilis Selimas by Ikastikos Kiklos Sianti in dimensions 30x30cm and acrylics on handmade paper\" \/>\n<meta name=\"robots\" content=\"index, follow, max-snippet:-1, max-image-preview:large, max-video-preview:-1\" \/>\n<link rel=\"canonical\" href=\"https:\/\/ikastikos-kiklos.com\/en\/product\/girl-12\/\" \/>\n<meta property=\"og:locale\" content=\"en_US\" \/>\n<meta property=\"og:type\" content=\"article\" \/>\n<meta property=\"og:title\" content=\"Girl Painting by Vassilis Selimas | Ikastikos Kiklos Sianti\" \/>\n<meta property=\"og:description\" content=\"Girl Painting by Vassilis Selimas by Ikastikos Kiklos Sianti in dimensions 30x30cm and acrylics on handmade paper\" \/>\n<meta property=\"og:url\" content=\"https:\/\/ikastikos-kiklos.com\/en\/product\/girl-12\/\" \/>\n<meta property=\"og:site_name\" content=\"Ikastikos Kiklos - Zografik\u00ed - Metaxotyp\u00edes - T\u00e9chniPainting - Silk Screen - Art\" \/>\n<meta property=\"article:publisher\" content=\"https:\/\/www.facebook.com\/ikastikoskiklossianti\/\" \/>\n<meta property=\"article:modified_time\" content=\"2025-10-04T15:14:04+00:00\" \/>\n<meta property=\"og:image\" content=\"https:\/\/ikastikos-kiklos.com\/wp-content\/uploads\/2024\/10\/\u03ba\u03bf\u03c1\u03af\u03c4\u03c3\u03b9-\u03c3\u03b5\u03bb\u03b9\u03bc\u03ac\u03c2-\u03b2\u03b1\u03c3\u03af\u03bb\u03b7\u03c2-\u03b6\u03c9\u03b3\u03c1\u03b1\u03c6\u03b9\u03ba\u03ae.jpg\" \/>\n\t<meta property=\"og:image:width\" content=\"1200\" \/>\n\t<meta property=\"og:image:height\" content=\"1209\" \/>\n\t<meta property=\"og:image:type\" content=\"image\/jpeg\" \/>\n<meta name=\"twitter:card\" content=\"summary_large_image\" \/>\n<script type=\"application\/ld+json\" class=\"yoast-schema-graph\">{\"@context\":\"https:\/\/schema.org\",\"@graph\":[{\"@type\":\"WebPage\",\"@id\":\"https:\/\/ikastikos-kiklos.com\/en\/product\/girl-12\/\",\"url\":\"https:\/\/ikastikos-kiklos.com\/en\/product\/girl-12\/\",\"name\":\"Girl Painting by Vassilis Selimas | Ikastikos Kiklos Sianti\",\"isPartOf\":{\"@id\":\"https:\/\/ikastikos-kiklos.com\/en\/#website\"},\"primaryImageOfPage\":{\"@id\":\"https:\/\/ikastikos-kiklos.com\/en\/product\/girl-12\/#primaryimage\"},\"image\":{\"@id\":\"https:\/\/ikastikos-kiklos.com\/en\/product\/girl-12\/#primaryimage\"},\"thumbnailUrl\":\"https:\/\/ikastikos-kiklos.com\/wp-content\/uploads\/2024\/10\/\u03ba\u03bf\u03c1\u03af\u03c4\u03c3\u03b9-\u03c3\u03b5\u03bb\u03b9\u03bc\u03ac\u03c2-\u03b2\u03b1\u03c3\u03af\u03bb\u03b7\u03c2-\u03b6\u03c9\u03b3\u03c1\u03b1\u03c6\u03b9\u03ba\u03ae.jpg\",\"datePublished\":\"2025-10-04T15:11:30+00:00\",\"dateModified\":\"2025-10-04T15:14:04+00:00\",\"description\":\"Girl Painting by Vassilis Selimas by Ikastikos Kiklos Sianti in dimensions 30x30cm and acrylics on handmade paper\",\"breadcrumb\":{\"@id\":\"https:\/\/ikastikos-kiklos.com\/en\/product\/girl-12\/#breadcrumb\"},\"inLanguage\":\"en-US\",\"potentialAction\":[{\"@type\":\"ReadAction\",\"target\":[\"https:\/\/ikastikos-kiklos.com\/en\/product\/girl-12\/\"]}]},{\"@type\":\"ImageObject\",\"inLanguage\":\"en-US\",\"@id\":\"https:\/\/ikastikos-kiklos.com\/en\/product\/girl-12\/#primaryimage\",\"url\":\"https:\/\/ikastikos-kiklos.com\/wp-content\/uploads\/2024\/10\/\u03ba\u03bf\u03c1\u03af\u03c4\u03c3\u03b9-\u03c3\u03b5\u03bb\u03b9\u03bc\u03ac\u03c2-\u03b2\u03b1\u03c3\u03af\u03bb\u03b7\u03c2-\u03b6\u03c9\u03b3\u03c1\u03b1\u03c6\u03b9\u03ba\u03ae.jpg\",\"contentUrl\":\"https:\/\/ikastikos-kiklos.com\/wp-content\/uploads\/2024\/10\/\u03ba\u03bf\u03c1\u03af\u03c4\u03c3\u03b9-\u03c3\u03b5\u03bb\u03b9\u03bc\u03ac\u03c2-\u03b2\u03b1\u03c3\u03af\u03bb\u03b7\u03c2-\u03b6\u03c9\u03b3\u03c1\u03b1\u03c6\u03b9\u03ba\u03ae.jpg\",\"width\":1200,\"height\":1209,\"caption\":\"\u03ba\u03bf\u03c1\u03af\u03c4\u03c3\u03b9-\u03c3\u03b5\u03bb\u03b9\u03bc\u03ac\u03c2-\u03b2\u03b1\u03c3\u03af\u03bb\u03b7\u03c2-\u03b6\u03c9\u03b3\u03c1\u03b1\u03c6\u03b9\u03ba\u03ae\"},{\"@type\":\"BreadcrumbList\",\"@id\":\"https:\/\/ikastikos-kiklos.com\/en\/product\/girl-12\/#breadcrumb\",\"itemListElement\":[{\"@type\":\"ListItem\",\"position\":1,\"name\":\"Home\",\"item\":\"https:\/\/ikastikos-kiklos.com\/en\/\"},{\"@type\":\"ListItem\",\"position\":2,\"name\":\"\u0388\u03c1\u03b3\u03b1 \u03c4\u03ad\u03c7\u03bd\u03b7\u03c2\",\"item\":\"https:\/\/ikastikos-kiklos.com\/%ce%ad%cf%81%ce%b3%ce%b1-%cf%84%ce%ad%cf%87%ce%bd%ce%b7%cf%82\/\"},{\"@type\":\"ListItem\",\"position\":3,\"name\":\"Girl\"}]},{\"@type\":\"WebSite\",\"@id\":\"https:\/\/ikastikos-kiklos.com\/en\/#website\",\"url\":\"https:\/\/ikastikos-kiklos.com\/en\/\",\"name\":\"Ikastikos Kiklos - Zografik\u00ed - Metaxotyp\u00edes - T\u00e9chniPainting - Silk Screen - Art\",\"description\":\"\",\"publisher\":{\"@id\":\"https:\/\/ikastikos-kiklos.com\/en\/#organization\"},\"potentialAction\":[{\"@type\":\"SearchAction\",\"target\":{\"@type\":\"EntryPoint\",\"urlTemplate\":\"https:\/\/ikastikos-kiklos.com\/en\/?s={search_term_string}\"},\"query-input\":{\"@type\":\"PropertyValueSpecification\",\"valueRequired\":true,\"valueName\":\"search_term_string\"}}],\"inLanguage\":\"en-US\"},{\"@type\":\"Organization\",\"@id\":\"https:\/\/ikastikos-kiklos.com\/en\/#organization\",\"name\":\"Ikastikos Kiklos - Zografik\u00ed - Metaxotyp\u00edes - T\u00e9chniPainting - Silk Screen - Art\",\"url\":\"https:\/\/ikastikos-kiklos.com\/en\/\",\"logo\":{\"@type\":\"ImageObject\",\"inLanguage\":\"en-US\",\"@id\":\"https:\/\/ikastikos-kiklos.com\/en\/#\/schema\/logo\/image\/\",\"url\":\"https:\/\/ikastikos-kiklos.com\/wp-content\/uploads\/2022\/10\/cropped-favicon_ikastikos.png\",\"contentUrl\":\"https:\/\/ikastikos-kiklos.com\/wp-content\/uploads\/2022\/10\/cropped-favicon_ikastikos.png\",\"width\":512,\"height\":512,\"caption\":\"Ikastikos Kiklos - Zografik\u00ed - Metaxotyp\u00edes - T\u00e9chniPainting - Silk Screen - Art\"},\"image\":{\"@id\":\"https:\/\/ikastikos-kiklos.com\/en\/#\/schema\/logo\/image\/\"},\"sameAs\":[\"https:\/\/www.facebook.com\/ikastikoskiklossianti\/\"]}]}<\/script>\n<!-- \/ Yoast SEO plugin. -->","yoast_head_json":{"title":"Girl Painting by Vassilis Selimas | Ikastikos Kiklos Sianti","description":"Girl Painting by Vassilis Selimas by Ikastikos Kiklos Sianti in dimensions 30x30cm and acrylics on handmade paper","robots":{"index":"index","follow":"follow","max-snippet":"max-snippet:-1","max-image-preview":"max-image-preview:large","max-video-preview":"max-video-preview:-1"},"canonical":"https:\/\/ikastikos-kiklos.com\/en\/product\/girl-12\/","og_locale":"en_US","og_type":"article","og_title":"Girl Painting by Vassilis Selimas | Ikastikos Kiklos Sianti","og_description":"Girl Painting by Vassilis Selimas by Ikastikos Kiklos Sianti in dimensions 30x30cm and acrylics on handmade paper","og_url":"https:\/\/ikastikos-kiklos.com\/en\/product\/girl-12\/","og_site_name":"Ikastikos Kiklos - Zografik\u00ed - Metaxotyp\u00edes - T\u00e9chniPainting - Silk Screen - Art","article_publisher":"https:\/\/www.facebook.com\/ikastikoskiklossianti\/","article_modified_time":"2025-10-04T15:14:04+00:00","og_image":[{"width":1200,"height":1209,"url":"https:\/\/ikastikos-kiklos.com\/wp-content\/uploads\/2024\/10\/\u03ba\u03bf\u03c1\u03af\u03c4\u03c3\u03b9-\u03c3\u03b5\u03bb\u03b9\u03bc\u03ac\u03c2-\u03b2\u03b1\u03c3\u03af\u03bb\u03b7\u03c2-\u03b6\u03c9\u03b3\u03c1\u03b1\u03c6\u03b9\u03ba\u03ae.jpg","type":"image\/jpeg"}],"twitter_card":"summary_large_image","schema":{"@context":"https:\/\/schema.org","@graph":[{"@type":"WebPage","@id":"https:\/\/ikastikos-kiklos.com\/en\/product\/girl-12\/","url":"https:\/\/ikastikos-kiklos.com\/en\/product\/girl-12\/","name":"Girl Painting by Vassilis Selimas | Ikastikos Kiklos Sianti","isPartOf":{"@id":"https:\/\/ikastikos-kiklos.com\/en\/#website"},"primaryImageOfPage":{"@id":"https:\/\/ikastikos-kiklos.com\/en\/product\/girl-12\/#primaryimage"},"image":{"@id":"https:\/\/ikastikos-kiklos.com\/en\/product\/girl-12\/#primaryimage"},"thumbnailUrl":"https:\/\/ikastikos-kiklos.com\/wp-content\/uploads\/2024\/10\/\u03ba\u03bf\u03c1\u03af\u03c4\u03c3\u03b9-\u03c3\u03b5\u03bb\u03b9\u03bc\u03ac\u03c2-\u03b2\u03b1\u03c3\u03af\u03bb\u03b7\u03c2-\u03b6\u03c9\u03b3\u03c1\u03b1\u03c6\u03b9\u03ba\u03ae.jpg","datePublished":"2025-10-04T15:11:30+00:00","dateModified":"2025-10-04T15:14:04+00:00","description":"Girl Painting by Vassilis Selimas by Ikastikos Kiklos Sianti in dimensions 30x30cm and acrylics on handmade paper","breadcrumb":{"@id":"https:\/\/ikastikos-kiklos.com\/en\/product\/girl-12\/#breadcrumb"},"inLanguage":"en-US","potentialAction":[{"@type":"ReadAction","target":["https:\/\/ikastikos-kiklos.com\/en\/product\/girl-12\/"]}]},{"@type":"ImageObject","inLanguage":"en-US","@id":"https:\/\/ikastikos-kiklos.com\/en\/product\/girl-12\/#primaryimage","url":"https:\/\/ikastikos-kiklos.com\/wp-content\/uploads\/2024\/10\/\u03ba\u03bf\u03c1\u03af\u03c4\u03c3\u03b9-\u03c3\u03b5\u03bb\u03b9\u03bc\u03ac\u03c2-\u03b2\u03b1\u03c3\u03af\u03bb\u03b7\u03c2-\u03b6\u03c9\u03b3\u03c1\u03b1\u03c6\u03b9\u03ba\u03ae.jpg","contentUrl":"https:\/\/ikastikos-kiklos.com\/wp-content\/uploads\/2024\/10\/\u03ba\u03bf\u03c1\u03af\u03c4\u03c3\u03b9-\u03c3\u03b5\u03bb\u03b9\u03bc\u03ac\u03c2-\u03b2\u03b1\u03c3\u03af\u03bb\u03b7\u03c2-\u03b6\u03c9\u03b3\u03c1\u03b1\u03c6\u03b9\u03ba\u03ae.jpg","width":1200,"height":1209,"caption":"\u03ba\u03bf\u03c1\u03af\u03c4\u03c3\u03b9-\u03c3\u03b5\u03bb\u03b9\u03bc\u03ac\u03c2-\u03b2\u03b1\u03c3\u03af\u03bb\u03b7\u03c2-\u03b6\u03c9\u03b3\u03c1\u03b1\u03c6\u03b9\u03ba\u03ae"},{"@type":"BreadcrumbList","@id":"https:\/\/ikastikos-kiklos.com\/en\/product\/girl-12\/#breadcrumb","itemListElement":[{"@type":"ListItem","position":1,"name":"Home","item":"https:\/\/ikastikos-kiklos.com\/en\/"},{"@type":"ListItem","position":2,"name":"\u0388\u03c1\u03b3\u03b1 \u03c4\u03ad\u03c7\u03bd\u03b7\u03c2","item":"https:\/\/ikastikos-kiklos.com\/%ce%ad%cf%81%ce%b3%ce%b1-%cf%84%ce%ad%cf%87%ce%bd%ce%b7%cf%82\/"},{"@type":"ListItem","position":3,"name":"Girl"}]},{"@type":"WebSite","@id":"https:\/\/ikastikos-kiklos.com\/en\/#website","url":"https:\/\/ikastikos-kiklos.com\/en\/","name":"Ikastikos Kiklos - Zografik\u00ed - Metaxotyp\u00edes - T\u00e9chniPainting - Silk Screen - Art","description":"","publisher":{"@id":"https:\/\/ikastikos-kiklos.com\/en\/#organization"},"potentialAction":[{"@type":"SearchAction","target":{"@type":"EntryPoint","urlTemplate":"https:\/\/ikastikos-kiklos.com\/en\/?s={search_term_string}"},"query-input":{"@type":"PropertyValueSpecification","valueRequired":true,"valueName":"search_term_string"}}],"inLanguage":"en-US"},{"@type":"Organization","@id":"https:\/\/ikastikos-kiklos.com\/en\/#organization","name":"Ikastikos Kiklos - Zografik\u00ed - Metaxotyp\u00edes - T\u00e9chniPainting - Silk Screen - Art","url":"https:\/\/ikastikos-kiklos.com\/en\/","logo":{"@type":"ImageObject","inLanguage":"en-US","@id":"https:\/\/ikastikos-kiklos.com\/en\/#\/schema\/logo\/image\/","url":"https:\/\/ikastikos-kiklos.com\/wp-content\/uploads\/2022\/10\/cropped-favicon_ikastikos.png","contentUrl":"https:\/\/ikastikos-kiklos.com\/wp-content\/uploads\/2022\/10\/cropped-favicon_ikastikos.png","width":512,"height":512,"caption":"Ikastikos Kiklos - Zografik\u00ed - Metaxotyp\u00edes - T\u00e9chniPainting - Silk Screen - Art"},"image":{"@id":"https:\/\/ikastikos-kiklos.com\/en\/#\/schema\/logo\/image\/"},"sameAs":["https:\/\/www.facebook.com\/ikastikoskiklossianti\/"]}]}},"_links":{"self":[{"href":"https:\/\/ikastikos-kiklos.com\/en\/wp-json\/wp\/v2\/product\/52742","targetHints":{"allow":["GET"]}}],"collection":[{"href":"https:\/\/ikastikos-kiklos.com\/en\/wp-json\/wp\/v2\/product"}],"about":[{"href":"https:\/\/ikastikos-kiklos.com\/en\/wp-json\/wp\/v2\/types\/product"}],"wp:featuredmedia":[{"embeddable":true,"href":"https:\/\/ikastikos-kiklos.com\/en\/wp-json\/wp\/v2\/media\/49964"}],"wp:attachment":[{"href":"https:\/\/ikastikos-kiklos.com\/en\/wp-json\/wp\/v2\/media?parent=52742"}],"wp:term":[{"taxonomy":"product_brand","embeddable":true,"href":"https:\/\/ikastikos-kiklos.com\/en\/wp-json\/wp\/v2\/product_brand?post=52742"},{"taxonomy":"product_cat","embeddable":true,"href":"https:\/\/ikastikos-kiklos.com\/en\/wp-json\/wp\/v2\/product_cat?post=52742"},{"taxonomy":"product_tag","embeddable":true,"href":"https:\/\/ikastikos-kiklos.com\/en\/wp-json\/wp\/v2\/product_tag?post=52742"}],"curies":[{"name":"wp","href":"https:\/\/api.w.org\/{rel}","templated":true}]}}