{"id":52696,"date":"2025-09-28T18:35:21","date_gmt":"2025-09-28T15:35:21","guid":{"rendered":"https:\/\/ikastikos-kiklos.com\/product\/xina-ii\/"},"modified":"2025-09-28T18:37:49","modified_gmt":"2025-09-28T15:37:49","slug":"xina-ii","status":"publish","type":"product","link":"https:\/\/ikastikos-kiklos.com\/en\/product\/xina-ii\/","title":{"rendered":"Xina II"},"content":{"rendered":"<p><strong>Lila Belivanaki<\/strong> presents here a complex Totem consisting of painted compositions. The work &#8220;Ototeman-In Memoriam&#8221; includes elements of two different cultures and manages to tie them together in a harmonious visual presentation. The individual works, which also function independently, are arranged in a Totem formation. Their names have been chosen to symbolize the sacred animals that the Indian tribes placed in the carvings. As the Indians gave character and hierarchy to the totem animals, so the depicted heroes mentally approach the titles of the works. Totems were something of a tribal flag, they put it in context, &#8220;spoke&#8221; of it and its &#8220;beliefs&#8221;. The structure of Belivanaki&#8217;s material painting is extremely complex, from the construction and materials she incorporates, the constant references to the digital and online world as well as her conversations with Society and History in her subject matter: Street Fighting Men (Street Fighting Men according to the Rolling Stones), Housewives, Fashion Victims, unspecified characters of our time. I too am not entirely sure how it finally manages to balance between the CAMP aesthetic and a raw Realism. This is an achievement&#8230;<\/p>\n","protected":false},"excerpt":{"rendered":"<p>First presentation at &#8220;Art Athina 2024\u201d<\/p>\n","protected":false},"featured_media":49614,"template":"","meta":{"ngg_post_thumbnail":0},"product_brand":[],"product_cat":[398,397],"product_tag":[2903],"class_list":{"0":"post-52696","1":"product","2":"type-product","3":"status-publish","4":"has-post-thumbnail","6":"product_cat-collections","7":"product_cat-painting","8":"product_tag-lila-belivanaki","10":"first","11":"instock","12":"taxable","13":"shipping-taxable","14":"product-type-simple"},"yoast_head":"<!-- This site is optimized with the Yoast SEO plugin v27.2 - https:\/\/yoast.com\/product\/yoast-seo-wordpress\/ -->\n<title>Xina II Painting by Lila Belivanaki<\/title>\n<meta name=\"description\" content=\"Xina II Painting by Lila Belivanaki at Ikastikos Kiklos Sianti in dimensions 35x40cm and Mixed Media\" \/>\n<meta name=\"robots\" content=\"index, follow, max-snippet:-1, max-image-preview:large, max-video-preview:-1\" \/>\n<link rel=\"canonical\" href=\"https:\/\/ikastikos-kiklos.com\/en\/product\/xina-ii\/\" \/>\n<meta property=\"og:locale\" content=\"en_US\" \/>\n<meta property=\"og:type\" content=\"article\" \/>\n<meta property=\"og:title\" content=\"Xina II Painting by Lila Belivanaki\" \/>\n<meta property=\"og:description\" content=\"Xina II Painting by Lila Belivanaki at Ikastikos Kiklos Sianti in dimensions 35x40cm and Mixed Media\" \/>\n<meta property=\"og:url\" content=\"https:\/\/ikastikos-kiklos.com\/en\/product\/xina-ii\/\" \/>\n<meta property=\"og:site_name\" content=\"Ikastikos Kiklos - Zografik\u00ed - Metaxotyp\u00edes - T\u00e9chniPainting - Silk Screen - Art\" \/>\n<meta property=\"article:publisher\" content=\"https:\/\/www.facebook.com\/ikastikoskiklossianti\/\" \/>\n<meta property=\"article:modified_time\" content=\"2025-09-28T15:37:49+00:00\" \/>\n<meta property=\"og:image\" content=\"https:\/\/ikastikos-kiklos.com\/wp-content\/uploads\/2024\/10\/xina-II-\u03bc\u03c0\u03b5\u03bb\u03b9\u03b2\u03b1\u03bd\u03ac\u03ba\u03b7-\u03bb\u03af\u03bb\u03b1.jpg\" \/>\n\t<meta property=\"og:image:width\" content=\"1122\" \/>\n\t<meta property=\"og:image:height\" content=\"1289\" \/>\n\t<meta property=\"og:image:type\" content=\"image\/jpeg\" \/>\n<meta name=\"twitter:card\" content=\"summary_large_image\" \/>\n<meta name=\"twitter:label1\" content=\"Est. reading time\" \/>\n\t<meta name=\"twitter:data1\" content=\"1 minute\" \/>\n<script type=\"application\/ld+json\" class=\"yoast-schema-graph\">{\"@context\":\"https:\/\/schema.org\",\"@graph\":[{\"@type\":\"WebPage\",\"@id\":\"https:\/\/ikastikos-kiklos.com\/en\/product\/xina-ii\/\",\"url\":\"https:\/\/ikastikos-kiklos.com\/en\/product\/xina-ii\/\",\"name\":\"Xina II Painting by Lila Belivanaki\",\"isPartOf\":{\"@id\":\"https:\/\/ikastikos-kiklos.com\/en\/#website\"},\"primaryImageOfPage\":{\"@id\":\"https:\/\/ikastikos-kiklos.com\/en\/product\/xina-ii\/#primaryimage\"},\"image\":{\"@id\":\"https:\/\/ikastikos-kiklos.com\/en\/product\/xina-ii\/#primaryimage\"},\"thumbnailUrl\":\"https:\/\/ikastikos-kiklos.com\/wp-content\/uploads\/2024\/10\/xina-II-\u03bc\u03c0\u03b5\u03bb\u03b9\u03b2\u03b1\u03bd\u03ac\u03ba\u03b7-\u03bb\u03af\u03bb\u03b1.jpg\",\"datePublished\":\"2025-09-28T15:35:21+00:00\",\"dateModified\":\"2025-09-28T15:37:49+00:00\",\"description\":\"Xina II Painting by Lila Belivanaki at Ikastikos Kiklos Sianti in dimensions 35x40cm and Mixed Media\",\"breadcrumb\":{\"@id\":\"https:\/\/ikastikos-kiklos.com\/en\/product\/xina-ii\/#breadcrumb\"},\"inLanguage\":\"en-US\",\"potentialAction\":[{\"@type\":\"ReadAction\",\"target\":[\"https:\/\/ikastikos-kiklos.com\/en\/product\/xina-ii\/\"]}]},{\"@type\":\"ImageObject\",\"inLanguage\":\"en-US\",\"@id\":\"https:\/\/ikastikos-kiklos.com\/en\/product\/xina-ii\/#primaryimage\",\"url\":\"https:\/\/ikastikos-kiklos.com\/wp-content\/uploads\/2024\/10\/xina-II-\u03bc\u03c0\u03b5\u03bb\u03b9\u03b2\u03b1\u03bd\u03ac\u03ba\u03b7-\u03bb\u03af\u03bb\u03b1.jpg\",\"contentUrl\":\"https:\/\/ikastikos-kiklos.com\/wp-content\/uploads\/2024\/10\/xina-II-\u03bc\u03c0\u03b5\u03bb\u03b9\u03b2\u03b1\u03bd\u03ac\u03ba\u03b7-\u03bb\u03af\u03bb\u03b1.jpg\",\"width\":1122,\"height\":1289,\"caption\":\"xina-II-\u03bc\u03c0\u03b5\u03bb\u03b9\u03b2\u03b1\u03bd\u03ac\u03ba\u03b7-\u03bb\u03af\u03bb\u03b1\"},{\"@type\":\"BreadcrumbList\",\"@id\":\"https:\/\/ikastikos-kiklos.com\/en\/product\/xina-ii\/#breadcrumb\",\"itemListElement\":[{\"@type\":\"ListItem\",\"position\":1,\"name\":\"Home\",\"item\":\"https:\/\/ikastikos-kiklos.com\/en\/\"},{\"@type\":\"ListItem\",\"position\":2,\"name\":\"\u0388\u03c1\u03b3\u03b1 \u03c4\u03ad\u03c7\u03bd\u03b7\u03c2\",\"item\":\"https:\/\/ikastikos-kiklos.com\/%ce%ad%cf%81%ce%b3%ce%b1-%cf%84%ce%ad%cf%87%ce%bd%ce%b7%cf%82\/\"},{\"@type\":\"ListItem\",\"position\":3,\"name\":\"Xina II\"}]},{\"@type\":\"WebSite\",\"@id\":\"https:\/\/ikastikos-kiklos.com\/en\/#website\",\"url\":\"https:\/\/ikastikos-kiklos.com\/en\/\",\"name\":\"Ikastikos Kiklos - Zografik\u00ed - Metaxotyp\u00edes - T\u00e9chniPainting - Silk Screen - Art\",\"description\":\"\",\"publisher\":{\"@id\":\"https:\/\/ikastikos-kiklos.com\/en\/#organization\"},\"potentialAction\":[{\"@type\":\"SearchAction\",\"target\":{\"@type\":\"EntryPoint\",\"urlTemplate\":\"https:\/\/ikastikos-kiklos.com\/en\/?s={search_term_string}\"},\"query-input\":{\"@type\":\"PropertyValueSpecification\",\"valueRequired\":true,\"valueName\":\"search_term_string\"}}],\"inLanguage\":\"en-US\"},{\"@type\":\"Organization\",\"@id\":\"https:\/\/ikastikos-kiklos.com\/en\/#organization\",\"name\":\"Ikastikos Kiklos - Zografik\u00ed - Metaxotyp\u00edes - T\u00e9chniPainting - Silk Screen - Art\",\"url\":\"https:\/\/ikastikos-kiklos.com\/en\/\",\"logo\":{\"@type\":\"ImageObject\",\"inLanguage\":\"en-US\",\"@id\":\"https:\/\/ikastikos-kiklos.com\/en\/#\/schema\/logo\/image\/\",\"url\":\"https:\/\/ikastikos-kiklos.com\/wp-content\/uploads\/2022\/10\/cropped-favicon_ikastikos.png\",\"contentUrl\":\"https:\/\/ikastikos-kiklos.com\/wp-content\/uploads\/2022\/10\/cropped-favicon_ikastikos.png\",\"width\":512,\"height\":512,\"caption\":\"Ikastikos Kiklos - Zografik\u00ed - Metaxotyp\u00edes - T\u00e9chniPainting - Silk Screen - Art\"},\"image\":{\"@id\":\"https:\/\/ikastikos-kiklos.com\/en\/#\/schema\/logo\/image\/\"},\"sameAs\":[\"https:\/\/www.facebook.com\/ikastikoskiklossianti\/\"]}]}<\/script>\n<!-- \/ Yoast SEO plugin. -->","yoast_head_json":{"title":"Xina II Painting by Lila Belivanaki","description":"Xina II Painting by Lila Belivanaki at Ikastikos Kiklos Sianti in dimensions 35x40cm and Mixed Media","robots":{"index":"index","follow":"follow","max-snippet":"max-snippet:-1","max-image-preview":"max-image-preview:large","max-video-preview":"max-video-preview:-1"},"canonical":"https:\/\/ikastikos-kiklos.com\/en\/product\/xina-ii\/","og_locale":"en_US","og_type":"article","og_title":"Xina II Painting by Lila Belivanaki","og_description":"Xina II Painting by Lila Belivanaki at Ikastikos Kiklos Sianti in dimensions 35x40cm and Mixed Media","og_url":"https:\/\/ikastikos-kiklos.com\/en\/product\/xina-ii\/","og_site_name":"Ikastikos Kiklos - Zografik\u00ed - Metaxotyp\u00edes - T\u00e9chniPainting - Silk Screen - Art","article_publisher":"https:\/\/www.facebook.com\/ikastikoskiklossianti\/","article_modified_time":"2025-09-28T15:37:49+00:00","og_image":[{"width":1122,"height":1289,"url":"https:\/\/ikastikos-kiklos.com\/wp-content\/uploads\/2024\/10\/xina-II-\u03bc\u03c0\u03b5\u03bb\u03b9\u03b2\u03b1\u03bd\u03ac\u03ba\u03b7-\u03bb\u03af\u03bb\u03b1.jpg","type":"image\/jpeg"}],"twitter_card":"summary_large_image","twitter_misc":{"Est. reading time":"1 minute"},"schema":{"@context":"https:\/\/schema.org","@graph":[{"@type":"WebPage","@id":"https:\/\/ikastikos-kiklos.com\/en\/product\/xina-ii\/","url":"https:\/\/ikastikos-kiklos.com\/en\/product\/xina-ii\/","name":"Xina II Painting by Lila Belivanaki","isPartOf":{"@id":"https:\/\/ikastikos-kiklos.com\/en\/#website"},"primaryImageOfPage":{"@id":"https:\/\/ikastikos-kiklos.com\/en\/product\/xina-ii\/#primaryimage"},"image":{"@id":"https:\/\/ikastikos-kiklos.com\/en\/product\/xina-ii\/#primaryimage"},"thumbnailUrl":"https:\/\/ikastikos-kiklos.com\/wp-content\/uploads\/2024\/10\/xina-II-\u03bc\u03c0\u03b5\u03bb\u03b9\u03b2\u03b1\u03bd\u03ac\u03ba\u03b7-\u03bb\u03af\u03bb\u03b1.jpg","datePublished":"2025-09-28T15:35:21+00:00","dateModified":"2025-09-28T15:37:49+00:00","description":"Xina II Painting by Lila Belivanaki at Ikastikos Kiklos Sianti in dimensions 35x40cm and Mixed Media","breadcrumb":{"@id":"https:\/\/ikastikos-kiklos.com\/en\/product\/xina-ii\/#breadcrumb"},"inLanguage":"en-US","potentialAction":[{"@type":"ReadAction","target":["https:\/\/ikastikos-kiklos.com\/en\/product\/xina-ii\/"]}]},{"@type":"ImageObject","inLanguage":"en-US","@id":"https:\/\/ikastikos-kiklos.com\/en\/product\/xina-ii\/#primaryimage","url":"https:\/\/ikastikos-kiklos.com\/wp-content\/uploads\/2024\/10\/xina-II-\u03bc\u03c0\u03b5\u03bb\u03b9\u03b2\u03b1\u03bd\u03ac\u03ba\u03b7-\u03bb\u03af\u03bb\u03b1.jpg","contentUrl":"https:\/\/ikastikos-kiklos.com\/wp-content\/uploads\/2024\/10\/xina-II-\u03bc\u03c0\u03b5\u03bb\u03b9\u03b2\u03b1\u03bd\u03ac\u03ba\u03b7-\u03bb\u03af\u03bb\u03b1.jpg","width":1122,"height":1289,"caption":"xina-II-\u03bc\u03c0\u03b5\u03bb\u03b9\u03b2\u03b1\u03bd\u03ac\u03ba\u03b7-\u03bb\u03af\u03bb\u03b1"},{"@type":"BreadcrumbList","@id":"https:\/\/ikastikos-kiklos.com\/en\/product\/xina-ii\/#breadcrumb","itemListElement":[{"@type":"ListItem","position":1,"name":"Home","item":"https:\/\/ikastikos-kiklos.com\/en\/"},{"@type":"ListItem","position":2,"name":"\u0388\u03c1\u03b3\u03b1 \u03c4\u03ad\u03c7\u03bd\u03b7\u03c2","item":"https:\/\/ikastikos-kiklos.com\/%ce%ad%cf%81%ce%b3%ce%b1-%cf%84%ce%ad%cf%87%ce%bd%ce%b7%cf%82\/"},{"@type":"ListItem","position":3,"name":"Xina II"}]},{"@type":"WebSite","@id":"https:\/\/ikastikos-kiklos.com\/en\/#website","url":"https:\/\/ikastikos-kiklos.com\/en\/","name":"Ikastikos Kiklos - Zografik\u00ed - Metaxotyp\u00edes - T\u00e9chniPainting - Silk Screen - Art","description":"","publisher":{"@id":"https:\/\/ikastikos-kiklos.com\/en\/#organization"},"potentialAction":[{"@type":"SearchAction","target":{"@type":"EntryPoint","urlTemplate":"https:\/\/ikastikos-kiklos.com\/en\/?s={search_term_string}"},"query-input":{"@type":"PropertyValueSpecification","valueRequired":true,"valueName":"search_term_string"}}],"inLanguage":"en-US"},{"@type":"Organization","@id":"https:\/\/ikastikos-kiklos.com\/en\/#organization","name":"Ikastikos Kiklos - Zografik\u00ed - Metaxotyp\u00edes - T\u00e9chniPainting - Silk Screen - Art","url":"https:\/\/ikastikos-kiklos.com\/en\/","logo":{"@type":"ImageObject","inLanguage":"en-US","@id":"https:\/\/ikastikos-kiklos.com\/en\/#\/schema\/logo\/image\/","url":"https:\/\/ikastikos-kiklos.com\/wp-content\/uploads\/2022\/10\/cropped-favicon_ikastikos.png","contentUrl":"https:\/\/ikastikos-kiklos.com\/wp-content\/uploads\/2022\/10\/cropped-favicon_ikastikos.png","width":512,"height":512,"caption":"Ikastikos Kiklos - Zografik\u00ed - Metaxotyp\u00edes - T\u00e9chniPainting - Silk Screen - Art"},"image":{"@id":"https:\/\/ikastikos-kiklos.com\/en\/#\/schema\/logo\/image\/"},"sameAs":["https:\/\/www.facebook.com\/ikastikoskiklossianti\/"]}]}},"_links":{"self":[{"href":"https:\/\/ikastikos-kiklos.com\/en\/wp-json\/wp\/v2\/product\/52696","targetHints":{"allow":["GET"]}}],"collection":[{"href":"https:\/\/ikastikos-kiklos.com\/en\/wp-json\/wp\/v2\/product"}],"about":[{"href":"https:\/\/ikastikos-kiklos.com\/en\/wp-json\/wp\/v2\/types\/product"}],"wp:featuredmedia":[{"embeddable":true,"href":"https:\/\/ikastikos-kiklos.com\/en\/wp-json\/wp\/v2\/media\/49614"}],"wp:attachment":[{"href":"https:\/\/ikastikos-kiklos.com\/en\/wp-json\/wp\/v2\/media?parent=52696"}],"wp:term":[{"taxonomy":"product_brand","embeddable":true,"href":"https:\/\/ikastikos-kiklos.com\/en\/wp-json\/wp\/v2\/product_brand?post=52696"},{"taxonomy":"product_cat","embeddable":true,"href":"https:\/\/ikastikos-kiklos.com\/en\/wp-json\/wp\/v2\/product_cat?post=52696"},{"taxonomy":"product_tag","embeddable":true,"href":"https:\/\/ikastikos-kiklos.com\/en\/wp-json\/wp\/v2\/product_tag?post=52696"}],"curies":[{"name":"wp","href":"https:\/\/api.w.org\/{rel}","templated":true}]}}