{"id":52693,"date":"2025-09-28T12:15:47","date_gmt":"2025-09-28T09:15:47","guid":{"rendered":"https:\/\/ikastikos-kiklos.com\/product\/vision-3\/"},"modified":"2025-09-28T12:19:44","modified_gmt":"2025-09-28T09:19:44","slug":"vision-3","status":"publish","type":"product","link":"https:\/\/ikastikos-kiklos.com\/en\/product\/vision-3\/","title":{"rendered":"Vision"},"content":{"rendered":"","protected":false},"excerpt":{"rendered":"<p>Artwork of 2021<\/p>\n","protected":false},"featured_media":49974,"template":"","meta":{"ngg_post_thumbnail":0},"product_brand":[],"product_cat":[398,1987,1989,1008],"product_tag":[2964],"class_list":{"0":"post-52693","1":"product","2":"type-product","3":"status-publish","4":"has-post-thumbnail","6":"product_cat-collections","7":"product_cat-eshop-en","8":"product_cat-painting-shop","9":"product_cat-small-painting","10":"product_tag-thanassis-lalas","11":"product_shipping_class-shipping-10-20kg","13":"first","14":"instock","15":"taxable","16":"shipping-taxable","17":"purchasable","18":"product-type-simple"},"yoast_head":"<!-- This site is optimized with the Yoast SEO plugin v27.2 - https:\/\/yoast.com\/product\/yoast-seo-wordpress\/ -->\n<title>Vision Painting by Thanassis Lalas | Ikastikos Kiklos Sianti<\/title>\n<meta name=\"description\" content=\"Vision Painting by Thanassis Lalas at Ikastikos Kiklos Sianti in dimensions 45x45cm and acrylics on tile\" \/>\n<meta name=\"robots\" content=\"index, follow, max-snippet:-1, max-image-preview:large, max-video-preview:-1\" \/>\n<link rel=\"canonical\" href=\"https:\/\/ikastikos-kiklos.com\/en\/product\/vision-3\/\" \/>\n<meta property=\"og:locale\" content=\"en_US\" \/>\n<meta property=\"og:type\" content=\"article\" \/>\n<meta property=\"og:title\" content=\"Vision Painting by Thanassis Lalas | Ikastikos Kiklos Sianti\" \/>\n<meta property=\"og:description\" content=\"Vision Painting by Thanassis Lalas at Ikastikos Kiklos Sianti in dimensions 45x45cm and acrylics on tile\" \/>\n<meta property=\"og:url\" content=\"https:\/\/ikastikos-kiklos.com\/en\/product\/vision-3\/\" \/>\n<meta property=\"og:site_name\" content=\"Ikastikos Kiklos - Zografik\u00ed - Metaxotyp\u00edes - T\u00e9chniPainting - Silk Screen - Art\" \/>\n<meta property=\"article:publisher\" content=\"https:\/\/www.facebook.com\/ikastikoskiklossianti\/\" \/>\n<meta property=\"article:modified_time\" content=\"2025-09-28T09:19:44+00:00\" \/>\n<meta property=\"og:image\" content=\"https:\/\/ikastikos-kiklos.com\/wp-content\/uploads\/2024\/10\/vision-\u03bb\u03ac\u03bb\u03b1\u03c2-\u03b8\u03b1\u03bd\u03ac\u03c3\u03b7\u03c2-\u03b6\u03c9\u03b3\u03c1\u03b1\u03c6\u03b9\u03ba\u03ae.jpg\" \/>\n\t<meta property=\"og:image:width\" content=\"1430\" \/>\n\t<meta property=\"og:image:height\" content=\"1429\" \/>\n\t<meta property=\"og:image:type\" content=\"image\/jpeg\" \/>\n<meta name=\"twitter:card\" content=\"summary_large_image\" \/>\n<script type=\"application\/ld+json\" class=\"yoast-schema-graph\">{\"@context\":\"https:\/\/schema.org\",\"@graph\":[{\"@type\":\"WebPage\",\"@id\":\"https:\/\/ikastikos-kiklos.com\/en\/product\/vision-3\/\",\"url\":\"https:\/\/ikastikos-kiklos.com\/en\/product\/vision-3\/\",\"name\":\"Vision Painting by Thanassis Lalas | Ikastikos Kiklos Sianti\",\"isPartOf\":{\"@id\":\"https:\/\/ikastikos-kiklos.com\/en\/#website\"},\"primaryImageOfPage\":{\"@id\":\"https:\/\/ikastikos-kiklos.com\/en\/product\/vision-3\/#primaryimage\"},\"image\":{\"@id\":\"https:\/\/ikastikos-kiklos.com\/en\/product\/vision-3\/#primaryimage\"},\"thumbnailUrl\":\"https:\/\/ikastikos-kiklos.com\/wp-content\/uploads\/2024\/10\/vision-\u03bb\u03ac\u03bb\u03b1\u03c2-\u03b8\u03b1\u03bd\u03ac\u03c3\u03b7\u03c2-\u03b6\u03c9\u03b3\u03c1\u03b1\u03c6\u03b9\u03ba\u03ae.jpg\",\"datePublished\":\"2025-09-28T09:15:47+00:00\",\"dateModified\":\"2025-09-28T09:19:44+00:00\",\"description\":\"Vision Painting by Thanassis Lalas at Ikastikos Kiklos Sianti in dimensions 45x45cm and acrylics on tile\",\"breadcrumb\":{\"@id\":\"https:\/\/ikastikos-kiklos.com\/en\/product\/vision-3\/#breadcrumb\"},\"inLanguage\":\"en-US\",\"potentialAction\":[{\"@type\":\"ReadAction\",\"target\":[\"https:\/\/ikastikos-kiklos.com\/en\/product\/vision-3\/\"]}]},{\"@type\":\"ImageObject\",\"inLanguage\":\"en-US\",\"@id\":\"https:\/\/ikastikos-kiklos.com\/en\/product\/vision-3\/#primaryimage\",\"url\":\"https:\/\/ikastikos-kiklos.com\/wp-content\/uploads\/2024\/10\/vision-\u03bb\u03ac\u03bb\u03b1\u03c2-\u03b8\u03b1\u03bd\u03ac\u03c3\u03b7\u03c2-\u03b6\u03c9\u03b3\u03c1\u03b1\u03c6\u03b9\u03ba\u03ae.jpg\",\"contentUrl\":\"https:\/\/ikastikos-kiklos.com\/wp-content\/uploads\/2024\/10\/vision-\u03bb\u03ac\u03bb\u03b1\u03c2-\u03b8\u03b1\u03bd\u03ac\u03c3\u03b7\u03c2-\u03b6\u03c9\u03b3\u03c1\u03b1\u03c6\u03b9\u03ba\u03ae.jpg\",\"width\":1430,\"height\":1429,\"caption\":\"vision-\u03bb\u03ac\u03bb\u03b1\u03c2-\u03b8\u03b1\u03bd\u03ac\u03c3\u03b7\u03c2-\u03b6\u03c9\u03b3\u03c1\u03b1\u03c6\u03b9\u03ba\u03ae\"},{\"@type\":\"BreadcrumbList\",\"@id\":\"https:\/\/ikastikos-kiklos.com\/en\/product\/vision-3\/#breadcrumb\",\"itemListElement\":[{\"@type\":\"ListItem\",\"position\":1,\"name\":\"Home\",\"item\":\"https:\/\/ikastikos-kiklos.com\/en\/\"},{\"@type\":\"ListItem\",\"position\":2,\"name\":\"\u0388\u03c1\u03b3\u03b1 \u03c4\u03ad\u03c7\u03bd\u03b7\u03c2\",\"item\":\"https:\/\/ikastikos-kiklos.com\/%ce%ad%cf%81%ce%b3%ce%b1-%cf%84%ce%ad%cf%87%ce%bd%ce%b7%cf%82\/\"},{\"@type\":\"ListItem\",\"position\":3,\"name\":\"Vision\"}]},{\"@type\":\"WebSite\",\"@id\":\"https:\/\/ikastikos-kiklos.com\/en\/#website\",\"url\":\"https:\/\/ikastikos-kiklos.com\/en\/\",\"name\":\"Ikastikos Kiklos - Zografik\u00ed - Metaxotyp\u00edes - T\u00e9chniPainting - Silk Screen - Art\",\"description\":\"\",\"publisher\":{\"@id\":\"https:\/\/ikastikos-kiklos.com\/en\/#organization\"},\"potentialAction\":[{\"@type\":\"SearchAction\",\"target\":{\"@type\":\"EntryPoint\",\"urlTemplate\":\"https:\/\/ikastikos-kiklos.com\/en\/?s={search_term_string}\"},\"query-input\":{\"@type\":\"PropertyValueSpecification\",\"valueRequired\":true,\"valueName\":\"search_term_string\"}}],\"inLanguage\":\"en-US\"},{\"@type\":\"Organization\",\"@id\":\"https:\/\/ikastikos-kiklos.com\/en\/#organization\",\"name\":\"Ikastikos Kiklos - Zografik\u00ed - Metaxotyp\u00edes - T\u00e9chniPainting - Silk Screen - Art\",\"url\":\"https:\/\/ikastikos-kiklos.com\/en\/\",\"logo\":{\"@type\":\"ImageObject\",\"inLanguage\":\"en-US\",\"@id\":\"https:\/\/ikastikos-kiklos.com\/en\/#\/schema\/logo\/image\/\",\"url\":\"https:\/\/ikastikos-kiklos.com\/wp-content\/uploads\/2022\/10\/cropped-favicon_ikastikos.png\",\"contentUrl\":\"https:\/\/ikastikos-kiklos.com\/wp-content\/uploads\/2022\/10\/cropped-favicon_ikastikos.png\",\"width\":512,\"height\":512,\"caption\":\"Ikastikos Kiklos - Zografik\u00ed - Metaxotyp\u00edes - T\u00e9chniPainting - Silk Screen - Art\"},\"image\":{\"@id\":\"https:\/\/ikastikos-kiklos.com\/en\/#\/schema\/logo\/image\/\"},\"sameAs\":[\"https:\/\/www.facebook.com\/ikastikoskiklossianti\/\"]}]}<\/script>\n<!-- \/ Yoast SEO plugin. -->","yoast_head_json":{"title":"Vision Painting by Thanassis Lalas | Ikastikos Kiklos Sianti","description":"Vision Painting by Thanassis Lalas at Ikastikos Kiklos Sianti in dimensions 45x45cm and acrylics on tile","robots":{"index":"index","follow":"follow","max-snippet":"max-snippet:-1","max-image-preview":"max-image-preview:large","max-video-preview":"max-video-preview:-1"},"canonical":"https:\/\/ikastikos-kiklos.com\/en\/product\/vision-3\/","og_locale":"en_US","og_type":"article","og_title":"Vision Painting by Thanassis Lalas | Ikastikos Kiklos Sianti","og_description":"Vision Painting by Thanassis Lalas at Ikastikos Kiklos Sianti in dimensions 45x45cm and acrylics on tile","og_url":"https:\/\/ikastikos-kiklos.com\/en\/product\/vision-3\/","og_site_name":"Ikastikos Kiklos - Zografik\u00ed - Metaxotyp\u00edes - T\u00e9chniPainting - Silk Screen - Art","article_publisher":"https:\/\/www.facebook.com\/ikastikoskiklossianti\/","article_modified_time":"2025-09-28T09:19:44+00:00","og_image":[{"width":1430,"height":1429,"url":"https:\/\/ikastikos-kiklos.com\/wp-content\/uploads\/2024\/10\/vision-\u03bb\u03ac\u03bb\u03b1\u03c2-\u03b8\u03b1\u03bd\u03ac\u03c3\u03b7\u03c2-\u03b6\u03c9\u03b3\u03c1\u03b1\u03c6\u03b9\u03ba\u03ae.jpg","type":"image\/jpeg"}],"twitter_card":"summary_large_image","schema":{"@context":"https:\/\/schema.org","@graph":[{"@type":"WebPage","@id":"https:\/\/ikastikos-kiklos.com\/en\/product\/vision-3\/","url":"https:\/\/ikastikos-kiklos.com\/en\/product\/vision-3\/","name":"Vision Painting by Thanassis Lalas | Ikastikos Kiklos Sianti","isPartOf":{"@id":"https:\/\/ikastikos-kiklos.com\/en\/#website"},"primaryImageOfPage":{"@id":"https:\/\/ikastikos-kiklos.com\/en\/product\/vision-3\/#primaryimage"},"image":{"@id":"https:\/\/ikastikos-kiklos.com\/en\/product\/vision-3\/#primaryimage"},"thumbnailUrl":"https:\/\/ikastikos-kiklos.com\/wp-content\/uploads\/2024\/10\/vision-\u03bb\u03ac\u03bb\u03b1\u03c2-\u03b8\u03b1\u03bd\u03ac\u03c3\u03b7\u03c2-\u03b6\u03c9\u03b3\u03c1\u03b1\u03c6\u03b9\u03ba\u03ae.jpg","datePublished":"2025-09-28T09:15:47+00:00","dateModified":"2025-09-28T09:19:44+00:00","description":"Vision Painting by Thanassis Lalas at Ikastikos Kiklos Sianti in dimensions 45x45cm and acrylics on tile","breadcrumb":{"@id":"https:\/\/ikastikos-kiklos.com\/en\/product\/vision-3\/#breadcrumb"},"inLanguage":"en-US","potentialAction":[{"@type":"ReadAction","target":["https:\/\/ikastikos-kiklos.com\/en\/product\/vision-3\/"]}]},{"@type":"ImageObject","inLanguage":"en-US","@id":"https:\/\/ikastikos-kiklos.com\/en\/product\/vision-3\/#primaryimage","url":"https:\/\/ikastikos-kiklos.com\/wp-content\/uploads\/2024\/10\/vision-\u03bb\u03ac\u03bb\u03b1\u03c2-\u03b8\u03b1\u03bd\u03ac\u03c3\u03b7\u03c2-\u03b6\u03c9\u03b3\u03c1\u03b1\u03c6\u03b9\u03ba\u03ae.jpg","contentUrl":"https:\/\/ikastikos-kiklos.com\/wp-content\/uploads\/2024\/10\/vision-\u03bb\u03ac\u03bb\u03b1\u03c2-\u03b8\u03b1\u03bd\u03ac\u03c3\u03b7\u03c2-\u03b6\u03c9\u03b3\u03c1\u03b1\u03c6\u03b9\u03ba\u03ae.jpg","width":1430,"height":1429,"caption":"vision-\u03bb\u03ac\u03bb\u03b1\u03c2-\u03b8\u03b1\u03bd\u03ac\u03c3\u03b7\u03c2-\u03b6\u03c9\u03b3\u03c1\u03b1\u03c6\u03b9\u03ba\u03ae"},{"@type":"BreadcrumbList","@id":"https:\/\/ikastikos-kiklos.com\/en\/product\/vision-3\/#breadcrumb","itemListElement":[{"@type":"ListItem","position":1,"name":"Home","item":"https:\/\/ikastikos-kiklos.com\/en\/"},{"@type":"ListItem","position":2,"name":"\u0388\u03c1\u03b3\u03b1 \u03c4\u03ad\u03c7\u03bd\u03b7\u03c2","item":"https:\/\/ikastikos-kiklos.com\/%ce%ad%cf%81%ce%b3%ce%b1-%cf%84%ce%ad%cf%87%ce%bd%ce%b7%cf%82\/"},{"@type":"ListItem","position":3,"name":"Vision"}]},{"@type":"WebSite","@id":"https:\/\/ikastikos-kiklos.com\/en\/#website","url":"https:\/\/ikastikos-kiklos.com\/en\/","name":"Ikastikos Kiklos - Zografik\u00ed - Metaxotyp\u00edes - T\u00e9chniPainting - Silk Screen - Art","description":"","publisher":{"@id":"https:\/\/ikastikos-kiklos.com\/en\/#organization"},"potentialAction":[{"@type":"SearchAction","target":{"@type":"EntryPoint","urlTemplate":"https:\/\/ikastikos-kiklos.com\/en\/?s={search_term_string}"},"query-input":{"@type":"PropertyValueSpecification","valueRequired":true,"valueName":"search_term_string"}}],"inLanguage":"en-US"},{"@type":"Organization","@id":"https:\/\/ikastikos-kiklos.com\/en\/#organization","name":"Ikastikos Kiklos - Zografik\u00ed - Metaxotyp\u00edes - T\u00e9chniPainting - Silk Screen - Art","url":"https:\/\/ikastikos-kiklos.com\/en\/","logo":{"@type":"ImageObject","inLanguage":"en-US","@id":"https:\/\/ikastikos-kiklos.com\/en\/#\/schema\/logo\/image\/","url":"https:\/\/ikastikos-kiklos.com\/wp-content\/uploads\/2022\/10\/cropped-favicon_ikastikos.png","contentUrl":"https:\/\/ikastikos-kiklos.com\/wp-content\/uploads\/2022\/10\/cropped-favicon_ikastikos.png","width":512,"height":512,"caption":"Ikastikos Kiklos - Zografik\u00ed - Metaxotyp\u00edes - T\u00e9chniPainting - Silk Screen - Art"},"image":{"@id":"https:\/\/ikastikos-kiklos.com\/en\/#\/schema\/logo\/image\/"},"sameAs":["https:\/\/www.facebook.com\/ikastikoskiklossianti\/"]}]}},"_links":{"self":[{"href":"https:\/\/ikastikos-kiklos.com\/en\/wp-json\/wp\/v2\/product\/52693","targetHints":{"allow":["GET"]}}],"collection":[{"href":"https:\/\/ikastikos-kiklos.com\/en\/wp-json\/wp\/v2\/product"}],"about":[{"href":"https:\/\/ikastikos-kiklos.com\/en\/wp-json\/wp\/v2\/types\/product"}],"wp:featuredmedia":[{"embeddable":true,"href":"https:\/\/ikastikos-kiklos.com\/en\/wp-json\/wp\/v2\/media\/49974"}],"wp:attachment":[{"href":"https:\/\/ikastikos-kiklos.com\/en\/wp-json\/wp\/v2\/media?parent=52693"}],"wp:term":[{"taxonomy":"product_brand","embeddable":true,"href":"https:\/\/ikastikos-kiklos.com\/en\/wp-json\/wp\/v2\/product_brand?post=52693"},{"taxonomy":"product_cat","embeddable":true,"href":"https:\/\/ikastikos-kiklos.com\/en\/wp-json\/wp\/v2\/product_cat?post=52693"},{"taxonomy":"product_tag","embeddable":true,"href":"https:\/\/ikastikos-kiklos.com\/en\/wp-json\/wp\/v2\/product_tag?post=52693"}],"curies":[{"name":"wp","href":"https:\/\/api.w.org\/{rel}","templated":true}]}}