{"id":52631,"date":"2025-09-21T20:15:37","date_gmt":"2025-09-21T17:15:37","guid":{"rendered":"https:\/\/ikastikos-kiklos.com\/product\/weekend\/"},"modified":"2025-09-21T20:22:04","modified_gmt":"2025-09-21T17:22:04","slug":"weekend","status":"publish","type":"product","link":"https:\/\/ikastikos-kiklos.com\/en\/product\/weekend\/","title":{"rendered":"Weekend"},"content":{"rendered":"<p data-start=\"71\" data-end=\"635\">When Apostolos Yayannos held his solo exhibition <em data-start=\"122\" data-end=\"132\">E.D.E.M.<\/em> at the Titanium Gallery in 2010, featuring works of painting and sculpture, he expanded the formal limits of the concerns he first articulated in the <em data-start=\"283\" data-end=\"292\">ONE WAY&nbsp;<\/em>exhibition of 2007 (in Athens and Paris). These two exhibitions mark the artist\u2019s transition from gestural painting to meticulous drawing. The thick paste of color and maximalist abstraction that had established him as the leading colorist of his generation now triumphantly hands the baton to pencils and the detailed mapping of composition.<\/p>\n<p data-start=\"637\" data-end=\"1171\">The vertical paintings of his solo exhibition&nbsp;<em data-start=\"663\" data-end=\"673\">E.D.E.M.<\/em> emerge from a passionate assemblage of episodes, connecting human achievements with human crimes, greatness with absurdity, and the wonders of civilisation with the imprints of mass culture. Architecture plays a significant role here, rewriting with a new maturity, greater vividness, and with the humor of a more pop approach, the poetry of structures we first saw in the <strong>Memory<\/strong> series of 1999. With <em data-start=\"1077\" data-end=\"1087\">E.D.E.M.<\/em>, Yayannos dares to explore a new visual language infused with ethical reflection.<\/p>\n","protected":false},"excerpt":{"rendered":"<p>Artwork of 2010. Presented in the solo exhibition \u201cApostolos Yayannos: 50 years of Art\u201d<\/p>\n","protected":false},"featured_media":48306,"template":"","meta":{"ngg_post_thumbnail":0},"product_brand":[],"product_cat":[398,397],"product_tag":[3364],"class_list":{"0":"post-52631","1":"product","2":"type-product","3":"status-publish","4":"has-post-thumbnail","6":"product_cat-collections","7":"product_cat-painting","8":"product_tag-yayannos-apostolos","10":"first","11":"instock","12":"taxable","13":"shipping-taxable","14":"product-type-simple"},"yoast_head":"<!-- This site is optimized with the Yoast SEO plugin v27.2 - https:\/\/yoast.com\/product\/yoast-seo-wordpress\/ -->\n<title>Weekend Painting by Apostolos Yayannos<\/title>\n<meta name=\"description\" content=\"Weekend Painting by Apostolos Yayannos at Ikastikos Kiklos Sianti in dimensions 110x150cm and acrylic on canvas\" \/>\n<meta name=\"robots\" content=\"index, follow, max-snippet:-1, max-image-preview:large, max-video-preview:-1\" \/>\n<link rel=\"canonical\" href=\"https:\/\/ikastikos-kiklos.com\/en\/product\/weekend\/\" \/>\n<meta property=\"og:locale\" content=\"en_US\" \/>\n<meta property=\"og:type\" content=\"article\" \/>\n<meta property=\"og:title\" content=\"Weekend Painting by Apostolos Yayannos\" \/>\n<meta property=\"og:description\" content=\"Weekend Painting by Apostolos Yayannos at Ikastikos Kiklos Sianti in dimensions 110x150cm and acrylic on canvas\" \/>\n<meta property=\"og:url\" content=\"https:\/\/ikastikos-kiklos.com\/en\/product\/weekend\/\" \/>\n<meta property=\"og:site_name\" content=\"Ikastikos Kiklos - Zografik\u00ed - Metaxotyp\u00edes - T\u00e9chniPainting - Silk Screen - Art\" \/>\n<meta property=\"article:publisher\" content=\"https:\/\/www.facebook.com\/ikastikoskiklossianti\/\" \/>\n<meta property=\"article:modified_time\" content=\"2025-09-21T17:22:04+00:00\" \/>\n<meta property=\"og:image\" content=\"https:\/\/ikastikos-kiklos.com\/wp-content\/uploads\/2024\/04\/weekend-\u03b3\u03b9\u03b1\u03b3\u03b9\u03ac\u03bd\u03bd\u03bf\u03c2-\u03b1\u03c0\u03cc\u03c3\u03c4\u03bf\u03bb\u03bf\u03c2.jpg\" \/>\n\t<meta property=\"og:image:width\" content=\"800\" \/>\n\t<meta property=\"og:image:height\" content=\"1088\" \/>\n\t<meta property=\"og:image:type\" content=\"image\/jpeg\" \/>\n<meta name=\"twitter:card\" content=\"summary_large_image\" \/>\n<meta name=\"twitter:label1\" content=\"Est. reading time\" \/>\n\t<meta name=\"twitter:data1\" content=\"1 minute\" \/>\n<script type=\"application\/ld+json\" class=\"yoast-schema-graph\">{\"@context\":\"https:\/\/schema.org\",\"@graph\":[{\"@type\":\"WebPage\",\"@id\":\"https:\/\/ikastikos-kiklos.com\/en\/product\/weekend\/\",\"url\":\"https:\/\/ikastikos-kiklos.com\/en\/product\/weekend\/\",\"name\":\"Weekend Painting by Apostolos Yayannos\",\"isPartOf\":{\"@id\":\"https:\/\/ikastikos-kiklos.com\/en\/#website\"},\"primaryImageOfPage\":{\"@id\":\"https:\/\/ikastikos-kiklos.com\/en\/product\/weekend\/#primaryimage\"},\"image\":{\"@id\":\"https:\/\/ikastikos-kiklos.com\/en\/product\/weekend\/#primaryimage\"},\"thumbnailUrl\":\"https:\/\/ikastikos-kiklos.com\/wp-content\/uploads\/2024\/04\/weekend-\u03b3\u03b9\u03b1\u03b3\u03b9\u03ac\u03bd\u03bd\u03bf\u03c2-\u03b1\u03c0\u03cc\u03c3\u03c4\u03bf\u03bb\u03bf\u03c2.jpg\",\"datePublished\":\"2025-09-21T17:15:37+00:00\",\"dateModified\":\"2025-09-21T17:22:04+00:00\",\"description\":\"Weekend Painting by Apostolos Yayannos at Ikastikos Kiklos Sianti in dimensions 110x150cm and acrylic on canvas\",\"breadcrumb\":{\"@id\":\"https:\/\/ikastikos-kiklos.com\/en\/product\/weekend\/#breadcrumb\"},\"inLanguage\":\"en-US\",\"potentialAction\":[{\"@type\":\"ReadAction\",\"target\":[\"https:\/\/ikastikos-kiklos.com\/en\/product\/weekend\/\"]}]},{\"@type\":\"ImageObject\",\"inLanguage\":\"en-US\",\"@id\":\"https:\/\/ikastikos-kiklos.com\/en\/product\/weekend\/#primaryimage\",\"url\":\"https:\/\/ikastikos-kiklos.com\/wp-content\/uploads\/2024\/04\/weekend-\u03b3\u03b9\u03b1\u03b3\u03b9\u03ac\u03bd\u03bd\u03bf\u03c2-\u03b1\u03c0\u03cc\u03c3\u03c4\u03bf\u03bb\u03bf\u03c2.jpg\",\"contentUrl\":\"https:\/\/ikastikos-kiklos.com\/wp-content\/uploads\/2024\/04\/weekend-\u03b3\u03b9\u03b1\u03b3\u03b9\u03ac\u03bd\u03bd\u03bf\u03c2-\u03b1\u03c0\u03cc\u03c3\u03c4\u03bf\u03bb\u03bf\u03c2.jpg\",\"width\":800,\"height\":1088,\"caption\":\"weekend-\u03b3\u03b9\u03b1\u03b3\u03b9\u03ac\u03bd\u03bd\u03bf\u03c2-\u03b1\u03c0\u03cc\u03c3\u03c4\u03bf\u03bb\u03bf\u03c2\"},{\"@type\":\"BreadcrumbList\",\"@id\":\"https:\/\/ikastikos-kiklos.com\/en\/product\/weekend\/#breadcrumb\",\"itemListElement\":[{\"@type\":\"ListItem\",\"position\":1,\"name\":\"Home\",\"item\":\"https:\/\/ikastikos-kiklos.com\/en\/\"},{\"@type\":\"ListItem\",\"position\":2,\"name\":\"\u0388\u03c1\u03b3\u03b1 \u03c4\u03ad\u03c7\u03bd\u03b7\u03c2\",\"item\":\"https:\/\/ikastikos-kiklos.com\/%ce%ad%cf%81%ce%b3%ce%b1-%cf%84%ce%ad%cf%87%ce%bd%ce%b7%cf%82\/\"},{\"@type\":\"ListItem\",\"position\":3,\"name\":\"Weekend\"}]},{\"@type\":\"WebSite\",\"@id\":\"https:\/\/ikastikos-kiklos.com\/en\/#website\",\"url\":\"https:\/\/ikastikos-kiklos.com\/en\/\",\"name\":\"Ikastikos Kiklos - Zografik\u00ed - Metaxotyp\u00edes - T\u00e9chniPainting - Silk Screen - Art\",\"description\":\"\",\"publisher\":{\"@id\":\"https:\/\/ikastikos-kiklos.com\/en\/#organization\"},\"potentialAction\":[{\"@type\":\"SearchAction\",\"target\":{\"@type\":\"EntryPoint\",\"urlTemplate\":\"https:\/\/ikastikos-kiklos.com\/en\/?s={search_term_string}\"},\"query-input\":{\"@type\":\"PropertyValueSpecification\",\"valueRequired\":true,\"valueName\":\"search_term_string\"}}],\"inLanguage\":\"en-US\"},{\"@type\":\"Organization\",\"@id\":\"https:\/\/ikastikos-kiklos.com\/en\/#organization\",\"name\":\"Ikastikos Kiklos - Zografik\u00ed - Metaxotyp\u00edes - T\u00e9chniPainting - Silk Screen - Art\",\"url\":\"https:\/\/ikastikos-kiklos.com\/en\/\",\"logo\":{\"@type\":\"ImageObject\",\"inLanguage\":\"en-US\",\"@id\":\"https:\/\/ikastikos-kiklos.com\/en\/#\/schema\/logo\/image\/\",\"url\":\"https:\/\/ikastikos-kiklos.com\/wp-content\/uploads\/2022\/10\/cropped-favicon_ikastikos.png\",\"contentUrl\":\"https:\/\/ikastikos-kiklos.com\/wp-content\/uploads\/2022\/10\/cropped-favicon_ikastikos.png\",\"width\":512,\"height\":512,\"caption\":\"Ikastikos Kiklos - Zografik\u00ed - Metaxotyp\u00edes - T\u00e9chniPainting - Silk Screen - Art\"},\"image\":{\"@id\":\"https:\/\/ikastikos-kiklos.com\/en\/#\/schema\/logo\/image\/\"},\"sameAs\":[\"https:\/\/www.facebook.com\/ikastikoskiklossianti\/\"]}]}<\/script>\n<!-- \/ Yoast SEO plugin. -->","yoast_head_json":{"title":"Weekend Painting by Apostolos Yayannos","description":"Weekend Painting by Apostolos Yayannos at Ikastikos Kiklos Sianti in dimensions 110x150cm and acrylic on canvas","robots":{"index":"index","follow":"follow","max-snippet":"max-snippet:-1","max-image-preview":"max-image-preview:large","max-video-preview":"max-video-preview:-1"},"canonical":"https:\/\/ikastikos-kiklos.com\/en\/product\/weekend\/","og_locale":"en_US","og_type":"article","og_title":"Weekend Painting by Apostolos Yayannos","og_description":"Weekend Painting by Apostolos Yayannos at Ikastikos Kiklos Sianti in dimensions 110x150cm and acrylic on canvas","og_url":"https:\/\/ikastikos-kiklos.com\/en\/product\/weekend\/","og_site_name":"Ikastikos Kiklos - Zografik\u00ed - Metaxotyp\u00edes - T\u00e9chniPainting - Silk Screen - Art","article_publisher":"https:\/\/www.facebook.com\/ikastikoskiklossianti\/","article_modified_time":"2025-09-21T17:22:04+00:00","og_image":[{"width":800,"height":1088,"url":"https:\/\/ikastikos-kiklos.com\/wp-content\/uploads\/2024\/04\/weekend-\u03b3\u03b9\u03b1\u03b3\u03b9\u03ac\u03bd\u03bd\u03bf\u03c2-\u03b1\u03c0\u03cc\u03c3\u03c4\u03bf\u03bb\u03bf\u03c2.jpg","type":"image\/jpeg"}],"twitter_card":"summary_large_image","twitter_misc":{"Est. reading time":"1 minute"},"schema":{"@context":"https:\/\/schema.org","@graph":[{"@type":"WebPage","@id":"https:\/\/ikastikos-kiklos.com\/en\/product\/weekend\/","url":"https:\/\/ikastikos-kiklos.com\/en\/product\/weekend\/","name":"Weekend Painting by Apostolos Yayannos","isPartOf":{"@id":"https:\/\/ikastikos-kiklos.com\/en\/#website"},"primaryImageOfPage":{"@id":"https:\/\/ikastikos-kiklos.com\/en\/product\/weekend\/#primaryimage"},"image":{"@id":"https:\/\/ikastikos-kiklos.com\/en\/product\/weekend\/#primaryimage"},"thumbnailUrl":"https:\/\/ikastikos-kiklos.com\/wp-content\/uploads\/2024\/04\/weekend-\u03b3\u03b9\u03b1\u03b3\u03b9\u03ac\u03bd\u03bd\u03bf\u03c2-\u03b1\u03c0\u03cc\u03c3\u03c4\u03bf\u03bb\u03bf\u03c2.jpg","datePublished":"2025-09-21T17:15:37+00:00","dateModified":"2025-09-21T17:22:04+00:00","description":"Weekend Painting by Apostolos Yayannos at Ikastikos Kiklos Sianti in dimensions 110x150cm and acrylic on canvas","breadcrumb":{"@id":"https:\/\/ikastikos-kiklos.com\/en\/product\/weekend\/#breadcrumb"},"inLanguage":"en-US","potentialAction":[{"@type":"ReadAction","target":["https:\/\/ikastikos-kiklos.com\/en\/product\/weekend\/"]}]},{"@type":"ImageObject","inLanguage":"en-US","@id":"https:\/\/ikastikos-kiklos.com\/en\/product\/weekend\/#primaryimage","url":"https:\/\/ikastikos-kiklos.com\/wp-content\/uploads\/2024\/04\/weekend-\u03b3\u03b9\u03b1\u03b3\u03b9\u03ac\u03bd\u03bd\u03bf\u03c2-\u03b1\u03c0\u03cc\u03c3\u03c4\u03bf\u03bb\u03bf\u03c2.jpg","contentUrl":"https:\/\/ikastikos-kiklos.com\/wp-content\/uploads\/2024\/04\/weekend-\u03b3\u03b9\u03b1\u03b3\u03b9\u03ac\u03bd\u03bd\u03bf\u03c2-\u03b1\u03c0\u03cc\u03c3\u03c4\u03bf\u03bb\u03bf\u03c2.jpg","width":800,"height":1088,"caption":"weekend-\u03b3\u03b9\u03b1\u03b3\u03b9\u03ac\u03bd\u03bd\u03bf\u03c2-\u03b1\u03c0\u03cc\u03c3\u03c4\u03bf\u03bb\u03bf\u03c2"},{"@type":"BreadcrumbList","@id":"https:\/\/ikastikos-kiklos.com\/en\/product\/weekend\/#breadcrumb","itemListElement":[{"@type":"ListItem","position":1,"name":"Home","item":"https:\/\/ikastikos-kiklos.com\/en\/"},{"@type":"ListItem","position":2,"name":"\u0388\u03c1\u03b3\u03b1 \u03c4\u03ad\u03c7\u03bd\u03b7\u03c2","item":"https:\/\/ikastikos-kiklos.com\/%ce%ad%cf%81%ce%b3%ce%b1-%cf%84%ce%ad%cf%87%ce%bd%ce%b7%cf%82\/"},{"@type":"ListItem","position":3,"name":"Weekend"}]},{"@type":"WebSite","@id":"https:\/\/ikastikos-kiklos.com\/en\/#website","url":"https:\/\/ikastikos-kiklos.com\/en\/","name":"Ikastikos Kiklos - Zografik\u00ed - Metaxotyp\u00edes - T\u00e9chniPainting - Silk Screen - Art","description":"","publisher":{"@id":"https:\/\/ikastikos-kiklos.com\/en\/#organization"},"potentialAction":[{"@type":"SearchAction","target":{"@type":"EntryPoint","urlTemplate":"https:\/\/ikastikos-kiklos.com\/en\/?s={search_term_string}"},"query-input":{"@type":"PropertyValueSpecification","valueRequired":true,"valueName":"search_term_string"}}],"inLanguage":"en-US"},{"@type":"Organization","@id":"https:\/\/ikastikos-kiklos.com\/en\/#organization","name":"Ikastikos Kiklos - Zografik\u00ed - Metaxotyp\u00edes - T\u00e9chniPainting - Silk Screen - Art","url":"https:\/\/ikastikos-kiklos.com\/en\/","logo":{"@type":"ImageObject","inLanguage":"en-US","@id":"https:\/\/ikastikos-kiklos.com\/en\/#\/schema\/logo\/image\/","url":"https:\/\/ikastikos-kiklos.com\/wp-content\/uploads\/2022\/10\/cropped-favicon_ikastikos.png","contentUrl":"https:\/\/ikastikos-kiklos.com\/wp-content\/uploads\/2022\/10\/cropped-favicon_ikastikos.png","width":512,"height":512,"caption":"Ikastikos Kiklos - Zografik\u00ed - Metaxotyp\u00edes - T\u00e9chniPainting - Silk Screen - Art"},"image":{"@id":"https:\/\/ikastikos-kiklos.com\/en\/#\/schema\/logo\/image\/"},"sameAs":["https:\/\/www.facebook.com\/ikastikoskiklossianti\/"]}]}},"_links":{"self":[{"href":"https:\/\/ikastikos-kiklos.com\/en\/wp-json\/wp\/v2\/product\/52631","targetHints":{"allow":["GET"]}}],"collection":[{"href":"https:\/\/ikastikos-kiklos.com\/en\/wp-json\/wp\/v2\/product"}],"about":[{"href":"https:\/\/ikastikos-kiklos.com\/en\/wp-json\/wp\/v2\/types\/product"}],"wp:featuredmedia":[{"embeddable":true,"href":"https:\/\/ikastikos-kiklos.com\/en\/wp-json\/wp\/v2\/media\/48306"}],"wp:attachment":[{"href":"https:\/\/ikastikos-kiklos.com\/en\/wp-json\/wp\/v2\/media?parent=52631"}],"wp:term":[{"taxonomy":"product_brand","embeddable":true,"href":"https:\/\/ikastikos-kiklos.com\/en\/wp-json\/wp\/v2\/product_brand?post=52631"},{"taxonomy":"product_cat","embeddable":true,"href":"https:\/\/ikastikos-kiklos.com\/en\/wp-json\/wp\/v2\/product_cat?post=52631"},{"taxonomy":"product_tag","embeddable":true,"href":"https:\/\/ikastikos-kiklos.com\/en\/wp-json\/wp\/v2\/product_tag?post=52631"}],"curies":[{"name":"wp","href":"https:\/\/api.w.org\/{rel}","templated":true}]}}