{"id":52630,"date":"2025-09-21T20:07:38","date_gmt":"2025-09-21T17:07:38","guid":{"rendered":"https:\/\/ikastikos-kiklos.com\/product\/elizabeth\/"},"modified":"2025-09-21T20:10:18","modified_gmt":"2025-09-21T17:10:18","slug":"elizabeth","status":"publish","type":"product","link":"https:\/\/ikastikos-kiklos.com\/en\/product\/elizabeth\/","title":{"rendered":"Elizabeth"},"content":{"rendered":"<p data-start=\"35\" data-end=\"72\"><strong data-start=\"35\" data-end=\"72\">Section: TWENTIETH CENTURY (2013)<\/strong><\/p>\n<p data-start=\"74\" data-end=\"512\">In the painting series <em data-start=\"97\" data-end=\"116\">Twentieth Century<\/em>, the landscape is emptied of the polysemy found in <em data-start=\"168\" data-end=\"178\">E.D.E.M.<\/em> and is refilled with a monologic, yet open to interpretation, atmosphere that embraces twenty-one figures of the twentieth century. These prominent individuals, who left an indelible mark in the fields of art, science, sports, and politics, now take center stage in the artist\u2019s paintings, surrounded by the <em data-start=\"485\" data-end=\"496\">fragmenta<\/em> of their lives.&nbsp;Through his visual language, Yayannos brings these figures close to us, while simultaneously investing them with an enigmatic commentary that invites the viewer\u2019s impartial contemplation. These predecessors are reborn here as Yayannos\u2019s spiritual offspring. Each figure is chosen for a different reason: one out of pure admiration, another with a sense of skepticism, one with respect, another with detached observation, yet all are ultimately filtered through his personal means of appropriation.&nbsp;They become his own <em data-start=\"1038\" data-end=\"1057\">Twentieth Century<\/em>.<\/p>\n","protected":false},"excerpt":{"rendered":"<p>Artwork pf 2013. Presented in the solo exhibition \u201cApostolos Yayannos: 50 years of Art\u201d<\/p>\n","protected":false},"featured_media":48309,"template":"","meta":{"ngg_post_thumbnail":0},"product_brand":[],"product_cat":[398,397],"product_tag":[3364],"class_list":{"0":"post-52630","1":"product","2":"type-product","3":"status-publish","4":"has-post-thumbnail","6":"product_cat-collections","7":"product_cat-painting","8":"product_tag-yayannos-apostolos","10":"first","11":"instock","12":"taxable","13":"shipping-taxable","14":"product-type-simple"},"yoast_head":"<!-- This site is optimized with the Yoast SEO plugin v27.2 - https:\/\/yoast.com\/product\/yoast-seo-wordpress\/ -->\n<title>Elizabeth Painting by Apostolos Yayannos<\/title>\n<meta name=\"description\" content=\"Elizabeth Painting by Apostolos Yayannos at Ikastikos Kiklos Sianti in dimensions 132x132cm and acrylic on canvas\" \/>\n<meta name=\"robots\" content=\"index, follow, max-snippet:-1, max-image-preview:large, max-video-preview:-1\" \/>\n<link rel=\"canonical\" href=\"https:\/\/ikastikos-kiklos.com\/en\/product\/elizabeth\/\" \/>\n<meta property=\"og:locale\" content=\"en_US\" \/>\n<meta property=\"og:type\" content=\"article\" \/>\n<meta property=\"og:title\" content=\"Elizabeth Painting by Apostolos Yayannos\" \/>\n<meta property=\"og:description\" content=\"Elizabeth Painting by Apostolos Yayannos at Ikastikos Kiklos Sianti in dimensions 132x132cm and acrylic on canvas\" \/>\n<meta property=\"og:url\" content=\"https:\/\/ikastikos-kiklos.com\/en\/product\/elizabeth\/\" \/>\n<meta property=\"og:site_name\" content=\"Ikastikos Kiklos - Zografik\u00ed - Metaxotyp\u00edes - T\u00e9chniPainting - Silk Screen - Art\" \/>\n<meta property=\"article:publisher\" content=\"https:\/\/www.facebook.com\/ikastikoskiklossianti\/\" \/>\n<meta property=\"article:modified_time\" content=\"2025-09-21T17:10:18+00:00\" \/>\n<meta property=\"og:image\" content=\"https:\/\/ikastikos-kiklos.com\/wp-content\/uploads\/2024\/04\/\u03b5\u03bb\u03b9\u03c3\u03ac\u03b2\u03b5\u03c4-\u03b3\u03b9\u03b1\u03b3\u03b9\u03ac\u03bd\u03bd\u03bf\u03c2-\u03b1\u03c0\u03cc\u03c3\u03c4\u03bf\u03bb\u03bf\u03c2.jpg\" \/>\n\t<meta property=\"og:image:width\" content=\"900\" \/>\n\t<meta property=\"og:image:height\" content=\"910\" \/>\n\t<meta property=\"og:image:type\" content=\"image\/jpeg\" \/>\n<meta name=\"twitter:card\" content=\"summary_large_image\" \/>\n<meta name=\"twitter:label1\" content=\"Est. reading time\" \/>\n\t<meta name=\"twitter:data1\" content=\"1 minute\" \/>\n<script type=\"application\/ld+json\" class=\"yoast-schema-graph\">{\"@context\":\"https:\/\/schema.org\",\"@graph\":[{\"@type\":\"WebPage\",\"@id\":\"https:\/\/ikastikos-kiklos.com\/en\/product\/elizabeth\/\",\"url\":\"https:\/\/ikastikos-kiklos.com\/en\/product\/elizabeth\/\",\"name\":\"Elizabeth Painting by Apostolos Yayannos\",\"isPartOf\":{\"@id\":\"https:\/\/ikastikos-kiklos.com\/en\/#website\"},\"primaryImageOfPage\":{\"@id\":\"https:\/\/ikastikos-kiklos.com\/en\/product\/elizabeth\/#primaryimage\"},\"image\":{\"@id\":\"https:\/\/ikastikos-kiklos.com\/en\/product\/elizabeth\/#primaryimage\"},\"thumbnailUrl\":\"https:\/\/ikastikos-kiklos.com\/wp-content\/uploads\/2024\/04\/\u03b5\u03bb\u03b9\u03c3\u03ac\u03b2\u03b5\u03c4-\u03b3\u03b9\u03b1\u03b3\u03b9\u03ac\u03bd\u03bd\u03bf\u03c2-\u03b1\u03c0\u03cc\u03c3\u03c4\u03bf\u03bb\u03bf\u03c2.jpg\",\"datePublished\":\"2025-09-21T17:07:38+00:00\",\"dateModified\":\"2025-09-21T17:10:18+00:00\",\"description\":\"Elizabeth Painting by Apostolos Yayannos at Ikastikos Kiklos Sianti in dimensions 132x132cm and acrylic on canvas\",\"breadcrumb\":{\"@id\":\"https:\/\/ikastikos-kiklos.com\/en\/product\/elizabeth\/#breadcrumb\"},\"inLanguage\":\"en-US\",\"potentialAction\":[{\"@type\":\"ReadAction\",\"target\":[\"https:\/\/ikastikos-kiklos.com\/en\/product\/elizabeth\/\"]}]},{\"@type\":\"ImageObject\",\"inLanguage\":\"en-US\",\"@id\":\"https:\/\/ikastikos-kiklos.com\/en\/product\/elizabeth\/#primaryimage\",\"url\":\"https:\/\/ikastikos-kiklos.com\/wp-content\/uploads\/2024\/04\/\u03b5\u03bb\u03b9\u03c3\u03ac\u03b2\u03b5\u03c4-\u03b3\u03b9\u03b1\u03b3\u03b9\u03ac\u03bd\u03bd\u03bf\u03c2-\u03b1\u03c0\u03cc\u03c3\u03c4\u03bf\u03bb\u03bf\u03c2.jpg\",\"contentUrl\":\"https:\/\/ikastikos-kiklos.com\/wp-content\/uploads\/2024\/04\/\u03b5\u03bb\u03b9\u03c3\u03ac\u03b2\u03b5\u03c4-\u03b3\u03b9\u03b1\u03b3\u03b9\u03ac\u03bd\u03bd\u03bf\u03c2-\u03b1\u03c0\u03cc\u03c3\u03c4\u03bf\u03bb\u03bf\u03c2.jpg\",\"width\":900,\"height\":910,\"caption\":\"\u03b5\u03bb\u03b9\u03c3\u03ac\u03b2\u03b5\u03c4-\u03b3\u03b9\u03b1\u03b3\u03b9\u03ac\u03bd\u03bd\u03bf\u03c2-\u03b1\u03c0\u03cc\u03c3\u03c4\u03bf\u03bb\u03bf\u03c2\"},{\"@type\":\"BreadcrumbList\",\"@id\":\"https:\/\/ikastikos-kiklos.com\/en\/product\/elizabeth\/#breadcrumb\",\"itemListElement\":[{\"@type\":\"ListItem\",\"position\":1,\"name\":\"Home\",\"item\":\"https:\/\/ikastikos-kiklos.com\/en\/\"},{\"@type\":\"ListItem\",\"position\":2,\"name\":\"\u0388\u03c1\u03b3\u03b1 \u03c4\u03ad\u03c7\u03bd\u03b7\u03c2\",\"item\":\"https:\/\/ikastikos-kiklos.com\/%ce%ad%cf%81%ce%b3%ce%b1-%cf%84%ce%ad%cf%87%ce%bd%ce%b7%cf%82\/\"},{\"@type\":\"ListItem\",\"position\":3,\"name\":\"Elizabeth\"}]},{\"@type\":\"WebSite\",\"@id\":\"https:\/\/ikastikos-kiklos.com\/en\/#website\",\"url\":\"https:\/\/ikastikos-kiklos.com\/en\/\",\"name\":\"Ikastikos Kiklos - Zografik\u00ed - Metaxotyp\u00edes - T\u00e9chniPainting - Silk Screen - Art\",\"description\":\"\",\"publisher\":{\"@id\":\"https:\/\/ikastikos-kiklos.com\/en\/#organization\"},\"potentialAction\":[{\"@type\":\"SearchAction\",\"target\":{\"@type\":\"EntryPoint\",\"urlTemplate\":\"https:\/\/ikastikos-kiklos.com\/en\/?s={search_term_string}\"},\"query-input\":{\"@type\":\"PropertyValueSpecification\",\"valueRequired\":true,\"valueName\":\"search_term_string\"}}],\"inLanguage\":\"en-US\"},{\"@type\":\"Organization\",\"@id\":\"https:\/\/ikastikos-kiklos.com\/en\/#organization\",\"name\":\"Ikastikos Kiklos - Zografik\u00ed - Metaxotyp\u00edes - T\u00e9chniPainting - Silk Screen - Art\",\"url\":\"https:\/\/ikastikos-kiklos.com\/en\/\",\"logo\":{\"@type\":\"ImageObject\",\"inLanguage\":\"en-US\",\"@id\":\"https:\/\/ikastikos-kiklos.com\/en\/#\/schema\/logo\/image\/\",\"url\":\"https:\/\/ikastikos-kiklos.com\/wp-content\/uploads\/2022\/10\/cropped-favicon_ikastikos.png\",\"contentUrl\":\"https:\/\/ikastikos-kiklos.com\/wp-content\/uploads\/2022\/10\/cropped-favicon_ikastikos.png\",\"width\":512,\"height\":512,\"caption\":\"Ikastikos Kiklos - Zografik\u00ed - Metaxotyp\u00edes - T\u00e9chniPainting - Silk Screen - Art\"},\"image\":{\"@id\":\"https:\/\/ikastikos-kiklos.com\/en\/#\/schema\/logo\/image\/\"},\"sameAs\":[\"https:\/\/www.facebook.com\/ikastikoskiklossianti\/\"]}]}<\/script>\n<!-- \/ Yoast SEO plugin. -->","yoast_head_json":{"title":"Elizabeth Painting by Apostolos Yayannos","description":"Elizabeth Painting by Apostolos Yayannos at Ikastikos Kiklos Sianti in dimensions 132x132cm and acrylic on canvas","robots":{"index":"index","follow":"follow","max-snippet":"max-snippet:-1","max-image-preview":"max-image-preview:large","max-video-preview":"max-video-preview:-1"},"canonical":"https:\/\/ikastikos-kiklos.com\/en\/product\/elizabeth\/","og_locale":"en_US","og_type":"article","og_title":"Elizabeth Painting by Apostolos Yayannos","og_description":"Elizabeth Painting by Apostolos Yayannos at Ikastikos Kiklos Sianti in dimensions 132x132cm and acrylic on canvas","og_url":"https:\/\/ikastikos-kiklos.com\/en\/product\/elizabeth\/","og_site_name":"Ikastikos Kiklos - Zografik\u00ed - Metaxotyp\u00edes - T\u00e9chniPainting - Silk Screen - Art","article_publisher":"https:\/\/www.facebook.com\/ikastikoskiklossianti\/","article_modified_time":"2025-09-21T17:10:18+00:00","og_image":[{"width":900,"height":910,"url":"https:\/\/ikastikos-kiklos.com\/wp-content\/uploads\/2024\/04\/\u03b5\u03bb\u03b9\u03c3\u03ac\u03b2\u03b5\u03c4-\u03b3\u03b9\u03b1\u03b3\u03b9\u03ac\u03bd\u03bd\u03bf\u03c2-\u03b1\u03c0\u03cc\u03c3\u03c4\u03bf\u03bb\u03bf\u03c2.jpg","type":"image\/jpeg"}],"twitter_card":"summary_large_image","twitter_misc":{"Est. reading time":"1 minute"},"schema":{"@context":"https:\/\/schema.org","@graph":[{"@type":"WebPage","@id":"https:\/\/ikastikos-kiklos.com\/en\/product\/elizabeth\/","url":"https:\/\/ikastikos-kiklos.com\/en\/product\/elizabeth\/","name":"Elizabeth Painting by Apostolos Yayannos","isPartOf":{"@id":"https:\/\/ikastikos-kiklos.com\/en\/#website"},"primaryImageOfPage":{"@id":"https:\/\/ikastikos-kiklos.com\/en\/product\/elizabeth\/#primaryimage"},"image":{"@id":"https:\/\/ikastikos-kiklos.com\/en\/product\/elizabeth\/#primaryimage"},"thumbnailUrl":"https:\/\/ikastikos-kiklos.com\/wp-content\/uploads\/2024\/04\/\u03b5\u03bb\u03b9\u03c3\u03ac\u03b2\u03b5\u03c4-\u03b3\u03b9\u03b1\u03b3\u03b9\u03ac\u03bd\u03bd\u03bf\u03c2-\u03b1\u03c0\u03cc\u03c3\u03c4\u03bf\u03bb\u03bf\u03c2.jpg","datePublished":"2025-09-21T17:07:38+00:00","dateModified":"2025-09-21T17:10:18+00:00","description":"Elizabeth Painting by Apostolos Yayannos at Ikastikos Kiklos Sianti in dimensions 132x132cm and acrylic on canvas","breadcrumb":{"@id":"https:\/\/ikastikos-kiklos.com\/en\/product\/elizabeth\/#breadcrumb"},"inLanguage":"en-US","potentialAction":[{"@type":"ReadAction","target":["https:\/\/ikastikos-kiklos.com\/en\/product\/elizabeth\/"]}]},{"@type":"ImageObject","inLanguage":"en-US","@id":"https:\/\/ikastikos-kiklos.com\/en\/product\/elizabeth\/#primaryimage","url":"https:\/\/ikastikos-kiklos.com\/wp-content\/uploads\/2024\/04\/\u03b5\u03bb\u03b9\u03c3\u03ac\u03b2\u03b5\u03c4-\u03b3\u03b9\u03b1\u03b3\u03b9\u03ac\u03bd\u03bd\u03bf\u03c2-\u03b1\u03c0\u03cc\u03c3\u03c4\u03bf\u03bb\u03bf\u03c2.jpg","contentUrl":"https:\/\/ikastikos-kiklos.com\/wp-content\/uploads\/2024\/04\/\u03b5\u03bb\u03b9\u03c3\u03ac\u03b2\u03b5\u03c4-\u03b3\u03b9\u03b1\u03b3\u03b9\u03ac\u03bd\u03bd\u03bf\u03c2-\u03b1\u03c0\u03cc\u03c3\u03c4\u03bf\u03bb\u03bf\u03c2.jpg","width":900,"height":910,"caption":"\u03b5\u03bb\u03b9\u03c3\u03ac\u03b2\u03b5\u03c4-\u03b3\u03b9\u03b1\u03b3\u03b9\u03ac\u03bd\u03bd\u03bf\u03c2-\u03b1\u03c0\u03cc\u03c3\u03c4\u03bf\u03bb\u03bf\u03c2"},{"@type":"BreadcrumbList","@id":"https:\/\/ikastikos-kiklos.com\/en\/product\/elizabeth\/#breadcrumb","itemListElement":[{"@type":"ListItem","position":1,"name":"Home","item":"https:\/\/ikastikos-kiklos.com\/en\/"},{"@type":"ListItem","position":2,"name":"\u0388\u03c1\u03b3\u03b1 \u03c4\u03ad\u03c7\u03bd\u03b7\u03c2","item":"https:\/\/ikastikos-kiklos.com\/%ce%ad%cf%81%ce%b3%ce%b1-%cf%84%ce%ad%cf%87%ce%bd%ce%b7%cf%82\/"},{"@type":"ListItem","position":3,"name":"Elizabeth"}]},{"@type":"WebSite","@id":"https:\/\/ikastikos-kiklos.com\/en\/#website","url":"https:\/\/ikastikos-kiklos.com\/en\/","name":"Ikastikos Kiklos - Zografik\u00ed - Metaxotyp\u00edes - T\u00e9chniPainting - Silk Screen - Art","description":"","publisher":{"@id":"https:\/\/ikastikos-kiklos.com\/en\/#organization"},"potentialAction":[{"@type":"SearchAction","target":{"@type":"EntryPoint","urlTemplate":"https:\/\/ikastikos-kiklos.com\/en\/?s={search_term_string}"},"query-input":{"@type":"PropertyValueSpecification","valueRequired":true,"valueName":"search_term_string"}}],"inLanguage":"en-US"},{"@type":"Organization","@id":"https:\/\/ikastikos-kiklos.com\/en\/#organization","name":"Ikastikos Kiklos - Zografik\u00ed - Metaxotyp\u00edes - T\u00e9chniPainting - Silk Screen - Art","url":"https:\/\/ikastikos-kiklos.com\/en\/","logo":{"@type":"ImageObject","inLanguage":"en-US","@id":"https:\/\/ikastikos-kiklos.com\/en\/#\/schema\/logo\/image\/","url":"https:\/\/ikastikos-kiklos.com\/wp-content\/uploads\/2022\/10\/cropped-favicon_ikastikos.png","contentUrl":"https:\/\/ikastikos-kiklos.com\/wp-content\/uploads\/2022\/10\/cropped-favicon_ikastikos.png","width":512,"height":512,"caption":"Ikastikos Kiklos - Zografik\u00ed - Metaxotyp\u00edes - T\u00e9chniPainting - Silk Screen - Art"},"image":{"@id":"https:\/\/ikastikos-kiklos.com\/en\/#\/schema\/logo\/image\/"},"sameAs":["https:\/\/www.facebook.com\/ikastikoskiklossianti\/"]}]}},"_links":{"self":[{"href":"https:\/\/ikastikos-kiklos.com\/en\/wp-json\/wp\/v2\/product\/52630","targetHints":{"allow":["GET"]}}],"collection":[{"href":"https:\/\/ikastikos-kiklos.com\/en\/wp-json\/wp\/v2\/product"}],"about":[{"href":"https:\/\/ikastikos-kiklos.com\/en\/wp-json\/wp\/v2\/types\/product"}],"wp:featuredmedia":[{"embeddable":true,"href":"https:\/\/ikastikos-kiklos.com\/en\/wp-json\/wp\/v2\/media\/48309"}],"wp:attachment":[{"href":"https:\/\/ikastikos-kiklos.com\/en\/wp-json\/wp\/v2\/media?parent=52630"}],"wp:term":[{"taxonomy":"product_brand","embeddable":true,"href":"https:\/\/ikastikos-kiklos.com\/en\/wp-json\/wp\/v2\/product_brand?post=52630"},{"taxonomy":"product_cat","embeddable":true,"href":"https:\/\/ikastikos-kiklos.com\/en\/wp-json\/wp\/v2\/product_cat?post=52630"},{"taxonomy":"product_tag","embeddable":true,"href":"https:\/\/ikastikos-kiklos.com\/en\/wp-json\/wp\/v2\/product_tag?post=52630"}],"curies":[{"name":"wp","href":"https:\/\/api.w.org\/{rel}","templated":true}]}}