{"id":52628,"date":"2025-09-21T19:41:16","date_gmt":"2025-09-21T16:41:16","guid":{"rendered":"https:\/\/ikastikos-kiklos.com\/product\/hibiscus\/"},"modified":"2025-09-21T19:43:32","modified_gmt":"2025-09-21T16:43:32","slug":"hibiscus","status":"publish","type":"product","link":"https:\/\/ikastikos-kiklos.com\/en\/product\/hibiscus\/","title":{"rendered":"Hibiscus"},"content":{"rendered":"<p data-start=\"52\" data-end=\"87\"><strong>Section: VANISHING POINT (2012)<\/strong><\/p>\n<p data-start=\"89\" data-end=\"449\">When we talk about the relationship between Man and Machine, we don\u2019t usually have in mind the bikers; the Harley easy riders, the Enduro riders, or the Motocross acrobats. Apostolos Yayannos, however, seems to have a different opinion, as he presents the biker as the perfect symbol of the union between Man and Machine for a meaningful cause or destination!&nbsp;These machines are not static traps of the mind and of leisure time, like the digital machines we have been living within in recent years. The machines in the <em data-start=\"610\" data-end=\"627\">Vanishing Point<\/em> series are vehicles toward freedom, freedom that we cannot see (can its form ever truly be stabilised?), but we feel it, with our entire being, when standing before the paintings. It is defined by a dense thread of hibiscus, a fence of cacti, an obstacle of blue irises. The natural elements here act as boundaries or as gateways, that the rider opens with the momentum of their desire.<\/p>\n","protected":false},"excerpt":{"rendered":"<p>Artwork of 2012. Presented in the solo exhibition \u201cApostolos Yayannos: 50 years of Art\u201d<\/p>\n","protected":false},"featured_media":48173,"template":"","meta":{"ngg_post_thumbnail":0},"product_brand":[],"product_cat":[398,397],"product_tag":[3364],"class_list":{"0":"post-52628","1":"product","2":"type-product","3":"status-publish","4":"has-post-thumbnail","6":"product_cat-collections","7":"product_cat-painting","8":"product_tag-yayannos-apostolos","10":"first","11":"instock","12":"taxable","13":"shipping-taxable","14":"product-type-simple"},"yoast_head":"<!-- This site is optimized with the Yoast SEO plugin v27.2 - https:\/\/yoast.com\/product\/yoast-seo-wordpress\/ -->\n<title>Hibiscus Painting by Apostolos Yayannos<\/title>\n<meta name=\"description\" content=\"Hibiscus Painting by Apostolos Yayannos at Ikastikos Kiklos Sianti in dimensions 188x148cm and acrylic on canvas\" \/>\n<meta name=\"robots\" content=\"index, follow, max-snippet:-1, max-image-preview:large, max-video-preview:-1\" \/>\n<link rel=\"canonical\" href=\"https:\/\/ikastikos-kiklos.com\/en\/product\/hibiscus\/\" \/>\n<meta property=\"og:locale\" content=\"en_US\" \/>\n<meta property=\"og:type\" content=\"article\" \/>\n<meta property=\"og:title\" content=\"Hibiscus Painting by Apostolos Yayannos\" \/>\n<meta property=\"og:description\" content=\"Hibiscus Painting by Apostolos Yayannos at Ikastikos Kiklos Sianti in dimensions 188x148cm and acrylic on canvas\" \/>\n<meta property=\"og:url\" content=\"https:\/\/ikastikos-kiklos.com\/en\/product\/hibiscus\/\" \/>\n<meta property=\"og:site_name\" content=\"Ikastikos Kiklos - Zografik\u00ed - Metaxotyp\u00edes - T\u00e9chniPainting - Silk Screen - Art\" \/>\n<meta property=\"article:publisher\" content=\"https:\/\/www.facebook.com\/ikastikoskiklossianti\/\" \/>\n<meta property=\"article:modified_time\" content=\"2025-09-21T16:43:32+00:00\" \/>\n<meta property=\"og:image\" content=\"https:\/\/ikastikos-kiklos.com\/wp-content\/uploads\/2024\/03\/\u0399\u03b2\u03af\u03c3\u03ba\u03bf\u03b9-\u03b3\u03b9\u03b1\u03b3\u03b9\u03ac\u03bd\u03bd\u03bf\u03c2-\u03b1\u03c0\u03cc\u03c3\u03c4\u03bf\u03bb\u03bf\u03c2.jpg\" \/>\n\t<meta property=\"og:image:width\" content=\"1500\" \/>\n\t<meta property=\"og:image:height\" content=\"1133\" \/>\n\t<meta property=\"og:image:type\" content=\"image\/jpeg\" \/>\n<meta name=\"twitter:card\" content=\"summary_large_image\" \/>\n<meta name=\"twitter:label1\" content=\"Est. reading time\" \/>\n\t<meta name=\"twitter:data1\" content=\"1 minute\" \/>\n<script type=\"application\/ld+json\" class=\"yoast-schema-graph\">{\"@context\":\"https:\/\/schema.org\",\"@graph\":[{\"@type\":\"WebPage\",\"@id\":\"https:\/\/ikastikos-kiklos.com\/en\/product\/hibiscus\/\",\"url\":\"https:\/\/ikastikos-kiklos.com\/en\/product\/hibiscus\/\",\"name\":\"Hibiscus Painting by Apostolos Yayannos\",\"isPartOf\":{\"@id\":\"https:\/\/ikastikos-kiklos.com\/en\/#website\"},\"primaryImageOfPage\":{\"@id\":\"https:\/\/ikastikos-kiklos.com\/en\/product\/hibiscus\/#primaryimage\"},\"image\":{\"@id\":\"https:\/\/ikastikos-kiklos.com\/en\/product\/hibiscus\/#primaryimage\"},\"thumbnailUrl\":\"https:\/\/ikastikos-kiklos.com\/wp-content\/uploads\/2024\/03\/\u0399\u03b2\u03af\u03c3\u03ba\u03bf\u03b9-\u03b3\u03b9\u03b1\u03b3\u03b9\u03ac\u03bd\u03bd\u03bf\u03c2-\u03b1\u03c0\u03cc\u03c3\u03c4\u03bf\u03bb\u03bf\u03c2.jpg\",\"datePublished\":\"2025-09-21T16:41:16+00:00\",\"dateModified\":\"2025-09-21T16:43:32+00:00\",\"description\":\"Hibiscus Painting by Apostolos Yayannos at Ikastikos Kiklos Sianti in dimensions 188x148cm and acrylic on canvas\",\"breadcrumb\":{\"@id\":\"https:\/\/ikastikos-kiklos.com\/en\/product\/hibiscus\/#breadcrumb\"},\"inLanguage\":\"en-US\",\"potentialAction\":[{\"@type\":\"ReadAction\",\"target\":[\"https:\/\/ikastikos-kiklos.com\/en\/product\/hibiscus\/\"]}]},{\"@type\":\"ImageObject\",\"inLanguage\":\"en-US\",\"@id\":\"https:\/\/ikastikos-kiklos.com\/en\/product\/hibiscus\/#primaryimage\",\"url\":\"https:\/\/ikastikos-kiklos.com\/wp-content\/uploads\/2024\/03\/\u0399\u03b2\u03af\u03c3\u03ba\u03bf\u03b9-\u03b3\u03b9\u03b1\u03b3\u03b9\u03ac\u03bd\u03bd\u03bf\u03c2-\u03b1\u03c0\u03cc\u03c3\u03c4\u03bf\u03bb\u03bf\u03c2.jpg\",\"contentUrl\":\"https:\/\/ikastikos-kiklos.com\/wp-content\/uploads\/2024\/03\/\u0399\u03b2\u03af\u03c3\u03ba\u03bf\u03b9-\u03b3\u03b9\u03b1\u03b3\u03b9\u03ac\u03bd\u03bd\u03bf\u03c2-\u03b1\u03c0\u03cc\u03c3\u03c4\u03bf\u03bb\u03bf\u03c2.jpg\",\"width\":1500,\"height\":1133,\"caption\":\"\u0399\u03b2\u03af\u03c3\u03ba\u03bf\u03b9-\u03b3\u03b9\u03b1\u03b3\u03b9\u03ac\u03bd\u03bd\u03bf\u03c2-\u03b1\u03c0\u03cc\u03c3\u03c4\u03bf\u03bb\u03bf\u03c2\"},{\"@type\":\"BreadcrumbList\",\"@id\":\"https:\/\/ikastikos-kiklos.com\/en\/product\/hibiscus\/#breadcrumb\",\"itemListElement\":[{\"@type\":\"ListItem\",\"position\":1,\"name\":\"Home\",\"item\":\"https:\/\/ikastikos-kiklos.com\/en\/\"},{\"@type\":\"ListItem\",\"position\":2,\"name\":\"\u0388\u03c1\u03b3\u03b1 \u03c4\u03ad\u03c7\u03bd\u03b7\u03c2\",\"item\":\"https:\/\/ikastikos-kiklos.com\/%ce%ad%cf%81%ce%b3%ce%b1-%cf%84%ce%ad%cf%87%ce%bd%ce%b7%cf%82\/\"},{\"@type\":\"ListItem\",\"position\":3,\"name\":\"Hibiscus\"}]},{\"@type\":\"WebSite\",\"@id\":\"https:\/\/ikastikos-kiklos.com\/en\/#website\",\"url\":\"https:\/\/ikastikos-kiklos.com\/en\/\",\"name\":\"Ikastikos Kiklos - Zografik\u00ed - Metaxotyp\u00edes - T\u00e9chniPainting - Silk Screen - Art\",\"description\":\"\",\"publisher\":{\"@id\":\"https:\/\/ikastikos-kiklos.com\/en\/#organization\"},\"potentialAction\":[{\"@type\":\"SearchAction\",\"target\":{\"@type\":\"EntryPoint\",\"urlTemplate\":\"https:\/\/ikastikos-kiklos.com\/en\/?s={search_term_string}\"},\"query-input\":{\"@type\":\"PropertyValueSpecification\",\"valueRequired\":true,\"valueName\":\"search_term_string\"}}],\"inLanguage\":\"en-US\"},{\"@type\":\"Organization\",\"@id\":\"https:\/\/ikastikos-kiklos.com\/en\/#organization\",\"name\":\"Ikastikos Kiklos - Zografik\u00ed - Metaxotyp\u00edes - T\u00e9chniPainting - Silk Screen - Art\",\"url\":\"https:\/\/ikastikos-kiklos.com\/en\/\",\"logo\":{\"@type\":\"ImageObject\",\"inLanguage\":\"en-US\",\"@id\":\"https:\/\/ikastikos-kiklos.com\/en\/#\/schema\/logo\/image\/\",\"url\":\"https:\/\/ikastikos-kiklos.com\/wp-content\/uploads\/2022\/10\/cropped-favicon_ikastikos.png\",\"contentUrl\":\"https:\/\/ikastikos-kiklos.com\/wp-content\/uploads\/2022\/10\/cropped-favicon_ikastikos.png\",\"width\":512,\"height\":512,\"caption\":\"Ikastikos Kiklos - Zografik\u00ed - Metaxotyp\u00edes - T\u00e9chniPainting - Silk Screen - Art\"},\"image\":{\"@id\":\"https:\/\/ikastikos-kiklos.com\/en\/#\/schema\/logo\/image\/\"},\"sameAs\":[\"https:\/\/www.facebook.com\/ikastikoskiklossianti\/\"]}]}<\/script>\n<!-- \/ Yoast SEO plugin. -->","yoast_head_json":{"title":"Hibiscus Painting by Apostolos Yayannos","description":"Hibiscus Painting by Apostolos Yayannos at Ikastikos Kiklos Sianti in dimensions 188x148cm and acrylic on canvas","robots":{"index":"index","follow":"follow","max-snippet":"max-snippet:-1","max-image-preview":"max-image-preview:large","max-video-preview":"max-video-preview:-1"},"canonical":"https:\/\/ikastikos-kiklos.com\/en\/product\/hibiscus\/","og_locale":"en_US","og_type":"article","og_title":"Hibiscus Painting by Apostolos Yayannos","og_description":"Hibiscus Painting by Apostolos Yayannos at Ikastikos Kiklos Sianti in dimensions 188x148cm and acrylic on canvas","og_url":"https:\/\/ikastikos-kiklos.com\/en\/product\/hibiscus\/","og_site_name":"Ikastikos Kiklos - Zografik\u00ed - Metaxotyp\u00edes - T\u00e9chniPainting - Silk Screen - Art","article_publisher":"https:\/\/www.facebook.com\/ikastikoskiklossianti\/","article_modified_time":"2025-09-21T16:43:32+00:00","og_image":[{"width":1500,"height":1133,"url":"https:\/\/ikastikos-kiklos.com\/wp-content\/uploads\/2024\/03\/\u0399\u03b2\u03af\u03c3\u03ba\u03bf\u03b9-\u03b3\u03b9\u03b1\u03b3\u03b9\u03ac\u03bd\u03bd\u03bf\u03c2-\u03b1\u03c0\u03cc\u03c3\u03c4\u03bf\u03bb\u03bf\u03c2.jpg","type":"image\/jpeg"}],"twitter_card":"summary_large_image","twitter_misc":{"Est. reading time":"1 minute"},"schema":{"@context":"https:\/\/schema.org","@graph":[{"@type":"WebPage","@id":"https:\/\/ikastikos-kiklos.com\/en\/product\/hibiscus\/","url":"https:\/\/ikastikos-kiklos.com\/en\/product\/hibiscus\/","name":"Hibiscus Painting by Apostolos Yayannos","isPartOf":{"@id":"https:\/\/ikastikos-kiklos.com\/en\/#website"},"primaryImageOfPage":{"@id":"https:\/\/ikastikos-kiklos.com\/en\/product\/hibiscus\/#primaryimage"},"image":{"@id":"https:\/\/ikastikos-kiklos.com\/en\/product\/hibiscus\/#primaryimage"},"thumbnailUrl":"https:\/\/ikastikos-kiklos.com\/wp-content\/uploads\/2024\/03\/\u0399\u03b2\u03af\u03c3\u03ba\u03bf\u03b9-\u03b3\u03b9\u03b1\u03b3\u03b9\u03ac\u03bd\u03bd\u03bf\u03c2-\u03b1\u03c0\u03cc\u03c3\u03c4\u03bf\u03bb\u03bf\u03c2.jpg","datePublished":"2025-09-21T16:41:16+00:00","dateModified":"2025-09-21T16:43:32+00:00","description":"Hibiscus Painting by Apostolos Yayannos at Ikastikos Kiklos Sianti in dimensions 188x148cm and acrylic on canvas","breadcrumb":{"@id":"https:\/\/ikastikos-kiklos.com\/en\/product\/hibiscus\/#breadcrumb"},"inLanguage":"en-US","potentialAction":[{"@type":"ReadAction","target":["https:\/\/ikastikos-kiklos.com\/en\/product\/hibiscus\/"]}]},{"@type":"ImageObject","inLanguage":"en-US","@id":"https:\/\/ikastikos-kiklos.com\/en\/product\/hibiscus\/#primaryimage","url":"https:\/\/ikastikos-kiklos.com\/wp-content\/uploads\/2024\/03\/\u0399\u03b2\u03af\u03c3\u03ba\u03bf\u03b9-\u03b3\u03b9\u03b1\u03b3\u03b9\u03ac\u03bd\u03bd\u03bf\u03c2-\u03b1\u03c0\u03cc\u03c3\u03c4\u03bf\u03bb\u03bf\u03c2.jpg","contentUrl":"https:\/\/ikastikos-kiklos.com\/wp-content\/uploads\/2024\/03\/\u0399\u03b2\u03af\u03c3\u03ba\u03bf\u03b9-\u03b3\u03b9\u03b1\u03b3\u03b9\u03ac\u03bd\u03bd\u03bf\u03c2-\u03b1\u03c0\u03cc\u03c3\u03c4\u03bf\u03bb\u03bf\u03c2.jpg","width":1500,"height":1133,"caption":"\u0399\u03b2\u03af\u03c3\u03ba\u03bf\u03b9-\u03b3\u03b9\u03b1\u03b3\u03b9\u03ac\u03bd\u03bd\u03bf\u03c2-\u03b1\u03c0\u03cc\u03c3\u03c4\u03bf\u03bb\u03bf\u03c2"},{"@type":"BreadcrumbList","@id":"https:\/\/ikastikos-kiklos.com\/en\/product\/hibiscus\/#breadcrumb","itemListElement":[{"@type":"ListItem","position":1,"name":"Home","item":"https:\/\/ikastikos-kiklos.com\/en\/"},{"@type":"ListItem","position":2,"name":"\u0388\u03c1\u03b3\u03b1 \u03c4\u03ad\u03c7\u03bd\u03b7\u03c2","item":"https:\/\/ikastikos-kiklos.com\/%ce%ad%cf%81%ce%b3%ce%b1-%cf%84%ce%ad%cf%87%ce%bd%ce%b7%cf%82\/"},{"@type":"ListItem","position":3,"name":"Hibiscus"}]},{"@type":"WebSite","@id":"https:\/\/ikastikos-kiklos.com\/en\/#website","url":"https:\/\/ikastikos-kiklos.com\/en\/","name":"Ikastikos Kiklos - Zografik\u00ed - Metaxotyp\u00edes - T\u00e9chniPainting - Silk Screen - Art","description":"","publisher":{"@id":"https:\/\/ikastikos-kiklos.com\/en\/#organization"},"potentialAction":[{"@type":"SearchAction","target":{"@type":"EntryPoint","urlTemplate":"https:\/\/ikastikos-kiklos.com\/en\/?s={search_term_string}"},"query-input":{"@type":"PropertyValueSpecification","valueRequired":true,"valueName":"search_term_string"}}],"inLanguage":"en-US"},{"@type":"Organization","@id":"https:\/\/ikastikos-kiklos.com\/en\/#organization","name":"Ikastikos Kiklos - Zografik\u00ed - Metaxotyp\u00edes - T\u00e9chniPainting - Silk Screen - Art","url":"https:\/\/ikastikos-kiklos.com\/en\/","logo":{"@type":"ImageObject","inLanguage":"en-US","@id":"https:\/\/ikastikos-kiklos.com\/en\/#\/schema\/logo\/image\/","url":"https:\/\/ikastikos-kiklos.com\/wp-content\/uploads\/2022\/10\/cropped-favicon_ikastikos.png","contentUrl":"https:\/\/ikastikos-kiklos.com\/wp-content\/uploads\/2022\/10\/cropped-favicon_ikastikos.png","width":512,"height":512,"caption":"Ikastikos Kiklos - Zografik\u00ed - Metaxotyp\u00edes - T\u00e9chniPainting - Silk Screen - Art"},"image":{"@id":"https:\/\/ikastikos-kiklos.com\/en\/#\/schema\/logo\/image\/"},"sameAs":["https:\/\/www.facebook.com\/ikastikoskiklossianti\/"]}]}},"_links":{"self":[{"href":"https:\/\/ikastikos-kiklos.com\/en\/wp-json\/wp\/v2\/product\/52628","targetHints":{"allow":["GET"]}}],"collection":[{"href":"https:\/\/ikastikos-kiklos.com\/en\/wp-json\/wp\/v2\/product"}],"about":[{"href":"https:\/\/ikastikos-kiklos.com\/en\/wp-json\/wp\/v2\/types\/product"}],"wp:featuredmedia":[{"embeddable":true,"href":"https:\/\/ikastikos-kiklos.com\/en\/wp-json\/wp\/v2\/media\/48173"}],"wp:attachment":[{"href":"https:\/\/ikastikos-kiklos.com\/en\/wp-json\/wp\/v2\/media?parent=52628"}],"wp:term":[{"taxonomy":"product_brand","embeddable":true,"href":"https:\/\/ikastikos-kiklos.com\/en\/wp-json\/wp\/v2\/product_brand?post=52628"},{"taxonomy":"product_cat","embeddable":true,"href":"https:\/\/ikastikos-kiklos.com\/en\/wp-json\/wp\/v2\/product_cat?post=52628"},{"taxonomy":"product_tag","embeddable":true,"href":"https:\/\/ikastikos-kiklos.com\/en\/wp-json\/wp\/v2\/product_tag?post=52628"}],"curies":[{"name":"wp","href":"https:\/\/api.w.org\/{rel}","templated":true}]}}