{"id":4839,"date":"2017-02-10T14:48:21","date_gmt":"2017-02-10T14:48:21","guid":{"rendered":"https:\/\/ikastikos-kiklos.com\/\u03c0\u03c1\u03bf\u03ca\u03cc\u03bd\/%cf%87%ce%b1%cf%81%ce%ac-%ce%ba%ce%b1%cf%81%ce%b4%ce%b9%ce%ac%cf%82\/"},"modified":"2019-11-14T17:45:50","modified_gmt":"2019-11-14T15:45:50","slug":"%cf%87%ce%b1%cf%81%ce%ac-%ce%ba%ce%b1%cf%81%ce%b4%ce%b9%ce%ac%cf%82","status":"publish","type":"product","link":"https:\/\/ikastikos-kiklos.com\/en\/product\/%cf%87%ce%b1%cf%81%ce%ac-%ce%ba%ce%b1%cf%81%ce%b4%ce%b9%ce%ac%cf%82\/","title":{"rendered":"Heart"},"content":{"rendered":"<p><iframe loading=\"lazy\" src=\"https:\/\/www.youtube.com\/embed\/YThBm5v-mv0\" allowfullscreen=\"allowfullscreen\" width=\"560\" height=\"315\" frameborder=\"0\"><\/iframe><\/p>\n","protected":false},"excerpt":{"rendered":"<p>Signed and numbered by Thanassis Lalas<\/p>\n","protected":false},"featured_media":5321,"template":"","meta":{"ngg_post_thumbnail":0},"product_brand":[],"product_cat":[398,1987,396,1991,2047],"product_tag":[2499,3374,2224,2964],"class_list":{"0":"post-4839","1":"product","2":"type-product","3":"status-publish","4":"has-post-thumbnail","6":"product_cat-collections","7":"product_cat-eshop-en","8":"product_cat-silkscreens","9":"product_cat-silkscreens-shop","10":"product_cat-wedding-gifts","11":"product_tag-hearts-joy","12":"product_tag-love-en","13":"product_tag-silkscreen-en","14":"product_tag-thanassis-lalas","16":"first","17":"instock","18":"taxable","19":"shipping-taxable","20":"purchasable","21":"product-type-simple"},"yoast_head":"<!-- This site is optimized with the Yoast SEO plugin v27.2 - https:\/\/yoast.com\/product\/yoast-seo-wordpress\/ -->\n<title>Heart Silkscreen by Thanassis Lalas at Ikastikos Kiklos Sianti Gallery.<\/title>\n<meta name=\"description\" content=\"Heart Silkscreen by Thanassis Lalas at Ikastikos Kiklos Sianti Gallery. 40 copies in dimensions 47 x 47.\" \/>\n<meta name=\"robots\" content=\"index, follow, max-snippet:-1, max-image-preview:large, max-video-preview:-1\" \/>\n<link rel=\"canonical\" href=\"https:\/\/ikastikos-kiklos.com\/en\/product\/\u03c7\u03b1\u03c1\u03ac-\u03ba\u03b1\u03c1\u03b4\u03b9\u03ac\u03c2\/\" \/>\n<meta property=\"og:locale\" content=\"en_US\" \/>\n<meta property=\"og:type\" content=\"article\" \/>\n<meta property=\"og:title\" content=\"Heart Silkscreen by Thanassis Lalas at Ikastikos Kiklos Sianti Gallery.\" \/>\n<meta property=\"og:description\" content=\"Heart Silkscreen by Thanassis Lalas at Ikastikos Kiklos Sianti Gallery. 40 copies in dimensions 47 x 47.\" \/>\n<meta property=\"og:url\" content=\"https:\/\/ikastikos-kiklos.com\/en\/product\/\u03c7\u03b1\u03c1\u03ac-\u03ba\u03b1\u03c1\u03b4\u03b9\u03ac\u03c2\/\" \/>\n<meta property=\"og:site_name\" content=\"Ikastikos Kiklos - Zografik\u00ed - Metaxotyp\u00edes - T\u00e9chniPainting - Silk Screen - Art\" \/>\n<meta property=\"article:publisher\" content=\"https:\/\/www.facebook.com\/ikastikoskiklossianti\/\" \/>\n<meta property=\"article:modified_time\" content=\"2019-11-14T15:45:50+00:00\" \/>\n<meta property=\"og:image\" content=\"https:\/\/ikastikos-kiklos.com\/wp-content\/uploads\/2017\/02\/KARDIA-6-1.jpg\" \/>\n\t<meta property=\"og:image:width\" content=\"898\" \/>\n\t<meta property=\"og:image:height\" content=\"903\" \/>\n\t<meta property=\"og:image:type\" content=\"image\/jpeg\" \/>\n<meta name=\"twitter:card\" content=\"summary_large_image\" \/>\n<script type=\"application\/ld+json\" class=\"yoast-schema-graph\">{\"@context\":\"https:\/\/schema.org\",\"@graph\":[{\"@type\":\"WebPage\",\"@id\":\"https:\/\/ikastikos-kiklos.com\/en\/product\/%cf%87%ce%b1%cf%81%ce%ac-%ce%ba%ce%b1%cf%81%ce%b4%ce%b9%ce%ac%cf%82\/\",\"url\":\"https:\/\/ikastikos-kiklos.com\/en\/product\/%cf%87%ce%b1%cf%81%ce%ac-%ce%ba%ce%b1%cf%81%ce%b4%ce%b9%ce%ac%cf%82\/\",\"name\":\"Heart Silkscreen by Thanassis Lalas at Ikastikos Kiklos Sianti Gallery.\",\"isPartOf\":{\"@id\":\"https:\/\/ikastikos-kiklos.com\/en\/#website\"},\"primaryImageOfPage\":{\"@id\":\"https:\/\/ikastikos-kiklos.com\/en\/product\/%cf%87%ce%b1%cf%81%ce%ac-%ce%ba%ce%b1%cf%81%ce%b4%ce%b9%ce%ac%cf%82\/#primaryimage\"},\"image\":{\"@id\":\"https:\/\/ikastikos-kiklos.com\/en\/product\/%cf%87%ce%b1%cf%81%ce%ac-%ce%ba%ce%b1%cf%81%ce%b4%ce%b9%ce%ac%cf%82\/#primaryimage\"},\"thumbnailUrl\":\"https:\/\/ikastikos-kiklos.com\/wp-content\/uploads\/2017\/02\/KARDIA-6-1.jpg\",\"datePublished\":\"2017-02-10T14:48:21+00:00\",\"dateModified\":\"2019-11-14T15:45:50+00:00\",\"description\":\"Heart Silkscreen by Thanassis Lalas at Ikastikos Kiklos Sianti Gallery. 40 copies in dimensions 47 x 47.\",\"breadcrumb\":{\"@id\":\"https:\/\/ikastikos-kiklos.com\/en\/product\/%cf%87%ce%b1%cf%81%ce%ac-%ce%ba%ce%b1%cf%81%ce%b4%ce%b9%ce%ac%cf%82\/#breadcrumb\"},\"inLanguage\":\"en-US\",\"potentialAction\":[{\"@type\":\"ReadAction\",\"target\":[\"https:\/\/ikastikos-kiklos.com\/en\/product\/%cf%87%ce%b1%cf%81%ce%ac-%ce%ba%ce%b1%cf%81%ce%b4%ce%b9%ce%ac%cf%82\/\"]}]},{\"@type\":\"ImageObject\",\"inLanguage\":\"en-US\",\"@id\":\"https:\/\/ikastikos-kiklos.com\/en\/product\/%cf%87%ce%b1%cf%81%ce%ac-%ce%ba%ce%b1%cf%81%ce%b4%ce%b9%ce%ac%cf%82\/#primaryimage\",\"url\":\"https:\/\/ikastikos-kiklos.com\/wp-content\/uploads\/2017\/02\/KARDIA-6-1.jpg\",\"contentUrl\":\"https:\/\/ikastikos-kiklos.com\/wp-content\/uploads\/2017\/02\/KARDIA-6-1.jpg\",\"width\":898,\"height\":903,\"caption\":\"Heart View Thanassis Lalas Profile on Ikastikos Kiklos Sianti Gallery.\"},{\"@type\":\"BreadcrumbList\",\"@id\":\"https:\/\/ikastikos-kiklos.com\/en\/product\/%cf%87%ce%b1%cf%81%ce%ac-%ce%ba%ce%b1%cf%81%ce%b4%ce%b9%ce%ac%cf%82\/#breadcrumb\",\"itemListElement\":[{\"@type\":\"ListItem\",\"position\":1,\"name\":\"Home\",\"item\":\"https:\/\/ikastikos-kiklos.com\/en\/\"},{\"@type\":\"ListItem\",\"position\":2,\"name\":\"\u0388\u03c1\u03b3\u03b1 \u03c4\u03ad\u03c7\u03bd\u03b7\u03c2\",\"item\":\"https:\/\/ikastikos-kiklos.com\/%ce%ad%cf%81%ce%b3%ce%b1-%cf%84%ce%ad%cf%87%ce%bd%ce%b7%cf%82\/\"},{\"@type\":\"ListItem\",\"position\":3,\"name\":\"Heart\"}]},{\"@type\":\"WebSite\",\"@id\":\"https:\/\/ikastikos-kiklos.com\/en\/#website\",\"url\":\"https:\/\/ikastikos-kiklos.com\/en\/\",\"name\":\"Ikastikos Kiklos - Zografik\u00ed - Metaxotyp\u00edes - T\u00e9chniPainting - Silk Screen - Art\",\"description\":\"\",\"publisher\":{\"@id\":\"https:\/\/ikastikos-kiklos.com\/en\/#organization\"},\"potentialAction\":[{\"@type\":\"SearchAction\",\"target\":{\"@type\":\"EntryPoint\",\"urlTemplate\":\"https:\/\/ikastikos-kiklos.com\/en\/?s={search_term_string}\"},\"query-input\":{\"@type\":\"PropertyValueSpecification\",\"valueRequired\":true,\"valueName\":\"search_term_string\"}}],\"inLanguage\":\"en-US\"},{\"@type\":\"Organization\",\"@id\":\"https:\/\/ikastikos-kiklos.com\/en\/#organization\",\"name\":\"Ikastikos Kiklos - Zografik\u00ed - Metaxotyp\u00edes - T\u00e9chniPainting - Silk Screen - Art\",\"url\":\"https:\/\/ikastikos-kiklos.com\/en\/\",\"logo\":{\"@type\":\"ImageObject\",\"inLanguage\":\"en-US\",\"@id\":\"https:\/\/ikastikos-kiklos.com\/en\/#\/schema\/logo\/image\/\",\"url\":\"https:\/\/ikastikos-kiklos.com\/wp-content\/uploads\/2022\/10\/cropped-favicon_ikastikos.png\",\"contentUrl\":\"https:\/\/ikastikos-kiklos.com\/wp-content\/uploads\/2022\/10\/cropped-favicon_ikastikos.png\",\"width\":512,\"height\":512,\"caption\":\"Ikastikos Kiklos - Zografik\u00ed - Metaxotyp\u00edes - T\u00e9chniPainting - Silk Screen - Art\"},\"image\":{\"@id\":\"https:\/\/ikastikos-kiklos.com\/en\/#\/schema\/logo\/image\/\"},\"sameAs\":[\"https:\/\/www.facebook.com\/ikastikoskiklossianti\/\"]}]}<\/script>\n<!-- \/ Yoast SEO plugin. -->","yoast_head_json":{"title":"Heart Silkscreen by Thanassis Lalas at Ikastikos Kiklos Sianti Gallery.","description":"Heart Silkscreen by Thanassis Lalas at Ikastikos Kiklos Sianti Gallery. 40 copies in dimensions 47 x 47.","robots":{"index":"index","follow":"follow","max-snippet":"max-snippet:-1","max-image-preview":"max-image-preview:large","max-video-preview":"max-video-preview:-1"},"canonical":"https:\/\/ikastikos-kiklos.com\/en\/product\/\u03c7\u03b1\u03c1\u03ac-\u03ba\u03b1\u03c1\u03b4\u03b9\u03ac\u03c2\/","og_locale":"en_US","og_type":"article","og_title":"Heart Silkscreen by Thanassis Lalas at Ikastikos Kiklos Sianti Gallery.","og_description":"Heart Silkscreen by Thanassis Lalas at Ikastikos Kiklos Sianti Gallery. 40 copies in dimensions 47 x 47.","og_url":"https:\/\/ikastikos-kiklos.com\/en\/product\/\u03c7\u03b1\u03c1\u03ac-\u03ba\u03b1\u03c1\u03b4\u03b9\u03ac\u03c2\/","og_site_name":"Ikastikos Kiklos - Zografik\u00ed - Metaxotyp\u00edes - T\u00e9chniPainting - Silk Screen - Art","article_publisher":"https:\/\/www.facebook.com\/ikastikoskiklossianti\/","article_modified_time":"2019-11-14T15:45:50+00:00","og_image":[{"width":898,"height":903,"url":"https:\/\/ikastikos-kiklos.com\/wp-content\/uploads\/2017\/02\/KARDIA-6-1.jpg","type":"image\/jpeg"}],"twitter_card":"summary_large_image","schema":{"@context":"https:\/\/schema.org","@graph":[{"@type":"WebPage","@id":"https:\/\/ikastikos-kiklos.com\/en\/product\/%cf%87%ce%b1%cf%81%ce%ac-%ce%ba%ce%b1%cf%81%ce%b4%ce%b9%ce%ac%cf%82\/","url":"https:\/\/ikastikos-kiklos.com\/en\/product\/%cf%87%ce%b1%cf%81%ce%ac-%ce%ba%ce%b1%cf%81%ce%b4%ce%b9%ce%ac%cf%82\/","name":"Heart Silkscreen by Thanassis Lalas at Ikastikos Kiklos Sianti Gallery.","isPartOf":{"@id":"https:\/\/ikastikos-kiklos.com\/en\/#website"},"primaryImageOfPage":{"@id":"https:\/\/ikastikos-kiklos.com\/en\/product\/%cf%87%ce%b1%cf%81%ce%ac-%ce%ba%ce%b1%cf%81%ce%b4%ce%b9%ce%ac%cf%82\/#primaryimage"},"image":{"@id":"https:\/\/ikastikos-kiklos.com\/en\/product\/%cf%87%ce%b1%cf%81%ce%ac-%ce%ba%ce%b1%cf%81%ce%b4%ce%b9%ce%ac%cf%82\/#primaryimage"},"thumbnailUrl":"https:\/\/ikastikos-kiklos.com\/wp-content\/uploads\/2017\/02\/KARDIA-6-1.jpg","datePublished":"2017-02-10T14:48:21+00:00","dateModified":"2019-11-14T15:45:50+00:00","description":"Heart Silkscreen by Thanassis Lalas at Ikastikos Kiklos Sianti Gallery. 40 copies in dimensions 47 x 47.","breadcrumb":{"@id":"https:\/\/ikastikos-kiklos.com\/en\/product\/%cf%87%ce%b1%cf%81%ce%ac-%ce%ba%ce%b1%cf%81%ce%b4%ce%b9%ce%ac%cf%82\/#breadcrumb"},"inLanguage":"en-US","potentialAction":[{"@type":"ReadAction","target":["https:\/\/ikastikos-kiklos.com\/en\/product\/%cf%87%ce%b1%cf%81%ce%ac-%ce%ba%ce%b1%cf%81%ce%b4%ce%b9%ce%ac%cf%82\/"]}]},{"@type":"ImageObject","inLanguage":"en-US","@id":"https:\/\/ikastikos-kiklos.com\/en\/product\/%cf%87%ce%b1%cf%81%ce%ac-%ce%ba%ce%b1%cf%81%ce%b4%ce%b9%ce%ac%cf%82\/#primaryimage","url":"https:\/\/ikastikos-kiklos.com\/wp-content\/uploads\/2017\/02\/KARDIA-6-1.jpg","contentUrl":"https:\/\/ikastikos-kiklos.com\/wp-content\/uploads\/2017\/02\/KARDIA-6-1.jpg","width":898,"height":903,"caption":"Heart View Thanassis Lalas Profile on Ikastikos Kiklos Sianti Gallery."},{"@type":"BreadcrumbList","@id":"https:\/\/ikastikos-kiklos.com\/en\/product\/%cf%87%ce%b1%cf%81%ce%ac-%ce%ba%ce%b1%cf%81%ce%b4%ce%b9%ce%ac%cf%82\/#breadcrumb","itemListElement":[{"@type":"ListItem","position":1,"name":"Home","item":"https:\/\/ikastikos-kiklos.com\/en\/"},{"@type":"ListItem","position":2,"name":"\u0388\u03c1\u03b3\u03b1 \u03c4\u03ad\u03c7\u03bd\u03b7\u03c2","item":"https:\/\/ikastikos-kiklos.com\/%ce%ad%cf%81%ce%b3%ce%b1-%cf%84%ce%ad%cf%87%ce%bd%ce%b7%cf%82\/"},{"@type":"ListItem","position":3,"name":"Heart"}]},{"@type":"WebSite","@id":"https:\/\/ikastikos-kiklos.com\/en\/#website","url":"https:\/\/ikastikos-kiklos.com\/en\/","name":"Ikastikos Kiklos - Zografik\u00ed - Metaxotyp\u00edes - T\u00e9chniPainting - Silk Screen - Art","description":"","publisher":{"@id":"https:\/\/ikastikos-kiklos.com\/en\/#organization"},"potentialAction":[{"@type":"SearchAction","target":{"@type":"EntryPoint","urlTemplate":"https:\/\/ikastikos-kiklos.com\/en\/?s={search_term_string}"},"query-input":{"@type":"PropertyValueSpecification","valueRequired":true,"valueName":"search_term_string"}}],"inLanguage":"en-US"},{"@type":"Organization","@id":"https:\/\/ikastikos-kiklos.com\/en\/#organization","name":"Ikastikos Kiklos - Zografik\u00ed - Metaxotyp\u00edes - T\u00e9chniPainting - Silk Screen - Art","url":"https:\/\/ikastikos-kiklos.com\/en\/","logo":{"@type":"ImageObject","inLanguage":"en-US","@id":"https:\/\/ikastikos-kiklos.com\/en\/#\/schema\/logo\/image\/","url":"https:\/\/ikastikos-kiklos.com\/wp-content\/uploads\/2022\/10\/cropped-favicon_ikastikos.png","contentUrl":"https:\/\/ikastikos-kiklos.com\/wp-content\/uploads\/2022\/10\/cropped-favicon_ikastikos.png","width":512,"height":512,"caption":"Ikastikos Kiklos - Zografik\u00ed - Metaxotyp\u00edes - T\u00e9chniPainting - Silk Screen - Art"},"image":{"@id":"https:\/\/ikastikos-kiklos.com\/en\/#\/schema\/logo\/image\/"},"sameAs":["https:\/\/www.facebook.com\/ikastikoskiklossianti\/"]}]}},"_links":{"self":[{"href":"https:\/\/ikastikos-kiklos.com\/en\/wp-json\/wp\/v2\/product\/4839","targetHints":{"allow":["GET"]}}],"collection":[{"href":"https:\/\/ikastikos-kiklos.com\/en\/wp-json\/wp\/v2\/product"}],"about":[{"href":"https:\/\/ikastikos-kiklos.com\/en\/wp-json\/wp\/v2\/types\/product"}],"wp:featuredmedia":[{"embeddable":true,"href":"https:\/\/ikastikos-kiklos.com\/en\/wp-json\/wp\/v2\/media\/5321"}],"wp:attachment":[{"href":"https:\/\/ikastikos-kiklos.com\/en\/wp-json\/wp\/v2\/media?parent=4839"}],"wp:term":[{"taxonomy":"product_brand","embeddable":true,"href":"https:\/\/ikastikos-kiklos.com\/en\/wp-json\/wp\/v2\/product_brand?post=4839"},{"taxonomy":"product_cat","embeddable":true,"href":"https:\/\/ikastikos-kiklos.com\/en\/wp-json\/wp\/v2\/product_cat?post=4839"},{"taxonomy":"product_tag","embeddable":true,"href":"https:\/\/ikastikos-kiklos.com\/en\/wp-json\/wp\/v2\/product_tag?post=4839"}],"curies":[{"name":"wp","href":"https:\/\/api.w.org\/{rel}","templated":true}]}}