{"id":4836,"date":"2017-02-10T17:38:04","date_gmt":"2017-02-10T17:38:04","guid":{"rendered":"https:\/\/ikastikos-kiklos.com\/\u03c0\u03c1\u03bf\u03ca\u03cc\u03bd\/%ce%b1%cf%86%cf%81%ce%bf%ce%b4%ce%af%cf%84%ce%b7-2\/"},"modified":"2019-11-14T18:14:28","modified_gmt":"2019-11-14T16:14:28","slug":"%ce%b1%cf%86%cf%81%ce%bf%ce%b4%ce%af%cf%84%ce%b7-2","status":"publish","type":"product","link":"https:\/\/ikastikos-kiklos.com\/en\/product\/%ce%b1%cf%86%cf%81%ce%bf%ce%b4%ce%af%cf%84%ce%b7-2\/","title":{"rendered":"Aphrodite"},"content":{"rendered":"<h2>The Classical Beauty and the Inner World of Aphrodite<\/h2>\n<p>I was always echanted by those astounding classical statues; a standard of \u201cbeauty\u201d. Always though, I had second thoughts which overwhelmed me. What does \u201cbeauty\u201d help conceal? Could it be possible that, underneath that fa\u00e7ade of \u201cbeauty\u201d, there lurked some ugliness? How much pain and sorrow can beauty keep hidden? Aphrodite of Melos, what sort of person was she? Or was she just plain beautiful? Was she admired because of her gracefulness and the harmony of her body? These and many other questions could be posed to approach the concept of beauty as perceived in the past \u2013 and the concept of<br \/>\nbeauty as perceived in the present. And, finally: \u201cWhat is \u201cbeauty\u201d? Could the narrative of a defeat, of a defeated body, into classical sculptures, trying to uncover what the form, harmony, and beauty help conceal. A series of new sculptural ideas resulted from this venture, ideas now independent, detached from their original source. Now, when one looks at them, they seem as grown children who no longer carry anything of their mother or father in them. It is with great effort that you get a sense of their origin, of how they came about. Some may call me profane-it is just that in art there is no profanity, especially if the artwork becomes autonomous and goes on to claim the position it deserves.<\/p>\n<p>Thanassis Lalas<\/p>\n","protected":false},"excerpt":{"rendered":"<p>Painted by the artist.<\/p>\n<p>For 3D view press&nbsp;<a href=\"https:\/\/ikastikos-kiklos.com\/en\/thanasis-lalas\/\">here<\/a><\/p>\n","protected":false},"featured_media":4840,"template":"","meta":{"ngg_post_thumbnail":0},"product_brand":[],"product_cat":[398,401],"product_tag":[2500],"class_list":{"0":"post-4836","1":"product","2":"type-product","3":"status-publish","4":"has-post-thumbnail","6":"product_cat-collections","7":"product_cat-sculpture","8":"product_tag-aphrodite","10":"first","11":"instock","12":"taxable","13":"shipping-taxable","14":"product-type-simple"},"yoast_head":"<!-- This site is optimized with the Yoast SEO plugin v27.4 - https:\/\/yoast.com\/product\/yoast-seo-wordpress\/ -->\n<title>Aphrodite Painted by Thanassis Lalas at Ikastikos Kiklos Sianti.<\/title>\n<meta name=\"description\" content=\"Aphrodite Sculpture Painted by Thanasis Lala at Ikastikos Kiklos Sianti. Has a height of 53 cm. No one can be sure who Aphrodite really was.\" \/>\n<meta name=\"robots\" content=\"index, follow, max-snippet:-1, max-image-preview:large, max-video-preview:-1\" \/>\n<link rel=\"canonical\" href=\"https:\/\/ikastikos-kiklos.com\/en\/product\/\u03b1\u03c6\u03c1\u03bf\u03b4\u03af\u03c4\u03b7-2\/\" \/>\n<meta property=\"og:locale\" content=\"en_US\" \/>\n<meta property=\"og:type\" content=\"article\" \/>\n<meta property=\"og:title\" content=\"Aphrodite Painted by Thanassis Lalas at Ikastikos Kiklos Sianti.\" \/>\n<meta property=\"og:description\" content=\"Aphrodite Sculpture Painted by Thanasis Lala at Ikastikos Kiklos Sianti. Has a height of 53 cm. No one can be sure who Aphrodite really was.\" \/>\n<meta property=\"og:url\" content=\"https:\/\/ikastikos-kiklos.com\/en\/product\/\u03b1\u03c6\u03c1\u03bf\u03b4\u03af\u03c4\u03b7-2\/\" \/>\n<meta property=\"og:site_name\" content=\"Ikastikos Kiklos - Zografik\u00ed - Metaxotyp\u00edes - T\u00e9chniPainting - Silk Screen - Art\" \/>\n<meta property=\"article:publisher\" content=\"https:\/\/www.facebook.com\/ikastikoskiklossianti\/\" \/>\n<meta property=\"article:modified_time\" content=\"2019-11-14T16:14:28+00:00\" \/>\n<meta property=\"og:image\" content=\"https:\/\/ikastikos-kiklos.com\/wp-content\/uploads\/2017\/02\/4749-1.jpg\" \/>\n\t<meta property=\"og:image:width\" content=\"571\" \/>\n\t<meta property=\"og:image:height\" content=\"785\" \/>\n\t<meta property=\"og:image:type\" content=\"image\/jpeg\" \/>\n<meta name=\"twitter:card\" content=\"summary_large_image\" \/>\n<meta name=\"twitter:label1\" content=\"Est. reading time\" \/>\n\t<meta name=\"twitter:data1\" content=\"1 minute\" \/>\n<script type=\"application\/ld+json\" class=\"yoast-schema-graph\">{\"@context\":\"https:\\\/\\\/schema.org\",\"@graph\":[{\"@type\":\"WebPage\",\"@id\":\"https:\\\/\\\/ikastikos-kiklos.com\\\/en\\\/product\\\/%ce%b1%cf%86%cf%81%ce%bf%ce%b4%ce%af%cf%84%ce%b7-2\\\/\",\"url\":\"https:\\\/\\\/ikastikos-kiklos.com\\\/en\\\/product\\\/%ce%b1%cf%86%cf%81%ce%bf%ce%b4%ce%af%cf%84%ce%b7-2\\\/\",\"name\":\"Aphrodite Painted by Thanassis Lalas at Ikastikos Kiklos Sianti.\",\"isPartOf\":{\"@id\":\"https:\\\/\\\/ikastikos-kiklos.com\\\/en\\\/#website\"},\"primaryImageOfPage\":{\"@id\":\"https:\\\/\\\/ikastikos-kiklos.com\\\/en\\\/product\\\/%ce%b1%cf%86%cf%81%ce%bf%ce%b4%ce%af%cf%84%ce%b7-2\\\/#primaryimage\"},\"image\":{\"@id\":\"https:\\\/\\\/ikastikos-kiklos.com\\\/en\\\/product\\\/%ce%b1%cf%86%cf%81%ce%bf%ce%b4%ce%af%cf%84%ce%b7-2\\\/#primaryimage\"},\"thumbnailUrl\":\"https:\\\/\\\/ikastikos-kiklos.com\\\/wp-content\\\/uploads\\\/2017\\\/02\\\/4749-1.jpg\",\"datePublished\":\"2017-02-10T17:38:04+00:00\",\"dateModified\":\"2019-11-14T16:14:28+00:00\",\"description\":\"Aphrodite Sculpture Painted by Thanasis Lala at Ikastikos Kiklos Sianti. Has a height of 53 cm. No one can be sure who Aphrodite really was.\",\"breadcrumb\":{\"@id\":\"https:\\\/\\\/ikastikos-kiklos.com\\\/en\\\/product\\\/%ce%b1%cf%86%cf%81%ce%bf%ce%b4%ce%af%cf%84%ce%b7-2\\\/#breadcrumb\"},\"inLanguage\":\"en-US\",\"potentialAction\":[{\"@type\":\"ReadAction\",\"target\":[\"https:\\\/\\\/ikastikos-kiklos.com\\\/en\\\/product\\\/%ce%b1%cf%86%cf%81%ce%bf%ce%b4%ce%af%cf%84%ce%b7-2\\\/\"]}]},{\"@type\":\"ImageObject\",\"inLanguage\":\"en-US\",\"@id\":\"https:\\\/\\\/ikastikos-kiklos.com\\\/en\\\/product\\\/%ce%b1%cf%86%cf%81%ce%bf%ce%b4%ce%af%cf%84%ce%b7-2\\\/#primaryimage\",\"url\":\"https:\\\/\\\/ikastikos-kiklos.com\\\/wp-content\\\/uploads\\\/2017\\\/02\\\/4749-1.jpg\",\"contentUrl\":\"https:\\\/\\\/ikastikos-kiklos.com\\\/wp-content\\\/uploads\\\/2017\\\/02\\\/4749-1.jpg\",\"width\":571,\"height\":785,\"caption\":\"Aphrodite View Thanassis Lalas Profile on Ikastikos Kiklos Sianti Gallery.\"},{\"@type\":\"BreadcrumbList\",\"@id\":\"https:\\\/\\\/ikastikos-kiklos.com\\\/en\\\/product\\\/%ce%b1%cf%86%cf%81%ce%bf%ce%b4%ce%af%cf%84%ce%b7-2\\\/#breadcrumb\",\"itemListElement\":[{\"@type\":\"ListItem\",\"position\":1,\"name\":\"Home\",\"item\":\"https:\\\/\\\/ikastikos-kiklos.com\\\/en\\\/\"},{\"@type\":\"ListItem\",\"position\":2,\"name\":\"\u0388\u03c1\u03b3\u03b1 \u03c4\u03ad\u03c7\u03bd\u03b7\u03c2\",\"item\":\"https:\\\/\\\/ikastikos-kiklos.com\\\/%ce%ad%cf%81%ce%b3%ce%b1-%cf%84%ce%ad%cf%87%ce%bd%ce%b7%cf%82\\\/\"},{\"@type\":\"ListItem\",\"position\":3,\"name\":\"Aphrodite\"}]},{\"@type\":\"WebSite\",\"@id\":\"https:\\\/\\\/ikastikos-kiklos.com\\\/en\\\/#website\",\"url\":\"https:\\\/\\\/ikastikos-kiklos.com\\\/en\\\/\",\"name\":\"Ikastikos Kiklos - Zografik\u00ed - Metaxotyp\u00edes - T\u00e9chniPainting - Silk Screen - Art\",\"description\":\"\",\"publisher\":{\"@id\":\"https:\\\/\\\/ikastikos-kiklos.com\\\/en\\\/#organization\"},\"potentialAction\":[{\"@type\":\"SearchAction\",\"target\":{\"@type\":\"EntryPoint\",\"urlTemplate\":\"https:\\\/\\\/ikastikos-kiklos.com\\\/en\\\/?s={search_term_string}\"},\"query-input\":{\"@type\":\"PropertyValueSpecification\",\"valueRequired\":true,\"valueName\":\"search_term_string\"}}],\"inLanguage\":\"en-US\"},{\"@type\":\"Organization\",\"@id\":\"https:\\\/\\\/ikastikos-kiklos.com\\\/en\\\/#organization\",\"name\":\"Ikastikos Kiklos - Zografik\u00ed - Metaxotyp\u00edes - T\u00e9chniPainting - Silk Screen - Art\",\"url\":\"https:\\\/\\\/ikastikos-kiklos.com\\\/en\\\/\",\"logo\":{\"@type\":\"ImageObject\",\"inLanguage\":\"en-US\",\"@id\":\"https:\\\/\\\/ikastikos-kiklos.com\\\/en\\\/#\\\/schema\\\/logo\\\/image\\\/\",\"url\":\"https:\\\/\\\/ikastikos-kiklos.com\\\/wp-content\\\/uploads\\\/2022\\\/10\\\/cropped-favicon_ikastikos.png\",\"contentUrl\":\"https:\\\/\\\/ikastikos-kiklos.com\\\/wp-content\\\/uploads\\\/2022\\\/10\\\/cropped-favicon_ikastikos.png\",\"width\":512,\"height\":512,\"caption\":\"Ikastikos Kiklos - Zografik\u00ed - Metaxotyp\u00edes - T\u00e9chniPainting - Silk Screen - Art\"},\"image\":{\"@id\":\"https:\\\/\\\/ikastikos-kiklos.com\\\/en\\\/#\\\/schema\\\/logo\\\/image\\\/\"},\"sameAs\":[\"https:\\\/\\\/www.facebook.com\\\/ikastikoskiklossianti\\\/\"]}]}<\/script>\n<!-- \/ Yoast SEO plugin. -->","yoast_head_json":{"title":"Aphrodite Painted by Thanassis Lalas at Ikastikos Kiklos Sianti.","description":"Aphrodite Sculpture Painted by Thanasis Lala at Ikastikos Kiklos Sianti. Has a height of 53 cm. No one can be sure who Aphrodite really was.","robots":{"index":"index","follow":"follow","max-snippet":"max-snippet:-1","max-image-preview":"max-image-preview:large","max-video-preview":"max-video-preview:-1"},"canonical":"https:\/\/ikastikos-kiklos.com\/en\/product\/\u03b1\u03c6\u03c1\u03bf\u03b4\u03af\u03c4\u03b7-2\/","og_locale":"en_US","og_type":"article","og_title":"Aphrodite Painted by Thanassis Lalas at Ikastikos Kiklos Sianti.","og_description":"Aphrodite Sculpture Painted by Thanasis Lala at Ikastikos Kiklos Sianti. Has a height of 53 cm. No one can be sure who Aphrodite really was.","og_url":"https:\/\/ikastikos-kiklos.com\/en\/product\/\u03b1\u03c6\u03c1\u03bf\u03b4\u03af\u03c4\u03b7-2\/","og_site_name":"Ikastikos Kiklos - Zografik\u00ed - Metaxotyp\u00edes - T\u00e9chniPainting - Silk Screen - Art","article_publisher":"https:\/\/www.facebook.com\/ikastikoskiklossianti\/","article_modified_time":"2019-11-14T16:14:28+00:00","og_image":[{"width":571,"height":785,"url":"https:\/\/ikastikos-kiklos.com\/wp-content\/uploads\/2017\/02\/4749-1.jpg","type":"image\/jpeg"}],"twitter_card":"summary_large_image","twitter_misc":{"Est. reading time":"1 minute"},"schema":{"@context":"https:\/\/schema.org","@graph":[{"@type":"WebPage","@id":"https:\/\/ikastikos-kiklos.com\/en\/product\/%ce%b1%cf%86%cf%81%ce%bf%ce%b4%ce%af%cf%84%ce%b7-2\/","url":"https:\/\/ikastikos-kiklos.com\/en\/product\/%ce%b1%cf%86%cf%81%ce%bf%ce%b4%ce%af%cf%84%ce%b7-2\/","name":"Aphrodite Painted by Thanassis Lalas at Ikastikos Kiklos Sianti.","isPartOf":{"@id":"https:\/\/ikastikos-kiklos.com\/en\/#website"},"primaryImageOfPage":{"@id":"https:\/\/ikastikos-kiklos.com\/en\/product\/%ce%b1%cf%86%cf%81%ce%bf%ce%b4%ce%af%cf%84%ce%b7-2\/#primaryimage"},"image":{"@id":"https:\/\/ikastikos-kiklos.com\/en\/product\/%ce%b1%cf%86%cf%81%ce%bf%ce%b4%ce%af%cf%84%ce%b7-2\/#primaryimage"},"thumbnailUrl":"https:\/\/ikastikos-kiklos.com\/wp-content\/uploads\/2017\/02\/4749-1.jpg","datePublished":"2017-02-10T17:38:04+00:00","dateModified":"2019-11-14T16:14:28+00:00","description":"Aphrodite Sculpture Painted by Thanasis Lala at Ikastikos Kiklos Sianti. Has a height of 53 cm. No one can be sure who Aphrodite really was.","breadcrumb":{"@id":"https:\/\/ikastikos-kiklos.com\/en\/product\/%ce%b1%cf%86%cf%81%ce%bf%ce%b4%ce%af%cf%84%ce%b7-2\/#breadcrumb"},"inLanguage":"en-US","potentialAction":[{"@type":"ReadAction","target":["https:\/\/ikastikos-kiklos.com\/en\/product\/%ce%b1%cf%86%cf%81%ce%bf%ce%b4%ce%af%cf%84%ce%b7-2\/"]}]},{"@type":"ImageObject","inLanguage":"en-US","@id":"https:\/\/ikastikos-kiklos.com\/en\/product\/%ce%b1%cf%86%cf%81%ce%bf%ce%b4%ce%af%cf%84%ce%b7-2\/#primaryimage","url":"https:\/\/ikastikos-kiklos.com\/wp-content\/uploads\/2017\/02\/4749-1.jpg","contentUrl":"https:\/\/ikastikos-kiklos.com\/wp-content\/uploads\/2017\/02\/4749-1.jpg","width":571,"height":785,"caption":"Aphrodite View Thanassis Lalas Profile on Ikastikos Kiklos Sianti Gallery."},{"@type":"BreadcrumbList","@id":"https:\/\/ikastikos-kiklos.com\/en\/product\/%ce%b1%cf%86%cf%81%ce%bf%ce%b4%ce%af%cf%84%ce%b7-2\/#breadcrumb","itemListElement":[{"@type":"ListItem","position":1,"name":"Home","item":"https:\/\/ikastikos-kiklos.com\/en\/"},{"@type":"ListItem","position":2,"name":"\u0388\u03c1\u03b3\u03b1 \u03c4\u03ad\u03c7\u03bd\u03b7\u03c2","item":"https:\/\/ikastikos-kiklos.com\/%ce%ad%cf%81%ce%b3%ce%b1-%cf%84%ce%ad%cf%87%ce%bd%ce%b7%cf%82\/"},{"@type":"ListItem","position":3,"name":"Aphrodite"}]},{"@type":"WebSite","@id":"https:\/\/ikastikos-kiklos.com\/en\/#website","url":"https:\/\/ikastikos-kiklos.com\/en\/","name":"Ikastikos Kiklos - Zografik\u00ed - Metaxotyp\u00edes - T\u00e9chniPainting - Silk Screen - Art","description":"","publisher":{"@id":"https:\/\/ikastikos-kiklos.com\/en\/#organization"},"potentialAction":[{"@type":"SearchAction","target":{"@type":"EntryPoint","urlTemplate":"https:\/\/ikastikos-kiklos.com\/en\/?s={search_term_string}"},"query-input":{"@type":"PropertyValueSpecification","valueRequired":true,"valueName":"search_term_string"}}],"inLanguage":"en-US"},{"@type":"Organization","@id":"https:\/\/ikastikos-kiklos.com\/en\/#organization","name":"Ikastikos Kiklos - Zografik\u00ed - Metaxotyp\u00edes - T\u00e9chniPainting - Silk Screen - Art","url":"https:\/\/ikastikos-kiklos.com\/en\/","logo":{"@type":"ImageObject","inLanguage":"en-US","@id":"https:\/\/ikastikos-kiklos.com\/en\/#\/schema\/logo\/image\/","url":"https:\/\/ikastikos-kiklos.com\/wp-content\/uploads\/2022\/10\/cropped-favicon_ikastikos.png","contentUrl":"https:\/\/ikastikos-kiklos.com\/wp-content\/uploads\/2022\/10\/cropped-favicon_ikastikos.png","width":512,"height":512,"caption":"Ikastikos Kiklos - Zografik\u00ed - Metaxotyp\u00edes - T\u00e9chniPainting - Silk Screen - Art"},"image":{"@id":"https:\/\/ikastikos-kiklos.com\/en\/#\/schema\/logo\/image\/"},"sameAs":["https:\/\/www.facebook.com\/ikastikoskiklossianti\/"]}]}},"_links":{"self":[{"href":"https:\/\/ikastikos-kiklos.com\/en\/wp-json\/wp\/v2\/product\/4836","targetHints":{"allow":["GET"]}}],"collection":[{"href":"https:\/\/ikastikos-kiklos.com\/en\/wp-json\/wp\/v2\/product"}],"about":[{"href":"https:\/\/ikastikos-kiklos.com\/en\/wp-json\/wp\/v2\/types\/product"}],"wp:featuredmedia":[{"embeddable":true,"href":"https:\/\/ikastikos-kiklos.com\/en\/wp-json\/wp\/v2\/media\/4840"}],"wp:attachment":[{"href":"https:\/\/ikastikos-kiklos.com\/en\/wp-json\/wp\/v2\/media?parent=4836"}],"wp:term":[{"taxonomy":"product_brand","embeddable":true,"href":"https:\/\/ikastikos-kiklos.com\/en\/wp-json\/wp\/v2\/product_brand?post=4836"},{"taxonomy":"product_cat","embeddable":true,"href":"https:\/\/ikastikos-kiklos.com\/en\/wp-json\/wp\/v2\/product_cat?post=4836"},{"taxonomy":"product_tag","embeddable":true,"href":"https:\/\/ikastikos-kiklos.com\/en\/wp-json\/wp\/v2\/product_tag?post=4836"}],"curies":[{"name":"wp","href":"https:\/\/api.w.org\/{rel}","templated":true}]}}