{"id":4822,"date":"2017-03-15T14:40:20","date_gmt":"2017-03-15T14:40:20","guid":{"rendered":"https:\/\/ikastikos-kiklos.com\/\u03c0\u03c1\u03bf\u03ca\u03cc\u03bd\/%ce%bd%ce%af%ce%ba%ce%b7-%cf%84%ce%b7%cf%82-%cf%83%ce%b1%ce%bc%ce%bf%ce%b8%cf%81%ce%ac%ce%ba%ce%b7%cf%82\/"},"modified":"2019-11-14T18:12:09","modified_gmt":"2019-11-14T16:12:09","slug":"%ce%bd%ce%af%ce%ba%ce%b7-%cf%84%ce%b7%cf%82-%cf%83%ce%b1%ce%bc%ce%bf%ce%b8%cf%81%ce%ac%ce%ba%ce%b7%cf%82","status":"publish","type":"product","link":"https:\/\/ikastikos-kiklos.com\/en\/product\/%ce%bd%ce%af%ce%ba%ce%b7-%cf%84%ce%b7%cf%82-%cf%83%ce%b1%ce%bc%ce%bf%ce%b8%cf%81%ce%ac%ce%ba%ce%b7%cf%82\/","title":{"rendered":"The Winged Victory of Samothrace"},"content":{"rendered":"<h2>The classic beauty and inner world of Aphrodite<\/h2>\n<p>I was always enchanted by the wonderful classic sculptures. But a second thought always surprised me. What does beauty hide? Can beauty hide underneath an ugliness? How much suffering and pain can beauty conceal? Aphrodite of Milos, what kind of person was she? Was she just fine? Did they admire her because she had a physical harmony and grace? Thousand of questions could be formulated to approach the notion of what was nice once and the notion of beautiful today &#8230; And finally what is beauty? Can a story of defeat, a defeated body, be an element of beauty? With these questions in mind, I started painting on classic sculptures and trying to find out what shape, harmony, and beauty are hiding. A series of new sculptural ideas have emerged that have been unmodified from their source. Now these sculptures when you see them look like children who grow up and do not carry anything more than their father and mother &#8230; With great effort you discover their origin. Some might call me profane &#8230; Only in art there is no profoundness if the work is autonomous and asserts its position.<\/p>\n","protected":false},"excerpt":{"rendered":"<p>Painted uniquely by Thanassis Lalas.<\/p>\n<p>First presentation at the &#8220;HEARD&#8221; exhibition in the Sianti Visual Circle<\/p>\n","protected":false},"featured_media":6692,"template":"","meta":{"ngg_post_thumbnail":0},"product_brand":[],"product_cat":[398,401],"product_tag":[2501,2668,2964,2427],"class_list":{"0":"post-4822","1":"product","2":"type-product","3":"status-publish","4":"has-post-thumbnail","6":"product_cat-collections","7":"product_cat-sculpture","8":"product_tag-alabaster","9":"product_tag-painted","10":"product_tag-thanassis-lalas","11":"product_tag-winged-victory-of-samothrace","13":"first","14":"instock","15":"taxable","16":"shipping-taxable","17":"product-type-simple"},"yoast_head":"<!-- This site is optimized with the Yoast SEO plugin v27.4 - https:\/\/yoast.com\/product\/yoast-seo-wordpress\/ -->\n<title>The Winged Victory of Samothrace by Thanassis Lalas at Ikastikos Kiklos Sianti Gallery.<\/title>\n<meta name=\"description\" content=\"The Winged Victory of Samothrace by Thanassis Lalas at Ikastikos Kiklos Sianti Gallery with dimensions of 106 cm and uniquely painted by the artist.\" \/>\n<meta name=\"robots\" content=\"index, follow, max-snippet:-1, max-image-preview:large, max-video-preview:-1\" \/>\n<link rel=\"canonical\" href=\"https:\/\/ikastikos-kiklos.com\/en\/product\/\u03bd\u03af\u03ba\u03b7-\u03c4\u03b7\u03c2-\u03c3\u03b1\u03bc\u03bf\u03b8\u03c1\u03ac\u03ba\u03b7\u03c2\/\" \/>\n<meta property=\"og:locale\" content=\"en_US\" \/>\n<meta property=\"og:type\" content=\"article\" \/>\n<meta property=\"og:title\" content=\"The Winged Victory of Samothrace by Thanassis Lalas at Ikastikos Kiklos Sianti Gallery.\" \/>\n<meta property=\"og:description\" content=\"The Winged Victory of Samothrace by Thanassis Lalas at Ikastikos Kiklos Sianti Gallery with dimensions of 106 cm and uniquely painted by the artist.\" \/>\n<meta property=\"og:url\" content=\"https:\/\/ikastikos-kiklos.com\/en\/product\/\u03bd\u03af\u03ba\u03b7-\u03c4\u03b7\u03c2-\u03c3\u03b1\u03bc\u03bf\u03b8\u03c1\u03ac\u03ba\u03b7\u03c2\/\" \/>\n<meta property=\"og:site_name\" content=\"Ikastikos Kiklos - Zografik\u00ed - Metaxotyp\u00edes - T\u00e9chniPainting - Silk Screen - Art\" \/>\n<meta property=\"article:publisher\" content=\"https:\/\/www.facebook.com\/ikastikoskiklossianti\/\" \/>\n<meta property=\"article:modified_time\" content=\"2019-11-14T16:12:09+00:00\" \/>\n<meta property=\"og:image\" content=\"https:\/\/ikastikos-kiklos.com\/wp-content\/uploads\/2017\/03\/Job_4392-1.jpg\" \/>\n\t<meta property=\"og:image:width\" content=\"600\" \/>\n\t<meta property=\"og:image:height\" content=\"805\" \/>\n\t<meta property=\"og:image:type\" content=\"image\/jpeg\" \/>\n<meta name=\"twitter:card\" content=\"summary_large_image\" \/>\n<meta name=\"twitter:label1\" content=\"Est. reading time\" \/>\n\t<meta name=\"twitter:data1\" content=\"1 minute\" \/>\n<script type=\"application\/ld+json\" class=\"yoast-schema-graph\">{\"@context\":\"https:\\\/\\\/schema.org\",\"@graph\":[{\"@type\":\"WebPage\",\"@id\":\"https:\\\/\\\/ikastikos-kiklos.com\\\/en\\\/product\\\/%ce%bd%ce%af%ce%ba%ce%b7-%cf%84%ce%b7%cf%82-%cf%83%ce%b1%ce%bc%ce%bf%ce%b8%cf%81%ce%ac%ce%ba%ce%b7%cf%82\\\/\",\"url\":\"https:\\\/\\\/ikastikos-kiklos.com\\\/en\\\/product\\\/%ce%bd%ce%af%ce%ba%ce%b7-%cf%84%ce%b7%cf%82-%cf%83%ce%b1%ce%bc%ce%bf%ce%b8%cf%81%ce%ac%ce%ba%ce%b7%cf%82\\\/\",\"name\":\"The Winged Victory of Samothrace by Thanassis Lalas at Ikastikos Kiklos Sianti Gallery.\",\"isPartOf\":{\"@id\":\"https:\\\/\\\/ikastikos-kiklos.com\\\/en\\\/#website\"},\"primaryImageOfPage\":{\"@id\":\"https:\\\/\\\/ikastikos-kiklos.com\\\/en\\\/product\\\/%ce%bd%ce%af%ce%ba%ce%b7-%cf%84%ce%b7%cf%82-%cf%83%ce%b1%ce%bc%ce%bf%ce%b8%cf%81%ce%ac%ce%ba%ce%b7%cf%82\\\/#primaryimage\"},\"image\":{\"@id\":\"https:\\\/\\\/ikastikos-kiklos.com\\\/en\\\/product\\\/%ce%bd%ce%af%ce%ba%ce%b7-%cf%84%ce%b7%cf%82-%cf%83%ce%b1%ce%bc%ce%bf%ce%b8%cf%81%ce%ac%ce%ba%ce%b7%cf%82\\\/#primaryimage\"},\"thumbnailUrl\":\"https:\\\/\\\/ikastikos-kiklos.com\\\/wp-content\\\/uploads\\\/2017\\\/03\\\/Job_4392-1.jpg\",\"datePublished\":\"2017-03-15T14:40:20+00:00\",\"dateModified\":\"2019-11-14T16:12:09+00:00\",\"description\":\"The Winged Victory of Samothrace by Thanassis Lalas at Ikastikos Kiklos Sianti Gallery with dimensions of 106 cm and uniquely painted by the artist.\",\"breadcrumb\":{\"@id\":\"https:\\\/\\\/ikastikos-kiklos.com\\\/en\\\/product\\\/%ce%bd%ce%af%ce%ba%ce%b7-%cf%84%ce%b7%cf%82-%cf%83%ce%b1%ce%bc%ce%bf%ce%b8%cf%81%ce%ac%ce%ba%ce%b7%cf%82\\\/#breadcrumb\"},\"inLanguage\":\"en-US\",\"potentialAction\":[{\"@type\":\"ReadAction\",\"target\":[\"https:\\\/\\\/ikastikos-kiklos.com\\\/en\\\/product\\\/%ce%bd%ce%af%ce%ba%ce%b7-%cf%84%ce%b7%cf%82-%cf%83%ce%b1%ce%bc%ce%bf%ce%b8%cf%81%ce%ac%ce%ba%ce%b7%cf%82\\\/\"]}]},{\"@type\":\"ImageObject\",\"inLanguage\":\"en-US\",\"@id\":\"https:\\\/\\\/ikastikos-kiklos.com\\\/en\\\/product\\\/%ce%bd%ce%af%ce%ba%ce%b7-%cf%84%ce%b7%cf%82-%cf%83%ce%b1%ce%bc%ce%bf%ce%b8%cf%81%ce%ac%ce%ba%ce%b7%cf%82\\\/#primaryimage\",\"url\":\"https:\\\/\\\/ikastikos-kiklos.com\\\/wp-content\\\/uploads\\\/2017\\\/03\\\/Job_4392-1.jpg\",\"contentUrl\":\"https:\\\/\\\/ikastikos-kiklos.com\\\/wp-content\\\/uploads\\\/2017\\\/03\\\/Job_4392-1.jpg\",\"width\":600,\"height\":805,\"caption\":\"The Winged Victory of Samothrace by Thanassis Lalas at Ikastikos Kiklos Sianti Gallery.\"},{\"@type\":\"BreadcrumbList\",\"@id\":\"https:\\\/\\\/ikastikos-kiklos.com\\\/en\\\/product\\\/%ce%bd%ce%af%ce%ba%ce%b7-%cf%84%ce%b7%cf%82-%cf%83%ce%b1%ce%bc%ce%bf%ce%b8%cf%81%ce%ac%ce%ba%ce%b7%cf%82\\\/#breadcrumb\",\"itemListElement\":[{\"@type\":\"ListItem\",\"position\":1,\"name\":\"Home\",\"item\":\"https:\\\/\\\/ikastikos-kiklos.com\\\/en\\\/\"},{\"@type\":\"ListItem\",\"position\":2,\"name\":\"\u0388\u03c1\u03b3\u03b1 \u03c4\u03ad\u03c7\u03bd\u03b7\u03c2\",\"item\":\"https:\\\/\\\/ikastikos-kiklos.com\\\/%ce%ad%cf%81%ce%b3%ce%b1-%cf%84%ce%ad%cf%87%ce%bd%ce%b7%cf%82\\\/\"},{\"@type\":\"ListItem\",\"position\":3,\"name\":\"The Winged Victory of Samothrace\"}]},{\"@type\":\"WebSite\",\"@id\":\"https:\\\/\\\/ikastikos-kiklos.com\\\/en\\\/#website\",\"url\":\"https:\\\/\\\/ikastikos-kiklos.com\\\/en\\\/\",\"name\":\"Ikastikos Kiklos - Zografik\u00ed - Metaxotyp\u00edes - T\u00e9chniPainting - Silk Screen - Art\",\"description\":\"\",\"publisher\":{\"@id\":\"https:\\\/\\\/ikastikos-kiklos.com\\\/en\\\/#organization\"},\"potentialAction\":[{\"@type\":\"SearchAction\",\"target\":{\"@type\":\"EntryPoint\",\"urlTemplate\":\"https:\\\/\\\/ikastikos-kiklos.com\\\/en\\\/?s={search_term_string}\"},\"query-input\":{\"@type\":\"PropertyValueSpecification\",\"valueRequired\":true,\"valueName\":\"search_term_string\"}}],\"inLanguage\":\"en-US\"},{\"@type\":\"Organization\",\"@id\":\"https:\\\/\\\/ikastikos-kiklos.com\\\/en\\\/#organization\",\"name\":\"Ikastikos Kiklos - Zografik\u00ed - Metaxotyp\u00edes - T\u00e9chniPainting - Silk Screen - Art\",\"url\":\"https:\\\/\\\/ikastikos-kiklos.com\\\/en\\\/\",\"logo\":{\"@type\":\"ImageObject\",\"inLanguage\":\"en-US\",\"@id\":\"https:\\\/\\\/ikastikos-kiklos.com\\\/en\\\/#\\\/schema\\\/logo\\\/image\\\/\",\"url\":\"https:\\\/\\\/ikastikos-kiklos.com\\\/wp-content\\\/uploads\\\/2022\\\/10\\\/cropped-favicon_ikastikos.png\",\"contentUrl\":\"https:\\\/\\\/ikastikos-kiklos.com\\\/wp-content\\\/uploads\\\/2022\\\/10\\\/cropped-favicon_ikastikos.png\",\"width\":512,\"height\":512,\"caption\":\"Ikastikos Kiklos - Zografik\u00ed - Metaxotyp\u00edes - T\u00e9chniPainting - Silk Screen - Art\"},\"image\":{\"@id\":\"https:\\\/\\\/ikastikos-kiklos.com\\\/en\\\/#\\\/schema\\\/logo\\\/image\\\/\"},\"sameAs\":[\"https:\\\/\\\/www.facebook.com\\\/ikastikoskiklossianti\\\/\"]}]}<\/script>\n<!-- \/ Yoast SEO plugin. -->","yoast_head_json":{"title":"The Winged Victory of Samothrace by Thanassis Lalas at Ikastikos Kiklos Sianti Gallery.","description":"The Winged Victory of Samothrace by Thanassis Lalas at Ikastikos Kiklos Sianti Gallery with dimensions of 106 cm and uniquely painted by the artist.","robots":{"index":"index","follow":"follow","max-snippet":"max-snippet:-1","max-image-preview":"max-image-preview:large","max-video-preview":"max-video-preview:-1"},"canonical":"https:\/\/ikastikos-kiklos.com\/en\/product\/\u03bd\u03af\u03ba\u03b7-\u03c4\u03b7\u03c2-\u03c3\u03b1\u03bc\u03bf\u03b8\u03c1\u03ac\u03ba\u03b7\u03c2\/","og_locale":"en_US","og_type":"article","og_title":"The Winged Victory of Samothrace by Thanassis Lalas at Ikastikos Kiklos Sianti Gallery.","og_description":"The Winged Victory of Samothrace by Thanassis Lalas at Ikastikos Kiklos Sianti Gallery with dimensions of 106 cm and uniquely painted by the artist.","og_url":"https:\/\/ikastikos-kiklos.com\/en\/product\/\u03bd\u03af\u03ba\u03b7-\u03c4\u03b7\u03c2-\u03c3\u03b1\u03bc\u03bf\u03b8\u03c1\u03ac\u03ba\u03b7\u03c2\/","og_site_name":"Ikastikos Kiklos - Zografik\u00ed - Metaxotyp\u00edes - T\u00e9chniPainting - Silk Screen - Art","article_publisher":"https:\/\/www.facebook.com\/ikastikoskiklossianti\/","article_modified_time":"2019-11-14T16:12:09+00:00","og_image":[{"width":600,"height":805,"url":"https:\/\/ikastikos-kiklos.com\/wp-content\/uploads\/2017\/03\/Job_4392-1.jpg","type":"image\/jpeg"}],"twitter_card":"summary_large_image","twitter_misc":{"Est. reading time":"1 minute"},"schema":{"@context":"https:\/\/schema.org","@graph":[{"@type":"WebPage","@id":"https:\/\/ikastikos-kiklos.com\/en\/product\/%ce%bd%ce%af%ce%ba%ce%b7-%cf%84%ce%b7%cf%82-%cf%83%ce%b1%ce%bc%ce%bf%ce%b8%cf%81%ce%ac%ce%ba%ce%b7%cf%82\/","url":"https:\/\/ikastikos-kiklos.com\/en\/product\/%ce%bd%ce%af%ce%ba%ce%b7-%cf%84%ce%b7%cf%82-%cf%83%ce%b1%ce%bc%ce%bf%ce%b8%cf%81%ce%ac%ce%ba%ce%b7%cf%82\/","name":"The Winged Victory of Samothrace by Thanassis Lalas at Ikastikos Kiklos Sianti Gallery.","isPartOf":{"@id":"https:\/\/ikastikos-kiklos.com\/en\/#website"},"primaryImageOfPage":{"@id":"https:\/\/ikastikos-kiklos.com\/en\/product\/%ce%bd%ce%af%ce%ba%ce%b7-%cf%84%ce%b7%cf%82-%cf%83%ce%b1%ce%bc%ce%bf%ce%b8%cf%81%ce%ac%ce%ba%ce%b7%cf%82\/#primaryimage"},"image":{"@id":"https:\/\/ikastikos-kiklos.com\/en\/product\/%ce%bd%ce%af%ce%ba%ce%b7-%cf%84%ce%b7%cf%82-%cf%83%ce%b1%ce%bc%ce%bf%ce%b8%cf%81%ce%ac%ce%ba%ce%b7%cf%82\/#primaryimage"},"thumbnailUrl":"https:\/\/ikastikos-kiklos.com\/wp-content\/uploads\/2017\/03\/Job_4392-1.jpg","datePublished":"2017-03-15T14:40:20+00:00","dateModified":"2019-11-14T16:12:09+00:00","description":"The Winged Victory of Samothrace by Thanassis Lalas at Ikastikos Kiklos Sianti Gallery with dimensions of 106 cm and uniquely painted by the artist.","breadcrumb":{"@id":"https:\/\/ikastikos-kiklos.com\/en\/product\/%ce%bd%ce%af%ce%ba%ce%b7-%cf%84%ce%b7%cf%82-%cf%83%ce%b1%ce%bc%ce%bf%ce%b8%cf%81%ce%ac%ce%ba%ce%b7%cf%82\/#breadcrumb"},"inLanguage":"en-US","potentialAction":[{"@type":"ReadAction","target":["https:\/\/ikastikos-kiklos.com\/en\/product\/%ce%bd%ce%af%ce%ba%ce%b7-%cf%84%ce%b7%cf%82-%cf%83%ce%b1%ce%bc%ce%bf%ce%b8%cf%81%ce%ac%ce%ba%ce%b7%cf%82\/"]}]},{"@type":"ImageObject","inLanguage":"en-US","@id":"https:\/\/ikastikos-kiklos.com\/en\/product\/%ce%bd%ce%af%ce%ba%ce%b7-%cf%84%ce%b7%cf%82-%cf%83%ce%b1%ce%bc%ce%bf%ce%b8%cf%81%ce%ac%ce%ba%ce%b7%cf%82\/#primaryimage","url":"https:\/\/ikastikos-kiklos.com\/wp-content\/uploads\/2017\/03\/Job_4392-1.jpg","contentUrl":"https:\/\/ikastikos-kiklos.com\/wp-content\/uploads\/2017\/03\/Job_4392-1.jpg","width":600,"height":805,"caption":"The Winged Victory of Samothrace by Thanassis Lalas at Ikastikos Kiklos Sianti Gallery."},{"@type":"BreadcrumbList","@id":"https:\/\/ikastikos-kiklos.com\/en\/product\/%ce%bd%ce%af%ce%ba%ce%b7-%cf%84%ce%b7%cf%82-%cf%83%ce%b1%ce%bc%ce%bf%ce%b8%cf%81%ce%ac%ce%ba%ce%b7%cf%82\/#breadcrumb","itemListElement":[{"@type":"ListItem","position":1,"name":"Home","item":"https:\/\/ikastikos-kiklos.com\/en\/"},{"@type":"ListItem","position":2,"name":"\u0388\u03c1\u03b3\u03b1 \u03c4\u03ad\u03c7\u03bd\u03b7\u03c2","item":"https:\/\/ikastikos-kiklos.com\/%ce%ad%cf%81%ce%b3%ce%b1-%cf%84%ce%ad%cf%87%ce%bd%ce%b7%cf%82\/"},{"@type":"ListItem","position":3,"name":"The Winged Victory of Samothrace"}]},{"@type":"WebSite","@id":"https:\/\/ikastikos-kiklos.com\/en\/#website","url":"https:\/\/ikastikos-kiklos.com\/en\/","name":"Ikastikos Kiklos - Zografik\u00ed - Metaxotyp\u00edes - T\u00e9chniPainting - Silk Screen - Art","description":"","publisher":{"@id":"https:\/\/ikastikos-kiklos.com\/en\/#organization"},"potentialAction":[{"@type":"SearchAction","target":{"@type":"EntryPoint","urlTemplate":"https:\/\/ikastikos-kiklos.com\/en\/?s={search_term_string}"},"query-input":{"@type":"PropertyValueSpecification","valueRequired":true,"valueName":"search_term_string"}}],"inLanguage":"en-US"},{"@type":"Organization","@id":"https:\/\/ikastikos-kiklos.com\/en\/#organization","name":"Ikastikos Kiklos - Zografik\u00ed - Metaxotyp\u00edes - T\u00e9chniPainting - Silk Screen - Art","url":"https:\/\/ikastikos-kiklos.com\/en\/","logo":{"@type":"ImageObject","inLanguage":"en-US","@id":"https:\/\/ikastikos-kiklos.com\/en\/#\/schema\/logo\/image\/","url":"https:\/\/ikastikos-kiklos.com\/wp-content\/uploads\/2022\/10\/cropped-favicon_ikastikos.png","contentUrl":"https:\/\/ikastikos-kiklos.com\/wp-content\/uploads\/2022\/10\/cropped-favicon_ikastikos.png","width":512,"height":512,"caption":"Ikastikos Kiklos - Zografik\u00ed - Metaxotyp\u00edes - T\u00e9chniPainting - Silk Screen - Art"},"image":{"@id":"https:\/\/ikastikos-kiklos.com\/en\/#\/schema\/logo\/image\/"},"sameAs":["https:\/\/www.facebook.com\/ikastikoskiklossianti\/"]}]}},"_links":{"self":[{"href":"https:\/\/ikastikos-kiklos.com\/en\/wp-json\/wp\/v2\/product\/4822","targetHints":{"allow":["GET"]}}],"collection":[{"href":"https:\/\/ikastikos-kiklos.com\/en\/wp-json\/wp\/v2\/product"}],"about":[{"href":"https:\/\/ikastikos-kiklos.com\/en\/wp-json\/wp\/v2\/types\/product"}],"wp:featuredmedia":[{"embeddable":true,"href":"https:\/\/ikastikos-kiklos.com\/en\/wp-json\/wp\/v2\/media\/6692"}],"wp:attachment":[{"href":"https:\/\/ikastikos-kiklos.com\/en\/wp-json\/wp\/v2\/media?parent=4822"}],"wp:term":[{"taxonomy":"product_brand","embeddable":true,"href":"https:\/\/ikastikos-kiklos.com\/en\/wp-json\/wp\/v2\/product_brand?post=4822"},{"taxonomy":"product_cat","embeddable":true,"href":"https:\/\/ikastikos-kiklos.com\/en\/wp-json\/wp\/v2\/product_cat?post=4822"},{"taxonomy":"product_tag","embeddable":true,"href":"https:\/\/ikastikos-kiklos.com\/en\/wp-json\/wp\/v2\/product_tag?post=4822"}],"curies":[{"name":"wp","href":"https:\/\/api.w.org\/{rel}","templated":true}]}}