{"id":4818,"date":"2017-03-18T09:23:04","date_gmt":"2017-03-18T09:23:04","guid":{"rendered":"https:\/\/ikastikos-kiklos.com\/\u03c0\u03c1\u03bf\u03ca\u03cc\u03bd\/set-espresso-%ce%b1%cf%83%cf%80%cf%81%cf%8c%ce%bc%ce%b1%cf%85%cf%81%ce%bf\/"},"modified":"2019-11-14T18:01:17","modified_gmt":"2019-11-14T16:01:17","slug":"set-espresso-%ce%b1%cf%83%cf%80%cf%81%cf%8c%ce%bc%ce%b1%cf%85%cf%81%ce%bf","status":"publish","type":"product","link":"https:\/\/ikastikos-kiklos.com\/en\/product\/set-espresso-%ce%b1%cf%83%cf%80%cf%81%cf%8c%ce%bc%ce%b1%cf%85%cf%81%ce%bf\/","title":{"rendered":"Set Espresso Black &#038; White"},"content":{"rendered":"<p><iframe loading=\"lazy\" src=\"https:\/\/www.youtube.com\/embed\/h04vG9RuXWA\" allowfullscreen=\"allowfullscreen\" width=\"560\" height=\"315\" frameborder=\"0\"><\/iframe><\/p>\n","protected":false},"excerpt":{"rendered":"<p>Our espressos are packed in handmade, wooden boxes. Each box is then painted and signed by Mr. Lalas, transforming it into a unique piece of art.<\/p>\n","protected":false},"featured_media":4574,"template":"","meta":{"ngg_post_thumbnail":0},"product_brand":[],"product_cat":[402,1993,398,1987,2047],"product_tag":[2583,2493,2668,1130,2511,1140,2964,2491,2675],"class_list":{"0":"post-4818","1":"product","2":"type-product","3":"status-publish","4":"has-post-thumbnail","6":"product_cat-art-objects","7":"product_cat-art-objects-shop","8":"product_cat-collections","9":"product_cat-eshop-en","10":"product_cat-wedding-gifts","11":"product_tag-modern","12":"product_tag-office-gifts","13":"product_tag-painted","14":"product_tag-pop-art-en","15":"product_tag-porcelain","16":"product_tag-set-espresso-en","17":"product_tag-thanassis-lalas","18":"product_tag-wedding-gifts","19":"product_tag-wooden-box","21":"first","22":"instock","23":"taxable","24":"shipping-taxable","25":"purchasable","26":"product-type-simple"},"yoast_head":"<!-- This site is optimized with the Yoast SEO plugin v27.4 - https:\/\/yoast.com\/product\/yoast-seo-wordpress\/ -->\n<title>Set Espresso Black and White in a Wooden Box Painted by Thanasis Lala.<\/title>\n<meta name=\"description\" content=\"Set Espresso Black and White in a Wooden Box Painted by Thanasis Lala. The set is porcelain and each box is painted and signed by Lala, turning it into a unique work of art.\" \/>\n<meta name=\"robots\" content=\"index, follow, max-snippet:-1, max-image-preview:large, max-video-preview:-1\" \/>\n<link rel=\"canonical\" href=\"https:\/\/ikastikos-kiklos.com\/en\/product\/set-espresso-\u03b1\u03c3\u03c0\u03c1\u03cc\u03bc\u03b1\u03c5\u03c1\u03bf\/\" \/>\n<meta property=\"og:locale\" content=\"en_US\" \/>\n<meta property=\"og:type\" content=\"article\" \/>\n<meta property=\"og:title\" content=\"Set Espresso Black and White in a Wooden Box Painted by Thanasis Lala.\" \/>\n<meta property=\"og:description\" content=\"Set Espresso Black and White in a Wooden Box Painted by Thanasis Lala. The set is porcelain and each box is painted and signed by Lala, turning it into a unique work of art.\" \/>\n<meta property=\"og:url\" content=\"https:\/\/ikastikos-kiklos.com\/en\/product\/set-espresso-\u03b1\u03c3\u03c0\u03c1\u03cc\u03bc\u03b1\u03c5\u03c1\u03bf\/\" \/>\n<meta property=\"og:site_name\" content=\"Ikastikos Kiklos - Zografik\u00ed - Metaxotyp\u00edes - T\u00e9chniPainting - Silk Screen - Art\" \/>\n<meta property=\"article:publisher\" content=\"https:\/\/www.facebook.com\/ikastikoskiklossianti\/\" \/>\n<meta property=\"article:modified_time\" content=\"2019-11-14T16:01:17+00:00\" \/>\n<meta property=\"og:image\" content=\"https:\/\/ikastikos-kiklos.com\/wp-content\/uploads\/2017\/03\/e1.jpg\" \/>\n\t<meta property=\"og:image:width\" content=\"760\" \/>\n\t<meta property=\"og:image:height\" content=\"672\" \/>\n\t<meta property=\"og:image:type\" content=\"image\/jpeg\" \/>\n<meta name=\"twitter:card\" content=\"summary_large_image\" \/>\n<script type=\"application\/ld+json\" class=\"yoast-schema-graph\">{\"@context\":\"https:\\\/\\\/schema.org\",\"@graph\":[{\"@type\":\"WebPage\",\"@id\":\"https:\\\/\\\/ikastikos-kiklos.com\\\/en\\\/product\\\/set-espresso-%ce%b1%cf%83%cf%80%cf%81%cf%8c%ce%bc%ce%b1%cf%85%cf%81%ce%bf\\\/\",\"url\":\"https:\\\/\\\/ikastikos-kiklos.com\\\/en\\\/product\\\/set-espresso-%ce%b1%cf%83%cf%80%cf%81%cf%8c%ce%bc%ce%b1%cf%85%cf%81%ce%bf\\\/\",\"name\":\"Set Espresso Black and White in a Wooden Box Painted by Thanasis Lala.\",\"isPartOf\":{\"@id\":\"https:\\\/\\\/ikastikos-kiklos.com\\\/en\\\/#website\"},\"primaryImageOfPage\":{\"@id\":\"https:\\\/\\\/ikastikos-kiklos.com\\\/en\\\/product\\\/set-espresso-%ce%b1%cf%83%cf%80%cf%81%cf%8c%ce%bc%ce%b1%cf%85%cf%81%ce%bf\\\/#primaryimage\"},\"image\":{\"@id\":\"https:\\\/\\\/ikastikos-kiklos.com\\\/en\\\/product\\\/set-espresso-%ce%b1%cf%83%cf%80%cf%81%cf%8c%ce%bc%ce%b1%cf%85%cf%81%ce%bf\\\/#primaryimage\"},\"thumbnailUrl\":\"https:\\\/\\\/ikastikos-kiklos.com\\\/wp-content\\\/uploads\\\/2017\\\/03\\\/e1.jpg\",\"datePublished\":\"2017-03-18T09:23:04+00:00\",\"dateModified\":\"2019-11-14T16:01:17+00:00\",\"description\":\"Set Espresso Black and White in a Wooden Box Painted by Thanasis Lala. The set is porcelain and each box is painted and signed by Lala, turning it into a unique work of art.\",\"breadcrumb\":{\"@id\":\"https:\\\/\\\/ikastikos-kiklos.com\\\/en\\\/product\\\/set-espresso-%ce%b1%cf%83%cf%80%cf%81%cf%8c%ce%bc%ce%b1%cf%85%cf%81%ce%bf\\\/#breadcrumb\"},\"inLanguage\":\"en-US\",\"potentialAction\":[{\"@type\":\"ReadAction\",\"target\":[\"https:\\\/\\\/ikastikos-kiklos.com\\\/en\\\/product\\\/set-espresso-%ce%b1%cf%83%cf%80%cf%81%cf%8c%ce%bc%ce%b1%cf%85%cf%81%ce%bf\\\/\"]}]},{\"@type\":\"ImageObject\",\"inLanguage\":\"en-US\",\"@id\":\"https:\\\/\\\/ikastikos-kiklos.com\\\/en\\\/product\\\/set-espresso-%ce%b1%cf%83%cf%80%cf%81%cf%8c%ce%bc%ce%b1%cf%85%cf%81%ce%bf\\\/#primaryimage\",\"url\":\"https:\\\/\\\/ikastikos-kiklos.com\\\/wp-content\\\/uploads\\\/2017\\\/03\\\/e1.jpg\",\"contentUrl\":\"https:\\\/\\\/ikastikos-kiklos.com\\\/wp-content\\\/uploads\\\/2017\\\/03\\\/e1.jpg\",\"width\":760,\"height\":672,\"caption\":\"Set Espresso \u0391\u03c3\u03c0\u03c1\u03cc\u03bc\u03b1\u03c5\u03c1\u03bf\"},{\"@type\":\"BreadcrumbList\",\"@id\":\"https:\\\/\\\/ikastikos-kiklos.com\\\/en\\\/product\\\/set-espresso-%ce%b1%cf%83%cf%80%cf%81%cf%8c%ce%bc%ce%b1%cf%85%cf%81%ce%bf\\\/#breadcrumb\",\"itemListElement\":[{\"@type\":\"ListItem\",\"position\":1,\"name\":\"Home\",\"item\":\"https:\\\/\\\/ikastikos-kiklos.com\\\/en\\\/\"},{\"@type\":\"ListItem\",\"position\":2,\"name\":\"\u0388\u03c1\u03b3\u03b1 \u03c4\u03ad\u03c7\u03bd\u03b7\u03c2\",\"item\":\"https:\\\/\\\/ikastikos-kiklos.com\\\/%ce%ad%cf%81%ce%b3%ce%b1-%cf%84%ce%ad%cf%87%ce%bd%ce%b7%cf%82\\\/\"},{\"@type\":\"ListItem\",\"position\":3,\"name\":\"Set Espresso Black &#038; White\"}]},{\"@type\":\"WebSite\",\"@id\":\"https:\\\/\\\/ikastikos-kiklos.com\\\/en\\\/#website\",\"url\":\"https:\\\/\\\/ikastikos-kiklos.com\\\/en\\\/\",\"name\":\"Ikastikos Kiklos - Zografik\u00ed - Metaxotyp\u00edes - T\u00e9chniPainting - Silk Screen - Art\",\"description\":\"\",\"publisher\":{\"@id\":\"https:\\\/\\\/ikastikos-kiklos.com\\\/en\\\/#organization\"},\"potentialAction\":[{\"@type\":\"SearchAction\",\"target\":{\"@type\":\"EntryPoint\",\"urlTemplate\":\"https:\\\/\\\/ikastikos-kiklos.com\\\/en\\\/?s={search_term_string}\"},\"query-input\":{\"@type\":\"PropertyValueSpecification\",\"valueRequired\":true,\"valueName\":\"search_term_string\"}}],\"inLanguage\":\"en-US\"},{\"@type\":\"Organization\",\"@id\":\"https:\\\/\\\/ikastikos-kiklos.com\\\/en\\\/#organization\",\"name\":\"Ikastikos Kiklos - Zografik\u00ed - Metaxotyp\u00edes - T\u00e9chniPainting - Silk Screen - Art\",\"url\":\"https:\\\/\\\/ikastikos-kiklos.com\\\/en\\\/\",\"logo\":{\"@type\":\"ImageObject\",\"inLanguage\":\"en-US\",\"@id\":\"https:\\\/\\\/ikastikos-kiklos.com\\\/en\\\/#\\\/schema\\\/logo\\\/image\\\/\",\"url\":\"https:\\\/\\\/ikastikos-kiklos.com\\\/wp-content\\\/uploads\\\/2022\\\/10\\\/cropped-favicon_ikastikos.png\",\"contentUrl\":\"https:\\\/\\\/ikastikos-kiklos.com\\\/wp-content\\\/uploads\\\/2022\\\/10\\\/cropped-favicon_ikastikos.png\",\"width\":512,\"height\":512,\"caption\":\"Ikastikos Kiklos - Zografik\u00ed - Metaxotyp\u00edes - T\u00e9chniPainting - Silk Screen - Art\"},\"image\":{\"@id\":\"https:\\\/\\\/ikastikos-kiklos.com\\\/en\\\/#\\\/schema\\\/logo\\\/image\\\/\"},\"sameAs\":[\"https:\\\/\\\/www.facebook.com\\\/ikastikoskiklossianti\\\/\"]}]}<\/script>\n<!-- \/ Yoast SEO plugin. -->","yoast_head_json":{"title":"Set Espresso Black and White in a Wooden Box Painted by Thanasis Lala.","description":"Set Espresso Black and White in a Wooden Box Painted by Thanasis Lala. The set is porcelain and each box is painted and signed by Lala, turning it into a unique work of art.","robots":{"index":"index","follow":"follow","max-snippet":"max-snippet:-1","max-image-preview":"max-image-preview:large","max-video-preview":"max-video-preview:-1"},"canonical":"https:\/\/ikastikos-kiklos.com\/en\/product\/set-espresso-\u03b1\u03c3\u03c0\u03c1\u03cc\u03bc\u03b1\u03c5\u03c1\u03bf\/","og_locale":"en_US","og_type":"article","og_title":"Set Espresso Black and White in a Wooden Box Painted by Thanasis Lala.","og_description":"Set Espresso Black and White in a Wooden Box Painted by Thanasis Lala. The set is porcelain and each box is painted and signed by Lala, turning it into a unique work of art.","og_url":"https:\/\/ikastikos-kiklos.com\/en\/product\/set-espresso-\u03b1\u03c3\u03c0\u03c1\u03cc\u03bc\u03b1\u03c5\u03c1\u03bf\/","og_site_name":"Ikastikos Kiklos - Zografik\u00ed - Metaxotyp\u00edes - T\u00e9chniPainting - Silk Screen - Art","article_publisher":"https:\/\/www.facebook.com\/ikastikoskiklossianti\/","article_modified_time":"2019-11-14T16:01:17+00:00","og_image":[{"width":760,"height":672,"url":"https:\/\/ikastikos-kiklos.com\/wp-content\/uploads\/2017\/03\/e1.jpg","type":"image\/jpeg"}],"twitter_card":"summary_large_image","schema":{"@context":"https:\/\/schema.org","@graph":[{"@type":"WebPage","@id":"https:\/\/ikastikos-kiklos.com\/en\/product\/set-espresso-%ce%b1%cf%83%cf%80%cf%81%cf%8c%ce%bc%ce%b1%cf%85%cf%81%ce%bf\/","url":"https:\/\/ikastikos-kiklos.com\/en\/product\/set-espresso-%ce%b1%cf%83%cf%80%cf%81%cf%8c%ce%bc%ce%b1%cf%85%cf%81%ce%bf\/","name":"Set Espresso Black and White in a Wooden Box Painted by Thanasis Lala.","isPartOf":{"@id":"https:\/\/ikastikos-kiklos.com\/en\/#website"},"primaryImageOfPage":{"@id":"https:\/\/ikastikos-kiklos.com\/en\/product\/set-espresso-%ce%b1%cf%83%cf%80%cf%81%cf%8c%ce%bc%ce%b1%cf%85%cf%81%ce%bf\/#primaryimage"},"image":{"@id":"https:\/\/ikastikos-kiklos.com\/en\/product\/set-espresso-%ce%b1%cf%83%cf%80%cf%81%cf%8c%ce%bc%ce%b1%cf%85%cf%81%ce%bf\/#primaryimage"},"thumbnailUrl":"https:\/\/ikastikos-kiklos.com\/wp-content\/uploads\/2017\/03\/e1.jpg","datePublished":"2017-03-18T09:23:04+00:00","dateModified":"2019-11-14T16:01:17+00:00","description":"Set Espresso Black and White in a Wooden Box Painted by Thanasis Lala. The set is porcelain and each box is painted and signed by Lala, turning it into a unique work of art.","breadcrumb":{"@id":"https:\/\/ikastikos-kiklos.com\/en\/product\/set-espresso-%ce%b1%cf%83%cf%80%cf%81%cf%8c%ce%bc%ce%b1%cf%85%cf%81%ce%bf\/#breadcrumb"},"inLanguage":"en-US","potentialAction":[{"@type":"ReadAction","target":["https:\/\/ikastikos-kiklos.com\/en\/product\/set-espresso-%ce%b1%cf%83%cf%80%cf%81%cf%8c%ce%bc%ce%b1%cf%85%cf%81%ce%bf\/"]}]},{"@type":"ImageObject","inLanguage":"en-US","@id":"https:\/\/ikastikos-kiklos.com\/en\/product\/set-espresso-%ce%b1%cf%83%cf%80%cf%81%cf%8c%ce%bc%ce%b1%cf%85%cf%81%ce%bf\/#primaryimage","url":"https:\/\/ikastikos-kiklos.com\/wp-content\/uploads\/2017\/03\/e1.jpg","contentUrl":"https:\/\/ikastikos-kiklos.com\/wp-content\/uploads\/2017\/03\/e1.jpg","width":760,"height":672,"caption":"Set Espresso \u0391\u03c3\u03c0\u03c1\u03cc\u03bc\u03b1\u03c5\u03c1\u03bf"},{"@type":"BreadcrumbList","@id":"https:\/\/ikastikos-kiklos.com\/en\/product\/set-espresso-%ce%b1%cf%83%cf%80%cf%81%cf%8c%ce%bc%ce%b1%cf%85%cf%81%ce%bf\/#breadcrumb","itemListElement":[{"@type":"ListItem","position":1,"name":"Home","item":"https:\/\/ikastikos-kiklos.com\/en\/"},{"@type":"ListItem","position":2,"name":"\u0388\u03c1\u03b3\u03b1 \u03c4\u03ad\u03c7\u03bd\u03b7\u03c2","item":"https:\/\/ikastikos-kiklos.com\/%ce%ad%cf%81%ce%b3%ce%b1-%cf%84%ce%ad%cf%87%ce%bd%ce%b7%cf%82\/"},{"@type":"ListItem","position":3,"name":"Set Espresso Black &#038; White"}]},{"@type":"WebSite","@id":"https:\/\/ikastikos-kiklos.com\/en\/#website","url":"https:\/\/ikastikos-kiklos.com\/en\/","name":"Ikastikos Kiklos - Zografik\u00ed - Metaxotyp\u00edes - T\u00e9chniPainting - Silk Screen - Art","description":"","publisher":{"@id":"https:\/\/ikastikos-kiklos.com\/en\/#organization"},"potentialAction":[{"@type":"SearchAction","target":{"@type":"EntryPoint","urlTemplate":"https:\/\/ikastikos-kiklos.com\/en\/?s={search_term_string}"},"query-input":{"@type":"PropertyValueSpecification","valueRequired":true,"valueName":"search_term_string"}}],"inLanguage":"en-US"},{"@type":"Organization","@id":"https:\/\/ikastikos-kiklos.com\/en\/#organization","name":"Ikastikos Kiklos - Zografik\u00ed - Metaxotyp\u00edes - T\u00e9chniPainting - Silk Screen - Art","url":"https:\/\/ikastikos-kiklos.com\/en\/","logo":{"@type":"ImageObject","inLanguage":"en-US","@id":"https:\/\/ikastikos-kiklos.com\/en\/#\/schema\/logo\/image\/","url":"https:\/\/ikastikos-kiklos.com\/wp-content\/uploads\/2022\/10\/cropped-favicon_ikastikos.png","contentUrl":"https:\/\/ikastikos-kiklos.com\/wp-content\/uploads\/2022\/10\/cropped-favicon_ikastikos.png","width":512,"height":512,"caption":"Ikastikos Kiklos - Zografik\u00ed - Metaxotyp\u00edes - T\u00e9chniPainting - Silk Screen - Art"},"image":{"@id":"https:\/\/ikastikos-kiklos.com\/en\/#\/schema\/logo\/image\/"},"sameAs":["https:\/\/www.facebook.com\/ikastikoskiklossianti\/"]}]}},"_links":{"self":[{"href":"https:\/\/ikastikos-kiklos.com\/en\/wp-json\/wp\/v2\/product\/4818","targetHints":{"allow":["GET"]}}],"collection":[{"href":"https:\/\/ikastikos-kiklos.com\/en\/wp-json\/wp\/v2\/product"}],"about":[{"href":"https:\/\/ikastikos-kiklos.com\/en\/wp-json\/wp\/v2\/types\/product"}],"wp:featuredmedia":[{"embeddable":true,"href":"https:\/\/ikastikos-kiklos.com\/en\/wp-json\/wp\/v2\/media\/4574"}],"wp:attachment":[{"href":"https:\/\/ikastikos-kiklos.com\/en\/wp-json\/wp\/v2\/media?parent=4818"}],"wp:term":[{"taxonomy":"product_brand","embeddable":true,"href":"https:\/\/ikastikos-kiklos.com\/en\/wp-json\/wp\/v2\/product_brand?post=4818"},{"taxonomy":"product_cat","embeddable":true,"href":"https:\/\/ikastikos-kiklos.com\/en\/wp-json\/wp\/v2\/product_cat?post=4818"},{"taxonomy":"product_tag","embeddable":true,"href":"https:\/\/ikastikos-kiklos.com\/en\/wp-json\/wp\/v2\/product_tag?post=4818"}],"curies":[{"name":"wp","href":"https:\/\/api.w.org\/{rel}","templated":true}]}}