{"id":4759,"date":"2016-12-21T13:01:33","date_gmt":"2016-12-21T13:01:33","guid":{"rendered":"https:\/\/ikastikos-kiklos.com\/\u03c0\u03c1\u03bf\u03ca\u03cc\u03bd\/%ce%b4%ce%ad%cf%83%cf%84%cf%81%ce%b1\/"},"modified":"2019-06-26T12:01:18","modified_gmt":"2019-06-26T09:01:18","slug":"%ce%b4%ce%ad%cf%83%cf%84%cf%81%ce%b1","status":"publish","type":"product","link":"https:\/\/ikastikos-kiklos.com\/en\/product\/%ce%b4%ce%ad%cf%83%cf%84%cf%81%ce%b1\/","title":{"rendered":"Cleat"},"content":{"rendered":"<h2>Gavalas Stelios<\/h2>\n<p>Stelios Gavalas was born in Athens in 1966. In 1985 he enters the Athens School of Fine Arts for studies of sculpture with professors G. Nicolaidis and Th. Papagiannis. At the same time, he studies Plaster, Ceramics, Wood Sculpture and Metalworking. In 1990 he completed his studies with a sculpture diploma with excellence. Since 1998 he has worked at the Archeological Resources &amp; Exploitation Fund of the Ministry of Culture, since 2006 he is Artistic Chief. He has also worked with the Acropolis Monument Conservation Service (YSMEA), and collaborates with the Byzantine, the Archaeological and the Numismatic Museum, where he draws from original ancient works of art. As part of his participation, he was awarded the Biennale Florence 2001 Sculpture Award.<\/p>\n","protected":false},"excerpt":{"rendered":"<p>Hand singed by Stelios Gavalas.<\/p>\n","protected":false},"featured_media":21373,"template":"","meta":{"ngg_post_thumbnail":0},"product_brand":[],"product_cat":[398,1987,399,1988,2047],"product_tag":[2506,2507,3335,2508,2237],"class_list":{"0":"post-4759","1":"product","2":"type-product","3":"status-publish","4":"has-post-thumbnail","6":"product_cat-collections","7":"product_cat-eshop-en","8":"product_cat-microsculpture","9":"product_cat-microsculpture-shop","10":"product_cat-wedding-gifts","11":"product_tag-cleat","12":"product_tag-microsculpture","13":"product_tag-microsculpture-en","14":"product_tag-resin-colored","15":"product_tag---en","16":"product_shipping_class-0-2kg","18":"first","19":"instock","20":"taxable","21":"shipping-taxable","22":"purchasable","23":"product-type-simple"},"yoast_head":"<!-- This site is optimized with the Yoast SEO plugin v27.4 - https:\/\/yoast.com\/product\/yoast-seo-wordpress\/ -->\n<title>Cleat Small Sculpture by Stelios Gavalas in Two Dimensions at Ikastikos Kiklos Sianti Gallery<\/title>\n<meta name=\"description\" content=\"Cleat Small Sculpture by Stelios Gavalas in Two Dimensions at Ikastikos Kiklos Sianti Gallery. Dimensions 7x7x7 cm. Singed by Stelios Gavalas\" \/>\n<meta name=\"robots\" content=\"index, follow, max-snippet:-1, max-image-preview:large, max-video-preview:-1\" \/>\n<link rel=\"canonical\" href=\"https:\/\/ikastikos-kiklos.com\/en\/product\/\u03b4\u03ad\u03c3\u03c4\u03c1\u03b1\/\" \/>\n<meta property=\"og:locale\" content=\"en_US\" \/>\n<meta property=\"og:type\" content=\"article\" \/>\n<meta property=\"og:title\" content=\"Cleat Small Sculpture by Stelios Gavalas in Two Dimensions at Ikastikos Kiklos Sianti Gallery\" \/>\n<meta property=\"og:description\" content=\"Cleat Small Sculpture by Stelios Gavalas in Two Dimensions at Ikastikos Kiklos Sianti Gallery. Dimensions 7x7x7 cm. Singed by Stelios Gavalas\" \/>\n<meta property=\"og:url\" content=\"https:\/\/ikastikos-kiklos.com\/en\/product\/\u03b4\u03ad\u03c3\u03c4\u03c1\u03b1\/\" \/>\n<meta property=\"og:site_name\" content=\"Ikastikos Kiklos - Zografik\u00ed - Metaxotyp\u00edes - T\u00e9chniPainting - Silk Screen - Art\" \/>\n<meta property=\"article:publisher\" content=\"https:\/\/www.facebook.com\/ikastikoskiklossianti\/\" \/>\n<meta property=\"article:modified_time\" content=\"2019-06-26T09:01:18+00:00\" \/>\n<meta property=\"og:image\" content=\"https:\/\/ikastikos-kiklos.com\/wp-content\/uploads\/2016\/12\/\u03b4\u03ad\u03c3\u03c4\u03c1\u03b12-1-1.jpg\" \/>\n\t<meta property=\"og:image:width\" content=\"700\" \/>\n\t<meta property=\"og:image:height\" content=\"645\" \/>\n\t<meta property=\"og:image:type\" content=\"image\/jpeg\" \/>\n<meta name=\"twitter:card\" content=\"summary_large_image\" \/>\n<meta name=\"twitter:label1\" content=\"Est. reading time\" \/>\n\t<meta name=\"twitter:data1\" content=\"1 minute\" \/>\n<script type=\"application\/ld+json\" class=\"yoast-schema-graph\">{\"@context\":\"https:\\\/\\\/schema.org\",\"@graph\":[{\"@type\":\"WebPage\",\"@id\":\"https:\\\/\\\/ikastikos-kiklos.com\\\/en\\\/product\\\/%ce%b4%ce%ad%cf%83%cf%84%cf%81%ce%b1\\\/\",\"url\":\"https:\\\/\\\/ikastikos-kiklos.com\\\/en\\\/product\\\/%ce%b4%ce%ad%cf%83%cf%84%cf%81%ce%b1\\\/\",\"name\":\"Cleat Small Sculpture by Stelios Gavalas in Two Dimensions at Ikastikos Kiklos Sianti Gallery\",\"isPartOf\":{\"@id\":\"https:\\\/\\\/ikastikos-kiklos.com\\\/en\\\/#website\"},\"primaryImageOfPage\":{\"@id\":\"https:\\\/\\\/ikastikos-kiklos.com\\\/en\\\/product\\\/%ce%b4%ce%ad%cf%83%cf%84%cf%81%ce%b1\\\/#primaryimage\"},\"image\":{\"@id\":\"https:\\\/\\\/ikastikos-kiklos.com\\\/en\\\/product\\\/%ce%b4%ce%ad%cf%83%cf%84%cf%81%ce%b1\\\/#primaryimage\"},\"thumbnailUrl\":\"https:\\\/\\\/ikastikos-kiklos.com\\\/wp-content\\\/uploads\\\/2016\\\/12\\\/\u03b4\u03ad\u03c3\u03c4\u03c1\u03b12-1-1.jpg\",\"datePublished\":\"2016-12-21T13:01:33+00:00\",\"dateModified\":\"2019-06-26T09:01:18+00:00\",\"description\":\"Cleat Small Sculpture by Stelios Gavalas in Two Dimensions at Ikastikos Kiklos Sianti Gallery. Dimensions 7x7x7 cm. Singed by Stelios Gavalas\",\"breadcrumb\":{\"@id\":\"https:\\\/\\\/ikastikos-kiklos.com\\\/en\\\/product\\\/%ce%b4%ce%ad%cf%83%cf%84%cf%81%ce%b1\\\/#breadcrumb\"},\"inLanguage\":\"en-US\",\"potentialAction\":[{\"@type\":\"ReadAction\",\"target\":[\"https:\\\/\\\/ikastikos-kiklos.com\\\/en\\\/product\\\/%ce%b4%ce%ad%cf%83%cf%84%cf%81%ce%b1\\\/\"]}]},{\"@type\":\"ImageObject\",\"inLanguage\":\"en-US\",\"@id\":\"https:\\\/\\\/ikastikos-kiklos.com\\\/en\\\/product\\\/%ce%b4%ce%ad%cf%83%cf%84%cf%81%ce%b1\\\/#primaryimage\",\"url\":\"https:\\\/\\\/ikastikos-kiklos.com\\\/wp-content\\\/uploads\\\/2016\\\/12\\\/\u03b4\u03ad\u03c3\u03c4\u03c1\u03b12-1-1.jpg\",\"contentUrl\":\"https:\\\/\\\/ikastikos-kiklos.com\\\/wp-content\\\/uploads\\\/2016\\\/12\\\/\u03b4\u03ad\u03c3\u03c4\u03c1\u03b12-1-1.jpg\",\"width\":700,\"height\":645,\"caption\":\"Cleat Small Sculpture by Stelios Gavalas in Two Dimensions at Ikastikos Kiklos Sianti Gallery\"},{\"@type\":\"BreadcrumbList\",\"@id\":\"https:\\\/\\\/ikastikos-kiklos.com\\\/en\\\/product\\\/%ce%b4%ce%ad%cf%83%cf%84%cf%81%ce%b1\\\/#breadcrumb\",\"itemListElement\":[{\"@type\":\"ListItem\",\"position\":1,\"name\":\"Home\",\"item\":\"https:\\\/\\\/ikastikos-kiklos.com\\\/en\\\/\"},{\"@type\":\"ListItem\",\"position\":2,\"name\":\"\u0388\u03c1\u03b3\u03b1 \u03c4\u03ad\u03c7\u03bd\u03b7\u03c2\",\"item\":\"https:\\\/\\\/ikastikos-kiklos.com\\\/%ce%ad%cf%81%ce%b3%ce%b1-%cf%84%ce%ad%cf%87%ce%bd%ce%b7%cf%82\\\/\"},{\"@type\":\"ListItem\",\"position\":3,\"name\":\"Cleat\"}]},{\"@type\":\"WebSite\",\"@id\":\"https:\\\/\\\/ikastikos-kiklos.com\\\/en\\\/#website\",\"url\":\"https:\\\/\\\/ikastikos-kiklos.com\\\/en\\\/\",\"name\":\"Ikastikos Kiklos - Zografik\u00ed - Metaxotyp\u00edes - T\u00e9chniPainting - Silk Screen - Art\",\"description\":\"\",\"publisher\":{\"@id\":\"https:\\\/\\\/ikastikos-kiklos.com\\\/en\\\/#organization\"},\"potentialAction\":[{\"@type\":\"SearchAction\",\"target\":{\"@type\":\"EntryPoint\",\"urlTemplate\":\"https:\\\/\\\/ikastikos-kiklos.com\\\/en\\\/?s={search_term_string}\"},\"query-input\":{\"@type\":\"PropertyValueSpecification\",\"valueRequired\":true,\"valueName\":\"search_term_string\"}}],\"inLanguage\":\"en-US\"},{\"@type\":\"Organization\",\"@id\":\"https:\\\/\\\/ikastikos-kiklos.com\\\/en\\\/#organization\",\"name\":\"Ikastikos Kiklos - Zografik\u00ed - Metaxotyp\u00edes - T\u00e9chniPainting - Silk Screen - Art\",\"url\":\"https:\\\/\\\/ikastikos-kiklos.com\\\/en\\\/\",\"logo\":{\"@type\":\"ImageObject\",\"inLanguage\":\"en-US\",\"@id\":\"https:\\\/\\\/ikastikos-kiklos.com\\\/en\\\/#\\\/schema\\\/logo\\\/image\\\/\",\"url\":\"https:\\\/\\\/ikastikos-kiklos.com\\\/wp-content\\\/uploads\\\/2022\\\/10\\\/cropped-favicon_ikastikos.png\",\"contentUrl\":\"https:\\\/\\\/ikastikos-kiklos.com\\\/wp-content\\\/uploads\\\/2022\\\/10\\\/cropped-favicon_ikastikos.png\",\"width\":512,\"height\":512,\"caption\":\"Ikastikos Kiklos - Zografik\u00ed - Metaxotyp\u00edes - T\u00e9chniPainting - Silk Screen - Art\"},\"image\":{\"@id\":\"https:\\\/\\\/ikastikos-kiklos.com\\\/en\\\/#\\\/schema\\\/logo\\\/image\\\/\"},\"sameAs\":[\"https:\\\/\\\/www.facebook.com\\\/ikastikoskiklossianti\\\/\"]}]}<\/script>\n<!-- \/ Yoast SEO plugin. -->","yoast_head_json":{"title":"Cleat Small Sculpture by Stelios Gavalas in Two Dimensions at Ikastikos Kiklos Sianti Gallery","description":"Cleat Small Sculpture by Stelios Gavalas in Two Dimensions at Ikastikos Kiklos Sianti Gallery. Dimensions 7x7x7 cm. Singed by Stelios Gavalas","robots":{"index":"index","follow":"follow","max-snippet":"max-snippet:-1","max-image-preview":"max-image-preview:large","max-video-preview":"max-video-preview:-1"},"canonical":"https:\/\/ikastikos-kiklos.com\/en\/product\/\u03b4\u03ad\u03c3\u03c4\u03c1\u03b1\/","og_locale":"en_US","og_type":"article","og_title":"Cleat Small Sculpture by Stelios Gavalas in Two Dimensions at Ikastikos Kiklos Sianti Gallery","og_description":"Cleat Small Sculpture by Stelios Gavalas in Two Dimensions at Ikastikos Kiklos Sianti Gallery. Dimensions 7x7x7 cm. Singed by Stelios Gavalas","og_url":"https:\/\/ikastikos-kiklos.com\/en\/product\/\u03b4\u03ad\u03c3\u03c4\u03c1\u03b1\/","og_site_name":"Ikastikos Kiklos - Zografik\u00ed - Metaxotyp\u00edes - T\u00e9chniPainting - Silk Screen - Art","article_publisher":"https:\/\/www.facebook.com\/ikastikoskiklossianti\/","article_modified_time":"2019-06-26T09:01:18+00:00","og_image":[{"width":700,"height":645,"url":"https:\/\/ikastikos-kiklos.com\/wp-content\/uploads\/2016\/12\/\u03b4\u03ad\u03c3\u03c4\u03c1\u03b12-1-1.jpg","type":"image\/jpeg"}],"twitter_card":"summary_large_image","twitter_misc":{"Est. reading time":"1 minute"},"schema":{"@context":"https:\/\/schema.org","@graph":[{"@type":"WebPage","@id":"https:\/\/ikastikos-kiklos.com\/en\/product\/%ce%b4%ce%ad%cf%83%cf%84%cf%81%ce%b1\/","url":"https:\/\/ikastikos-kiklos.com\/en\/product\/%ce%b4%ce%ad%cf%83%cf%84%cf%81%ce%b1\/","name":"Cleat Small Sculpture by Stelios Gavalas in Two Dimensions at Ikastikos Kiklos Sianti Gallery","isPartOf":{"@id":"https:\/\/ikastikos-kiklos.com\/en\/#website"},"primaryImageOfPage":{"@id":"https:\/\/ikastikos-kiklos.com\/en\/product\/%ce%b4%ce%ad%cf%83%cf%84%cf%81%ce%b1\/#primaryimage"},"image":{"@id":"https:\/\/ikastikos-kiklos.com\/en\/product\/%ce%b4%ce%ad%cf%83%cf%84%cf%81%ce%b1\/#primaryimage"},"thumbnailUrl":"https:\/\/ikastikos-kiklos.com\/wp-content\/uploads\/2016\/12\/\u03b4\u03ad\u03c3\u03c4\u03c1\u03b12-1-1.jpg","datePublished":"2016-12-21T13:01:33+00:00","dateModified":"2019-06-26T09:01:18+00:00","description":"Cleat Small Sculpture by Stelios Gavalas in Two Dimensions at Ikastikos Kiklos Sianti Gallery. Dimensions 7x7x7 cm. Singed by Stelios Gavalas","breadcrumb":{"@id":"https:\/\/ikastikos-kiklos.com\/en\/product\/%ce%b4%ce%ad%cf%83%cf%84%cf%81%ce%b1\/#breadcrumb"},"inLanguage":"en-US","potentialAction":[{"@type":"ReadAction","target":["https:\/\/ikastikos-kiklos.com\/en\/product\/%ce%b4%ce%ad%cf%83%cf%84%cf%81%ce%b1\/"]}]},{"@type":"ImageObject","inLanguage":"en-US","@id":"https:\/\/ikastikos-kiklos.com\/en\/product\/%ce%b4%ce%ad%cf%83%cf%84%cf%81%ce%b1\/#primaryimage","url":"https:\/\/ikastikos-kiklos.com\/wp-content\/uploads\/2016\/12\/\u03b4\u03ad\u03c3\u03c4\u03c1\u03b12-1-1.jpg","contentUrl":"https:\/\/ikastikos-kiklos.com\/wp-content\/uploads\/2016\/12\/\u03b4\u03ad\u03c3\u03c4\u03c1\u03b12-1-1.jpg","width":700,"height":645,"caption":"Cleat Small Sculpture by Stelios Gavalas in Two Dimensions at Ikastikos Kiklos Sianti Gallery"},{"@type":"BreadcrumbList","@id":"https:\/\/ikastikos-kiklos.com\/en\/product\/%ce%b4%ce%ad%cf%83%cf%84%cf%81%ce%b1\/#breadcrumb","itemListElement":[{"@type":"ListItem","position":1,"name":"Home","item":"https:\/\/ikastikos-kiklos.com\/en\/"},{"@type":"ListItem","position":2,"name":"\u0388\u03c1\u03b3\u03b1 \u03c4\u03ad\u03c7\u03bd\u03b7\u03c2","item":"https:\/\/ikastikos-kiklos.com\/%ce%ad%cf%81%ce%b3%ce%b1-%cf%84%ce%ad%cf%87%ce%bd%ce%b7%cf%82\/"},{"@type":"ListItem","position":3,"name":"Cleat"}]},{"@type":"WebSite","@id":"https:\/\/ikastikos-kiklos.com\/en\/#website","url":"https:\/\/ikastikos-kiklos.com\/en\/","name":"Ikastikos Kiklos - Zografik\u00ed - Metaxotyp\u00edes - T\u00e9chniPainting - Silk Screen - Art","description":"","publisher":{"@id":"https:\/\/ikastikos-kiklos.com\/en\/#organization"},"potentialAction":[{"@type":"SearchAction","target":{"@type":"EntryPoint","urlTemplate":"https:\/\/ikastikos-kiklos.com\/en\/?s={search_term_string}"},"query-input":{"@type":"PropertyValueSpecification","valueRequired":true,"valueName":"search_term_string"}}],"inLanguage":"en-US"},{"@type":"Organization","@id":"https:\/\/ikastikos-kiklos.com\/en\/#organization","name":"Ikastikos Kiklos - Zografik\u00ed - Metaxotyp\u00edes - T\u00e9chniPainting - Silk Screen - Art","url":"https:\/\/ikastikos-kiklos.com\/en\/","logo":{"@type":"ImageObject","inLanguage":"en-US","@id":"https:\/\/ikastikos-kiklos.com\/en\/#\/schema\/logo\/image\/","url":"https:\/\/ikastikos-kiklos.com\/wp-content\/uploads\/2022\/10\/cropped-favicon_ikastikos.png","contentUrl":"https:\/\/ikastikos-kiklos.com\/wp-content\/uploads\/2022\/10\/cropped-favicon_ikastikos.png","width":512,"height":512,"caption":"Ikastikos Kiklos - Zografik\u00ed - Metaxotyp\u00edes - T\u00e9chniPainting - Silk Screen - Art"},"image":{"@id":"https:\/\/ikastikos-kiklos.com\/en\/#\/schema\/logo\/image\/"},"sameAs":["https:\/\/www.facebook.com\/ikastikoskiklossianti\/"]}]}},"_links":{"self":[{"href":"https:\/\/ikastikos-kiklos.com\/en\/wp-json\/wp\/v2\/product\/4759","targetHints":{"allow":["GET"]}}],"collection":[{"href":"https:\/\/ikastikos-kiklos.com\/en\/wp-json\/wp\/v2\/product"}],"about":[{"href":"https:\/\/ikastikos-kiklos.com\/en\/wp-json\/wp\/v2\/types\/product"}],"wp:featuredmedia":[{"embeddable":true,"href":"https:\/\/ikastikos-kiklos.com\/en\/wp-json\/wp\/v2\/media\/21373"}],"wp:attachment":[{"href":"https:\/\/ikastikos-kiklos.com\/en\/wp-json\/wp\/v2\/media?parent=4759"}],"wp:term":[{"taxonomy":"product_brand","embeddable":true,"href":"https:\/\/ikastikos-kiklos.com\/en\/wp-json\/wp\/v2\/product_brand?post=4759"},{"taxonomy":"product_cat","embeddable":true,"href":"https:\/\/ikastikos-kiklos.com\/en\/wp-json\/wp\/v2\/product_cat?post=4759"},{"taxonomy":"product_tag","embeddable":true,"href":"https:\/\/ikastikos-kiklos.com\/en\/wp-json\/wp\/v2\/product_tag?post=4759"}],"curies":[{"name":"wp","href":"https:\/\/api.w.org\/{rel}","templated":true}]}}