{"id":47562,"date":"2024-01-22T18:10:38","date_gmt":"2024-01-22T16:10:38","guid":{"rendered":"https:\/\/ikastikos-kiklos.com\/product\/the-cyclist\/"},"modified":"2024-03-27T14:09:07","modified_gmt":"2024-03-27T12:09:07","slug":"the-cyclist","status":"publish","type":"product","link":"https:\/\/ikastikos-kiklos.com\/en\/product\/the-cyclist\/","title":{"rendered":"The Cyclist"},"content":{"rendered":"","protected":false},"excerpt":{"rendered":"<p>Gicl\u00e9e numbered and signed by Giorgos Stathopoulos in 100 copies.<\/p>\n","protected":false},"featured_media":45912,"template":"","meta":{"ngg_post_thumbnail":0},"product_brand":[],"product_cat":[398,1987,396,1991],"product_tag":[2274],"class_list":{"0":"post-47562","1":"product","2":"type-product","3":"status-publish","4":"has-post-thumbnail","6":"product_cat-collections","7":"product_cat-eshop-en","8":"product_cat-silkscreens","9":"product_cat-silkscreens-shop","10":"product_tag---en","11":"product_shipping_class-2-5kg","13":"first","14":"instock","15":"taxable","16":"shipping-taxable","17":"purchasable","18":"product-type-simple"},"yoast_head":"<!-- This site is optimized with the Yoast SEO plugin v27.2 - https:\/\/yoast.com\/product\/yoast-seo-wordpress\/ -->\n<title>The Cyclist Silkscreen by Giorgos Stathopoulos<\/title>\n<meta name=\"description\" content=\"The Cyclist Silkscreen by Giorgos Stathopoulos at Ikastikos Kiklos Sianti in dimensions 45x67cm. Signed and numbered\" \/>\n<meta name=\"robots\" content=\"index, follow, max-snippet:-1, max-image-preview:large, max-video-preview:-1\" \/>\n<link rel=\"canonical\" href=\"https:\/\/ikastikos-kiklos.com\/en\/product\/the-cyclist\/\" \/>\n<meta property=\"og:locale\" content=\"en_US\" \/>\n<meta property=\"og:type\" content=\"article\" \/>\n<meta property=\"og:title\" content=\"The Cyclist Silkscreen by Giorgos Stathopoulos\" \/>\n<meta property=\"og:description\" content=\"The Cyclist Silkscreen by Giorgos Stathopoulos at Ikastikos Kiklos Sianti in dimensions 45x67cm. Signed and numbered\" \/>\n<meta property=\"og:url\" content=\"https:\/\/ikastikos-kiklos.com\/en\/product\/the-cyclist\/\" \/>\n<meta property=\"og:site_name\" content=\"Ikastikos Kiklos - Zografik\u00ed - Metaxotyp\u00edes - T\u00e9chniPainting - Silk Screen - Art\" \/>\n<meta property=\"article:publisher\" content=\"https:\/\/www.facebook.com\/ikastikoskiklossianti\/\" \/>\n<meta property=\"article:modified_time\" content=\"2024-03-27T12:09:07+00:00\" \/>\n<meta property=\"og:image\" content=\"https:\/\/ikastikos-kiklos.com\/wp-content\/uploads\/2023\/09\/\u03b7-\u03c0\u03bf\u03b4\u03b7\u03bb\u03ac\u03c4\u03b9\u03c3\u03c3\u03b1-\u03c3\u03c4\u03b1\u03b8\u03cc\u03c0\u03bf\u03c5\u03bb\u03bf\u03c2-\u03b3\u03b9\u03ce\u03c1\u03b3\u03bf\u03c2.jpg\" \/>\n\t<meta property=\"og:image:width\" content=\"1300\" \/>\n\t<meta property=\"og:image:height\" content=\"1775\" \/>\n\t<meta property=\"og:image:type\" content=\"image\/jpeg\" \/>\n<meta name=\"twitter:card\" content=\"summary_large_image\" \/>\n<meta name=\"twitter:label1\" content=\"Est. reading time\" \/>\n\t<meta name=\"twitter:data1\" content=\"1 minute\" \/>\n<script type=\"application\/ld+json\" class=\"yoast-schema-graph\">{\"@context\":\"https:\/\/schema.org\",\"@graph\":[{\"@type\":\"WebPage\",\"@id\":\"https:\/\/ikastikos-kiklos.com\/en\/product\/the-cyclist\/\",\"url\":\"https:\/\/ikastikos-kiklos.com\/en\/product\/the-cyclist\/\",\"name\":\"The Cyclist Silkscreen by Giorgos Stathopoulos\",\"isPartOf\":{\"@id\":\"https:\/\/ikastikos-kiklos.com\/en\/#website\"},\"primaryImageOfPage\":{\"@id\":\"https:\/\/ikastikos-kiklos.com\/en\/product\/the-cyclist\/#primaryimage\"},\"image\":{\"@id\":\"https:\/\/ikastikos-kiklos.com\/en\/product\/the-cyclist\/#primaryimage\"},\"thumbnailUrl\":\"https:\/\/ikastikos-kiklos.com\/wp-content\/uploads\/2023\/09\/\u03b7-\u03c0\u03bf\u03b4\u03b7\u03bb\u03ac\u03c4\u03b9\u03c3\u03c3\u03b1-\u03c3\u03c4\u03b1\u03b8\u03cc\u03c0\u03bf\u03c5\u03bb\u03bf\u03c2-\u03b3\u03b9\u03ce\u03c1\u03b3\u03bf\u03c2.jpg\",\"datePublished\":\"2024-01-22T16:10:38+00:00\",\"dateModified\":\"2024-03-27T12:09:07+00:00\",\"description\":\"The Cyclist Silkscreen by Giorgos Stathopoulos at Ikastikos Kiklos Sianti in dimensions 45x67cm. Signed and numbered\",\"breadcrumb\":{\"@id\":\"https:\/\/ikastikos-kiklos.com\/en\/product\/the-cyclist\/#breadcrumb\"},\"inLanguage\":\"en-US\",\"potentialAction\":[{\"@type\":\"ReadAction\",\"target\":[\"https:\/\/ikastikos-kiklos.com\/en\/product\/the-cyclist\/\"]}]},{\"@type\":\"ImageObject\",\"inLanguage\":\"en-US\",\"@id\":\"https:\/\/ikastikos-kiklos.com\/en\/product\/the-cyclist\/#primaryimage\",\"url\":\"https:\/\/ikastikos-kiklos.com\/wp-content\/uploads\/2023\/09\/\u03b7-\u03c0\u03bf\u03b4\u03b7\u03bb\u03ac\u03c4\u03b9\u03c3\u03c3\u03b1-\u03c3\u03c4\u03b1\u03b8\u03cc\u03c0\u03bf\u03c5\u03bb\u03bf\u03c2-\u03b3\u03b9\u03ce\u03c1\u03b3\u03bf\u03c2.jpg\",\"contentUrl\":\"https:\/\/ikastikos-kiklos.com\/wp-content\/uploads\/2023\/09\/\u03b7-\u03c0\u03bf\u03b4\u03b7\u03bb\u03ac\u03c4\u03b9\u03c3\u03c3\u03b1-\u03c3\u03c4\u03b1\u03b8\u03cc\u03c0\u03bf\u03c5\u03bb\u03bf\u03c2-\u03b3\u03b9\u03ce\u03c1\u03b3\u03bf\u03c2.jpg\",\"width\":1300,\"height\":1775,\"caption\":\"\u03b7-\u03c0\u03bf\u03b4\u03b7\u03bb\u03ac\u03c4\u03b9\u03c3\u03c3\u03b1-\u03c3\u03c4\u03b1\u03b8\u03cc\u03c0\u03bf\u03c5\u03bb\u03bf\u03c2-\u03b3\u03b9\u03ce\u03c1\u03b3\u03bf\u03c2\"},{\"@type\":\"BreadcrumbList\",\"@id\":\"https:\/\/ikastikos-kiklos.com\/en\/product\/the-cyclist\/#breadcrumb\",\"itemListElement\":[{\"@type\":\"ListItem\",\"position\":1,\"name\":\"Home\",\"item\":\"https:\/\/ikastikos-kiklos.com\/en\/\"},{\"@type\":\"ListItem\",\"position\":2,\"name\":\"\u0388\u03c1\u03b3\u03b1 \u03c4\u03ad\u03c7\u03bd\u03b7\u03c2\",\"item\":\"https:\/\/ikastikos-kiklos.com\/%ce%ad%cf%81%ce%b3%ce%b1-%cf%84%ce%ad%cf%87%ce%bd%ce%b7%cf%82\/\"},{\"@type\":\"ListItem\",\"position\":3,\"name\":\"The Cyclist\"}]},{\"@type\":\"WebSite\",\"@id\":\"https:\/\/ikastikos-kiklos.com\/en\/#website\",\"url\":\"https:\/\/ikastikos-kiklos.com\/en\/\",\"name\":\"Ikastikos Kiklos - Zografik\u00ed - Metaxotyp\u00edes - T\u00e9chniPainting - Silk Screen - Art\",\"description\":\"\",\"publisher\":{\"@id\":\"https:\/\/ikastikos-kiklos.com\/en\/#organization\"},\"potentialAction\":[{\"@type\":\"SearchAction\",\"target\":{\"@type\":\"EntryPoint\",\"urlTemplate\":\"https:\/\/ikastikos-kiklos.com\/en\/?s={search_term_string}\"},\"query-input\":{\"@type\":\"PropertyValueSpecification\",\"valueRequired\":true,\"valueName\":\"search_term_string\"}}],\"inLanguage\":\"en-US\"},{\"@type\":\"Organization\",\"@id\":\"https:\/\/ikastikos-kiklos.com\/en\/#organization\",\"name\":\"Ikastikos Kiklos - Zografik\u00ed - Metaxotyp\u00edes - T\u00e9chniPainting - Silk Screen - Art\",\"url\":\"https:\/\/ikastikos-kiklos.com\/en\/\",\"logo\":{\"@type\":\"ImageObject\",\"inLanguage\":\"en-US\",\"@id\":\"https:\/\/ikastikos-kiklos.com\/en\/#\/schema\/logo\/image\/\",\"url\":\"https:\/\/ikastikos-kiklos.com\/wp-content\/uploads\/2022\/10\/cropped-favicon_ikastikos.png\",\"contentUrl\":\"https:\/\/ikastikos-kiklos.com\/wp-content\/uploads\/2022\/10\/cropped-favicon_ikastikos.png\",\"width\":512,\"height\":512,\"caption\":\"Ikastikos Kiklos - Zografik\u00ed - Metaxotyp\u00edes - T\u00e9chniPainting - Silk Screen - Art\"},\"image\":{\"@id\":\"https:\/\/ikastikos-kiklos.com\/en\/#\/schema\/logo\/image\/\"},\"sameAs\":[\"https:\/\/www.facebook.com\/ikastikoskiklossianti\/\"]}]}<\/script>\n<!-- \/ Yoast SEO plugin. -->","yoast_head_json":{"title":"The Cyclist Silkscreen by Giorgos Stathopoulos","description":"The Cyclist Silkscreen by Giorgos Stathopoulos at Ikastikos Kiklos Sianti in dimensions 45x67cm. Signed and numbered","robots":{"index":"index","follow":"follow","max-snippet":"max-snippet:-1","max-image-preview":"max-image-preview:large","max-video-preview":"max-video-preview:-1"},"canonical":"https:\/\/ikastikos-kiklos.com\/en\/product\/the-cyclist\/","og_locale":"en_US","og_type":"article","og_title":"The Cyclist Silkscreen by Giorgos Stathopoulos","og_description":"The Cyclist Silkscreen by Giorgos Stathopoulos at Ikastikos Kiklos Sianti in dimensions 45x67cm. Signed and numbered","og_url":"https:\/\/ikastikos-kiklos.com\/en\/product\/the-cyclist\/","og_site_name":"Ikastikos Kiklos - Zografik\u00ed - Metaxotyp\u00edes - T\u00e9chniPainting - Silk Screen - Art","article_publisher":"https:\/\/www.facebook.com\/ikastikoskiklossianti\/","article_modified_time":"2024-03-27T12:09:07+00:00","og_image":[{"width":1300,"height":1775,"url":"https:\/\/ikastikos-kiklos.com\/wp-content\/uploads\/2023\/09\/\u03b7-\u03c0\u03bf\u03b4\u03b7\u03bb\u03ac\u03c4\u03b9\u03c3\u03c3\u03b1-\u03c3\u03c4\u03b1\u03b8\u03cc\u03c0\u03bf\u03c5\u03bb\u03bf\u03c2-\u03b3\u03b9\u03ce\u03c1\u03b3\u03bf\u03c2.jpg","type":"image\/jpeg"}],"twitter_card":"summary_large_image","twitter_misc":{"Est. reading time":"1 minute"},"schema":{"@context":"https:\/\/schema.org","@graph":[{"@type":"WebPage","@id":"https:\/\/ikastikos-kiklos.com\/en\/product\/the-cyclist\/","url":"https:\/\/ikastikos-kiklos.com\/en\/product\/the-cyclist\/","name":"The Cyclist Silkscreen by Giorgos Stathopoulos","isPartOf":{"@id":"https:\/\/ikastikos-kiklos.com\/en\/#website"},"primaryImageOfPage":{"@id":"https:\/\/ikastikos-kiklos.com\/en\/product\/the-cyclist\/#primaryimage"},"image":{"@id":"https:\/\/ikastikos-kiklos.com\/en\/product\/the-cyclist\/#primaryimage"},"thumbnailUrl":"https:\/\/ikastikos-kiklos.com\/wp-content\/uploads\/2023\/09\/\u03b7-\u03c0\u03bf\u03b4\u03b7\u03bb\u03ac\u03c4\u03b9\u03c3\u03c3\u03b1-\u03c3\u03c4\u03b1\u03b8\u03cc\u03c0\u03bf\u03c5\u03bb\u03bf\u03c2-\u03b3\u03b9\u03ce\u03c1\u03b3\u03bf\u03c2.jpg","datePublished":"2024-01-22T16:10:38+00:00","dateModified":"2024-03-27T12:09:07+00:00","description":"The Cyclist Silkscreen by Giorgos Stathopoulos at Ikastikos Kiklos Sianti in dimensions 45x67cm. Signed and numbered","breadcrumb":{"@id":"https:\/\/ikastikos-kiklos.com\/en\/product\/the-cyclist\/#breadcrumb"},"inLanguage":"en-US","potentialAction":[{"@type":"ReadAction","target":["https:\/\/ikastikos-kiklos.com\/en\/product\/the-cyclist\/"]}]},{"@type":"ImageObject","inLanguage":"en-US","@id":"https:\/\/ikastikos-kiklos.com\/en\/product\/the-cyclist\/#primaryimage","url":"https:\/\/ikastikos-kiklos.com\/wp-content\/uploads\/2023\/09\/\u03b7-\u03c0\u03bf\u03b4\u03b7\u03bb\u03ac\u03c4\u03b9\u03c3\u03c3\u03b1-\u03c3\u03c4\u03b1\u03b8\u03cc\u03c0\u03bf\u03c5\u03bb\u03bf\u03c2-\u03b3\u03b9\u03ce\u03c1\u03b3\u03bf\u03c2.jpg","contentUrl":"https:\/\/ikastikos-kiklos.com\/wp-content\/uploads\/2023\/09\/\u03b7-\u03c0\u03bf\u03b4\u03b7\u03bb\u03ac\u03c4\u03b9\u03c3\u03c3\u03b1-\u03c3\u03c4\u03b1\u03b8\u03cc\u03c0\u03bf\u03c5\u03bb\u03bf\u03c2-\u03b3\u03b9\u03ce\u03c1\u03b3\u03bf\u03c2.jpg","width":1300,"height":1775,"caption":"\u03b7-\u03c0\u03bf\u03b4\u03b7\u03bb\u03ac\u03c4\u03b9\u03c3\u03c3\u03b1-\u03c3\u03c4\u03b1\u03b8\u03cc\u03c0\u03bf\u03c5\u03bb\u03bf\u03c2-\u03b3\u03b9\u03ce\u03c1\u03b3\u03bf\u03c2"},{"@type":"BreadcrumbList","@id":"https:\/\/ikastikos-kiklos.com\/en\/product\/the-cyclist\/#breadcrumb","itemListElement":[{"@type":"ListItem","position":1,"name":"Home","item":"https:\/\/ikastikos-kiklos.com\/en\/"},{"@type":"ListItem","position":2,"name":"\u0388\u03c1\u03b3\u03b1 \u03c4\u03ad\u03c7\u03bd\u03b7\u03c2","item":"https:\/\/ikastikos-kiklos.com\/%ce%ad%cf%81%ce%b3%ce%b1-%cf%84%ce%ad%cf%87%ce%bd%ce%b7%cf%82\/"},{"@type":"ListItem","position":3,"name":"The Cyclist"}]},{"@type":"WebSite","@id":"https:\/\/ikastikos-kiklos.com\/en\/#website","url":"https:\/\/ikastikos-kiklos.com\/en\/","name":"Ikastikos Kiklos - Zografik\u00ed - Metaxotyp\u00edes - T\u00e9chniPainting - Silk Screen - Art","description":"","publisher":{"@id":"https:\/\/ikastikos-kiklos.com\/en\/#organization"},"potentialAction":[{"@type":"SearchAction","target":{"@type":"EntryPoint","urlTemplate":"https:\/\/ikastikos-kiklos.com\/en\/?s={search_term_string}"},"query-input":{"@type":"PropertyValueSpecification","valueRequired":true,"valueName":"search_term_string"}}],"inLanguage":"en-US"},{"@type":"Organization","@id":"https:\/\/ikastikos-kiklos.com\/en\/#organization","name":"Ikastikos Kiklos - Zografik\u00ed - Metaxotyp\u00edes - T\u00e9chniPainting - Silk Screen - Art","url":"https:\/\/ikastikos-kiklos.com\/en\/","logo":{"@type":"ImageObject","inLanguage":"en-US","@id":"https:\/\/ikastikos-kiklos.com\/en\/#\/schema\/logo\/image\/","url":"https:\/\/ikastikos-kiklos.com\/wp-content\/uploads\/2022\/10\/cropped-favicon_ikastikos.png","contentUrl":"https:\/\/ikastikos-kiklos.com\/wp-content\/uploads\/2022\/10\/cropped-favicon_ikastikos.png","width":512,"height":512,"caption":"Ikastikos Kiklos - Zografik\u00ed - Metaxotyp\u00edes - T\u00e9chniPainting - Silk Screen - Art"},"image":{"@id":"https:\/\/ikastikos-kiklos.com\/en\/#\/schema\/logo\/image\/"},"sameAs":["https:\/\/www.facebook.com\/ikastikoskiklossianti\/"]}]}},"_links":{"self":[{"href":"https:\/\/ikastikos-kiklos.com\/en\/wp-json\/wp\/v2\/product\/47562","targetHints":{"allow":["GET"]}}],"collection":[{"href":"https:\/\/ikastikos-kiklos.com\/en\/wp-json\/wp\/v2\/product"}],"about":[{"href":"https:\/\/ikastikos-kiklos.com\/en\/wp-json\/wp\/v2\/types\/product"}],"wp:featuredmedia":[{"embeddable":true,"href":"https:\/\/ikastikos-kiklos.com\/en\/wp-json\/wp\/v2\/media\/45912"}],"wp:attachment":[{"href":"https:\/\/ikastikos-kiklos.com\/en\/wp-json\/wp\/v2\/media?parent=47562"}],"wp:term":[{"taxonomy":"product_brand","embeddable":true,"href":"https:\/\/ikastikos-kiklos.com\/en\/wp-json\/wp\/v2\/product_brand?post=47562"},{"taxonomy":"product_cat","embeddable":true,"href":"https:\/\/ikastikos-kiklos.com\/en\/wp-json\/wp\/v2\/product_cat?post=47562"},{"taxonomy":"product_tag","embeddable":true,"href":"https:\/\/ikastikos-kiklos.com\/en\/wp-json\/wp\/v2\/product_tag?post=47562"}],"curies":[{"name":"wp","href":"https:\/\/api.w.org\/{rel}","templated":true}]}}