{"id":47523,"date":"2024-01-22T00:07:59","date_gmt":"2024-01-21T22:07:59","guid":{"rendered":"https:\/\/ikastikos-kiklos.com\/product\/decomposion-i\/"},"modified":"2024-01-22T00:09:53","modified_gmt":"2024-01-21T22:09:53","slug":"decomposion-i","status":"publish","type":"product","link":"https:\/\/ikastikos-kiklos.com\/en\/product\/decomposion-i\/","title":{"rendered":"(De)composion I"},"content":{"rendered":"","protected":false},"excerpt":{"rendered":"<p>First presented in Group Exhibition \u00abCycle-pursued\u2026\u00bb at Ikastikos Kiklos Sianti Gallery. Artwork of 2021<\/p>\n","protected":false},"featured_media":33586,"template":"","meta":{"ngg_post_thumbnail":0},"product_brand":[],"product_cat":[398,1987,1989,1008],"product_tag":[3158,1044,2456],"class_list":{"0":"post-47523","1":"product","2":"type-product","3":"status-publish","4":"has-post-thumbnail","6":"product_cat-collections","7":"product_cat-eshop-en","8":"product_cat-painting-shop","9":"product_cat-small-painting","10":"product_tag-cycle-persued","11":"product_tag-painting","12":"product_tag-papaioannou-christina","13":"product_shipping_class-5-10kg-en-2","15":"first","16":"instock","17":"taxable","18":"shipping-taxable","19":"purchasable","20":"product-type-simple"},"yoast_head":"<!-- This site is optimized with the Yoast SEO plugin v27.2 - https:\/\/yoast.com\/product\/yoast-seo-wordpress\/ -->\n<title>(De)composion I Painting by Christina Papaioannou<\/title>\n<meta name=\"description\" content=\"(De)composion I Painting by Christina Papaioannou at Ikastikos Kiklos Sianti Gallery in dimensions 40cm and acrylics on canvas\" \/>\n<meta name=\"robots\" content=\"index, follow, max-snippet:-1, max-image-preview:large, max-video-preview:-1\" \/>\n<link rel=\"canonical\" href=\"https:\/\/ikastikos-kiklos.com\/en\/product\/decomposion-i\/\" \/>\n<meta property=\"og:locale\" content=\"en_US\" \/>\n<meta property=\"og:type\" content=\"article\" \/>\n<meta property=\"og:title\" content=\"(De)composion I Painting by Christina Papaioannou\" \/>\n<meta property=\"og:description\" content=\"(De)composion I Painting by Christina Papaioannou at Ikastikos Kiklos Sianti Gallery in dimensions 40cm and acrylics on canvas\" \/>\n<meta property=\"og:url\" content=\"https:\/\/ikastikos-kiklos.com\/en\/product\/decomposion-i\/\" \/>\n<meta property=\"og:site_name\" content=\"Ikastikos Kiklos - Zografik\u00ed - Metaxotyp\u00edes - T\u00e9chniPainting - Silk Screen - Art\" \/>\n<meta property=\"article:publisher\" content=\"https:\/\/www.facebook.com\/ikastikoskiklossianti\/\" \/>\n<meta property=\"article:modified_time\" content=\"2024-01-21T22:09:53+00:00\" \/>\n<meta property=\"og:image\" content=\"https:\/\/ikastikos-kiklos.com\/wp-content\/uploads\/2021\/05\/decomposion-\u03c0\u03b1\u03c0\u03b1\u03ca\u03c9\u03ac\u03bd\u03bd\u03bf\u03c5-\u03c7\u03c1\u03b9\u03c3\u03c4\u03af\u03bd\u03b1-\u03b6\u03c9\u03b3\u03c1\u03b1\u03c6\u03b9\u03ba\u03cc-\u03ad\u03c1\u03b3\u03bf.jpg\" \/>\n\t<meta property=\"og:image:width\" content=\"1100\" \/>\n\t<meta property=\"og:image:height\" content=\"1100\" \/>\n\t<meta property=\"og:image:type\" content=\"image\/jpeg\" \/>\n<meta name=\"twitter:card\" content=\"summary_large_image\" \/>\n<meta name=\"twitter:label1\" content=\"Est. reading time\" \/>\n\t<meta name=\"twitter:data1\" content=\"1 minute\" \/>\n<script type=\"application\/ld+json\" class=\"yoast-schema-graph\">{\"@context\":\"https:\/\/schema.org\",\"@graph\":[{\"@type\":\"WebPage\",\"@id\":\"https:\/\/ikastikos-kiklos.com\/en\/product\/decomposion-i\/\",\"url\":\"https:\/\/ikastikos-kiklos.com\/en\/product\/decomposion-i\/\",\"name\":\"(De)composion I Painting by Christina Papaioannou\",\"isPartOf\":{\"@id\":\"https:\/\/ikastikos-kiklos.com\/en\/#website\"},\"primaryImageOfPage\":{\"@id\":\"https:\/\/ikastikos-kiklos.com\/en\/product\/decomposion-i\/#primaryimage\"},\"image\":{\"@id\":\"https:\/\/ikastikos-kiklos.com\/en\/product\/decomposion-i\/#primaryimage\"},\"thumbnailUrl\":\"https:\/\/ikastikos-kiklos.com\/wp-content\/uploads\/2021\/05\/decomposion-\u03c0\u03b1\u03c0\u03b1\u03ca\u03c9\u03ac\u03bd\u03bd\u03bf\u03c5-\u03c7\u03c1\u03b9\u03c3\u03c4\u03af\u03bd\u03b1-\u03b6\u03c9\u03b3\u03c1\u03b1\u03c6\u03b9\u03ba\u03cc-\u03ad\u03c1\u03b3\u03bf.jpg\",\"datePublished\":\"2024-01-21T22:07:59+00:00\",\"dateModified\":\"2024-01-21T22:09:53+00:00\",\"description\":\"(De)composion I Painting by Christina Papaioannou at Ikastikos Kiklos Sianti Gallery in dimensions 40cm and acrylics on canvas\",\"breadcrumb\":{\"@id\":\"https:\/\/ikastikos-kiklos.com\/en\/product\/decomposion-i\/#breadcrumb\"},\"inLanguage\":\"en-US\",\"potentialAction\":[{\"@type\":\"ReadAction\",\"target\":[\"https:\/\/ikastikos-kiklos.com\/en\/product\/decomposion-i\/\"]}]},{\"@type\":\"ImageObject\",\"inLanguage\":\"en-US\",\"@id\":\"https:\/\/ikastikos-kiklos.com\/en\/product\/decomposion-i\/#primaryimage\",\"url\":\"https:\/\/ikastikos-kiklos.com\/wp-content\/uploads\/2021\/05\/decomposion-\u03c0\u03b1\u03c0\u03b1\u03ca\u03c9\u03ac\u03bd\u03bd\u03bf\u03c5-\u03c7\u03c1\u03b9\u03c3\u03c4\u03af\u03bd\u03b1-\u03b6\u03c9\u03b3\u03c1\u03b1\u03c6\u03b9\u03ba\u03cc-\u03ad\u03c1\u03b3\u03bf.jpg\",\"contentUrl\":\"https:\/\/ikastikos-kiklos.com\/wp-content\/uploads\/2021\/05\/decomposion-\u03c0\u03b1\u03c0\u03b1\u03ca\u03c9\u03ac\u03bd\u03bd\u03bf\u03c5-\u03c7\u03c1\u03b9\u03c3\u03c4\u03af\u03bd\u03b1-\u03b6\u03c9\u03b3\u03c1\u03b1\u03c6\u03b9\u03ba\u03cc-\u03ad\u03c1\u03b3\u03bf.jpg\",\"width\":1100,\"height\":1100,\"caption\":\"decomposion-\u03c0\u03b1\u03c0\u03b1\u03ca\u03c9\u03ac\u03bd\u03bd\u03bf\u03c5-\u03c7\u03c1\u03b9\u03c3\u03c4\u03af\u03bd\u03b1-\u03b6\u03c9\u03b3\u03c1\u03b1\u03c6\u03b9\u03ba\u03cc-\u03ad\u03c1\u03b3\u03bf\"},{\"@type\":\"BreadcrumbList\",\"@id\":\"https:\/\/ikastikos-kiklos.com\/en\/product\/decomposion-i\/#breadcrumb\",\"itemListElement\":[{\"@type\":\"ListItem\",\"position\":1,\"name\":\"Home\",\"item\":\"https:\/\/ikastikos-kiklos.com\/en\/\"},{\"@type\":\"ListItem\",\"position\":2,\"name\":\"\u0388\u03c1\u03b3\u03b1 \u03c4\u03ad\u03c7\u03bd\u03b7\u03c2\",\"item\":\"https:\/\/ikastikos-kiklos.com\/%ce%ad%cf%81%ce%b3%ce%b1-%cf%84%ce%ad%cf%87%ce%bd%ce%b7%cf%82\/\"},{\"@type\":\"ListItem\",\"position\":3,\"name\":\"(De)composion I\"}]},{\"@type\":\"WebSite\",\"@id\":\"https:\/\/ikastikos-kiklos.com\/en\/#website\",\"url\":\"https:\/\/ikastikos-kiklos.com\/en\/\",\"name\":\"Ikastikos Kiklos - Zografik\u00ed - Metaxotyp\u00edes - T\u00e9chniPainting - Silk Screen - Art\",\"description\":\"\",\"publisher\":{\"@id\":\"https:\/\/ikastikos-kiklos.com\/en\/#organization\"},\"potentialAction\":[{\"@type\":\"SearchAction\",\"target\":{\"@type\":\"EntryPoint\",\"urlTemplate\":\"https:\/\/ikastikos-kiklos.com\/en\/?s={search_term_string}\"},\"query-input\":{\"@type\":\"PropertyValueSpecification\",\"valueRequired\":true,\"valueName\":\"search_term_string\"}}],\"inLanguage\":\"en-US\"},{\"@type\":\"Organization\",\"@id\":\"https:\/\/ikastikos-kiklos.com\/en\/#organization\",\"name\":\"Ikastikos Kiklos - Zografik\u00ed - Metaxotyp\u00edes - T\u00e9chniPainting - Silk Screen - Art\",\"url\":\"https:\/\/ikastikos-kiklos.com\/en\/\",\"logo\":{\"@type\":\"ImageObject\",\"inLanguage\":\"en-US\",\"@id\":\"https:\/\/ikastikos-kiklos.com\/en\/#\/schema\/logo\/image\/\",\"url\":\"https:\/\/ikastikos-kiklos.com\/wp-content\/uploads\/2022\/10\/cropped-favicon_ikastikos.png\",\"contentUrl\":\"https:\/\/ikastikos-kiklos.com\/wp-content\/uploads\/2022\/10\/cropped-favicon_ikastikos.png\",\"width\":512,\"height\":512,\"caption\":\"Ikastikos Kiklos - Zografik\u00ed - Metaxotyp\u00edes - T\u00e9chniPainting - Silk Screen - Art\"},\"image\":{\"@id\":\"https:\/\/ikastikos-kiklos.com\/en\/#\/schema\/logo\/image\/\"},\"sameAs\":[\"https:\/\/www.facebook.com\/ikastikoskiklossianti\/\"]}]}<\/script>\n<!-- \/ Yoast SEO plugin. -->","yoast_head_json":{"title":"(De)composion I Painting by Christina Papaioannou","description":"(De)composion I Painting by Christina Papaioannou at Ikastikos Kiklos Sianti Gallery in dimensions 40cm and acrylics on canvas","robots":{"index":"index","follow":"follow","max-snippet":"max-snippet:-1","max-image-preview":"max-image-preview:large","max-video-preview":"max-video-preview:-1"},"canonical":"https:\/\/ikastikos-kiklos.com\/en\/product\/decomposion-i\/","og_locale":"en_US","og_type":"article","og_title":"(De)composion I Painting by Christina Papaioannou","og_description":"(De)composion I Painting by Christina Papaioannou at Ikastikos Kiklos Sianti Gallery in dimensions 40cm and acrylics on canvas","og_url":"https:\/\/ikastikos-kiklos.com\/en\/product\/decomposion-i\/","og_site_name":"Ikastikos Kiklos - Zografik\u00ed - Metaxotyp\u00edes - T\u00e9chniPainting - Silk Screen - Art","article_publisher":"https:\/\/www.facebook.com\/ikastikoskiklossianti\/","article_modified_time":"2024-01-21T22:09:53+00:00","og_image":[{"width":1100,"height":1100,"url":"https:\/\/ikastikos-kiklos.com\/wp-content\/uploads\/2021\/05\/decomposion-\u03c0\u03b1\u03c0\u03b1\u03ca\u03c9\u03ac\u03bd\u03bd\u03bf\u03c5-\u03c7\u03c1\u03b9\u03c3\u03c4\u03af\u03bd\u03b1-\u03b6\u03c9\u03b3\u03c1\u03b1\u03c6\u03b9\u03ba\u03cc-\u03ad\u03c1\u03b3\u03bf.jpg","type":"image\/jpeg"}],"twitter_card":"summary_large_image","twitter_misc":{"Est. reading time":"1 minute"},"schema":{"@context":"https:\/\/schema.org","@graph":[{"@type":"WebPage","@id":"https:\/\/ikastikos-kiklos.com\/en\/product\/decomposion-i\/","url":"https:\/\/ikastikos-kiklos.com\/en\/product\/decomposion-i\/","name":"(De)composion I Painting by Christina Papaioannou","isPartOf":{"@id":"https:\/\/ikastikos-kiklos.com\/en\/#website"},"primaryImageOfPage":{"@id":"https:\/\/ikastikos-kiklos.com\/en\/product\/decomposion-i\/#primaryimage"},"image":{"@id":"https:\/\/ikastikos-kiklos.com\/en\/product\/decomposion-i\/#primaryimage"},"thumbnailUrl":"https:\/\/ikastikos-kiklos.com\/wp-content\/uploads\/2021\/05\/decomposion-\u03c0\u03b1\u03c0\u03b1\u03ca\u03c9\u03ac\u03bd\u03bd\u03bf\u03c5-\u03c7\u03c1\u03b9\u03c3\u03c4\u03af\u03bd\u03b1-\u03b6\u03c9\u03b3\u03c1\u03b1\u03c6\u03b9\u03ba\u03cc-\u03ad\u03c1\u03b3\u03bf.jpg","datePublished":"2024-01-21T22:07:59+00:00","dateModified":"2024-01-21T22:09:53+00:00","description":"(De)composion I Painting by Christina Papaioannou at Ikastikos Kiklos Sianti Gallery in dimensions 40cm and acrylics on canvas","breadcrumb":{"@id":"https:\/\/ikastikos-kiklos.com\/en\/product\/decomposion-i\/#breadcrumb"},"inLanguage":"en-US","potentialAction":[{"@type":"ReadAction","target":["https:\/\/ikastikos-kiklos.com\/en\/product\/decomposion-i\/"]}]},{"@type":"ImageObject","inLanguage":"en-US","@id":"https:\/\/ikastikos-kiklos.com\/en\/product\/decomposion-i\/#primaryimage","url":"https:\/\/ikastikos-kiklos.com\/wp-content\/uploads\/2021\/05\/decomposion-\u03c0\u03b1\u03c0\u03b1\u03ca\u03c9\u03ac\u03bd\u03bd\u03bf\u03c5-\u03c7\u03c1\u03b9\u03c3\u03c4\u03af\u03bd\u03b1-\u03b6\u03c9\u03b3\u03c1\u03b1\u03c6\u03b9\u03ba\u03cc-\u03ad\u03c1\u03b3\u03bf.jpg","contentUrl":"https:\/\/ikastikos-kiklos.com\/wp-content\/uploads\/2021\/05\/decomposion-\u03c0\u03b1\u03c0\u03b1\u03ca\u03c9\u03ac\u03bd\u03bd\u03bf\u03c5-\u03c7\u03c1\u03b9\u03c3\u03c4\u03af\u03bd\u03b1-\u03b6\u03c9\u03b3\u03c1\u03b1\u03c6\u03b9\u03ba\u03cc-\u03ad\u03c1\u03b3\u03bf.jpg","width":1100,"height":1100,"caption":"decomposion-\u03c0\u03b1\u03c0\u03b1\u03ca\u03c9\u03ac\u03bd\u03bd\u03bf\u03c5-\u03c7\u03c1\u03b9\u03c3\u03c4\u03af\u03bd\u03b1-\u03b6\u03c9\u03b3\u03c1\u03b1\u03c6\u03b9\u03ba\u03cc-\u03ad\u03c1\u03b3\u03bf"},{"@type":"BreadcrumbList","@id":"https:\/\/ikastikos-kiklos.com\/en\/product\/decomposion-i\/#breadcrumb","itemListElement":[{"@type":"ListItem","position":1,"name":"Home","item":"https:\/\/ikastikos-kiklos.com\/en\/"},{"@type":"ListItem","position":2,"name":"\u0388\u03c1\u03b3\u03b1 \u03c4\u03ad\u03c7\u03bd\u03b7\u03c2","item":"https:\/\/ikastikos-kiklos.com\/%ce%ad%cf%81%ce%b3%ce%b1-%cf%84%ce%ad%cf%87%ce%bd%ce%b7%cf%82\/"},{"@type":"ListItem","position":3,"name":"(De)composion I"}]},{"@type":"WebSite","@id":"https:\/\/ikastikos-kiklos.com\/en\/#website","url":"https:\/\/ikastikos-kiklos.com\/en\/","name":"Ikastikos Kiklos - Zografik\u00ed - Metaxotyp\u00edes - T\u00e9chniPainting - Silk Screen - Art","description":"","publisher":{"@id":"https:\/\/ikastikos-kiklos.com\/en\/#organization"},"potentialAction":[{"@type":"SearchAction","target":{"@type":"EntryPoint","urlTemplate":"https:\/\/ikastikos-kiklos.com\/en\/?s={search_term_string}"},"query-input":{"@type":"PropertyValueSpecification","valueRequired":true,"valueName":"search_term_string"}}],"inLanguage":"en-US"},{"@type":"Organization","@id":"https:\/\/ikastikos-kiklos.com\/en\/#organization","name":"Ikastikos Kiklos - Zografik\u00ed - Metaxotyp\u00edes - T\u00e9chniPainting - Silk Screen - Art","url":"https:\/\/ikastikos-kiklos.com\/en\/","logo":{"@type":"ImageObject","inLanguage":"en-US","@id":"https:\/\/ikastikos-kiklos.com\/en\/#\/schema\/logo\/image\/","url":"https:\/\/ikastikos-kiklos.com\/wp-content\/uploads\/2022\/10\/cropped-favicon_ikastikos.png","contentUrl":"https:\/\/ikastikos-kiklos.com\/wp-content\/uploads\/2022\/10\/cropped-favicon_ikastikos.png","width":512,"height":512,"caption":"Ikastikos Kiklos - Zografik\u00ed - Metaxotyp\u00edes - T\u00e9chniPainting - Silk Screen - Art"},"image":{"@id":"https:\/\/ikastikos-kiklos.com\/en\/#\/schema\/logo\/image\/"},"sameAs":["https:\/\/www.facebook.com\/ikastikoskiklossianti\/"]}]}},"_links":{"self":[{"href":"https:\/\/ikastikos-kiklos.com\/en\/wp-json\/wp\/v2\/product\/47523","targetHints":{"allow":["GET"]}}],"collection":[{"href":"https:\/\/ikastikos-kiklos.com\/en\/wp-json\/wp\/v2\/product"}],"about":[{"href":"https:\/\/ikastikos-kiklos.com\/en\/wp-json\/wp\/v2\/types\/product"}],"wp:featuredmedia":[{"embeddable":true,"href":"https:\/\/ikastikos-kiklos.com\/en\/wp-json\/wp\/v2\/media\/33586"}],"wp:attachment":[{"href":"https:\/\/ikastikos-kiklos.com\/en\/wp-json\/wp\/v2\/media?parent=47523"}],"wp:term":[{"taxonomy":"product_brand","embeddable":true,"href":"https:\/\/ikastikos-kiklos.com\/en\/wp-json\/wp\/v2\/product_brand?post=47523"},{"taxonomy":"product_cat","embeddable":true,"href":"https:\/\/ikastikos-kiklos.com\/en\/wp-json\/wp\/v2\/product_cat?post=47523"},{"taxonomy":"product_tag","embeddable":true,"href":"https:\/\/ikastikos-kiklos.com\/en\/wp-json\/wp\/v2\/product_tag?post=47523"}],"curies":[{"name":"wp","href":"https:\/\/api.w.org\/{rel}","templated":true}]}}