{"id":45678,"date":"2023-09-22T08:50:16","date_gmt":"2023-09-22T05:50:16","guid":{"rendered":"https:\/\/ikastikos-kiklos.com\/product\/zodiac-sign-cancer\/"},"modified":"2023-09-22T08:52:31","modified_gmt":"2023-09-22T05:52:31","slug":"zodiac-sign-cancer","status":"publish","type":"product","link":"https:\/\/ikastikos-kiklos.com\/en\/product\/zodiac-sign-cancer\/","title":{"rendered":"Zodiac Sign Cancer"},"content":{"rendered":"<p>Cancer<br \/>\nCancer is the sign with the most contradictions, sometimes asking for independence, sometimes not. Cancer, on the one hand, has perseverance and will, is quite capable on his own and does not need to depend on others for material goods, but on the other hand, shows dependence in matters of emotional support and encouragement. The immature Cancer will need the constant support of others, but the one who has developed as a personality and has matured emotionally, will move successfully as an independent person. He wants attention and affection from other people and is happiest when he has a small, close and close-knit group of friends or family.<\/p>\n<p>Cancer Strengths: Loyal &#8211; Generous &#8211; Caring &#8211; Adaptable &#8211; Understanding<br \/>\nWeaknesses of Cancer: Fickle &#8211; Dependent &#8211; Hypersensitive &#8211; Self-centred<\/p>\n","protected":false},"excerpt":{"rendered":"<p>Signed by the artist. Available on order within 15 days<\/p>\n","protected":false},"featured_media":32189,"template":"","meta":{"ngg_post_thumbnail":0},"product_brand":[],"product_cat":[398,399],"product_tag":[],"class_list":{"0":"post-45678","1":"product","2":"type-product","3":"status-publish","4":"has-post-thumbnail","6":"product_cat-collections","7":"product_cat-microsculpture","8":"product_shipping_class-0-2kg","10":"first","11":"instock","12":"taxable","13":"shipping-taxable","14":"purchasable","15":"product-type-simple"},"yoast_head":"<!-- This site is optimized with the Yoast SEO plugin v27.2 - https:\/\/yoast.com\/product\/yoast-seo-wordpress\/ -->\n<title>Zodiac Sign Cancer Microsculpture by Dimitris Vlassis at Ikastikos Kiklos Sianti<\/title>\n<meta name=\"description\" content=\"Zodiac Sign Cancer Microsculpture by Dimitris Vlassis at Ikastikos Kiklos Sianti in dimensions 20x27x10 cm. Made of iron and painted with metallic paint\" \/>\n<meta name=\"robots\" content=\"index, follow, max-snippet:-1, max-image-preview:large, max-video-preview:-1\" \/>\n<link rel=\"canonical\" href=\"https:\/\/ikastikos-kiklos.com\/en\/product\/zodiac-sign-cancer\/\" \/>\n<meta property=\"og:locale\" content=\"en_US\" \/>\n<meta property=\"og:type\" content=\"article\" \/>\n<meta property=\"og:title\" content=\"Zodiac Sign Cancer Microsculpture by Dimitris Vlassis at Ikastikos Kiklos Sianti\" \/>\n<meta property=\"og:description\" content=\"Zodiac Sign Cancer Microsculpture by Dimitris Vlassis at Ikastikos Kiklos Sianti in dimensions 20x27x10 cm. Made of iron and painted with metallic paint\" \/>\n<meta property=\"og:url\" content=\"https:\/\/ikastikos-kiklos.com\/en\/product\/zodiac-sign-cancer\/\" \/>\n<meta property=\"og:site_name\" content=\"Ikastikos Kiklos - Zografik\u00ed - Metaxotyp\u00edes - T\u00e9chniPainting - Silk Screen - Art\" \/>\n<meta property=\"article:publisher\" content=\"https:\/\/www.facebook.com\/ikastikoskiklossianti\/\" \/>\n<meta property=\"article:modified_time\" content=\"2023-09-22T05:52:31+00:00\" \/>\n<meta property=\"og:image\" content=\"https:\/\/ikastikos-kiklos.com\/wp-content\/uploads\/2019\/01\/\u0392\u03bb\u03ac\u03c3\u03c3\u03b7\u03c2-\u0394\u03b7\u03bc\u03ae\u03c4\u03c1\u03b7\u03c2-\u0396\u03ce\u03b4\u03b9\u03bf.jpg\" \/>\n<meta name=\"twitter:card\" content=\"summary_large_image\" \/>\n<meta name=\"twitter:label1\" content=\"Est. reading time\" \/>\n\t<meta name=\"twitter:data1\" content=\"1 minute\" \/>\n<script type=\"application\/ld+json\" class=\"yoast-schema-graph\">{\"@context\":\"https:\/\/schema.org\",\"@graph\":[{\"@type\":\"WebPage\",\"@id\":\"https:\/\/ikastikos-kiklos.com\/en\/product\/zodiac-sign-cancer\/\",\"url\":\"https:\/\/ikastikos-kiklos.com\/en\/product\/zodiac-sign-cancer\/\",\"name\":\"Zodiac Sign Cancer Microsculpture by Dimitris Vlassis at Ikastikos Kiklos Sianti\",\"isPartOf\":{\"@id\":\"https:\/\/ikastikos-kiklos.com\/en\/#website\"},\"primaryImageOfPage\":{\"@id\":\"https:\/\/ikastikos-kiklos.com\/en\/product\/zodiac-sign-cancer\/#primaryimage\"},\"image\":{\"@id\":\"https:\/\/ikastikos-kiklos.com\/en\/product\/zodiac-sign-cancer\/#primaryimage\"},\"thumbnailUrl\":\"https:\/\/ikastikos-kiklos.com\/wp-content\/uploads\/2019\/02\/IMG_20190131_155535.jpg\",\"datePublished\":\"2023-09-22T05:50:16+00:00\",\"dateModified\":\"2023-09-22T05:52:31+00:00\",\"description\":\"Zodiac Sign Cancer Microsculpture by Dimitris Vlassis at Ikastikos Kiklos Sianti in dimensions 20x27x10 cm. Made of iron and painted with metallic paint\",\"breadcrumb\":{\"@id\":\"https:\/\/ikastikos-kiklos.com\/en\/product\/zodiac-sign-cancer\/#breadcrumb\"},\"inLanguage\":\"en-US\",\"potentialAction\":[{\"@type\":\"ReadAction\",\"target\":[\"https:\/\/ikastikos-kiklos.com\/en\/product\/zodiac-sign-cancer\/\"]}]},{\"@type\":\"ImageObject\",\"inLanguage\":\"en-US\",\"@id\":\"https:\/\/ikastikos-kiklos.com\/en\/product\/zodiac-sign-cancer\/#primaryimage\",\"url\":\"https:\/\/ikastikos-kiklos.com\/wp-content\/uploads\/2019\/02\/IMG_20190131_155535.jpg\",\"contentUrl\":\"https:\/\/ikastikos-kiklos.com\/wp-content\/uploads\/2019\/02\/IMG_20190131_155535.jpg\",\"width\":900,\"height\":976},{\"@type\":\"BreadcrumbList\",\"@id\":\"https:\/\/ikastikos-kiklos.com\/en\/product\/zodiac-sign-cancer\/#breadcrumb\",\"itemListElement\":[{\"@type\":\"ListItem\",\"position\":1,\"name\":\"Home\",\"item\":\"https:\/\/ikastikos-kiklos.com\/en\/\"},{\"@type\":\"ListItem\",\"position\":2,\"name\":\"\u0388\u03c1\u03b3\u03b1 \u03c4\u03ad\u03c7\u03bd\u03b7\u03c2\",\"item\":\"https:\/\/ikastikos-kiklos.com\/%ce%ad%cf%81%ce%b3%ce%b1-%cf%84%ce%ad%cf%87%ce%bd%ce%b7%cf%82\/\"},{\"@type\":\"ListItem\",\"position\":3,\"name\":\"Zodiac Sign Cancer\"}]},{\"@type\":\"WebSite\",\"@id\":\"https:\/\/ikastikos-kiklos.com\/en\/#website\",\"url\":\"https:\/\/ikastikos-kiklos.com\/en\/\",\"name\":\"Ikastikos Kiklos - Zografik\u00ed - Metaxotyp\u00edes - T\u00e9chniPainting - Silk Screen - Art\",\"description\":\"\",\"publisher\":{\"@id\":\"https:\/\/ikastikos-kiklos.com\/en\/#organization\"},\"potentialAction\":[{\"@type\":\"SearchAction\",\"target\":{\"@type\":\"EntryPoint\",\"urlTemplate\":\"https:\/\/ikastikos-kiklos.com\/en\/?s={search_term_string}\"},\"query-input\":{\"@type\":\"PropertyValueSpecification\",\"valueRequired\":true,\"valueName\":\"search_term_string\"}}],\"inLanguage\":\"en-US\"},{\"@type\":\"Organization\",\"@id\":\"https:\/\/ikastikos-kiklos.com\/en\/#organization\",\"name\":\"Ikastikos Kiklos - Zografik\u00ed - Metaxotyp\u00edes - T\u00e9chniPainting - Silk Screen - Art\",\"url\":\"https:\/\/ikastikos-kiklos.com\/en\/\",\"logo\":{\"@type\":\"ImageObject\",\"inLanguage\":\"en-US\",\"@id\":\"https:\/\/ikastikos-kiklos.com\/en\/#\/schema\/logo\/image\/\",\"url\":\"https:\/\/ikastikos-kiklos.com\/wp-content\/uploads\/2022\/10\/cropped-favicon_ikastikos.png\",\"contentUrl\":\"https:\/\/ikastikos-kiklos.com\/wp-content\/uploads\/2022\/10\/cropped-favicon_ikastikos.png\",\"width\":512,\"height\":512,\"caption\":\"Ikastikos Kiklos - Zografik\u00ed - Metaxotyp\u00edes - T\u00e9chniPainting - Silk Screen - Art\"},\"image\":{\"@id\":\"https:\/\/ikastikos-kiklos.com\/en\/#\/schema\/logo\/image\/\"},\"sameAs\":[\"https:\/\/www.facebook.com\/ikastikoskiklossianti\/\"]}]}<\/script>\n<!-- \/ Yoast SEO plugin. -->","yoast_head_json":{"title":"Zodiac Sign Cancer Microsculpture by Dimitris Vlassis at Ikastikos Kiklos Sianti","description":"Zodiac Sign Cancer Microsculpture by Dimitris Vlassis at Ikastikos Kiklos Sianti in dimensions 20x27x10 cm. Made of iron and painted with metallic paint","robots":{"index":"index","follow":"follow","max-snippet":"max-snippet:-1","max-image-preview":"max-image-preview:large","max-video-preview":"max-video-preview:-1"},"canonical":"https:\/\/ikastikos-kiklos.com\/en\/product\/zodiac-sign-cancer\/","og_locale":"en_US","og_type":"article","og_title":"Zodiac Sign Cancer Microsculpture by Dimitris Vlassis at Ikastikos Kiklos Sianti","og_description":"Zodiac Sign Cancer Microsculpture by Dimitris Vlassis at Ikastikos Kiklos Sianti in dimensions 20x27x10 cm. Made of iron and painted with metallic paint","og_url":"https:\/\/ikastikos-kiklos.com\/en\/product\/zodiac-sign-cancer\/","og_site_name":"Ikastikos Kiklos - Zografik\u00ed - Metaxotyp\u00edes - T\u00e9chniPainting - Silk Screen - Art","article_publisher":"https:\/\/www.facebook.com\/ikastikoskiklossianti\/","article_modified_time":"2023-09-22T05:52:31+00:00","og_image":[{"url":"https:\/\/ikastikos-kiklos.com\/wp-content\/uploads\/2019\/01\/\u0392\u03bb\u03ac\u03c3\u03c3\u03b7\u03c2-\u0394\u03b7\u03bc\u03ae\u03c4\u03c1\u03b7\u03c2-\u0396\u03ce\u03b4\u03b9\u03bf.jpg","type":"","width":"","height":""}],"twitter_card":"summary_large_image","twitter_misc":{"Est. reading time":"1 minute"},"schema":{"@context":"https:\/\/schema.org","@graph":[{"@type":"WebPage","@id":"https:\/\/ikastikos-kiklos.com\/en\/product\/zodiac-sign-cancer\/","url":"https:\/\/ikastikos-kiklos.com\/en\/product\/zodiac-sign-cancer\/","name":"Zodiac Sign Cancer Microsculpture by Dimitris Vlassis at Ikastikos Kiklos Sianti","isPartOf":{"@id":"https:\/\/ikastikos-kiklos.com\/en\/#website"},"primaryImageOfPage":{"@id":"https:\/\/ikastikos-kiklos.com\/en\/product\/zodiac-sign-cancer\/#primaryimage"},"image":{"@id":"https:\/\/ikastikos-kiklos.com\/en\/product\/zodiac-sign-cancer\/#primaryimage"},"thumbnailUrl":"https:\/\/ikastikos-kiklos.com\/wp-content\/uploads\/2019\/02\/IMG_20190131_155535.jpg","datePublished":"2023-09-22T05:50:16+00:00","dateModified":"2023-09-22T05:52:31+00:00","description":"Zodiac Sign Cancer Microsculpture by Dimitris Vlassis at Ikastikos Kiklos Sianti in dimensions 20x27x10 cm. Made of iron and painted with metallic paint","breadcrumb":{"@id":"https:\/\/ikastikos-kiklos.com\/en\/product\/zodiac-sign-cancer\/#breadcrumb"},"inLanguage":"en-US","potentialAction":[{"@type":"ReadAction","target":["https:\/\/ikastikos-kiklos.com\/en\/product\/zodiac-sign-cancer\/"]}]},{"@type":"ImageObject","inLanguage":"en-US","@id":"https:\/\/ikastikos-kiklos.com\/en\/product\/zodiac-sign-cancer\/#primaryimage","url":"https:\/\/ikastikos-kiklos.com\/wp-content\/uploads\/2019\/02\/IMG_20190131_155535.jpg","contentUrl":"https:\/\/ikastikos-kiklos.com\/wp-content\/uploads\/2019\/02\/IMG_20190131_155535.jpg","width":900,"height":976},{"@type":"BreadcrumbList","@id":"https:\/\/ikastikos-kiklos.com\/en\/product\/zodiac-sign-cancer\/#breadcrumb","itemListElement":[{"@type":"ListItem","position":1,"name":"Home","item":"https:\/\/ikastikos-kiklos.com\/en\/"},{"@type":"ListItem","position":2,"name":"\u0388\u03c1\u03b3\u03b1 \u03c4\u03ad\u03c7\u03bd\u03b7\u03c2","item":"https:\/\/ikastikos-kiklos.com\/%ce%ad%cf%81%ce%b3%ce%b1-%cf%84%ce%ad%cf%87%ce%bd%ce%b7%cf%82\/"},{"@type":"ListItem","position":3,"name":"Zodiac Sign Cancer"}]},{"@type":"WebSite","@id":"https:\/\/ikastikos-kiklos.com\/en\/#website","url":"https:\/\/ikastikos-kiklos.com\/en\/","name":"Ikastikos Kiklos - Zografik\u00ed - Metaxotyp\u00edes - T\u00e9chniPainting - Silk Screen - Art","description":"","publisher":{"@id":"https:\/\/ikastikos-kiklos.com\/en\/#organization"},"potentialAction":[{"@type":"SearchAction","target":{"@type":"EntryPoint","urlTemplate":"https:\/\/ikastikos-kiklos.com\/en\/?s={search_term_string}"},"query-input":{"@type":"PropertyValueSpecification","valueRequired":true,"valueName":"search_term_string"}}],"inLanguage":"en-US"},{"@type":"Organization","@id":"https:\/\/ikastikos-kiklos.com\/en\/#organization","name":"Ikastikos Kiklos - Zografik\u00ed - Metaxotyp\u00edes - T\u00e9chniPainting - Silk Screen - Art","url":"https:\/\/ikastikos-kiklos.com\/en\/","logo":{"@type":"ImageObject","inLanguage":"en-US","@id":"https:\/\/ikastikos-kiklos.com\/en\/#\/schema\/logo\/image\/","url":"https:\/\/ikastikos-kiklos.com\/wp-content\/uploads\/2022\/10\/cropped-favicon_ikastikos.png","contentUrl":"https:\/\/ikastikos-kiklos.com\/wp-content\/uploads\/2022\/10\/cropped-favicon_ikastikos.png","width":512,"height":512,"caption":"Ikastikos Kiklos - Zografik\u00ed - Metaxotyp\u00edes - T\u00e9chniPainting - Silk Screen - Art"},"image":{"@id":"https:\/\/ikastikos-kiklos.com\/en\/#\/schema\/logo\/image\/"},"sameAs":["https:\/\/www.facebook.com\/ikastikoskiklossianti\/"]}]}},"_links":{"self":[{"href":"https:\/\/ikastikos-kiklos.com\/en\/wp-json\/wp\/v2\/product\/45678","targetHints":{"allow":["GET"]}}],"collection":[{"href":"https:\/\/ikastikos-kiklos.com\/en\/wp-json\/wp\/v2\/product"}],"about":[{"href":"https:\/\/ikastikos-kiklos.com\/en\/wp-json\/wp\/v2\/types\/product"}],"wp:featuredmedia":[{"embeddable":true,"href":"https:\/\/ikastikos-kiklos.com\/en\/wp-json\/wp\/v2\/media\/32189"}],"wp:attachment":[{"href":"https:\/\/ikastikos-kiklos.com\/en\/wp-json\/wp\/v2\/media?parent=45678"}],"wp:term":[{"taxonomy":"product_brand","embeddable":true,"href":"https:\/\/ikastikos-kiklos.com\/en\/wp-json\/wp\/v2\/product_brand?post=45678"},{"taxonomy":"product_cat","embeddable":true,"href":"https:\/\/ikastikos-kiklos.com\/en\/wp-json\/wp\/v2\/product_cat?post=45678"},{"taxonomy":"product_tag","embeddable":true,"href":"https:\/\/ikastikos-kiklos.com\/en\/wp-json\/wp\/v2\/product_tag?post=45678"}],"curies":[{"name":"wp","href":"https:\/\/api.w.org\/{rel}","templated":true}]}}