{"id":45447,"date":"2023-09-19T19:09:17","date_gmt":"2023-09-19T16:09:17","guid":{"rendered":"https:\/\/ikastikos-kiklos.com\/product\/red-bull\/"},"modified":"2023-09-19T19:12:05","modified_gmt":"2023-09-19T16:12:05","slug":"red-bull","status":"publish","type":"product","link":"https:\/\/ikastikos-kiklos.com\/en\/product\/red-bull\/","title":{"rendered":"Red Bull"},"content":{"rendered":"","protected":false},"excerpt":{"rendered":"<p>Artwork of 2020<\/p>\n","protected":false},"featured_media":31018,"template":"","meta":{"ngg_post_thumbnail":0},"product_brand":[],"product_cat":[398,397],"product_tag":[3028,1044],"class_list":{"0":"post-45447","1":"product","2":"type-product","3":"status-publish","4":"has-post-thumbnail","6":"product_cat-collections","7":"product_cat-painting","8":"product_tag-chantzaras-apostolos","9":"product_tag-painting","11":"first","12":"instock","13":"taxable","14":"shipping-taxable","15":"product-type-simple"},"yoast_head":"<!-- This site is optimized with the Yoast SEO plugin v27.2 - https:\/\/yoast.com\/product\/yoast-seo-wordpress\/ -->\n<title>Red Bull Painting by Apostolos Chantzaras<\/title>\n<meta name=\"description\" content=\"Red Bull Painting by Apostolos Chantzaras at Ikastikos Kiklos Sianti Gallery in dimensions 150x250 cm\" \/>\n<meta name=\"robots\" content=\"index, follow, max-snippet:-1, max-image-preview:large, max-video-preview:-1\" \/>\n<link rel=\"canonical\" href=\"https:\/\/ikastikos-kiklos.com\/en\/product\/red-bull\/\" \/>\n<meta property=\"og:locale\" content=\"en_US\" \/>\n<meta property=\"og:type\" content=\"article\" \/>\n<meta property=\"og:title\" content=\"Red Bull Painting by Apostolos Chantzaras\" \/>\n<meta property=\"og:description\" content=\"Red Bull Painting by Apostolos Chantzaras at Ikastikos Kiklos Sianti Gallery in dimensions 150x250 cm\" \/>\n<meta property=\"og:url\" content=\"https:\/\/ikastikos-kiklos.com\/en\/product\/red-bull\/\" \/>\n<meta property=\"og:site_name\" content=\"Ikastikos Kiklos - Zografik\u00ed - Metaxotyp\u00edes - T\u00e9chniPainting - Silk Screen - Art\" \/>\n<meta property=\"article:publisher\" content=\"https:\/\/www.facebook.com\/ikastikoskiklossianti\/\" \/>\n<meta property=\"article:modified_time\" content=\"2023-09-19T16:12:05+00:00\" \/>\n<meta property=\"og:image\" content=\"https:\/\/ikastikos-kiklos.com\/wp-content\/uploads\/2021\/02\/\u03a7\u03b1\u03bd\u03c4\u03b6\u03b1\u03c1\u03ac\u03c2-\u0391\u03c0\u03cc\u03c3\u03c4\u03bf\u03bb\u03bf\u03c2-\u039a\u03cc\u03ba\u03ba\u03b9\u03bd\u03bf\u03c2-\u03a4\u03b1\u03cd\u03c1\u03bf\u03c2-\u0396\u03c9\u03b3\u03c1\u03b1\u03c6\u03b9\u03ba\u03cc-\u0388\u03c1\u03b3\u03bf.png\" \/>\n\t<meta property=\"og:image:width\" content=\"650\" \/>\n\t<meta property=\"og:image:height\" content=\"453\" \/>\n\t<meta property=\"og:image:type\" content=\"image\/png\" \/>\n<meta name=\"twitter:card\" content=\"summary_large_image\" \/>\n<script type=\"application\/ld+json\" class=\"yoast-schema-graph\">{\"@context\":\"https:\/\/schema.org\",\"@graph\":[{\"@type\":\"WebPage\",\"@id\":\"https:\/\/ikastikos-kiklos.com\/en\/product\/red-bull\/\",\"url\":\"https:\/\/ikastikos-kiklos.com\/en\/product\/red-bull\/\",\"name\":\"Red Bull Painting by Apostolos Chantzaras\",\"isPartOf\":{\"@id\":\"https:\/\/ikastikos-kiklos.com\/en\/#website\"},\"primaryImageOfPage\":{\"@id\":\"https:\/\/ikastikos-kiklos.com\/en\/product\/red-bull\/#primaryimage\"},\"image\":{\"@id\":\"https:\/\/ikastikos-kiklos.com\/en\/product\/red-bull\/#primaryimage\"},\"thumbnailUrl\":\"https:\/\/ikastikos-kiklos.com\/wp-content\/uploads\/2021\/02\/\u03a7\u03b1\u03bd\u03c4\u03b6\u03b1\u03c1\u03ac\u03c2-\u0391\u03c0\u03cc\u03c3\u03c4\u03bf\u03bb\u03bf\u03c2-\u039a\u03cc\u03ba\u03ba\u03b9\u03bd\u03bf\u03c2-\u03a4\u03b1\u03cd\u03c1\u03bf\u03c2-\u0396\u03c9\u03b3\u03c1\u03b1\u03c6\u03b9\u03ba\u03cc-\u0388\u03c1\u03b3\u03bf.png\",\"datePublished\":\"2023-09-19T16:09:17+00:00\",\"dateModified\":\"2023-09-19T16:12:05+00:00\",\"description\":\"Red Bull Painting by Apostolos Chantzaras at Ikastikos Kiklos Sianti Gallery in dimensions 150x250 cm\",\"breadcrumb\":{\"@id\":\"https:\/\/ikastikos-kiklos.com\/en\/product\/red-bull\/#breadcrumb\"},\"inLanguage\":\"en-US\",\"potentialAction\":[{\"@type\":\"ReadAction\",\"target\":[\"https:\/\/ikastikos-kiklos.com\/en\/product\/red-bull\/\"]}]},{\"@type\":\"ImageObject\",\"inLanguage\":\"en-US\",\"@id\":\"https:\/\/ikastikos-kiklos.com\/en\/product\/red-bull\/#primaryimage\",\"url\":\"https:\/\/ikastikos-kiklos.com\/wp-content\/uploads\/2021\/02\/\u03a7\u03b1\u03bd\u03c4\u03b6\u03b1\u03c1\u03ac\u03c2-\u0391\u03c0\u03cc\u03c3\u03c4\u03bf\u03bb\u03bf\u03c2-\u039a\u03cc\u03ba\u03ba\u03b9\u03bd\u03bf\u03c2-\u03a4\u03b1\u03cd\u03c1\u03bf\u03c2-\u0396\u03c9\u03b3\u03c1\u03b1\u03c6\u03b9\u03ba\u03cc-\u0388\u03c1\u03b3\u03bf.png\",\"contentUrl\":\"https:\/\/ikastikos-kiklos.com\/wp-content\/uploads\/2021\/02\/\u03a7\u03b1\u03bd\u03c4\u03b6\u03b1\u03c1\u03ac\u03c2-\u0391\u03c0\u03cc\u03c3\u03c4\u03bf\u03bb\u03bf\u03c2-\u039a\u03cc\u03ba\u03ba\u03b9\u03bd\u03bf\u03c2-\u03a4\u03b1\u03cd\u03c1\u03bf\u03c2-\u0396\u03c9\u03b3\u03c1\u03b1\u03c6\u03b9\u03ba\u03cc-\u0388\u03c1\u03b3\u03bf.png\",\"width\":650,\"height\":453,\"caption\":\"\u03a7\u03b1\u03bd\u03c4\u03b6\u03b1\u03c1\u03ac\u03c2-\u0391\u03c0\u03cc\u03c3\u03c4\u03bf\u03bb\u03bf\u03c2-\u039a\u03cc\u03ba\u03ba\u03b9\u03bd\u03bf\u03c2-\u03a4\u03b1\u03cd\u03c1\u03bf\u03c2-\u0396\u03c9\u03b3\u03c1\u03b1\u03c6\u03b9\u03ba\u03cc-\u0388\u03c1\u03b3\u03bf\"},{\"@type\":\"BreadcrumbList\",\"@id\":\"https:\/\/ikastikos-kiklos.com\/en\/product\/red-bull\/#breadcrumb\",\"itemListElement\":[{\"@type\":\"ListItem\",\"position\":1,\"name\":\"Home\",\"item\":\"https:\/\/ikastikos-kiklos.com\/en\/\"},{\"@type\":\"ListItem\",\"position\":2,\"name\":\"\u0388\u03c1\u03b3\u03b1 \u03c4\u03ad\u03c7\u03bd\u03b7\u03c2\",\"item\":\"https:\/\/ikastikos-kiklos.com\/%ce%ad%cf%81%ce%b3%ce%b1-%cf%84%ce%ad%cf%87%ce%bd%ce%b7%cf%82\/\"},{\"@type\":\"ListItem\",\"position\":3,\"name\":\"Red Bull\"}]},{\"@type\":\"WebSite\",\"@id\":\"https:\/\/ikastikos-kiklos.com\/en\/#website\",\"url\":\"https:\/\/ikastikos-kiklos.com\/en\/\",\"name\":\"Ikastikos Kiklos - Zografik\u00ed - Metaxotyp\u00edes - T\u00e9chniPainting - Silk Screen - Art\",\"description\":\"\",\"publisher\":{\"@id\":\"https:\/\/ikastikos-kiklos.com\/en\/#organization\"},\"potentialAction\":[{\"@type\":\"SearchAction\",\"target\":{\"@type\":\"EntryPoint\",\"urlTemplate\":\"https:\/\/ikastikos-kiklos.com\/en\/?s={search_term_string}\"},\"query-input\":{\"@type\":\"PropertyValueSpecification\",\"valueRequired\":true,\"valueName\":\"search_term_string\"}}],\"inLanguage\":\"en-US\"},{\"@type\":\"Organization\",\"@id\":\"https:\/\/ikastikos-kiklos.com\/en\/#organization\",\"name\":\"Ikastikos Kiklos - Zografik\u00ed - Metaxotyp\u00edes - T\u00e9chniPainting - Silk Screen - Art\",\"url\":\"https:\/\/ikastikos-kiklos.com\/en\/\",\"logo\":{\"@type\":\"ImageObject\",\"inLanguage\":\"en-US\",\"@id\":\"https:\/\/ikastikos-kiklos.com\/en\/#\/schema\/logo\/image\/\",\"url\":\"https:\/\/ikastikos-kiklos.com\/wp-content\/uploads\/2022\/10\/cropped-favicon_ikastikos.png\",\"contentUrl\":\"https:\/\/ikastikos-kiklos.com\/wp-content\/uploads\/2022\/10\/cropped-favicon_ikastikos.png\",\"width\":512,\"height\":512,\"caption\":\"Ikastikos Kiklos - Zografik\u00ed - Metaxotyp\u00edes - T\u00e9chniPainting - Silk Screen - Art\"},\"image\":{\"@id\":\"https:\/\/ikastikos-kiklos.com\/en\/#\/schema\/logo\/image\/\"},\"sameAs\":[\"https:\/\/www.facebook.com\/ikastikoskiklossianti\/\"]}]}<\/script>\n<!-- \/ Yoast SEO plugin. -->","yoast_head_json":{"title":"Red Bull Painting by Apostolos Chantzaras","description":"Red Bull Painting by Apostolos Chantzaras at Ikastikos Kiklos Sianti Gallery in dimensions 150x250 cm","robots":{"index":"index","follow":"follow","max-snippet":"max-snippet:-1","max-image-preview":"max-image-preview:large","max-video-preview":"max-video-preview:-1"},"canonical":"https:\/\/ikastikos-kiklos.com\/en\/product\/red-bull\/","og_locale":"en_US","og_type":"article","og_title":"Red Bull Painting by Apostolos Chantzaras","og_description":"Red Bull Painting by Apostolos Chantzaras at Ikastikos Kiklos Sianti Gallery in dimensions 150x250 cm","og_url":"https:\/\/ikastikos-kiklos.com\/en\/product\/red-bull\/","og_site_name":"Ikastikos Kiklos - Zografik\u00ed - Metaxotyp\u00edes - T\u00e9chniPainting - Silk Screen - Art","article_publisher":"https:\/\/www.facebook.com\/ikastikoskiklossianti\/","article_modified_time":"2023-09-19T16:12:05+00:00","og_image":[{"width":650,"height":453,"url":"https:\/\/ikastikos-kiklos.com\/wp-content\/uploads\/2021\/02\/\u03a7\u03b1\u03bd\u03c4\u03b6\u03b1\u03c1\u03ac\u03c2-\u0391\u03c0\u03cc\u03c3\u03c4\u03bf\u03bb\u03bf\u03c2-\u039a\u03cc\u03ba\u03ba\u03b9\u03bd\u03bf\u03c2-\u03a4\u03b1\u03cd\u03c1\u03bf\u03c2-\u0396\u03c9\u03b3\u03c1\u03b1\u03c6\u03b9\u03ba\u03cc-\u0388\u03c1\u03b3\u03bf.png","type":"image\/png"}],"twitter_card":"summary_large_image","schema":{"@context":"https:\/\/schema.org","@graph":[{"@type":"WebPage","@id":"https:\/\/ikastikos-kiklos.com\/en\/product\/red-bull\/","url":"https:\/\/ikastikos-kiklos.com\/en\/product\/red-bull\/","name":"Red Bull Painting by Apostolos Chantzaras","isPartOf":{"@id":"https:\/\/ikastikos-kiklos.com\/en\/#website"},"primaryImageOfPage":{"@id":"https:\/\/ikastikos-kiklos.com\/en\/product\/red-bull\/#primaryimage"},"image":{"@id":"https:\/\/ikastikos-kiklos.com\/en\/product\/red-bull\/#primaryimage"},"thumbnailUrl":"https:\/\/ikastikos-kiklos.com\/wp-content\/uploads\/2021\/02\/\u03a7\u03b1\u03bd\u03c4\u03b6\u03b1\u03c1\u03ac\u03c2-\u0391\u03c0\u03cc\u03c3\u03c4\u03bf\u03bb\u03bf\u03c2-\u039a\u03cc\u03ba\u03ba\u03b9\u03bd\u03bf\u03c2-\u03a4\u03b1\u03cd\u03c1\u03bf\u03c2-\u0396\u03c9\u03b3\u03c1\u03b1\u03c6\u03b9\u03ba\u03cc-\u0388\u03c1\u03b3\u03bf.png","datePublished":"2023-09-19T16:09:17+00:00","dateModified":"2023-09-19T16:12:05+00:00","description":"Red Bull Painting by Apostolos Chantzaras at Ikastikos Kiklos Sianti Gallery in dimensions 150x250 cm","breadcrumb":{"@id":"https:\/\/ikastikos-kiklos.com\/en\/product\/red-bull\/#breadcrumb"},"inLanguage":"en-US","potentialAction":[{"@type":"ReadAction","target":["https:\/\/ikastikos-kiklos.com\/en\/product\/red-bull\/"]}]},{"@type":"ImageObject","inLanguage":"en-US","@id":"https:\/\/ikastikos-kiklos.com\/en\/product\/red-bull\/#primaryimage","url":"https:\/\/ikastikos-kiklos.com\/wp-content\/uploads\/2021\/02\/\u03a7\u03b1\u03bd\u03c4\u03b6\u03b1\u03c1\u03ac\u03c2-\u0391\u03c0\u03cc\u03c3\u03c4\u03bf\u03bb\u03bf\u03c2-\u039a\u03cc\u03ba\u03ba\u03b9\u03bd\u03bf\u03c2-\u03a4\u03b1\u03cd\u03c1\u03bf\u03c2-\u0396\u03c9\u03b3\u03c1\u03b1\u03c6\u03b9\u03ba\u03cc-\u0388\u03c1\u03b3\u03bf.png","contentUrl":"https:\/\/ikastikos-kiklos.com\/wp-content\/uploads\/2021\/02\/\u03a7\u03b1\u03bd\u03c4\u03b6\u03b1\u03c1\u03ac\u03c2-\u0391\u03c0\u03cc\u03c3\u03c4\u03bf\u03bb\u03bf\u03c2-\u039a\u03cc\u03ba\u03ba\u03b9\u03bd\u03bf\u03c2-\u03a4\u03b1\u03cd\u03c1\u03bf\u03c2-\u0396\u03c9\u03b3\u03c1\u03b1\u03c6\u03b9\u03ba\u03cc-\u0388\u03c1\u03b3\u03bf.png","width":650,"height":453,"caption":"\u03a7\u03b1\u03bd\u03c4\u03b6\u03b1\u03c1\u03ac\u03c2-\u0391\u03c0\u03cc\u03c3\u03c4\u03bf\u03bb\u03bf\u03c2-\u039a\u03cc\u03ba\u03ba\u03b9\u03bd\u03bf\u03c2-\u03a4\u03b1\u03cd\u03c1\u03bf\u03c2-\u0396\u03c9\u03b3\u03c1\u03b1\u03c6\u03b9\u03ba\u03cc-\u0388\u03c1\u03b3\u03bf"},{"@type":"BreadcrumbList","@id":"https:\/\/ikastikos-kiklos.com\/en\/product\/red-bull\/#breadcrumb","itemListElement":[{"@type":"ListItem","position":1,"name":"Home","item":"https:\/\/ikastikos-kiklos.com\/en\/"},{"@type":"ListItem","position":2,"name":"\u0388\u03c1\u03b3\u03b1 \u03c4\u03ad\u03c7\u03bd\u03b7\u03c2","item":"https:\/\/ikastikos-kiklos.com\/%ce%ad%cf%81%ce%b3%ce%b1-%cf%84%ce%ad%cf%87%ce%bd%ce%b7%cf%82\/"},{"@type":"ListItem","position":3,"name":"Red Bull"}]},{"@type":"WebSite","@id":"https:\/\/ikastikos-kiklos.com\/en\/#website","url":"https:\/\/ikastikos-kiklos.com\/en\/","name":"Ikastikos Kiklos - Zografik\u00ed - Metaxotyp\u00edes - T\u00e9chniPainting - Silk Screen - Art","description":"","publisher":{"@id":"https:\/\/ikastikos-kiklos.com\/en\/#organization"},"potentialAction":[{"@type":"SearchAction","target":{"@type":"EntryPoint","urlTemplate":"https:\/\/ikastikos-kiklos.com\/en\/?s={search_term_string}"},"query-input":{"@type":"PropertyValueSpecification","valueRequired":true,"valueName":"search_term_string"}}],"inLanguage":"en-US"},{"@type":"Organization","@id":"https:\/\/ikastikos-kiklos.com\/en\/#organization","name":"Ikastikos Kiklos - Zografik\u00ed - Metaxotyp\u00edes - T\u00e9chniPainting - Silk Screen - Art","url":"https:\/\/ikastikos-kiklos.com\/en\/","logo":{"@type":"ImageObject","inLanguage":"en-US","@id":"https:\/\/ikastikos-kiklos.com\/en\/#\/schema\/logo\/image\/","url":"https:\/\/ikastikos-kiklos.com\/wp-content\/uploads\/2022\/10\/cropped-favicon_ikastikos.png","contentUrl":"https:\/\/ikastikos-kiklos.com\/wp-content\/uploads\/2022\/10\/cropped-favicon_ikastikos.png","width":512,"height":512,"caption":"Ikastikos Kiklos - Zografik\u00ed - Metaxotyp\u00edes - T\u00e9chniPainting - Silk Screen - Art"},"image":{"@id":"https:\/\/ikastikos-kiklos.com\/en\/#\/schema\/logo\/image\/"},"sameAs":["https:\/\/www.facebook.com\/ikastikoskiklossianti\/"]}]}},"_links":{"self":[{"href":"https:\/\/ikastikos-kiklos.com\/en\/wp-json\/wp\/v2\/product\/45447","targetHints":{"allow":["GET"]}}],"collection":[{"href":"https:\/\/ikastikos-kiklos.com\/en\/wp-json\/wp\/v2\/product"}],"about":[{"href":"https:\/\/ikastikos-kiklos.com\/en\/wp-json\/wp\/v2\/types\/product"}],"wp:featuredmedia":[{"embeddable":true,"href":"https:\/\/ikastikos-kiklos.com\/en\/wp-json\/wp\/v2\/media\/31018"}],"wp:attachment":[{"href":"https:\/\/ikastikos-kiklos.com\/en\/wp-json\/wp\/v2\/media?parent=45447"}],"wp:term":[{"taxonomy":"product_brand","embeddable":true,"href":"https:\/\/ikastikos-kiklos.com\/en\/wp-json\/wp\/v2\/product_brand?post=45447"},{"taxonomy":"product_cat","embeddable":true,"href":"https:\/\/ikastikos-kiklos.com\/en\/wp-json\/wp\/v2\/product_cat?post=45447"},{"taxonomy":"product_tag","embeddable":true,"href":"https:\/\/ikastikos-kiklos.com\/en\/wp-json\/wp\/v2\/product_tag?post=45447"}],"curies":[{"name":"wp","href":"https:\/\/api.w.org\/{rel}","templated":true}]}}