{"id":45421,"date":"2023-09-19T09:14:41","date_gmt":"2023-09-19T06:14:41","guid":{"rendered":"https:\/\/ikastikos-kiklos.com\/product\/still-life-19\/"},"modified":"2023-09-19T09:17:08","modified_gmt":"2023-09-19T06:17:08","slug":"still-life-19","status":"publish","type":"product","link":"https:\/\/ikastikos-kiklos.com\/en\/product\/still-life-19\/","title":{"rendered":"Still Life"},"content":{"rendered":"<p>I embraced the idea of the Ikastikos Kiklos Sianti to coincide with the exhibition that will be presented, in order to paint for the exhibition titled &#8216;Tondo,&#8217; a circle, the most unique shape. In its thoughts, we feel it on our body. Most of the time, we compose within the circle, which also encompasses philosophical exploration. Historically, painting has references to circular shape from ancient depictions, mosaics to the Byzantine period and the Renaissance. It then transitions to the romantic inclination of painters to paint within the circle. Later, significant painters mentioned the circular shape on their own, as most painters did not apply painting to buildings, temples, and the like. The circular shape always poses a challenge for artistic exploration. Painting within a circle, I feel the shapes and colors perfectly. As if there is no way out, with my gaze and feeling constantly following the shape, the circle referring to humanity in the universe.<\/p>\n","protected":false},"excerpt":{"rendered":"<p>First presentation at the exhibition \u201c<a href=\"https:\/\/ikastikos-kiklos.com\/en\/exhibition-tondo-2\/\">Tondo<\/a>&#8221; at Ikastikos Kiklos Sianti<\/p>\n","protected":false},"featured_media":28794,"template":"","meta":{"ngg_post_thumbnail":0},"product_brand":[],"product_cat":[398,397],"product_tag":[3028,1044],"class_list":{"0":"post-45421","1":"product","2":"type-product","3":"status-publish","4":"has-post-thumbnail","6":"product_cat-collections","7":"product_cat-painting","8":"product_tag-chantzaras-apostolos","9":"product_tag-painting","11":"first","12":"instock","13":"taxable","14":"shipping-taxable","15":"product-type-simple"},"yoast_head":"<!-- This site is optimized with the Yoast SEO plugin v27.4 - https:\/\/yoast.com\/product\/yoast-seo-wordpress\/ -->\n<title>Still Life Painting by Apostolos Chantzaras<\/title>\n<meta name=\"description\" content=\"Still Life Painting by Apostolos Chantzaras at Ikastikos Kiklos Sianti Gallery with a diameter of 107 cm and acrylic colors on canvas\" \/>\n<meta name=\"robots\" content=\"index, follow, max-snippet:-1, max-image-preview:large, max-video-preview:-1\" \/>\n<link rel=\"canonical\" href=\"https:\/\/ikastikos-kiklos.com\/en\/product\/still-life-19\/\" \/>\n<meta property=\"og:locale\" content=\"en_US\" \/>\n<meta property=\"og:type\" content=\"article\" \/>\n<meta property=\"og:title\" content=\"Still Life Painting by Apostolos Chantzaras\" \/>\n<meta property=\"og:description\" content=\"Still Life Painting by Apostolos Chantzaras at Ikastikos Kiklos Sianti Gallery with a diameter of 107 cm and acrylic colors on canvas\" \/>\n<meta property=\"og:url\" content=\"https:\/\/ikastikos-kiklos.com\/en\/product\/still-life-19\/\" \/>\n<meta property=\"og:site_name\" content=\"Ikastikos Kiklos - Zografik\u00ed - Metaxotyp\u00edes - T\u00e9chniPainting - Silk Screen - Art\" \/>\n<meta property=\"article:publisher\" content=\"https:\/\/www.facebook.com\/ikastikoskiklossianti\/\" \/>\n<meta property=\"article:modified_time\" content=\"2023-09-19T06:17:08+00:00\" \/>\n<meta property=\"og:image\" content=\"https:\/\/ikastikos-kiklos.com\/wp-content\/uploads\/2020\/11\/\u03c7\u03b1\u03bd\u03c4\u03b6\u03ac\u03c1\u03b1\u03c2-\u03b1\u03c0\u03cc\u03c3\u03c4\u03bf\u03bb\u03bf\u03c2-\u03bd\u03b5\u03ba\u03c1\u03ae-\u03c6\u03cd\u03c3\u03b7-\u03c0\u03af\u03bd\u03b1\u03ba\u03b1\u03c2-\u03b6\u03c9\u03b3\u03c1\u03b1\u03c6\u03b9\u03ba\u03ae\u03c2.jpg\" \/>\n\t<meta property=\"og:image:width\" content=\"900\" \/>\n\t<meta property=\"og:image:height\" content=\"900\" \/>\n\t<meta property=\"og:image:type\" content=\"image\/jpeg\" \/>\n<meta name=\"twitter:card\" content=\"summary_large_image\" \/>\n<meta name=\"twitter:label1\" content=\"Est. reading time\" \/>\n\t<meta name=\"twitter:data1\" content=\"1 minute\" \/>\n<script type=\"application\/ld+json\" class=\"yoast-schema-graph\">{\"@context\":\"https:\\\/\\\/schema.org\",\"@graph\":[{\"@type\":\"WebPage\",\"@id\":\"https:\\\/\\\/ikastikos-kiklos.com\\\/en\\\/product\\\/still-life-19\\\/\",\"url\":\"https:\\\/\\\/ikastikos-kiklos.com\\\/en\\\/product\\\/still-life-19\\\/\",\"name\":\"Still Life Painting by Apostolos Chantzaras\",\"isPartOf\":{\"@id\":\"https:\\\/\\\/ikastikos-kiklos.com\\\/en\\\/#website\"},\"primaryImageOfPage\":{\"@id\":\"https:\\\/\\\/ikastikos-kiklos.com\\\/en\\\/product\\\/still-life-19\\\/#primaryimage\"},\"image\":{\"@id\":\"https:\\\/\\\/ikastikos-kiklos.com\\\/en\\\/product\\\/still-life-19\\\/#primaryimage\"},\"thumbnailUrl\":\"https:\\\/\\\/ikastikos-kiklos.com\\\/wp-content\\\/uploads\\\/2020\\\/11\\\/\u03c7\u03b1\u03bd\u03c4\u03b6\u03ac\u03c1\u03b1\u03c2-\u03b1\u03c0\u03cc\u03c3\u03c4\u03bf\u03bb\u03bf\u03c2-\u03bd\u03b5\u03ba\u03c1\u03ae-\u03c6\u03cd\u03c3\u03b7-\u03c0\u03af\u03bd\u03b1\u03ba\u03b1\u03c2-\u03b6\u03c9\u03b3\u03c1\u03b1\u03c6\u03b9\u03ba\u03ae\u03c2.jpg\",\"datePublished\":\"2023-09-19T06:14:41+00:00\",\"dateModified\":\"2023-09-19T06:17:08+00:00\",\"description\":\"Still Life Painting by Apostolos Chantzaras at Ikastikos Kiklos Sianti Gallery with a diameter of 107 cm and acrylic colors on canvas\",\"breadcrumb\":{\"@id\":\"https:\\\/\\\/ikastikos-kiklos.com\\\/en\\\/product\\\/still-life-19\\\/#breadcrumb\"},\"inLanguage\":\"en-US\",\"potentialAction\":[{\"@type\":\"ReadAction\",\"target\":[\"https:\\\/\\\/ikastikos-kiklos.com\\\/en\\\/product\\\/still-life-19\\\/\"]}]},{\"@type\":\"ImageObject\",\"inLanguage\":\"en-US\",\"@id\":\"https:\\\/\\\/ikastikos-kiklos.com\\\/en\\\/product\\\/still-life-19\\\/#primaryimage\",\"url\":\"https:\\\/\\\/ikastikos-kiklos.com\\\/wp-content\\\/uploads\\\/2020\\\/11\\\/\u03c7\u03b1\u03bd\u03c4\u03b6\u03ac\u03c1\u03b1\u03c2-\u03b1\u03c0\u03cc\u03c3\u03c4\u03bf\u03bb\u03bf\u03c2-\u03bd\u03b5\u03ba\u03c1\u03ae-\u03c6\u03cd\u03c3\u03b7-\u03c0\u03af\u03bd\u03b1\u03ba\u03b1\u03c2-\u03b6\u03c9\u03b3\u03c1\u03b1\u03c6\u03b9\u03ba\u03ae\u03c2.jpg\",\"contentUrl\":\"https:\\\/\\\/ikastikos-kiklos.com\\\/wp-content\\\/uploads\\\/2020\\\/11\\\/\u03c7\u03b1\u03bd\u03c4\u03b6\u03ac\u03c1\u03b1\u03c2-\u03b1\u03c0\u03cc\u03c3\u03c4\u03bf\u03bb\u03bf\u03c2-\u03bd\u03b5\u03ba\u03c1\u03ae-\u03c6\u03cd\u03c3\u03b7-\u03c0\u03af\u03bd\u03b1\u03ba\u03b1\u03c2-\u03b6\u03c9\u03b3\u03c1\u03b1\u03c6\u03b9\u03ba\u03ae\u03c2.jpg\",\"width\":900,\"height\":900,\"caption\":\"\u03c7\u03b1\u03bd\u03c4\u03b6\u03ac\u03c1\u03b1\u03c2-\u03b1\u03c0\u03cc\u03c3\u03c4\u03bf\u03bb\u03bf\u03c2-\u03bd\u03b5\u03ba\u03c1\u03ae-\u03c6\u03cd\u03c3\u03b7-\u03c0\u03af\u03bd\u03b1\u03ba\u03b1\u03c2-\u03b6\u03c9\u03b3\u03c1\u03b1\u03c6\u03b9\u03ba\u03ae\u03c2\"},{\"@type\":\"BreadcrumbList\",\"@id\":\"https:\\\/\\\/ikastikos-kiklos.com\\\/en\\\/product\\\/still-life-19\\\/#breadcrumb\",\"itemListElement\":[{\"@type\":\"ListItem\",\"position\":1,\"name\":\"Home\",\"item\":\"https:\\\/\\\/ikastikos-kiklos.com\\\/en\\\/\"},{\"@type\":\"ListItem\",\"position\":2,\"name\":\"\u0388\u03c1\u03b3\u03b1 \u03c4\u03ad\u03c7\u03bd\u03b7\u03c2\",\"item\":\"https:\\\/\\\/ikastikos-kiklos.com\\\/%ce%ad%cf%81%ce%b3%ce%b1-%cf%84%ce%ad%cf%87%ce%bd%ce%b7%cf%82\\\/\"},{\"@type\":\"ListItem\",\"position\":3,\"name\":\"Still Life\"}]},{\"@type\":\"WebSite\",\"@id\":\"https:\\\/\\\/ikastikos-kiklos.com\\\/en\\\/#website\",\"url\":\"https:\\\/\\\/ikastikos-kiklos.com\\\/en\\\/\",\"name\":\"Ikastikos Kiklos - Zografik\u00ed - Metaxotyp\u00edes - T\u00e9chniPainting - Silk Screen - Art\",\"description\":\"\",\"publisher\":{\"@id\":\"https:\\\/\\\/ikastikos-kiklos.com\\\/en\\\/#organization\"},\"potentialAction\":[{\"@type\":\"SearchAction\",\"target\":{\"@type\":\"EntryPoint\",\"urlTemplate\":\"https:\\\/\\\/ikastikos-kiklos.com\\\/en\\\/?s={search_term_string}\"},\"query-input\":{\"@type\":\"PropertyValueSpecification\",\"valueRequired\":true,\"valueName\":\"search_term_string\"}}],\"inLanguage\":\"en-US\"},{\"@type\":\"Organization\",\"@id\":\"https:\\\/\\\/ikastikos-kiklos.com\\\/en\\\/#organization\",\"name\":\"Ikastikos Kiklos - Zografik\u00ed - Metaxotyp\u00edes - T\u00e9chniPainting - Silk Screen - Art\",\"url\":\"https:\\\/\\\/ikastikos-kiklos.com\\\/en\\\/\",\"logo\":{\"@type\":\"ImageObject\",\"inLanguage\":\"en-US\",\"@id\":\"https:\\\/\\\/ikastikos-kiklos.com\\\/en\\\/#\\\/schema\\\/logo\\\/image\\\/\",\"url\":\"https:\\\/\\\/ikastikos-kiklos.com\\\/wp-content\\\/uploads\\\/2022\\\/10\\\/cropped-favicon_ikastikos.png\",\"contentUrl\":\"https:\\\/\\\/ikastikos-kiklos.com\\\/wp-content\\\/uploads\\\/2022\\\/10\\\/cropped-favicon_ikastikos.png\",\"width\":512,\"height\":512,\"caption\":\"Ikastikos Kiklos - Zografik\u00ed - Metaxotyp\u00edes - T\u00e9chniPainting - Silk Screen - Art\"},\"image\":{\"@id\":\"https:\\\/\\\/ikastikos-kiklos.com\\\/en\\\/#\\\/schema\\\/logo\\\/image\\\/\"},\"sameAs\":[\"https:\\\/\\\/www.facebook.com\\\/ikastikoskiklossianti\\\/\"]}]}<\/script>\n<!-- \/ Yoast SEO plugin. -->","yoast_head_json":{"title":"Still Life Painting by Apostolos Chantzaras","description":"Still Life Painting by Apostolos Chantzaras at Ikastikos Kiklos Sianti Gallery with a diameter of 107 cm and acrylic colors on canvas","robots":{"index":"index","follow":"follow","max-snippet":"max-snippet:-1","max-image-preview":"max-image-preview:large","max-video-preview":"max-video-preview:-1"},"canonical":"https:\/\/ikastikos-kiklos.com\/en\/product\/still-life-19\/","og_locale":"en_US","og_type":"article","og_title":"Still Life Painting by Apostolos Chantzaras","og_description":"Still Life Painting by Apostolos Chantzaras at Ikastikos Kiklos Sianti Gallery with a diameter of 107 cm and acrylic colors on canvas","og_url":"https:\/\/ikastikos-kiklos.com\/en\/product\/still-life-19\/","og_site_name":"Ikastikos Kiklos - Zografik\u00ed - Metaxotyp\u00edes - T\u00e9chniPainting - Silk Screen - Art","article_publisher":"https:\/\/www.facebook.com\/ikastikoskiklossianti\/","article_modified_time":"2023-09-19T06:17:08+00:00","og_image":[{"width":900,"height":900,"url":"https:\/\/ikastikos-kiklos.com\/wp-content\/uploads\/2020\/11\/\u03c7\u03b1\u03bd\u03c4\u03b6\u03ac\u03c1\u03b1\u03c2-\u03b1\u03c0\u03cc\u03c3\u03c4\u03bf\u03bb\u03bf\u03c2-\u03bd\u03b5\u03ba\u03c1\u03ae-\u03c6\u03cd\u03c3\u03b7-\u03c0\u03af\u03bd\u03b1\u03ba\u03b1\u03c2-\u03b6\u03c9\u03b3\u03c1\u03b1\u03c6\u03b9\u03ba\u03ae\u03c2.jpg","type":"image\/jpeg"}],"twitter_card":"summary_large_image","twitter_misc":{"Est. reading time":"1 minute"},"schema":{"@context":"https:\/\/schema.org","@graph":[{"@type":"WebPage","@id":"https:\/\/ikastikos-kiklos.com\/en\/product\/still-life-19\/","url":"https:\/\/ikastikos-kiklos.com\/en\/product\/still-life-19\/","name":"Still Life Painting by Apostolos Chantzaras","isPartOf":{"@id":"https:\/\/ikastikos-kiklos.com\/en\/#website"},"primaryImageOfPage":{"@id":"https:\/\/ikastikos-kiklos.com\/en\/product\/still-life-19\/#primaryimage"},"image":{"@id":"https:\/\/ikastikos-kiklos.com\/en\/product\/still-life-19\/#primaryimage"},"thumbnailUrl":"https:\/\/ikastikos-kiklos.com\/wp-content\/uploads\/2020\/11\/\u03c7\u03b1\u03bd\u03c4\u03b6\u03ac\u03c1\u03b1\u03c2-\u03b1\u03c0\u03cc\u03c3\u03c4\u03bf\u03bb\u03bf\u03c2-\u03bd\u03b5\u03ba\u03c1\u03ae-\u03c6\u03cd\u03c3\u03b7-\u03c0\u03af\u03bd\u03b1\u03ba\u03b1\u03c2-\u03b6\u03c9\u03b3\u03c1\u03b1\u03c6\u03b9\u03ba\u03ae\u03c2.jpg","datePublished":"2023-09-19T06:14:41+00:00","dateModified":"2023-09-19T06:17:08+00:00","description":"Still Life Painting by Apostolos Chantzaras at Ikastikos Kiklos Sianti Gallery with a diameter of 107 cm and acrylic colors on canvas","breadcrumb":{"@id":"https:\/\/ikastikos-kiklos.com\/en\/product\/still-life-19\/#breadcrumb"},"inLanguage":"en-US","potentialAction":[{"@type":"ReadAction","target":["https:\/\/ikastikos-kiklos.com\/en\/product\/still-life-19\/"]}]},{"@type":"ImageObject","inLanguage":"en-US","@id":"https:\/\/ikastikos-kiklos.com\/en\/product\/still-life-19\/#primaryimage","url":"https:\/\/ikastikos-kiklos.com\/wp-content\/uploads\/2020\/11\/\u03c7\u03b1\u03bd\u03c4\u03b6\u03ac\u03c1\u03b1\u03c2-\u03b1\u03c0\u03cc\u03c3\u03c4\u03bf\u03bb\u03bf\u03c2-\u03bd\u03b5\u03ba\u03c1\u03ae-\u03c6\u03cd\u03c3\u03b7-\u03c0\u03af\u03bd\u03b1\u03ba\u03b1\u03c2-\u03b6\u03c9\u03b3\u03c1\u03b1\u03c6\u03b9\u03ba\u03ae\u03c2.jpg","contentUrl":"https:\/\/ikastikos-kiklos.com\/wp-content\/uploads\/2020\/11\/\u03c7\u03b1\u03bd\u03c4\u03b6\u03ac\u03c1\u03b1\u03c2-\u03b1\u03c0\u03cc\u03c3\u03c4\u03bf\u03bb\u03bf\u03c2-\u03bd\u03b5\u03ba\u03c1\u03ae-\u03c6\u03cd\u03c3\u03b7-\u03c0\u03af\u03bd\u03b1\u03ba\u03b1\u03c2-\u03b6\u03c9\u03b3\u03c1\u03b1\u03c6\u03b9\u03ba\u03ae\u03c2.jpg","width":900,"height":900,"caption":"\u03c7\u03b1\u03bd\u03c4\u03b6\u03ac\u03c1\u03b1\u03c2-\u03b1\u03c0\u03cc\u03c3\u03c4\u03bf\u03bb\u03bf\u03c2-\u03bd\u03b5\u03ba\u03c1\u03ae-\u03c6\u03cd\u03c3\u03b7-\u03c0\u03af\u03bd\u03b1\u03ba\u03b1\u03c2-\u03b6\u03c9\u03b3\u03c1\u03b1\u03c6\u03b9\u03ba\u03ae\u03c2"},{"@type":"BreadcrumbList","@id":"https:\/\/ikastikos-kiklos.com\/en\/product\/still-life-19\/#breadcrumb","itemListElement":[{"@type":"ListItem","position":1,"name":"Home","item":"https:\/\/ikastikos-kiklos.com\/en\/"},{"@type":"ListItem","position":2,"name":"\u0388\u03c1\u03b3\u03b1 \u03c4\u03ad\u03c7\u03bd\u03b7\u03c2","item":"https:\/\/ikastikos-kiklos.com\/%ce%ad%cf%81%ce%b3%ce%b1-%cf%84%ce%ad%cf%87%ce%bd%ce%b7%cf%82\/"},{"@type":"ListItem","position":3,"name":"Still Life"}]},{"@type":"WebSite","@id":"https:\/\/ikastikos-kiklos.com\/en\/#website","url":"https:\/\/ikastikos-kiklos.com\/en\/","name":"Ikastikos Kiklos - Zografik\u00ed - Metaxotyp\u00edes - T\u00e9chniPainting - Silk Screen - Art","description":"","publisher":{"@id":"https:\/\/ikastikos-kiklos.com\/en\/#organization"},"potentialAction":[{"@type":"SearchAction","target":{"@type":"EntryPoint","urlTemplate":"https:\/\/ikastikos-kiklos.com\/en\/?s={search_term_string}"},"query-input":{"@type":"PropertyValueSpecification","valueRequired":true,"valueName":"search_term_string"}}],"inLanguage":"en-US"},{"@type":"Organization","@id":"https:\/\/ikastikos-kiklos.com\/en\/#organization","name":"Ikastikos Kiklos - Zografik\u00ed - Metaxotyp\u00edes - T\u00e9chniPainting - Silk Screen - Art","url":"https:\/\/ikastikos-kiklos.com\/en\/","logo":{"@type":"ImageObject","inLanguage":"en-US","@id":"https:\/\/ikastikos-kiklos.com\/en\/#\/schema\/logo\/image\/","url":"https:\/\/ikastikos-kiklos.com\/wp-content\/uploads\/2022\/10\/cropped-favicon_ikastikos.png","contentUrl":"https:\/\/ikastikos-kiklos.com\/wp-content\/uploads\/2022\/10\/cropped-favicon_ikastikos.png","width":512,"height":512,"caption":"Ikastikos Kiklos - Zografik\u00ed - Metaxotyp\u00edes - T\u00e9chniPainting - Silk Screen - Art"},"image":{"@id":"https:\/\/ikastikos-kiklos.com\/en\/#\/schema\/logo\/image\/"},"sameAs":["https:\/\/www.facebook.com\/ikastikoskiklossianti\/"]}]}},"_links":{"self":[{"href":"https:\/\/ikastikos-kiklos.com\/en\/wp-json\/wp\/v2\/product\/45421","targetHints":{"allow":["GET"]}}],"collection":[{"href":"https:\/\/ikastikos-kiklos.com\/en\/wp-json\/wp\/v2\/product"}],"about":[{"href":"https:\/\/ikastikos-kiklos.com\/en\/wp-json\/wp\/v2\/types\/product"}],"wp:featuredmedia":[{"embeddable":true,"href":"https:\/\/ikastikos-kiklos.com\/en\/wp-json\/wp\/v2\/media\/28794"}],"wp:attachment":[{"href":"https:\/\/ikastikos-kiklos.com\/en\/wp-json\/wp\/v2\/media?parent=45421"}],"wp:term":[{"taxonomy":"product_brand","embeddable":true,"href":"https:\/\/ikastikos-kiklos.com\/en\/wp-json\/wp\/v2\/product_brand?post=45421"},{"taxonomy":"product_cat","embeddable":true,"href":"https:\/\/ikastikos-kiklos.com\/en\/wp-json\/wp\/v2\/product_cat?post=45421"},{"taxonomy":"product_tag","embeddable":true,"href":"https:\/\/ikastikos-kiklos.com\/en\/wp-json\/wp\/v2\/product_tag?post=45421"}],"curies":[{"name":"wp","href":"https:\/\/api.w.org\/{rel}","templated":true}]}}