{"id":45347,"date":"2023-09-16T09:19:59","date_gmt":"2023-09-16T06:19:59","guid":{"rendered":"https:\/\/ikastikos-kiklos.com\/product\/sketch\/"},"modified":"2023-09-16T09:41:46","modified_gmt":"2023-09-16T06:41:46","slug":"sketch","status":"publish","type":"product","link":"https:\/\/ikastikos-kiklos.com\/en\/product\/sketch\/","title":{"rendered":"Sketch"},"content":{"rendered":"<p>-Mr. Tsoklis, I would like you to take us to Tinos. Which is your favorite time on the island?<\/p>\n<p>&#8211; Ah my friend. There is no longer either Tinos or time. Because my passion for creation it swallows them. As the years go by &#8211; don&#8217;t let my words frighten you &#8211; life before my eyes gets confused, passing from one era to another as we pass from the multicultural era to the monocultural one. The wonderful mornings on the island are starting to look so much like the gloomy afternoons and hot afternoons that I lose track of time and place and search for their common denominator.<\/p>\n<p>Source liberal.gr<\/p>\n","protected":false},"excerpt":{"rendered":"<p><a href=\"https:\/\/ikastikos-kiklos.com\/en\/silkscreen-printing-method-giclee\/\">Silkscreen<\/a> signed and numbered by Kostas Tsoklis in 200 copies.<\/p>\n","protected":false},"featured_media":27639,"template":"","meta":{"ngg_post_thumbnail":0},"product_brand":[],"product_cat":[398,1987,396,1991],"product_tag":[2224,2267],"class_list":{"0":"post-45347","1":"product","2":"type-product","3":"status-publish","4":"has-post-thumbnail","6":"product_cat-collections","7":"product_cat-eshop-en","8":"product_cat-silkscreens","9":"product_cat-silkscreens-shop","10":"product_tag-silkscreen-en","11":"product_tag-tsoklis-kostas","12":"product_shipping_class-0-2kg","14":"first","15":"instock","16":"taxable","17":"shipping-taxable","18":"purchasable","19":"product-type-simple"},"yoast_head":"<!-- This site is optimized with the Yoast SEO plugin v27.4 - https:\/\/yoast.com\/product\/yoast-seo-wordpress\/ -->\n<title>Sketch Silkscreen by Kostas Tsoklis at Ikastikos Kiklos Sianti<\/title>\n<meta name=\"description\" content=\"Sketch Silkscreen by Kostas Tsoklis at Ikastikos Kiklos Sianti in dimensions 28x35 cm and 200 copies signed by the artist\" \/>\n<meta name=\"robots\" content=\"index, follow, max-snippet:-1, max-image-preview:large, max-video-preview:-1\" \/>\n<link rel=\"canonical\" href=\"https:\/\/ikastikos-kiklos.com\/en\/product\/sketch\/\" \/>\n<meta property=\"og:locale\" content=\"en_US\" \/>\n<meta property=\"og:type\" content=\"article\" \/>\n<meta property=\"og:title\" content=\"Sketch Silkscreen by Kostas Tsoklis at Ikastikos Kiklos Sianti\" \/>\n<meta property=\"og:description\" content=\"Sketch Silkscreen by Kostas Tsoklis at Ikastikos Kiklos Sianti in dimensions 28x35 cm and 200 copies signed by the artist\" \/>\n<meta property=\"og:url\" content=\"https:\/\/ikastikos-kiklos.com\/en\/product\/sketch\/\" \/>\n<meta property=\"og:site_name\" content=\"Ikastikos Kiklos - Zografik\u00ed - Metaxotyp\u00edes - T\u00e9chniPainting - Silk Screen - Art\" \/>\n<meta property=\"article:publisher\" content=\"https:\/\/www.facebook.com\/ikastikoskiklossianti\/\" \/>\n<meta property=\"article:modified_time\" content=\"2023-09-16T06:41:46+00:00\" \/>\n<meta property=\"og:image\" content=\"https:\/\/ikastikos-kiklos.com\/wp-content\/uploads\/2020\/09\/\u039a\u03ce\u03c3\u03c4\u03b1\u03c2-\u03a4\u03c3\u03cc\u03ba\u03bb\u03b7\u03c2-\u03a3\u03c7\u03ad\u03b4\u03b9\u03bf.jpg\" \/>\n\t<meta property=\"og:image:width\" content=\"1100\" \/>\n\t<meta property=\"og:image:height\" content=\"1361\" \/>\n\t<meta property=\"og:image:type\" content=\"image\/jpeg\" \/>\n<meta name=\"twitter:card\" content=\"summary_large_image\" \/>\n<meta name=\"twitter:label1\" content=\"Est. reading time\" \/>\n\t<meta name=\"twitter:data1\" content=\"1 minute\" \/>\n<script type=\"application\/ld+json\" class=\"yoast-schema-graph\">{\"@context\":\"https:\\\/\\\/schema.org\",\"@graph\":[{\"@type\":\"WebPage\",\"@id\":\"https:\\\/\\\/ikastikos-kiklos.com\\\/en\\\/product\\\/sketch\\\/\",\"url\":\"https:\\\/\\\/ikastikos-kiklos.com\\\/en\\\/product\\\/sketch\\\/\",\"name\":\"Sketch Silkscreen by Kostas Tsoklis at Ikastikos Kiklos Sianti\",\"isPartOf\":{\"@id\":\"https:\\\/\\\/ikastikos-kiklos.com\\\/en\\\/#website\"},\"primaryImageOfPage\":{\"@id\":\"https:\\\/\\\/ikastikos-kiklos.com\\\/en\\\/product\\\/sketch\\\/#primaryimage\"},\"image\":{\"@id\":\"https:\\\/\\\/ikastikos-kiklos.com\\\/en\\\/product\\\/sketch\\\/#primaryimage\"},\"thumbnailUrl\":\"https:\\\/\\\/ikastikos-kiklos.com\\\/wp-content\\\/uploads\\\/2020\\\/09\\\/\u039a\u03ce\u03c3\u03c4\u03b1\u03c2-\u03a4\u03c3\u03cc\u03ba\u03bb\u03b7\u03c2-\u03a3\u03c7\u03ad\u03b4\u03b9\u03bf.jpg\",\"datePublished\":\"2023-09-16T06:19:59+00:00\",\"dateModified\":\"2023-09-16T06:41:46+00:00\",\"description\":\"Sketch Silkscreen by Kostas Tsoklis at Ikastikos Kiklos Sianti in dimensions 28x35 cm and 200 copies signed by the artist\",\"breadcrumb\":{\"@id\":\"https:\\\/\\\/ikastikos-kiklos.com\\\/en\\\/product\\\/sketch\\\/#breadcrumb\"},\"inLanguage\":\"en-US\",\"potentialAction\":[{\"@type\":\"ReadAction\",\"target\":[\"https:\\\/\\\/ikastikos-kiklos.com\\\/en\\\/product\\\/sketch\\\/\"]}]},{\"@type\":\"ImageObject\",\"inLanguage\":\"en-US\",\"@id\":\"https:\\\/\\\/ikastikos-kiklos.com\\\/en\\\/product\\\/sketch\\\/#primaryimage\",\"url\":\"https:\\\/\\\/ikastikos-kiklos.com\\\/wp-content\\\/uploads\\\/2020\\\/09\\\/\u039a\u03ce\u03c3\u03c4\u03b1\u03c2-\u03a4\u03c3\u03cc\u03ba\u03bb\u03b7\u03c2-\u03a3\u03c7\u03ad\u03b4\u03b9\u03bf.jpg\",\"contentUrl\":\"https:\\\/\\\/ikastikos-kiklos.com\\\/wp-content\\\/uploads\\\/2020\\\/09\\\/\u039a\u03ce\u03c3\u03c4\u03b1\u03c2-\u03a4\u03c3\u03cc\u03ba\u03bb\u03b7\u03c2-\u03a3\u03c7\u03ad\u03b4\u03b9\u03bf.jpg\",\"width\":1100,\"height\":1361,\"caption\":\"\u03a3\u03c7\u03ad\u03b4\u03b9\u03bf \u039c\u03b5\u03c4\u03b1\u03be\u03bf\u03c4\u03c5\u03c0\u03af\u03b1 \u03b1\u03c0\u03cc \u03c4\u03bf\u03bd \u039a\u03ce\u03c3\u03c4\u03b1 \u03a4\u03c3\u03cc\u03ba\u03bb\u03b7 \u03c3\u03c4\u03bf\u03bd \u0395\u03b9\u03ba\u03b1\u03c3\u03c4\u03b9\u03ba\u03cc \u039a\u03cd\u03ba\u03bb\u03bf Sianti\"},{\"@type\":\"BreadcrumbList\",\"@id\":\"https:\\\/\\\/ikastikos-kiklos.com\\\/en\\\/product\\\/sketch\\\/#breadcrumb\",\"itemListElement\":[{\"@type\":\"ListItem\",\"position\":1,\"name\":\"Home\",\"item\":\"https:\\\/\\\/ikastikos-kiklos.com\\\/en\\\/\"},{\"@type\":\"ListItem\",\"position\":2,\"name\":\"\u0388\u03c1\u03b3\u03b1 \u03c4\u03ad\u03c7\u03bd\u03b7\u03c2\",\"item\":\"https:\\\/\\\/ikastikos-kiklos.com\\\/%ce%ad%cf%81%ce%b3%ce%b1-%cf%84%ce%ad%cf%87%ce%bd%ce%b7%cf%82\\\/\"},{\"@type\":\"ListItem\",\"position\":3,\"name\":\"Sketch\"}]},{\"@type\":\"WebSite\",\"@id\":\"https:\\\/\\\/ikastikos-kiklos.com\\\/en\\\/#website\",\"url\":\"https:\\\/\\\/ikastikos-kiklos.com\\\/en\\\/\",\"name\":\"Ikastikos Kiklos - Zografik\u00ed - Metaxotyp\u00edes - T\u00e9chniPainting - Silk Screen - Art\",\"description\":\"\",\"publisher\":{\"@id\":\"https:\\\/\\\/ikastikos-kiklos.com\\\/en\\\/#organization\"},\"potentialAction\":[{\"@type\":\"SearchAction\",\"target\":{\"@type\":\"EntryPoint\",\"urlTemplate\":\"https:\\\/\\\/ikastikos-kiklos.com\\\/en\\\/?s={search_term_string}\"},\"query-input\":{\"@type\":\"PropertyValueSpecification\",\"valueRequired\":true,\"valueName\":\"search_term_string\"}}],\"inLanguage\":\"en-US\"},{\"@type\":\"Organization\",\"@id\":\"https:\\\/\\\/ikastikos-kiklos.com\\\/en\\\/#organization\",\"name\":\"Ikastikos Kiklos - Zografik\u00ed - Metaxotyp\u00edes - T\u00e9chniPainting - Silk Screen - Art\",\"url\":\"https:\\\/\\\/ikastikos-kiklos.com\\\/en\\\/\",\"logo\":{\"@type\":\"ImageObject\",\"inLanguage\":\"en-US\",\"@id\":\"https:\\\/\\\/ikastikos-kiklos.com\\\/en\\\/#\\\/schema\\\/logo\\\/image\\\/\",\"url\":\"https:\\\/\\\/ikastikos-kiklos.com\\\/wp-content\\\/uploads\\\/2022\\\/10\\\/cropped-favicon_ikastikos.png\",\"contentUrl\":\"https:\\\/\\\/ikastikos-kiklos.com\\\/wp-content\\\/uploads\\\/2022\\\/10\\\/cropped-favicon_ikastikos.png\",\"width\":512,\"height\":512,\"caption\":\"Ikastikos Kiklos - Zografik\u00ed - Metaxotyp\u00edes - T\u00e9chniPainting - Silk Screen - Art\"},\"image\":{\"@id\":\"https:\\\/\\\/ikastikos-kiklos.com\\\/en\\\/#\\\/schema\\\/logo\\\/image\\\/\"},\"sameAs\":[\"https:\\\/\\\/www.facebook.com\\\/ikastikoskiklossianti\\\/\"]}]}<\/script>\n<!-- \/ Yoast SEO plugin. -->","yoast_head_json":{"title":"Sketch Silkscreen by Kostas Tsoklis at Ikastikos Kiklos Sianti","description":"Sketch Silkscreen by Kostas Tsoklis at Ikastikos Kiklos Sianti in dimensions 28x35 cm and 200 copies signed by the artist","robots":{"index":"index","follow":"follow","max-snippet":"max-snippet:-1","max-image-preview":"max-image-preview:large","max-video-preview":"max-video-preview:-1"},"canonical":"https:\/\/ikastikos-kiklos.com\/en\/product\/sketch\/","og_locale":"en_US","og_type":"article","og_title":"Sketch Silkscreen by Kostas Tsoklis at Ikastikos Kiklos Sianti","og_description":"Sketch Silkscreen by Kostas Tsoklis at Ikastikos Kiklos Sianti in dimensions 28x35 cm and 200 copies signed by the artist","og_url":"https:\/\/ikastikos-kiklos.com\/en\/product\/sketch\/","og_site_name":"Ikastikos Kiklos - Zografik\u00ed - Metaxotyp\u00edes - T\u00e9chniPainting - Silk Screen - Art","article_publisher":"https:\/\/www.facebook.com\/ikastikoskiklossianti\/","article_modified_time":"2023-09-16T06:41:46+00:00","og_image":[{"width":1100,"height":1361,"url":"https:\/\/ikastikos-kiklos.com\/wp-content\/uploads\/2020\/09\/\u039a\u03ce\u03c3\u03c4\u03b1\u03c2-\u03a4\u03c3\u03cc\u03ba\u03bb\u03b7\u03c2-\u03a3\u03c7\u03ad\u03b4\u03b9\u03bf.jpg","type":"image\/jpeg"}],"twitter_card":"summary_large_image","twitter_misc":{"Est. reading time":"1 minute"},"schema":{"@context":"https:\/\/schema.org","@graph":[{"@type":"WebPage","@id":"https:\/\/ikastikos-kiklos.com\/en\/product\/sketch\/","url":"https:\/\/ikastikos-kiklos.com\/en\/product\/sketch\/","name":"Sketch Silkscreen by Kostas Tsoklis at Ikastikos Kiklos Sianti","isPartOf":{"@id":"https:\/\/ikastikos-kiklos.com\/en\/#website"},"primaryImageOfPage":{"@id":"https:\/\/ikastikos-kiklos.com\/en\/product\/sketch\/#primaryimage"},"image":{"@id":"https:\/\/ikastikos-kiklos.com\/en\/product\/sketch\/#primaryimage"},"thumbnailUrl":"https:\/\/ikastikos-kiklos.com\/wp-content\/uploads\/2020\/09\/\u039a\u03ce\u03c3\u03c4\u03b1\u03c2-\u03a4\u03c3\u03cc\u03ba\u03bb\u03b7\u03c2-\u03a3\u03c7\u03ad\u03b4\u03b9\u03bf.jpg","datePublished":"2023-09-16T06:19:59+00:00","dateModified":"2023-09-16T06:41:46+00:00","description":"Sketch Silkscreen by Kostas Tsoklis at Ikastikos Kiklos Sianti in dimensions 28x35 cm and 200 copies signed by the artist","breadcrumb":{"@id":"https:\/\/ikastikos-kiklos.com\/en\/product\/sketch\/#breadcrumb"},"inLanguage":"en-US","potentialAction":[{"@type":"ReadAction","target":["https:\/\/ikastikos-kiklos.com\/en\/product\/sketch\/"]}]},{"@type":"ImageObject","inLanguage":"en-US","@id":"https:\/\/ikastikos-kiklos.com\/en\/product\/sketch\/#primaryimage","url":"https:\/\/ikastikos-kiklos.com\/wp-content\/uploads\/2020\/09\/\u039a\u03ce\u03c3\u03c4\u03b1\u03c2-\u03a4\u03c3\u03cc\u03ba\u03bb\u03b7\u03c2-\u03a3\u03c7\u03ad\u03b4\u03b9\u03bf.jpg","contentUrl":"https:\/\/ikastikos-kiklos.com\/wp-content\/uploads\/2020\/09\/\u039a\u03ce\u03c3\u03c4\u03b1\u03c2-\u03a4\u03c3\u03cc\u03ba\u03bb\u03b7\u03c2-\u03a3\u03c7\u03ad\u03b4\u03b9\u03bf.jpg","width":1100,"height":1361,"caption":"\u03a3\u03c7\u03ad\u03b4\u03b9\u03bf \u039c\u03b5\u03c4\u03b1\u03be\u03bf\u03c4\u03c5\u03c0\u03af\u03b1 \u03b1\u03c0\u03cc \u03c4\u03bf\u03bd \u039a\u03ce\u03c3\u03c4\u03b1 \u03a4\u03c3\u03cc\u03ba\u03bb\u03b7 \u03c3\u03c4\u03bf\u03bd \u0395\u03b9\u03ba\u03b1\u03c3\u03c4\u03b9\u03ba\u03cc \u039a\u03cd\u03ba\u03bb\u03bf Sianti"},{"@type":"BreadcrumbList","@id":"https:\/\/ikastikos-kiklos.com\/en\/product\/sketch\/#breadcrumb","itemListElement":[{"@type":"ListItem","position":1,"name":"Home","item":"https:\/\/ikastikos-kiklos.com\/en\/"},{"@type":"ListItem","position":2,"name":"\u0388\u03c1\u03b3\u03b1 \u03c4\u03ad\u03c7\u03bd\u03b7\u03c2","item":"https:\/\/ikastikos-kiklos.com\/%ce%ad%cf%81%ce%b3%ce%b1-%cf%84%ce%ad%cf%87%ce%bd%ce%b7%cf%82\/"},{"@type":"ListItem","position":3,"name":"Sketch"}]},{"@type":"WebSite","@id":"https:\/\/ikastikos-kiklos.com\/en\/#website","url":"https:\/\/ikastikos-kiklos.com\/en\/","name":"Ikastikos Kiklos - Zografik\u00ed - Metaxotyp\u00edes - T\u00e9chniPainting - Silk Screen - Art","description":"","publisher":{"@id":"https:\/\/ikastikos-kiklos.com\/en\/#organization"},"potentialAction":[{"@type":"SearchAction","target":{"@type":"EntryPoint","urlTemplate":"https:\/\/ikastikos-kiklos.com\/en\/?s={search_term_string}"},"query-input":{"@type":"PropertyValueSpecification","valueRequired":true,"valueName":"search_term_string"}}],"inLanguage":"en-US"},{"@type":"Organization","@id":"https:\/\/ikastikos-kiklos.com\/en\/#organization","name":"Ikastikos Kiklos - Zografik\u00ed - Metaxotyp\u00edes - T\u00e9chniPainting - Silk Screen - Art","url":"https:\/\/ikastikos-kiklos.com\/en\/","logo":{"@type":"ImageObject","inLanguage":"en-US","@id":"https:\/\/ikastikos-kiklos.com\/en\/#\/schema\/logo\/image\/","url":"https:\/\/ikastikos-kiklos.com\/wp-content\/uploads\/2022\/10\/cropped-favicon_ikastikos.png","contentUrl":"https:\/\/ikastikos-kiklos.com\/wp-content\/uploads\/2022\/10\/cropped-favicon_ikastikos.png","width":512,"height":512,"caption":"Ikastikos Kiklos - Zografik\u00ed - Metaxotyp\u00edes - T\u00e9chniPainting - Silk Screen - Art"},"image":{"@id":"https:\/\/ikastikos-kiklos.com\/en\/#\/schema\/logo\/image\/"},"sameAs":["https:\/\/www.facebook.com\/ikastikoskiklossianti\/"]}]}},"_links":{"self":[{"href":"https:\/\/ikastikos-kiklos.com\/en\/wp-json\/wp\/v2\/product\/45347","targetHints":{"allow":["GET"]}}],"collection":[{"href":"https:\/\/ikastikos-kiklos.com\/en\/wp-json\/wp\/v2\/product"}],"about":[{"href":"https:\/\/ikastikos-kiklos.com\/en\/wp-json\/wp\/v2\/types\/product"}],"wp:featuredmedia":[{"embeddable":true,"href":"https:\/\/ikastikos-kiklos.com\/en\/wp-json\/wp\/v2\/media\/27639"}],"wp:attachment":[{"href":"https:\/\/ikastikos-kiklos.com\/en\/wp-json\/wp\/v2\/media?parent=45347"}],"wp:term":[{"taxonomy":"product_brand","embeddable":true,"href":"https:\/\/ikastikos-kiklos.com\/en\/wp-json\/wp\/v2\/product_brand?post=45347"},{"taxonomy":"product_cat","embeddable":true,"href":"https:\/\/ikastikos-kiklos.com\/en\/wp-json\/wp\/v2\/product_cat?post=45347"},{"taxonomy":"product_tag","embeddable":true,"href":"https:\/\/ikastikos-kiklos.com\/en\/wp-json\/wp\/v2\/product_tag?post=45347"}],"curies":[{"name":"wp","href":"https:\/\/api.w.org\/{rel}","templated":true}]}}