{"id":45334,"date":"2023-09-15T17:15:08","date_gmt":"2023-09-15T14:15:08","guid":{"rendered":"https:\/\/ikastikos-kiklos.com\/product\/gorgo\/"},"modified":"2023-09-15T17:19:58","modified_gmt":"2023-09-15T14:19:58","slug":"gorgo","status":"publish","type":"product","link":"https:\/\/ikastikos-kiklos.com\/en\/product\/gorgo\/","title":{"rendered":"Gorgo"},"content":{"rendered":"","protected":false},"excerpt":{"rendered":"<p>First presentation in &#8220;<a href=\"https:\/\/ikastikos-kiklos.com\/en\/tondo-%ce%bf%ce%bc%ce%b1%ce%b4%ce%b9%ce%ba%ce%ae-%ce%ad%ce%ba%ce%b8%ce%b5%cf%83%ce%b7-%cf%83%cf%84%ce%b7%ce%bd-art-athina\/\">Art Athina 2023<\/a>&#8220;<\/p>\n","protected":false},"featured_media":45267,"template":"","meta":{"ngg_post_thumbnail":0},"product_brand":[],"product_cat":[398,1987,397,1989],"product_tag":[2456],"class_list":{"0":"post-45334","1":"product","2":"type-product","3":"status-publish","4":"has-post-thumbnail","6":"product_cat-collections","7":"product_cat-eshop-en","8":"product_cat-painting","9":"product_cat-painting-shop","10":"product_tag-papaioannou-christina","11":"product_shipping_class-30-50kg-en","13":"first","14":"instock","15":"taxable","16":"shipping-taxable","17":"purchasable","18":"product-type-simple"},"yoast_head":"<!-- This site is optimized with the Yoast SEO plugin v27.4 - https:\/\/yoast.com\/product\/yoast-seo-wordpress\/ -->\n<title>Gorgo Painting by Christina Papaioannou<\/title>\n<meta name=\"description\" content=\"Gorgo Painting by Christina Papaioannou at Ikastikos Kiklos Sianti with a diameter of 100cm and acrylics on canvas\" \/>\n<meta name=\"robots\" content=\"index, follow, max-snippet:-1, max-image-preview:large, max-video-preview:-1\" \/>\n<link rel=\"canonical\" href=\"https:\/\/ikastikos-kiklos.com\/en\/product\/gorgo\/\" \/>\n<meta property=\"og:locale\" content=\"en_US\" \/>\n<meta property=\"og:type\" content=\"article\" \/>\n<meta property=\"og:title\" content=\"Gorgo Painting by Christina Papaioannou\" \/>\n<meta property=\"og:description\" content=\"Gorgo Painting by Christina Papaioannou at Ikastikos Kiklos Sianti with a diameter of 100cm and acrylics on canvas\" \/>\n<meta property=\"og:url\" content=\"https:\/\/ikastikos-kiklos.com\/en\/product\/gorgo\/\" \/>\n<meta property=\"og:site_name\" content=\"Ikastikos Kiklos - Zografik\u00ed - Metaxotyp\u00edes - T\u00e9chniPainting - Silk Screen - Art\" \/>\n<meta property=\"article:publisher\" content=\"https:\/\/www.facebook.com\/ikastikoskiklossianti\/\" \/>\n<meta property=\"article:modified_time\" content=\"2023-09-15T14:19:58+00:00\" \/>\n<meta property=\"og:image\" content=\"https:\/\/ikastikos-kiklos.com\/wp-content\/uploads\/2023\/09\/gorgo-\u03c0\u03b1\u03c0\u03b1\u03b9\u03c9\u03ac\u03bd\u03bd\u03bf\u03c5-\u03c7\u03c1\u03b9\u03c3\u03c4\u03af\u03bd\u03b1.jpg\" \/>\n\t<meta property=\"og:image:width\" content=\"1200\" \/>\n\t<meta property=\"og:image:height\" content=\"1200\" \/>\n\t<meta property=\"og:image:type\" content=\"image\/jpeg\" \/>\n<meta name=\"twitter:card\" content=\"summary_large_image\" \/>\n<script type=\"application\/ld+json\" class=\"yoast-schema-graph\">{\"@context\":\"https:\\\/\\\/schema.org\",\"@graph\":[{\"@type\":\"WebPage\",\"@id\":\"https:\\\/\\\/ikastikos-kiklos.com\\\/en\\\/product\\\/gorgo\\\/\",\"url\":\"https:\\\/\\\/ikastikos-kiklos.com\\\/en\\\/product\\\/gorgo\\\/\",\"name\":\"Gorgo Painting by Christina Papaioannou\",\"isPartOf\":{\"@id\":\"https:\\\/\\\/ikastikos-kiklos.com\\\/en\\\/#website\"},\"primaryImageOfPage\":{\"@id\":\"https:\\\/\\\/ikastikos-kiklos.com\\\/en\\\/product\\\/gorgo\\\/#primaryimage\"},\"image\":{\"@id\":\"https:\\\/\\\/ikastikos-kiklos.com\\\/en\\\/product\\\/gorgo\\\/#primaryimage\"},\"thumbnailUrl\":\"https:\\\/\\\/ikastikos-kiklos.com\\\/wp-content\\\/uploads\\\/2023\\\/09\\\/gorgo-\u03c0\u03b1\u03c0\u03b1\u03b9\u03c9\u03ac\u03bd\u03bd\u03bf\u03c5-\u03c7\u03c1\u03b9\u03c3\u03c4\u03af\u03bd\u03b1.jpg\",\"datePublished\":\"2023-09-15T14:15:08+00:00\",\"dateModified\":\"2023-09-15T14:19:58+00:00\",\"description\":\"Gorgo Painting by Christina Papaioannou at Ikastikos Kiklos Sianti with a diameter of 100cm and acrylics on canvas\",\"breadcrumb\":{\"@id\":\"https:\\\/\\\/ikastikos-kiklos.com\\\/en\\\/product\\\/gorgo\\\/#breadcrumb\"},\"inLanguage\":\"en-US\",\"potentialAction\":[{\"@type\":\"ReadAction\",\"target\":[\"https:\\\/\\\/ikastikos-kiklos.com\\\/en\\\/product\\\/gorgo\\\/\"]}]},{\"@type\":\"ImageObject\",\"inLanguage\":\"en-US\",\"@id\":\"https:\\\/\\\/ikastikos-kiklos.com\\\/en\\\/product\\\/gorgo\\\/#primaryimage\",\"url\":\"https:\\\/\\\/ikastikos-kiklos.com\\\/wp-content\\\/uploads\\\/2023\\\/09\\\/gorgo-\u03c0\u03b1\u03c0\u03b1\u03b9\u03c9\u03ac\u03bd\u03bd\u03bf\u03c5-\u03c7\u03c1\u03b9\u03c3\u03c4\u03af\u03bd\u03b1.jpg\",\"contentUrl\":\"https:\\\/\\\/ikastikos-kiklos.com\\\/wp-content\\\/uploads\\\/2023\\\/09\\\/gorgo-\u03c0\u03b1\u03c0\u03b1\u03b9\u03c9\u03ac\u03bd\u03bd\u03bf\u03c5-\u03c7\u03c1\u03b9\u03c3\u03c4\u03af\u03bd\u03b1.jpg\",\"width\":1200,\"height\":1200,\"caption\":\"gorgo-\u03c0\u03b1\u03c0\u03b1\u03b9\u03c9\u03ac\u03bd\u03bd\u03bf\u03c5-\u03c7\u03c1\u03b9\u03c3\u03c4\u03af\u03bd\u03b1\"},{\"@type\":\"BreadcrumbList\",\"@id\":\"https:\\\/\\\/ikastikos-kiklos.com\\\/en\\\/product\\\/gorgo\\\/#breadcrumb\",\"itemListElement\":[{\"@type\":\"ListItem\",\"position\":1,\"name\":\"Home\",\"item\":\"https:\\\/\\\/ikastikos-kiklos.com\\\/en\\\/\"},{\"@type\":\"ListItem\",\"position\":2,\"name\":\"\u0388\u03c1\u03b3\u03b1 \u03c4\u03ad\u03c7\u03bd\u03b7\u03c2\",\"item\":\"https:\\\/\\\/ikastikos-kiklos.com\\\/%ce%ad%cf%81%ce%b3%ce%b1-%cf%84%ce%ad%cf%87%ce%bd%ce%b7%cf%82\\\/\"},{\"@type\":\"ListItem\",\"position\":3,\"name\":\"Gorgo\"}]},{\"@type\":\"WebSite\",\"@id\":\"https:\\\/\\\/ikastikos-kiklos.com\\\/en\\\/#website\",\"url\":\"https:\\\/\\\/ikastikos-kiklos.com\\\/en\\\/\",\"name\":\"Ikastikos Kiklos - Zografik\u00ed - Metaxotyp\u00edes - T\u00e9chniPainting - Silk Screen - Art\",\"description\":\"\",\"publisher\":{\"@id\":\"https:\\\/\\\/ikastikos-kiklos.com\\\/en\\\/#organization\"},\"potentialAction\":[{\"@type\":\"SearchAction\",\"target\":{\"@type\":\"EntryPoint\",\"urlTemplate\":\"https:\\\/\\\/ikastikos-kiklos.com\\\/en\\\/?s={search_term_string}\"},\"query-input\":{\"@type\":\"PropertyValueSpecification\",\"valueRequired\":true,\"valueName\":\"search_term_string\"}}],\"inLanguage\":\"en-US\"},{\"@type\":\"Organization\",\"@id\":\"https:\\\/\\\/ikastikos-kiklos.com\\\/en\\\/#organization\",\"name\":\"Ikastikos Kiklos - Zografik\u00ed - Metaxotyp\u00edes - T\u00e9chniPainting - Silk Screen - Art\",\"url\":\"https:\\\/\\\/ikastikos-kiklos.com\\\/en\\\/\",\"logo\":{\"@type\":\"ImageObject\",\"inLanguage\":\"en-US\",\"@id\":\"https:\\\/\\\/ikastikos-kiklos.com\\\/en\\\/#\\\/schema\\\/logo\\\/image\\\/\",\"url\":\"https:\\\/\\\/ikastikos-kiklos.com\\\/wp-content\\\/uploads\\\/2022\\\/10\\\/cropped-favicon_ikastikos.png\",\"contentUrl\":\"https:\\\/\\\/ikastikos-kiklos.com\\\/wp-content\\\/uploads\\\/2022\\\/10\\\/cropped-favicon_ikastikos.png\",\"width\":512,\"height\":512,\"caption\":\"Ikastikos Kiklos - Zografik\u00ed - Metaxotyp\u00edes - T\u00e9chniPainting - Silk Screen - Art\"},\"image\":{\"@id\":\"https:\\\/\\\/ikastikos-kiklos.com\\\/en\\\/#\\\/schema\\\/logo\\\/image\\\/\"},\"sameAs\":[\"https:\\\/\\\/www.facebook.com\\\/ikastikoskiklossianti\\\/\"]}]}<\/script>\n<!-- \/ Yoast SEO plugin. -->","yoast_head_json":{"title":"Gorgo Painting by Christina Papaioannou","description":"Gorgo Painting by Christina Papaioannou at Ikastikos Kiklos Sianti with a diameter of 100cm and acrylics on canvas","robots":{"index":"index","follow":"follow","max-snippet":"max-snippet:-1","max-image-preview":"max-image-preview:large","max-video-preview":"max-video-preview:-1"},"canonical":"https:\/\/ikastikos-kiklos.com\/en\/product\/gorgo\/","og_locale":"en_US","og_type":"article","og_title":"Gorgo Painting by Christina Papaioannou","og_description":"Gorgo Painting by Christina Papaioannou at Ikastikos Kiklos Sianti with a diameter of 100cm and acrylics on canvas","og_url":"https:\/\/ikastikos-kiklos.com\/en\/product\/gorgo\/","og_site_name":"Ikastikos Kiklos - Zografik\u00ed - Metaxotyp\u00edes - T\u00e9chniPainting - Silk Screen - Art","article_publisher":"https:\/\/www.facebook.com\/ikastikoskiklossianti\/","article_modified_time":"2023-09-15T14:19:58+00:00","og_image":[{"width":1200,"height":1200,"url":"https:\/\/ikastikos-kiklos.com\/wp-content\/uploads\/2023\/09\/gorgo-\u03c0\u03b1\u03c0\u03b1\u03b9\u03c9\u03ac\u03bd\u03bd\u03bf\u03c5-\u03c7\u03c1\u03b9\u03c3\u03c4\u03af\u03bd\u03b1.jpg","type":"image\/jpeg"}],"twitter_card":"summary_large_image","schema":{"@context":"https:\/\/schema.org","@graph":[{"@type":"WebPage","@id":"https:\/\/ikastikos-kiklos.com\/en\/product\/gorgo\/","url":"https:\/\/ikastikos-kiklos.com\/en\/product\/gorgo\/","name":"Gorgo Painting by Christina Papaioannou","isPartOf":{"@id":"https:\/\/ikastikos-kiklos.com\/en\/#website"},"primaryImageOfPage":{"@id":"https:\/\/ikastikos-kiklos.com\/en\/product\/gorgo\/#primaryimage"},"image":{"@id":"https:\/\/ikastikos-kiklos.com\/en\/product\/gorgo\/#primaryimage"},"thumbnailUrl":"https:\/\/ikastikos-kiklos.com\/wp-content\/uploads\/2023\/09\/gorgo-\u03c0\u03b1\u03c0\u03b1\u03b9\u03c9\u03ac\u03bd\u03bd\u03bf\u03c5-\u03c7\u03c1\u03b9\u03c3\u03c4\u03af\u03bd\u03b1.jpg","datePublished":"2023-09-15T14:15:08+00:00","dateModified":"2023-09-15T14:19:58+00:00","description":"Gorgo Painting by Christina Papaioannou at Ikastikos Kiklos Sianti with a diameter of 100cm and acrylics on canvas","breadcrumb":{"@id":"https:\/\/ikastikos-kiklos.com\/en\/product\/gorgo\/#breadcrumb"},"inLanguage":"en-US","potentialAction":[{"@type":"ReadAction","target":["https:\/\/ikastikos-kiklos.com\/en\/product\/gorgo\/"]}]},{"@type":"ImageObject","inLanguage":"en-US","@id":"https:\/\/ikastikos-kiklos.com\/en\/product\/gorgo\/#primaryimage","url":"https:\/\/ikastikos-kiklos.com\/wp-content\/uploads\/2023\/09\/gorgo-\u03c0\u03b1\u03c0\u03b1\u03b9\u03c9\u03ac\u03bd\u03bd\u03bf\u03c5-\u03c7\u03c1\u03b9\u03c3\u03c4\u03af\u03bd\u03b1.jpg","contentUrl":"https:\/\/ikastikos-kiklos.com\/wp-content\/uploads\/2023\/09\/gorgo-\u03c0\u03b1\u03c0\u03b1\u03b9\u03c9\u03ac\u03bd\u03bd\u03bf\u03c5-\u03c7\u03c1\u03b9\u03c3\u03c4\u03af\u03bd\u03b1.jpg","width":1200,"height":1200,"caption":"gorgo-\u03c0\u03b1\u03c0\u03b1\u03b9\u03c9\u03ac\u03bd\u03bd\u03bf\u03c5-\u03c7\u03c1\u03b9\u03c3\u03c4\u03af\u03bd\u03b1"},{"@type":"BreadcrumbList","@id":"https:\/\/ikastikos-kiklos.com\/en\/product\/gorgo\/#breadcrumb","itemListElement":[{"@type":"ListItem","position":1,"name":"Home","item":"https:\/\/ikastikos-kiklos.com\/en\/"},{"@type":"ListItem","position":2,"name":"\u0388\u03c1\u03b3\u03b1 \u03c4\u03ad\u03c7\u03bd\u03b7\u03c2","item":"https:\/\/ikastikos-kiklos.com\/%ce%ad%cf%81%ce%b3%ce%b1-%cf%84%ce%ad%cf%87%ce%bd%ce%b7%cf%82\/"},{"@type":"ListItem","position":3,"name":"Gorgo"}]},{"@type":"WebSite","@id":"https:\/\/ikastikos-kiklos.com\/en\/#website","url":"https:\/\/ikastikos-kiklos.com\/en\/","name":"Ikastikos Kiklos - Zografik\u00ed - Metaxotyp\u00edes - T\u00e9chniPainting - Silk Screen - Art","description":"","publisher":{"@id":"https:\/\/ikastikos-kiklos.com\/en\/#organization"},"potentialAction":[{"@type":"SearchAction","target":{"@type":"EntryPoint","urlTemplate":"https:\/\/ikastikos-kiklos.com\/en\/?s={search_term_string}"},"query-input":{"@type":"PropertyValueSpecification","valueRequired":true,"valueName":"search_term_string"}}],"inLanguage":"en-US"},{"@type":"Organization","@id":"https:\/\/ikastikos-kiklos.com\/en\/#organization","name":"Ikastikos Kiklos - Zografik\u00ed - Metaxotyp\u00edes - T\u00e9chniPainting - Silk Screen - Art","url":"https:\/\/ikastikos-kiklos.com\/en\/","logo":{"@type":"ImageObject","inLanguage":"en-US","@id":"https:\/\/ikastikos-kiklos.com\/en\/#\/schema\/logo\/image\/","url":"https:\/\/ikastikos-kiklos.com\/wp-content\/uploads\/2022\/10\/cropped-favicon_ikastikos.png","contentUrl":"https:\/\/ikastikos-kiklos.com\/wp-content\/uploads\/2022\/10\/cropped-favicon_ikastikos.png","width":512,"height":512,"caption":"Ikastikos Kiklos - Zografik\u00ed - Metaxotyp\u00edes - T\u00e9chniPainting - Silk Screen - Art"},"image":{"@id":"https:\/\/ikastikos-kiklos.com\/en\/#\/schema\/logo\/image\/"},"sameAs":["https:\/\/www.facebook.com\/ikastikoskiklossianti\/"]}]}},"_links":{"self":[{"href":"https:\/\/ikastikos-kiklos.com\/en\/wp-json\/wp\/v2\/product\/45334","targetHints":{"allow":["GET"]}}],"collection":[{"href":"https:\/\/ikastikos-kiklos.com\/en\/wp-json\/wp\/v2\/product"}],"about":[{"href":"https:\/\/ikastikos-kiklos.com\/en\/wp-json\/wp\/v2\/types\/product"}],"wp:featuredmedia":[{"embeddable":true,"href":"https:\/\/ikastikos-kiklos.com\/en\/wp-json\/wp\/v2\/media\/45267"}],"wp:attachment":[{"href":"https:\/\/ikastikos-kiklos.com\/en\/wp-json\/wp\/v2\/media?parent=45334"}],"wp:term":[{"taxonomy":"product_brand","embeddable":true,"href":"https:\/\/ikastikos-kiklos.com\/en\/wp-json\/wp\/v2\/product_brand?post=45334"},{"taxonomy":"product_cat","embeddable":true,"href":"https:\/\/ikastikos-kiklos.com\/en\/wp-json\/wp\/v2\/product_cat?post=45334"},{"taxonomy":"product_tag","embeddable":true,"href":"https:\/\/ikastikos-kiklos.com\/en\/wp-json\/wp\/v2\/product_tag?post=45334"}],"curies":[{"name":"wp","href":"https:\/\/api.w.org\/{rel}","templated":true}]}}