{"id":45109,"date":"2023-09-07T10:02:14","date_gmt":"2023-09-07T07:02:14","guid":{"rendered":"https:\/\/ikastikos-kiklos.com\/product\/lagonisi\/"},"modified":"2023-09-07T10:05:27","modified_gmt":"2023-09-07T07:05:27","slug":"lagonisi","status":"publish","type":"product","link":"https:\/\/ikastikos-kiklos.com\/en\/product\/lagonisi\/","title":{"rendered":"Lagonisi"},"content":{"rendered":"","protected":false},"excerpt":{"rendered":"<p><a href=\"https:\/\/ikastikos-kiklos.com\/en\/silkscreen-printing-method-giclee\/\">Gicl\u00e9e<\/a> numbered and signed by Dimitris Koukos in 50 copies. Mounted on plexiglass dimensions 30x16x3 cm.<\/p>\n","protected":false},"featured_media":32520,"template":"","meta":{"ngg_post_thumbnail":0},"product_brand":[],"product_cat":[402,1993,398,1987],"product_tag":[1723,3051,1065,2229],"class_list":{"0":"post-45109","1":"product","2":"type-product","3":"status-publish","4":"has-post-thumbnail","6":"product_cat-art-objects","7":"product_cat-art-objects-shop","8":"product_cat-collections","9":"product_cat-eshop-en","10":"product_tag-art-objects","11":"product_tag-art-objects-en","12":"product_tag-dimitris-koukos","13":"product_tag---en","14":"product_shipping_class-0-2kg","16":"first","17":"instock","18":"taxable","19":"shipping-taxable","20":"purchasable","21":"product-type-simple"},"yoast_head":"<!-- This site is optimized with the Yoast SEO plugin v27.2 - https:\/\/yoast.com\/product\/yoast-seo-wordpress\/ -->\n<title>Lagonisi Silkscreen on Plexiglas by Dimitris Koukos<\/title>\n<meta name=\"description\" content=\"Lagonisi Silkscreen on Plexiglas by Dimitris Koukos at Ikastikos Kiklos Sianti in dimensions 20x9 cm and 50 copies\" \/>\n<meta name=\"robots\" content=\"index, follow, max-snippet:-1, max-image-preview:large, max-video-preview:-1\" \/>\n<link rel=\"canonical\" href=\"https:\/\/ikastikos-kiklos.com\/en\/product\/lagonisi\/\" \/>\n<meta property=\"og:locale\" content=\"en_US\" \/>\n<meta property=\"og:type\" content=\"article\" \/>\n<meta property=\"og:title\" content=\"Lagonisi Silkscreen on Plexiglas by Dimitris Koukos\" \/>\n<meta property=\"og:description\" content=\"Lagonisi Silkscreen on Plexiglas by Dimitris Koukos at Ikastikos Kiklos Sianti in dimensions 20x9 cm and 50 copies\" \/>\n<meta property=\"og:url\" content=\"https:\/\/ikastikos-kiklos.com\/en\/product\/lagonisi\/\" \/>\n<meta property=\"og:site_name\" content=\"Ikastikos Kiklos - Zografik\u00ed - Metaxotyp\u00edes - T\u00e9chniPainting - Silk Screen - Art\" \/>\n<meta property=\"article:publisher\" content=\"https:\/\/www.facebook.com\/ikastikoskiklossianti\/\" \/>\n<meta property=\"article:modified_time\" content=\"2023-09-07T07:05:27+00:00\" \/>\n<meta property=\"og:image\" content=\"https:\/\/ikastikos-kiklos.com\/wp-content\/uploads\/2021\/02\/\u03ba\u03bf\u03cd\u03ba\u03bf\u03c2-\u03b4\u03b7\u03bc\u03ae\u03c4\u03c1\u03b7\u03c2-\u03bb\u03b1\u03b3\u03bf\u03bd\u03ae\u03c3\u03b9-\u03bc\u03b5\u03c4\u03b1\u03be\u03bf\u03c4\u03c5\u03c0\u03af\u03b1-\u03c0\u03bb\u03ad\u03be\u03b9\u03b3\u03ba\u03bb\u03b1\u03c2-1.jpg\" \/>\n\t<meta property=\"og:image:width\" content=\"2000\" \/>\n\t<meta property=\"og:image:height\" content=\"1404\" \/>\n\t<meta property=\"og:image:type\" content=\"image\/jpeg\" \/>\n<meta name=\"twitter:card\" content=\"summary_large_image\" \/>\n<script type=\"application\/ld+json\" class=\"yoast-schema-graph\">{\"@context\":\"https:\/\/schema.org\",\"@graph\":[{\"@type\":\"WebPage\",\"@id\":\"https:\/\/ikastikos-kiklos.com\/en\/product\/lagonisi\/\",\"url\":\"https:\/\/ikastikos-kiklos.com\/en\/product\/lagonisi\/\",\"name\":\"Lagonisi Silkscreen on Plexiglas by Dimitris Koukos\",\"isPartOf\":{\"@id\":\"https:\/\/ikastikos-kiklos.com\/en\/#website\"},\"primaryImageOfPage\":{\"@id\":\"https:\/\/ikastikos-kiklos.com\/en\/product\/lagonisi\/#primaryimage\"},\"image\":{\"@id\":\"https:\/\/ikastikos-kiklos.com\/en\/product\/lagonisi\/#primaryimage\"},\"thumbnailUrl\":\"https:\/\/ikastikos-kiklos.com\/wp-content\/uploads\/2021\/02\/\u03ba\u03bf\u03cd\u03ba\u03bf\u03c2-\u03b4\u03b7\u03bc\u03ae\u03c4\u03c1\u03b7\u03c2-\u03bb\u03b1\u03b3\u03bf\u03bd\u03ae\u03c3\u03b9-\u03bc\u03b5\u03c4\u03b1\u03be\u03bf\u03c4\u03c5\u03c0\u03af\u03b1-\u03c0\u03bb\u03ad\u03be\u03b9\u03b3\u03ba\u03bb\u03b1\u03c2-1.jpg\",\"datePublished\":\"2023-09-07T07:02:14+00:00\",\"dateModified\":\"2023-09-07T07:05:27+00:00\",\"description\":\"Lagonisi Silkscreen on Plexiglas by Dimitris Koukos at Ikastikos Kiklos Sianti in dimensions 20x9 cm and 50 copies\",\"breadcrumb\":{\"@id\":\"https:\/\/ikastikos-kiklos.com\/en\/product\/lagonisi\/#breadcrumb\"},\"inLanguage\":\"en-US\",\"potentialAction\":[{\"@type\":\"ReadAction\",\"target\":[\"https:\/\/ikastikos-kiklos.com\/en\/product\/lagonisi\/\"]}]},{\"@type\":\"ImageObject\",\"inLanguage\":\"en-US\",\"@id\":\"https:\/\/ikastikos-kiklos.com\/en\/product\/lagonisi\/#primaryimage\",\"url\":\"https:\/\/ikastikos-kiklos.com\/wp-content\/uploads\/2021\/02\/\u03ba\u03bf\u03cd\u03ba\u03bf\u03c2-\u03b4\u03b7\u03bc\u03ae\u03c4\u03c1\u03b7\u03c2-\u03bb\u03b1\u03b3\u03bf\u03bd\u03ae\u03c3\u03b9-\u03bc\u03b5\u03c4\u03b1\u03be\u03bf\u03c4\u03c5\u03c0\u03af\u03b1-\u03c0\u03bb\u03ad\u03be\u03b9\u03b3\u03ba\u03bb\u03b1\u03c2-1.jpg\",\"contentUrl\":\"https:\/\/ikastikos-kiklos.com\/wp-content\/uploads\/2021\/02\/\u03ba\u03bf\u03cd\u03ba\u03bf\u03c2-\u03b4\u03b7\u03bc\u03ae\u03c4\u03c1\u03b7\u03c2-\u03bb\u03b1\u03b3\u03bf\u03bd\u03ae\u03c3\u03b9-\u03bc\u03b5\u03c4\u03b1\u03be\u03bf\u03c4\u03c5\u03c0\u03af\u03b1-\u03c0\u03bb\u03ad\u03be\u03b9\u03b3\u03ba\u03bb\u03b1\u03c2-1.jpg\",\"width\":2000,\"height\":1404},{\"@type\":\"BreadcrumbList\",\"@id\":\"https:\/\/ikastikos-kiklos.com\/en\/product\/lagonisi\/#breadcrumb\",\"itemListElement\":[{\"@type\":\"ListItem\",\"position\":1,\"name\":\"Home\",\"item\":\"https:\/\/ikastikos-kiklos.com\/en\/\"},{\"@type\":\"ListItem\",\"position\":2,\"name\":\"\u0388\u03c1\u03b3\u03b1 \u03c4\u03ad\u03c7\u03bd\u03b7\u03c2\",\"item\":\"https:\/\/ikastikos-kiklos.com\/%ce%ad%cf%81%ce%b3%ce%b1-%cf%84%ce%ad%cf%87%ce%bd%ce%b7%cf%82\/\"},{\"@type\":\"ListItem\",\"position\":3,\"name\":\"Lagonisi\"}]},{\"@type\":\"WebSite\",\"@id\":\"https:\/\/ikastikos-kiklos.com\/en\/#website\",\"url\":\"https:\/\/ikastikos-kiklos.com\/en\/\",\"name\":\"Ikastikos Kiklos - Zografik\u00ed - Metaxotyp\u00edes - T\u00e9chniPainting - Silk Screen - Art\",\"description\":\"\",\"publisher\":{\"@id\":\"https:\/\/ikastikos-kiklos.com\/en\/#organization\"},\"potentialAction\":[{\"@type\":\"SearchAction\",\"target\":{\"@type\":\"EntryPoint\",\"urlTemplate\":\"https:\/\/ikastikos-kiklos.com\/en\/?s={search_term_string}\"},\"query-input\":{\"@type\":\"PropertyValueSpecification\",\"valueRequired\":true,\"valueName\":\"search_term_string\"}}],\"inLanguage\":\"en-US\"},{\"@type\":\"Organization\",\"@id\":\"https:\/\/ikastikos-kiklos.com\/en\/#organization\",\"name\":\"Ikastikos Kiklos - Zografik\u00ed - Metaxotyp\u00edes - T\u00e9chniPainting - Silk Screen - Art\",\"url\":\"https:\/\/ikastikos-kiklos.com\/en\/\",\"logo\":{\"@type\":\"ImageObject\",\"inLanguage\":\"en-US\",\"@id\":\"https:\/\/ikastikos-kiklos.com\/en\/#\/schema\/logo\/image\/\",\"url\":\"https:\/\/ikastikos-kiklos.com\/wp-content\/uploads\/2022\/10\/cropped-favicon_ikastikos.png\",\"contentUrl\":\"https:\/\/ikastikos-kiklos.com\/wp-content\/uploads\/2022\/10\/cropped-favicon_ikastikos.png\",\"width\":512,\"height\":512,\"caption\":\"Ikastikos Kiklos - Zografik\u00ed - Metaxotyp\u00edes - T\u00e9chniPainting - Silk Screen - Art\"},\"image\":{\"@id\":\"https:\/\/ikastikos-kiklos.com\/en\/#\/schema\/logo\/image\/\"},\"sameAs\":[\"https:\/\/www.facebook.com\/ikastikoskiklossianti\/\"]}]}<\/script>\n<!-- \/ Yoast SEO plugin. -->","yoast_head_json":{"title":"Lagonisi Silkscreen on Plexiglas by Dimitris Koukos","description":"Lagonisi Silkscreen on Plexiglas by Dimitris Koukos at Ikastikos Kiklos Sianti in dimensions 20x9 cm and 50 copies","robots":{"index":"index","follow":"follow","max-snippet":"max-snippet:-1","max-image-preview":"max-image-preview:large","max-video-preview":"max-video-preview:-1"},"canonical":"https:\/\/ikastikos-kiklos.com\/en\/product\/lagonisi\/","og_locale":"en_US","og_type":"article","og_title":"Lagonisi Silkscreen on Plexiglas by Dimitris Koukos","og_description":"Lagonisi Silkscreen on Plexiglas by Dimitris Koukos at Ikastikos Kiklos Sianti in dimensions 20x9 cm and 50 copies","og_url":"https:\/\/ikastikos-kiklos.com\/en\/product\/lagonisi\/","og_site_name":"Ikastikos Kiklos - Zografik\u00ed - Metaxotyp\u00edes - T\u00e9chniPainting - Silk Screen - Art","article_publisher":"https:\/\/www.facebook.com\/ikastikoskiklossianti\/","article_modified_time":"2023-09-07T07:05:27+00:00","og_image":[{"width":2000,"height":1404,"url":"https:\/\/ikastikos-kiklos.com\/wp-content\/uploads\/2021\/02\/\u03ba\u03bf\u03cd\u03ba\u03bf\u03c2-\u03b4\u03b7\u03bc\u03ae\u03c4\u03c1\u03b7\u03c2-\u03bb\u03b1\u03b3\u03bf\u03bd\u03ae\u03c3\u03b9-\u03bc\u03b5\u03c4\u03b1\u03be\u03bf\u03c4\u03c5\u03c0\u03af\u03b1-\u03c0\u03bb\u03ad\u03be\u03b9\u03b3\u03ba\u03bb\u03b1\u03c2-1.jpg","type":"image\/jpeg"}],"twitter_card":"summary_large_image","schema":{"@context":"https:\/\/schema.org","@graph":[{"@type":"WebPage","@id":"https:\/\/ikastikos-kiklos.com\/en\/product\/lagonisi\/","url":"https:\/\/ikastikos-kiklos.com\/en\/product\/lagonisi\/","name":"Lagonisi Silkscreen on Plexiglas by Dimitris Koukos","isPartOf":{"@id":"https:\/\/ikastikos-kiklos.com\/en\/#website"},"primaryImageOfPage":{"@id":"https:\/\/ikastikos-kiklos.com\/en\/product\/lagonisi\/#primaryimage"},"image":{"@id":"https:\/\/ikastikos-kiklos.com\/en\/product\/lagonisi\/#primaryimage"},"thumbnailUrl":"https:\/\/ikastikos-kiklos.com\/wp-content\/uploads\/2021\/02\/\u03ba\u03bf\u03cd\u03ba\u03bf\u03c2-\u03b4\u03b7\u03bc\u03ae\u03c4\u03c1\u03b7\u03c2-\u03bb\u03b1\u03b3\u03bf\u03bd\u03ae\u03c3\u03b9-\u03bc\u03b5\u03c4\u03b1\u03be\u03bf\u03c4\u03c5\u03c0\u03af\u03b1-\u03c0\u03bb\u03ad\u03be\u03b9\u03b3\u03ba\u03bb\u03b1\u03c2-1.jpg","datePublished":"2023-09-07T07:02:14+00:00","dateModified":"2023-09-07T07:05:27+00:00","description":"Lagonisi Silkscreen on Plexiglas by Dimitris Koukos at Ikastikos Kiklos Sianti in dimensions 20x9 cm and 50 copies","breadcrumb":{"@id":"https:\/\/ikastikos-kiklos.com\/en\/product\/lagonisi\/#breadcrumb"},"inLanguage":"en-US","potentialAction":[{"@type":"ReadAction","target":["https:\/\/ikastikos-kiklos.com\/en\/product\/lagonisi\/"]}]},{"@type":"ImageObject","inLanguage":"en-US","@id":"https:\/\/ikastikos-kiklos.com\/en\/product\/lagonisi\/#primaryimage","url":"https:\/\/ikastikos-kiklos.com\/wp-content\/uploads\/2021\/02\/\u03ba\u03bf\u03cd\u03ba\u03bf\u03c2-\u03b4\u03b7\u03bc\u03ae\u03c4\u03c1\u03b7\u03c2-\u03bb\u03b1\u03b3\u03bf\u03bd\u03ae\u03c3\u03b9-\u03bc\u03b5\u03c4\u03b1\u03be\u03bf\u03c4\u03c5\u03c0\u03af\u03b1-\u03c0\u03bb\u03ad\u03be\u03b9\u03b3\u03ba\u03bb\u03b1\u03c2-1.jpg","contentUrl":"https:\/\/ikastikos-kiklos.com\/wp-content\/uploads\/2021\/02\/\u03ba\u03bf\u03cd\u03ba\u03bf\u03c2-\u03b4\u03b7\u03bc\u03ae\u03c4\u03c1\u03b7\u03c2-\u03bb\u03b1\u03b3\u03bf\u03bd\u03ae\u03c3\u03b9-\u03bc\u03b5\u03c4\u03b1\u03be\u03bf\u03c4\u03c5\u03c0\u03af\u03b1-\u03c0\u03bb\u03ad\u03be\u03b9\u03b3\u03ba\u03bb\u03b1\u03c2-1.jpg","width":2000,"height":1404},{"@type":"BreadcrumbList","@id":"https:\/\/ikastikos-kiklos.com\/en\/product\/lagonisi\/#breadcrumb","itemListElement":[{"@type":"ListItem","position":1,"name":"Home","item":"https:\/\/ikastikos-kiklos.com\/en\/"},{"@type":"ListItem","position":2,"name":"\u0388\u03c1\u03b3\u03b1 \u03c4\u03ad\u03c7\u03bd\u03b7\u03c2","item":"https:\/\/ikastikos-kiklos.com\/%ce%ad%cf%81%ce%b3%ce%b1-%cf%84%ce%ad%cf%87%ce%bd%ce%b7%cf%82\/"},{"@type":"ListItem","position":3,"name":"Lagonisi"}]},{"@type":"WebSite","@id":"https:\/\/ikastikos-kiklos.com\/en\/#website","url":"https:\/\/ikastikos-kiklos.com\/en\/","name":"Ikastikos Kiklos - Zografik\u00ed - Metaxotyp\u00edes - T\u00e9chniPainting - Silk Screen - Art","description":"","publisher":{"@id":"https:\/\/ikastikos-kiklos.com\/en\/#organization"},"potentialAction":[{"@type":"SearchAction","target":{"@type":"EntryPoint","urlTemplate":"https:\/\/ikastikos-kiklos.com\/en\/?s={search_term_string}"},"query-input":{"@type":"PropertyValueSpecification","valueRequired":true,"valueName":"search_term_string"}}],"inLanguage":"en-US"},{"@type":"Organization","@id":"https:\/\/ikastikos-kiklos.com\/en\/#organization","name":"Ikastikos Kiklos - Zografik\u00ed - Metaxotyp\u00edes - T\u00e9chniPainting - Silk Screen - Art","url":"https:\/\/ikastikos-kiklos.com\/en\/","logo":{"@type":"ImageObject","inLanguage":"en-US","@id":"https:\/\/ikastikos-kiklos.com\/en\/#\/schema\/logo\/image\/","url":"https:\/\/ikastikos-kiklos.com\/wp-content\/uploads\/2022\/10\/cropped-favicon_ikastikos.png","contentUrl":"https:\/\/ikastikos-kiklos.com\/wp-content\/uploads\/2022\/10\/cropped-favicon_ikastikos.png","width":512,"height":512,"caption":"Ikastikos Kiklos - Zografik\u00ed - Metaxotyp\u00edes - T\u00e9chniPainting - Silk Screen - Art"},"image":{"@id":"https:\/\/ikastikos-kiklos.com\/en\/#\/schema\/logo\/image\/"},"sameAs":["https:\/\/www.facebook.com\/ikastikoskiklossianti\/"]}]}},"_links":{"self":[{"href":"https:\/\/ikastikos-kiklos.com\/en\/wp-json\/wp\/v2\/product\/45109","targetHints":{"allow":["GET"]}}],"collection":[{"href":"https:\/\/ikastikos-kiklos.com\/en\/wp-json\/wp\/v2\/product"}],"about":[{"href":"https:\/\/ikastikos-kiklos.com\/en\/wp-json\/wp\/v2\/types\/product"}],"wp:featuredmedia":[{"embeddable":true,"href":"https:\/\/ikastikos-kiklos.com\/en\/wp-json\/wp\/v2\/media\/32520"}],"wp:attachment":[{"href":"https:\/\/ikastikos-kiklos.com\/en\/wp-json\/wp\/v2\/media?parent=45109"}],"wp:term":[{"taxonomy":"product_brand","embeddable":true,"href":"https:\/\/ikastikos-kiklos.com\/en\/wp-json\/wp\/v2\/product_brand?post=45109"},{"taxonomy":"product_cat","embeddable":true,"href":"https:\/\/ikastikos-kiklos.com\/en\/wp-json\/wp\/v2\/product_cat?post=45109"},{"taxonomy":"product_tag","embeddable":true,"href":"https:\/\/ikastikos-kiklos.com\/en\/wp-json\/wp\/v2\/product_tag?post=45109"}],"curies":[{"name":"wp","href":"https:\/\/api.w.org\/{rel}","templated":true}]}}