{"id":45093,"date":"2023-09-06T19:55:00","date_gmt":"2023-09-06T16:55:00","guid":{"rendered":"https:\/\/ikastikos-kiklos.com\/product\/man-with-hat\/"},"modified":"2023-09-06T19:59:39","modified_gmt":"2023-09-06T16:59:39","slug":"man-with-hat","status":"publish","type":"product","link":"https:\/\/ikastikos-kiklos.com\/en\/product\/man-with-hat\/","title":{"rendered":"Man with Hat"},"content":{"rendered":"","protected":false},"excerpt":{"rendered":"<p>Presented at the solo exhibition <a href=\"https:\/\/ikastikos-kiklos.com\/en\/christos-karas-the-great-dreamlike\/\">\u201cChristos Karas, The Great Dreamlike\u201d<\/a> at Ikastikos Kiklos Sianti<\/p>\n","protected":false},"featured_media":40956,"template":"","meta":{"ngg_post_thumbnail":0},"product_brand":[],"product_cat":[398,401],"product_tag":[2607],"class_list":{"0":"post-45093","1":"product","2":"type-product","3":"status-publish","4":"has-post-thumbnail","6":"product_cat-collections","7":"product_cat-sculpture","8":"product_tag-karas-christos","10":"first","11":"instock","12":"taxable","13":"shipping-taxable","14":"product-type-simple"},"yoast_head":"<!-- This site is optimized with the Yoast SEO plugin v27.4 - https:\/\/yoast.com\/product\/yoast-seo-wordpress\/ -->\n<title>Man with Hat Sculpture by Christos Karas<\/title>\n<meta name=\"description\" content=\"Man with Hat Sculpture by Christos Karas at Ikastikos Kiklos Sianti\" \/>\n<meta name=\"robots\" content=\"index, follow, max-snippet:-1, max-image-preview:large, max-video-preview:-1\" \/>\n<link rel=\"canonical\" href=\"https:\/\/ikastikos-kiklos.com\/en\/product\/man-with-hat\/\" \/>\n<meta property=\"og:locale\" content=\"en_US\" \/>\n<meta property=\"og:type\" content=\"article\" \/>\n<meta property=\"og:title\" content=\"Man with Hat Sculpture by Christos Karas\" \/>\n<meta property=\"og:description\" content=\"Man with Hat Sculpture by Christos Karas at Ikastikos Kiklos Sianti\" \/>\n<meta property=\"og:url\" content=\"https:\/\/ikastikos-kiklos.com\/en\/product\/man-with-hat\/\" \/>\n<meta property=\"og:site_name\" content=\"Ikastikos Kiklos - Zografik\u00ed - Metaxotyp\u00edes - T\u00e9chniPainting - Silk Screen - Art\" \/>\n<meta property=\"article:publisher\" content=\"https:\/\/www.facebook.com\/ikastikoskiklossianti\/\" \/>\n<meta property=\"article:modified_time\" content=\"2023-09-06T16:59:39+00:00\" \/>\n<meta property=\"og:image\" content=\"https:\/\/ikastikos-kiklos.com\/wp-content\/uploads\/2022\/10\/\u03ac\u03bd\u03b8\u03c1\u03c9\u03c0\u03bf\u03c2-\u03bc\u03b5-\u03ba\u03b1\u03c0\u03ad\u03bb\u03bf-\u03ba\u03b1\u03c1\u03ac\u03c2-\u03c7\u03c1\u03af\u03c3\u03c4\u03bf\u03c2.jpg\" \/>\n\t<meta property=\"og:image:width\" content=\"1642\" \/>\n\t<meta property=\"og:image:height\" content=\"1918\" \/>\n\t<meta property=\"og:image:type\" content=\"image\/jpeg\" \/>\n<meta name=\"twitter:card\" content=\"summary_large_image\" \/>\n<script type=\"application\/ld+json\" class=\"yoast-schema-graph\">{\"@context\":\"https:\\\/\\\/schema.org\",\"@graph\":[{\"@type\":\"WebPage\",\"@id\":\"https:\\\/\\\/ikastikos-kiklos.com\\\/en\\\/product\\\/man-with-hat\\\/\",\"url\":\"https:\\\/\\\/ikastikos-kiklos.com\\\/en\\\/product\\\/man-with-hat\\\/\",\"name\":\"Man with Hat Sculpture by Christos Karas\",\"isPartOf\":{\"@id\":\"https:\\\/\\\/ikastikos-kiklos.com\\\/en\\\/#website\"},\"primaryImageOfPage\":{\"@id\":\"https:\\\/\\\/ikastikos-kiklos.com\\\/en\\\/product\\\/man-with-hat\\\/#primaryimage\"},\"image\":{\"@id\":\"https:\\\/\\\/ikastikos-kiklos.com\\\/en\\\/product\\\/man-with-hat\\\/#primaryimage\"},\"thumbnailUrl\":\"https:\\\/\\\/ikastikos-kiklos.com\\\/wp-content\\\/uploads\\\/2022\\\/10\\\/\u03ac\u03bd\u03b8\u03c1\u03c9\u03c0\u03bf\u03c2-\u03bc\u03b5-\u03ba\u03b1\u03c0\u03ad\u03bb\u03bf-\u03ba\u03b1\u03c1\u03ac\u03c2-\u03c7\u03c1\u03af\u03c3\u03c4\u03bf\u03c2.jpg\",\"datePublished\":\"2023-09-06T16:55:00+00:00\",\"dateModified\":\"2023-09-06T16:59:39+00:00\",\"description\":\"Man with Hat Sculpture by Christos Karas at Ikastikos Kiklos Sianti\",\"breadcrumb\":{\"@id\":\"https:\\\/\\\/ikastikos-kiklos.com\\\/en\\\/product\\\/man-with-hat\\\/#breadcrumb\"},\"inLanguage\":\"en-US\",\"potentialAction\":[{\"@type\":\"ReadAction\",\"target\":[\"https:\\\/\\\/ikastikos-kiklos.com\\\/en\\\/product\\\/man-with-hat\\\/\"]}]},{\"@type\":\"ImageObject\",\"inLanguage\":\"en-US\",\"@id\":\"https:\\\/\\\/ikastikos-kiklos.com\\\/en\\\/product\\\/man-with-hat\\\/#primaryimage\",\"url\":\"https:\\\/\\\/ikastikos-kiklos.com\\\/wp-content\\\/uploads\\\/2022\\\/10\\\/\u03ac\u03bd\u03b8\u03c1\u03c9\u03c0\u03bf\u03c2-\u03bc\u03b5-\u03ba\u03b1\u03c0\u03ad\u03bb\u03bf-\u03ba\u03b1\u03c1\u03ac\u03c2-\u03c7\u03c1\u03af\u03c3\u03c4\u03bf\u03c2.jpg\",\"contentUrl\":\"https:\\\/\\\/ikastikos-kiklos.com\\\/wp-content\\\/uploads\\\/2022\\\/10\\\/\u03ac\u03bd\u03b8\u03c1\u03c9\u03c0\u03bf\u03c2-\u03bc\u03b5-\u03ba\u03b1\u03c0\u03ad\u03bb\u03bf-\u03ba\u03b1\u03c1\u03ac\u03c2-\u03c7\u03c1\u03af\u03c3\u03c4\u03bf\u03c2.jpg\",\"width\":1642,\"height\":1918,\"caption\":\"\u03ac\u03bd\u03b8\u03c1\u03c9\u03c0\u03bf\u03c2-\u03bc\u03b5-\u03ba\u03b1\u03c0\u03ad\u03bb\u03bf-\u03ba\u03b1\u03c1\u03ac\u03c2-\u03c7\u03c1\u03af\u03c3\u03c4\u03bf\u03c2\"},{\"@type\":\"BreadcrumbList\",\"@id\":\"https:\\\/\\\/ikastikos-kiklos.com\\\/en\\\/product\\\/man-with-hat\\\/#breadcrumb\",\"itemListElement\":[{\"@type\":\"ListItem\",\"position\":1,\"name\":\"Home\",\"item\":\"https:\\\/\\\/ikastikos-kiklos.com\\\/en\\\/\"},{\"@type\":\"ListItem\",\"position\":2,\"name\":\"\u0388\u03c1\u03b3\u03b1 \u03c4\u03ad\u03c7\u03bd\u03b7\u03c2\",\"item\":\"https:\\\/\\\/ikastikos-kiklos.com\\\/%ce%ad%cf%81%ce%b3%ce%b1-%cf%84%ce%ad%cf%87%ce%bd%ce%b7%cf%82\\\/\"},{\"@type\":\"ListItem\",\"position\":3,\"name\":\"Man with Hat\"}]},{\"@type\":\"WebSite\",\"@id\":\"https:\\\/\\\/ikastikos-kiklos.com\\\/en\\\/#website\",\"url\":\"https:\\\/\\\/ikastikos-kiklos.com\\\/en\\\/\",\"name\":\"Ikastikos Kiklos - Zografik\u00ed - Metaxotyp\u00edes - T\u00e9chniPainting - Silk Screen - Art\",\"description\":\"\",\"publisher\":{\"@id\":\"https:\\\/\\\/ikastikos-kiklos.com\\\/en\\\/#organization\"},\"potentialAction\":[{\"@type\":\"SearchAction\",\"target\":{\"@type\":\"EntryPoint\",\"urlTemplate\":\"https:\\\/\\\/ikastikos-kiklos.com\\\/en\\\/?s={search_term_string}\"},\"query-input\":{\"@type\":\"PropertyValueSpecification\",\"valueRequired\":true,\"valueName\":\"search_term_string\"}}],\"inLanguage\":\"en-US\"},{\"@type\":\"Organization\",\"@id\":\"https:\\\/\\\/ikastikos-kiklos.com\\\/en\\\/#organization\",\"name\":\"Ikastikos Kiklos - Zografik\u00ed - Metaxotyp\u00edes - T\u00e9chniPainting - Silk Screen - Art\",\"url\":\"https:\\\/\\\/ikastikos-kiklos.com\\\/en\\\/\",\"logo\":{\"@type\":\"ImageObject\",\"inLanguage\":\"en-US\",\"@id\":\"https:\\\/\\\/ikastikos-kiklos.com\\\/en\\\/#\\\/schema\\\/logo\\\/image\\\/\",\"url\":\"https:\\\/\\\/ikastikos-kiklos.com\\\/wp-content\\\/uploads\\\/2022\\\/10\\\/cropped-favicon_ikastikos.png\",\"contentUrl\":\"https:\\\/\\\/ikastikos-kiklos.com\\\/wp-content\\\/uploads\\\/2022\\\/10\\\/cropped-favicon_ikastikos.png\",\"width\":512,\"height\":512,\"caption\":\"Ikastikos Kiklos - Zografik\u00ed - Metaxotyp\u00edes - T\u00e9chniPainting - Silk Screen - Art\"},\"image\":{\"@id\":\"https:\\\/\\\/ikastikos-kiklos.com\\\/en\\\/#\\\/schema\\\/logo\\\/image\\\/\"},\"sameAs\":[\"https:\\\/\\\/www.facebook.com\\\/ikastikoskiklossianti\\\/\"]}]}<\/script>\n<!-- \/ Yoast SEO plugin. -->","yoast_head_json":{"title":"Man with Hat Sculpture by Christos Karas","description":"Man with Hat Sculpture by Christos Karas at Ikastikos Kiklos Sianti","robots":{"index":"index","follow":"follow","max-snippet":"max-snippet:-1","max-image-preview":"max-image-preview:large","max-video-preview":"max-video-preview:-1"},"canonical":"https:\/\/ikastikos-kiklos.com\/en\/product\/man-with-hat\/","og_locale":"en_US","og_type":"article","og_title":"Man with Hat Sculpture by Christos Karas","og_description":"Man with Hat Sculpture by Christos Karas at Ikastikos Kiklos Sianti","og_url":"https:\/\/ikastikos-kiklos.com\/en\/product\/man-with-hat\/","og_site_name":"Ikastikos Kiklos - Zografik\u00ed - Metaxotyp\u00edes - T\u00e9chniPainting - Silk Screen - Art","article_publisher":"https:\/\/www.facebook.com\/ikastikoskiklossianti\/","article_modified_time":"2023-09-06T16:59:39+00:00","og_image":[{"width":1642,"height":1918,"url":"https:\/\/ikastikos-kiklos.com\/wp-content\/uploads\/2022\/10\/\u03ac\u03bd\u03b8\u03c1\u03c9\u03c0\u03bf\u03c2-\u03bc\u03b5-\u03ba\u03b1\u03c0\u03ad\u03bb\u03bf-\u03ba\u03b1\u03c1\u03ac\u03c2-\u03c7\u03c1\u03af\u03c3\u03c4\u03bf\u03c2.jpg","type":"image\/jpeg"}],"twitter_card":"summary_large_image","schema":{"@context":"https:\/\/schema.org","@graph":[{"@type":"WebPage","@id":"https:\/\/ikastikos-kiklos.com\/en\/product\/man-with-hat\/","url":"https:\/\/ikastikos-kiklos.com\/en\/product\/man-with-hat\/","name":"Man with Hat Sculpture by Christos Karas","isPartOf":{"@id":"https:\/\/ikastikos-kiklos.com\/en\/#website"},"primaryImageOfPage":{"@id":"https:\/\/ikastikos-kiklos.com\/en\/product\/man-with-hat\/#primaryimage"},"image":{"@id":"https:\/\/ikastikos-kiklos.com\/en\/product\/man-with-hat\/#primaryimage"},"thumbnailUrl":"https:\/\/ikastikos-kiklos.com\/wp-content\/uploads\/2022\/10\/\u03ac\u03bd\u03b8\u03c1\u03c9\u03c0\u03bf\u03c2-\u03bc\u03b5-\u03ba\u03b1\u03c0\u03ad\u03bb\u03bf-\u03ba\u03b1\u03c1\u03ac\u03c2-\u03c7\u03c1\u03af\u03c3\u03c4\u03bf\u03c2.jpg","datePublished":"2023-09-06T16:55:00+00:00","dateModified":"2023-09-06T16:59:39+00:00","description":"Man with Hat Sculpture by Christos Karas at Ikastikos Kiklos Sianti","breadcrumb":{"@id":"https:\/\/ikastikos-kiklos.com\/en\/product\/man-with-hat\/#breadcrumb"},"inLanguage":"en-US","potentialAction":[{"@type":"ReadAction","target":["https:\/\/ikastikos-kiklos.com\/en\/product\/man-with-hat\/"]}]},{"@type":"ImageObject","inLanguage":"en-US","@id":"https:\/\/ikastikos-kiklos.com\/en\/product\/man-with-hat\/#primaryimage","url":"https:\/\/ikastikos-kiklos.com\/wp-content\/uploads\/2022\/10\/\u03ac\u03bd\u03b8\u03c1\u03c9\u03c0\u03bf\u03c2-\u03bc\u03b5-\u03ba\u03b1\u03c0\u03ad\u03bb\u03bf-\u03ba\u03b1\u03c1\u03ac\u03c2-\u03c7\u03c1\u03af\u03c3\u03c4\u03bf\u03c2.jpg","contentUrl":"https:\/\/ikastikos-kiklos.com\/wp-content\/uploads\/2022\/10\/\u03ac\u03bd\u03b8\u03c1\u03c9\u03c0\u03bf\u03c2-\u03bc\u03b5-\u03ba\u03b1\u03c0\u03ad\u03bb\u03bf-\u03ba\u03b1\u03c1\u03ac\u03c2-\u03c7\u03c1\u03af\u03c3\u03c4\u03bf\u03c2.jpg","width":1642,"height":1918,"caption":"\u03ac\u03bd\u03b8\u03c1\u03c9\u03c0\u03bf\u03c2-\u03bc\u03b5-\u03ba\u03b1\u03c0\u03ad\u03bb\u03bf-\u03ba\u03b1\u03c1\u03ac\u03c2-\u03c7\u03c1\u03af\u03c3\u03c4\u03bf\u03c2"},{"@type":"BreadcrumbList","@id":"https:\/\/ikastikos-kiklos.com\/en\/product\/man-with-hat\/#breadcrumb","itemListElement":[{"@type":"ListItem","position":1,"name":"Home","item":"https:\/\/ikastikos-kiklos.com\/en\/"},{"@type":"ListItem","position":2,"name":"\u0388\u03c1\u03b3\u03b1 \u03c4\u03ad\u03c7\u03bd\u03b7\u03c2","item":"https:\/\/ikastikos-kiklos.com\/%ce%ad%cf%81%ce%b3%ce%b1-%cf%84%ce%ad%cf%87%ce%bd%ce%b7%cf%82\/"},{"@type":"ListItem","position":3,"name":"Man with Hat"}]},{"@type":"WebSite","@id":"https:\/\/ikastikos-kiklos.com\/en\/#website","url":"https:\/\/ikastikos-kiklos.com\/en\/","name":"Ikastikos Kiklos - Zografik\u00ed - Metaxotyp\u00edes - T\u00e9chniPainting - Silk Screen - Art","description":"","publisher":{"@id":"https:\/\/ikastikos-kiklos.com\/en\/#organization"},"potentialAction":[{"@type":"SearchAction","target":{"@type":"EntryPoint","urlTemplate":"https:\/\/ikastikos-kiklos.com\/en\/?s={search_term_string}"},"query-input":{"@type":"PropertyValueSpecification","valueRequired":true,"valueName":"search_term_string"}}],"inLanguage":"en-US"},{"@type":"Organization","@id":"https:\/\/ikastikos-kiklos.com\/en\/#organization","name":"Ikastikos Kiklos - Zografik\u00ed - Metaxotyp\u00edes - T\u00e9chniPainting - Silk Screen - Art","url":"https:\/\/ikastikos-kiklos.com\/en\/","logo":{"@type":"ImageObject","inLanguage":"en-US","@id":"https:\/\/ikastikos-kiklos.com\/en\/#\/schema\/logo\/image\/","url":"https:\/\/ikastikos-kiklos.com\/wp-content\/uploads\/2022\/10\/cropped-favicon_ikastikos.png","contentUrl":"https:\/\/ikastikos-kiklos.com\/wp-content\/uploads\/2022\/10\/cropped-favicon_ikastikos.png","width":512,"height":512,"caption":"Ikastikos Kiklos - Zografik\u00ed - Metaxotyp\u00edes - T\u00e9chniPainting - Silk Screen - Art"},"image":{"@id":"https:\/\/ikastikos-kiklos.com\/en\/#\/schema\/logo\/image\/"},"sameAs":["https:\/\/www.facebook.com\/ikastikoskiklossianti\/"]}]}},"_links":{"self":[{"href":"https:\/\/ikastikos-kiklos.com\/en\/wp-json\/wp\/v2\/product\/45093","targetHints":{"allow":["GET"]}}],"collection":[{"href":"https:\/\/ikastikos-kiklos.com\/en\/wp-json\/wp\/v2\/product"}],"about":[{"href":"https:\/\/ikastikos-kiklos.com\/en\/wp-json\/wp\/v2\/types\/product"}],"wp:featuredmedia":[{"embeddable":true,"href":"https:\/\/ikastikos-kiklos.com\/en\/wp-json\/wp\/v2\/media\/40956"}],"wp:attachment":[{"href":"https:\/\/ikastikos-kiklos.com\/en\/wp-json\/wp\/v2\/media?parent=45093"}],"wp:term":[{"taxonomy":"product_brand","embeddable":true,"href":"https:\/\/ikastikos-kiklos.com\/en\/wp-json\/wp\/v2\/product_brand?post=45093"},{"taxonomy":"product_cat","embeddable":true,"href":"https:\/\/ikastikos-kiklos.com\/en\/wp-json\/wp\/v2\/product_cat?post=45093"},{"taxonomy":"product_tag","embeddable":true,"href":"https:\/\/ikastikos-kiklos.com\/en\/wp-json\/wp\/v2\/product_tag?post=45093"}],"curies":[{"name":"wp","href":"https:\/\/api.w.org\/{rel}","templated":true}]}}