{"id":44462,"date":"2023-06-27T20:29:54","date_gmt":"2023-06-27T17:29:54","guid":{"rendered":"https:\/\/ikastikos-kiklos.com\/product\/terpsichori-no2\/"},"modified":"2023-06-29T18:12:48","modified_gmt":"2023-06-29T15:12:48","slug":"terpsichori-no2","status":"publish","type":"product","link":"https:\/\/ikastikos-kiklos.com\/en\/product\/terpsichori-no2\/","title":{"rendered":"Terpsichori No2"},"content":{"rendered":"<p>The nine ancient Greek goddesses-muses, including Terpsichore, were considered patrons of music, dance, poetry, prose, philosophy as well as any spiritual and artistic event. The aforementioned Terpsichore, daughter of Zeus and Mnemosyne, was tasked with protecting lyric poetry, courtly art and often orchestral music, i.e. dance.<\/p>\n","protected":false},"excerpt":{"rendered":"<p>Work of 2012. Presented at the solo exhibition <a href=\"https:\/\/ikastikos-kiklos.com\/en\/solo-exhibition-mythology-backwards-giorgos-georgiadis\/\">&#8220;Mythology Upside Down&#8221;<\/a> by Giorgos Georgiadis at Sianti Gallery.<\/p>\n","protected":false},"featured_media":43319,"template":"","meta":{"ngg_post_thumbnail":0},"product_brand":[],"product_cat":[398,401],"product_tag":[2778],"class_list":{"0":"post-44462","1":"product","2":"type-product","3":"status-publish","4":"has-post-thumbnail","6":"product_cat-collections","7":"product_cat-sculpture","8":"product_tag-georgiadis-giorgos","10":"first","11":"instock","12":"taxable","13":"shipping-taxable","14":"product-type-simple"},"yoast_head":"<!-- This site is optimized with the Yoast SEO plugin v27.2 - https:\/\/yoast.com\/product\/yoast-seo-wordpress\/ -->\n<title>Terpsichori No2 Sculpture by George Georgiadis | Ikastikos Kiklos<\/title>\n<meta name=\"description\" content=\"Terpsichori No2 Sculpture by George Georgiadis at Ikastikos Kiklos in dimensions 40x45x53Cm Brass\" \/>\n<meta name=\"robots\" content=\"index, follow, max-snippet:-1, max-image-preview:large, max-video-preview:-1\" \/>\n<link rel=\"canonical\" href=\"https:\/\/ikastikos-kiklos.com\/en\/product\/terpsichori-no2\/\" \/>\n<meta property=\"og:locale\" content=\"en_US\" \/>\n<meta property=\"og:type\" content=\"article\" \/>\n<meta property=\"og:title\" content=\"Terpsichori No2 Sculpture by George Georgiadis | Ikastikos Kiklos\" \/>\n<meta property=\"og:description\" content=\"Terpsichori No2 Sculpture by George Georgiadis at Ikastikos Kiklos in dimensions 40x45x53Cm Brass\" \/>\n<meta property=\"og:url\" content=\"https:\/\/ikastikos-kiklos.com\/en\/product\/terpsichori-no2\/\" \/>\n<meta property=\"og:site_name\" content=\"Ikastikos Kiklos - Zografik\u00ed - Metaxotyp\u00edes - T\u00e9chniPainting - Silk Screen - Art\" \/>\n<meta property=\"article:publisher\" content=\"https:\/\/www.facebook.com\/ikastikoskiklossianti\/\" \/>\n<meta property=\"article:modified_time\" content=\"2023-06-29T15:12:48+00:00\" \/>\n<meta property=\"og:image\" content=\"https:\/\/ikastikos-kiklos.com\/wp-content\/uploads\/2023\/03\/\u03a4\u0395\u03a1\u03a8\u0399\u03a7\u039f\u03a1\u0397-\u039d\u03bf2.png\" \/>\n\t<meta property=\"og:image:width\" content=\"600\" \/>\n\t<meta property=\"og:image:height\" content=\"600\" \/>\n\t<meta property=\"og:image:type\" content=\"image\/png\" \/>\n<meta name=\"twitter:card\" content=\"summary_large_image\" \/>\n<meta name=\"twitter:label1\" content=\"Est. reading time\" \/>\n\t<meta name=\"twitter:data1\" content=\"1 minute\" \/>\n<script type=\"application\/ld+json\" class=\"yoast-schema-graph\">{\"@context\":\"https:\/\/schema.org\",\"@graph\":[{\"@type\":\"WebPage\",\"@id\":\"https:\/\/ikastikos-kiklos.com\/en\/product\/terpsichori-no2\/\",\"url\":\"https:\/\/ikastikos-kiklos.com\/en\/product\/terpsichori-no2\/\",\"name\":\"Terpsichori No2 Sculpture by George Georgiadis | Ikastikos Kiklos\",\"isPartOf\":{\"@id\":\"https:\/\/ikastikos-kiklos.com\/en\/#website\"},\"primaryImageOfPage\":{\"@id\":\"https:\/\/ikastikos-kiklos.com\/en\/product\/terpsichori-no2\/#primaryimage\"},\"image\":{\"@id\":\"https:\/\/ikastikos-kiklos.com\/en\/product\/terpsichori-no2\/#primaryimage\"},\"thumbnailUrl\":\"https:\/\/ikastikos-kiklos.com\/wp-content\/uploads\/2023\/03\/\u03a4\u0395\u03a1\u03a8\u0399\u03a7\u039f\u03a1\u0397-\u039d\u03bf2.png\",\"datePublished\":\"2023-06-27T17:29:54+00:00\",\"dateModified\":\"2023-06-29T15:12:48+00:00\",\"description\":\"Terpsichori No2 Sculpture by George Georgiadis at Ikastikos Kiklos in dimensions 40x45x53Cm Brass\",\"breadcrumb\":{\"@id\":\"https:\/\/ikastikos-kiklos.com\/en\/product\/terpsichori-no2\/#breadcrumb\"},\"inLanguage\":\"en-US\",\"potentialAction\":[{\"@type\":\"ReadAction\",\"target\":[\"https:\/\/ikastikos-kiklos.com\/en\/product\/terpsichori-no2\/\"]}]},{\"@type\":\"ImageObject\",\"inLanguage\":\"en-US\",\"@id\":\"https:\/\/ikastikos-kiklos.com\/en\/product\/terpsichori-no2\/#primaryimage\",\"url\":\"https:\/\/ikastikos-kiklos.com\/wp-content\/uploads\/2023\/03\/\u03a4\u0395\u03a1\u03a8\u0399\u03a7\u039f\u03a1\u0397-\u039d\u03bf2.png\",\"contentUrl\":\"https:\/\/ikastikos-kiklos.com\/wp-content\/uploads\/2023\/03\/\u03a4\u0395\u03a1\u03a8\u0399\u03a7\u039f\u03a1\u0397-\u039d\u03bf2.png\",\"width\":600,\"height\":600,\"caption\":\"\u03c4\u03b5\u03c1\u03c8\u03b9\u03c7\u03cc\u03c1\u03b7-\u03b3\u03b5\u03c9\u03c1\u03b3\u03b9\u03ac\u03b4\u03b7\u03c2-\u03b3\u03b9\u03ce\u03c1\u03b3\u03bf\u03c2\"},{\"@type\":\"BreadcrumbList\",\"@id\":\"https:\/\/ikastikos-kiklos.com\/en\/product\/terpsichori-no2\/#breadcrumb\",\"itemListElement\":[{\"@type\":\"ListItem\",\"position\":1,\"name\":\"Home\",\"item\":\"https:\/\/ikastikos-kiklos.com\/en\/\"},{\"@type\":\"ListItem\",\"position\":2,\"name\":\"\u0388\u03c1\u03b3\u03b1 \u03c4\u03ad\u03c7\u03bd\u03b7\u03c2\",\"item\":\"https:\/\/ikastikos-kiklos.com\/%ce%ad%cf%81%ce%b3%ce%b1-%cf%84%ce%ad%cf%87%ce%bd%ce%b7%cf%82\/\"},{\"@type\":\"ListItem\",\"position\":3,\"name\":\"Terpsichori No2\"}]},{\"@type\":\"WebSite\",\"@id\":\"https:\/\/ikastikos-kiklos.com\/en\/#website\",\"url\":\"https:\/\/ikastikos-kiklos.com\/en\/\",\"name\":\"Ikastikos Kiklos - Zografik\u00ed - Metaxotyp\u00edes - T\u00e9chniPainting - Silk Screen - Art\",\"description\":\"\",\"publisher\":{\"@id\":\"https:\/\/ikastikos-kiklos.com\/en\/#organization\"},\"potentialAction\":[{\"@type\":\"SearchAction\",\"target\":{\"@type\":\"EntryPoint\",\"urlTemplate\":\"https:\/\/ikastikos-kiklos.com\/en\/?s={search_term_string}\"},\"query-input\":{\"@type\":\"PropertyValueSpecification\",\"valueRequired\":true,\"valueName\":\"search_term_string\"}}],\"inLanguage\":\"en-US\"},{\"@type\":\"Organization\",\"@id\":\"https:\/\/ikastikos-kiklos.com\/en\/#organization\",\"name\":\"Ikastikos Kiklos - Zografik\u00ed - Metaxotyp\u00edes - T\u00e9chniPainting - Silk Screen - Art\",\"url\":\"https:\/\/ikastikos-kiklos.com\/en\/\",\"logo\":{\"@type\":\"ImageObject\",\"inLanguage\":\"en-US\",\"@id\":\"https:\/\/ikastikos-kiklos.com\/en\/#\/schema\/logo\/image\/\",\"url\":\"https:\/\/ikastikos-kiklos.com\/wp-content\/uploads\/2022\/10\/cropped-favicon_ikastikos.png\",\"contentUrl\":\"https:\/\/ikastikos-kiklos.com\/wp-content\/uploads\/2022\/10\/cropped-favicon_ikastikos.png\",\"width\":512,\"height\":512,\"caption\":\"Ikastikos Kiklos - Zografik\u00ed - Metaxotyp\u00edes - T\u00e9chniPainting - Silk Screen - Art\"},\"image\":{\"@id\":\"https:\/\/ikastikos-kiklos.com\/en\/#\/schema\/logo\/image\/\"},\"sameAs\":[\"https:\/\/www.facebook.com\/ikastikoskiklossianti\/\"]}]}<\/script>\n<!-- \/ Yoast SEO plugin. -->","yoast_head_json":{"title":"Terpsichori No2 Sculpture by George Georgiadis | Ikastikos Kiklos","description":"Terpsichori No2 Sculpture by George Georgiadis at Ikastikos Kiklos in dimensions 40x45x53Cm Brass","robots":{"index":"index","follow":"follow","max-snippet":"max-snippet:-1","max-image-preview":"max-image-preview:large","max-video-preview":"max-video-preview:-1"},"canonical":"https:\/\/ikastikos-kiklos.com\/en\/product\/terpsichori-no2\/","og_locale":"en_US","og_type":"article","og_title":"Terpsichori No2 Sculpture by George Georgiadis | Ikastikos Kiklos","og_description":"Terpsichori No2 Sculpture by George Georgiadis at Ikastikos Kiklos in dimensions 40x45x53Cm Brass","og_url":"https:\/\/ikastikos-kiklos.com\/en\/product\/terpsichori-no2\/","og_site_name":"Ikastikos Kiklos - Zografik\u00ed - Metaxotyp\u00edes - T\u00e9chniPainting - Silk Screen - Art","article_publisher":"https:\/\/www.facebook.com\/ikastikoskiklossianti\/","article_modified_time":"2023-06-29T15:12:48+00:00","og_image":[{"width":600,"height":600,"url":"https:\/\/ikastikos-kiklos.com\/wp-content\/uploads\/2023\/03\/\u03a4\u0395\u03a1\u03a8\u0399\u03a7\u039f\u03a1\u0397-\u039d\u03bf2.png","type":"image\/png"}],"twitter_card":"summary_large_image","twitter_misc":{"Est. reading time":"1 minute"},"schema":{"@context":"https:\/\/schema.org","@graph":[{"@type":"WebPage","@id":"https:\/\/ikastikos-kiklos.com\/en\/product\/terpsichori-no2\/","url":"https:\/\/ikastikos-kiklos.com\/en\/product\/terpsichori-no2\/","name":"Terpsichori No2 Sculpture by George Georgiadis | Ikastikos Kiklos","isPartOf":{"@id":"https:\/\/ikastikos-kiklos.com\/en\/#website"},"primaryImageOfPage":{"@id":"https:\/\/ikastikos-kiklos.com\/en\/product\/terpsichori-no2\/#primaryimage"},"image":{"@id":"https:\/\/ikastikos-kiklos.com\/en\/product\/terpsichori-no2\/#primaryimage"},"thumbnailUrl":"https:\/\/ikastikos-kiklos.com\/wp-content\/uploads\/2023\/03\/\u03a4\u0395\u03a1\u03a8\u0399\u03a7\u039f\u03a1\u0397-\u039d\u03bf2.png","datePublished":"2023-06-27T17:29:54+00:00","dateModified":"2023-06-29T15:12:48+00:00","description":"Terpsichori No2 Sculpture by George Georgiadis at Ikastikos Kiklos in dimensions 40x45x53Cm Brass","breadcrumb":{"@id":"https:\/\/ikastikos-kiklos.com\/en\/product\/terpsichori-no2\/#breadcrumb"},"inLanguage":"en-US","potentialAction":[{"@type":"ReadAction","target":["https:\/\/ikastikos-kiklos.com\/en\/product\/terpsichori-no2\/"]}]},{"@type":"ImageObject","inLanguage":"en-US","@id":"https:\/\/ikastikos-kiklos.com\/en\/product\/terpsichori-no2\/#primaryimage","url":"https:\/\/ikastikos-kiklos.com\/wp-content\/uploads\/2023\/03\/\u03a4\u0395\u03a1\u03a8\u0399\u03a7\u039f\u03a1\u0397-\u039d\u03bf2.png","contentUrl":"https:\/\/ikastikos-kiklos.com\/wp-content\/uploads\/2023\/03\/\u03a4\u0395\u03a1\u03a8\u0399\u03a7\u039f\u03a1\u0397-\u039d\u03bf2.png","width":600,"height":600,"caption":"\u03c4\u03b5\u03c1\u03c8\u03b9\u03c7\u03cc\u03c1\u03b7-\u03b3\u03b5\u03c9\u03c1\u03b3\u03b9\u03ac\u03b4\u03b7\u03c2-\u03b3\u03b9\u03ce\u03c1\u03b3\u03bf\u03c2"},{"@type":"BreadcrumbList","@id":"https:\/\/ikastikos-kiklos.com\/en\/product\/terpsichori-no2\/#breadcrumb","itemListElement":[{"@type":"ListItem","position":1,"name":"Home","item":"https:\/\/ikastikos-kiklos.com\/en\/"},{"@type":"ListItem","position":2,"name":"\u0388\u03c1\u03b3\u03b1 \u03c4\u03ad\u03c7\u03bd\u03b7\u03c2","item":"https:\/\/ikastikos-kiklos.com\/%ce%ad%cf%81%ce%b3%ce%b1-%cf%84%ce%ad%cf%87%ce%bd%ce%b7%cf%82\/"},{"@type":"ListItem","position":3,"name":"Terpsichori No2"}]},{"@type":"WebSite","@id":"https:\/\/ikastikos-kiklos.com\/en\/#website","url":"https:\/\/ikastikos-kiklos.com\/en\/","name":"Ikastikos Kiklos - Zografik\u00ed - Metaxotyp\u00edes - T\u00e9chniPainting - Silk Screen - Art","description":"","publisher":{"@id":"https:\/\/ikastikos-kiklos.com\/en\/#organization"},"potentialAction":[{"@type":"SearchAction","target":{"@type":"EntryPoint","urlTemplate":"https:\/\/ikastikos-kiklos.com\/en\/?s={search_term_string}"},"query-input":{"@type":"PropertyValueSpecification","valueRequired":true,"valueName":"search_term_string"}}],"inLanguage":"en-US"},{"@type":"Organization","@id":"https:\/\/ikastikos-kiklos.com\/en\/#organization","name":"Ikastikos Kiklos - Zografik\u00ed - Metaxotyp\u00edes - T\u00e9chniPainting - Silk Screen - Art","url":"https:\/\/ikastikos-kiklos.com\/en\/","logo":{"@type":"ImageObject","inLanguage":"en-US","@id":"https:\/\/ikastikos-kiklos.com\/en\/#\/schema\/logo\/image\/","url":"https:\/\/ikastikos-kiklos.com\/wp-content\/uploads\/2022\/10\/cropped-favicon_ikastikos.png","contentUrl":"https:\/\/ikastikos-kiklos.com\/wp-content\/uploads\/2022\/10\/cropped-favicon_ikastikos.png","width":512,"height":512,"caption":"Ikastikos Kiklos - Zografik\u00ed - Metaxotyp\u00edes - T\u00e9chniPainting - Silk Screen - Art"},"image":{"@id":"https:\/\/ikastikos-kiklos.com\/en\/#\/schema\/logo\/image\/"},"sameAs":["https:\/\/www.facebook.com\/ikastikoskiklossianti\/"]}]}},"_links":{"self":[{"href":"https:\/\/ikastikos-kiklos.com\/en\/wp-json\/wp\/v2\/product\/44462","targetHints":{"allow":["GET"]}}],"collection":[{"href":"https:\/\/ikastikos-kiklos.com\/en\/wp-json\/wp\/v2\/product"}],"about":[{"href":"https:\/\/ikastikos-kiklos.com\/en\/wp-json\/wp\/v2\/types\/product"}],"wp:featuredmedia":[{"embeddable":true,"href":"https:\/\/ikastikos-kiklos.com\/en\/wp-json\/wp\/v2\/media\/43319"}],"wp:attachment":[{"href":"https:\/\/ikastikos-kiklos.com\/en\/wp-json\/wp\/v2\/media?parent=44462"}],"wp:term":[{"taxonomy":"product_brand","embeddable":true,"href":"https:\/\/ikastikos-kiklos.com\/en\/wp-json\/wp\/v2\/product_brand?post=44462"},{"taxonomy":"product_cat","embeddable":true,"href":"https:\/\/ikastikos-kiklos.com\/en\/wp-json\/wp\/v2\/product_cat?post=44462"},{"taxonomy":"product_tag","embeddable":true,"href":"https:\/\/ikastikos-kiklos.com\/en\/wp-json\/wp\/v2\/product_tag?post=44462"}],"curies":[{"name":"wp","href":"https:\/\/api.w.org\/{rel}","templated":true}]}}