{"id":44336,"date":"2023-06-23T10:29:33","date_gmt":"2023-06-23T07:29:33","guid":{"rendered":"https:\/\/ikastikos-kiklos.com\/product\/poor-devil\/"},"modified":"2023-06-30T11:36:27","modified_gmt":"2023-06-30T08:36:27","slug":"poor-devil","status":"publish","type":"product","link":"https:\/\/ikastikos-kiklos.com\/en\/product\/poor-devil\/","title":{"rendered":"Poor devil"},"content":{"rendered":"<p id=\"tw-target-text\" class=\"tw-data-text tw-text-large tw-ta\" dir=\"ltr\" data-placeholder=\"Translation\"><span class=\"Y2IQFc\" lang=\"en\">&#8220;Poor Devil&#8221; Shadow theater is a purely folk art based on immediacy, simplicity and above all on the familiar characters of its protagonists. In my work &#8220;Poor Devil&#8221; I deal with the need for the birth of such a personality. I&#8217;m trying to recreate a modern karagiozis, illustrated in other terms, which, as it is not involved in any action, seeks direct communication with its viewer. Now there is no script, only a suspicious identification of space and time, fertile once again for new &#8220;poor devil&#8221; stories! Lila Belivanaki<\/span><\/p>\n","protected":false},"excerpt":{"rendered":"<p>Artwork of 2023. First presentation in group exhibition &#8220;Shadow battles&#8221; or the Karagiozis artist at Sianti Gallery<\/p>\n","protected":false},"featured_media":44210,"template":"","meta":{"ngg_post_thumbnail":0},"product_brand":[],"product_cat":[398,1987,397,1989],"product_tag":[2903],"class_list":{"0":"post-44336","1":"product","2":"type-product","3":"status-publish","4":"has-post-thumbnail","6":"product_cat-collections","7":"product_cat-eshop-en","8":"product_cat-painting","9":"product_cat-painting-shop","10":"product_tag-lila-belivanaki","11":"product_shipping_class-30-50kg-en","13":"first","14":"instock","15":"taxable","16":"shipping-taxable","17":"purchasable","18":"product-type-simple"},"yoast_head":"<!-- This site is optimized with the Yoast SEO plugin v27.4 - https:\/\/yoast.com\/product\/yoast-seo-wordpress\/ -->\n<title>Poor Devil Painting by Lila Belivanaki<\/title>\n<meta name=\"description\" content=\"Poor Devil Painting by Lila Belivanaki at Ikastikos Kiklos Sianti in dimensions 80x102 cm Pen, oil pastels and acrylics on cardboard\" \/>\n<meta name=\"robots\" content=\"index, follow, max-snippet:-1, max-image-preview:large, max-video-preview:-1\" \/>\n<link rel=\"canonical\" href=\"https:\/\/ikastikos-kiklos.com\/en\/product\/poor-devil\/\" \/>\n<meta property=\"og:locale\" content=\"en_US\" \/>\n<meta property=\"og:type\" content=\"article\" \/>\n<meta property=\"og:title\" content=\"Poor Devil Painting by Lila Belivanaki\" \/>\n<meta property=\"og:description\" content=\"Poor Devil Painting by Lila Belivanaki at Ikastikos Kiklos Sianti in dimensions 80x102 cm Pen, oil pastels and acrylics on cardboard\" \/>\n<meta property=\"og:url\" content=\"https:\/\/ikastikos-kiklos.com\/en\/product\/poor-devil\/\" \/>\n<meta property=\"og:site_name\" content=\"Ikastikos Kiklos - Zografik\u00ed - Metaxotyp\u00edes - T\u00e9chniPainting - Silk Screen - Art\" \/>\n<meta property=\"article:publisher\" content=\"https:\/\/www.facebook.com\/ikastikoskiklossianti\/\" \/>\n<meta property=\"article:modified_time\" content=\"2023-06-30T08:36:27+00:00\" \/>\n<meta property=\"og:image\" content=\"https:\/\/ikastikos-kiklos.com\/wp-content\/uploads\/2023\/06\/\u03c6\u03c4\u03c9\u03c7\u03bf\u03b4\u03b9\u03ac\u03b2\u03bf\u03bb\u03bf\u03c2-\u03bc\u03c0\u03b5\u03bb\u03b9\u03b2\u03b1\u03bd\u03ac\u03ba\u03b7-\u03bb\u03af\u03bb\u03b1.jpg\" \/>\n\t<meta property=\"og:image:width\" content=\"1242\" \/>\n\t<meta property=\"og:image:height\" content=\"1590\" \/>\n\t<meta property=\"og:image:type\" content=\"image\/jpeg\" \/>\n<meta name=\"twitter:card\" content=\"summary_large_image\" \/>\n<meta name=\"twitter:label1\" content=\"Est. reading time\" \/>\n\t<meta name=\"twitter:data1\" content=\"1 minute\" \/>\n<script type=\"application\/ld+json\" class=\"yoast-schema-graph\">{\"@context\":\"https:\\\/\\\/schema.org\",\"@graph\":[{\"@type\":\"WebPage\",\"@id\":\"https:\\\/\\\/ikastikos-kiklos.com\\\/en\\\/product\\\/poor-devil\\\/\",\"url\":\"https:\\\/\\\/ikastikos-kiklos.com\\\/en\\\/product\\\/poor-devil\\\/\",\"name\":\"Poor Devil Painting by Lila Belivanaki\",\"isPartOf\":{\"@id\":\"https:\\\/\\\/ikastikos-kiklos.com\\\/en\\\/#website\"},\"primaryImageOfPage\":{\"@id\":\"https:\\\/\\\/ikastikos-kiklos.com\\\/en\\\/product\\\/poor-devil\\\/#primaryimage\"},\"image\":{\"@id\":\"https:\\\/\\\/ikastikos-kiklos.com\\\/en\\\/product\\\/poor-devil\\\/#primaryimage\"},\"thumbnailUrl\":\"https:\\\/\\\/ikastikos-kiklos.com\\\/wp-content\\\/uploads\\\/2023\\\/06\\\/\u03c6\u03c4\u03c9\u03c7\u03bf\u03b4\u03b9\u03ac\u03b2\u03bf\u03bb\u03bf\u03c2-\u03bc\u03c0\u03b5\u03bb\u03b9\u03b2\u03b1\u03bd\u03ac\u03ba\u03b7-\u03bb\u03af\u03bb\u03b1.jpg\",\"datePublished\":\"2023-06-23T07:29:33+00:00\",\"dateModified\":\"2023-06-30T08:36:27+00:00\",\"description\":\"Poor Devil Painting by Lila Belivanaki at Ikastikos Kiklos Sianti in dimensions 80x102 cm Pen, oil pastels and acrylics on cardboard\",\"breadcrumb\":{\"@id\":\"https:\\\/\\\/ikastikos-kiklos.com\\\/en\\\/product\\\/poor-devil\\\/#breadcrumb\"},\"inLanguage\":\"en-US\",\"potentialAction\":[{\"@type\":\"ReadAction\",\"target\":[\"https:\\\/\\\/ikastikos-kiklos.com\\\/en\\\/product\\\/poor-devil\\\/\"]}]},{\"@type\":\"ImageObject\",\"inLanguage\":\"en-US\",\"@id\":\"https:\\\/\\\/ikastikos-kiklos.com\\\/en\\\/product\\\/poor-devil\\\/#primaryimage\",\"url\":\"https:\\\/\\\/ikastikos-kiklos.com\\\/wp-content\\\/uploads\\\/2023\\\/06\\\/\u03c6\u03c4\u03c9\u03c7\u03bf\u03b4\u03b9\u03ac\u03b2\u03bf\u03bb\u03bf\u03c2-\u03bc\u03c0\u03b5\u03bb\u03b9\u03b2\u03b1\u03bd\u03ac\u03ba\u03b7-\u03bb\u03af\u03bb\u03b1.jpg\",\"contentUrl\":\"https:\\\/\\\/ikastikos-kiklos.com\\\/wp-content\\\/uploads\\\/2023\\\/06\\\/\u03c6\u03c4\u03c9\u03c7\u03bf\u03b4\u03b9\u03ac\u03b2\u03bf\u03bb\u03bf\u03c2-\u03bc\u03c0\u03b5\u03bb\u03b9\u03b2\u03b1\u03bd\u03ac\u03ba\u03b7-\u03bb\u03af\u03bb\u03b1.jpg\",\"width\":1242,\"height\":1590,\"caption\":\"\u03c6\u03c4\u03c9\u03c7\u03bf\u03b4\u03b9\u03ac\u03b2\u03bf\u03bb\u03bf\u03c2-\u03bc\u03c0\u03b5\u03bb\u03b9\u03b2\u03b1\u03bd\u03ac\u03ba\u03b7-\u03bb\u03af\u03bb\u03b1\"},{\"@type\":\"BreadcrumbList\",\"@id\":\"https:\\\/\\\/ikastikos-kiklos.com\\\/en\\\/product\\\/poor-devil\\\/#breadcrumb\",\"itemListElement\":[{\"@type\":\"ListItem\",\"position\":1,\"name\":\"Home\",\"item\":\"https:\\\/\\\/ikastikos-kiklos.com\\\/en\\\/\"},{\"@type\":\"ListItem\",\"position\":2,\"name\":\"\u0388\u03c1\u03b3\u03b1 \u03c4\u03ad\u03c7\u03bd\u03b7\u03c2\",\"item\":\"https:\\\/\\\/ikastikos-kiklos.com\\\/%ce%ad%cf%81%ce%b3%ce%b1-%cf%84%ce%ad%cf%87%ce%bd%ce%b7%cf%82\\\/\"},{\"@type\":\"ListItem\",\"position\":3,\"name\":\"Poor devil\"}]},{\"@type\":\"WebSite\",\"@id\":\"https:\\\/\\\/ikastikos-kiklos.com\\\/en\\\/#website\",\"url\":\"https:\\\/\\\/ikastikos-kiklos.com\\\/en\\\/\",\"name\":\"Ikastikos Kiklos - Zografik\u00ed - Metaxotyp\u00edes - T\u00e9chniPainting - Silk Screen - Art\",\"description\":\"\",\"publisher\":{\"@id\":\"https:\\\/\\\/ikastikos-kiklos.com\\\/en\\\/#organization\"},\"potentialAction\":[{\"@type\":\"SearchAction\",\"target\":{\"@type\":\"EntryPoint\",\"urlTemplate\":\"https:\\\/\\\/ikastikos-kiklos.com\\\/en\\\/?s={search_term_string}\"},\"query-input\":{\"@type\":\"PropertyValueSpecification\",\"valueRequired\":true,\"valueName\":\"search_term_string\"}}],\"inLanguage\":\"en-US\"},{\"@type\":\"Organization\",\"@id\":\"https:\\\/\\\/ikastikos-kiklos.com\\\/en\\\/#organization\",\"name\":\"Ikastikos Kiklos - Zografik\u00ed - Metaxotyp\u00edes - T\u00e9chniPainting - Silk Screen - Art\",\"url\":\"https:\\\/\\\/ikastikos-kiklos.com\\\/en\\\/\",\"logo\":{\"@type\":\"ImageObject\",\"inLanguage\":\"en-US\",\"@id\":\"https:\\\/\\\/ikastikos-kiklos.com\\\/en\\\/#\\\/schema\\\/logo\\\/image\\\/\",\"url\":\"https:\\\/\\\/ikastikos-kiklos.com\\\/wp-content\\\/uploads\\\/2022\\\/10\\\/cropped-favicon_ikastikos.png\",\"contentUrl\":\"https:\\\/\\\/ikastikos-kiklos.com\\\/wp-content\\\/uploads\\\/2022\\\/10\\\/cropped-favicon_ikastikos.png\",\"width\":512,\"height\":512,\"caption\":\"Ikastikos Kiklos - Zografik\u00ed - Metaxotyp\u00edes - T\u00e9chniPainting - Silk Screen - Art\"},\"image\":{\"@id\":\"https:\\\/\\\/ikastikos-kiklos.com\\\/en\\\/#\\\/schema\\\/logo\\\/image\\\/\"},\"sameAs\":[\"https:\\\/\\\/www.facebook.com\\\/ikastikoskiklossianti\\\/\"]}]}<\/script>\n<!-- \/ Yoast SEO plugin. -->","yoast_head_json":{"title":"Poor Devil Painting by Lila Belivanaki","description":"Poor Devil Painting by Lila Belivanaki at Ikastikos Kiklos Sianti in dimensions 80x102 cm Pen, oil pastels and acrylics on cardboard","robots":{"index":"index","follow":"follow","max-snippet":"max-snippet:-1","max-image-preview":"max-image-preview:large","max-video-preview":"max-video-preview:-1"},"canonical":"https:\/\/ikastikos-kiklos.com\/en\/product\/poor-devil\/","og_locale":"en_US","og_type":"article","og_title":"Poor Devil Painting by Lila Belivanaki","og_description":"Poor Devil Painting by Lila Belivanaki at Ikastikos Kiklos Sianti in dimensions 80x102 cm Pen, oil pastels and acrylics on cardboard","og_url":"https:\/\/ikastikos-kiklos.com\/en\/product\/poor-devil\/","og_site_name":"Ikastikos Kiklos - Zografik\u00ed - Metaxotyp\u00edes - T\u00e9chniPainting - Silk Screen - Art","article_publisher":"https:\/\/www.facebook.com\/ikastikoskiklossianti\/","article_modified_time":"2023-06-30T08:36:27+00:00","og_image":[{"width":1242,"height":1590,"url":"https:\/\/ikastikos-kiklos.com\/wp-content\/uploads\/2023\/06\/\u03c6\u03c4\u03c9\u03c7\u03bf\u03b4\u03b9\u03ac\u03b2\u03bf\u03bb\u03bf\u03c2-\u03bc\u03c0\u03b5\u03bb\u03b9\u03b2\u03b1\u03bd\u03ac\u03ba\u03b7-\u03bb\u03af\u03bb\u03b1.jpg","type":"image\/jpeg"}],"twitter_card":"summary_large_image","twitter_misc":{"Est. reading time":"1 minute"},"schema":{"@context":"https:\/\/schema.org","@graph":[{"@type":"WebPage","@id":"https:\/\/ikastikos-kiklos.com\/en\/product\/poor-devil\/","url":"https:\/\/ikastikos-kiklos.com\/en\/product\/poor-devil\/","name":"Poor Devil Painting by Lila Belivanaki","isPartOf":{"@id":"https:\/\/ikastikos-kiklos.com\/en\/#website"},"primaryImageOfPage":{"@id":"https:\/\/ikastikos-kiklos.com\/en\/product\/poor-devil\/#primaryimage"},"image":{"@id":"https:\/\/ikastikos-kiklos.com\/en\/product\/poor-devil\/#primaryimage"},"thumbnailUrl":"https:\/\/ikastikos-kiklos.com\/wp-content\/uploads\/2023\/06\/\u03c6\u03c4\u03c9\u03c7\u03bf\u03b4\u03b9\u03ac\u03b2\u03bf\u03bb\u03bf\u03c2-\u03bc\u03c0\u03b5\u03bb\u03b9\u03b2\u03b1\u03bd\u03ac\u03ba\u03b7-\u03bb\u03af\u03bb\u03b1.jpg","datePublished":"2023-06-23T07:29:33+00:00","dateModified":"2023-06-30T08:36:27+00:00","description":"Poor Devil Painting by Lila Belivanaki at Ikastikos Kiklos Sianti in dimensions 80x102 cm Pen, oil pastels and acrylics on cardboard","breadcrumb":{"@id":"https:\/\/ikastikos-kiklos.com\/en\/product\/poor-devil\/#breadcrumb"},"inLanguage":"en-US","potentialAction":[{"@type":"ReadAction","target":["https:\/\/ikastikos-kiklos.com\/en\/product\/poor-devil\/"]}]},{"@type":"ImageObject","inLanguage":"en-US","@id":"https:\/\/ikastikos-kiklos.com\/en\/product\/poor-devil\/#primaryimage","url":"https:\/\/ikastikos-kiklos.com\/wp-content\/uploads\/2023\/06\/\u03c6\u03c4\u03c9\u03c7\u03bf\u03b4\u03b9\u03ac\u03b2\u03bf\u03bb\u03bf\u03c2-\u03bc\u03c0\u03b5\u03bb\u03b9\u03b2\u03b1\u03bd\u03ac\u03ba\u03b7-\u03bb\u03af\u03bb\u03b1.jpg","contentUrl":"https:\/\/ikastikos-kiklos.com\/wp-content\/uploads\/2023\/06\/\u03c6\u03c4\u03c9\u03c7\u03bf\u03b4\u03b9\u03ac\u03b2\u03bf\u03bb\u03bf\u03c2-\u03bc\u03c0\u03b5\u03bb\u03b9\u03b2\u03b1\u03bd\u03ac\u03ba\u03b7-\u03bb\u03af\u03bb\u03b1.jpg","width":1242,"height":1590,"caption":"\u03c6\u03c4\u03c9\u03c7\u03bf\u03b4\u03b9\u03ac\u03b2\u03bf\u03bb\u03bf\u03c2-\u03bc\u03c0\u03b5\u03bb\u03b9\u03b2\u03b1\u03bd\u03ac\u03ba\u03b7-\u03bb\u03af\u03bb\u03b1"},{"@type":"BreadcrumbList","@id":"https:\/\/ikastikos-kiklos.com\/en\/product\/poor-devil\/#breadcrumb","itemListElement":[{"@type":"ListItem","position":1,"name":"Home","item":"https:\/\/ikastikos-kiklos.com\/en\/"},{"@type":"ListItem","position":2,"name":"\u0388\u03c1\u03b3\u03b1 \u03c4\u03ad\u03c7\u03bd\u03b7\u03c2","item":"https:\/\/ikastikos-kiklos.com\/%ce%ad%cf%81%ce%b3%ce%b1-%cf%84%ce%ad%cf%87%ce%bd%ce%b7%cf%82\/"},{"@type":"ListItem","position":3,"name":"Poor devil"}]},{"@type":"WebSite","@id":"https:\/\/ikastikos-kiklos.com\/en\/#website","url":"https:\/\/ikastikos-kiklos.com\/en\/","name":"Ikastikos Kiklos - Zografik\u00ed - Metaxotyp\u00edes - T\u00e9chniPainting - Silk Screen - Art","description":"","publisher":{"@id":"https:\/\/ikastikos-kiklos.com\/en\/#organization"},"potentialAction":[{"@type":"SearchAction","target":{"@type":"EntryPoint","urlTemplate":"https:\/\/ikastikos-kiklos.com\/en\/?s={search_term_string}"},"query-input":{"@type":"PropertyValueSpecification","valueRequired":true,"valueName":"search_term_string"}}],"inLanguage":"en-US"},{"@type":"Organization","@id":"https:\/\/ikastikos-kiklos.com\/en\/#organization","name":"Ikastikos Kiklos - Zografik\u00ed - Metaxotyp\u00edes - T\u00e9chniPainting - Silk Screen - Art","url":"https:\/\/ikastikos-kiklos.com\/en\/","logo":{"@type":"ImageObject","inLanguage":"en-US","@id":"https:\/\/ikastikos-kiklos.com\/en\/#\/schema\/logo\/image\/","url":"https:\/\/ikastikos-kiklos.com\/wp-content\/uploads\/2022\/10\/cropped-favicon_ikastikos.png","contentUrl":"https:\/\/ikastikos-kiklos.com\/wp-content\/uploads\/2022\/10\/cropped-favicon_ikastikos.png","width":512,"height":512,"caption":"Ikastikos Kiklos - Zografik\u00ed - Metaxotyp\u00edes - T\u00e9chniPainting - Silk Screen - Art"},"image":{"@id":"https:\/\/ikastikos-kiklos.com\/en\/#\/schema\/logo\/image\/"},"sameAs":["https:\/\/www.facebook.com\/ikastikoskiklossianti\/"]}]}},"_links":{"self":[{"href":"https:\/\/ikastikos-kiklos.com\/en\/wp-json\/wp\/v2\/product\/44336","targetHints":{"allow":["GET"]}}],"collection":[{"href":"https:\/\/ikastikos-kiklos.com\/en\/wp-json\/wp\/v2\/product"}],"about":[{"href":"https:\/\/ikastikos-kiklos.com\/en\/wp-json\/wp\/v2\/types\/product"}],"wp:featuredmedia":[{"embeddable":true,"href":"https:\/\/ikastikos-kiklos.com\/en\/wp-json\/wp\/v2\/media\/44210"}],"wp:attachment":[{"href":"https:\/\/ikastikos-kiklos.com\/en\/wp-json\/wp\/v2\/media?parent=44336"}],"wp:term":[{"taxonomy":"product_brand","embeddable":true,"href":"https:\/\/ikastikos-kiklos.com\/en\/wp-json\/wp\/v2\/product_brand?post=44336"},{"taxonomy":"product_cat","embeddable":true,"href":"https:\/\/ikastikos-kiklos.com\/en\/wp-json\/wp\/v2\/product_cat?post=44336"},{"taxonomy":"product_tag","embeddable":true,"href":"https:\/\/ikastikos-kiklos.com\/en\/wp-json\/wp\/v2\/product_tag?post=44336"}],"curies":[{"name":"wp","href":"https:\/\/api.w.org\/{rel}","templated":true}]}}