{"id":3742,"date":"2016-06-13T14:42:29","date_gmt":"2016-06-13T14:42:29","guid":{"rendered":"http:\/\/ikastikos-kiklos.com\/\u03c0\u03c1\u03bf\u03ca\u03cc\u03bd\/%ce%bd%ce%b5%ce%ba%cf%81%ce%ae-%cf%86%cf%8d%cf%83%ce%b7-23\/?lang=en"},"modified":"2017-08-21T12:28:48","modified_gmt":"2017-08-21T09:28:48","slug":"%ce%bd%ce%b5%ce%ba%cf%81%ce%ae-%cf%86%cf%8d%cf%83%ce%b7-23","status":"publish","type":"product","link":"https:\/\/ikastikos-kiklos.com\/en\/product\/%ce%bd%ce%b5%ce%ba%cf%81%ce%ae-%cf%86%cf%8d%cf%83%ce%b7-23\/","title":{"rendered":"Still life"},"content":{"rendered":"<header class=\"title-container\">&#8220;In the turbulent, devious, colorless and brutal life we \u200b\u200bexperience, we have forgotten the importance of a microcosm that is born through the light, renewed with the universal sounds of music, and nestles within us as the only truth of its origin.<\/p>\n<p>I wanted to touch this glowing and miraculous microcosm, to identify with its existence, to delimit its dynamics and to paint its qualitative entity; believing that the hope of uplifting is not in the outer envelope of this world, but in spirituality and Inner harmony of mind and soul &#8220;(November 2013).<\/p>\n<p>Sourrce: <a href=\"https:\/\/ikastikos-kiklos.com\/%ce%b1%ce%bd%cf%84%ce%b1%ce%bd%ce%b1%ce%ba%ce%bb%ce%ac%cf%83%ce%b5%ce%b9%cf%82-%ce%b5%ce%bd%cf%8c%cf%82-%ce%bc%ce%b9%ce%ba%cf%81%cf%8c%ce%ba%ce%bf%cf%83%ce%bc%ce%bf%cf%85-%ce%b1%ce%bd%cf%84%cf%8e\/\">\u0395\u03b9\u03ba\u03b1\u03c3\u03c4\u03b9\u03ba\u03cc\u03c2 \u039a\u03cd\u03ba\u03bb\u03bf\u03c2 Sianti<\/a><\/p>\n<\/header>\n","protected":false},"excerpt":{"rendered":"<p>Painting of 2005<\/p>\n<p>His work, characterized by a personal style combining elements of figurative painting and abstraction, includes compositions of surreal character where color plays an important role, contributing to the creation of a poetic and dreamy atmosphere.<\/p>\n<p>Source: <a href=\"http:\/\/www.nationalgallery.gr\/site\/content.php?artist_id=6503&amp;sel=352\">nationalgallery.gr<\/a><\/p>\n","protected":false},"featured_media":7179,"template":"","meta":{"ngg_post_thumbnail":0},"product_brand":[],"product_cat":[398,397],"product_tag":[2713,2213,2488],"class_list":{"0":"post-3742","1":"product","2":"type-product","3":"status-publish","4":"has-post-thumbnail","6":"product_cat-collections","7":"product_cat-painting","8":"product_tag-antonis-apergis","9":"product_tag-painting-en","10":"product_tag-still-life-en","12":"first","13":"instock","14":"taxable","15":"shipping-taxable","16":"product-type-simple"},"yoast_head":"<!-- This site is optimized with the Yoast SEO plugin v27.4 - https:\/\/yoast.com\/product\/yoast-seo-wordpress\/ -->\n<title>Still Life Painting by Antonis Apergis at Ikastikos Kiklos Sianti Gallery<\/title>\n<meta name=\"description\" content=\"Still Life Painting by Antonis Apergis at Ikastikos Kiklos Sianti Gallery\" \/>\n<meta name=\"robots\" content=\"index, follow, max-snippet:-1, max-image-preview:large, max-video-preview:-1\" \/>\n<link rel=\"canonical\" href=\"https:\/\/ikastikos-kiklos.com\/en\/product\/\u03bd\u03b5\u03ba\u03c1\u03ae-\u03c6\u03cd\u03c3\u03b7-23\/\" \/>\n<meta property=\"og:locale\" content=\"en_US\" \/>\n<meta property=\"og:type\" content=\"article\" \/>\n<meta property=\"og:title\" content=\"Still Life Painting by Antonis Apergis at Ikastikos Kiklos Sianti Gallery\" \/>\n<meta property=\"og:description\" content=\"Still Life Painting by Antonis Apergis at Ikastikos Kiklos Sianti Gallery\" \/>\n<meta property=\"og:url\" content=\"https:\/\/ikastikos-kiklos.com\/en\/product\/\u03bd\u03b5\u03ba\u03c1\u03ae-\u03c6\u03cd\u03c3\u03b7-23\/\" \/>\n<meta property=\"og:site_name\" content=\"Ikastikos Kiklos - Zografik\u00ed - Metaxotyp\u00edes - T\u00e9chniPainting - Silk Screen - Art\" \/>\n<meta property=\"article:publisher\" content=\"https:\/\/www.facebook.com\/ikastikoskiklossianti\/\" \/>\n<meta property=\"article:modified_time\" content=\"2017-08-21T09:28:48+00:00\" \/>\n<meta property=\"og:image\" content=\"https:\/\/ikastikos-kiklos.com\/wp-content\/uploads\/2016\/06\/Job_4839-1.jpg\" \/>\n\t<meta property=\"og:image:width\" content=\"900\" \/>\n\t<meta property=\"og:image:height\" content=\"896\" \/>\n\t<meta property=\"og:image:type\" content=\"image\/jpeg\" \/>\n<meta name=\"twitter:card\" content=\"summary_large_image\" \/>\n<script type=\"application\/ld+json\" class=\"yoast-schema-graph\">{\"@context\":\"https:\\\/\\\/schema.org\",\"@graph\":[{\"@type\":\"WebPage\",\"@id\":\"https:\\\/\\\/ikastikos-kiklos.com\\\/en\\\/product\\\/%ce%bd%ce%b5%ce%ba%cf%81%ce%ae-%cf%86%cf%8d%cf%83%ce%b7-23\\\/\",\"url\":\"https:\\\/\\\/ikastikos-kiklos.com\\\/en\\\/product\\\/%ce%bd%ce%b5%ce%ba%cf%81%ce%ae-%cf%86%cf%8d%cf%83%ce%b7-23\\\/\",\"name\":\"Still Life Painting by Antonis Apergis at Ikastikos Kiklos Sianti Gallery\",\"isPartOf\":{\"@id\":\"https:\\\/\\\/ikastikos-kiklos.com\\\/en\\\/#website\"},\"primaryImageOfPage\":{\"@id\":\"https:\\\/\\\/ikastikos-kiklos.com\\\/en\\\/product\\\/%ce%bd%ce%b5%ce%ba%cf%81%ce%ae-%cf%86%cf%8d%cf%83%ce%b7-23\\\/#primaryimage\"},\"image\":{\"@id\":\"https:\\\/\\\/ikastikos-kiklos.com\\\/en\\\/product\\\/%ce%bd%ce%b5%ce%ba%cf%81%ce%ae-%cf%86%cf%8d%cf%83%ce%b7-23\\\/#primaryimage\"},\"thumbnailUrl\":\"https:\\\/\\\/ikastikos-kiklos.com\\\/wp-content\\\/uploads\\\/2016\\\/06\\\/Job_4839-1.jpg\",\"datePublished\":\"2016-06-13T14:42:29+00:00\",\"dateModified\":\"2017-08-21T09:28:48+00:00\",\"description\":\"Still Life Painting by Antonis Apergis at Ikastikos Kiklos Sianti Gallery\",\"breadcrumb\":{\"@id\":\"https:\\\/\\\/ikastikos-kiklos.com\\\/en\\\/product\\\/%ce%bd%ce%b5%ce%ba%cf%81%ce%ae-%cf%86%cf%8d%cf%83%ce%b7-23\\\/#breadcrumb\"},\"inLanguage\":\"en-US\",\"potentialAction\":[{\"@type\":\"ReadAction\",\"target\":[\"https:\\\/\\\/ikastikos-kiklos.com\\\/en\\\/product\\\/%ce%bd%ce%b5%ce%ba%cf%81%ce%ae-%cf%86%cf%8d%cf%83%ce%b7-23\\\/\"]}]},{\"@type\":\"ImageObject\",\"inLanguage\":\"en-US\",\"@id\":\"https:\\\/\\\/ikastikos-kiklos.com\\\/en\\\/product\\\/%ce%bd%ce%b5%ce%ba%cf%81%ce%ae-%cf%86%cf%8d%cf%83%ce%b7-23\\\/#primaryimage\",\"url\":\"https:\\\/\\\/ikastikos-kiklos.com\\\/wp-content\\\/uploads\\\/2016\\\/06\\\/Job_4839-1.jpg\",\"contentUrl\":\"https:\\\/\\\/ikastikos-kiklos.com\\\/wp-content\\\/uploads\\\/2016\\\/06\\\/Job_4839-1.jpg\",\"width\":900,\"height\":896,\"caption\":\"Still Life Painting by Antonis Apergis at Ikastikos Kiklos Sianti Gallery\"},{\"@type\":\"BreadcrumbList\",\"@id\":\"https:\\\/\\\/ikastikos-kiklos.com\\\/en\\\/product\\\/%ce%bd%ce%b5%ce%ba%cf%81%ce%ae-%cf%86%cf%8d%cf%83%ce%b7-23\\\/#breadcrumb\",\"itemListElement\":[{\"@type\":\"ListItem\",\"position\":1,\"name\":\"Home\",\"item\":\"https:\\\/\\\/ikastikos-kiklos.com\\\/en\\\/\"},{\"@type\":\"ListItem\",\"position\":2,\"name\":\"\u0388\u03c1\u03b3\u03b1 \u03c4\u03ad\u03c7\u03bd\u03b7\u03c2\",\"item\":\"https:\\\/\\\/ikastikos-kiklos.com\\\/%ce%ad%cf%81%ce%b3%ce%b1-%cf%84%ce%ad%cf%87%ce%bd%ce%b7%cf%82\\\/\"},{\"@type\":\"ListItem\",\"position\":3,\"name\":\"Still life\"}]},{\"@type\":\"WebSite\",\"@id\":\"https:\\\/\\\/ikastikos-kiklos.com\\\/en\\\/#website\",\"url\":\"https:\\\/\\\/ikastikos-kiklos.com\\\/en\\\/\",\"name\":\"Ikastikos Kiklos - Zografik\u00ed - Metaxotyp\u00edes - T\u00e9chniPainting - Silk Screen - Art\",\"description\":\"\",\"publisher\":{\"@id\":\"https:\\\/\\\/ikastikos-kiklos.com\\\/en\\\/#organization\"},\"potentialAction\":[{\"@type\":\"SearchAction\",\"target\":{\"@type\":\"EntryPoint\",\"urlTemplate\":\"https:\\\/\\\/ikastikos-kiklos.com\\\/en\\\/?s={search_term_string}\"},\"query-input\":{\"@type\":\"PropertyValueSpecification\",\"valueRequired\":true,\"valueName\":\"search_term_string\"}}],\"inLanguage\":\"en-US\"},{\"@type\":\"Organization\",\"@id\":\"https:\\\/\\\/ikastikos-kiklos.com\\\/en\\\/#organization\",\"name\":\"Ikastikos Kiklos - Zografik\u00ed - Metaxotyp\u00edes - T\u00e9chniPainting - Silk Screen - Art\",\"url\":\"https:\\\/\\\/ikastikos-kiklos.com\\\/en\\\/\",\"logo\":{\"@type\":\"ImageObject\",\"inLanguage\":\"en-US\",\"@id\":\"https:\\\/\\\/ikastikos-kiklos.com\\\/en\\\/#\\\/schema\\\/logo\\\/image\\\/\",\"url\":\"https:\\\/\\\/ikastikos-kiklos.com\\\/wp-content\\\/uploads\\\/2022\\\/10\\\/cropped-favicon_ikastikos.png\",\"contentUrl\":\"https:\\\/\\\/ikastikos-kiklos.com\\\/wp-content\\\/uploads\\\/2022\\\/10\\\/cropped-favicon_ikastikos.png\",\"width\":512,\"height\":512,\"caption\":\"Ikastikos Kiklos - Zografik\u00ed - Metaxotyp\u00edes - T\u00e9chniPainting - Silk Screen - Art\"},\"image\":{\"@id\":\"https:\\\/\\\/ikastikos-kiklos.com\\\/en\\\/#\\\/schema\\\/logo\\\/image\\\/\"},\"sameAs\":[\"https:\\\/\\\/www.facebook.com\\\/ikastikoskiklossianti\\\/\"]}]}<\/script>\n<!-- \/ Yoast SEO plugin. -->","yoast_head_json":{"title":"Still Life Painting by Antonis Apergis at Ikastikos Kiklos Sianti Gallery","description":"Still Life Painting by Antonis Apergis at Ikastikos Kiklos Sianti Gallery","robots":{"index":"index","follow":"follow","max-snippet":"max-snippet:-1","max-image-preview":"max-image-preview:large","max-video-preview":"max-video-preview:-1"},"canonical":"https:\/\/ikastikos-kiklos.com\/en\/product\/\u03bd\u03b5\u03ba\u03c1\u03ae-\u03c6\u03cd\u03c3\u03b7-23\/","og_locale":"en_US","og_type":"article","og_title":"Still Life Painting by Antonis Apergis at Ikastikos Kiklos Sianti Gallery","og_description":"Still Life Painting by Antonis Apergis at Ikastikos Kiklos Sianti Gallery","og_url":"https:\/\/ikastikos-kiklos.com\/en\/product\/\u03bd\u03b5\u03ba\u03c1\u03ae-\u03c6\u03cd\u03c3\u03b7-23\/","og_site_name":"Ikastikos Kiklos - Zografik\u00ed - Metaxotyp\u00edes - T\u00e9chniPainting - Silk Screen - Art","article_publisher":"https:\/\/www.facebook.com\/ikastikoskiklossianti\/","article_modified_time":"2017-08-21T09:28:48+00:00","og_image":[{"width":900,"height":896,"url":"https:\/\/ikastikos-kiklos.com\/wp-content\/uploads\/2016\/06\/Job_4839-1.jpg","type":"image\/jpeg"}],"twitter_card":"summary_large_image","schema":{"@context":"https:\/\/schema.org","@graph":[{"@type":"WebPage","@id":"https:\/\/ikastikos-kiklos.com\/en\/product\/%ce%bd%ce%b5%ce%ba%cf%81%ce%ae-%cf%86%cf%8d%cf%83%ce%b7-23\/","url":"https:\/\/ikastikos-kiklos.com\/en\/product\/%ce%bd%ce%b5%ce%ba%cf%81%ce%ae-%cf%86%cf%8d%cf%83%ce%b7-23\/","name":"Still Life Painting by Antonis Apergis at Ikastikos Kiklos Sianti Gallery","isPartOf":{"@id":"https:\/\/ikastikos-kiklos.com\/en\/#website"},"primaryImageOfPage":{"@id":"https:\/\/ikastikos-kiklos.com\/en\/product\/%ce%bd%ce%b5%ce%ba%cf%81%ce%ae-%cf%86%cf%8d%cf%83%ce%b7-23\/#primaryimage"},"image":{"@id":"https:\/\/ikastikos-kiklos.com\/en\/product\/%ce%bd%ce%b5%ce%ba%cf%81%ce%ae-%cf%86%cf%8d%cf%83%ce%b7-23\/#primaryimage"},"thumbnailUrl":"https:\/\/ikastikos-kiklos.com\/wp-content\/uploads\/2016\/06\/Job_4839-1.jpg","datePublished":"2016-06-13T14:42:29+00:00","dateModified":"2017-08-21T09:28:48+00:00","description":"Still Life Painting by Antonis Apergis at Ikastikos Kiklos Sianti Gallery","breadcrumb":{"@id":"https:\/\/ikastikos-kiklos.com\/en\/product\/%ce%bd%ce%b5%ce%ba%cf%81%ce%ae-%cf%86%cf%8d%cf%83%ce%b7-23\/#breadcrumb"},"inLanguage":"en-US","potentialAction":[{"@type":"ReadAction","target":["https:\/\/ikastikos-kiklos.com\/en\/product\/%ce%bd%ce%b5%ce%ba%cf%81%ce%ae-%cf%86%cf%8d%cf%83%ce%b7-23\/"]}]},{"@type":"ImageObject","inLanguage":"en-US","@id":"https:\/\/ikastikos-kiklos.com\/en\/product\/%ce%bd%ce%b5%ce%ba%cf%81%ce%ae-%cf%86%cf%8d%cf%83%ce%b7-23\/#primaryimage","url":"https:\/\/ikastikos-kiklos.com\/wp-content\/uploads\/2016\/06\/Job_4839-1.jpg","contentUrl":"https:\/\/ikastikos-kiklos.com\/wp-content\/uploads\/2016\/06\/Job_4839-1.jpg","width":900,"height":896,"caption":"Still Life Painting by Antonis Apergis at Ikastikos Kiklos Sianti Gallery"},{"@type":"BreadcrumbList","@id":"https:\/\/ikastikos-kiklos.com\/en\/product\/%ce%bd%ce%b5%ce%ba%cf%81%ce%ae-%cf%86%cf%8d%cf%83%ce%b7-23\/#breadcrumb","itemListElement":[{"@type":"ListItem","position":1,"name":"Home","item":"https:\/\/ikastikos-kiklos.com\/en\/"},{"@type":"ListItem","position":2,"name":"\u0388\u03c1\u03b3\u03b1 \u03c4\u03ad\u03c7\u03bd\u03b7\u03c2","item":"https:\/\/ikastikos-kiklos.com\/%ce%ad%cf%81%ce%b3%ce%b1-%cf%84%ce%ad%cf%87%ce%bd%ce%b7%cf%82\/"},{"@type":"ListItem","position":3,"name":"Still life"}]},{"@type":"WebSite","@id":"https:\/\/ikastikos-kiklos.com\/en\/#website","url":"https:\/\/ikastikos-kiklos.com\/en\/","name":"Ikastikos Kiklos - Zografik\u00ed - Metaxotyp\u00edes - T\u00e9chniPainting - Silk Screen - Art","description":"","publisher":{"@id":"https:\/\/ikastikos-kiklos.com\/en\/#organization"},"potentialAction":[{"@type":"SearchAction","target":{"@type":"EntryPoint","urlTemplate":"https:\/\/ikastikos-kiklos.com\/en\/?s={search_term_string}"},"query-input":{"@type":"PropertyValueSpecification","valueRequired":true,"valueName":"search_term_string"}}],"inLanguage":"en-US"},{"@type":"Organization","@id":"https:\/\/ikastikos-kiklos.com\/en\/#organization","name":"Ikastikos Kiklos - Zografik\u00ed - Metaxotyp\u00edes - T\u00e9chniPainting - Silk Screen - Art","url":"https:\/\/ikastikos-kiklos.com\/en\/","logo":{"@type":"ImageObject","inLanguage":"en-US","@id":"https:\/\/ikastikos-kiklos.com\/en\/#\/schema\/logo\/image\/","url":"https:\/\/ikastikos-kiklos.com\/wp-content\/uploads\/2022\/10\/cropped-favicon_ikastikos.png","contentUrl":"https:\/\/ikastikos-kiklos.com\/wp-content\/uploads\/2022\/10\/cropped-favicon_ikastikos.png","width":512,"height":512,"caption":"Ikastikos Kiklos - Zografik\u00ed - Metaxotyp\u00edes - T\u00e9chniPainting - Silk Screen - Art"},"image":{"@id":"https:\/\/ikastikos-kiklos.com\/en\/#\/schema\/logo\/image\/"},"sameAs":["https:\/\/www.facebook.com\/ikastikoskiklossianti\/"]}]}},"_links":{"self":[{"href":"https:\/\/ikastikos-kiklos.com\/en\/wp-json\/wp\/v2\/product\/3742","targetHints":{"allow":["GET"]}}],"collection":[{"href":"https:\/\/ikastikos-kiklos.com\/en\/wp-json\/wp\/v2\/product"}],"about":[{"href":"https:\/\/ikastikos-kiklos.com\/en\/wp-json\/wp\/v2\/types\/product"}],"wp:featuredmedia":[{"embeddable":true,"href":"https:\/\/ikastikos-kiklos.com\/en\/wp-json\/wp\/v2\/media\/7179"}],"wp:attachment":[{"href":"https:\/\/ikastikos-kiklos.com\/en\/wp-json\/wp\/v2\/media?parent=3742"}],"wp:term":[{"taxonomy":"product_brand","embeddable":true,"href":"https:\/\/ikastikos-kiklos.com\/en\/wp-json\/wp\/v2\/product_brand?post=3742"},{"taxonomy":"product_cat","embeddable":true,"href":"https:\/\/ikastikos-kiklos.com\/en\/wp-json\/wp\/v2\/product_cat?post=3742"},{"taxonomy":"product_tag","embeddable":true,"href":"https:\/\/ikastikos-kiklos.com\/en\/wp-json\/wp\/v2\/product_tag?post=3742"}],"curies":[{"name":"wp","href":"https:\/\/api.w.org\/{rel}","templated":true}]}}