{"id":3735,"date":"2016-07-02T11:03:35","date_gmt":"2016-07-02T11:03:35","guid":{"rendered":"http:\/\/ikastikos-kiklos.com\/\u03c0\u03c1\u03bf\u03ca\u03cc\u03bd\/%ce%ba%ce%bf%cf%80%ce%ad%ce%bb%ce%b1-%ce%ac%ce%bb%ce%bf%ce%b3%ce%bf\/?lang=en"},"modified":"2017-05-25T11:56:25","modified_gmt":"2017-05-25T11:56:25","slug":"%ce%ba%ce%bf%cf%80%ce%ad%ce%bb%ce%b1-%ce%ac%ce%bb%ce%bf%ce%b3%ce%bf","status":"publish","type":"product","link":"https:\/\/ikastikos-kiklos.com\/en\/product\/%ce%ba%ce%bf%cf%80%ce%ad%ce%bb%ce%b1-%ce%ac%ce%bb%ce%bf%ce%b3%ce%bf\/","title":{"rendered":"Young Woman with Horse"},"content":{"rendered":"<header class=\"title-container\">\n<h1 class=\"title\">Stathopoulos Giorgos<\/h1>\n<\/header>\n<div class=\"description-container dynamic-content\">\n<p>Giorgos Stathopoulos was born in 1944, in a village called Kalithea, in Agrinio. He studied at the Athens School of Fine Arts, with professors Yiannis Moralis, N. Nickolaou, Y. Pappas and D. Kalamaras (1966-1971). He has been presented in many group and personal exhibitions, in Greece and abroad. He has painted many book and record covers and has designed many posters and stage settings. His work has clear references to the Greek spirit and combines surrealism with expressionism, with characteristic simplicity. He lives and works in Athens.<\/p>\n<p>&nbsp;<\/p>\n<\/div>\n","protected":false},"excerpt":{"rendered":"<p>Creation of the artwork:\u00a02000<\/p>\n","protected":false},"featured_media":2933,"template":"","meta":{"ngg_post_thumbnail":0},"product_brand":[],"product_cat":[398,397],"product_tag":[2274,2402,2213],"class_list":{"0":"post-3735","1":"product","2":"type-product","3":"status-publish","4":"has-post-thumbnail","6":"product_cat-collections","7":"product_cat-painting","8":"product_tag---en","9":"product_tag-girl-with-horse-en","10":"product_tag-painting-en","12":"first","13":"instock","14":"taxable","15":"shipping-taxable","16":"product-type-simple"},"yoast_head":"<!-- This site is optimized with the Yoast SEO plugin v27.2 - https:\/\/yoast.com\/product\/yoast-seo-wordpress\/ -->\n<title>Young Woman with Horse Painting by Stathopoulos Giorgos at Ikastikos Kiklos Sianti Gallery<\/title>\n<meta name=\"description\" content=\"Young Woman with Horse Painting by Stathopoulos Giorgos at Ikastikos Kiklos Sianti Gallery. Acrylic on canvas. Dimensions 70x50cm\" \/>\n<meta name=\"robots\" content=\"index, follow, max-snippet:-1, max-image-preview:large, max-video-preview:-1\" \/>\n<link rel=\"canonical\" href=\"https:\/\/ikastikos-kiklos.com\/en\/product\/\u03ba\u03bf\u03c0\u03ad\u03bb\u03b1-\u03ac\u03bb\u03bf\u03b3\u03bf\/\" \/>\n<meta property=\"og:locale\" content=\"en_US\" \/>\n<meta property=\"og:type\" content=\"article\" \/>\n<meta property=\"og:title\" content=\"Young Woman with Horse Painting by Stathopoulos Giorgos at Ikastikos Kiklos Sianti Gallery\" \/>\n<meta property=\"og:description\" content=\"Young Woman with Horse Painting by Stathopoulos Giorgos at Ikastikos Kiklos Sianti Gallery. Acrylic on canvas. Dimensions 70x50cm\" \/>\n<meta property=\"og:url\" content=\"https:\/\/ikastikos-kiklos.com\/en\/product\/\u03ba\u03bf\u03c0\u03ad\u03bb\u03b1-\u03ac\u03bb\u03bf\u03b3\u03bf\/\" \/>\n<meta property=\"og:site_name\" content=\"Ikastikos Kiklos - Zografik\u00ed - Metaxotyp\u00edes - T\u00e9chniPainting - Silk Screen - Art\" \/>\n<meta property=\"article:publisher\" content=\"https:\/\/www.facebook.com\/ikastikoskiklossianti\/\" \/>\n<meta property=\"article:modified_time\" content=\"2017-05-25T11:56:25+00:00\" \/>\n<meta property=\"og:image\" content=\"https:\/\/ikastikos-kiklos.com\/wp-content\/uploads\/2016\/10\/No21-50x70cm-1.jpg\" \/>\n\t<meta property=\"og:image:width\" content=\"591\" \/>\n\t<meta property=\"og:image:height\" content=\"425\" \/>\n\t<meta property=\"og:image:type\" content=\"image\/jpeg\" \/>\n<meta name=\"twitter:card\" content=\"summary_large_image\" \/>\n<script type=\"application\/ld+json\" class=\"yoast-schema-graph\">{\"@context\":\"https:\/\/schema.org\",\"@graph\":[{\"@type\":\"WebPage\",\"@id\":\"https:\/\/ikastikos-kiklos.com\/en\/product\/%ce%ba%ce%bf%cf%80%ce%ad%ce%bb%ce%b1-%ce%ac%ce%bb%ce%bf%ce%b3%ce%bf\/\",\"url\":\"https:\/\/ikastikos-kiklos.com\/en\/product\/%ce%ba%ce%bf%cf%80%ce%ad%ce%bb%ce%b1-%ce%ac%ce%bb%ce%bf%ce%b3%ce%bf\/\",\"name\":\"Young Woman with Horse Painting by Stathopoulos Giorgos at Ikastikos Kiklos Sianti Gallery\",\"isPartOf\":{\"@id\":\"https:\/\/ikastikos-kiklos.com\/en\/#website\"},\"primaryImageOfPage\":{\"@id\":\"https:\/\/ikastikos-kiklos.com\/en\/product\/%ce%ba%ce%bf%cf%80%ce%ad%ce%bb%ce%b1-%ce%ac%ce%bb%ce%bf%ce%b3%ce%bf\/#primaryimage\"},\"image\":{\"@id\":\"https:\/\/ikastikos-kiklos.com\/en\/product\/%ce%ba%ce%bf%cf%80%ce%ad%ce%bb%ce%b1-%ce%ac%ce%bb%ce%bf%ce%b3%ce%bf\/#primaryimage\"},\"thumbnailUrl\":\"https:\/\/ikastikos-kiklos.com\/wp-content\/uploads\/2016\/10\/No21-50x70cm-1.jpg\",\"datePublished\":\"2016-07-02T11:03:35+00:00\",\"dateModified\":\"2017-05-25T11:56:25+00:00\",\"description\":\"Young Woman with Horse Painting by Stathopoulos Giorgos at Ikastikos Kiklos Sianti Gallery. Acrylic on canvas. Dimensions 70x50cm\",\"breadcrumb\":{\"@id\":\"https:\/\/ikastikos-kiklos.com\/en\/product\/%ce%ba%ce%bf%cf%80%ce%ad%ce%bb%ce%b1-%ce%ac%ce%bb%ce%bf%ce%b3%ce%bf\/#breadcrumb\"},\"inLanguage\":\"en-US\",\"potentialAction\":[{\"@type\":\"ReadAction\",\"target\":[\"https:\/\/ikastikos-kiklos.com\/en\/product\/%ce%ba%ce%bf%cf%80%ce%ad%ce%bb%ce%b1-%ce%ac%ce%bb%ce%bf%ce%b3%ce%bf\/\"]}]},{\"@type\":\"ImageObject\",\"inLanguage\":\"en-US\",\"@id\":\"https:\/\/ikastikos-kiklos.com\/en\/product\/%ce%ba%ce%bf%cf%80%ce%ad%ce%bb%ce%b1-%ce%ac%ce%bb%ce%bf%ce%b3%ce%bf\/#primaryimage\",\"url\":\"https:\/\/ikastikos-kiklos.com\/wp-content\/uploads\/2016\/10\/No21-50x70cm-1.jpg\",\"contentUrl\":\"https:\/\/ikastikos-kiklos.com\/wp-content\/uploads\/2016\/10\/No21-50x70cm-1.jpg\",\"width\":591,\"height\":425,\"caption\":\"\\\"Girl With Horse\\\" Silkscreen by Giorgos Stathopoulos at Ikastikos Kiklos Sianti Gallery.\"},{\"@type\":\"BreadcrumbList\",\"@id\":\"https:\/\/ikastikos-kiklos.com\/en\/product\/%ce%ba%ce%bf%cf%80%ce%ad%ce%bb%ce%b1-%ce%ac%ce%bb%ce%bf%ce%b3%ce%bf\/#breadcrumb\",\"itemListElement\":[{\"@type\":\"ListItem\",\"position\":1,\"name\":\"Home\",\"item\":\"https:\/\/ikastikos-kiklos.com\/en\/\"},{\"@type\":\"ListItem\",\"position\":2,\"name\":\"\u0388\u03c1\u03b3\u03b1 \u03c4\u03ad\u03c7\u03bd\u03b7\u03c2\",\"item\":\"https:\/\/ikastikos-kiklos.com\/%ce%ad%cf%81%ce%b3%ce%b1-%cf%84%ce%ad%cf%87%ce%bd%ce%b7%cf%82\/\"},{\"@type\":\"ListItem\",\"position\":3,\"name\":\"Young Woman with Horse\"}]},{\"@type\":\"WebSite\",\"@id\":\"https:\/\/ikastikos-kiklos.com\/en\/#website\",\"url\":\"https:\/\/ikastikos-kiklos.com\/en\/\",\"name\":\"Ikastikos Kiklos - Zografik\u00ed - Metaxotyp\u00edes - T\u00e9chniPainting - Silk Screen - Art\",\"description\":\"\",\"publisher\":{\"@id\":\"https:\/\/ikastikos-kiklos.com\/en\/#organization\"},\"potentialAction\":[{\"@type\":\"SearchAction\",\"target\":{\"@type\":\"EntryPoint\",\"urlTemplate\":\"https:\/\/ikastikos-kiklos.com\/en\/?s={search_term_string}\"},\"query-input\":{\"@type\":\"PropertyValueSpecification\",\"valueRequired\":true,\"valueName\":\"search_term_string\"}}],\"inLanguage\":\"en-US\"},{\"@type\":\"Organization\",\"@id\":\"https:\/\/ikastikos-kiklos.com\/en\/#organization\",\"name\":\"Ikastikos Kiklos - Zografik\u00ed - Metaxotyp\u00edes - T\u00e9chniPainting - Silk Screen - Art\",\"url\":\"https:\/\/ikastikos-kiklos.com\/en\/\",\"logo\":{\"@type\":\"ImageObject\",\"inLanguage\":\"en-US\",\"@id\":\"https:\/\/ikastikos-kiklos.com\/en\/#\/schema\/logo\/image\/\",\"url\":\"https:\/\/ikastikos-kiklos.com\/wp-content\/uploads\/2022\/10\/cropped-favicon_ikastikos.png\",\"contentUrl\":\"https:\/\/ikastikos-kiklos.com\/wp-content\/uploads\/2022\/10\/cropped-favicon_ikastikos.png\",\"width\":512,\"height\":512,\"caption\":\"Ikastikos Kiklos - Zografik\u00ed - Metaxotyp\u00edes - T\u00e9chniPainting - Silk Screen - Art\"},\"image\":{\"@id\":\"https:\/\/ikastikos-kiklos.com\/en\/#\/schema\/logo\/image\/\"},\"sameAs\":[\"https:\/\/www.facebook.com\/ikastikoskiklossianti\/\"]}]}<\/script>\n<!-- \/ Yoast SEO plugin. -->","yoast_head_json":{"title":"Young Woman with Horse Painting by Stathopoulos Giorgos at Ikastikos Kiklos Sianti Gallery","description":"Young Woman with Horse Painting by Stathopoulos Giorgos at Ikastikos Kiklos Sianti Gallery. Acrylic on canvas. Dimensions 70x50cm","robots":{"index":"index","follow":"follow","max-snippet":"max-snippet:-1","max-image-preview":"max-image-preview:large","max-video-preview":"max-video-preview:-1"},"canonical":"https:\/\/ikastikos-kiklos.com\/en\/product\/\u03ba\u03bf\u03c0\u03ad\u03bb\u03b1-\u03ac\u03bb\u03bf\u03b3\u03bf\/","og_locale":"en_US","og_type":"article","og_title":"Young Woman with Horse Painting by Stathopoulos Giorgos at Ikastikos Kiklos Sianti Gallery","og_description":"Young Woman with Horse Painting by Stathopoulos Giorgos at Ikastikos Kiklos Sianti Gallery. Acrylic on canvas. Dimensions 70x50cm","og_url":"https:\/\/ikastikos-kiklos.com\/en\/product\/\u03ba\u03bf\u03c0\u03ad\u03bb\u03b1-\u03ac\u03bb\u03bf\u03b3\u03bf\/","og_site_name":"Ikastikos Kiklos - Zografik\u00ed - Metaxotyp\u00edes - T\u00e9chniPainting - Silk Screen - Art","article_publisher":"https:\/\/www.facebook.com\/ikastikoskiklossianti\/","article_modified_time":"2017-05-25T11:56:25+00:00","og_image":[{"width":591,"height":425,"url":"https:\/\/ikastikos-kiklos.com\/wp-content\/uploads\/2016\/10\/No21-50x70cm-1.jpg","type":"image\/jpeg"}],"twitter_card":"summary_large_image","schema":{"@context":"https:\/\/schema.org","@graph":[{"@type":"WebPage","@id":"https:\/\/ikastikos-kiklos.com\/en\/product\/%ce%ba%ce%bf%cf%80%ce%ad%ce%bb%ce%b1-%ce%ac%ce%bb%ce%bf%ce%b3%ce%bf\/","url":"https:\/\/ikastikos-kiklos.com\/en\/product\/%ce%ba%ce%bf%cf%80%ce%ad%ce%bb%ce%b1-%ce%ac%ce%bb%ce%bf%ce%b3%ce%bf\/","name":"Young Woman with Horse Painting by Stathopoulos Giorgos at Ikastikos Kiklos Sianti Gallery","isPartOf":{"@id":"https:\/\/ikastikos-kiklos.com\/en\/#website"},"primaryImageOfPage":{"@id":"https:\/\/ikastikos-kiklos.com\/en\/product\/%ce%ba%ce%bf%cf%80%ce%ad%ce%bb%ce%b1-%ce%ac%ce%bb%ce%bf%ce%b3%ce%bf\/#primaryimage"},"image":{"@id":"https:\/\/ikastikos-kiklos.com\/en\/product\/%ce%ba%ce%bf%cf%80%ce%ad%ce%bb%ce%b1-%ce%ac%ce%bb%ce%bf%ce%b3%ce%bf\/#primaryimage"},"thumbnailUrl":"https:\/\/ikastikos-kiklos.com\/wp-content\/uploads\/2016\/10\/No21-50x70cm-1.jpg","datePublished":"2016-07-02T11:03:35+00:00","dateModified":"2017-05-25T11:56:25+00:00","description":"Young Woman with Horse Painting by Stathopoulos Giorgos at Ikastikos Kiklos Sianti Gallery. Acrylic on canvas. Dimensions 70x50cm","breadcrumb":{"@id":"https:\/\/ikastikos-kiklos.com\/en\/product\/%ce%ba%ce%bf%cf%80%ce%ad%ce%bb%ce%b1-%ce%ac%ce%bb%ce%bf%ce%b3%ce%bf\/#breadcrumb"},"inLanguage":"en-US","potentialAction":[{"@type":"ReadAction","target":["https:\/\/ikastikos-kiklos.com\/en\/product\/%ce%ba%ce%bf%cf%80%ce%ad%ce%bb%ce%b1-%ce%ac%ce%bb%ce%bf%ce%b3%ce%bf\/"]}]},{"@type":"ImageObject","inLanguage":"en-US","@id":"https:\/\/ikastikos-kiklos.com\/en\/product\/%ce%ba%ce%bf%cf%80%ce%ad%ce%bb%ce%b1-%ce%ac%ce%bb%ce%bf%ce%b3%ce%bf\/#primaryimage","url":"https:\/\/ikastikos-kiklos.com\/wp-content\/uploads\/2016\/10\/No21-50x70cm-1.jpg","contentUrl":"https:\/\/ikastikos-kiklos.com\/wp-content\/uploads\/2016\/10\/No21-50x70cm-1.jpg","width":591,"height":425,"caption":"\"Girl With Horse\" Silkscreen by Giorgos Stathopoulos at Ikastikos Kiklos Sianti Gallery."},{"@type":"BreadcrumbList","@id":"https:\/\/ikastikos-kiklos.com\/en\/product\/%ce%ba%ce%bf%cf%80%ce%ad%ce%bb%ce%b1-%ce%ac%ce%bb%ce%bf%ce%b3%ce%bf\/#breadcrumb","itemListElement":[{"@type":"ListItem","position":1,"name":"Home","item":"https:\/\/ikastikos-kiklos.com\/en\/"},{"@type":"ListItem","position":2,"name":"\u0388\u03c1\u03b3\u03b1 \u03c4\u03ad\u03c7\u03bd\u03b7\u03c2","item":"https:\/\/ikastikos-kiklos.com\/%ce%ad%cf%81%ce%b3%ce%b1-%cf%84%ce%ad%cf%87%ce%bd%ce%b7%cf%82\/"},{"@type":"ListItem","position":3,"name":"Young Woman with Horse"}]},{"@type":"WebSite","@id":"https:\/\/ikastikos-kiklos.com\/en\/#website","url":"https:\/\/ikastikos-kiklos.com\/en\/","name":"Ikastikos Kiklos - Zografik\u00ed - Metaxotyp\u00edes - T\u00e9chniPainting - Silk Screen - Art","description":"","publisher":{"@id":"https:\/\/ikastikos-kiklos.com\/en\/#organization"},"potentialAction":[{"@type":"SearchAction","target":{"@type":"EntryPoint","urlTemplate":"https:\/\/ikastikos-kiklos.com\/en\/?s={search_term_string}"},"query-input":{"@type":"PropertyValueSpecification","valueRequired":true,"valueName":"search_term_string"}}],"inLanguage":"en-US"},{"@type":"Organization","@id":"https:\/\/ikastikos-kiklos.com\/en\/#organization","name":"Ikastikos Kiklos - Zografik\u00ed - Metaxotyp\u00edes - T\u00e9chniPainting - Silk Screen - Art","url":"https:\/\/ikastikos-kiklos.com\/en\/","logo":{"@type":"ImageObject","inLanguage":"en-US","@id":"https:\/\/ikastikos-kiklos.com\/en\/#\/schema\/logo\/image\/","url":"https:\/\/ikastikos-kiklos.com\/wp-content\/uploads\/2022\/10\/cropped-favicon_ikastikos.png","contentUrl":"https:\/\/ikastikos-kiklos.com\/wp-content\/uploads\/2022\/10\/cropped-favicon_ikastikos.png","width":512,"height":512,"caption":"Ikastikos Kiklos - Zografik\u00ed - Metaxotyp\u00edes - T\u00e9chniPainting - Silk Screen - Art"},"image":{"@id":"https:\/\/ikastikos-kiklos.com\/en\/#\/schema\/logo\/image\/"},"sameAs":["https:\/\/www.facebook.com\/ikastikoskiklossianti\/"]}]}},"_links":{"self":[{"href":"https:\/\/ikastikos-kiklos.com\/en\/wp-json\/wp\/v2\/product\/3735","targetHints":{"allow":["GET"]}}],"collection":[{"href":"https:\/\/ikastikos-kiklos.com\/en\/wp-json\/wp\/v2\/product"}],"about":[{"href":"https:\/\/ikastikos-kiklos.com\/en\/wp-json\/wp\/v2\/types\/product"}],"wp:featuredmedia":[{"embeddable":true,"href":"https:\/\/ikastikos-kiklos.com\/en\/wp-json\/wp\/v2\/media\/2933"}],"wp:attachment":[{"href":"https:\/\/ikastikos-kiklos.com\/en\/wp-json\/wp\/v2\/media?parent=3735"}],"wp:term":[{"taxonomy":"product_brand","embeddable":true,"href":"https:\/\/ikastikos-kiklos.com\/en\/wp-json\/wp\/v2\/product_brand?post=3735"},{"taxonomy":"product_cat","embeddable":true,"href":"https:\/\/ikastikos-kiklos.com\/en\/wp-json\/wp\/v2\/product_cat?post=3735"},{"taxonomy":"product_tag","embeddable":true,"href":"https:\/\/ikastikos-kiklos.com\/en\/wp-json\/wp\/v2\/product_tag?post=3735"}],"curies":[{"name":"wp","href":"https:\/\/api.w.org\/{rel}","templated":true}]}}