{"id":3696,"date":"2016-07-25T13:14:28","date_gmt":"2016-07-25T13:14:28","guid":{"rendered":"http:\/\/ikastikos-kiklos.com\/\u03c0\u03c1\u03bf\u03ca\u03cc\u03bd\/%cf%80%ce%b1%cf%80%ce%b1%cf%81%ce%bf%cf%8d%ce%bd%ce%b5%cf%82-%cf%83%cf%84%ce%bf-%cf%80%ce%bf%cf%84%ce%ae%cf%81%ce%b9-%cf%84%ce%bf%cf%85-%cf%87-2\/?lang=en"},"modified":"2017-10-05T01:56:32","modified_gmt":"2017-10-04T22:56:32","slug":"%cf%80%ce%b1%cf%80%ce%b1%cf%81%ce%bf%cf%8d%ce%bd%ce%b5%cf%82-%cf%83%cf%84%ce%bf-%cf%80%ce%bf%cf%84%ce%ae%cf%81%ce%b9-%cf%84%ce%bf%cf%85-%cf%87-2","status":"publish","type":"product","link":"https:\/\/ikastikos-kiklos.com\/en\/product\/%cf%80%ce%b1%cf%80%ce%b1%cf%81%ce%bf%cf%8d%ce%bd%ce%b5%cf%82-%cf%83%cf%84%ce%bf-%cf%80%ce%bf%cf%84%ce%ae%cf%81%ce%b9-%cf%84%ce%bf%cf%85-%cf%87-2\/","title":{"rendered":"Poppies in X\u2019s glass"},"content":{"rendered":"<header class=\"title-container\">&#8220;In the paintings of Michalis Makroulakis, human bodies, objects, horses, dogs, flowers, plants, butterflies and fruits, all together make up a spirituality that is nothing but the cosmography &#8230;&#8221; Source: <a href=\"http:\/\/www.tovima.gr\/culture\/article\/?aid=512635\">tovima.gr<\/a><\/p>\n<\/header>\n","protected":false},"excerpt":{"rendered":"<p>Difficult for me is everything I do not like. If I like it, I dedicate myself to it, I love it and I do not see any difficulty. I&#8217;m just glad with the result. Source: <a href=\"http:\/\/www.axiaplus.gr\/%CE%BC%CE%B9%CF%87%CE%AC%CE%BB%CE%B7%CF%82-%CE%BC%CE%B1%CE%BA%CF%81%CE%BF%CF%85%CE%BB%CE%AC%CE%BA%CE%B7%CF%82-%CE%B4%CF%8D%CF%83%CE%BA%CE%BF%CE%BB%CE%BF-%CE%B3%CE%B9%CE%B1-%CE%BC%CE%AD%CE%BD\/\">axiaplus.gr<\/a><\/p>\n","protected":false},"featured_media":3006,"template":"","meta":{"ngg_post_thumbnail":0},"product_brand":[],"product_cat":[397],"product_tag":[2423,2213,2615],"class_list":{"0":"post-3696","1":"product","2":"type-product","3":"status-publish","4":"has-post-thumbnail","6":"product_cat-painting","7":"product_tag-michalis-makroulakis","8":"product_tag-painting-en","9":"product_tag-work-of-art","11":"first","12":"instock","13":"taxable","14":"shipping-taxable","15":"product-type-simple"},"yoast_head":"<!-- This site is optimized with the Yoast SEO plugin v27.2 - https:\/\/yoast.com\/product\/yoast-seo-wordpress\/ -->\n<title>Poppies in X\u2019s glass - Ikastikos Kiklos - Zografik\u00ed - Metaxotyp\u00edes - T\u00e9chniPainting - Silk Screen - Art<\/title>\n<meta name=\"description\" content=\"Difficult for me is everything I do not like. If I like it, I dedicate myself to it, I love it and I do not see any difficulty. I&#039;m just glad with the result. Source: axiaplus.gr\" \/>\n<meta name=\"robots\" content=\"index, follow, max-snippet:-1, max-image-preview:large, max-video-preview:-1\" \/>\n<link rel=\"canonical\" href=\"https:\/\/ikastikos-kiklos.com\/en\/product\/\u03c0\u03b1\u03c0\u03b1\u03c1\u03bf\u03cd\u03bd\u03b5\u03c2-\u03c3\u03c4\u03bf-\u03c0\u03bf\u03c4\u03ae\u03c1\u03b9-\u03c4\u03bf\u03c5-\u03c7-2\/\" \/>\n<meta property=\"og:locale\" content=\"en_US\" \/>\n<meta property=\"og:type\" content=\"article\" \/>\n<meta property=\"og:title\" content=\"Poppies in X\u2019s glass - Ikastikos Kiklos - Zografik\u00ed - Metaxotyp\u00edes - T\u00e9chniPainting - Silk Screen - Art\" \/>\n<meta property=\"og:description\" content=\"Difficult for me is everything I do not like. If I like it, I dedicate myself to it, I love it and I do not see any difficulty. I&#039;m just glad with the result. Source: axiaplus.gr\" \/>\n<meta property=\"og:url\" content=\"https:\/\/ikastikos-kiklos.com\/en\/product\/\u03c0\u03b1\u03c0\u03b1\u03c1\u03bf\u03cd\u03bd\u03b5\u03c2-\u03c3\u03c4\u03bf-\u03c0\u03bf\u03c4\u03ae\u03c1\u03b9-\u03c4\u03bf\u03c5-\u03c7-2\/\" \/>\n<meta property=\"og:site_name\" content=\"Ikastikos Kiklos - Zografik\u00ed - Metaxotyp\u00edes - T\u00e9chniPainting - Silk Screen - Art\" \/>\n<meta property=\"article:publisher\" content=\"https:\/\/www.facebook.com\/ikastikoskiklossianti\/\" \/>\n<meta property=\"article:modified_time\" content=\"2017-10-04T22:56:32+00:00\" \/>\n<meta property=\"og:image\" content=\"https:\/\/ikastikos-kiklos.com\/wp-content\/uploads\/2016\/10\/No1-25x35cm.jpg\" \/>\n\t<meta property=\"og:image:width\" content=\"372\" \/>\n\t<meta property=\"og:image:height\" content=\"550\" \/>\n\t<meta property=\"og:image:type\" content=\"image\/jpeg\" \/>\n<meta name=\"twitter:card\" content=\"summary_large_image\" \/>\n<script type=\"application\/ld+json\" class=\"yoast-schema-graph\">{\"@context\":\"https:\/\/schema.org\",\"@graph\":[{\"@type\":\"WebPage\",\"@id\":\"https:\/\/ikastikos-kiklos.com\/en\/product\/%cf%80%ce%b1%cf%80%ce%b1%cf%81%ce%bf%cf%8d%ce%bd%ce%b5%cf%82-%cf%83%cf%84%ce%bf-%cf%80%ce%bf%cf%84%ce%ae%cf%81%ce%b9-%cf%84%ce%bf%cf%85-%cf%87-2\/\",\"url\":\"https:\/\/ikastikos-kiklos.com\/en\/product\/%cf%80%ce%b1%cf%80%ce%b1%cf%81%ce%bf%cf%8d%ce%bd%ce%b5%cf%82-%cf%83%cf%84%ce%bf-%cf%80%ce%bf%cf%84%ce%ae%cf%81%ce%b9-%cf%84%ce%bf%cf%85-%cf%87-2\/\",\"name\":\"Poppies in X\u2019s glass - Ikastikos Kiklos - Zografik\u00ed - Metaxotyp\u00edes - T\u00e9chniPainting - Silk Screen - Art\",\"isPartOf\":{\"@id\":\"https:\/\/ikastikos-kiklos.com\/en\/#website\"},\"primaryImageOfPage\":{\"@id\":\"https:\/\/ikastikos-kiklos.com\/en\/product\/%cf%80%ce%b1%cf%80%ce%b1%cf%81%ce%bf%cf%8d%ce%bd%ce%b5%cf%82-%cf%83%cf%84%ce%bf-%cf%80%ce%bf%cf%84%ce%ae%cf%81%ce%b9-%cf%84%ce%bf%cf%85-%cf%87-2\/#primaryimage\"},\"image\":{\"@id\":\"https:\/\/ikastikos-kiklos.com\/en\/product\/%cf%80%ce%b1%cf%80%ce%b1%cf%81%ce%bf%cf%8d%ce%bd%ce%b5%cf%82-%cf%83%cf%84%ce%bf-%cf%80%ce%bf%cf%84%ce%ae%cf%81%ce%b9-%cf%84%ce%bf%cf%85-%cf%87-2\/#primaryimage\"},\"thumbnailUrl\":\"https:\/\/ikastikos-kiklos.com\/wp-content\/uploads\/2016\/10\/No1-25x35cm.jpg\",\"datePublished\":\"2016-07-25T13:14:28+00:00\",\"dateModified\":\"2017-10-04T22:56:32+00:00\",\"description\":\"Difficult for me is everything I do not like. If I like it, I dedicate myself to it, I love it and I do not see any difficulty. I'm just glad with the result. Source: axiaplus.gr\",\"breadcrumb\":{\"@id\":\"https:\/\/ikastikos-kiklos.com\/en\/product\/%cf%80%ce%b1%cf%80%ce%b1%cf%81%ce%bf%cf%8d%ce%bd%ce%b5%cf%82-%cf%83%cf%84%ce%bf-%cf%80%ce%bf%cf%84%ce%ae%cf%81%ce%b9-%cf%84%ce%bf%cf%85-%cf%87-2\/#breadcrumb\"},\"inLanguage\":\"en-US\",\"potentialAction\":[{\"@type\":\"ReadAction\",\"target\":[\"https:\/\/ikastikos-kiklos.com\/en\/product\/%cf%80%ce%b1%cf%80%ce%b1%cf%81%ce%bf%cf%8d%ce%bd%ce%b5%cf%82-%cf%83%cf%84%ce%bf-%cf%80%ce%bf%cf%84%ce%ae%cf%81%ce%b9-%cf%84%ce%bf%cf%85-%cf%87-2\/\"]}]},{\"@type\":\"ImageObject\",\"inLanguage\":\"en-US\",\"@id\":\"https:\/\/ikastikos-kiklos.com\/en\/product\/%cf%80%ce%b1%cf%80%ce%b1%cf%81%ce%bf%cf%8d%ce%bd%ce%b5%cf%82-%cf%83%cf%84%ce%bf-%cf%80%ce%bf%cf%84%ce%ae%cf%81%ce%b9-%cf%84%ce%bf%cf%85-%cf%87-2\/#primaryimage\",\"url\":\"https:\/\/ikastikos-kiklos.com\/wp-content\/uploads\/2016\/10\/No1-25x35cm.jpg\",\"contentUrl\":\"https:\/\/ikastikos-kiklos.com\/wp-content\/uploads\/2016\/10\/No1-25x35cm.jpg\",\"width\":372,\"height\":550,\"caption\":\"ergo-texnhs-makroulakhs-mixalis-pinakas-zwgrafikhs\"},{\"@type\":\"BreadcrumbList\",\"@id\":\"https:\/\/ikastikos-kiklos.com\/en\/product\/%cf%80%ce%b1%cf%80%ce%b1%cf%81%ce%bf%cf%8d%ce%bd%ce%b5%cf%82-%cf%83%cf%84%ce%bf-%cf%80%ce%bf%cf%84%ce%ae%cf%81%ce%b9-%cf%84%ce%bf%cf%85-%cf%87-2\/#breadcrumb\",\"itemListElement\":[{\"@type\":\"ListItem\",\"position\":1,\"name\":\"Home\",\"item\":\"https:\/\/ikastikos-kiklos.com\/en\/\"},{\"@type\":\"ListItem\",\"position\":2,\"name\":\"\u0388\u03c1\u03b3\u03b1 \u03c4\u03ad\u03c7\u03bd\u03b7\u03c2\",\"item\":\"https:\/\/ikastikos-kiklos.com\/%ce%ad%cf%81%ce%b3%ce%b1-%cf%84%ce%ad%cf%87%ce%bd%ce%b7%cf%82\/\"},{\"@type\":\"ListItem\",\"position\":3,\"name\":\"Poppies in X\u2019s glass\"}]},{\"@type\":\"WebSite\",\"@id\":\"https:\/\/ikastikos-kiklos.com\/en\/#website\",\"url\":\"https:\/\/ikastikos-kiklos.com\/en\/\",\"name\":\"Ikastikos Kiklos - Zografik\u00ed - Metaxotyp\u00edes - T\u00e9chniPainting - Silk Screen - Art\",\"description\":\"\",\"publisher\":{\"@id\":\"https:\/\/ikastikos-kiklos.com\/en\/#organization\"},\"potentialAction\":[{\"@type\":\"SearchAction\",\"target\":{\"@type\":\"EntryPoint\",\"urlTemplate\":\"https:\/\/ikastikos-kiklos.com\/en\/?s={search_term_string}\"},\"query-input\":{\"@type\":\"PropertyValueSpecification\",\"valueRequired\":true,\"valueName\":\"search_term_string\"}}],\"inLanguage\":\"en-US\"},{\"@type\":\"Organization\",\"@id\":\"https:\/\/ikastikos-kiklos.com\/en\/#organization\",\"name\":\"Ikastikos Kiklos - Zografik\u00ed - Metaxotyp\u00edes - T\u00e9chniPainting - Silk Screen - Art\",\"url\":\"https:\/\/ikastikos-kiklos.com\/en\/\",\"logo\":{\"@type\":\"ImageObject\",\"inLanguage\":\"en-US\",\"@id\":\"https:\/\/ikastikos-kiklos.com\/en\/#\/schema\/logo\/image\/\",\"url\":\"https:\/\/ikastikos-kiklos.com\/wp-content\/uploads\/2022\/10\/cropped-favicon_ikastikos.png\",\"contentUrl\":\"https:\/\/ikastikos-kiklos.com\/wp-content\/uploads\/2022\/10\/cropped-favicon_ikastikos.png\",\"width\":512,\"height\":512,\"caption\":\"Ikastikos Kiklos - Zografik\u00ed - Metaxotyp\u00edes - T\u00e9chniPainting - Silk Screen - Art\"},\"image\":{\"@id\":\"https:\/\/ikastikos-kiklos.com\/en\/#\/schema\/logo\/image\/\"},\"sameAs\":[\"https:\/\/www.facebook.com\/ikastikoskiklossianti\/\"]}]}<\/script>\n<!-- \/ Yoast SEO plugin. -->","yoast_head_json":{"title":"Poppies in X\u2019s glass - Ikastikos Kiklos - Zografik\u00ed - Metaxotyp\u00edes - T\u00e9chniPainting - Silk Screen - Art","description":"Difficult for me is everything I do not like. If I like it, I dedicate myself to it, I love it and I do not see any difficulty. I'm just glad with the result. Source: axiaplus.gr","robots":{"index":"index","follow":"follow","max-snippet":"max-snippet:-1","max-image-preview":"max-image-preview:large","max-video-preview":"max-video-preview:-1"},"canonical":"https:\/\/ikastikos-kiklos.com\/en\/product\/\u03c0\u03b1\u03c0\u03b1\u03c1\u03bf\u03cd\u03bd\u03b5\u03c2-\u03c3\u03c4\u03bf-\u03c0\u03bf\u03c4\u03ae\u03c1\u03b9-\u03c4\u03bf\u03c5-\u03c7-2\/","og_locale":"en_US","og_type":"article","og_title":"Poppies in X\u2019s glass - Ikastikos Kiklos - Zografik\u00ed - Metaxotyp\u00edes - T\u00e9chniPainting - Silk Screen - Art","og_description":"Difficult for me is everything I do not like. If I like it, I dedicate myself to it, I love it and I do not see any difficulty. I'm just glad with the result. Source: axiaplus.gr","og_url":"https:\/\/ikastikos-kiklos.com\/en\/product\/\u03c0\u03b1\u03c0\u03b1\u03c1\u03bf\u03cd\u03bd\u03b5\u03c2-\u03c3\u03c4\u03bf-\u03c0\u03bf\u03c4\u03ae\u03c1\u03b9-\u03c4\u03bf\u03c5-\u03c7-2\/","og_site_name":"Ikastikos Kiklos - Zografik\u00ed - Metaxotyp\u00edes - T\u00e9chniPainting - Silk Screen - Art","article_publisher":"https:\/\/www.facebook.com\/ikastikoskiklossianti\/","article_modified_time":"2017-10-04T22:56:32+00:00","og_image":[{"width":372,"height":550,"url":"https:\/\/ikastikos-kiklos.com\/wp-content\/uploads\/2016\/10\/No1-25x35cm.jpg","type":"image\/jpeg"}],"twitter_card":"summary_large_image","schema":{"@context":"https:\/\/schema.org","@graph":[{"@type":"WebPage","@id":"https:\/\/ikastikos-kiklos.com\/en\/product\/%cf%80%ce%b1%cf%80%ce%b1%cf%81%ce%bf%cf%8d%ce%bd%ce%b5%cf%82-%cf%83%cf%84%ce%bf-%cf%80%ce%bf%cf%84%ce%ae%cf%81%ce%b9-%cf%84%ce%bf%cf%85-%cf%87-2\/","url":"https:\/\/ikastikos-kiklos.com\/en\/product\/%cf%80%ce%b1%cf%80%ce%b1%cf%81%ce%bf%cf%8d%ce%bd%ce%b5%cf%82-%cf%83%cf%84%ce%bf-%cf%80%ce%bf%cf%84%ce%ae%cf%81%ce%b9-%cf%84%ce%bf%cf%85-%cf%87-2\/","name":"Poppies in X\u2019s glass - Ikastikos Kiklos - Zografik\u00ed - Metaxotyp\u00edes - T\u00e9chniPainting - Silk Screen - Art","isPartOf":{"@id":"https:\/\/ikastikos-kiklos.com\/en\/#website"},"primaryImageOfPage":{"@id":"https:\/\/ikastikos-kiklos.com\/en\/product\/%cf%80%ce%b1%cf%80%ce%b1%cf%81%ce%bf%cf%8d%ce%bd%ce%b5%cf%82-%cf%83%cf%84%ce%bf-%cf%80%ce%bf%cf%84%ce%ae%cf%81%ce%b9-%cf%84%ce%bf%cf%85-%cf%87-2\/#primaryimage"},"image":{"@id":"https:\/\/ikastikos-kiklos.com\/en\/product\/%cf%80%ce%b1%cf%80%ce%b1%cf%81%ce%bf%cf%8d%ce%bd%ce%b5%cf%82-%cf%83%cf%84%ce%bf-%cf%80%ce%bf%cf%84%ce%ae%cf%81%ce%b9-%cf%84%ce%bf%cf%85-%cf%87-2\/#primaryimage"},"thumbnailUrl":"https:\/\/ikastikos-kiklos.com\/wp-content\/uploads\/2016\/10\/No1-25x35cm.jpg","datePublished":"2016-07-25T13:14:28+00:00","dateModified":"2017-10-04T22:56:32+00:00","description":"Difficult for me is everything I do not like. If I like it, I dedicate myself to it, I love it and I do not see any difficulty. I'm just glad with the result. Source: axiaplus.gr","breadcrumb":{"@id":"https:\/\/ikastikos-kiklos.com\/en\/product\/%cf%80%ce%b1%cf%80%ce%b1%cf%81%ce%bf%cf%8d%ce%bd%ce%b5%cf%82-%cf%83%cf%84%ce%bf-%cf%80%ce%bf%cf%84%ce%ae%cf%81%ce%b9-%cf%84%ce%bf%cf%85-%cf%87-2\/#breadcrumb"},"inLanguage":"en-US","potentialAction":[{"@type":"ReadAction","target":["https:\/\/ikastikos-kiklos.com\/en\/product\/%cf%80%ce%b1%cf%80%ce%b1%cf%81%ce%bf%cf%8d%ce%bd%ce%b5%cf%82-%cf%83%cf%84%ce%bf-%cf%80%ce%bf%cf%84%ce%ae%cf%81%ce%b9-%cf%84%ce%bf%cf%85-%cf%87-2\/"]}]},{"@type":"ImageObject","inLanguage":"en-US","@id":"https:\/\/ikastikos-kiklos.com\/en\/product\/%cf%80%ce%b1%cf%80%ce%b1%cf%81%ce%bf%cf%8d%ce%bd%ce%b5%cf%82-%cf%83%cf%84%ce%bf-%cf%80%ce%bf%cf%84%ce%ae%cf%81%ce%b9-%cf%84%ce%bf%cf%85-%cf%87-2\/#primaryimage","url":"https:\/\/ikastikos-kiklos.com\/wp-content\/uploads\/2016\/10\/No1-25x35cm.jpg","contentUrl":"https:\/\/ikastikos-kiklos.com\/wp-content\/uploads\/2016\/10\/No1-25x35cm.jpg","width":372,"height":550,"caption":"ergo-texnhs-makroulakhs-mixalis-pinakas-zwgrafikhs"},{"@type":"BreadcrumbList","@id":"https:\/\/ikastikos-kiklos.com\/en\/product\/%cf%80%ce%b1%cf%80%ce%b1%cf%81%ce%bf%cf%8d%ce%bd%ce%b5%cf%82-%cf%83%cf%84%ce%bf-%cf%80%ce%bf%cf%84%ce%ae%cf%81%ce%b9-%cf%84%ce%bf%cf%85-%cf%87-2\/#breadcrumb","itemListElement":[{"@type":"ListItem","position":1,"name":"Home","item":"https:\/\/ikastikos-kiklos.com\/en\/"},{"@type":"ListItem","position":2,"name":"\u0388\u03c1\u03b3\u03b1 \u03c4\u03ad\u03c7\u03bd\u03b7\u03c2","item":"https:\/\/ikastikos-kiklos.com\/%ce%ad%cf%81%ce%b3%ce%b1-%cf%84%ce%ad%cf%87%ce%bd%ce%b7%cf%82\/"},{"@type":"ListItem","position":3,"name":"Poppies in X\u2019s glass"}]},{"@type":"WebSite","@id":"https:\/\/ikastikos-kiklos.com\/en\/#website","url":"https:\/\/ikastikos-kiklos.com\/en\/","name":"Ikastikos Kiklos - Zografik\u00ed - Metaxotyp\u00edes - T\u00e9chniPainting - Silk Screen - Art","description":"","publisher":{"@id":"https:\/\/ikastikos-kiklos.com\/en\/#organization"},"potentialAction":[{"@type":"SearchAction","target":{"@type":"EntryPoint","urlTemplate":"https:\/\/ikastikos-kiklos.com\/en\/?s={search_term_string}"},"query-input":{"@type":"PropertyValueSpecification","valueRequired":true,"valueName":"search_term_string"}}],"inLanguage":"en-US"},{"@type":"Organization","@id":"https:\/\/ikastikos-kiklos.com\/en\/#organization","name":"Ikastikos Kiklos - Zografik\u00ed - Metaxotyp\u00edes - T\u00e9chniPainting - Silk Screen - Art","url":"https:\/\/ikastikos-kiklos.com\/en\/","logo":{"@type":"ImageObject","inLanguage":"en-US","@id":"https:\/\/ikastikos-kiklos.com\/en\/#\/schema\/logo\/image\/","url":"https:\/\/ikastikos-kiklos.com\/wp-content\/uploads\/2022\/10\/cropped-favicon_ikastikos.png","contentUrl":"https:\/\/ikastikos-kiklos.com\/wp-content\/uploads\/2022\/10\/cropped-favicon_ikastikos.png","width":512,"height":512,"caption":"Ikastikos Kiklos - Zografik\u00ed - Metaxotyp\u00edes - T\u00e9chniPainting - Silk Screen - Art"},"image":{"@id":"https:\/\/ikastikos-kiklos.com\/en\/#\/schema\/logo\/image\/"},"sameAs":["https:\/\/www.facebook.com\/ikastikoskiklossianti\/"]}]}},"_links":{"self":[{"href":"https:\/\/ikastikos-kiklos.com\/en\/wp-json\/wp\/v2\/product\/3696","targetHints":{"allow":["GET"]}}],"collection":[{"href":"https:\/\/ikastikos-kiklos.com\/en\/wp-json\/wp\/v2\/product"}],"about":[{"href":"https:\/\/ikastikos-kiklos.com\/en\/wp-json\/wp\/v2\/types\/product"}],"wp:featuredmedia":[{"embeddable":true,"href":"https:\/\/ikastikos-kiklos.com\/en\/wp-json\/wp\/v2\/media\/3006"}],"wp:attachment":[{"href":"https:\/\/ikastikos-kiklos.com\/en\/wp-json\/wp\/v2\/media?parent=3696"}],"wp:term":[{"taxonomy":"product_brand","embeddable":true,"href":"https:\/\/ikastikos-kiklos.com\/en\/wp-json\/wp\/v2\/product_brand?post=3696"},{"taxonomy":"product_cat","embeddable":true,"href":"https:\/\/ikastikos-kiklos.com\/en\/wp-json\/wp\/v2\/product_cat?post=3696"},{"taxonomy":"product_tag","embeddable":true,"href":"https:\/\/ikastikos-kiklos.com\/en\/wp-json\/wp\/v2\/product_tag?post=3696"}],"curies":[{"name":"wp","href":"https:\/\/api.w.org\/{rel}","templated":true}]}}