{"id":3657,"date":"2016-08-23T15:25:07","date_gmt":"2016-08-23T15:25:07","guid":{"rendered":"http:\/\/ikastikos-kiklos.com\/\u03c0\u03c1\u03bf\u03ca\u03cc\u03bd\/%ce%ba%ce%ac%ce%bc%cf%80%cf%84%ce%bf%cf%85%cf%83%ce%b1-%cf%84%ce%bf-%ce%b3%cf%8c%ce%bd%ce%b1%cf%84%cf%8c%ce%bd-%cf%84%ce%b7%cf%82\/?lang=en"},"modified":"2018-11-19T15:09:50","modified_gmt":"2018-11-19T13:09:50","slug":"%ce%ba%ce%ac%ce%bc%cf%80%cf%84%ce%bf%cf%85%cf%83%ce%b1-%cf%84%ce%bf-%ce%b3%cf%8c%ce%bd%ce%b1%cf%84%cf%8c%ce%bd-%cf%84%ce%b7%cf%82","status":"publish","type":"product","link":"https:\/\/ikastikos-kiklos.com\/en\/product\/%ce%ba%ce%ac%ce%bc%cf%80%cf%84%ce%bf%cf%85%cf%83%ce%b1-%cf%84%ce%bf-%ce%b3%cf%8c%ce%bd%ce%b1%cf%84%cf%8c%ce%bd-%cf%84%ce%b7%cf%82\/","title":{"rendered":"Bending her knee"},"content":{"rendered":"<p>&#8220;&#8230;&#8230;. bending her knee,<\/p>\n<p>instinctively her gaze returned,<\/p>\n<p>overseeing the rejection and<\/p>\n<p>the last trace of her clothing. &#8220;<\/p>\n","protected":false},"excerpt":{"rendered":"<p>First presentation in the exhibition \u00ab<em>Women on the Verge of Erotic Explosion<\/em>\u00bb<\/p>\n<p>Anemos<\/p>\n<p>Gallery, 1997<\/p>\n","protected":false},"featured_media":4750,"template":"","meta":{"ngg_post_thumbnail":0},"product_brand":[],"product_cat":[398,401],"product_tag":[2395,2504,2258],"class_list":{"0":"post-3657","1":"product","2":"type-product","3":"status-publish","4":"has-post-thumbnail","6":"product_cat-collections","7":"product_cat-sculpture","8":"product_tag-bending-her-knee","9":"product_tag-brass","10":"product_tag--en","12":"first","13":"instock","14":"taxable","15":"shipping-taxable","16":"product-type-simple"},"yoast_head":"<!-- This site is optimized with the Yoast SEO plugin v27.2 - https:\/\/yoast.com\/product\/yoast-seo-wordpress\/ -->\n<title>Bending her Knee by the Sculptor Dimitris Vlassis.<\/title>\n<meta name=\"description\" content=\"Bending her Knee by the Sculptor Dimitris Vlassis. Made of brass. First presentation in the exhibition &quot;Women on the verge of erotic explosion&quot;. Dimension 90cm\" \/>\n<meta name=\"robots\" content=\"index, follow, max-snippet:-1, max-image-preview:large, max-video-preview:-1\" \/>\n<link rel=\"canonical\" href=\"https:\/\/ikastikos-kiklos.com\/en\/product\/\u03ba\u03ac\u03bc\u03c0\u03c4\u03bf\u03c5\u03c3\u03b1-\u03c4\u03bf-\u03b3\u03cc\u03bd\u03b1\u03c4\u03cc\u03bd-\u03c4\u03b7\u03c2\/\" \/>\n<meta property=\"og:locale\" content=\"en_US\" \/>\n<meta property=\"og:type\" content=\"article\" \/>\n<meta property=\"og:title\" content=\"Bending her Knee by the Sculptor Dimitris Vlassis.\" \/>\n<meta property=\"og:description\" content=\"Bending her Knee by the Sculptor Dimitris Vlassis. Made of brass. First presentation in the exhibition &quot;Women on the verge of erotic explosion&quot;. Dimension 90cm\" \/>\n<meta property=\"og:url\" content=\"https:\/\/ikastikos-kiklos.com\/en\/product\/\u03ba\u03ac\u03bc\u03c0\u03c4\u03bf\u03c5\u03c3\u03b1-\u03c4\u03bf-\u03b3\u03cc\u03bd\u03b1\u03c4\u03cc\u03bd-\u03c4\u03b7\u03c2\/\" \/>\n<meta property=\"og:site_name\" content=\"Ikastikos Kiklos - Zografik\u00ed - Metaxotyp\u00edes - T\u00e9chniPainting - Silk Screen - Art\" \/>\n<meta property=\"article:publisher\" content=\"https:\/\/www.facebook.com\/ikastikoskiklossianti\/\" \/>\n<meta property=\"article:modified_time\" content=\"2018-11-19T13:09:50+00:00\" \/>\n<meta property=\"og:image\" content=\"https:\/\/ikastikos-kiklos.com\/wp-content\/uploads\/2016\/08\/\u0393\u03a5\u039c\u039d\u039f-3-\u0395\u03a3\u03a9\u03a1\u039f\u03a5\u03a7\u039f-1.jpg\" \/>\n\t<meta property=\"og:image:width\" content=\"680\" \/>\n\t<meta property=\"og:image:height\" content=\"1021\" \/>\n\t<meta property=\"og:image:type\" content=\"image\/jpeg\" \/>\n<meta name=\"twitter:card\" content=\"summary_large_image\" \/>\n<script type=\"application\/ld+json\" class=\"yoast-schema-graph\">{\"@context\":\"https:\/\/schema.org\",\"@graph\":[{\"@type\":\"WebPage\",\"@id\":\"https:\/\/ikastikos-kiklos.com\/en\/product\/%ce%ba%ce%ac%ce%bc%cf%80%cf%84%ce%bf%cf%85%cf%83%ce%b1-%cf%84%ce%bf-%ce%b3%cf%8c%ce%bd%ce%b1%cf%84%cf%8c%ce%bd-%cf%84%ce%b7%cf%82\/\",\"url\":\"https:\/\/ikastikos-kiklos.com\/en\/product\/%ce%ba%ce%ac%ce%bc%cf%80%cf%84%ce%bf%cf%85%cf%83%ce%b1-%cf%84%ce%bf-%ce%b3%cf%8c%ce%bd%ce%b1%cf%84%cf%8c%ce%bd-%cf%84%ce%b7%cf%82\/\",\"name\":\"Bending her Knee by the Sculptor Dimitris Vlassis.\",\"isPartOf\":{\"@id\":\"https:\/\/ikastikos-kiklos.com\/en\/#website\"},\"primaryImageOfPage\":{\"@id\":\"https:\/\/ikastikos-kiklos.com\/en\/product\/%ce%ba%ce%ac%ce%bc%cf%80%cf%84%ce%bf%cf%85%cf%83%ce%b1-%cf%84%ce%bf-%ce%b3%cf%8c%ce%bd%ce%b1%cf%84%cf%8c%ce%bd-%cf%84%ce%b7%cf%82\/#primaryimage\"},\"image\":{\"@id\":\"https:\/\/ikastikos-kiklos.com\/en\/product\/%ce%ba%ce%ac%ce%bc%cf%80%cf%84%ce%bf%cf%85%cf%83%ce%b1-%cf%84%ce%bf-%ce%b3%cf%8c%ce%bd%ce%b1%cf%84%cf%8c%ce%bd-%cf%84%ce%b7%cf%82\/#primaryimage\"},\"thumbnailUrl\":\"https:\/\/ikastikos-kiklos.com\/wp-content\/uploads\/2016\/08\/\u0393\u03a5\u039c\u039d\u039f-3-\u0395\u03a3\u03a9\u03a1\u039f\u03a5\u03a7\u039f-1.jpg\",\"datePublished\":\"2016-08-23T15:25:07+00:00\",\"dateModified\":\"2018-11-19T13:09:50+00:00\",\"description\":\"Bending her Knee by the Sculptor Dimitris Vlassis. Made of brass. First presentation in the exhibition \\\"Women on the verge of erotic explosion\\\". Dimension 90cm\",\"breadcrumb\":{\"@id\":\"https:\/\/ikastikos-kiklos.com\/en\/product\/%ce%ba%ce%ac%ce%bc%cf%80%cf%84%ce%bf%cf%85%cf%83%ce%b1-%cf%84%ce%bf-%ce%b3%cf%8c%ce%bd%ce%b1%cf%84%cf%8c%ce%bd-%cf%84%ce%b7%cf%82\/#breadcrumb\"},\"inLanguage\":\"en-US\",\"potentialAction\":[{\"@type\":\"ReadAction\",\"target\":[\"https:\/\/ikastikos-kiklos.com\/en\/product\/%ce%ba%ce%ac%ce%bc%cf%80%cf%84%ce%bf%cf%85%cf%83%ce%b1-%cf%84%ce%bf-%ce%b3%cf%8c%ce%bd%ce%b1%cf%84%cf%8c%ce%bd-%cf%84%ce%b7%cf%82\/\"]}]},{\"@type\":\"ImageObject\",\"inLanguage\":\"en-US\",\"@id\":\"https:\/\/ikastikos-kiklos.com\/en\/product\/%ce%ba%ce%ac%ce%bc%cf%80%cf%84%ce%bf%cf%85%cf%83%ce%b1-%cf%84%ce%bf-%ce%b3%cf%8c%ce%bd%ce%b1%cf%84%cf%8c%ce%bd-%cf%84%ce%b7%cf%82\/#primaryimage\",\"url\":\"https:\/\/ikastikos-kiklos.com\/wp-content\/uploads\/2016\/08\/\u0393\u03a5\u039c\u039d\u039f-3-\u0395\u03a3\u03a9\u03a1\u039f\u03a5\u03a7\u039f-1.jpg\",\"contentUrl\":\"https:\/\/ikastikos-kiklos.com\/wp-content\/uploads\/2016\/08\/\u0393\u03a5\u039c\u039d\u039f-3-\u0395\u03a3\u03a9\u03a1\u039f\u03a5\u03a7\u039f-1.jpg\",\"width\":680,\"height\":1021},{\"@type\":\"BreadcrumbList\",\"@id\":\"https:\/\/ikastikos-kiklos.com\/en\/product\/%ce%ba%ce%ac%ce%bc%cf%80%cf%84%ce%bf%cf%85%cf%83%ce%b1-%cf%84%ce%bf-%ce%b3%cf%8c%ce%bd%ce%b1%cf%84%cf%8c%ce%bd-%cf%84%ce%b7%cf%82\/#breadcrumb\",\"itemListElement\":[{\"@type\":\"ListItem\",\"position\":1,\"name\":\"Home\",\"item\":\"https:\/\/ikastikos-kiklos.com\/en\/\"},{\"@type\":\"ListItem\",\"position\":2,\"name\":\"\u0388\u03c1\u03b3\u03b1 \u03c4\u03ad\u03c7\u03bd\u03b7\u03c2\",\"item\":\"https:\/\/ikastikos-kiklos.com\/%ce%ad%cf%81%ce%b3%ce%b1-%cf%84%ce%ad%cf%87%ce%bd%ce%b7%cf%82\/\"},{\"@type\":\"ListItem\",\"position\":3,\"name\":\"Bending her knee\"}]},{\"@type\":\"WebSite\",\"@id\":\"https:\/\/ikastikos-kiklos.com\/en\/#website\",\"url\":\"https:\/\/ikastikos-kiklos.com\/en\/\",\"name\":\"Ikastikos Kiklos - Zografik\u00ed - Metaxotyp\u00edes - T\u00e9chniPainting - Silk Screen - Art\",\"description\":\"\",\"publisher\":{\"@id\":\"https:\/\/ikastikos-kiklos.com\/en\/#organization\"},\"potentialAction\":[{\"@type\":\"SearchAction\",\"target\":{\"@type\":\"EntryPoint\",\"urlTemplate\":\"https:\/\/ikastikos-kiklos.com\/en\/?s={search_term_string}\"},\"query-input\":{\"@type\":\"PropertyValueSpecification\",\"valueRequired\":true,\"valueName\":\"search_term_string\"}}],\"inLanguage\":\"en-US\"},{\"@type\":\"Organization\",\"@id\":\"https:\/\/ikastikos-kiklos.com\/en\/#organization\",\"name\":\"Ikastikos Kiklos - Zografik\u00ed - Metaxotyp\u00edes - T\u00e9chniPainting - Silk Screen - Art\",\"url\":\"https:\/\/ikastikos-kiklos.com\/en\/\",\"logo\":{\"@type\":\"ImageObject\",\"inLanguage\":\"en-US\",\"@id\":\"https:\/\/ikastikos-kiklos.com\/en\/#\/schema\/logo\/image\/\",\"url\":\"https:\/\/ikastikos-kiklos.com\/wp-content\/uploads\/2022\/10\/cropped-favicon_ikastikos.png\",\"contentUrl\":\"https:\/\/ikastikos-kiklos.com\/wp-content\/uploads\/2022\/10\/cropped-favicon_ikastikos.png\",\"width\":512,\"height\":512,\"caption\":\"Ikastikos Kiklos - Zografik\u00ed - Metaxotyp\u00edes - T\u00e9chniPainting - Silk Screen - Art\"},\"image\":{\"@id\":\"https:\/\/ikastikos-kiklos.com\/en\/#\/schema\/logo\/image\/\"},\"sameAs\":[\"https:\/\/www.facebook.com\/ikastikoskiklossianti\/\"]}]}<\/script>\n<!-- \/ Yoast SEO plugin. -->","yoast_head_json":{"title":"Bending her Knee by the Sculptor Dimitris Vlassis.","description":"Bending her Knee by the Sculptor Dimitris Vlassis. Made of brass. First presentation in the exhibition \"Women on the verge of erotic explosion\". Dimension 90cm","robots":{"index":"index","follow":"follow","max-snippet":"max-snippet:-1","max-image-preview":"max-image-preview:large","max-video-preview":"max-video-preview:-1"},"canonical":"https:\/\/ikastikos-kiklos.com\/en\/product\/\u03ba\u03ac\u03bc\u03c0\u03c4\u03bf\u03c5\u03c3\u03b1-\u03c4\u03bf-\u03b3\u03cc\u03bd\u03b1\u03c4\u03cc\u03bd-\u03c4\u03b7\u03c2\/","og_locale":"en_US","og_type":"article","og_title":"Bending her Knee by the Sculptor Dimitris Vlassis.","og_description":"Bending her Knee by the Sculptor Dimitris Vlassis. Made of brass. First presentation in the exhibition \"Women on the verge of erotic explosion\". Dimension 90cm","og_url":"https:\/\/ikastikos-kiklos.com\/en\/product\/\u03ba\u03ac\u03bc\u03c0\u03c4\u03bf\u03c5\u03c3\u03b1-\u03c4\u03bf-\u03b3\u03cc\u03bd\u03b1\u03c4\u03cc\u03bd-\u03c4\u03b7\u03c2\/","og_site_name":"Ikastikos Kiklos - Zografik\u00ed - Metaxotyp\u00edes - T\u00e9chniPainting - Silk Screen - Art","article_publisher":"https:\/\/www.facebook.com\/ikastikoskiklossianti\/","article_modified_time":"2018-11-19T13:09:50+00:00","og_image":[{"width":680,"height":1021,"url":"https:\/\/ikastikos-kiklos.com\/wp-content\/uploads\/2016\/08\/\u0393\u03a5\u039c\u039d\u039f-3-\u0395\u03a3\u03a9\u03a1\u039f\u03a5\u03a7\u039f-1.jpg","type":"image\/jpeg"}],"twitter_card":"summary_large_image","schema":{"@context":"https:\/\/schema.org","@graph":[{"@type":"WebPage","@id":"https:\/\/ikastikos-kiklos.com\/en\/product\/%ce%ba%ce%ac%ce%bc%cf%80%cf%84%ce%bf%cf%85%cf%83%ce%b1-%cf%84%ce%bf-%ce%b3%cf%8c%ce%bd%ce%b1%cf%84%cf%8c%ce%bd-%cf%84%ce%b7%cf%82\/","url":"https:\/\/ikastikos-kiklos.com\/en\/product\/%ce%ba%ce%ac%ce%bc%cf%80%cf%84%ce%bf%cf%85%cf%83%ce%b1-%cf%84%ce%bf-%ce%b3%cf%8c%ce%bd%ce%b1%cf%84%cf%8c%ce%bd-%cf%84%ce%b7%cf%82\/","name":"Bending her Knee by the Sculptor Dimitris Vlassis.","isPartOf":{"@id":"https:\/\/ikastikos-kiklos.com\/en\/#website"},"primaryImageOfPage":{"@id":"https:\/\/ikastikos-kiklos.com\/en\/product\/%ce%ba%ce%ac%ce%bc%cf%80%cf%84%ce%bf%cf%85%cf%83%ce%b1-%cf%84%ce%bf-%ce%b3%cf%8c%ce%bd%ce%b1%cf%84%cf%8c%ce%bd-%cf%84%ce%b7%cf%82\/#primaryimage"},"image":{"@id":"https:\/\/ikastikos-kiklos.com\/en\/product\/%ce%ba%ce%ac%ce%bc%cf%80%cf%84%ce%bf%cf%85%cf%83%ce%b1-%cf%84%ce%bf-%ce%b3%cf%8c%ce%bd%ce%b1%cf%84%cf%8c%ce%bd-%cf%84%ce%b7%cf%82\/#primaryimage"},"thumbnailUrl":"https:\/\/ikastikos-kiklos.com\/wp-content\/uploads\/2016\/08\/\u0393\u03a5\u039c\u039d\u039f-3-\u0395\u03a3\u03a9\u03a1\u039f\u03a5\u03a7\u039f-1.jpg","datePublished":"2016-08-23T15:25:07+00:00","dateModified":"2018-11-19T13:09:50+00:00","description":"Bending her Knee by the Sculptor Dimitris Vlassis. Made of brass. First presentation in the exhibition \"Women on the verge of erotic explosion\". Dimension 90cm","breadcrumb":{"@id":"https:\/\/ikastikos-kiklos.com\/en\/product\/%ce%ba%ce%ac%ce%bc%cf%80%cf%84%ce%bf%cf%85%cf%83%ce%b1-%cf%84%ce%bf-%ce%b3%cf%8c%ce%bd%ce%b1%cf%84%cf%8c%ce%bd-%cf%84%ce%b7%cf%82\/#breadcrumb"},"inLanguage":"en-US","potentialAction":[{"@type":"ReadAction","target":["https:\/\/ikastikos-kiklos.com\/en\/product\/%ce%ba%ce%ac%ce%bc%cf%80%cf%84%ce%bf%cf%85%cf%83%ce%b1-%cf%84%ce%bf-%ce%b3%cf%8c%ce%bd%ce%b1%cf%84%cf%8c%ce%bd-%cf%84%ce%b7%cf%82\/"]}]},{"@type":"ImageObject","inLanguage":"en-US","@id":"https:\/\/ikastikos-kiklos.com\/en\/product\/%ce%ba%ce%ac%ce%bc%cf%80%cf%84%ce%bf%cf%85%cf%83%ce%b1-%cf%84%ce%bf-%ce%b3%cf%8c%ce%bd%ce%b1%cf%84%cf%8c%ce%bd-%cf%84%ce%b7%cf%82\/#primaryimage","url":"https:\/\/ikastikos-kiklos.com\/wp-content\/uploads\/2016\/08\/\u0393\u03a5\u039c\u039d\u039f-3-\u0395\u03a3\u03a9\u03a1\u039f\u03a5\u03a7\u039f-1.jpg","contentUrl":"https:\/\/ikastikos-kiklos.com\/wp-content\/uploads\/2016\/08\/\u0393\u03a5\u039c\u039d\u039f-3-\u0395\u03a3\u03a9\u03a1\u039f\u03a5\u03a7\u039f-1.jpg","width":680,"height":1021},{"@type":"BreadcrumbList","@id":"https:\/\/ikastikos-kiklos.com\/en\/product\/%ce%ba%ce%ac%ce%bc%cf%80%cf%84%ce%bf%cf%85%cf%83%ce%b1-%cf%84%ce%bf-%ce%b3%cf%8c%ce%bd%ce%b1%cf%84%cf%8c%ce%bd-%cf%84%ce%b7%cf%82\/#breadcrumb","itemListElement":[{"@type":"ListItem","position":1,"name":"Home","item":"https:\/\/ikastikos-kiklos.com\/en\/"},{"@type":"ListItem","position":2,"name":"\u0388\u03c1\u03b3\u03b1 \u03c4\u03ad\u03c7\u03bd\u03b7\u03c2","item":"https:\/\/ikastikos-kiklos.com\/%ce%ad%cf%81%ce%b3%ce%b1-%cf%84%ce%ad%cf%87%ce%bd%ce%b7%cf%82\/"},{"@type":"ListItem","position":3,"name":"Bending her knee"}]},{"@type":"WebSite","@id":"https:\/\/ikastikos-kiklos.com\/en\/#website","url":"https:\/\/ikastikos-kiklos.com\/en\/","name":"Ikastikos Kiklos - Zografik\u00ed - Metaxotyp\u00edes - T\u00e9chniPainting - Silk Screen - Art","description":"","publisher":{"@id":"https:\/\/ikastikos-kiklos.com\/en\/#organization"},"potentialAction":[{"@type":"SearchAction","target":{"@type":"EntryPoint","urlTemplate":"https:\/\/ikastikos-kiklos.com\/en\/?s={search_term_string}"},"query-input":{"@type":"PropertyValueSpecification","valueRequired":true,"valueName":"search_term_string"}}],"inLanguage":"en-US"},{"@type":"Organization","@id":"https:\/\/ikastikos-kiklos.com\/en\/#organization","name":"Ikastikos Kiklos - Zografik\u00ed - Metaxotyp\u00edes - T\u00e9chniPainting - Silk Screen - Art","url":"https:\/\/ikastikos-kiklos.com\/en\/","logo":{"@type":"ImageObject","inLanguage":"en-US","@id":"https:\/\/ikastikos-kiklos.com\/en\/#\/schema\/logo\/image\/","url":"https:\/\/ikastikos-kiklos.com\/wp-content\/uploads\/2022\/10\/cropped-favicon_ikastikos.png","contentUrl":"https:\/\/ikastikos-kiklos.com\/wp-content\/uploads\/2022\/10\/cropped-favicon_ikastikos.png","width":512,"height":512,"caption":"Ikastikos Kiklos - Zografik\u00ed - Metaxotyp\u00edes - T\u00e9chniPainting - Silk Screen - Art"},"image":{"@id":"https:\/\/ikastikos-kiklos.com\/en\/#\/schema\/logo\/image\/"},"sameAs":["https:\/\/www.facebook.com\/ikastikoskiklossianti\/"]}]}},"_links":{"self":[{"href":"https:\/\/ikastikos-kiklos.com\/en\/wp-json\/wp\/v2\/product\/3657","targetHints":{"allow":["GET"]}}],"collection":[{"href":"https:\/\/ikastikos-kiklos.com\/en\/wp-json\/wp\/v2\/product"}],"about":[{"href":"https:\/\/ikastikos-kiklos.com\/en\/wp-json\/wp\/v2\/types\/product"}],"wp:featuredmedia":[{"embeddable":true,"href":"https:\/\/ikastikos-kiklos.com\/en\/wp-json\/wp\/v2\/media\/4750"}],"wp:attachment":[{"href":"https:\/\/ikastikos-kiklos.com\/en\/wp-json\/wp\/v2\/media?parent=3657"}],"wp:term":[{"taxonomy":"product_brand","embeddable":true,"href":"https:\/\/ikastikos-kiklos.com\/en\/wp-json\/wp\/v2\/product_brand?post=3657"},{"taxonomy":"product_cat","embeddable":true,"href":"https:\/\/ikastikos-kiklos.com\/en\/wp-json\/wp\/v2\/product_cat?post=3657"},{"taxonomy":"product_tag","embeddable":true,"href":"https:\/\/ikastikos-kiklos.com\/en\/wp-json\/wp\/v2\/product_tag?post=3657"}],"curies":[{"name":"wp","href":"https:\/\/api.w.org\/{rel}","templated":true}]}}