{"id":3655,"date":"2016-08-23T14:58:38","date_gmt":"2016-08-23T14:58:38","guid":{"rendered":"http:\/\/ikastikos-kiklos.com\/\u03c0\u03c1\u03bf\u03ca\u03cc\u03bd\/%cf%87%ce%bf%cf%85%ce%bb%ce%b1-%cf%87%ce%bf%cf%85%cf%80\/?lang=en"},"modified":"2018-11-19T14:55:16","modified_gmt":"2018-11-19T12:55:16","slug":"%cf%87%ce%bf%cf%85%ce%bb%ce%b1-%cf%87%ce%bf%cf%85%cf%80","status":"publish","type":"product","link":"https:\/\/ikastikos-kiklos.com\/en\/product\/%cf%87%ce%bf%cf%85%ce%bb%ce%b1-%cf%87%ce%bf%cf%85%cf%80\/","title":{"rendered":"Hula hoop"},"content":{"rendered":"<p>\u00ab<span id=\"Sp1.s2_o\" class=\"systran_seg\"><span id=\"token_2\" class=\"systran_token_word\">I attempt<\/span>\u00a0<span id=\"token_0\" class=\"systran_token_word\">the<\/span>\u00a0transformation\u00a0<span id=\"token_0\" class=\"systran_token_word\">of<\/span>\u00a0<span id=\"token_6\" class=\"systran_token_word\">human<\/span>\u00a0<span id=\"token_7\" class=\"systran_token_word\">figure<\/span>\u00a0<span id=\"token_8\" class=\"systran_token_word\">from<\/span>\u00a0<span id=\"token_0\" class=\"systran_token_word\">the\u00a0<\/span><span id=\"token_10\" class=\"systran_token_word\">harmony<\/span>\u00a0<span id=\"token_0\" class=\"systran_token_word\">of<\/span>\u00a0<span id=\"token_12\" class=\"systran_token_word\">human<\/span>\u00a0the\u00a0<span id=\"token_13\" class=\"systran_token_word\">body<\/span>\u00a0<span id=\"token_14\" class=\"systran_token_word\">in<\/span>\u00a0<span id=\"token_0\" class=\"systran_token_word\">the<\/span>\u00a0<span id=\"token_16\" class=\"systran_token_word\">sense<\/span>\u00a0<span id=\"token_17\" class=\"systran_token_word\">and<\/span>\u00a0<span id=\"token_0\" class=\"systran_token_word\">the\u00a0<\/span><span id=\"token_19\" class=\"systran_token_word\">aesthetics<\/span>\u00a0<span id=\"token_0\" class=\"systran_token_word\">of<\/span>\u00a0<span id=\"token_21\" class=\"systran_token_word\">metal<\/span>\u00a0<span id=\"token_22\" class=\"systran_token_word\">through<\/span>\u00a0<span id=\"token_0\" class=\"systran_token_word\">a<\/span>\u00a0<span id=\"token_24\" class=\"systran_token_word\">FLOW<\/span>\u00a0<span id=\"token_25\" class=\"systran_token_word\">that<\/span>\u00a0<span id=\"token_26\" class=\"systran_token_word\">is expressed<\/span>\u00a0<span id=\"token_27\" class=\"systran_token_word\">with<\/span>\u00a0<span id=\"token_0\" class=\"systran_token_word\">the<\/span>\u00a0<span id=\"token_29\" class=\"systran_token_word\">structure<\/span>\u00a0<span id=\"token_0\" class=\"systran_token_word\">of<\/span>\u00a0<span id=\"token_31\" class=\"systran_token_word\">industrial<\/span>\u00a0<span id=\"token_32\" class=\"systran_token_word\">metal\u00a0<\/span><span id=\"token_33\" class=\"systran_token_word\">pipe<\/span><span id=\"token_34\" class=\"systran_token_punctuation\">.<\/span><\/span>\u00a0<span id=\"Sp1.s3_o\" class=\"systran_seg\"><span id=\"token_36\" class=\"systran_token_word\">I do not have a<\/span>\u00a0<span id=\"token_37\" class=\"systran_token_word\">realistical imprint<\/span><span id=\"token_38\" class=\"systran_token_punctuation\">.<\/span><\/span> I want to excite the viewer&#8217;s emotion by bringing it into the realm of my ideas. The origins of my sculpture are architecture and its subjects is love, life, death, its guide texts, its model the human body and its performance a charged movement controlled by construction logic Source: www.lifo.gr<\/p>\n","protected":false},"excerpt":{"rendered":"<p>First presentation in the exhibition \u00abFlows\u00bb ikastikos-kiklos Gallery April 2015<\/p>\n","protected":false},"featured_media":4180,"template":"","meta":{"ngg_post_thumbnail":0},"product_brand":[],"product_cat":[398,401],"product_tag":[3006,2533,2769,2534,3009],"class_list":{"0":"post-3655","1":"product","2":"type-product","3":"status-publish","4":"has-post-thumbnail","6":"product_cat-collections","7":"product_cat-sculpture","8":"product_tag-dimitris-vlassis-en","9":"product_tag-flows","10":"product_tag-hula-hoop","11":"product_tag-iron-pipe","12":"product_tag-sculpture","14":"first","15":"instock","16":"taxable","17":"shipping-taxable","18":"product-type-simple"},"yoast_head":"<!-- This site is optimized with the Yoast SEO plugin v27.2 - https:\/\/yoast.com\/product\/yoast-seo-wordpress\/ -->\n<title>Hula Hoop Sculpture by the Artist Dimitris Vlassis.<\/title>\n<meta name=\"description\" content=\"Hula Hoop Sculpture by the Artist Dimitris Vlassis. Iron pipe painted with car paint in a 70 cm oven. First presentation in the exhibition &quot;Flows&quot;.\" \/>\n<meta name=\"robots\" content=\"index, follow, max-snippet:-1, max-image-preview:large, max-video-preview:-1\" \/>\n<link rel=\"canonical\" href=\"https:\/\/ikastikos-kiklos.com\/en\/product\/\u03c7\u03bf\u03c5\u03bb\u03b1-\u03c7\u03bf\u03c5\u03c0\/\" \/>\n<meta property=\"og:locale\" content=\"en_US\" \/>\n<meta property=\"og:type\" content=\"article\" \/>\n<meta property=\"og:title\" content=\"Hula Hoop Sculpture by the Artist Dimitris Vlassis.\" \/>\n<meta property=\"og:description\" content=\"Hula Hoop Sculpture by the Artist Dimitris Vlassis. Iron pipe painted with car paint in a 70 cm oven. First presentation in the exhibition &quot;Flows&quot;.\" \/>\n<meta property=\"og:url\" content=\"https:\/\/ikastikos-kiklos.com\/en\/product\/\u03c7\u03bf\u03c5\u03bb\u03b1-\u03c7\u03bf\u03c5\u03c0\/\" \/>\n<meta property=\"og:site_name\" content=\"Ikastikos Kiklos - Zografik\u00ed - Metaxotyp\u00edes - T\u00e9chniPainting - Silk Screen - Art\" \/>\n<meta property=\"article:publisher\" content=\"https:\/\/www.facebook.com\/ikastikoskiklossianti\/\" \/>\n<meta property=\"article:modified_time\" content=\"2018-11-19T12:55:16+00:00\" \/>\n<meta property=\"og:image\" content=\"https:\/\/ikastikos-kiklos.com\/wp-content\/uploads\/2016\/08\/5.png\" \/>\n\t<meta property=\"og:image:width\" content=\"395\" \/>\n\t<meta property=\"og:image:height\" content=\"491\" \/>\n\t<meta property=\"og:image:type\" content=\"image\/png\" \/>\n<meta name=\"twitter:card\" content=\"summary_large_image\" \/>\n<script type=\"application\/ld+json\" class=\"yoast-schema-graph\">{\"@context\":\"https:\/\/schema.org\",\"@graph\":[{\"@type\":\"WebPage\",\"@id\":\"https:\/\/ikastikos-kiklos.com\/en\/product\/%cf%87%ce%bf%cf%85%ce%bb%ce%b1-%cf%87%ce%bf%cf%85%cf%80\/\",\"url\":\"https:\/\/ikastikos-kiklos.com\/en\/product\/%cf%87%ce%bf%cf%85%ce%bb%ce%b1-%cf%87%ce%bf%cf%85%cf%80\/\",\"name\":\"Hula Hoop Sculpture by the Artist Dimitris Vlassis.\",\"isPartOf\":{\"@id\":\"https:\/\/ikastikos-kiklos.com\/en\/#website\"},\"primaryImageOfPage\":{\"@id\":\"https:\/\/ikastikos-kiklos.com\/en\/product\/%cf%87%ce%bf%cf%85%ce%bb%ce%b1-%cf%87%ce%bf%cf%85%cf%80\/#primaryimage\"},\"image\":{\"@id\":\"https:\/\/ikastikos-kiklos.com\/en\/product\/%cf%87%ce%bf%cf%85%ce%bb%ce%b1-%cf%87%ce%bf%cf%85%cf%80\/#primaryimage\"},\"thumbnailUrl\":\"https:\/\/ikastikos-kiklos.com\/wp-content\/uploads\/2016\/08\/5.png\",\"datePublished\":\"2016-08-23T14:58:38+00:00\",\"dateModified\":\"2018-11-19T12:55:16+00:00\",\"description\":\"Hula Hoop Sculpture by the Artist Dimitris Vlassis. Iron pipe painted with car paint in a 70 cm oven. First presentation in the exhibition \\\"Flows\\\".\",\"breadcrumb\":{\"@id\":\"https:\/\/ikastikos-kiklos.com\/en\/product\/%cf%87%ce%bf%cf%85%ce%bb%ce%b1-%cf%87%ce%bf%cf%85%cf%80\/#breadcrumb\"},\"inLanguage\":\"en-US\",\"potentialAction\":[{\"@type\":\"ReadAction\",\"target\":[\"https:\/\/ikastikos-kiklos.com\/en\/product\/%cf%87%ce%bf%cf%85%ce%bb%ce%b1-%cf%87%ce%bf%cf%85%cf%80\/\"]}]},{\"@type\":\"ImageObject\",\"inLanguage\":\"en-US\",\"@id\":\"https:\/\/ikastikos-kiklos.com\/en\/product\/%cf%87%ce%bf%cf%85%ce%bb%ce%b1-%cf%87%ce%bf%cf%85%cf%80\/#primaryimage\",\"url\":\"https:\/\/ikastikos-kiklos.com\/wp-content\/uploads\/2016\/08\/5.png\",\"contentUrl\":\"https:\/\/ikastikos-kiklos.com\/wp-content\/uploads\/2016\/08\/5.png\",\"width\":395,\"height\":491,\"caption\":\"\u03a7\u03bf\u03cd\u03bb\u03b1 \u03a7\u03bf\u03c5\u03c0 \u0393\u03bb\u03c5\u03c0\u03c4\u03cc \u03b1\u03c0\u03cc \u03c4\u03bf\u03bd \u0395\u03b9\u03ba\u03b1\u03c3\u03c4\u03b9\u03ba\u03cc \u0394\u03b7\u03bc\u03ae\u03c4\u03c1\u03b7 \u0392\u03bb\u03ac\u03c3\u03c3\u03b7\"},{\"@type\":\"BreadcrumbList\",\"@id\":\"https:\/\/ikastikos-kiklos.com\/en\/product\/%cf%87%ce%bf%cf%85%ce%bb%ce%b1-%cf%87%ce%bf%cf%85%cf%80\/#breadcrumb\",\"itemListElement\":[{\"@type\":\"ListItem\",\"position\":1,\"name\":\"Home\",\"item\":\"https:\/\/ikastikos-kiklos.com\/en\/\"},{\"@type\":\"ListItem\",\"position\":2,\"name\":\"\u0388\u03c1\u03b3\u03b1 \u03c4\u03ad\u03c7\u03bd\u03b7\u03c2\",\"item\":\"https:\/\/ikastikos-kiklos.com\/%ce%ad%cf%81%ce%b3%ce%b1-%cf%84%ce%ad%cf%87%ce%bd%ce%b7%cf%82\/\"},{\"@type\":\"ListItem\",\"position\":3,\"name\":\"Hula hoop\"}]},{\"@type\":\"WebSite\",\"@id\":\"https:\/\/ikastikos-kiklos.com\/en\/#website\",\"url\":\"https:\/\/ikastikos-kiklos.com\/en\/\",\"name\":\"Ikastikos Kiklos - Zografik\u00ed - Metaxotyp\u00edes - T\u00e9chniPainting - Silk Screen - Art\",\"description\":\"\",\"publisher\":{\"@id\":\"https:\/\/ikastikos-kiklos.com\/en\/#organization\"},\"potentialAction\":[{\"@type\":\"SearchAction\",\"target\":{\"@type\":\"EntryPoint\",\"urlTemplate\":\"https:\/\/ikastikos-kiklos.com\/en\/?s={search_term_string}\"},\"query-input\":{\"@type\":\"PropertyValueSpecification\",\"valueRequired\":true,\"valueName\":\"search_term_string\"}}],\"inLanguage\":\"en-US\"},{\"@type\":\"Organization\",\"@id\":\"https:\/\/ikastikos-kiklos.com\/en\/#organization\",\"name\":\"Ikastikos Kiklos - Zografik\u00ed - Metaxotyp\u00edes - T\u00e9chniPainting - Silk Screen - Art\",\"url\":\"https:\/\/ikastikos-kiklos.com\/en\/\",\"logo\":{\"@type\":\"ImageObject\",\"inLanguage\":\"en-US\",\"@id\":\"https:\/\/ikastikos-kiklos.com\/en\/#\/schema\/logo\/image\/\",\"url\":\"https:\/\/ikastikos-kiklos.com\/wp-content\/uploads\/2022\/10\/cropped-favicon_ikastikos.png\",\"contentUrl\":\"https:\/\/ikastikos-kiklos.com\/wp-content\/uploads\/2022\/10\/cropped-favicon_ikastikos.png\",\"width\":512,\"height\":512,\"caption\":\"Ikastikos Kiklos - Zografik\u00ed - Metaxotyp\u00edes - T\u00e9chniPainting - Silk Screen - Art\"},\"image\":{\"@id\":\"https:\/\/ikastikos-kiklos.com\/en\/#\/schema\/logo\/image\/\"},\"sameAs\":[\"https:\/\/www.facebook.com\/ikastikoskiklossianti\/\"]}]}<\/script>\n<!-- \/ Yoast SEO plugin. -->","yoast_head_json":{"title":"Hula Hoop Sculpture by the Artist Dimitris Vlassis.","description":"Hula Hoop Sculpture by the Artist Dimitris Vlassis. Iron pipe painted with car paint in a 70 cm oven. First presentation in the exhibition \"Flows\".","robots":{"index":"index","follow":"follow","max-snippet":"max-snippet:-1","max-image-preview":"max-image-preview:large","max-video-preview":"max-video-preview:-1"},"canonical":"https:\/\/ikastikos-kiklos.com\/en\/product\/\u03c7\u03bf\u03c5\u03bb\u03b1-\u03c7\u03bf\u03c5\u03c0\/","og_locale":"en_US","og_type":"article","og_title":"Hula Hoop Sculpture by the Artist Dimitris Vlassis.","og_description":"Hula Hoop Sculpture by the Artist Dimitris Vlassis. Iron pipe painted with car paint in a 70 cm oven. First presentation in the exhibition \"Flows\".","og_url":"https:\/\/ikastikos-kiklos.com\/en\/product\/\u03c7\u03bf\u03c5\u03bb\u03b1-\u03c7\u03bf\u03c5\u03c0\/","og_site_name":"Ikastikos Kiklos - Zografik\u00ed - Metaxotyp\u00edes - T\u00e9chniPainting - Silk Screen - Art","article_publisher":"https:\/\/www.facebook.com\/ikastikoskiklossianti\/","article_modified_time":"2018-11-19T12:55:16+00:00","og_image":[{"width":395,"height":491,"url":"https:\/\/ikastikos-kiklos.com\/wp-content\/uploads\/2016\/08\/5.png","type":"image\/png"}],"twitter_card":"summary_large_image","schema":{"@context":"https:\/\/schema.org","@graph":[{"@type":"WebPage","@id":"https:\/\/ikastikos-kiklos.com\/en\/product\/%cf%87%ce%bf%cf%85%ce%bb%ce%b1-%cf%87%ce%bf%cf%85%cf%80\/","url":"https:\/\/ikastikos-kiklos.com\/en\/product\/%cf%87%ce%bf%cf%85%ce%bb%ce%b1-%cf%87%ce%bf%cf%85%cf%80\/","name":"Hula Hoop Sculpture by the Artist Dimitris Vlassis.","isPartOf":{"@id":"https:\/\/ikastikos-kiklos.com\/en\/#website"},"primaryImageOfPage":{"@id":"https:\/\/ikastikos-kiklos.com\/en\/product\/%cf%87%ce%bf%cf%85%ce%bb%ce%b1-%cf%87%ce%bf%cf%85%cf%80\/#primaryimage"},"image":{"@id":"https:\/\/ikastikos-kiklos.com\/en\/product\/%cf%87%ce%bf%cf%85%ce%bb%ce%b1-%cf%87%ce%bf%cf%85%cf%80\/#primaryimage"},"thumbnailUrl":"https:\/\/ikastikos-kiklos.com\/wp-content\/uploads\/2016\/08\/5.png","datePublished":"2016-08-23T14:58:38+00:00","dateModified":"2018-11-19T12:55:16+00:00","description":"Hula Hoop Sculpture by the Artist Dimitris Vlassis. Iron pipe painted with car paint in a 70 cm oven. First presentation in the exhibition \"Flows\".","breadcrumb":{"@id":"https:\/\/ikastikos-kiklos.com\/en\/product\/%cf%87%ce%bf%cf%85%ce%bb%ce%b1-%cf%87%ce%bf%cf%85%cf%80\/#breadcrumb"},"inLanguage":"en-US","potentialAction":[{"@type":"ReadAction","target":["https:\/\/ikastikos-kiklos.com\/en\/product\/%cf%87%ce%bf%cf%85%ce%bb%ce%b1-%cf%87%ce%bf%cf%85%cf%80\/"]}]},{"@type":"ImageObject","inLanguage":"en-US","@id":"https:\/\/ikastikos-kiklos.com\/en\/product\/%cf%87%ce%bf%cf%85%ce%bb%ce%b1-%cf%87%ce%bf%cf%85%cf%80\/#primaryimage","url":"https:\/\/ikastikos-kiklos.com\/wp-content\/uploads\/2016\/08\/5.png","contentUrl":"https:\/\/ikastikos-kiklos.com\/wp-content\/uploads\/2016\/08\/5.png","width":395,"height":491,"caption":"\u03a7\u03bf\u03cd\u03bb\u03b1 \u03a7\u03bf\u03c5\u03c0 \u0393\u03bb\u03c5\u03c0\u03c4\u03cc \u03b1\u03c0\u03cc \u03c4\u03bf\u03bd \u0395\u03b9\u03ba\u03b1\u03c3\u03c4\u03b9\u03ba\u03cc \u0394\u03b7\u03bc\u03ae\u03c4\u03c1\u03b7 \u0392\u03bb\u03ac\u03c3\u03c3\u03b7"},{"@type":"BreadcrumbList","@id":"https:\/\/ikastikos-kiklos.com\/en\/product\/%cf%87%ce%bf%cf%85%ce%bb%ce%b1-%cf%87%ce%bf%cf%85%cf%80\/#breadcrumb","itemListElement":[{"@type":"ListItem","position":1,"name":"Home","item":"https:\/\/ikastikos-kiklos.com\/en\/"},{"@type":"ListItem","position":2,"name":"\u0388\u03c1\u03b3\u03b1 \u03c4\u03ad\u03c7\u03bd\u03b7\u03c2","item":"https:\/\/ikastikos-kiklos.com\/%ce%ad%cf%81%ce%b3%ce%b1-%cf%84%ce%ad%cf%87%ce%bd%ce%b7%cf%82\/"},{"@type":"ListItem","position":3,"name":"Hula hoop"}]},{"@type":"WebSite","@id":"https:\/\/ikastikos-kiklos.com\/en\/#website","url":"https:\/\/ikastikos-kiklos.com\/en\/","name":"Ikastikos Kiklos - Zografik\u00ed - Metaxotyp\u00edes - T\u00e9chniPainting - Silk Screen - Art","description":"","publisher":{"@id":"https:\/\/ikastikos-kiklos.com\/en\/#organization"},"potentialAction":[{"@type":"SearchAction","target":{"@type":"EntryPoint","urlTemplate":"https:\/\/ikastikos-kiklos.com\/en\/?s={search_term_string}"},"query-input":{"@type":"PropertyValueSpecification","valueRequired":true,"valueName":"search_term_string"}}],"inLanguage":"en-US"},{"@type":"Organization","@id":"https:\/\/ikastikos-kiklos.com\/en\/#organization","name":"Ikastikos Kiklos - Zografik\u00ed - Metaxotyp\u00edes - T\u00e9chniPainting - Silk Screen - Art","url":"https:\/\/ikastikos-kiklos.com\/en\/","logo":{"@type":"ImageObject","inLanguage":"en-US","@id":"https:\/\/ikastikos-kiklos.com\/en\/#\/schema\/logo\/image\/","url":"https:\/\/ikastikos-kiklos.com\/wp-content\/uploads\/2022\/10\/cropped-favicon_ikastikos.png","contentUrl":"https:\/\/ikastikos-kiklos.com\/wp-content\/uploads\/2022\/10\/cropped-favicon_ikastikos.png","width":512,"height":512,"caption":"Ikastikos Kiklos - Zografik\u00ed - Metaxotyp\u00edes - T\u00e9chniPainting - Silk Screen - Art"},"image":{"@id":"https:\/\/ikastikos-kiklos.com\/en\/#\/schema\/logo\/image\/"},"sameAs":["https:\/\/www.facebook.com\/ikastikoskiklossianti\/"]}]}},"_links":{"self":[{"href":"https:\/\/ikastikos-kiklos.com\/en\/wp-json\/wp\/v2\/product\/3655","targetHints":{"allow":["GET"]}}],"collection":[{"href":"https:\/\/ikastikos-kiklos.com\/en\/wp-json\/wp\/v2\/product"}],"about":[{"href":"https:\/\/ikastikos-kiklos.com\/en\/wp-json\/wp\/v2\/types\/product"}],"wp:featuredmedia":[{"embeddable":true,"href":"https:\/\/ikastikos-kiklos.com\/en\/wp-json\/wp\/v2\/media\/4180"}],"wp:attachment":[{"href":"https:\/\/ikastikos-kiklos.com\/en\/wp-json\/wp\/v2\/media?parent=3655"}],"wp:term":[{"taxonomy":"product_brand","embeddable":true,"href":"https:\/\/ikastikos-kiklos.com\/en\/wp-json\/wp\/v2\/product_brand?post=3655"},{"taxonomy":"product_cat","embeddable":true,"href":"https:\/\/ikastikos-kiklos.com\/en\/wp-json\/wp\/v2\/product_cat?post=3655"},{"taxonomy":"product_tag","embeddable":true,"href":"https:\/\/ikastikos-kiklos.com\/en\/wp-json\/wp\/v2\/product_tag?post=3655"}],"curies":[{"name":"wp","href":"https:\/\/api.w.org\/{rel}","templated":true}]}}