{"id":3653,"date":"2016-08-23T14:51:53","date_gmt":"2016-08-23T14:51:53","guid":{"rendered":"http:\/\/ikastikos-kiklos.com\/\u03c0\u03c1\u03bf\u03ca\u03cc\u03bd\/%cf%80%ce%bf%ce%b4%ce%b7%ce%bb%ce%ac%cf%84%ce%b7%cf%82-3\/?lang=en"},"modified":"2018-11-19T14:45:24","modified_gmt":"2018-11-19T12:45:24","slug":"%cf%80%ce%bf%ce%b4%ce%b7%ce%bb%ce%ac%cf%84%ce%b7%cf%82-3","status":"publish","type":"product","link":"https:\/\/ikastikos-kiklos.com\/en\/product\/%cf%80%ce%bf%ce%b4%ce%b7%ce%bb%ce%ac%cf%84%ce%b7%cf%82-3\/","title":{"rendered":"Cycler"},"content":{"rendered":"<p>There is a common thread that runs through the sculptures of Dimitris Vlassis, forming a curve that holds within it all aspects of his multifaceted creative work.<\/p>\n<p>Renaissance in urges, Vlassis moves with ease between architecture, theater, sculpture, design, but also painting, literature, jewelry, clothes &#8230; He declares himself a &#8220;sculptor of architecture&#8221;.<\/p>\n<p>Elizabeth Plessa<\/p>\n","protected":false},"excerpt":{"rendered":"<p>First presentation in the exhibition \u00abFlows\u00bb ikastikos-kiklos Gallery April 2015<\/p>\n","protected":false},"featured_media":4475,"template":"","meta":{"ngg_post_thumbnail":0},"product_brand":[],"product_cat":[398,401],"product_tag":[3006,2533,2534,3009,2254],"class_list":{"0":"post-3653","1":"product","2":"type-product","3":"status-publish","4":"has-post-thumbnail","6":"product_cat-collections","7":"product_cat-sculpture","8":"product_tag-dimitris-vlassis-en","9":"product_tag-flows","10":"product_tag-iron-pipe","11":"product_tag-sculpture","12":"product_tag--en","14":"first","15":"instock","16":"taxable","17":"shipping-taxable","18":"product-type-simple"},"yoast_head":"<!-- This site is optimized with the Yoast SEO plugin v27.2 - https:\/\/yoast.com\/product\/yoast-seo-wordpress\/ -->\n<title>Cycler Sculpture by the Artist Dimitris Vlassis.<\/title>\n<meta name=\"description\" content=\"Sculpture by the Artist Dimitris Vlassis. First presentation at the exhibition &quot;Flows&quot; at the Art Gallery &quot;Eikastikos Kiklos&quot; in April of 2015.\" \/>\n<meta name=\"robots\" content=\"index, follow, max-snippet:-1, max-image-preview:large, max-video-preview:-1\" \/>\n<link rel=\"canonical\" href=\"https:\/\/ikastikos-kiklos.com\/en\/product\/\u03c0\u03bf\u03b4\u03b7\u03bb\u03ac\u03c4\u03b7\u03c2-3\/\" \/>\n<meta property=\"og:locale\" content=\"en_US\" \/>\n<meta property=\"og:type\" content=\"article\" \/>\n<meta property=\"og:title\" content=\"Cycler Sculpture by the Artist Dimitris Vlassis.\" \/>\n<meta property=\"og:description\" content=\"Sculpture by the Artist Dimitris Vlassis. First presentation at the exhibition &quot;Flows&quot; at the Art Gallery &quot;Eikastikos Kiklos&quot; in April of 2015.\" \/>\n<meta property=\"og:url\" content=\"https:\/\/ikastikos-kiklos.com\/en\/product\/\u03c0\u03bf\u03b4\u03b7\u03bb\u03ac\u03c4\u03b7\u03c2-3\/\" \/>\n<meta property=\"og:site_name\" content=\"Ikastikos Kiklos - Zografik\u00ed - Metaxotyp\u00edes - T\u00e9chniPainting - Silk Screen - Art\" \/>\n<meta property=\"article:publisher\" content=\"https:\/\/www.facebook.com\/ikastikoskiklossianti\/\" \/>\n<meta property=\"article:modified_time\" content=\"2018-11-19T12:45:24+00:00\" \/>\n<meta property=\"og:image\" content=\"https:\/\/ikastikos-kiklos.com\/wp-content\/uploads\/2016\/08\/\u03a3\u03a9-\u039c\u0395\u03a3.-\u03a0\u039f\u0394\u0397\u039b\u0391\u03a4\u0397\u03a3.jpg\" \/>\n\t<meta property=\"og:image:width\" content=\"477\" \/>\n\t<meta property=\"og:image:height\" content=\"567\" \/>\n\t<meta property=\"og:image:type\" content=\"image\/jpeg\" \/>\n<meta name=\"twitter:card\" content=\"summary_large_image\" \/>\n<script type=\"application\/ld+json\" class=\"yoast-schema-graph\">{\"@context\":\"https:\/\/schema.org\",\"@graph\":[{\"@type\":\"WebPage\",\"@id\":\"https:\/\/ikastikos-kiklos.com\/en\/product\/%cf%80%ce%bf%ce%b4%ce%b7%ce%bb%ce%ac%cf%84%ce%b7%cf%82-3\/\",\"url\":\"https:\/\/ikastikos-kiklos.com\/en\/product\/%cf%80%ce%bf%ce%b4%ce%b7%ce%bb%ce%ac%cf%84%ce%b7%cf%82-3\/\",\"name\":\"Cycler Sculpture by the Artist Dimitris Vlassis.\",\"isPartOf\":{\"@id\":\"https:\/\/ikastikos-kiklos.com\/en\/#website\"},\"primaryImageOfPage\":{\"@id\":\"https:\/\/ikastikos-kiklos.com\/en\/product\/%cf%80%ce%bf%ce%b4%ce%b7%ce%bb%ce%ac%cf%84%ce%b7%cf%82-3\/#primaryimage\"},\"image\":{\"@id\":\"https:\/\/ikastikos-kiklos.com\/en\/product\/%cf%80%ce%bf%ce%b4%ce%b7%ce%bb%ce%ac%cf%84%ce%b7%cf%82-3\/#primaryimage\"},\"thumbnailUrl\":\"https:\/\/ikastikos-kiklos.com\/wp-content\/uploads\/2016\/08\/\u03a3\u03a9-\u039c\u0395\u03a3.-\u03a0\u039f\u0394\u0397\u039b\u0391\u03a4\u0397\u03a3.jpg\",\"datePublished\":\"2016-08-23T14:51:53+00:00\",\"dateModified\":\"2018-11-19T12:45:24+00:00\",\"description\":\"Sculpture by the Artist Dimitris Vlassis. First presentation at the exhibition \\\"Flows\\\" at the Art Gallery \\\"Eikastikos Kiklos\\\" in April of 2015.\",\"breadcrumb\":{\"@id\":\"https:\/\/ikastikos-kiklos.com\/en\/product\/%cf%80%ce%bf%ce%b4%ce%b7%ce%bb%ce%ac%cf%84%ce%b7%cf%82-3\/#breadcrumb\"},\"inLanguage\":\"en-US\",\"potentialAction\":[{\"@type\":\"ReadAction\",\"target\":[\"https:\/\/ikastikos-kiklos.com\/en\/product\/%cf%80%ce%bf%ce%b4%ce%b7%ce%bb%ce%ac%cf%84%ce%b7%cf%82-3\/\"]}]},{\"@type\":\"ImageObject\",\"inLanguage\":\"en-US\",\"@id\":\"https:\/\/ikastikos-kiklos.com\/en\/product\/%cf%80%ce%bf%ce%b4%ce%b7%ce%bb%ce%ac%cf%84%ce%b7%cf%82-3\/#primaryimage\",\"url\":\"https:\/\/ikastikos-kiklos.com\/wp-content\/uploads\/2016\/08\/\u03a3\u03a9-\u039c\u0395\u03a3.-\u03a0\u039f\u0394\u0397\u039b\u0391\u03a4\u0397\u03a3.jpg\",\"contentUrl\":\"https:\/\/ikastikos-kiklos.com\/wp-content\/uploads\/2016\/08\/\u03a3\u03a9-\u039c\u0395\u03a3.-\u03a0\u039f\u0394\u0397\u039b\u0391\u03a4\u0397\u03a3.jpg\",\"width\":477,\"height\":567},{\"@type\":\"BreadcrumbList\",\"@id\":\"https:\/\/ikastikos-kiklos.com\/en\/product\/%cf%80%ce%bf%ce%b4%ce%b7%ce%bb%ce%ac%cf%84%ce%b7%cf%82-3\/#breadcrumb\",\"itemListElement\":[{\"@type\":\"ListItem\",\"position\":1,\"name\":\"Home\",\"item\":\"https:\/\/ikastikos-kiklos.com\/en\/\"},{\"@type\":\"ListItem\",\"position\":2,\"name\":\"\u0388\u03c1\u03b3\u03b1 \u03c4\u03ad\u03c7\u03bd\u03b7\u03c2\",\"item\":\"https:\/\/ikastikos-kiklos.com\/%ce%ad%cf%81%ce%b3%ce%b1-%cf%84%ce%ad%cf%87%ce%bd%ce%b7%cf%82\/\"},{\"@type\":\"ListItem\",\"position\":3,\"name\":\"Cycler\"}]},{\"@type\":\"WebSite\",\"@id\":\"https:\/\/ikastikos-kiklos.com\/en\/#website\",\"url\":\"https:\/\/ikastikos-kiklos.com\/en\/\",\"name\":\"Ikastikos Kiklos - Zografik\u00ed - Metaxotyp\u00edes - T\u00e9chniPainting - Silk Screen - Art\",\"description\":\"\",\"publisher\":{\"@id\":\"https:\/\/ikastikos-kiklos.com\/en\/#organization\"},\"potentialAction\":[{\"@type\":\"SearchAction\",\"target\":{\"@type\":\"EntryPoint\",\"urlTemplate\":\"https:\/\/ikastikos-kiklos.com\/en\/?s={search_term_string}\"},\"query-input\":{\"@type\":\"PropertyValueSpecification\",\"valueRequired\":true,\"valueName\":\"search_term_string\"}}],\"inLanguage\":\"en-US\"},{\"@type\":\"Organization\",\"@id\":\"https:\/\/ikastikos-kiklos.com\/en\/#organization\",\"name\":\"Ikastikos Kiklos - Zografik\u00ed - Metaxotyp\u00edes - T\u00e9chniPainting - Silk Screen - Art\",\"url\":\"https:\/\/ikastikos-kiklos.com\/en\/\",\"logo\":{\"@type\":\"ImageObject\",\"inLanguage\":\"en-US\",\"@id\":\"https:\/\/ikastikos-kiklos.com\/en\/#\/schema\/logo\/image\/\",\"url\":\"https:\/\/ikastikos-kiklos.com\/wp-content\/uploads\/2022\/10\/cropped-favicon_ikastikos.png\",\"contentUrl\":\"https:\/\/ikastikos-kiklos.com\/wp-content\/uploads\/2022\/10\/cropped-favicon_ikastikos.png\",\"width\":512,\"height\":512,\"caption\":\"Ikastikos Kiklos - Zografik\u00ed - Metaxotyp\u00edes - T\u00e9chniPainting - Silk Screen - Art\"},\"image\":{\"@id\":\"https:\/\/ikastikos-kiklos.com\/en\/#\/schema\/logo\/image\/\"},\"sameAs\":[\"https:\/\/www.facebook.com\/ikastikoskiklossianti\/\"]}]}<\/script>\n<!-- \/ Yoast SEO plugin. -->","yoast_head_json":{"title":"Cycler Sculpture by the Artist Dimitris Vlassis.","description":"Sculpture by the Artist Dimitris Vlassis. First presentation at the exhibition \"Flows\" at the Art Gallery \"Eikastikos Kiklos\" in April of 2015.","robots":{"index":"index","follow":"follow","max-snippet":"max-snippet:-1","max-image-preview":"max-image-preview:large","max-video-preview":"max-video-preview:-1"},"canonical":"https:\/\/ikastikos-kiklos.com\/en\/product\/\u03c0\u03bf\u03b4\u03b7\u03bb\u03ac\u03c4\u03b7\u03c2-3\/","og_locale":"en_US","og_type":"article","og_title":"Cycler Sculpture by the Artist Dimitris Vlassis.","og_description":"Sculpture by the Artist Dimitris Vlassis. First presentation at the exhibition \"Flows\" at the Art Gallery \"Eikastikos Kiklos\" in April of 2015.","og_url":"https:\/\/ikastikos-kiklos.com\/en\/product\/\u03c0\u03bf\u03b4\u03b7\u03bb\u03ac\u03c4\u03b7\u03c2-3\/","og_site_name":"Ikastikos Kiklos - Zografik\u00ed - Metaxotyp\u00edes - T\u00e9chniPainting - Silk Screen - Art","article_publisher":"https:\/\/www.facebook.com\/ikastikoskiklossianti\/","article_modified_time":"2018-11-19T12:45:24+00:00","og_image":[{"width":477,"height":567,"url":"https:\/\/ikastikos-kiklos.com\/wp-content\/uploads\/2016\/08\/\u03a3\u03a9-\u039c\u0395\u03a3.-\u03a0\u039f\u0394\u0397\u039b\u0391\u03a4\u0397\u03a3.jpg","type":"image\/jpeg"}],"twitter_card":"summary_large_image","schema":{"@context":"https:\/\/schema.org","@graph":[{"@type":"WebPage","@id":"https:\/\/ikastikos-kiklos.com\/en\/product\/%cf%80%ce%bf%ce%b4%ce%b7%ce%bb%ce%ac%cf%84%ce%b7%cf%82-3\/","url":"https:\/\/ikastikos-kiklos.com\/en\/product\/%cf%80%ce%bf%ce%b4%ce%b7%ce%bb%ce%ac%cf%84%ce%b7%cf%82-3\/","name":"Cycler Sculpture by the Artist Dimitris Vlassis.","isPartOf":{"@id":"https:\/\/ikastikos-kiklos.com\/en\/#website"},"primaryImageOfPage":{"@id":"https:\/\/ikastikos-kiklos.com\/en\/product\/%cf%80%ce%bf%ce%b4%ce%b7%ce%bb%ce%ac%cf%84%ce%b7%cf%82-3\/#primaryimage"},"image":{"@id":"https:\/\/ikastikos-kiklos.com\/en\/product\/%cf%80%ce%bf%ce%b4%ce%b7%ce%bb%ce%ac%cf%84%ce%b7%cf%82-3\/#primaryimage"},"thumbnailUrl":"https:\/\/ikastikos-kiklos.com\/wp-content\/uploads\/2016\/08\/\u03a3\u03a9-\u039c\u0395\u03a3.-\u03a0\u039f\u0394\u0397\u039b\u0391\u03a4\u0397\u03a3.jpg","datePublished":"2016-08-23T14:51:53+00:00","dateModified":"2018-11-19T12:45:24+00:00","description":"Sculpture by the Artist Dimitris Vlassis. First presentation at the exhibition \"Flows\" at the Art Gallery \"Eikastikos Kiklos\" in April of 2015.","breadcrumb":{"@id":"https:\/\/ikastikos-kiklos.com\/en\/product\/%cf%80%ce%bf%ce%b4%ce%b7%ce%bb%ce%ac%cf%84%ce%b7%cf%82-3\/#breadcrumb"},"inLanguage":"en-US","potentialAction":[{"@type":"ReadAction","target":["https:\/\/ikastikos-kiklos.com\/en\/product\/%cf%80%ce%bf%ce%b4%ce%b7%ce%bb%ce%ac%cf%84%ce%b7%cf%82-3\/"]}]},{"@type":"ImageObject","inLanguage":"en-US","@id":"https:\/\/ikastikos-kiklos.com\/en\/product\/%cf%80%ce%bf%ce%b4%ce%b7%ce%bb%ce%ac%cf%84%ce%b7%cf%82-3\/#primaryimage","url":"https:\/\/ikastikos-kiklos.com\/wp-content\/uploads\/2016\/08\/\u03a3\u03a9-\u039c\u0395\u03a3.-\u03a0\u039f\u0394\u0397\u039b\u0391\u03a4\u0397\u03a3.jpg","contentUrl":"https:\/\/ikastikos-kiklos.com\/wp-content\/uploads\/2016\/08\/\u03a3\u03a9-\u039c\u0395\u03a3.-\u03a0\u039f\u0394\u0397\u039b\u0391\u03a4\u0397\u03a3.jpg","width":477,"height":567},{"@type":"BreadcrumbList","@id":"https:\/\/ikastikos-kiklos.com\/en\/product\/%cf%80%ce%bf%ce%b4%ce%b7%ce%bb%ce%ac%cf%84%ce%b7%cf%82-3\/#breadcrumb","itemListElement":[{"@type":"ListItem","position":1,"name":"Home","item":"https:\/\/ikastikos-kiklos.com\/en\/"},{"@type":"ListItem","position":2,"name":"\u0388\u03c1\u03b3\u03b1 \u03c4\u03ad\u03c7\u03bd\u03b7\u03c2","item":"https:\/\/ikastikos-kiklos.com\/%ce%ad%cf%81%ce%b3%ce%b1-%cf%84%ce%ad%cf%87%ce%bd%ce%b7%cf%82\/"},{"@type":"ListItem","position":3,"name":"Cycler"}]},{"@type":"WebSite","@id":"https:\/\/ikastikos-kiklos.com\/en\/#website","url":"https:\/\/ikastikos-kiklos.com\/en\/","name":"Ikastikos Kiklos - Zografik\u00ed - Metaxotyp\u00edes - T\u00e9chniPainting - Silk Screen - Art","description":"","publisher":{"@id":"https:\/\/ikastikos-kiklos.com\/en\/#organization"},"potentialAction":[{"@type":"SearchAction","target":{"@type":"EntryPoint","urlTemplate":"https:\/\/ikastikos-kiklos.com\/en\/?s={search_term_string}"},"query-input":{"@type":"PropertyValueSpecification","valueRequired":true,"valueName":"search_term_string"}}],"inLanguage":"en-US"},{"@type":"Organization","@id":"https:\/\/ikastikos-kiklos.com\/en\/#organization","name":"Ikastikos Kiklos - Zografik\u00ed - Metaxotyp\u00edes - T\u00e9chniPainting - Silk Screen - Art","url":"https:\/\/ikastikos-kiklos.com\/en\/","logo":{"@type":"ImageObject","inLanguage":"en-US","@id":"https:\/\/ikastikos-kiklos.com\/en\/#\/schema\/logo\/image\/","url":"https:\/\/ikastikos-kiklos.com\/wp-content\/uploads\/2022\/10\/cropped-favicon_ikastikos.png","contentUrl":"https:\/\/ikastikos-kiklos.com\/wp-content\/uploads\/2022\/10\/cropped-favicon_ikastikos.png","width":512,"height":512,"caption":"Ikastikos Kiklos - Zografik\u00ed - Metaxotyp\u00edes - T\u00e9chniPainting - Silk Screen - Art"},"image":{"@id":"https:\/\/ikastikos-kiklos.com\/en\/#\/schema\/logo\/image\/"},"sameAs":["https:\/\/www.facebook.com\/ikastikoskiklossianti\/"]}]}},"_links":{"self":[{"href":"https:\/\/ikastikos-kiklos.com\/en\/wp-json\/wp\/v2\/product\/3653","targetHints":{"allow":["GET"]}}],"collection":[{"href":"https:\/\/ikastikos-kiklos.com\/en\/wp-json\/wp\/v2\/product"}],"about":[{"href":"https:\/\/ikastikos-kiklos.com\/en\/wp-json\/wp\/v2\/types\/product"}],"wp:featuredmedia":[{"embeddable":true,"href":"https:\/\/ikastikos-kiklos.com\/en\/wp-json\/wp\/v2\/media\/4475"}],"wp:attachment":[{"href":"https:\/\/ikastikos-kiklos.com\/en\/wp-json\/wp\/v2\/media?parent=3653"}],"wp:term":[{"taxonomy":"product_brand","embeddable":true,"href":"https:\/\/ikastikos-kiklos.com\/en\/wp-json\/wp\/v2\/product_brand?post=3653"},{"taxonomy":"product_cat","embeddable":true,"href":"https:\/\/ikastikos-kiklos.com\/en\/wp-json\/wp\/v2\/product_cat?post=3653"},{"taxonomy":"product_tag","embeddable":true,"href":"https:\/\/ikastikos-kiklos.com\/en\/wp-json\/wp\/v2\/product_tag?post=3653"}],"curies":[{"name":"wp","href":"https:\/\/api.w.org\/{rel}","templated":true}]}}