{"id":3652,"date":"2016-08-23T14:42:24","date_gmt":"2016-08-23T14:42:24","guid":{"rendered":"http:\/\/ikastikos-kiklos.com\/\u03c0\u03c1\u03bf\u03ca\u03cc\u03bd\/%cf%81%ce%ad%ce%bc%ce%b2%ce%b7\/?lang=en"},"modified":"2018-11-19T14:38:43","modified_gmt":"2018-11-19T12:38:43","slug":"%cf%81%ce%ad%ce%bc%ce%b2%ce%b7","status":"publish","type":"product","link":"https:\/\/ikastikos-kiklos.com\/en\/product\/%cf%81%ce%ad%ce%bc%ce%b2%ce%b7\/","title":{"rendered":"Dreaminess"},"content":{"rendered":"<p>From the closed cylinder of the shelter of that seaside bar that was never completed,<br \/>\nto the aerodynamic Hector, the arched form of Kassandra and the arctic trail of the swimmer, the contracted Reservation and Hermetic Inwardness finally unwined that rolled up trolley ticket and transformed into the boldness of Escape and the momentum of Takeoff to new designs, new works by Dimitris Vlassis that will remember the past but will look only towards the future.<\/p>\n<p>Elizabeth Plessa<\/p>\n","protected":false},"excerpt":{"rendered":"<p>First presentation in the exhibition \u00abFlows\u00bb ikastikos-kiklos Gallery April 2015<\/p>\n","protected":false},"featured_media":4753,"template":"","meta":{"ngg_post_thumbnail":0},"product_brand":[],"product_cat":[398,401],"product_tag":[3006,2771,2533,2534,3009],"class_list":{"0":"post-3652","1":"product","2":"type-product","3":"status-publish","4":"has-post-thumbnail","6":"product_cat-collections","7":"product_cat-sculpture","8":"product_tag-dimitris-vlassis-en","9":"product_tag-dreaminess","10":"product_tag-flows","11":"product_tag-iron-pipe","12":"product_tag-sculpture","14":"first","15":"instock","16":"taxable","17":"shipping-taxable","18":"product-type-simple"},"yoast_head":"<!-- This site is optimized with the Yoast SEO plugin v27.2 - https:\/\/yoast.com\/product\/yoast-seo-wordpress\/ -->\n<title>Dreaminess Sculpture by the Sculpture Dimitris Vlassis from the Collection Sculpture.<\/title>\n<meta name=\"description\" content=\"Dreaminess Sculpture by the Sculpture Dimitris Vlassis from the Collection Sculpture. First presentation at the &quot;Flows&quot; exhibition at the Gallery &quot;Eikastikos Kiklos&quot; in April of 2015\" \/>\n<meta name=\"robots\" content=\"index, follow, max-snippet:-1, max-image-preview:large, max-video-preview:-1\" \/>\n<link rel=\"canonical\" href=\"https:\/\/ikastikos-kiklos.com\/en\/product\/\u03c1\u03ad\u03bc\u03b2\u03b7\/\" \/>\n<meta property=\"og:locale\" content=\"en_US\" \/>\n<meta property=\"og:type\" content=\"article\" \/>\n<meta property=\"og:title\" content=\"Dreaminess Sculpture by the Sculpture Dimitris Vlassis from the Collection Sculpture.\" \/>\n<meta property=\"og:description\" content=\"Dreaminess Sculpture by the Sculpture Dimitris Vlassis from the Collection Sculpture. First presentation at the &quot;Flows&quot; exhibition at the Gallery &quot;Eikastikos Kiklos&quot; in April of 2015\" \/>\n<meta property=\"og:url\" content=\"https:\/\/ikastikos-kiklos.com\/en\/product\/\u03c1\u03ad\u03bc\u03b2\u03b7\/\" \/>\n<meta property=\"og:site_name\" content=\"Ikastikos Kiklos - Zografik\u00ed - Metaxotyp\u00edes - T\u00e9chniPainting - Silk Screen - Art\" \/>\n<meta property=\"article:publisher\" content=\"https:\/\/www.facebook.com\/ikastikoskiklossianti\/\" \/>\n<meta property=\"article:modified_time\" content=\"2018-11-19T12:38:43+00:00\" \/>\n<meta property=\"og:image\" content=\"https:\/\/ikastikos-kiklos.com\/wp-content\/uploads\/2016\/08\/\u03a3\u03a9-\u039c\u0395\u03a3.-\u03a1\u0395\u039c\u0392\u0397.jpg\" \/>\n\t<meta property=\"og:image:width\" content=\"611\" \/>\n\t<meta property=\"og:image:height\" content=\"352\" \/>\n\t<meta property=\"og:image:type\" content=\"image\/jpeg\" \/>\n<meta name=\"twitter:card\" content=\"summary_large_image\" \/>\n<script type=\"application\/ld+json\" class=\"yoast-schema-graph\">{\"@context\":\"https:\/\/schema.org\",\"@graph\":[{\"@type\":\"WebPage\",\"@id\":\"https:\/\/ikastikos-kiklos.com\/en\/product\/%cf%81%ce%ad%ce%bc%ce%b2%ce%b7\/\",\"url\":\"https:\/\/ikastikos-kiklos.com\/en\/product\/%cf%81%ce%ad%ce%bc%ce%b2%ce%b7\/\",\"name\":\"Dreaminess Sculpture by the Sculpture Dimitris Vlassis from the Collection Sculpture.\",\"isPartOf\":{\"@id\":\"https:\/\/ikastikos-kiklos.com\/en\/#website\"},\"primaryImageOfPage\":{\"@id\":\"https:\/\/ikastikos-kiklos.com\/en\/product\/%cf%81%ce%ad%ce%bc%ce%b2%ce%b7\/#primaryimage\"},\"image\":{\"@id\":\"https:\/\/ikastikos-kiklos.com\/en\/product\/%cf%81%ce%ad%ce%bc%ce%b2%ce%b7\/#primaryimage\"},\"thumbnailUrl\":\"https:\/\/ikastikos-kiklos.com\/wp-content\/uploads\/2016\/08\/\u03a3\u03a9-\u039c\u0395\u03a3.-\u03a1\u0395\u039c\u0392\u0397.jpg\",\"datePublished\":\"2016-08-23T14:42:24+00:00\",\"dateModified\":\"2018-11-19T12:38:43+00:00\",\"description\":\"Dreaminess Sculpture by the Sculpture Dimitris Vlassis from the Collection Sculpture. First presentation at the \\\"Flows\\\" exhibition at the Gallery \\\"Eikastikos Kiklos\\\" in April of 2015\",\"breadcrumb\":{\"@id\":\"https:\/\/ikastikos-kiklos.com\/en\/product\/%cf%81%ce%ad%ce%bc%ce%b2%ce%b7\/#breadcrumb\"},\"inLanguage\":\"en-US\",\"potentialAction\":[{\"@type\":\"ReadAction\",\"target\":[\"https:\/\/ikastikos-kiklos.com\/en\/product\/%cf%81%ce%ad%ce%bc%ce%b2%ce%b7\/\"]}]},{\"@type\":\"ImageObject\",\"inLanguage\":\"en-US\",\"@id\":\"https:\/\/ikastikos-kiklos.com\/en\/product\/%cf%81%ce%ad%ce%bc%ce%b2%ce%b7\/#primaryimage\",\"url\":\"https:\/\/ikastikos-kiklos.com\/wp-content\/uploads\/2016\/08\/\u03a3\u03a9-\u039c\u0395\u03a3.-\u03a1\u0395\u039c\u0392\u0397.jpg\",\"contentUrl\":\"https:\/\/ikastikos-kiklos.com\/wp-content\/uploads\/2016\/08\/\u03a3\u03a9-\u039c\u0395\u03a3.-\u03a1\u0395\u039c\u0392\u0397.jpg\",\"width\":611,\"height\":352},{\"@type\":\"BreadcrumbList\",\"@id\":\"https:\/\/ikastikos-kiklos.com\/en\/product\/%cf%81%ce%ad%ce%bc%ce%b2%ce%b7\/#breadcrumb\",\"itemListElement\":[{\"@type\":\"ListItem\",\"position\":1,\"name\":\"Home\",\"item\":\"https:\/\/ikastikos-kiklos.com\/en\/\"},{\"@type\":\"ListItem\",\"position\":2,\"name\":\"\u0388\u03c1\u03b3\u03b1 \u03c4\u03ad\u03c7\u03bd\u03b7\u03c2\",\"item\":\"https:\/\/ikastikos-kiklos.com\/%ce%ad%cf%81%ce%b3%ce%b1-%cf%84%ce%ad%cf%87%ce%bd%ce%b7%cf%82\/\"},{\"@type\":\"ListItem\",\"position\":3,\"name\":\"Dreaminess\"}]},{\"@type\":\"WebSite\",\"@id\":\"https:\/\/ikastikos-kiklos.com\/en\/#website\",\"url\":\"https:\/\/ikastikos-kiklos.com\/en\/\",\"name\":\"Ikastikos Kiklos - Zografik\u00ed - Metaxotyp\u00edes - T\u00e9chniPainting - Silk Screen - Art\",\"description\":\"\",\"publisher\":{\"@id\":\"https:\/\/ikastikos-kiklos.com\/en\/#organization\"},\"potentialAction\":[{\"@type\":\"SearchAction\",\"target\":{\"@type\":\"EntryPoint\",\"urlTemplate\":\"https:\/\/ikastikos-kiklos.com\/en\/?s={search_term_string}\"},\"query-input\":{\"@type\":\"PropertyValueSpecification\",\"valueRequired\":true,\"valueName\":\"search_term_string\"}}],\"inLanguage\":\"en-US\"},{\"@type\":\"Organization\",\"@id\":\"https:\/\/ikastikos-kiklos.com\/en\/#organization\",\"name\":\"Ikastikos Kiklos - Zografik\u00ed - Metaxotyp\u00edes - T\u00e9chniPainting - Silk Screen - Art\",\"url\":\"https:\/\/ikastikos-kiklos.com\/en\/\",\"logo\":{\"@type\":\"ImageObject\",\"inLanguage\":\"en-US\",\"@id\":\"https:\/\/ikastikos-kiklos.com\/en\/#\/schema\/logo\/image\/\",\"url\":\"https:\/\/ikastikos-kiklos.com\/wp-content\/uploads\/2022\/10\/cropped-favicon_ikastikos.png\",\"contentUrl\":\"https:\/\/ikastikos-kiklos.com\/wp-content\/uploads\/2022\/10\/cropped-favicon_ikastikos.png\",\"width\":512,\"height\":512,\"caption\":\"Ikastikos Kiklos - Zografik\u00ed - Metaxotyp\u00edes - T\u00e9chniPainting - Silk Screen - Art\"},\"image\":{\"@id\":\"https:\/\/ikastikos-kiklos.com\/en\/#\/schema\/logo\/image\/\"},\"sameAs\":[\"https:\/\/www.facebook.com\/ikastikoskiklossianti\/\"]}]}<\/script>\n<!-- \/ Yoast SEO plugin. -->","yoast_head_json":{"title":"Dreaminess Sculpture by the Sculpture Dimitris Vlassis from the Collection Sculpture.","description":"Dreaminess Sculpture by the Sculpture Dimitris Vlassis from the Collection Sculpture. First presentation at the \"Flows\" exhibition at the Gallery \"Eikastikos Kiklos\" in April of 2015","robots":{"index":"index","follow":"follow","max-snippet":"max-snippet:-1","max-image-preview":"max-image-preview:large","max-video-preview":"max-video-preview:-1"},"canonical":"https:\/\/ikastikos-kiklos.com\/en\/product\/\u03c1\u03ad\u03bc\u03b2\u03b7\/","og_locale":"en_US","og_type":"article","og_title":"Dreaminess Sculpture by the Sculpture Dimitris Vlassis from the Collection Sculpture.","og_description":"Dreaminess Sculpture by the Sculpture Dimitris Vlassis from the Collection Sculpture. First presentation at the \"Flows\" exhibition at the Gallery \"Eikastikos Kiklos\" in April of 2015","og_url":"https:\/\/ikastikos-kiklos.com\/en\/product\/\u03c1\u03ad\u03bc\u03b2\u03b7\/","og_site_name":"Ikastikos Kiklos - Zografik\u00ed - Metaxotyp\u00edes - T\u00e9chniPainting - Silk Screen - Art","article_publisher":"https:\/\/www.facebook.com\/ikastikoskiklossianti\/","article_modified_time":"2018-11-19T12:38:43+00:00","og_image":[{"width":611,"height":352,"url":"https:\/\/ikastikos-kiklos.com\/wp-content\/uploads\/2016\/08\/\u03a3\u03a9-\u039c\u0395\u03a3.-\u03a1\u0395\u039c\u0392\u0397.jpg","type":"image\/jpeg"}],"twitter_card":"summary_large_image","schema":{"@context":"https:\/\/schema.org","@graph":[{"@type":"WebPage","@id":"https:\/\/ikastikos-kiklos.com\/en\/product\/%cf%81%ce%ad%ce%bc%ce%b2%ce%b7\/","url":"https:\/\/ikastikos-kiklos.com\/en\/product\/%cf%81%ce%ad%ce%bc%ce%b2%ce%b7\/","name":"Dreaminess Sculpture by the Sculpture Dimitris Vlassis from the Collection Sculpture.","isPartOf":{"@id":"https:\/\/ikastikos-kiklos.com\/en\/#website"},"primaryImageOfPage":{"@id":"https:\/\/ikastikos-kiklos.com\/en\/product\/%cf%81%ce%ad%ce%bc%ce%b2%ce%b7\/#primaryimage"},"image":{"@id":"https:\/\/ikastikos-kiklos.com\/en\/product\/%cf%81%ce%ad%ce%bc%ce%b2%ce%b7\/#primaryimage"},"thumbnailUrl":"https:\/\/ikastikos-kiklos.com\/wp-content\/uploads\/2016\/08\/\u03a3\u03a9-\u039c\u0395\u03a3.-\u03a1\u0395\u039c\u0392\u0397.jpg","datePublished":"2016-08-23T14:42:24+00:00","dateModified":"2018-11-19T12:38:43+00:00","description":"Dreaminess Sculpture by the Sculpture Dimitris Vlassis from the Collection Sculpture. First presentation at the \"Flows\" exhibition at the Gallery \"Eikastikos Kiklos\" in April of 2015","breadcrumb":{"@id":"https:\/\/ikastikos-kiklos.com\/en\/product\/%cf%81%ce%ad%ce%bc%ce%b2%ce%b7\/#breadcrumb"},"inLanguage":"en-US","potentialAction":[{"@type":"ReadAction","target":["https:\/\/ikastikos-kiklos.com\/en\/product\/%cf%81%ce%ad%ce%bc%ce%b2%ce%b7\/"]}]},{"@type":"ImageObject","inLanguage":"en-US","@id":"https:\/\/ikastikos-kiklos.com\/en\/product\/%cf%81%ce%ad%ce%bc%ce%b2%ce%b7\/#primaryimage","url":"https:\/\/ikastikos-kiklos.com\/wp-content\/uploads\/2016\/08\/\u03a3\u03a9-\u039c\u0395\u03a3.-\u03a1\u0395\u039c\u0392\u0397.jpg","contentUrl":"https:\/\/ikastikos-kiklos.com\/wp-content\/uploads\/2016\/08\/\u03a3\u03a9-\u039c\u0395\u03a3.-\u03a1\u0395\u039c\u0392\u0397.jpg","width":611,"height":352},{"@type":"BreadcrumbList","@id":"https:\/\/ikastikos-kiklos.com\/en\/product\/%cf%81%ce%ad%ce%bc%ce%b2%ce%b7\/#breadcrumb","itemListElement":[{"@type":"ListItem","position":1,"name":"Home","item":"https:\/\/ikastikos-kiklos.com\/en\/"},{"@type":"ListItem","position":2,"name":"\u0388\u03c1\u03b3\u03b1 \u03c4\u03ad\u03c7\u03bd\u03b7\u03c2","item":"https:\/\/ikastikos-kiklos.com\/%ce%ad%cf%81%ce%b3%ce%b1-%cf%84%ce%ad%cf%87%ce%bd%ce%b7%cf%82\/"},{"@type":"ListItem","position":3,"name":"Dreaminess"}]},{"@type":"WebSite","@id":"https:\/\/ikastikos-kiklos.com\/en\/#website","url":"https:\/\/ikastikos-kiklos.com\/en\/","name":"Ikastikos Kiklos - Zografik\u00ed - Metaxotyp\u00edes - T\u00e9chniPainting - Silk Screen - Art","description":"","publisher":{"@id":"https:\/\/ikastikos-kiklos.com\/en\/#organization"},"potentialAction":[{"@type":"SearchAction","target":{"@type":"EntryPoint","urlTemplate":"https:\/\/ikastikos-kiklos.com\/en\/?s={search_term_string}"},"query-input":{"@type":"PropertyValueSpecification","valueRequired":true,"valueName":"search_term_string"}}],"inLanguage":"en-US"},{"@type":"Organization","@id":"https:\/\/ikastikos-kiklos.com\/en\/#organization","name":"Ikastikos Kiklos - Zografik\u00ed - Metaxotyp\u00edes - T\u00e9chniPainting - Silk Screen - Art","url":"https:\/\/ikastikos-kiklos.com\/en\/","logo":{"@type":"ImageObject","inLanguage":"en-US","@id":"https:\/\/ikastikos-kiklos.com\/en\/#\/schema\/logo\/image\/","url":"https:\/\/ikastikos-kiklos.com\/wp-content\/uploads\/2022\/10\/cropped-favicon_ikastikos.png","contentUrl":"https:\/\/ikastikos-kiklos.com\/wp-content\/uploads\/2022\/10\/cropped-favicon_ikastikos.png","width":512,"height":512,"caption":"Ikastikos Kiklos - Zografik\u00ed - Metaxotyp\u00edes - T\u00e9chniPainting - Silk Screen - Art"},"image":{"@id":"https:\/\/ikastikos-kiklos.com\/en\/#\/schema\/logo\/image\/"},"sameAs":["https:\/\/www.facebook.com\/ikastikoskiklossianti\/"]}]}},"_links":{"self":[{"href":"https:\/\/ikastikos-kiklos.com\/en\/wp-json\/wp\/v2\/product\/3652","targetHints":{"allow":["GET"]}}],"collection":[{"href":"https:\/\/ikastikos-kiklos.com\/en\/wp-json\/wp\/v2\/product"}],"about":[{"href":"https:\/\/ikastikos-kiklos.com\/en\/wp-json\/wp\/v2\/types\/product"}],"wp:featuredmedia":[{"embeddable":true,"href":"https:\/\/ikastikos-kiklos.com\/en\/wp-json\/wp\/v2\/media\/4753"}],"wp:attachment":[{"href":"https:\/\/ikastikos-kiklos.com\/en\/wp-json\/wp\/v2\/media?parent=3652"}],"wp:term":[{"taxonomy":"product_brand","embeddable":true,"href":"https:\/\/ikastikos-kiklos.com\/en\/wp-json\/wp\/v2\/product_brand?post=3652"},{"taxonomy":"product_cat","embeddable":true,"href":"https:\/\/ikastikos-kiklos.com\/en\/wp-json\/wp\/v2\/product_cat?post=3652"},{"taxonomy":"product_tag","embeddable":true,"href":"https:\/\/ikastikos-kiklos.com\/en\/wp-json\/wp\/v2\/product_tag?post=3652"}],"curies":[{"name":"wp","href":"https:\/\/api.w.org\/{rel}","templated":true}]}}