{"id":3647,"date":"2016-08-05T15:13:32","date_gmt":"2016-08-05T15:13:32","guid":{"rendered":"http:\/\/ikastikos-kiklos.com\/\u03c0\u03c1\u03bf\u03ca\u03cc\u03bd\/%cf%84%cf%81%cf%89%ce%ac%ce%b4%ce%b5%cf%82\/?lang=en"},"modified":"2018-11-19T15:02:51","modified_gmt":"2018-11-19T13:02:51","slug":"%cf%84%cf%81%cf%89%ce%ac%ce%b4%ce%b5%cf%82","status":"publish","type":"product","link":"https:\/\/ikastikos-kiklos.com\/en\/product\/%cf%84%cf%81%cf%89%ce%ac%ce%b4%ce%b5%cf%82\/","title":{"rendered":"Trojan women"},"content":{"rendered":"<p>The monumentality of Vlassis\u2019s theatrical forms characterizes the volumes of his sculptures, which are always distinguished by a staged dimension of movement. His multilevel and often sharp \u201cancient Greek\u201d bronze sculptures, the biomorphic figures, the Olympic Sports, the geometric embraces of his tubular figures and the explosive erotic female bodies \u2013 have all been designed beforehand on paper and are dominated by the sense of a movement frozen in time.<\/p>\n<p>Elizabeth Plessa<\/p>\n","protected":false},"excerpt":{"rendered":"<p>Sculptures inspired by ancient Greek tragedy.<\/p>\n<p>First presentation in the exhibition \u00abDimitris Vlassis: Sculpture\u00bb Skoufa Gallery, 1987<\/p>\n","protected":false},"featured_media":4775,"template":"","meta":{"ngg_post_thumbnail":0},"product_brand":[],"product_cat":[398,401],"product_tag":[2768,2504,2775],"class_list":{"0":"post-3647","1":"product","2":"type-product","3":"status-publish","4":"has-post-thumbnail","6":"product_cat-collections","7":"product_cat-sculpture","8":"product_tag-ancient-tragedy","9":"product_tag-brass","10":"product_tag-trojan","12":"first","13":"instock","14":"taxable","15":"shipping-taxable","16":"product-type-simple"},"yoast_head":"<!-- This site is optimized with the Yoast SEO plugin v27.2 - https:\/\/yoast.com\/product\/yoast-seo-wordpress\/ -->\n<title>Trojan Woman Sculpture made from Brass by Dimitris Vlassis.<\/title>\n<meta name=\"description\" content=\"Trojan Woman Sculpture made from Brass by Dimitris Vlassis. From the series &quot;Forms inspired by ancient tragedy&quot;. Dimensions 85 cm\" \/>\n<meta name=\"robots\" content=\"index, follow, max-snippet:-1, max-image-preview:large, max-video-preview:-1\" \/>\n<link rel=\"canonical\" href=\"https:\/\/ikastikos-kiklos.com\/en\/product\/\u03c4\u03c1\u03c9\u03ac\u03b4\u03b5\u03c2\/\" \/>\n<meta property=\"og:locale\" content=\"en_US\" \/>\n<meta property=\"og:type\" content=\"article\" \/>\n<meta property=\"og:title\" content=\"Trojan Woman Sculpture made from Brass by Dimitris Vlassis.\" \/>\n<meta property=\"og:description\" content=\"Trojan Woman Sculpture made from Brass by Dimitris Vlassis. From the series &quot;Forms inspired by ancient tragedy&quot;. Dimensions 85 cm\" \/>\n<meta property=\"og:url\" content=\"https:\/\/ikastikos-kiklos.com\/en\/product\/\u03c4\u03c1\u03c9\u03ac\u03b4\u03b5\u03c2\/\" \/>\n<meta property=\"og:site_name\" content=\"Ikastikos Kiklos - Zografik\u00ed - Metaxotyp\u00edes - T\u00e9chniPainting - Silk Screen - Art\" \/>\n<meta property=\"article:publisher\" content=\"https:\/\/www.facebook.com\/ikastikoskiklossianti\/\" \/>\n<meta property=\"article:modified_time\" content=\"2018-11-19T13:02:51+00:00\" \/>\n<meta property=\"og:image\" content=\"https:\/\/ikastikos-kiklos.com\/wp-content\/uploads\/2016\/08\/\u03a7\u03a5\u03a4\u0391-\u03a4\u03a1\u03a9\u0391\u0394\u0395\u03a3.jpg\" \/>\n\t<meta property=\"og:image:width\" content=\"510\" \/>\n\t<meta property=\"og:image:height\" content=\"305\" \/>\n\t<meta property=\"og:image:type\" content=\"image\/jpeg\" \/>\n<meta name=\"twitter:card\" content=\"summary_large_image\" \/>\n<script type=\"application\/ld+json\" class=\"yoast-schema-graph\">{\"@context\":\"https:\/\/schema.org\",\"@graph\":[{\"@type\":\"WebPage\",\"@id\":\"https:\/\/ikastikos-kiklos.com\/en\/product\/%cf%84%cf%81%cf%89%ce%ac%ce%b4%ce%b5%cf%82\/\",\"url\":\"https:\/\/ikastikos-kiklos.com\/en\/product\/%cf%84%cf%81%cf%89%ce%ac%ce%b4%ce%b5%cf%82\/\",\"name\":\"Trojan Woman Sculpture made from Brass by Dimitris Vlassis.\",\"isPartOf\":{\"@id\":\"https:\/\/ikastikos-kiklos.com\/en\/#website\"},\"primaryImageOfPage\":{\"@id\":\"https:\/\/ikastikos-kiklos.com\/en\/product\/%cf%84%cf%81%cf%89%ce%ac%ce%b4%ce%b5%cf%82\/#primaryimage\"},\"image\":{\"@id\":\"https:\/\/ikastikos-kiklos.com\/en\/product\/%cf%84%cf%81%cf%89%ce%ac%ce%b4%ce%b5%cf%82\/#primaryimage\"},\"thumbnailUrl\":\"https:\/\/ikastikos-kiklos.com\/wp-content\/uploads\/2016\/08\/\u03a7\u03a5\u03a4\u0391-\u03a4\u03a1\u03a9\u0391\u0394\u0395\u03a3.jpg\",\"datePublished\":\"2016-08-05T15:13:32+00:00\",\"dateModified\":\"2018-11-19T13:02:51+00:00\",\"description\":\"Trojan Woman Sculpture made from Brass by Dimitris Vlassis. From the series \\\"Forms inspired by ancient tragedy\\\". Dimensions 85 cm\",\"breadcrumb\":{\"@id\":\"https:\/\/ikastikos-kiklos.com\/en\/product\/%cf%84%cf%81%cf%89%ce%ac%ce%b4%ce%b5%cf%82\/#breadcrumb\"},\"inLanguage\":\"en-US\",\"potentialAction\":[{\"@type\":\"ReadAction\",\"target\":[\"https:\/\/ikastikos-kiklos.com\/en\/product\/%cf%84%cf%81%cf%89%ce%ac%ce%b4%ce%b5%cf%82\/\"]}]},{\"@type\":\"ImageObject\",\"inLanguage\":\"en-US\",\"@id\":\"https:\/\/ikastikos-kiklos.com\/en\/product\/%cf%84%cf%81%cf%89%ce%ac%ce%b4%ce%b5%cf%82\/#primaryimage\",\"url\":\"https:\/\/ikastikos-kiklos.com\/wp-content\/uploads\/2016\/08\/\u03a7\u03a5\u03a4\u0391-\u03a4\u03a1\u03a9\u0391\u0394\u0395\u03a3.jpg\",\"contentUrl\":\"https:\/\/ikastikos-kiklos.com\/wp-content\/uploads\/2016\/08\/\u03a7\u03a5\u03a4\u0391-\u03a4\u03a1\u03a9\u0391\u0394\u0395\u03a3.jpg\",\"width\":510,\"height\":305},{\"@type\":\"BreadcrumbList\",\"@id\":\"https:\/\/ikastikos-kiklos.com\/en\/product\/%cf%84%cf%81%cf%89%ce%ac%ce%b4%ce%b5%cf%82\/#breadcrumb\",\"itemListElement\":[{\"@type\":\"ListItem\",\"position\":1,\"name\":\"Home\",\"item\":\"https:\/\/ikastikos-kiklos.com\/en\/\"},{\"@type\":\"ListItem\",\"position\":2,\"name\":\"\u0388\u03c1\u03b3\u03b1 \u03c4\u03ad\u03c7\u03bd\u03b7\u03c2\",\"item\":\"https:\/\/ikastikos-kiklos.com\/%ce%ad%cf%81%ce%b3%ce%b1-%cf%84%ce%ad%cf%87%ce%bd%ce%b7%cf%82\/\"},{\"@type\":\"ListItem\",\"position\":3,\"name\":\"Trojan women\"}]},{\"@type\":\"WebSite\",\"@id\":\"https:\/\/ikastikos-kiklos.com\/en\/#website\",\"url\":\"https:\/\/ikastikos-kiklos.com\/en\/\",\"name\":\"Ikastikos Kiklos - Zografik\u00ed - Metaxotyp\u00edes - T\u00e9chniPainting - Silk Screen - Art\",\"description\":\"\",\"publisher\":{\"@id\":\"https:\/\/ikastikos-kiklos.com\/en\/#organization\"},\"potentialAction\":[{\"@type\":\"SearchAction\",\"target\":{\"@type\":\"EntryPoint\",\"urlTemplate\":\"https:\/\/ikastikos-kiklos.com\/en\/?s={search_term_string}\"},\"query-input\":{\"@type\":\"PropertyValueSpecification\",\"valueRequired\":true,\"valueName\":\"search_term_string\"}}],\"inLanguage\":\"en-US\"},{\"@type\":\"Organization\",\"@id\":\"https:\/\/ikastikos-kiklos.com\/en\/#organization\",\"name\":\"Ikastikos Kiklos - Zografik\u00ed - Metaxotyp\u00edes - T\u00e9chniPainting - Silk Screen - Art\",\"url\":\"https:\/\/ikastikos-kiklos.com\/en\/\",\"logo\":{\"@type\":\"ImageObject\",\"inLanguage\":\"en-US\",\"@id\":\"https:\/\/ikastikos-kiklos.com\/en\/#\/schema\/logo\/image\/\",\"url\":\"https:\/\/ikastikos-kiklos.com\/wp-content\/uploads\/2022\/10\/cropped-favicon_ikastikos.png\",\"contentUrl\":\"https:\/\/ikastikos-kiklos.com\/wp-content\/uploads\/2022\/10\/cropped-favicon_ikastikos.png\",\"width\":512,\"height\":512,\"caption\":\"Ikastikos Kiklos - Zografik\u00ed - Metaxotyp\u00edes - T\u00e9chniPainting - Silk Screen - Art\"},\"image\":{\"@id\":\"https:\/\/ikastikos-kiklos.com\/en\/#\/schema\/logo\/image\/\"},\"sameAs\":[\"https:\/\/www.facebook.com\/ikastikoskiklossianti\/\"]}]}<\/script>\n<!-- \/ Yoast SEO plugin. -->","yoast_head_json":{"title":"Trojan Woman Sculpture made from Brass by Dimitris Vlassis.","description":"Trojan Woman Sculpture made from Brass by Dimitris Vlassis. From the series \"Forms inspired by ancient tragedy\". Dimensions 85 cm","robots":{"index":"index","follow":"follow","max-snippet":"max-snippet:-1","max-image-preview":"max-image-preview:large","max-video-preview":"max-video-preview:-1"},"canonical":"https:\/\/ikastikos-kiklos.com\/en\/product\/\u03c4\u03c1\u03c9\u03ac\u03b4\u03b5\u03c2\/","og_locale":"en_US","og_type":"article","og_title":"Trojan Woman Sculpture made from Brass by Dimitris Vlassis.","og_description":"Trojan Woman Sculpture made from Brass by Dimitris Vlassis. From the series \"Forms inspired by ancient tragedy\". Dimensions 85 cm","og_url":"https:\/\/ikastikos-kiklos.com\/en\/product\/\u03c4\u03c1\u03c9\u03ac\u03b4\u03b5\u03c2\/","og_site_name":"Ikastikos Kiklos - Zografik\u00ed - Metaxotyp\u00edes - T\u00e9chniPainting - Silk Screen - Art","article_publisher":"https:\/\/www.facebook.com\/ikastikoskiklossianti\/","article_modified_time":"2018-11-19T13:02:51+00:00","og_image":[{"width":510,"height":305,"url":"https:\/\/ikastikos-kiklos.com\/wp-content\/uploads\/2016\/08\/\u03a7\u03a5\u03a4\u0391-\u03a4\u03a1\u03a9\u0391\u0394\u0395\u03a3.jpg","type":"image\/jpeg"}],"twitter_card":"summary_large_image","schema":{"@context":"https:\/\/schema.org","@graph":[{"@type":"WebPage","@id":"https:\/\/ikastikos-kiklos.com\/en\/product\/%cf%84%cf%81%cf%89%ce%ac%ce%b4%ce%b5%cf%82\/","url":"https:\/\/ikastikos-kiklos.com\/en\/product\/%cf%84%cf%81%cf%89%ce%ac%ce%b4%ce%b5%cf%82\/","name":"Trojan Woman Sculpture made from Brass by Dimitris Vlassis.","isPartOf":{"@id":"https:\/\/ikastikos-kiklos.com\/en\/#website"},"primaryImageOfPage":{"@id":"https:\/\/ikastikos-kiklos.com\/en\/product\/%cf%84%cf%81%cf%89%ce%ac%ce%b4%ce%b5%cf%82\/#primaryimage"},"image":{"@id":"https:\/\/ikastikos-kiklos.com\/en\/product\/%cf%84%cf%81%cf%89%ce%ac%ce%b4%ce%b5%cf%82\/#primaryimage"},"thumbnailUrl":"https:\/\/ikastikos-kiklos.com\/wp-content\/uploads\/2016\/08\/\u03a7\u03a5\u03a4\u0391-\u03a4\u03a1\u03a9\u0391\u0394\u0395\u03a3.jpg","datePublished":"2016-08-05T15:13:32+00:00","dateModified":"2018-11-19T13:02:51+00:00","description":"Trojan Woman Sculpture made from Brass by Dimitris Vlassis. From the series \"Forms inspired by ancient tragedy\". Dimensions 85 cm","breadcrumb":{"@id":"https:\/\/ikastikos-kiklos.com\/en\/product\/%cf%84%cf%81%cf%89%ce%ac%ce%b4%ce%b5%cf%82\/#breadcrumb"},"inLanguage":"en-US","potentialAction":[{"@type":"ReadAction","target":["https:\/\/ikastikos-kiklos.com\/en\/product\/%cf%84%cf%81%cf%89%ce%ac%ce%b4%ce%b5%cf%82\/"]}]},{"@type":"ImageObject","inLanguage":"en-US","@id":"https:\/\/ikastikos-kiklos.com\/en\/product\/%cf%84%cf%81%cf%89%ce%ac%ce%b4%ce%b5%cf%82\/#primaryimage","url":"https:\/\/ikastikos-kiklos.com\/wp-content\/uploads\/2016\/08\/\u03a7\u03a5\u03a4\u0391-\u03a4\u03a1\u03a9\u0391\u0394\u0395\u03a3.jpg","contentUrl":"https:\/\/ikastikos-kiklos.com\/wp-content\/uploads\/2016\/08\/\u03a7\u03a5\u03a4\u0391-\u03a4\u03a1\u03a9\u0391\u0394\u0395\u03a3.jpg","width":510,"height":305},{"@type":"BreadcrumbList","@id":"https:\/\/ikastikos-kiklos.com\/en\/product\/%cf%84%cf%81%cf%89%ce%ac%ce%b4%ce%b5%cf%82\/#breadcrumb","itemListElement":[{"@type":"ListItem","position":1,"name":"Home","item":"https:\/\/ikastikos-kiklos.com\/en\/"},{"@type":"ListItem","position":2,"name":"\u0388\u03c1\u03b3\u03b1 \u03c4\u03ad\u03c7\u03bd\u03b7\u03c2","item":"https:\/\/ikastikos-kiklos.com\/%ce%ad%cf%81%ce%b3%ce%b1-%cf%84%ce%ad%cf%87%ce%bd%ce%b7%cf%82\/"},{"@type":"ListItem","position":3,"name":"Trojan women"}]},{"@type":"WebSite","@id":"https:\/\/ikastikos-kiklos.com\/en\/#website","url":"https:\/\/ikastikos-kiklos.com\/en\/","name":"Ikastikos Kiklos - Zografik\u00ed - Metaxotyp\u00edes - T\u00e9chniPainting - Silk Screen - Art","description":"","publisher":{"@id":"https:\/\/ikastikos-kiklos.com\/en\/#organization"},"potentialAction":[{"@type":"SearchAction","target":{"@type":"EntryPoint","urlTemplate":"https:\/\/ikastikos-kiklos.com\/en\/?s={search_term_string}"},"query-input":{"@type":"PropertyValueSpecification","valueRequired":true,"valueName":"search_term_string"}}],"inLanguage":"en-US"},{"@type":"Organization","@id":"https:\/\/ikastikos-kiklos.com\/en\/#organization","name":"Ikastikos Kiklos - Zografik\u00ed - Metaxotyp\u00edes - T\u00e9chniPainting - Silk Screen - Art","url":"https:\/\/ikastikos-kiklos.com\/en\/","logo":{"@type":"ImageObject","inLanguage":"en-US","@id":"https:\/\/ikastikos-kiklos.com\/en\/#\/schema\/logo\/image\/","url":"https:\/\/ikastikos-kiklos.com\/wp-content\/uploads\/2022\/10\/cropped-favicon_ikastikos.png","contentUrl":"https:\/\/ikastikos-kiklos.com\/wp-content\/uploads\/2022\/10\/cropped-favicon_ikastikos.png","width":512,"height":512,"caption":"Ikastikos Kiklos - Zografik\u00ed - Metaxotyp\u00edes - T\u00e9chniPainting - Silk Screen - Art"},"image":{"@id":"https:\/\/ikastikos-kiklos.com\/en\/#\/schema\/logo\/image\/"},"sameAs":["https:\/\/www.facebook.com\/ikastikoskiklossianti\/"]}]}},"_links":{"self":[{"href":"https:\/\/ikastikos-kiklos.com\/en\/wp-json\/wp\/v2\/product\/3647","targetHints":{"allow":["GET"]}}],"collection":[{"href":"https:\/\/ikastikos-kiklos.com\/en\/wp-json\/wp\/v2\/product"}],"about":[{"href":"https:\/\/ikastikos-kiklos.com\/en\/wp-json\/wp\/v2\/types\/product"}],"wp:featuredmedia":[{"embeddable":true,"href":"https:\/\/ikastikos-kiklos.com\/en\/wp-json\/wp\/v2\/media\/4775"}],"wp:attachment":[{"href":"https:\/\/ikastikos-kiklos.com\/en\/wp-json\/wp\/v2\/media?parent=3647"}],"wp:term":[{"taxonomy":"product_brand","embeddable":true,"href":"https:\/\/ikastikos-kiklos.com\/en\/wp-json\/wp\/v2\/product_brand?post=3647"},{"taxonomy":"product_cat","embeddable":true,"href":"https:\/\/ikastikos-kiklos.com\/en\/wp-json\/wp\/v2\/product_cat?post=3647"},{"taxonomy":"product_tag","embeddable":true,"href":"https:\/\/ikastikos-kiklos.com\/en\/wp-json\/wp\/v2\/product_tag?post=3647"}],"curies":[{"name":"wp","href":"https:\/\/api.w.org\/{rel}","templated":true}]}}