{"id":3636,"date":"2016-07-11T15:24:19","date_gmt":"2016-07-11T15:24:19","guid":{"rendered":"http:\/\/ikastikos-kiklos.com\/\u03c0\u03c1\u03bf\u03ca\u03cc\u03bd\/%ce%b5%cf%80%ce%b9%ce%bd%ce%af%ce%ba%ce%b9%ce%bf\/?lang=en"},"modified":"2018-11-19T17:38:29","modified_gmt":"2018-11-19T15:38:29","slug":"%ce%b5%cf%80%ce%b9%ce%bd%ce%af%ce%ba%ce%b9%ce%bf","status":"publish","type":"product","link":"https:\/\/ikastikos-kiklos.com\/en\/product\/%ce%b5%cf%80%ce%b9%ce%bd%ce%af%ce%ba%ce%b9%ce%bf\/","title":{"rendered":"Victory"},"content":{"rendered":"<p>His sculptural style is mainy expressionist and the subject is anthropocentric with symbolism. HIs predominant theme is seated female figures, often headless, alone or in groups, in attitudes that indicate physical and mental tension. His technique is very good and quite traditional, with discrete distortions that emphasize expression. Most of his works are cast in copper. The humanitarian mood and the critical commentary on social problems characterize the whole of his work aesthetically and thematically.<\/p>\n<p>Source http:\/\/dp.iset.gr<\/p>\n","protected":false},"excerpt":{"rendered":"<p>.<\/p>\n","protected":false},"featured_media":2033,"template":"","meta":{"ngg_post_thumbnail":0},"product_brand":[],"product_cat":[398,401],"product_tag":[2504,2778,3009,2561],"class_list":{"0":"post-3636","1":"product","2":"type-product","3":"status-publish","4":"has-post-thumbnail","6":"product_cat-collections","7":"product_cat-sculpture","8":"product_tag-brass","9":"product_tag-georgiadis-giorgos","10":"product_tag-sculpture","11":"product_tag-win","13":"first","14":"instock","15":"taxable","16":"shipping-taxable","17":"product-type-simple"},"yoast_head":"<!-- This site is optimized with the Yoast SEO plugin v27.2 - https:\/\/yoast.com\/product\/yoast-seo-wordpress\/ -->\n<title>Victory Sculpture by Giorgos Georgiadis Collection Sculpture<\/title>\n<meta name=\"description\" content=\"Victory Sculpture by Giorgos Georgiadis Collection Sculpture. Made from brass in dimensions 25 x 30 x 40 cm. A sculpture for the song of victory.\" \/>\n<meta name=\"robots\" content=\"index, follow, max-snippet:-1, max-image-preview:large, max-video-preview:-1\" \/>\n<link rel=\"canonical\" href=\"https:\/\/ikastikos-kiklos.com\/en\/product\/\u03b5\u03c0\u03b9\u03bd\u03af\u03ba\u03b9\u03bf\/\" \/>\n<meta property=\"og:locale\" content=\"en_US\" \/>\n<meta property=\"og:type\" content=\"article\" \/>\n<meta property=\"og:title\" content=\"Victory Sculpture by Giorgos Georgiadis Collection Sculpture\" \/>\n<meta property=\"og:description\" content=\"Victory Sculpture by Giorgos Georgiadis Collection Sculpture. Made from brass in dimensions 25 x 30 x 40 cm. A sculpture for the song of victory.\" \/>\n<meta property=\"og:url\" content=\"https:\/\/ikastikos-kiklos.com\/en\/product\/\u03b5\u03c0\u03b9\u03bd\u03af\u03ba\u03b9\u03bf\/\" \/>\n<meta property=\"og:site_name\" content=\"Ikastikos Kiklos - Zografik\u00ed - Metaxotyp\u00edes - T\u00e9chniPainting - Silk Screen - Art\" \/>\n<meta property=\"article:publisher\" content=\"https:\/\/www.facebook.com\/ikastikoskiklossianti\/\" \/>\n<meta property=\"article:modified_time\" content=\"2018-11-19T15:38:29+00:00\" \/>\n<meta property=\"og:image\" content=\"https:\/\/ikastikos-kiklos.com\/wp-content\/uploads\/2016\/07\/Epinikio-clist.jpg\" \/>\n\t<meta property=\"og:image:width\" content=\"300\" \/>\n\t<meta property=\"og:image:height\" content=\"270\" \/>\n\t<meta property=\"og:image:type\" content=\"image\/jpeg\" \/>\n<meta name=\"twitter:card\" content=\"summary_large_image\" \/>\n<script type=\"application\/ld+json\" class=\"yoast-schema-graph\">{\"@context\":\"https:\/\/schema.org\",\"@graph\":[{\"@type\":\"WebPage\",\"@id\":\"https:\/\/ikastikos-kiklos.com\/en\/product\/%ce%b5%cf%80%ce%b9%ce%bd%ce%af%ce%ba%ce%b9%ce%bf\/\",\"url\":\"https:\/\/ikastikos-kiklos.com\/en\/product\/%ce%b5%cf%80%ce%b9%ce%bd%ce%af%ce%ba%ce%b9%ce%bf\/\",\"name\":\"Victory Sculpture by Giorgos Georgiadis Collection Sculpture\",\"isPartOf\":{\"@id\":\"https:\/\/ikastikos-kiklos.com\/en\/#website\"},\"primaryImageOfPage\":{\"@id\":\"https:\/\/ikastikos-kiklos.com\/en\/product\/%ce%b5%cf%80%ce%b9%ce%bd%ce%af%ce%ba%ce%b9%ce%bf\/#primaryimage\"},\"image\":{\"@id\":\"https:\/\/ikastikos-kiklos.com\/en\/product\/%ce%b5%cf%80%ce%b9%ce%bd%ce%af%ce%ba%ce%b9%ce%bf\/#primaryimage\"},\"thumbnailUrl\":\"https:\/\/ikastikos-kiklos.com\/wp-content\/uploads\/2016\/07\/Epinikio-clist.jpg\",\"datePublished\":\"2016-07-11T15:24:19+00:00\",\"dateModified\":\"2018-11-19T15:38:29+00:00\",\"description\":\"Victory Sculpture by Giorgos Georgiadis Collection Sculpture. Made from brass in dimensions 25 x 30 x 40 cm. A sculpture for the song of victory.\",\"breadcrumb\":{\"@id\":\"https:\/\/ikastikos-kiklos.com\/en\/product\/%ce%b5%cf%80%ce%b9%ce%bd%ce%af%ce%ba%ce%b9%ce%bf\/#breadcrumb\"},\"inLanguage\":\"en-US\",\"potentialAction\":[{\"@type\":\"ReadAction\",\"target\":[\"https:\/\/ikastikos-kiklos.com\/en\/product\/%ce%b5%cf%80%ce%b9%ce%bd%ce%af%ce%ba%ce%b9%ce%bf\/\"]}]},{\"@type\":\"ImageObject\",\"inLanguage\":\"en-US\",\"@id\":\"https:\/\/ikastikos-kiklos.com\/en\/product\/%ce%b5%cf%80%ce%b9%ce%bd%ce%af%ce%ba%ce%b9%ce%bf\/#primaryimage\",\"url\":\"https:\/\/ikastikos-kiklos.com\/wp-content\/uploads\/2016\/07\/Epinikio-clist.jpg\",\"contentUrl\":\"https:\/\/ikastikos-kiklos.com\/wp-content\/uploads\/2016\/07\/Epinikio-clist.jpg\",\"width\":300,\"height\":270,\"caption\":\"\u0395\u03c0\u03b9\u03bd\u03af\u03ba\u03b9\u03bf \u0393\u03bb\u03c5\u03c0\u03c4\u03cc \u03b1\u03c0\u03cc \u03c4\u03bf\u03bd \u0393\u03b9\u03ce\u03c1\u03b3\u03bf \u0393\u03b5\u03c9\u03c1\u03b3\u03b9\u03ac\u03b4\u03b7 \u03a3\u03c5\u03bb\u03bb\u03bf\u03b3\u03ae \u0393\u03bb\u03c5\u03c0\u03c4\u03b9\u03ba\u03ae\"},{\"@type\":\"BreadcrumbList\",\"@id\":\"https:\/\/ikastikos-kiklos.com\/en\/product\/%ce%b5%cf%80%ce%b9%ce%bd%ce%af%ce%ba%ce%b9%ce%bf\/#breadcrumb\",\"itemListElement\":[{\"@type\":\"ListItem\",\"position\":1,\"name\":\"Home\",\"item\":\"https:\/\/ikastikos-kiklos.com\/en\/\"},{\"@type\":\"ListItem\",\"position\":2,\"name\":\"\u0388\u03c1\u03b3\u03b1 \u03c4\u03ad\u03c7\u03bd\u03b7\u03c2\",\"item\":\"https:\/\/ikastikos-kiklos.com\/%ce%ad%cf%81%ce%b3%ce%b1-%cf%84%ce%ad%cf%87%ce%bd%ce%b7%cf%82\/\"},{\"@type\":\"ListItem\",\"position\":3,\"name\":\"Victory\"}]},{\"@type\":\"WebSite\",\"@id\":\"https:\/\/ikastikos-kiklos.com\/en\/#website\",\"url\":\"https:\/\/ikastikos-kiklos.com\/en\/\",\"name\":\"Ikastikos Kiklos - Zografik\u00ed - Metaxotyp\u00edes - T\u00e9chniPainting - Silk Screen - Art\",\"description\":\"\",\"publisher\":{\"@id\":\"https:\/\/ikastikos-kiklos.com\/en\/#organization\"},\"potentialAction\":[{\"@type\":\"SearchAction\",\"target\":{\"@type\":\"EntryPoint\",\"urlTemplate\":\"https:\/\/ikastikos-kiklos.com\/en\/?s={search_term_string}\"},\"query-input\":{\"@type\":\"PropertyValueSpecification\",\"valueRequired\":true,\"valueName\":\"search_term_string\"}}],\"inLanguage\":\"en-US\"},{\"@type\":\"Organization\",\"@id\":\"https:\/\/ikastikos-kiklos.com\/en\/#organization\",\"name\":\"Ikastikos Kiklos - Zografik\u00ed - Metaxotyp\u00edes - T\u00e9chniPainting - Silk Screen - Art\",\"url\":\"https:\/\/ikastikos-kiklos.com\/en\/\",\"logo\":{\"@type\":\"ImageObject\",\"inLanguage\":\"en-US\",\"@id\":\"https:\/\/ikastikos-kiklos.com\/en\/#\/schema\/logo\/image\/\",\"url\":\"https:\/\/ikastikos-kiklos.com\/wp-content\/uploads\/2022\/10\/cropped-favicon_ikastikos.png\",\"contentUrl\":\"https:\/\/ikastikos-kiklos.com\/wp-content\/uploads\/2022\/10\/cropped-favicon_ikastikos.png\",\"width\":512,\"height\":512,\"caption\":\"Ikastikos Kiklos - Zografik\u00ed - Metaxotyp\u00edes - T\u00e9chniPainting - Silk Screen - Art\"},\"image\":{\"@id\":\"https:\/\/ikastikos-kiklos.com\/en\/#\/schema\/logo\/image\/\"},\"sameAs\":[\"https:\/\/www.facebook.com\/ikastikoskiklossianti\/\"]}]}<\/script>\n<!-- \/ Yoast SEO plugin. -->","yoast_head_json":{"title":"Victory Sculpture by Giorgos Georgiadis Collection Sculpture","description":"Victory Sculpture by Giorgos Georgiadis Collection Sculpture. Made from brass in dimensions 25 x 30 x 40 cm. A sculpture for the song of victory.","robots":{"index":"index","follow":"follow","max-snippet":"max-snippet:-1","max-image-preview":"max-image-preview:large","max-video-preview":"max-video-preview:-1"},"canonical":"https:\/\/ikastikos-kiklos.com\/en\/product\/\u03b5\u03c0\u03b9\u03bd\u03af\u03ba\u03b9\u03bf\/","og_locale":"en_US","og_type":"article","og_title":"Victory Sculpture by Giorgos Georgiadis Collection Sculpture","og_description":"Victory Sculpture by Giorgos Georgiadis Collection Sculpture. Made from brass in dimensions 25 x 30 x 40 cm. A sculpture for the song of victory.","og_url":"https:\/\/ikastikos-kiklos.com\/en\/product\/\u03b5\u03c0\u03b9\u03bd\u03af\u03ba\u03b9\u03bf\/","og_site_name":"Ikastikos Kiklos - Zografik\u00ed - Metaxotyp\u00edes - T\u00e9chniPainting - Silk Screen - Art","article_publisher":"https:\/\/www.facebook.com\/ikastikoskiklossianti\/","article_modified_time":"2018-11-19T15:38:29+00:00","og_image":[{"width":300,"height":270,"url":"https:\/\/ikastikos-kiklos.com\/wp-content\/uploads\/2016\/07\/Epinikio-clist.jpg","type":"image\/jpeg"}],"twitter_card":"summary_large_image","schema":{"@context":"https:\/\/schema.org","@graph":[{"@type":"WebPage","@id":"https:\/\/ikastikos-kiklos.com\/en\/product\/%ce%b5%cf%80%ce%b9%ce%bd%ce%af%ce%ba%ce%b9%ce%bf\/","url":"https:\/\/ikastikos-kiklos.com\/en\/product\/%ce%b5%cf%80%ce%b9%ce%bd%ce%af%ce%ba%ce%b9%ce%bf\/","name":"Victory Sculpture by Giorgos Georgiadis Collection Sculpture","isPartOf":{"@id":"https:\/\/ikastikos-kiklos.com\/en\/#website"},"primaryImageOfPage":{"@id":"https:\/\/ikastikos-kiklos.com\/en\/product\/%ce%b5%cf%80%ce%b9%ce%bd%ce%af%ce%ba%ce%b9%ce%bf\/#primaryimage"},"image":{"@id":"https:\/\/ikastikos-kiklos.com\/en\/product\/%ce%b5%cf%80%ce%b9%ce%bd%ce%af%ce%ba%ce%b9%ce%bf\/#primaryimage"},"thumbnailUrl":"https:\/\/ikastikos-kiklos.com\/wp-content\/uploads\/2016\/07\/Epinikio-clist.jpg","datePublished":"2016-07-11T15:24:19+00:00","dateModified":"2018-11-19T15:38:29+00:00","description":"Victory Sculpture by Giorgos Georgiadis Collection Sculpture. Made from brass in dimensions 25 x 30 x 40 cm. A sculpture for the song of victory.","breadcrumb":{"@id":"https:\/\/ikastikos-kiklos.com\/en\/product\/%ce%b5%cf%80%ce%b9%ce%bd%ce%af%ce%ba%ce%b9%ce%bf\/#breadcrumb"},"inLanguage":"en-US","potentialAction":[{"@type":"ReadAction","target":["https:\/\/ikastikos-kiklos.com\/en\/product\/%ce%b5%cf%80%ce%b9%ce%bd%ce%af%ce%ba%ce%b9%ce%bf\/"]}]},{"@type":"ImageObject","inLanguage":"en-US","@id":"https:\/\/ikastikos-kiklos.com\/en\/product\/%ce%b5%cf%80%ce%b9%ce%bd%ce%af%ce%ba%ce%b9%ce%bf\/#primaryimage","url":"https:\/\/ikastikos-kiklos.com\/wp-content\/uploads\/2016\/07\/Epinikio-clist.jpg","contentUrl":"https:\/\/ikastikos-kiklos.com\/wp-content\/uploads\/2016\/07\/Epinikio-clist.jpg","width":300,"height":270,"caption":"\u0395\u03c0\u03b9\u03bd\u03af\u03ba\u03b9\u03bf \u0393\u03bb\u03c5\u03c0\u03c4\u03cc \u03b1\u03c0\u03cc \u03c4\u03bf\u03bd \u0393\u03b9\u03ce\u03c1\u03b3\u03bf \u0393\u03b5\u03c9\u03c1\u03b3\u03b9\u03ac\u03b4\u03b7 \u03a3\u03c5\u03bb\u03bb\u03bf\u03b3\u03ae \u0393\u03bb\u03c5\u03c0\u03c4\u03b9\u03ba\u03ae"},{"@type":"BreadcrumbList","@id":"https:\/\/ikastikos-kiklos.com\/en\/product\/%ce%b5%cf%80%ce%b9%ce%bd%ce%af%ce%ba%ce%b9%ce%bf\/#breadcrumb","itemListElement":[{"@type":"ListItem","position":1,"name":"Home","item":"https:\/\/ikastikos-kiklos.com\/en\/"},{"@type":"ListItem","position":2,"name":"\u0388\u03c1\u03b3\u03b1 \u03c4\u03ad\u03c7\u03bd\u03b7\u03c2","item":"https:\/\/ikastikos-kiklos.com\/%ce%ad%cf%81%ce%b3%ce%b1-%cf%84%ce%ad%cf%87%ce%bd%ce%b7%cf%82\/"},{"@type":"ListItem","position":3,"name":"Victory"}]},{"@type":"WebSite","@id":"https:\/\/ikastikos-kiklos.com\/en\/#website","url":"https:\/\/ikastikos-kiklos.com\/en\/","name":"Ikastikos Kiklos - Zografik\u00ed - Metaxotyp\u00edes - T\u00e9chniPainting - Silk Screen - Art","description":"","publisher":{"@id":"https:\/\/ikastikos-kiklos.com\/en\/#organization"},"potentialAction":[{"@type":"SearchAction","target":{"@type":"EntryPoint","urlTemplate":"https:\/\/ikastikos-kiklos.com\/en\/?s={search_term_string}"},"query-input":{"@type":"PropertyValueSpecification","valueRequired":true,"valueName":"search_term_string"}}],"inLanguage":"en-US"},{"@type":"Organization","@id":"https:\/\/ikastikos-kiklos.com\/en\/#organization","name":"Ikastikos Kiklos - Zografik\u00ed - Metaxotyp\u00edes - T\u00e9chniPainting - Silk Screen - Art","url":"https:\/\/ikastikos-kiklos.com\/en\/","logo":{"@type":"ImageObject","inLanguage":"en-US","@id":"https:\/\/ikastikos-kiklos.com\/en\/#\/schema\/logo\/image\/","url":"https:\/\/ikastikos-kiklos.com\/wp-content\/uploads\/2022\/10\/cropped-favicon_ikastikos.png","contentUrl":"https:\/\/ikastikos-kiklos.com\/wp-content\/uploads\/2022\/10\/cropped-favicon_ikastikos.png","width":512,"height":512,"caption":"Ikastikos Kiklos - Zografik\u00ed - Metaxotyp\u00edes - T\u00e9chniPainting - Silk Screen - Art"},"image":{"@id":"https:\/\/ikastikos-kiklos.com\/en\/#\/schema\/logo\/image\/"},"sameAs":["https:\/\/www.facebook.com\/ikastikoskiklossianti\/"]}]}},"_links":{"self":[{"href":"https:\/\/ikastikos-kiklos.com\/en\/wp-json\/wp\/v2\/product\/3636","targetHints":{"allow":["GET"]}}],"collection":[{"href":"https:\/\/ikastikos-kiklos.com\/en\/wp-json\/wp\/v2\/product"}],"about":[{"href":"https:\/\/ikastikos-kiklos.com\/en\/wp-json\/wp\/v2\/types\/product"}],"wp:featuredmedia":[{"embeddable":true,"href":"https:\/\/ikastikos-kiklos.com\/en\/wp-json\/wp\/v2\/media\/2033"}],"wp:attachment":[{"href":"https:\/\/ikastikos-kiklos.com\/en\/wp-json\/wp\/v2\/media?parent=3636"}],"wp:term":[{"taxonomy":"product_brand","embeddable":true,"href":"https:\/\/ikastikos-kiklos.com\/en\/wp-json\/wp\/v2\/product_brand?post=3636"},{"taxonomy":"product_cat","embeddable":true,"href":"https:\/\/ikastikos-kiklos.com\/en\/wp-json\/wp\/v2\/product_cat?post=3636"},{"taxonomy":"product_tag","embeddable":true,"href":"https:\/\/ikastikos-kiklos.com\/en\/wp-json\/wp\/v2\/product_tag?post=3636"}],"curies":[{"name":"wp","href":"https:\/\/api.w.org\/{rel}","templated":true}]}}