{"id":3611,"date":"2016-07-12T14:40:10","date_gmt":"2016-07-12T14:40:10","guid":{"rendered":"http:\/\/ikastikos-kiklos.com\/\u03c0\u03c1\u03bf\u03ca\u03cc\u03bd\/%ce%bb%ce%b5%ce%bc%ce%bf%ce%bd%ce%b9%ce%ac-2\/?lang=en"},"modified":"2019-06-26T13:13:28","modified_gmt":"2019-06-26T10:13:28","slug":"%ce%bb%ce%b5%ce%bc%ce%bf%ce%bd%ce%b9%ce%ac-2","status":"publish","type":"product","link":"https:\/\/ikastikos-kiklos.com\/en\/product\/%ce%bb%ce%b5%ce%bc%ce%bf%ce%bd%ce%b9%ce%ac-2\/","title":{"rendered":"Lemon Tree"},"content":{"rendered":"<p>&#8220;The era that has influenced me most is Byzantine, since I have dealt with it before since I was young, before the School of Fine Arts,&#8221; says Pavlos Samios and continues: &#8220;The French school has also given me a lot, I mean Impressionism. Since the twentieth century, Picasso was the first to startle me when I was 17. I think that I carry him inside me as a counterweight to where I have to go as an artist. I also owe a lot to my teacher, Nikos Nikolaou, who taught me to see the secrets of the ancient Greeks and Yannis Moralis, who taught me about light, the composition and all the little things of painting. Also in terms of modern art and its extensions. &#8221;<\/p>\n<p>Source elculture.gr<\/p>\n","protected":false},"excerpt":{"rendered":"<p>With the signature of\u00a0Pavlos Samios<\/p>\n","protected":false},"featured_media":2001,"template":"","meta":{"ngg_post_thumbnail":0},"product_brand":[],"product_cat":[402,1993,398,1987,2047],"product_tag":[2492,2414,2493,2511,2662,2654,2491,2271],"class_list":{"0":"post-3611","1":"product","2":"type-product","3":"status-publish","4":"has-post-thumbnail","6":"product_cat-art-objects","7":"product_cat-art-objects-shop","8":"product_cat-collections","9":"product_cat-eshop-en","10":"product_cat-wedding-gifts","11":"product_tag-corporate-gifts","12":"product_tag-lemon-tree","13":"product_tag-office-gifts","14":"product_tag-porcelain","15":"product_tag-samios-pavlos","16":"product_tag-visual-artist","17":"product_tag-wedding-gifts","18":"product_tag--en","19":"product_shipping_class-0-2kg","21":"first","22":"instock","23":"taxable","24":"shipping-taxable","25":"purchasable","26":"product-type-simple"},"yoast_head":"<!-- This site is optimized with the Yoast SEO plugin v27.4 - https:\/\/yoast.com\/product\/yoast-seo-wordpress\/ -->\n<title>Lemon Tree Plate by the Artist Pavlos Samios at Ikastikos Kiklos Sianti Gallery.<\/title>\n<meta name=\"description\" content=\"Lemon Tree Plate by the Artist Pavlos Samios at Ikastikos Kiklos Sianti Gallery. Made of porcelain with diameter 30 cm. A plate that could bring the scent of lemon a little bit closer to you.\" \/>\n<meta name=\"robots\" content=\"index, follow, max-snippet:-1, max-image-preview:large, max-video-preview:-1\" \/>\n<link rel=\"canonical\" href=\"https:\/\/ikastikos-kiklos.com\/en\/product\/\u03bb\u03b5\u03bc\u03bf\u03bd\u03b9\u03ac-2\/\" \/>\n<meta property=\"og:locale\" content=\"en_US\" \/>\n<meta property=\"og:type\" content=\"article\" \/>\n<meta property=\"og:title\" content=\"Lemon Tree Plate by the Artist Pavlos Samios at Ikastikos Kiklos Sianti Gallery.\" \/>\n<meta property=\"og:description\" content=\"Lemon Tree Plate by the Artist Pavlos Samios at Ikastikos Kiklos Sianti Gallery. Made of porcelain with diameter 30 cm. A plate that could bring the scent of lemon a little bit closer to you.\" \/>\n<meta property=\"og:url\" content=\"https:\/\/ikastikos-kiklos.com\/en\/product\/\u03bb\u03b5\u03bc\u03bf\u03bd\u03b9\u03ac-2\/\" \/>\n<meta property=\"og:site_name\" content=\"Ikastikos Kiklos - Zografik\u00ed - Metaxotyp\u00edes - T\u00e9chniPainting - Silk Screen - Art\" \/>\n<meta property=\"article:publisher\" content=\"https:\/\/www.facebook.com\/ikastikoskiklossianti\/\" \/>\n<meta property=\"article:modified_time\" content=\"2019-06-26T10:13:28+00:00\" \/>\n<meta property=\"og:image\" content=\"https:\/\/ikastikos-kiklos.com\/wp-content\/uploads\/2016\/07\/lemonia-normal.jpg\" \/>\n\t<meta property=\"og:image:width\" content=\"539\" \/>\n\t<meta property=\"og:image:height\" content=\"425\" \/>\n\t<meta property=\"og:image:type\" content=\"image\/jpeg\" \/>\n<meta name=\"twitter:card\" content=\"summary_large_image\" \/>\n<meta name=\"twitter:label1\" content=\"Est. reading time\" \/>\n\t<meta name=\"twitter:data1\" content=\"1 minute\" \/>\n<script type=\"application\/ld+json\" class=\"yoast-schema-graph\">{\"@context\":\"https:\\\/\\\/schema.org\",\"@graph\":[{\"@type\":\"WebPage\",\"@id\":\"https:\\\/\\\/ikastikos-kiklos.com\\\/en\\\/product\\\/%ce%bb%ce%b5%ce%bc%ce%bf%ce%bd%ce%b9%ce%ac-2\\\/\",\"url\":\"https:\\\/\\\/ikastikos-kiklos.com\\\/en\\\/product\\\/%ce%bb%ce%b5%ce%bc%ce%bf%ce%bd%ce%b9%ce%ac-2\\\/\",\"name\":\"Lemon Tree Plate by the Artist Pavlos Samios at Ikastikos Kiklos Sianti Gallery.\",\"isPartOf\":{\"@id\":\"https:\\\/\\\/ikastikos-kiklos.com\\\/en\\\/#website\"},\"primaryImageOfPage\":{\"@id\":\"https:\\\/\\\/ikastikos-kiklos.com\\\/en\\\/product\\\/%ce%bb%ce%b5%ce%bc%ce%bf%ce%bd%ce%b9%ce%ac-2\\\/#primaryimage\"},\"image\":{\"@id\":\"https:\\\/\\\/ikastikos-kiklos.com\\\/en\\\/product\\\/%ce%bb%ce%b5%ce%bc%ce%bf%ce%bd%ce%b9%ce%ac-2\\\/#primaryimage\"},\"thumbnailUrl\":\"https:\\\/\\\/ikastikos-kiklos.com\\\/wp-content\\\/uploads\\\/2016\\\/07\\\/lemonia-normal.jpg\",\"datePublished\":\"2016-07-12T14:40:10+00:00\",\"dateModified\":\"2019-06-26T10:13:28+00:00\",\"description\":\"Lemon Tree Plate by the Artist Pavlos Samios at Ikastikos Kiklos Sianti Gallery. Made of porcelain with diameter 30 cm. A plate that could bring the scent of lemon a little bit closer to you.\",\"breadcrumb\":{\"@id\":\"https:\\\/\\\/ikastikos-kiklos.com\\\/en\\\/product\\\/%ce%bb%ce%b5%ce%bc%ce%bf%ce%bd%ce%b9%ce%ac-2\\\/#breadcrumb\"},\"inLanguage\":\"en-US\",\"potentialAction\":[{\"@type\":\"ReadAction\",\"target\":[\"https:\\\/\\\/ikastikos-kiklos.com\\\/en\\\/product\\\/%ce%bb%ce%b5%ce%bc%ce%bf%ce%bd%ce%b9%ce%ac-2\\\/\"]}]},{\"@type\":\"ImageObject\",\"inLanguage\":\"en-US\",\"@id\":\"https:\\\/\\\/ikastikos-kiklos.com\\\/en\\\/product\\\/%ce%bb%ce%b5%ce%bc%ce%bf%ce%bd%ce%b9%ce%ac-2\\\/#primaryimage\",\"url\":\"https:\\\/\\\/ikastikos-kiklos.com\\\/wp-content\\\/uploads\\\/2016\\\/07\\\/lemonia-normal.jpg\",\"contentUrl\":\"https:\\\/\\\/ikastikos-kiklos.com\\\/wp-content\\\/uploads\\\/2016\\\/07\\\/lemonia-normal.jpg\",\"width\":539,\"height\":425,\"caption\":\"\u03a0\u03b9\u03ac\u03c4\u03bf \\\"\u039b\u03b5\u03bc\u03bf\u03bd\u03b9\u03ac\\\" \u03b1\u03c0\u03cc \u03c4\u03bf\u03bd \u0395\u03b9\u03ba\u03b1\u03c3\u03c4\u03b9\u03ba\u03cc \u03a0\u03b1\u03cd\u03bb\u03bf \u03a3\u03ac\u03bc\u03b9\u03bf\"},{\"@type\":\"BreadcrumbList\",\"@id\":\"https:\\\/\\\/ikastikos-kiklos.com\\\/en\\\/product\\\/%ce%bb%ce%b5%ce%bc%ce%bf%ce%bd%ce%b9%ce%ac-2\\\/#breadcrumb\",\"itemListElement\":[{\"@type\":\"ListItem\",\"position\":1,\"name\":\"Home\",\"item\":\"https:\\\/\\\/ikastikos-kiklos.com\\\/en\\\/\"},{\"@type\":\"ListItem\",\"position\":2,\"name\":\"\u0388\u03c1\u03b3\u03b1 \u03c4\u03ad\u03c7\u03bd\u03b7\u03c2\",\"item\":\"https:\\\/\\\/ikastikos-kiklos.com\\\/%ce%ad%cf%81%ce%b3%ce%b1-%cf%84%ce%ad%cf%87%ce%bd%ce%b7%cf%82\\\/\"},{\"@type\":\"ListItem\",\"position\":3,\"name\":\"Lemon Tree\"}]},{\"@type\":\"WebSite\",\"@id\":\"https:\\\/\\\/ikastikos-kiklos.com\\\/en\\\/#website\",\"url\":\"https:\\\/\\\/ikastikos-kiklos.com\\\/en\\\/\",\"name\":\"Ikastikos Kiklos - Zografik\u00ed - Metaxotyp\u00edes - T\u00e9chniPainting - Silk Screen - Art\",\"description\":\"\",\"publisher\":{\"@id\":\"https:\\\/\\\/ikastikos-kiklos.com\\\/en\\\/#organization\"},\"potentialAction\":[{\"@type\":\"SearchAction\",\"target\":{\"@type\":\"EntryPoint\",\"urlTemplate\":\"https:\\\/\\\/ikastikos-kiklos.com\\\/en\\\/?s={search_term_string}\"},\"query-input\":{\"@type\":\"PropertyValueSpecification\",\"valueRequired\":true,\"valueName\":\"search_term_string\"}}],\"inLanguage\":\"en-US\"},{\"@type\":\"Organization\",\"@id\":\"https:\\\/\\\/ikastikos-kiklos.com\\\/en\\\/#organization\",\"name\":\"Ikastikos Kiklos - Zografik\u00ed - Metaxotyp\u00edes - T\u00e9chniPainting - Silk Screen - Art\",\"url\":\"https:\\\/\\\/ikastikos-kiklos.com\\\/en\\\/\",\"logo\":{\"@type\":\"ImageObject\",\"inLanguage\":\"en-US\",\"@id\":\"https:\\\/\\\/ikastikos-kiklos.com\\\/en\\\/#\\\/schema\\\/logo\\\/image\\\/\",\"url\":\"https:\\\/\\\/ikastikos-kiklos.com\\\/wp-content\\\/uploads\\\/2022\\\/10\\\/cropped-favicon_ikastikos.png\",\"contentUrl\":\"https:\\\/\\\/ikastikos-kiklos.com\\\/wp-content\\\/uploads\\\/2022\\\/10\\\/cropped-favicon_ikastikos.png\",\"width\":512,\"height\":512,\"caption\":\"Ikastikos Kiklos - Zografik\u00ed - Metaxotyp\u00edes - T\u00e9chniPainting - Silk Screen - Art\"},\"image\":{\"@id\":\"https:\\\/\\\/ikastikos-kiklos.com\\\/en\\\/#\\\/schema\\\/logo\\\/image\\\/\"},\"sameAs\":[\"https:\\\/\\\/www.facebook.com\\\/ikastikoskiklossianti\\\/\"]}]}<\/script>\n<!-- \/ Yoast SEO plugin. -->","yoast_head_json":{"title":"Lemon Tree Plate by the Artist Pavlos Samios at Ikastikos Kiklos Sianti Gallery.","description":"Lemon Tree Plate by the Artist Pavlos Samios at Ikastikos Kiklos Sianti Gallery. Made of porcelain with diameter 30 cm. A plate that could bring the scent of lemon a little bit closer to you.","robots":{"index":"index","follow":"follow","max-snippet":"max-snippet:-1","max-image-preview":"max-image-preview:large","max-video-preview":"max-video-preview:-1"},"canonical":"https:\/\/ikastikos-kiklos.com\/en\/product\/\u03bb\u03b5\u03bc\u03bf\u03bd\u03b9\u03ac-2\/","og_locale":"en_US","og_type":"article","og_title":"Lemon Tree Plate by the Artist Pavlos Samios at Ikastikos Kiklos Sianti Gallery.","og_description":"Lemon Tree Plate by the Artist Pavlos Samios at Ikastikos Kiklos Sianti Gallery. Made of porcelain with diameter 30 cm. A plate that could bring the scent of lemon a little bit closer to you.","og_url":"https:\/\/ikastikos-kiklos.com\/en\/product\/\u03bb\u03b5\u03bc\u03bf\u03bd\u03b9\u03ac-2\/","og_site_name":"Ikastikos Kiklos - Zografik\u00ed - Metaxotyp\u00edes - T\u00e9chniPainting - Silk Screen - Art","article_publisher":"https:\/\/www.facebook.com\/ikastikoskiklossianti\/","article_modified_time":"2019-06-26T10:13:28+00:00","og_image":[{"width":539,"height":425,"url":"https:\/\/ikastikos-kiklos.com\/wp-content\/uploads\/2016\/07\/lemonia-normal.jpg","type":"image\/jpeg"}],"twitter_card":"summary_large_image","twitter_misc":{"Est. reading time":"1 minute"},"schema":{"@context":"https:\/\/schema.org","@graph":[{"@type":"WebPage","@id":"https:\/\/ikastikos-kiklos.com\/en\/product\/%ce%bb%ce%b5%ce%bc%ce%bf%ce%bd%ce%b9%ce%ac-2\/","url":"https:\/\/ikastikos-kiklos.com\/en\/product\/%ce%bb%ce%b5%ce%bc%ce%bf%ce%bd%ce%b9%ce%ac-2\/","name":"Lemon Tree Plate by the Artist Pavlos Samios at Ikastikos Kiklos Sianti Gallery.","isPartOf":{"@id":"https:\/\/ikastikos-kiklos.com\/en\/#website"},"primaryImageOfPage":{"@id":"https:\/\/ikastikos-kiklos.com\/en\/product\/%ce%bb%ce%b5%ce%bc%ce%bf%ce%bd%ce%b9%ce%ac-2\/#primaryimage"},"image":{"@id":"https:\/\/ikastikos-kiklos.com\/en\/product\/%ce%bb%ce%b5%ce%bc%ce%bf%ce%bd%ce%b9%ce%ac-2\/#primaryimage"},"thumbnailUrl":"https:\/\/ikastikos-kiklos.com\/wp-content\/uploads\/2016\/07\/lemonia-normal.jpg","datePublished":"2016-07-12T14:40:10+00:00","dateModified":"2019-06-26T10:13:28+00:00","description":"Lemon Tree Plate by the Artist Pavlos Samios at Ikastikos Kiklos Sianti Gallery. Made of porcelain with diameter 30 cm. A plate that could bring the scent of lemon a little bit closer to you.","breadcrumb":{"@id":"https:\/\/ikastikos-kiklos.com\/en\/product\/%ce%bb%ce%b5%ce%bc%ce%bf%ce%bd%ce%b9%ce%ac-2\/#breadcrumb"},"inLanguage":"en-US","potentialAction":[{"@type":"ReadAction","target":["https:\/\/ikastikos-kiklos.com\/en\/product\/%ce%bb%ce%b5%ce%bc%ce%bf%ce%bd%ce%b9%ce%ac-2\/"]}]},{"@type":"ImageObject","inLanguage":"en-US","@id":"https:\/\/ikastikos-kiklos.com\/en\/product\/%ce%bb%ce%b5%ce%bc%ce%bf%ce%bd%ce%b9%ce%ac-2\/#primaryimage","url":"https:\/\/ikastikos-kiklos.com\/wp-content\/uploads\/2016\/07\/lemonia-normal.jpg","contentUrl":"https:\/\/ikastikos-kiklos.com\/wp-content\/uploads\/2016\/07\/lemonia-normal.jpg","width":539,"height":425,"caption":"\u03a0\u03b9\u03ac\u03c4\u03bf \"\u039b\u03b5\u03bc\u03bf\u03bd\u03b9\u03ac\" \u03b1\u03c0\u03cc \u03c4\u03bf\u03bd \u0395\u03b9\u03ba\u03b1\u03c3\u03c4\u03b9\u03ba\u03cc \u03a0\u03b1\u03cd\u03bb\u03bf \u03a3\u03ac\u03bc\u03b9\u03bf"},{"@type":"BreadcrumbList","@id":"https:\/\/ikastikos-kiklos.com\/en\/product\/%ce%bb%ce%b5%ce%bc%ce%bf%ce%bd%ce%b9%ce%ac-2\/#breadcrumb","itemListElement":[{"@type":"ListItem","position":1,"name":"Home","item":"https:\/\/ikastikos-kiklos.com\/en\/"},{"@type":"ListItem","position":2,"name":"\u0388\u03c1\u03b3\u03b1 \u03c4\u03ad\u03c7\u03bd\u03b7\u03c2","item":"https:\/\/ikastikos-kiklos.com\/%ce%ad%cf%81%ce%b3%ce%b1-%cf%84%ce%ad%cf%87%ce%bd%ce%b7%cf%82\/"},{"@type":"ListItem","position":3,"name":"Lemon Tree"}]},{"@type":"WebSite","@id":"https:\/\/ikastikos-kiklos.com\/en\/#website","url":"https:\/\/ikastikos-kiklos.com\/en\/","name":"Ikastikos Kiklos - Zografik\u00ed - Metaxotyp\u00edes - T\u00e9chniPainting - Silk Screen - Art","description":"","publisher":{"@id":"https:\/\/ikastikos-kiklos.com\/en\/#organization"},"potentialAction":[{"@type":"SearchAction","target":{"@type":"EntryPoint","urlTemplate":"https:\/\/ikastikos-kiklos.com\/en\/?s={search_term_string}"},"query-input":{"@type":"PropertyValueSpecification","valueRequired":true,"valueName":"search_term_string"}}],"inLanguage":"en-US"},{"@type":"Organization","@id":"https:\/\/ikastikos-kiklos.com\/en\/#organization","name":"Ikastikos Kiklos - Zografik\u00ed - Metaxotyp\u00edes - T\u00e9chniPainting - Silk Screen - Art","url":"https:\/\/ikastikos-kiklos.com\/en\/","logo":{"@type":"ImageObject","inLanguage":"en-US","@id":"https:\/\/ikastikos-kiklos.com\/en\/#\/schema\/logo\/image\/","url":"https:\/\/ikastikos-kiklos.com\/wp-content\/uploads\/2022\/10\/cropped-favicon_ikastikos.png","contentUrl":"https:\/\/ikastikos-kiklos.com\/wp-content\/uploads\/2022\/10\/cropped-favicon_ikastikos.png","width":512,"height":512,"caption":"Ikastikos Kiklos - Zografik\u00ed - Metaxotyp\u00edes - T\u00e9chniPainting - Silk Screen - Art"},"image":{"@id":"https:\/\/ikastikos-kiklos.com\/en\/#\/schema\/logo\/image\/"},"sameAs":["https:\/\/www.facebook.com\/ikastikoskiklossianti\/"]}]}},"_links":{"self":[{"href":"https:\/\/ikastikos-kiklos.com\/en\/wp-json\/wp\/v2\/product\/3611","targetHints":{"allow":["GET"]}}],"collection":[{"href":"https:\/\/ikastikos-kiklos.com\/en\/wp-json\/wp\/v2\/product"}],"about":[{"href":"https:\/\/ikastikos-kiklos.com\/en\/wp-json\/wp\/v2\/types\/product"}],"wp:featuredmedia":[{"embeddable":true,"href":"https:\/\/ikastikos-kiklos.com\/en\/wp-json\/wp\/v2\/media\/2001"}],"wp:attachment":[{"href":"https:\/\/ikastikos-kiklos.com\/en\/wp-json\/wp\/v2\/media?parent=3611"}],"wp:term":[{"taxonomy":"product_brand","embeddable":true,"href":"https:\/\/ikastikos-kiklos.com\/en\/wp-json\/wp\/v2\/product_brand?post=3611"},{"taxonomy":"product_cat","embeddable":true,"href":"https:\/\/ikastikos-kiklos.com\/en\/wp-json\/wp\/v2\/product_cat?post=3611"},{"taxonomy":"product_tag","embeddable":true,"href":"https:\/\/ikastikos-kiklos.com\/en\/wp-json\/wp\/v2\/product_tag?post=3611"}],"curies":[{"name":"wp","href":"https:\/\/api.w.org\/{rel}","templated":true}]}}