{"id":3609,"date":"2016-07-12T14:34:03","date_gmt":"2016-07-12T14:34:03","guid":{"rendered":"http:\/\/ikastikos-kiklos.com\/\u03c0\u03c1\u03bf\u03ca\u03cc\u03bd\/%cf%80%ce%b9%ce%b1%cf%84%ce%ad%ce%bb%ce%b1\/?lang=en"},"modified":"2019-06-26T12:46:04","modified_gmt":"2019-06-26T09:46:04","slug":"%cf%80%ce%b9%ce%b1%cf%84%ce%ad%ce%bb%ce%b1","status":"publish","type":"product","link":"https:\/\/ikastikos-kiklos.com\/en\/product\/%cf%80%ce%b9%ce%b1%cf%84%ce%ad%ce%bb%ce%b1\/","title":{"rendered":"Platter"},"content":{"rendered":"<p>Exoticism is in expectation, and landscaping work describes the departure or view from a distant distance of the expected place.<\/p>\n<p>The horizon, the references to the nearby and the distant, the hint, the description, or the memory, do not depict-illustrate but serve differently each time, the artist&#8217;s goal.<\/p>\n<p>Source culturenow.gr<\/p>\n","protected":false},"excerpt":{"rendered":"<p>.<\/p>\n","protected":false},"featured_media":1994,"template":"","meta":{"ngg_post_thumbnail":0},"product_brand":[],"product_cat":[402,398,2047],"product_tag":[3051,2492,2250,2493,2641,2511,2737,2647,2654,2491,2270],"class_list":{"0":"post-3609","1":"product","2":"type-product","3":"status-publish","4":"has-post-thumbnail","6":"product_cat-art-objects","7":"product_cat-collections","8":"product_cat-wedding-gifts","9":"product_tag-art-objects-en","10":"product_tag-corporate-gifts","11":"product_tag-manolis-charos-en","12":"product_tag-office-gifts","13":"product_tag-painter","14":"product_tag-porcelain","15":"product_tag-spring","16":"product_tag-table","17":"product_tag-visual-artist","18":"product_tag-wedding-gifts","19":"product_tag--en","21":"first","22":"instock","23":"taxable","24":"shipping-taxable","25":"purchasable","26":"product-type-simple"},"yoast_head":"<!-- This site is optimized with the Yoast SEO plugin v27.2 - https:\/\/yoast.com\/product\/yoast-seo-wordpress\/ -->\n<title>Platter Painted by the Painter Manolis Charos.<\/title>\n<meta name=\"description\" content=\"Platter Painted by the Painter Manolis Charos. Made of porcelain in dimensions 25 x 14 cm. This could be spring on your table.\" \/>\n<meta name=\"robots\" content=\"index, follow, max-snippet:-1, max-image-preview:large, max-video-preview:-1\" \/>\n<link rel=\"canonical\" href=\"https:\/\/ikastikos-kiklos.com\/en\/product\/\u03c0\u03b9\u03b1\u03c4\u03ad\u03bb\u03b1\/\" \/>\n<meta property=\"og:locale\" content=\"en_US\" \/>\n<meta property=\"og:type\" content=\"article\" \/>\n<meta property=\"og:title\" content=\"Platter Painted by the Painter Manolis Charos.\" \/>\n<meta property=\"og:description\" content=\"Platter Painted by the Painter Manolis Charos. Made of porcelain in dimensions 25 x 14 cm. This could be spring on your table.\" \/>\n<meta property=\"og:url\" content=\"https:\/\/ikastikos-kiklos.com\/en\/product\/\u03c0\u03b9\u03b1\u03c4\u03ad\u03bb\u03b1\/\" \/>\n<meta property=\"og:site_name\" content=\"Ikastikos Kiklos - Zografik\u00ed - Metaxotyp\u00edes - T\u00e9chniPainting - Silk Screen - Art\" \/>\n<meta property=\"article:publisher\" content=\"https:\/\/www.facebook.com\/ikastikoskiklossianti\/\" \/>\n<meta property=\"article:modified_time\" content=\"2019-06-26T09:46:04+00:00\" \/>\n<meta property=\"og:image\" content=\"https:\/\/ikastikos-kiklos.com\/wp-content\/uploads\/2016\/07\/piatela-normal.jpg\" \/>\n\t<meta property=\"og:image:width\" content=\"620\" \/>\n\t<meta property=\"og:image:height\" content=\"411\" \/>\n\t<meta property=\"og:image:type\" content=\"image\/jpeg\" \/>\n<meta name=\"twitter:card\" content=\"summary_large_image\" \/>\n<script type=\"application\/ld+json\" class=\"yoast-schema-graph\">{\"@context\":\"https:\/\/schema.org\",\"@graph\":[{\"@type\":\"WebPage\",\"@id\":\"https:\/\/ikastikos-kiklos.com\/en\/product\/%cf%80%ce%b9%ce%b1%cf%84%ce%ad%ce%bb%ce%b1\/\",\"url\":\"https:\/\/ikastikos-kiklos.com\/en\/product\/%cf%80%ce%b9%ce%b1%cf%84%ce%ad%ce%bb%ce%b1\/\",\"name\":\"Platter Painted by the Painter Manolis Charos.\",\"isPartOf\":{\"@id\":\"https:\/\/ikastikos-kiklos.com\/en\/#website\"},\"primaryImageOfPage\":{\"@id\":\"https:\/\/ikastikos-kiklos.com\/en\/product\/%cf%80%ce%b9%ce%b1%cf%84%ce%ad%ce%bb%ce%b1\/#primaryimage\"},\"image\":{\"@id\":\"https:\/\/ikastikos-kiklos.com\/en\/product\/%cf%80%ce%b9%ce%b1%cf%84%ce%ad%ce%bb%ce%b1\/#primaryimage\"},\"thumbnailUrl\":\"https:\/\/ikastikos-kiklos.com\/wp-content\/uploads\/2016\/07\/piatela-normal.jpg\",\"datePublished\":\"2016-07-12T14:34:03+00:00\",\"dateModified\":\"2019-06-26T09:46:04+00:00\",\"description\":\"Platter Painted by the Painter Manolis Charos. Made of porcelain in dimensions 25 x 14 cm. This could be spring on your table.\",\"breadcrumb\":{\"@id\":\"https:\/\/ikastikos-kiklos.com\/en\/product\/%cf%80%ce%b9%ce%b1%cf%84%ce%ad%ce%bb%ce%b1\/#breadcrumb\"},\"inLanguage\":\"en-US\",\"potentialAction\":[{\"@type\":\"ReadAction\",\"target\":[\"https:\/\/ikastikos-kiklos.com\/en\/product\/%cf%80%ce%b9%ce%b1%cf%84%ce%ad%ce%bb%ce%b1\/\"]}]},{\"@type\":\"ImageObject\",\"inLanguage\":\"en-US\",\"@id\":\"https:\/\/ikastikos-kiklos.com\/en\/product\/%cf%80%ce%b9%ce%b1%cf%84%ce%ad%ce%bb%ce%b1\/#primaryimage\",\"url\":\"https:\/\/ikastikos-kiklos.com\/wp-content\/uploads\/2016\/07\/piatela-normal.jpg\",\"contentUrl\":\"https:\/\/ikastikos-kiklos.com\/wp-content\/uploads\/2016\/07\/piatela-normal.jpg\",\"width\":620,\"height\":411,\"caption\":\"\u03a0\u03b9\u03b1\u03c4\u03ad\u03bb\u03b1 \u0391\u03bd\u03c4\u03b9\u03ba\u03b5\u03af\u03bc\u03b5\u03bd\u03bf \u03a4\u03ad\u03c7\u03bd\u03b7\u03c2 \u03b1\u03c0\u03cc \u03c4\u03bf \u0396\u03c9\u03b3\u03c1\u03ac\u03c6\u03bf \u039c\u03b1\u03bd\u03ce\u03bb\u03b7 \u03a7\u03ac\u03c1\u03bf\"},{\"@type\":\"BreadcrumbList\",\"@id\":\"https:\/\/ikastikos-kiklos.com\/en\/product\/%cf%80%ce%b9%ce%b1%cf%84%ce%ad%ce%bb%ce%b1\/#breadcrumb\",\"itemListElement\":[{\"@type\":\"ListItem\",\"position\":1,\"name\":\"Home\",\"item\":\"https:\/\/ikastikos-kiklos.com\/en\/\"},{\"@type\":\"ListItem\",\"position\":2,\"name\":\"\u0388\u03c1\u03b3\u03b1 \u03c4\u03ad\u03c7\u03bd\u03b7\u03c2\",\"item\":\"https:\/\/ikastikos-kiklos.com\/%ce%ad%cf%81%ce%b3%ce%b1-%cf%84%ce%ad%cf%87%ce%bd%ce%b7%cf%82\/\"},{\"@type\":\"ListItem\",\"position\":3,\"name\":\"Platter\"}]},{\"@type\":\"WebSite\",\"@id\":\"https:\/\/ikastikos-kiklos.com\/en\/#website\",\"url\":\"https:\/\/ikastikos-kiklos.com\/en\/\",\"name\":\"Ikastikos Kiklos - Zografik\u00ed - Metaxotyp\u00edes - T\u00e9chniPainting - Silk Screen - Art\",\"description\":\"\",\"publisher\":{\"@id\":\"https:\/\/ikastikos-kiklos.com\/en\/#organization\"},\"potentialAction\":[{\"@type\":\"SearchAction\",\"target\":{\"@type\":\"EntryPoint\",\"urlTemplate\":\"https:\/\/ikastikos-kiklos.com\/en\/?s={search_term_string}\"},\"query-input\":{\"@type\":\"PropertyValueSpecification\",\"valueRequired\":true,\"valueName\":\"search_term_string\"}}],\"inLanguage\":\"en-US\"},{\"@type\":\"Organization\",\"@id\":\"https:\/\/ikastikos-kiklos.com\/en\/#organization\",\"name\":\"Ikastikos Kiklos - Zografik\u00ed - Metaxotyp\u00edes - T\u00e9chniPainting - Silk Screen - Art\",\"url\":\"https:\/\/ikastikos-kiklos.com\/en\/\",\"logo\":{\"@type\":\"ImageObject\",\"inLanguage\":\"en-US\",\"@id\":\"https:\/\/ikastikos-kiklos.com\/en\/#\/schema\/logo\/image\/\",\"url\":\"https:\/\/ikastikos-kiklos.com\/wp-content\/uploads\/2022\/10\/cropped-favicon_ikastikos.png\",\"contentUrl\":\"https:\/\/ikastikos-kiklos.com\/wp-content\/uploads\/2022\/10\/cropped-favicon_ikastikos.png\",\"width\":512,\"height\":512,\"caption\":\"Ikastikos Kiklos - Zografik\u00ed - Metaxotyp\u00edes - T\u00e9chniPainting - Silk Screen - Art\"},\"image\":{\"@id\":\"https:\/\/ikastikos-kiklos.com\/en\/#\/schema\/logo\/image\/\"},\"sameAs\":[\"https:\/\/www.facebook.com\/ikastikoskiklossianti\/\"]}]}<\/script>\n<!-- \/ Yoast SEO plugin. -->","yoast_head_json":{"title":"Platter Painted by the Painter Manolis Charos.","description":"Platter Painted by the Painter Manolis Charos. Made of porcelain in dimensions 25 x 14 cm. This could be spring on your table.","robots":{"index":"index","follow":"follow","max-snippet":"max-snippet:-1","max-image-preview":"max-image-preview:large","max-video-preview":"max-video-preview:-1"},"canonical":"https:\/\/ikastikos-kiklos.com\/en\/product\/\u03c0\u03b9\u03b1\u03c4\u03ad\u03bb\u03b1\/","og_locale":"en_US","og_type":"article","og_title":"Platter Painted by the Painter Manolis Charos.","og_description":"Platter Painted by the Painter Manolis Charos. Made of porcelain in dimensions 25 x 14 cm. This could be spring on your table.","og_url":"https:\/\/ikastikos-kiklos.com\/en\/product\/\u03c0\u03b9\u03b1\u03c4\u03ad\u03bb\u03b1\/","og_site_name":"Ikastikos Kiklos - Zografik\u00ed - Metaxotyp\u00edes - T\u00e9chniPainting - Silk Screen - Art","article_publisher":"https:\/\/www.facebook.com\/ikastikoskiklossianti\/","article_modified_time":"2019-06-26T09:46:04+00:00","og_image":[{"width":620,"height":411,"url":"https:\/\/ikastikos-kiklos.com\/wp-content\/uploads\/2016\/07\/piatela-normal.jpg","type":"image\/jpeg"}],"twitter_card":"summary_large_image","schema":{"@context":"https:\/\/schema.org","@graph":[{"@type":"WebPage","@id":"https:\/\/ikastikos-kiklos.com\/en\/product\/%cf%80%ce%b9%ce%b1%cf%84%ce%ad%ce%bb%ce%b1\/","url":"https:\/\/ikastikos-kiklos.com\/en\/product\/%cf%80%ce%b9%ce%b1%cf%84%ce%ad%ce%bb%ce%b1\/","name":"Platter Painted by the Painter Manolis Charos.","isPartOf":{"@id":"https:\/\/ikastikos-kiklos.com\/en\/#website"},"primaryImageOfPage":{"@id":"https:\/\/ikastikos-kiklos.com\/en\/product\/%cf%80%ce%b9%ce%b1%cf%84%ce%ad%ce%bb%ce%b1\/#primaryimage"},"image":{"@id":"https:\/\/ikastikos-kiklos.com\/en\/product\/%cf%80%ce%b9%ce%b1%cf%84%ce%ad%ce%bb%ce%b1\/#primaryimage"},"thumbnailUrl":"https:\/\/ikastikos-kiklos.com\/wp-content\/uploads\/2016\/07\/piatela-normal.jpg","datePublished":"2016-07-12T14:34:03+00:00","dateModified":"2019-06-26T09:46:04+00:00","description":"Platter Painted by the Painter Manolis Charos. Made of porcelain in dimensions 25 x 14 cm. This could be spring on your table.","breadcrumb":{"@id":"https:\/\/ikastikos-kiklos.com\/en\/product\/%cf%80%ce%b9%ce%b1%cf%84%ce%ad%ce%bb%ce%b1\/#breadcrumb"},"inLanguage":"en-US","potentialAction":[{"@type":"ReadAction","target":["https:\/\/ikastikos-kiklos.com\/en\/product\/%cf%80%ce%b9%ce%b1%cf%84%ce%ad%ce%bb%ce%b1\/"]}]},{"@type":"ImageObject","inLanguage":"en-US","@id":"https:\/\/ikastikos-kiklos.com\/en\/product\/%cf%80%ce%b9%ce%b1%cf%84%ce%ad%ce%bb%ce%b1\/#primaryimage","url":"https:\/\/ikastikos-kiklos.com\/wp-content\/uploads\/2016\/07\/piatela-normal.jpg","contentUrl":"https:\/\/ikastikos-kiklos.com\/wp-content\/uploads\/2016\/07\/piatela-normal.jpg","width":620,"height":411,"caption":"\u03a0\u03b9\u03b1\u03c4\u03ad\u03bb\u03b1 \u0391\u03bd\u03c4\u03b9\u03ba\u03b5\u03af\u03bc\u03b5\u03bd\u03bf \u03a4\u03ad\u03c7\u03bd\u03b7\u03c2 \u03b1\u03c0\u03cc \u03c4\u03bf \u0396\u03c9\u03b3\u03c1\u03ac\u03c6\u03bf \u039c\u03b1\u03bd\u03ce\u03bb\u03b7 \u03a7\u03ac\u03c1\u03bf"},{"@type":"BreadcrumbList","@id":"https:\/\/ikastikos-kiklos.com\/en\/product\/%cf%80%ce%b9%ce%b1%cf%84%ce%ad%ce%bb%ce%b1\/#breadcrumb","itemListElement":[{"@type":"ListItem","position":1,"name":"Home","item":"https:\/\/ikastikos-kiklos.com\/en\/"},{"@type":"ListItem","position":2,"name":"\u0388\u03c1\u03b3\u03b1 \u03c4\u03ad\u03c7\u03bd\u03b7\u03c2","item":"https:\/\/ikastikos-kiklos.com\/%ce%ad%cf%81%ce%b3%ce%b1-%cf%84%ce%ad%cf%87%ce%bd%ce%b7%cf%82\/"},{"@type":"ListItem","position":3,"name":"Platter"}]},{"@type":"WebSite","@id":"https:\/\/ikastikos-kiklos.com\/en\/#website","url":"https:\/\/ikastikos-kiklos.com\/en\/","name":"Ikastikos Kiklos - Zografik\u00ed - Metaxotyp\u00edes - T\u00e9chniPainting - Silk Screen - Art","description":"","publisher":{"@id":"https:\/\/ikastikos-kiklos.com\/en\/#organization"},"potentialAction":[{"@type":"SearchAction","target":{"@type":"EntryPoint","urlTemplate":"https:\/\/ikastikos-kiklos.com\/en\/?s={search_term_string}"},"query-input":{"@type":"PropertyValueSpecification","valueRequired":true,"valueName":"search_term_string"}}],"inLanguage":"en-US"},{"@type":"Organization","@id":"https:\/\/ikastikos-kiklos.com\/en\/#organization","name":"Ikastikos Kiklos - Zografik\u00ed - Metaxotyp\u00edes - T\u00e9chniPainting - Silk Screen - Art","url":"https:\/\/ikastikos-kiklos.com\/en\/","logo":{"@type":"ImageObject","inLanguage":"en-US","@id":"https:\/\/ikastikos-kiklos.com\/en\/#\/schema\/logo\/image\/","url":"https:\/\/ikastikos-kiklos.com\/wp-content\/uploads\/2022\/10\/cropped-favicon_ikastikos.png","contentUrl":"https:\/\/ikastikos-kiklos.com\/wp-content\/uploads\/2022\/10\/cropped-favicon_ikastikos.png","width":512,"height":512,"caption":"Ikastikos Kiklos - Zografik\u00ed - Metaxotyp\u00edes - T\u00e9chniPainting - Silk Screen - Art"},"image":{"@id":"https:\/\/ikastikos-kiklos.com\/en\/#\/schema\/logo\/image\/"},"sameAs":["https:\/\/www.facebook.com\/ikastikoskiklossianti\/"]}]}},"_links":{"self":[{"href":"https:\/\/ikastikos-kiklos.com\/en\/wp-json\/wp\/v2\/product\/3609","targetHints":{"allow":["GET"]}}],"collection":[{"href":"https:\/\/ikastikos-kiklos.com\/en\/wp-json\/wp\/v2\/product"}],"about":[{"href":"https:\/\/ikastikos-kiklos.com\/en\/wp-json\/wp\/v2\/types\/product"}],"wp:featuredmedia":[{"embeddable":true,"href":"https:\/\/ikastikos-kiklos.com\/en\/wp-json\/wp\/v2\/media\/1994"}],"wp:attachment":[{"href":"https:\/\/ikastikos-kiklos.com\/en\/wp-json\/wp\/v2\/media?parent=3609"}],"wp:term":[{"taxonomy":"product_brand","embeddable":true,"href":"https:\/\/ikastikos-kiklos.com\/en\/wp-json\/wp\/v2\/product_brand?post=3609"},{"taxonomy":"product_cat","embeddable":true,"href":"https:\/\/ikastikos-kiklos.com\/en\/wp-json\/wp\/v2\/product_cat?post=3609"},{"taxonomy":"product_tag","embeddable":true,"href":"https:\/\/ikastikos-kiklos.com\/en\/wp-json\/wp\/v2\/product_tag?post=3609"}],"curies":[{"name":"wp","href":"https:\/\/api.w.org\/{rel}","templated":true}]}}