{"id":3603,"date":"2016-09-09T12:13:14","date_gmt":"2016-09-09T12:13:14","guid":{"rendered":"http:\/\/ikastikos-kiklos.com\/\u03c0\u03c1\u03bf\u03ca\u03cc\u03bd\/%ce%b8%ce%ac%ce%bb%ce%b1%cf%83%cf%83%ce%b1-4\/?lang=en"},"modified":"2019-08-16T17:28:00","modified_gmt":"2019-08-16T14:28:00","slug":"%ce%b8%ce%ac%ce%bb%ce%b1%cf%83%cf%83%ce%b1-4","status":"publish","type":"product","link":"https:\/\/ikastikos-kiklos.com\/en\/product\/%ce%b8%ce%ac%ce%bb%ce%b1%cf%83%cf%83%ce%b1-4\/","title":{"rendered":"Sea"},"content":{"rendered":"<p>\u03a4his painting is governed by a characteristic eloquent code of symbols, which in front of our eyes leave the hand of the creator and grab our own. The ship, the tree, the flower, the road, the sea, the house and the man wake up early in the artist&#8217;s personal &#8220;Arkadia&#8221; to travel to our personal and collective subconscious, emphasizing the closeness of the eye to the meaning of a familiar a dream and desire dream.<\/p>\n<p>Source fougaro.gr<\/p>\n<p>&nbsp;<\/p>\n","protected":false},"excerpt":{"rendered":"<p>.<\/p>\n","protected":false},"featured_media":2530,"template":"","meta":{"ngg_post_thumbnail":0},"product_brand":[],"product_cat":[402,398,2047],"product_tag":[2250,2641,1155,2475],"class_list":{"0":"post-3603","1":"product","2":"type-product","3":"status-publish","4":"has-post-thumbnail","6":"product_cat-art-objects","7":"product_cat-collections","8":"product_cat-wedding-gifts","9":"product_tag-manolis-charos-en","10":"product_tag-painter","11":"product_tag-plexiglas-en","12":"product_tag-sea","13":"product_shipping_class-0-2kg","15":"first","16":"outofstock","17":"taxable","18":"shipping-taxable","19":"purchasable","20":"product-type-simple"},"yoast_head":"<!-- This site is optimized with the Yoast SEO plugin v27.2 - https:\/\/yoast.com\/product\/yoast-seo-wordpress\/ -->\n<title>Sea Craftwork by the Painter Manolis Charos<\/title>\n<meta name=\"description\" content=\"Sea Craftwork by the Painter Manolis Charos. Craftwork on plexiglas, The sea that always has a way of calming us, now in your own space.\" \/>\n<meta name=\"robots\" content=\"index, follow, max-snippet:-1, max-image-preview:large, max-video-preview:-1\" \/>\n<link rel=\"canonical\" href=\"https:\/\/ikastikos-kiklos.com\/en\/product\/\u03b8\u03ac\u03bb\u03b1\u03c3\u03c3\u03b1-4\/\" \/>\n<meta property=\"og:locale\" content=\"en_US\" \/>\n<meta property=\"og:type\" content=\"article\" \/>\n<meta property=\"og:title\" content=\"Sea Craftwork by the Painter Manolis Charos\" \/>\n<meta property=\"og:description\" content=\"Sea Craftwork by the Painter Manolis Charos. Craftwork on plexiglas, The sea that always has a way of calming us, now in your own space.\" \/>\n<meta property=\"og:url\" content=\"https:\/\/ikastikos-kiklos.com\/en\/product\/\u03b8\u03ac\u03bb\u03b1\u03c3\u03c3\u03b1-4\/\" \/>\n<meta property=\"og:site_name\" content=\"Ikastikos Kiklos - Zografik\u00ed - Metaxotyp\u00edes - T\u00e9chniPainting - Silk Screen - Art\" \/>\n<meta property=\"article:publisher\" content=\"https:\/\/www.facebook.com\/ikastikoskiklossianti\/\" \/>\n<meta property=\"article:modified_time\" content=\"2019-08-16T14:28:00+00:00\" \/>\n<meta property=\"og:image\" content=\"https:\/\/ikastikos-kiklos.com\/wp-content\/uploads\/2016\/09\/07p109.jpg\" \/>\n\t<meta property=\"og:image:width\" content=\"600\" \/>\n\t<meta property=\"og:image:height\" content=\"484\" \/>\n\t<meta property=\"og:image:type\" content=\"image\/jpeg\" \/>\n<meta name=\"twitter:card\" content=\"summary_large_image\" \/>\n<script type=\"application\/ld+json\" class=\"yoast-schema-graph\">{\"@context\":\"https:\/\/schema.org\",\"@graph\":[{\"@type\":\"WebPage\",\"@id\":\"https:\/\/ikastikos-kiklos.com\/en\/product\/%ce%b8%ce%ac%ce%bb%ce%b1%cf%83%cf%83%ce%b1-4\/\",\"url\":\"https:\/\/ikastikos-kiklos.com\/en\/product\/%ce%b8%ce%ac%ce%bb%ce%b1%cf%83%cf%83%ce%b1-4\/\",\"name\":\"Sea Craftwork by the Painter Manolis Charos\",\"isPartOf\":{\"@id\":\"https:\/\/ikastikos-kiklos.com\/en\/#website\"},\"primaryImageOfPage\":{\"@id\":\"https:\/\/ikastikos-kiklos.com\/en\/product\/%ce%b8%ce%ac%ce%bb%ce%b1%cf%83%cf%83%ce%b1-4\/#primaryimage\"},\"image\":{\"@id\":\"https:\/\/ikastikos-kiklos.com\/en\/product\/%ce%b8%ce%ac%ce%bb%ce%b1%cf%83%cf%83%ce%b1-4\/#primaryimage\"},\"thumbnailUrl\":\"https:\/\/ikastikos-kiklos.com\/wp-content\/uploads\/2016\/09\/07p109.jpg\",\"datePublished\":\"2016-09-09T12:13:14+00:00\",\"dateModified\":\"2019-08-16T14:28:00+00:00\",\"description\":\"Sea Craftwork by the Painter Manolis Charos. Craftwork on plexiglas, The sea that always has a way of calming us, now in your own space.\",\"breadcrumb\":{\"@id\":\"https:\/\/ikastikos-kiklos.com\/en\/product\/%ce%b8%ce%ac%ce%bb%ce%b1%cf%83%cf%83%ce%b1-4\/#breadcrumb\"},\"inLanguage\":\"en-US\",\"potentialAction\":[{\"@type\":\"ReadAction\",\"target\":[\"https:\/\/ikastikos-kiklos.com\/en\/product\/%ce%b8%ce%ac%ce%bb%ce%b1%cf%83%cf%83%ce%b1-4\/\"]}]},{\"@type\":\"ImageObject\",\"inLanguage\":\"en-US\",\"@id\":\"https:\/\/ikastikos-kiklos.com\/en\/product\/%ce%b8%ce%ac%ce%bb%ce%b1%cf%83%cf%83%ce%b1-4\/#primaryimage\",\"url\":\"https:\/\/ikastikos-kiklos.com\/wp-content\/uploads\/2016\/09\/07p109.jpg\",\"contentUrl\":\"https:\/\/ikastikos-kiklos.com\/wp-content\/uploads\/2016\/09\/07p109.jpg\",\"width\":600,\"height\":484,\"caption\":\"\u0398\u03ac\u03bb\u03b1\u03c3\u03c3\u03b1 \u039a\u03b1\u03c4\u03b1\u03c3\u03ba\u03b5\u03c5\u03ae \u03b1\u03c0\u03cc \u03c4\u03bf\u03bd \u0396\u03c9\u03b3\u03c1\u03ac\u03c6\u03bf \u039c\u03b1\u03bd\u03ce\u03bb\u03b7 \u03a7\u03ac\u03c1\u03bf\"},{\"@type\":\"BreadcrumbList\",\"@id\":\"https:\/\/ikastikos-kiklos.com\/en\/product\/%ce%b8%ce%ac%ce%bb%ce%b1%cf%83%cf%83%ce%b1-4\/#breadcrumb\",\"itemListElement\":[{\"@type\":\"ListItem\",\"position\":1,\"name\":\"Home\",\"item\":\"https:\/\/ikastikos-kiklos.com\/en\/\"},{\"@type\":\"ListItem\",\"position\":2,\"name\":\"\u0388\u03c1\u03b3\u03b1 \u03c4\u03ad\u03c7\u03bd\u03b7\u03c2\",\"item\":\"https:\/\/ikastikos-kiklos.com\/%ce%ad%cf%81%ce%b3%ce%b1-%cf%84%ce%ad%cf%87%ce%bd%ce%b7%cf%82\/\"},{\"@type\":\"ListItem\",\"position\":3,\"name\":\"Sea\"}]},{\"@type\":\"WebSite\",\"@id\":\"https:\/\/ikastikos-kiklos.com\/en\/#website\",\"url\":\"https:\/\/ikastikos-kiklos.com\/en\/\",\"name\":\"Ikastikos Kiklos - Zografik\u00ed - Metaxotyp\u00edes - T\u00e9chniPainting - Silk Screen - Art\",\"description\":\"\",\"publisher\":{\"@id\":\"https:\/\/ikastikos-kiklos.com\/en\/#organization\"},\"potentialAction\":[{\"@type\":\"SearchAction\",\"target\":{\"@type\":\"EntryPoint\",\"urlTemplate\":\"https:\/\/ikastikos-kiklos.com\/en\/?s={search_term_string}\"},\"query-input\":{\"@type\":\"PropertyValueSpecification\",\"valueRequired\":true,\"valueName\":\"search_term_string\"}}],\"inLanguage\":\"en-US\"},{\"@type\":\"Organization\",\"@id\":\"https:\/\/ikastikos-kiklos.com\/en\/#organization\",\"name\":\"Ikastikos Kiklos - Zografik\u00ed - Metaxotyp\u00edes - T\u00e9chniPainting - Silk Screen - Art\",\"url\":\"https:\/\/ikastikos-kiklos.com\/en\/\",\"logo\":{\"@type\":\"ImageObject\",\"inLanguage\":\"en-US\",\"@id\":\"https:\/\/ikastikos-kiklos.com\/en\/#\/schema\/logo\/image\/\",\"url\":\"https:\/\/ikastikos-kiklos.com\/wp-content\/uploads\/2022\/10\/cropped-favicon_ikastikos.png\",\"contentUrl\":\"https:\/\/ikastikos-kiklos.com\/wp-content\/uploads\/2022\/10\/cropped-favicon_ikastikos.png\",\"width\":512,\"height\":512,\"caption\":\"Ikastikos Kiklos - Zografik\u00ed - Metaxotyp\u00edes - T\u00e9chniPainting - Silk Screen - Art\"},\"image\":{\"@id\":\"https:\/\/ikastikos-kiklos.com\/en\/#\/schema\/logo\/image\/\"},\"sameAs\":[\"https:\/\/www.facebook.com\/ikastikoskiklossianti\/\"]}]}<\/script>\n<!-- \/ Yoast SEO plugin. -->","yoast_head_json":{"title":"Sea Craftwork by the Painter Manolis Charos","description":"Sea Craftwork by the Painter Manolis Charos. Craftwork on plexiglas, The sea that always has a way of calming us, now in your own space.","robots":{"index":"index","follow":"follow","max-snippet":"max-snippet:-1","max-image-preview":"max-image-preview:large","max-video-preview":"max-video-preview:-1"},"canonical":"https:\/\/ikastikos-kiklos.com\/en\/product\/\u03b8\u03ac\u03bb\u03b1\u03c3\u03c3\u03b1-4\/","og_locale":"en_US","og_type":"article","og_title":"Sea Craftwork by the Painter Manolis Charos","og_description":"Sea Craftwork by the Painter Manolis Charos. Craftwork on plexiglas, The sea that always has a way of calming us, now in your own space.","og_url":"https:\/\/ikastikos-kiklos.com\/en\/product\/\u03b8\u03ac\u03bb\u03b1\u03c3\u03c3\u03b1-4\/","og_site_name":"Ikastikos Kiklos - Zografik\u00ed - Metaxotyp\u00edes - T\u00e9chniPainting - Silk Screen - Art","article_publisher":"https:\/\/www.facebook.com\/ikastikoskiklossianti\/","article_modified_time":"2019-08-16T14:28:00+00:00","og_image":[{"width":600,"height":484,"url":"https:\/\/ikastikos-kiklos.com\/wp-content\/uploads\/2016\/09\/07p109.jpg","type":"image\/jpeg"}],"twitter_card":"summary_large_image","schema":{"@context":"https:\/\/schema.org","@graph":[{"@type":"WebPage","@id":"https:\/\/ikastikos-kiklos.com\/en\/product\/%ce%b8%ce%ac%ce%bb%ce%b1%cf%83%cf%83%ce%b1-4\/","url":"https:\/\/ikastikos-kiklos.com\/en\/product\/%ce%b8%ce%ac%ce%bb%ce%b1%cf%83%cf%83%ce%b1-4\/","name":"Sea Craftwork by the Painter Manolis Charos","isPartOf":{"@id":"https:\/\/ikastikos-kiklos.com\/en\/#website"},"primaryImageOfPage":{"@id":"https:\/\/ikastikos-kiklos.com\/en\/product\/%ce%b8%ce%ac%ce%bb%ce%b1%cf%83%cf%83%ce%b1-4\/#primaryimage"},"image":{"@id":"https:\/\/ikastikos-kiklos.com\/en\/product\/%ce%b8%ce%ac%ce%bb%ce%b1%cf%83%cf%83%ce%b1-4\/#primaryimage"},"thumbnailUrl":"https:\/\/ikastikos-kiklos.com\/wp-content\/uploads\/2016\/09\/07p109.jpg","datePublished":"2016-09-09T12:13:14+00:00","dateModified":"2019-08-16T14:28:00+00:00","description":"Sea Craftwork by the Painter Manolis Charos. Craftwork on plexiglas, The sea that always has a way of calming us, now in your own space.","breadcrumb":{"@id":"https:\/\/ikastikos-kiklos.com\/en\/product\/%ce%b8%ce%ac%ce%bb%ce%b1%cf%83%cf%83%ce%b1-4\/#breadcrumb"},"inLanguage":"en-US","potentialAction":[{"@type":"ReadAction","target":["https:\/\/ikastikos-kiklos.com\/en\/product\/%ce%b8%ce%ac%ce%bb%ce%b1%cf%83%cf%83%ce%b1-4\/"]}]},{"@type":"ImageObject","inLanguage":"en-US","@id":"https:\/\/ikastikos-kiklos.com\/en\/product\/%ce%b8%ce%ac%ce%bb%ce%b1%cf%83%cf%83%ce%b1-4\/#primaryimage","url":"https:\/\/ikastikos-kiklos.com\/wp-content\/uploads\/2016\/09\/07p109.jpg","contentUrl":"https:\/\/ikastikos-kiklos.com\/wp-content\/uploads\/2016\/09\/07p109.jpg","width":600,"height":484,"caption":"\u0398\u03ac\u03bb\u03b1\u03c3\u03c3\u03b1 \u039a\u03b1\u03c4\u03b1\u03c3\u03ba\u03b5\u03c5\u03ae \u03b1\u03c0\u03cc \u03c4\u03bf\u03bd \u0396\u03c9\u03b3\u03c1\u03ac\u03c6\u03bf \u039c\u03b1\u03bd\u03ce\u03bb\u03b7 \u03a7\u03ac\u03c1\u03bf"},{"@type":"BreadcrumbList","@id":"https:\/\/ikastikos-kiklos.com\/en\/product\/%ce%b8%ce%ac%ce%bb%ce%b1%cf%83%cf%83%ce%b1-4\/#breadcrumb","itemListElement":[{"@type":"ListItem","position":1,"name":"Home","item":"https:\/\/ikastikos-kiklos.com\/en\/"},{"@type":"ListItem","position":2,"name":"\u0388\u03c1\u03b3\u03b1 \u03c4\u03ad\u03c7\u03bd\u03b7\u03c2","item":"https:\/\/ikastikos-kiklos.com\/%ce%ad%cf%81%ce%b3%ce%b1-%cf%84%ce%ad%cf%87%ce%bd%ce%b7%cf%82\/"},{"@type":"ListItem","position":3,"name":"Sea"}]},{"@type":"WebSite","@id":"https:\/\/ikastikos-kiklos.com\/en\/#website","url":"https:\/\/ikastikos-kiklos.com\/en\/","name":"Ikastikos Kiklos - Zografik\u00ed - Metaxotyp\u00edes - T\u00e9chniPainting - Silk Screen - Art","description":"","publisher":{"@id":"https:\/\/ikastikos-kiklos.com\/en\/#organization"},"potentialAction":[{"@type":"SearchAction","target":{"@type":"EntryPoint","urlTemplate":"https:\/\/ikastikos-kiklos.com\/en\/?s={search_term_string}"},"query-input":{"@type":"PropertyValueSpecification","valueRequired":true,"valueName":"search_term_string"}}],"inLanguage":"en-US"},{"@type":"Organization","@id":"https:\/\/ikastikos-kiklos.com\/en\/#organization","name":"Ikastikos Kiklos - Zografik\u00ed - Metaxotyp\u00edes - T\u00e9chniPainting - Silk Screen - Art","url":"https:\/\/ikastikos-kiklos.com\/en\/","logo":{"@type":"ImageObject","inLanguage":"en-US","@id":"https:\/\/ikastikos-kiklos.com\/en\/#\/schema\/logo\/image\/","url":"https:\/\/ikastikos-kiklos.com\/wp-content\/uploads\/2022\/10\/cropped-favicon_ikastikos.png","contentUrl":"https:\/\/ikastikos-kiklos.com\/wp-content\/uploads\/2022\/10\/cropped-favicon_ikastikos.png","width":512,"height":512,"caption":"Ikastikos Kiklos - Zografik\u00ed - Metaxotyp\u00edes - T\u00e9chniPainting - Silk Screen - Art"},"image":{"@id":"https:\/\/ikastikos-kiklos.com\/en\/#\/schema\/logo\/image\/"},"sameAs":["https:\/\/www.facebook.com\/ikastikoskiklossianti\/"]}]}},"_links":{"self":[{"href":"https:\/\/ikastikos-kiklos.com\/en\/wp-json\/wp\/v2\/product\/3603","targetHints":{"allow":["GET"]}}],"collection":[{"href":"https:\/\/ikastikos-kiklos.com\/en\/wp-json\/wp\/v2\/product"}],"about":[{"href":"https:\/\/ikastikos-kiklos.com\/en\/wp-json\/wp\/v2\/types\/product"}],"wp:featuredmedia":[{"embeddable":true,"href":"https:\/\/ikastikos-kiklos.com\/en\/wp-json\/wp\/v2\/media\/2530"}],"wp:attachment":[{"href":"https:\/\/ikastikos-kiklos.com\/en\/wp-json\/wp\/v2\/media?parent=3603"}],"wp:term":[{"taxonomy":"product_brand","embeddable":true,"href":"https:\/\/ikastikos-kiklos.com\/en\/wp-json\/wp\/v2\/product_brand?post=3603"},{"taxonomy":"product_cat","embeddable":true,"href":"https:\/\/ikastikos-kiklos.com\/en\/wp-json\/wp\/v2\/product_cat?post=3603"},{"taxonomy":"product_tag","embeddable":true,"href":"https:\/\/ikastikos-kiklos.com\/en\/wp-json\/wp\/v2\/product_tag?post=3603"}],"curies":[{"name":"wp","href":"https:\/\/api.w.org\/{rel}","templated":true}]}}