{"id":3589,"date":"2016-07-11T15:27:41","date_gmt":"2016-07-11T15:27:41","guid":{"rendered":"http:\/\/ikastikos-kiklos.com\/\u03c0\u03c1\u03bf\u03ca\u03cc\u03bd\/%ce%ba%ce%b1%ce%b8%cf%81%ce%ad%cf%80%cf%84%ce%b7%cf%82-3\/?lang=en"},"modified":"2021-11-02T19:55:31","modified_gmt":"2021-11-02T17:55:31","slug":"%ce%ba%ce%b1%ce%b8%cf%81%ce%ad%cf%80%cf%84%ce%b7%cf%82-3","status":"publish","type":"product","link":"https:\/\/ikastikos-kiklos.com\/en\/product\/%ce%ba%ce%b1%ce%b8%cf%81%ce%ad%cf%80%cf%84%ce%b7%cf%82-3\/","title":{"rendered":"Mirror"},"content":{"rendered":"<p>Among the most prominent representatives of the 60\u2019s, Christos Karas was born in Trikala, Thessalia, in December of 1930. An artist with many paths in various directions, he managed to bring with him a profound cut and a substantial break in Greek art in the 20th century.<\/p>\n<p>Starting with his early efforts with traditional tendencies, Kara proceeded rapidly to the painting that combined the colour of expressionism with the area of \u200b\u200bsurrealism, a language that, thanks to the talent of the creator, resulted in extremely expressive results.<\/p>\n<p>Source: www.in2life.gr<\/p>\n","protected":false},"excerpt":{"rendered":"<p>Hand signed and numbered by the artist. Edition of 50<\/p>\n","protected":false},"featured_media":36101,"template":"","meta":{"ngg_post_thumbnail":0},"product_brand":[],"product_cat":[402,1993,398,1987,2047],"product_tag":[2646,2660,2659,2654],"class_list":{"0":"post-3589","1":"product","2":"type-product","3":"status-publish","4":"has-post-thumbnail","6":"product_cat-art-objects","7":"product_cat-art-objects-shop","8":"product_cat-collections","9":"product_cat-eshop-en","10":"product_cat-wedding-gifts","11":"product_tag-construction","12":"product_tag-laurel-branch","13":"product_tag-mirror","14":"product_tag-visual-artist","15":"product_shipping_class-0-2kg","17":"first","18":"instock","19":"taxable","20":"shipping-taxable","21":"purchasable","22":"product-type-simple"},"yoast_head":"<!-- This site is optimized with the Yoast SEO plugin v27.4 - https:\/\/yoast.com\/product\/yoast-seo-wordpress\/ -->\n<title>Mirror with Laurel branch by the Artist Christos Karas<\/title>\n<meta name=\"description\" content=\"Mirror with Laurel branch by the Artist Christos Karas. The mirror is connected to the artistic scene. Art is a mirror of the underlying processes that make up the spirit of each period.\" \/>\n<meta name=\"robots\" content=\"index, follow, max-snippet:-1, max-image-preview:large, max-video-preview:-1\" \/>\n<link rel=\"canonical\" href=\"https:\/\/ikastikos-kiklos.com\/en\/product\/\u03ba\u03b1\u03b8\u03c1\u03ad\u03c0\u03c4\u03b7\u03c2-3\/\" \/>\n<meta property=\"og:locale\" content=\"en_US\" \/>\n<meta property=\"og:type\" content=\"article\" \/>\n<meta property=\"og:title\" content=\"Mirror with Laurel branch by the Artist Christos Karas\" \/>\n<meta property=\"og:description\" content=\"Mirror with Laurel branch by the Artist Christos Karas. The mirror is connected to the artistic scene. Art is a mirror of the underlying processes that make up the spirit of each period.\" \/>\n<meta property=\"og:url\" content=\"https:\/\/ikastikos-kiklos.com\/en\/product\/\u03ba\u03b1\u03b8\u03c1\u03ad\u03c0\u03c4\u03b7\u03c2-3\/\" \/>\n<meta property=\"og:site_name\" content=\"Ikastikos Kiklos - Zografik\u00ed - Metaxotyp\u00edes - T\u00e9chniPainting - Silk Screen - Art\" \/>\n<meta property=\"article:publisher\" content=\"https:\/\/www.facebook.com\/ikastikoskiklossianti\/\" \/>\n<meta property=\"article:modified_time\" content=\"2021-11-02T17:55:31+00:00\" \/>\n<meta property=\"og:image\" content=\"https:\/\/ikastikos-kiklos.com\/wp-content\/uploads\/2016\/07\/\u03ba\u03b1\u03c1\u03ac\u03c2-\u03c7\u03c1\u03af\u03c3\u03c4\u03bf\u03c2-\u03ba\u03b1\u03b8\u03c1\u03ad\u03c0\u03c4\u03b7\u03c2.jpg\" \/>\n\t<meta property=\"og:image:width\" content=\"1400\" \/>\n\t<meta property=\"og:image:height\" content=\"1742\" \/>\n\t<meta property=\"og:image:type\" content=\"image\/jpeg\" \/>\n<meta name=\"twitter:card\" content=\"summary_large_image\" \/>\n<script type=\"application\/ld+json\" class=\"yoast-schema-graph\">{\"@context\":\"https:\\\/\\\/schema.org\",\"@graph\":[{\"@type\":\"WebPage\",\"@id\":\"https:\\\/\\\/ikastikos-kiklos.com\\\/en\\\/product\\\/%ce%ba%ce%b1%ce%b8%cf%81%ce%ad%cf%80%cf%84%ce%b7%cf%82-3\\\/\",\"url\":\"https:\\\/\\\/ikastikos-kiklos.com\\\/en\\\/product\\\/%ce%ba%ce%b1%ce%b8%cf%81%ce%ad%cf%80%cf%84%ce%b7%cf%82-3\\\/\",\"name\":\"Mirror with Laurel branch by the Artist Christos Karas\",\"isPartOf\":{\"@id\":\"https:\\\/\\\/ikastikos-kiklos.com\\\/en\\\/#website\"},\"primaryImageOfPage\":{\"@id\":\"https:\\\/\\\/ikastikos-kiklos.com\\\/en\\\/product\\\/%ce%ba%ce%b1%ce%b8%cf%81%ce%ad%cf%80%cf%84%ce%b7%cf%82-3\\\/#primaryimage\"},\"image\":{\"@id\":\"https:\\\/\\\/ikastikos-kiklos.com\\\/en\\\/product\\\/%ce%ba%ce%b1%ce%b8%cf%81%ce%ad%cf%80%cf%84%ce%b7%cf%82-3\\\/#primaryimage\"},\"thumbnailUrl\":\"https:\\\/\\\/ikastikos-kiklos.com\\\/wp-content\\\/uploads\\\/2016\\\/07\\\/\u03ba\u03b1\u03c1\u03ac\u03c2-\u03c7\u03c1\u03af\u03c3\u03c4\u03bf\u03c2-\u03ba\u03b1\u03b8\u03c1\u03ad\u03c0\u03c4\u03b7\u03c2.jpg\",\"datePublished\":\"2016-07-11T15:27:41+00:00\",\"dateModified\":\"2021-11-02T17:55:31+00:00\",\"description\":\"Mirror with Laurel branch by the Artist Christos Karas. The mirror is connected to the artistic scene. Art is a mirror of the underlying processes that make up the spirit of each period.\",\"breadcrumb\":{\"@id\":\"https:\\\/\\\/ikastikos-kiklos.com\\\/en\\\/product\\\/%ce%ba%ce%b1%ce%b8%cf%81%ce%ad%cf%80%cf%84%ce%b7%cf%82-3\\\/#breadcrumb\"},\"inLanguage\":\"en-US\",\"potentialAction\":[{\"@type\":\"ReadAction\",\"target\":[\"https:\\\/\\\/ikastikos-kiklos.com\\\/en\\\/product\\\/%ce%ba%ce%b1%ce%b8%cf%81%ce%ad%cf%80%cf%84%ce%b7%cf%82-3\\\/\"]}]},{\"@type\":\"ImageObject\",\"inLanguage\":\"en-US\",\"@id\":\"https:\\\/\\\/ikastikos-kiklos.com\\\/en\\\/product\\\/%ce%ba%ce%b1%ce%b8%cf%81%ce%ad%cf%80%cf%84%ce%b7%cf%82-3\\\/#primaryimage\",\"url\":\"https:\\\/\\\/ikastikos-kiklos.com\\\/wp-content\\\/uploads\\\/2016\\\/07\\\/\u03ba\u03b1\u03c1\u03ac\u03c2-\u03c7\u03c1\u03af\u03c3\u03c4\u03bf\u03c2-\u03ba\u03b1\u03b8\u03c1\u03ad\u03c0\u03c4\u03b7\u03c2.jpg\",\"contentUrl\":\"https:\\\/\\\/ikastikos-kiklos.com\\\/wp-content\\\/uploads\\\/2016\\\/07\\\/\u03ba\u03b1\u03c1\u03ac\u03c2-\u03c7\u03c1\u03af\u03c3\u03c4\u03bf\u03c2-\u03ba\u03b1\u03b8\u03c1\u03ad\u03c0\u03c4\u03b7\u03c2.jpg\",\"width\":1400,\"height\":1742,\"caption\":\"\u03ba\u03b1\u03c1\u03ac\u03c2-\u03c7\u03c1\u03af\u03c3\u03c4\u03bf\u03c2-\u03ba\u03b1\u03b8\u03c1\u03ad\u03c0\u03c4\u03b7\u03c2\"},{\"@type\":\"BreadcrumbList\",\"@id\":\"https:\\\/\\\/ikastikos-kiklos.com\\\/en\\\/product\\\/%ce%ba%ce%b1%ce%b8%cf%81%ce%ad%cf%80%cf%84%ce%b7%cf%82-3\\\/#breadcrumb\",\"itemListElement\":[{\"@type\":\"ListItem\",\"position\":1,\"name\":\"Home\",\"item\":\"https:\\\/\\\/ikastikos-kiklos.com\\\/en\\\/\"},{\"@type\":\"ListItem\",\"position\":2,\"name\":\"\u0388\u03c1\u03b3\u03b1 \u03c4\u03ad\u03c7\u03bd\u03b7\u03c2\",\"item\":\"https:\\\/\\\/ikastikos-kiklos.com\\\/%ce%ad%cf%81%ce%b3%ce%b1-%cf%84%ce%ad%cf%87%ce%bd%ce%b7%cf%82\\\/\"},{\"@type\":\"ListItem\",\"position\":3,\"name\":\"Mirror\"}]},{\"@type\":\"WebSite\",\"@id\":\"https:\\\/\\\/ikastikos-kiklos.com\\\/en\\\/#website\",\"url\":\"https:\\\/\\\/ikastikos-kiklos.com\\\/en\\\/\",\"name\":\"Ikastikos Kiklos - Zografik\u00ed - Metaxotyp\u00edes - T\u00e9chniPainting - Silk Screen - Art\",\"description\":\"\",\"publisher\":{\"@id\":\"https:\\\/\\\/ikastikos-kiklos.com\\\/en\\\/#organization\"},\"potentialAction\":[{\"@type\":\"SearchAction\",\"target\":{\"@type\":\"EntryPoint\",\"urlTemplate\":\"https:\\\/\\\/ikastikos-kiklos.com\\\/en\\\/?s={search_term_string}\"},\"query-input\":{\"@type\":\"PropertyValueSpecification\",\"valueRequired\":true,\"valueName\":\"search_term_string\"}}],\"inLanguage\":\"en-US\"},{\"@type\":\"Organization\",\"@id\":\"https:\\\/\\\/ikastikos-kiklos.com\\\/en\\\/#organization\",\"name\":\"Ikastikos Kiklos - Zografik\u00ed - Metaxotyp\u00edes - T\u00e9chniPainting - Silk Screen - Art\",\"url\":\"https:\\\/\\\/ikastikos-kiklos.com\\\/en\\\/\",\"logo\":{\"@type\":\"ImageObject\",\"inLanguage\":\"en-US\",\"@id\":\"https:\\\/\\\/ikastikos-kiklos.com\\\/en\\\/#\\\/schema\\\/logo\\\/image\\\/\",\"url\":\"https:\\\/\\\/ikastikos-kiklos.com\\\/wp-content\\\/uploads\\\/2022\\\/10\\\/cropped-favicon_ikastikos.png\",\"contentUrl\":\"https:\\\/\\\/ikastikos-kiklos.com\\\/wp-content\\\/uploads\\\/2022\\\/10\\\/cropped-favicon_ikastikos.png\",\"width\":512,\"height\":512,\"caption\":\"Ikastikos Kiklos - Zografik\u00ed - Metaxotyp\u00edes - T\u00e9chniPainting - Silk Screen - Art\"},\"image\":{\"@id\":\"https:\\\/\\\/ikastikos-kiklos.com\\\/en\\\/#\\\/schema\\\/logo\\\/image\\\/\"},\"sameAs\":[\"https:\\\/\\\/www.facebook.com\\\/ikastikoskiklossianti\\\/\"]}]}<\/script>\n<!-- \/ Yoast SEO plugin. -->","yoast_head_json":{"title":"Mirror with Laurel branch by the Artist Christos Karas","description":"Mirror with Laurel branch by the Artist Christos Karas. The mirror is connected to the artistic scene. Art is a mirror of the underlying processes that make up the spirit of each period.","robots":{"index":"index","follow":"follow","max-snippet":"max-snippet:-1","max-image-preview":"max-image-preview:large","max-video-preview":"max-video-preview:-1"},"canonical":"https:\/\/ikastikos-kiklos.com\/en\/product\/\u03ba\u03b1\u03b8\u03c1\u03ad\u03c0\u03c4\u03b7\u03c2-3\/","og_locale":"en_US","og_type":"article","og_title":"Mirror with Laurel branch by the Artist Christos Karas","og_description":"Mirror with Laurel branch by the Artist Christos Karas. The mirror is connected to the artistic scene. Art is a mirror of the underlying processes that make up the spirit of each period.","og_url":"https:\/\/ikastikos-kiklos.com\/en\/product\/\u03ba\u03b1\u03b8\u03c1\u03ad\u03c0\u03c4\u03b7\u03c2-3\/","og_site_name":"Ikastikos Kiklos - Zografik\u00ed - Metaxotyp\u00edes - T\u00e9chniPainting - Silk Screen - Art","article_publisher":"https:\/\/www.facebook.com\/ikastikoskiklossianti\/","article_modified_time":"2021-11-02T17:55:31+00:00","og_image":[{"width":1400,"height":1742,"url":"https:\/\/ikastikos-kiklos.com\/wp-content\/uploads\/2016\/07\/\u03ba\u03b1\u03c1\u03ac\u03c2-\u03c7\u03c1\u03af\u03c3\u03c4\u03bf\u03c2-\u03ba\u03b1\u03b8\u03c1\u03ad\u03c0\u03c4\u03b7\u03c2.jpg","type":"image\/jpeg"}],"twitter_card":"summary_large_image","schema":{"@context":"https:\/\/schema.org","@graph":[{"@type":"WebPage","@id":"https:\/\/ikastikos-kiklos.com\/en\/product\/%ce%ba%ce%b1%ce%b8%cf%81%ce%ad%cf%80%cf%84%ce%b7%cf%82-3\/","url":"https:\/\/ikastikos-kiklos.com\/en\/product\/%ce%ba%ce%b1%ce%b8%cf%81%ce%ad%cf%80%cf%84%ce%b7%cf%82-3\/","name":"Mirror with Laurel branch by the Artist Christos Karas","isPartOf":{"@id":"https:\/\/ikastikos-kiklos.com\/en\/#website"},"primaryImageOfPage":{"@id":"https:\/\/ikastikos-kiklos.com\/en\/product\/%ce%ba%ce%b1%ce%b8%cf%81%ce%ad%cf%80%cf%84%ce%b7%cf%82-3\/#primaryimage"},"image":{"@id":"https:\/\/ikastikos-kiklos.com\/en\/product\/%ce%ba%ce%b1%ce%b8%cf%81%ce%ad%cf%80%cf%84%ce%b7%cf%82-3\/#primaryimage"},"thumbnailUrl":"https:\/\/ikastikos-kiklos.com\/wp-content\/uploads\/2016\/07\/\u03ba\u03b1\u03c1\u03ac\u03c2-\u03c7\u03c1\u03af\u03c3\u03c4\u03bf\u03c2-\u03ba\u03b1\u03b8\u03c1\u03ad\u03c0\u03c4\u03b7\u03c2.jpg","datePublished":"2016-07-11T15:27:41+00:00","dateModified":"2021-11-02T17:55:31+00:00","description":"Mirror with Laurel branch by the Artist Christos Karas. The mirror is connected to the artistic scene. Art is a mirror of the underlying processes that make up the spirit of each period.","breadcrumb":{"@id":"https:\/\/ikastikos-kiklos.com\/en\/product\/%ce%ba%ce%b1%ce%b8%cf%81%ce%ad%cf%80%cf%84%ce%b7%cf%82-3\/#breadcrumb"},"inLanguage":"en-US","potentialAction":[{"@type":"ReadAction","target":["https:\/\/ikastikos-kiklos.com\/en\/product\/%ce%ba%ce%b1%ce%b8%cf%81%ce%ad%cf%80%cf%84%ce%b7%cf%82-3\/"]}]},{"@type":"ImageObject","inLanguage":"en-US","@id":"https:\/\/ikastikos-kiklos.com\/en\/product\/%ce%ba%ce%b1%ce%b8%cf%81%ce%ad%cf%80%cf%84%ce%b7%cf%82-3\/#primaryimage","url":"https:\/\/ikastikos-kiklos.com\/wp-content\/uploads\/2016\/07\/\u03ba\u03b1\u03c1\u03ac\u03c2-\u03c7\u03c1\u03af\u03c3\u03c4\u03bf\u03c2-\u03ba\u03b1\u03b8\u03c1\u03ad\u03c0\u03c4\u03b7\u03c2.jpg","contentUrl":"https:\/\/ikastikos-kiklos.com\/wp-content\/uploads\/2016\/07\/\u03ba\u03b1\u03c1\u03ac\u03c2-\u03c7\u03c1\u03af\u03c3\u03c4\u03bf\u03c2-\u03ba\u03b1\u03b8\u03c1\u03ad\u03c0\u03c4\u03b7\u03c2.jpg","width":1400,"height":1742,"caption":"\u03ba\u03b1\u03c1\u03ac\u03c2-\u03c7\u03c1\u03af\u03c3\u03c4\u03bf\u03c2-\u03ba\u03b1\u03b8\u03c1\u03ad\u03c0\u03c4\u03b7\u03c2"},{"@type":"BreadcrumbList","@id":"https:\/\/ikastikos-kiklos.com\/en\/product\/%ce%ba%ce%b1%ce%b8%cf%81%ce%ad%cf%80%cf%84%ce%b7%cf%82-3\/#breadcrumb","itemListElement":[{"@type":"ListItem","position":1,"name":"Home","item":"https:\/\/ikastikos-kiklos.com\/en\/"},{"@type":"ListItem","position":2,"name":"\u0388\u03c1\u03b3\u03b1 \u03c4\u03ad\u03c7\u03bd\u03b7\u03c2","item":"https:\/\/ikastikos-kiklos.com\/%ce%ad%cf%81%ce%b3%ce%b1-%cf%84%ce%ad%cf%87%ce%bd%ce%b7%cf%82\/"},{"@type":"ListItem","position":3,"name":"Mirror"}]},{"@type":"WebSite","@id":"https:\/\/ikastikos-kiklos.com\/en\/#website","url":"https:\/\/ikastikos-kiklos.com\/en\/","name":"Ikastikos Kiklos - Zografik\u00ed - Metaxotyp\u00edes - T\u00e9chniPainting - Silk Screen - Art","description":"","publisher":{"@id":"https:\/\/ikastikos-kiklos.com\/en\/#organization"},"potentialAction":[{"@type":"SearchAction","target":{"@type":"EntryPoint","urlTemplate":"https:\/\/ikastikos-kiklos.com\/en\/?s={search_term_string}"},"query-input":{"@type":"PropertyValueSpecification","valueRequired":true,"valueName":"search_term_string"}}],"inLanguage":"en-US"},{"@type":"Organization","@id":"https:\/\/ikastikos-kiklos.com\/en\/#organization","name":"Ikastikos Kiklos - Zografik\u00ed - Metaxotyp\u00edes - T\u00e9chniPainting - Silk Screen - Art","url":"https:\/\/ikastikos-kiklos.com\/en\/","logo":{"@type":"ImageObject","inLanguage":"en-US","@id":"https:\/\/ikastikos-kiklos.com\/en\/#\/schema\/logo\/image\/","url":"https:\/\/ikastikos-kiklos.com\/wp-content\/uploads\/2022\/10\/cropped-favicon_ikastikos.png","contentUrl":"https:\/\/ikastikos-kiklos.com\/wp-content\/uploads\/2022\/10\/cropped-favicon_ikastikos.png","width":512,"height":512,"caption":"Ikastikos Kiklos - Zografik\u00ed - Metaxotyp\u00edes - T\u00e9chniPainting - Silk Screen - Art"},"image":{"@id":"https:\/\/ikastikos-kiklos.com\/en\/#\/schema\/logo\/image\/"},"sameAs":["https:\/\/www.facebook.com\/ikastikoskiklossianti\/"]}]}},"_links":{"self":[{"href":"https:\/\/ikastikos-kiklos.com\/en\/wp-json\/wp\/v2\/product\/3589","targetHints":{"allow":["GET"]}}],"collection":[{"href":"https:\/\/ikastikos-kiklos.com\/en\/wp-json\/wp\/v2\/product"}],"about":[{"href":"https:\/\/ikastikos-kiklos.com\/en\/wp-json\/wp\/v2\/types\/product"}],"wp:featuredmedia":[{"embeddable":true,"href":"https:\/\/ikastikos-kiklos.com\/en\/wp-json\/wp\/v2\/media\/36101"}],"wp:attachment":[{"href":"https:\/\/ikastikos-kiklos.com\/en\/wp-json\/wp\/v2\/media?parent=3589"}],"wp:term":[{"taxonomy":"product_brand","embeddable":true,"href":"https:\/\/ikastikos-kiklos.com\/en\/wp-json\/wp\/v2\/product_brand?post=3589"},{"taxonomy":"product_cat","embeddable":true,"href":"https:\/\/ikastikos-kiklos.com\/en\/wp-json\/wp\/v2\/product_cat?post=3589"},{"taxonomy":"product_tag","embeddable":true,"href":"https:\/\/ikastikos-kiklos.com\/en\/wp-json\/wp\/v2\/product_tag?post=3589"}],"curies":[{"name":"wp","href":"https:\/\/api.w.org\/{rel}","templated":true}]}}