{"id":3588,"date":"2016-07-11T15:25:20","date_gmt":"2016-07-11T15:25:20","guid":{"rendered":"http:\/\/ikastikos-kiklos.com\/\u03c0\u03c1\u03bf\u03ca\u03cc\u03bd\/%cf%84%cf%81%ce%b1%cf%80%ce%ad%ce%b6%ce%b9-2\/?lang=en"},"modified":"2024-01-22T01:19:07","modified_gmt":"2024-01-21T23:19:07","slug":"%cf%84%cf%81%ce%b1%cf%80%ce%ad%ce%b6%ce%b9-2","status":"publish","type":"product","link":"https:\/\/ikastikos-kiklos.com\/en\/product\/%cf%84%cf%81%ce%b1%cf%80%ce%ad%ce%b6%ce%b9-2\/","title":{"rendered":"Table"},"content":{"rendered":"<p>Samios using the materials of the old shoe store remembers with respect an ancient art. Nothing melodramatic about it. As an antidote to nostalgia, he proposes an aesthetic middle ground. The high-heeled fetish&nbsp;has been mutated. It has become a geographic fetish. Samios knows how to handle modern narrative techniques. His work is today. His well-known conquered script with the long, obtuse figures here is refreshed significantly to escape the risk of standardization.<\/p>\n<p>The solutions he chooses are justified. The iconography balances between dream and eternity, its desire and its plastic performance. The tremendous prelude can be satisfied. And hope &#8230;<\/p>\n<p>ANTIDOTE OF NOSTALGIA PAVLOS SAMIOS<\/p>\n","protected":false},"excerpt":{"rendered":"<p>Mosaic table crafted and&nbsp;signed by Pavlos Samios<\/p>\n","protected":false},"featured_media":35841,"template":"","meta":{"ngg_post_thumbnail":0},"product_brand":[],"product_cat":[402,398,2047],"product_tag":[2574,2646,2663,2661,2662,2647],"class_list":{"0":"post-3588","1":"product","2":"type-product","3":"status-publish","4":"has-post-thumbnail","6":"product_cat-art-objects","7":"product_cat-collections","8":"product_cat-wedding-gifts","9":"product_tag-artist","10":"product_tag-construction","11":"product_tag-fruits","12":"product_tag-mosaic-table","13":"product_tag-samios-pavlos","14":"product_tag-table","16":"first","17":"instock","18":"taxable","19":"shipping-taxable","20":"product-type-simple"},"yoast_head":"<!-- This site is optimized with the Yoast SEO plugin v27.2 - https:\/\/yoast.com\/product\/yoast-seo-wordpress\/ -->\n<title>Mosaic table Construction by Pavlos Samios at Ikastikos Kiklos Sianti Gallery<\/title>\n<meta name=\"description\" content=\"Mosaic table Construction by Pavlos Samios at Ikastikos Kiklos Sianti Gallery Mosaic table crafted and signed by the artist. Ideal for any room.\" \/>\n<meta name=\"robots\" content=\"index, follow, max-snippet:-1, max-image-preview:large, max-video-preview:-1\" \/>\n<link rel=\"canonical\" href=\"https:\/\/ikastikos-kiklos.com\/en\/product\/\u03c4\u03c1\u03b1\u03c0\u03ad\u03b6\u03b9-2\/\" \/>\n<meta property=\"og:locale\" content=\"en_US\" \/>\n<meta property=\"og:type\" content=\"article\" \/>\n<meta property=\"og:title\" content=\"Mosaic table Construction by Pavlos Samios at Ikastikos Kiklos Sianti Gallery\" \/>\n<meta property=\"og:description\" content=\"Mosaic table Construction by Pavlos Samios at Ikastikos Kiklos Sianti Gallery Mosaic table crafted and signed by the artist. Ideal for any room.\" \/>\n<meta property=\"og:url\" content=\"https:\/\/ikastikos-kiklos.com\/en\/product\/\u03c4\u03c1\u03b1\u03c0\u03ad\u03b6\u03b9-2\/\" \/>\n<meta property=\"og:site_name\" content=\"Ikastikos Kiklos - Zografik\u00ed - Metaxotyp\u00edes - T\u00e9chniPainting - Silk Screen - Art\" \/>\n<meta property=\"article:publisher\" content=\"https:\/\/www.facebook.com\/ikastikoskiklossianti\/\" \/>\n<meta property=\"article:modified_time\" content=\"2024-01-21T23:19:07+00:00\" \/>\n<meta property=\"og:image\" content=\"https:\/\/ikastikos-kiklos.com\/wp-content\/uploads\/2016\/07\/\u03c3\u03ac\u03bc\u03b9\u03bf\u03c2-\u03c0\u03b1\u03cd\u03bb\u03bf\u03c2-\u03ac\u03bd\u03bf\u03b9\u03be\u03b7.jpg\" \/>\n\t<meta property=\"og:image:width\" content=\"1200\" \/>\n\t<meta property=\"og:image:height\" content=\"1199\" \/>\n\t<meta property=\"og:image:type\" content=\"image\/jpeg\" \/>\n<meta name=\"twitter:card\" content=\"summary_large_image\" \/>\n<meta name=\"twitter:label1\" content=\"Est. reading time\" \/>\n\t<meta name=\"twitter:data1\" content=\"1 minute\" \/>\n<script type=\"application\/ld+json\" class=\"yoast-schema-graph\">{\"@context\":\"https:\/\/schema.org\",\"@graph\":[{\"@type\":\"WebPage\",\"@id\":\"https:\/\/ikastikos-kiklos.com\/en\/product\/%cf%84%cf%81%ce%b1%cf%80%ce%ad%ce%b6%ce%b9-2\/\",\"url\":\"https:\/\/ikastikos-kiklos.com\/en\/product\/%cf%84%cf%81%ce%b1%cf%80%ce%ad%ce%b6%ce%b9-2\/\",\"name\":\"Mosaic table Construction by Pavlos Samios at Ikastikos Kiklos Sianti Gallery\",\"isPartOf\":{\"@id\":\"https:\/\/ikastikos-kiklos.com\/en\/#website\"},\"primaryImageOfPage\":{\"@id\":\"https:\/\/ikastikos-kiklos.com\/en\/product\/%cf%84%cf%81%ce%b1%cf%80%ce%ad%ce%b6%ce%b9-2\/#primaryimage\"},\"image\":{\"@id\":\"https:\/\/ikastikos-kiklos.com\/en\/product\/%cf%84%cf%81%ce%b1%cf%80%ce%ad%ce%b6%ce%b9-2\/#primaryimage\"},\"thumbnailUrl\":\"https:\/\/ikastikos-kiklos.com\/wp-content\/uploads\/2016\/07\/\u03c3\u03ac\u03bc\u03b9\u03bf\u03c2-\u03c0\u03b1\u03cd\u03bb\u03bf\u03c2-\u03ac\u03bd\u03bf\u03b9\u03be\u03b7.jpg\",\"datePublished\":\"2016-07-11T15:25:20+00:00\",\"dateModified\":\"2024-01-21T23:19:07+00:00\",\"description\":\"Mosaic table Construction by Pavlos Samios at Ikastikos Kiklos Sianti Gallery Mosaic table crafted and signed by the artist. Ideal for any room.\",\"breadcrumb\":{\"@id\":\"https:\/\/ikastikos-kiklos.com\/en\/product\/%cf%84%cf%81%ce%b1%cf%80%ce%ad%ce%b6%ce%b9-2\/#breadcrumb\"},\"inLanguage\":\"en-US\",\"potentialAction\":[{\"@type\":\"ReadAction\",\"target\":[\"https:\/\/ikastikos-kiklos.com\/en\/product\/%cf%84%cf%81%ce%b1%cf%80%ce%ad%ce%b6%ce%b9-2\/\"]}]},{\"@type\":\"ImageObject\",\"inLanguage\":\"en-US\",\"@id\":\"https:\/\/ikastikos-kiklos.com\/en\/product\/%cf%84%cf%81%ce%b1%cf%80%ce%ad%ce%b6%ce%b9-2\/#primaryimage\",\"url\":\"https:\/\/ikastikos-kiklos.com\/wp-content\/uploads\/2016\/07\/\u03c3\u03ac\u03bc\u03b9\u03bf\u03c2-\u03c0\u03b1\u03cd\u03bb\u03bf\u03c2-\u03ac\u03bd\u03bf\u03b9\u03be\u03b7.jpg\",\"contentUrl\":\"https:\/\/ikastikos-kiklos.com\/wp-content\/uploads\/2016\/07\/\u03c3\u03ac\u03bc\u03b9\u03bf\u03c2-\u03c0\u03b1\u03cd\u03bb\u03bf\u03c2-\u03ac\u03bd\u03bf\u03b9\u03be\u03b7.jpg\",\"width\":1200,\"height\":1199,\"caption\":\"\u03c3\u03ac\u03bc\u03b9\u03bf\u03c2-\u03c0\u03b1\u03cd\u03bb\u03bf\u03c2-\u03ac\u03bd\u03bf\u03b9\u03be\u03b7\"},{\"@type\":\"BreadcrumbList\",\"@id\":\"https:\/\/ikastikos-kiklos.com\/en\/product\/%cf%84%cf%81%ce%b1%cf%80%ce%ad%ce%b6%ce%b9-2\/#breadcrumb\",\"itemListElement\":[{\"@type\":\"ListItem\",\"position\":1,\"name\":\"Home\",\"item\":\"https:\/\/ikastikos-kiklos.com\/en\/\"},{\"@type\":\"ListItem\",\"position\":2,\"name\":\"\u0388\u03c1\u03b3\u03b1 \u03c4\u03ad\u03c7\u03bd\u03b7\u03c2\",\"item\":\"https:\/\/ikastikos-kiklos.com\/%ce%ad%cf%81%ce%b3%ce%b1-%cf%84%ce%ad%cf%87%ce%bd%ce%b7%cf%82\/\"},{\"@type\":\"ListItem\",\"position\":3,\"name\":\"Table\"}]},{\"@type\":\"WebSite\",\"@id\":\"https:\/\/ikastikos-kiklos.com\/en\/#website\",\"url\":\"https:\/\/ikastikos-kiklos.com\/en\/\",\"name\":\"Ikastikos Kiklos - Zografik\u00ed - Metaxotyp\u00edes - T\u00e9chniPainting - Silk Screen - Art\",\"description\":\"\",\"publisher\":{\"@id\":\"https:\/\/ikastikos-kiklos.com\/en\/#organization\"},\"potentialAction\":[{\"@type\":\"SearchAction\",\"target\":{\"@type\":\"EntryPoint\",\"urlTemplate\":\"https:\/\/ikastikos-kiklos.com\/en\/?s={search_term_string}\"},\"query-input\":{\"@type\":\"PropertyValueSpecification\",\"valueRequired\":true,\"valueName\":\"search_term_string\"}}],\"inLanguage\":\"en-US\"},{\"@type\":\"Organization\",\"@id\":\"https:\/\/ikastikos-kiklos.com\/en\/#organization\",\"name\":\"Ikastikos Kiklos - Zografik\u00ed - Metaxotyp\u00edes - T\u00e9chniPainting - Silk Screen - Art\",\"url\":\"https:\/\/ikastikos-kiklos.com\/en\/\",\"logo\":{\"@type\":\"ImageObject\",\"inLanguage\":\"en-US\",\"@id\":\"https:\/\/ikastikos-kiklos.com\/en\/#\/schema\/logo\/image\/\",\"url\":\"https:\/\/ikastikos-kiklos.com\/wp-content\/uploads\/2022\/10\/cropped-favicon_ikastikos.png\",\"contentUrl\":\"https:\/\/ikastikos-kiklos.com\/wp-content\/uploads\/2022\/10\/cropped-favicon_ikastikos.png\",\"width\":512,\"height\":512,\"caption\":\"Ikastikos Kiklos - Zografik\u00ed - Metaxotyp\u00edes - T\u00e9chniPainting - Silk Screen - Art\"},\"image\":{\"@id\":\"https:\/\/ikastikos-kiklos.com\/en\/#\/schema\/logo\/image\/\"},\"sameAs\":[\"https:\/\/www.facebook.com\/ikastikoskiklossianti\/\"]}]}<\/script>\n<!-- \/ Yoast SEO plugin. -->","yoast_head_json":{"title":"Mosaic table Construction by Pavlos Samios at Ikastikos Kiklos Sianti Gallery","description":"Mosaic table Construction by Pavlos Samios at Ikastikos Kiklos Sianti Gallery Mosaic table crafted and signed by the artist. Ideal for any room.","robots":{"index":"index","follow":"follow","max-snippet":"max-snippet:-1","max-image-preview":"max-image-preview:large","max-video-preview":"max-video-preview:-1"},"canonical":"https:\/\/ikastikos-kiklos.com\/en\/product\/\u03c4\u03c1\u03b1\u03c0\u03ad\u03b6\u03b9-2\/","og_locale":"en_US","og_type":"article","og_title":"Mosaic table Construction by Pavlos Samios at Ikastikos Kiklos Sianti Gallery","og_description":"Mosaic table Construction by Pavlos Samios at Ikastikos Kiklos Sianti Gallery Mosaic table crafted and signed by the artist. Ideal for any room.","og_url":"https:\/\/ikastikos-kiklos.com\/en\/product\/\u03c4\u03c1\u03b1\u03c0\u03ad\u03b6\u03b9-2\/","og_site_name":"Ikastikos Kiklos - Zografik\u00ed - Metaxotyp\u00edes - T\u00e9chniPainting - Silk Screen - Art","article_publisher":"https:\/\/www.facebook.com\/ikastikoskiklossianti\/","article_modified_time":"2024-01-21T23:19:07+00:00","og_image":[{"width":1200,"height":1199,"url":"https:\/\/ikastikos-kiklos.com\/wp-content\/uploads\/2016\/07\/\u03c3\u03ac\u03bc\u03b9\u03bf\u03c2-\u03c0\u03b1\u03cd\u03bb\u03bf\u03c2-\u03ac\u03bd\u03bf\u03b9\u03be\u03b7.jpg","type":"image\/jpeg"}],"twitter_card":"summary_large_image","twitter_misc":{"Est. reading time":"1 minute"},"schema":{"@context":"https:\/\/schema.org","@graph":[{"@type":"WebPage","@id":"https:\/\/ikastikos-kiklos.com\/en\/product\/%cf%84%cf%81%ce%b1%cf%80%ce%ad%ce%b6%ce%b9-2\/","url":"https:\/\/ikastikos-kiklos.com\/en\/product\/%cf%84%cf%81%ce%b1%cf%80%ce%ad%ce%b6%ce%b9-2\/","name":"Mosaic table Construction by Pavlos Samios at Ikastikos Kiklos Sianti Gallery","isPartOf":{"@id":"https:\/\/ikastikos-kiklos.com\/en\/#website"},"primaryImageOfPage":{"@id":"https:\/\/ikastikos-kiklos.com\/en\/product\/%cf%84%cf%81%ce%b1%cf%80%ce%ad%ce%b6%ce%b9-2\/#primaryimage"},"image":{"@id":"https:\/\/ikastikos-kiklos.com\/en\/product\/%cf%84%cf%81%ce%b1%cf%80%ce%ad%ce%b6%ce%b9-2\/#primaryimage"},"thumbnailUrl":"https:\/\/ikastikos-kiklos.com\/wp-content\/uploads\/2016\/07\/\u03c3\u03ac\u03bc\u03b9\u03bf\u03c2-\u03c0\u03b1\u03cd\u03bb\u03bf\u03c2-\u03ac\u03bd\u03bf\u03b9\u03be\u03b7.jpg","datePublished":"2016-07-11T15:25:20+00:00","dateModified":"2024-01-21T23:19:07+00:00","description":"Mosaic table Construction by Pavlos Samios at Ikastikos Kiklos Sianti Gallery Mosaic table crafted and signed by the artist. Ideal for any room.","breadcrumb":{"@id":"https:\/\/ikastikos-kiklos.com\/en\/product\/%cf%84%cf%81%ce%b1%cf%80%ce%ad%ce%b6%ce%b9-2\/#breadcrumb"},"inLanguage":"en-US","potentialAction":[{"@type":"ReadAction","target":["https:\/\/ikastikos-kiklos.com\/en\/product\/%cf%84%cf%81%ce%b1%cf%80%ce%ad%ce%b6%ce%b9-2\/"]}]},{"@type":"ImageObject","inLanguage":"en-US","@id":"https:\/\/ikastikos-kiklos.com\/en\/product\/%cf%84%cf%81%ce%b1%cf%80%ce%ad%ce%b6%ce%b9-2\/#primaryimage","url":"https:\/\/ikastikos-kiklos.com\/wp-content\/uploads\/2016\/07\/\u03c3\u03ac\u03bc\u03b9\u03bf\u03c2-\u03c0\u03b1\u03cd\u03bb\u03bf\u03c2-\u03ac\u03bd\u03bf\u03b9\u03be\u03b7.jpg","contentUrl":"https:\/\/ikastikos-kiklos.com\/wp-content\/uploads\/2016\/07\/\u03c3\u03ac\u03bc\u03b9\u03bf\u03c2-\u03c0\u03b1\u03cd\u03bb\u03bf\u03c2-\u03ac\u03bd\u03bf\u03b9\u03be\u03b7.jpg","width":1200,"height":1199,"caption":"\u03c3\u03ac\u03bc\u03b9\u03bf\u03c2-\u03c0\u03b1\u03cd\u03bb\u03bf\u03c2-\u03ac\u03bd\u03bf\u03b9\u03be\u03b7"},{"@type":"BreadcrumbList","@id":"https:\/\/ikastikos-kiklos.com\/en\/product\/%cf%84%cf%81%ce%b1%cf%80%ce%ad%ce%b6%ce%b9-2\/#breadcrumb","itemListElement":[{"@type":"ListItem","position":1,"name":"Home","item":"https:\/\/ikastikos-kiklos.com\/en\/"},{"@type":"ListItem","position":2,"name":"\u0388\u03c1\u03b3\u03b1 \u03c4\u03ad\u03c7\u03bd\u03b7\u03c2","item":"https:\/\/ikastikos-kiklos.com\/%ce%ad%cf%81%ce%b3%ce%b1-%cf%84%ce%ad%cf%87%ce%bd%ce%b7%cf%82\/"},{"@type":"ListItem","position":3,"name":"Table"}]},{"@type":"WebSite","@id":"https:\/\/ikastikos-kiklos.com\/en\/#website","url":"https:\/\/ikastikos-kiklos.com\/en\/","name":"Ikastikos Kiklos - Zografik\u00ed - Metaxotyp\u00edes - T\u00e9chniPainting - Silk Screen - Art","description":"","publisher":{"@id":"https:\/\/ikastikos-kiklos.com\/en\/#organization"},"potentialAction":[{"@type":"SearchAction","target":{"@type":"EntryPoint","urlTemplate":"https:\/\/ikastikos-kiklos.com\/en\/?s={search_term_string}"},"query-input":{"@type":"PropertyValueSpecification","valueRequired":true,"valueName":"search_term_string"}}],"inLanguage":"en-US"},{"@type":"Organization","@id":"https:\/\/ikastikos-kiklos.com\/en\/#organization","name":"Ikastikos Kiklos - Zografik\u00ed - Metaxotyp\u00edes - T\u00e9chniPainting - Silk Screen - Art","url":"https:\/\/ikastikos-kiklos.com\/en\/","logo":{"@type":"ImageObject","inLanguage":"en-US","@id":"https:\/\/ikastikos-kiklos.com\/en\/#\/schema\/logo\/image\/","url":"https:\/\/ikastikos-kiklos.com\/wp-content\/uploads\/2022\/10\/cropped-favicon_ikastikos.png","contentUrl":"https:\/\/ikastikos-kiklos.com\/wp-content\/uploads\/2022\/10\/cropped-favicon_ikastikos.png","width":512,"height":512,"caption":"Ikastikos Kiklos - Zografik\u00ed - Metaxotyp\u00edes - T\u00e9chniPainting - Silk Screen - Art"},"image":{"@id":"https:\/\/ikastikos-kiklos.com\/en\/#\/schema\/logo\/image\/"},"sameAs":["https:\/\/www.facebook.com\/ikastikoskiklossianti\/"]}]}},"_links":{"self":[{"href":"https:\/\/ikastikos-kiklos.com\/en\/wp-json\/wp\/v2\/product\/3588","targetHints":{"allow":["GET"]}}],"collection":[{"href":"https:\/\/ikastikos-kiklos.com\/en\/wp-json\/wp\/v2\/product"}],"about":[{"href":"https:\/\/ikastikos-kiklos.com\/en\/wp-json\/wp\/v2\/types\/product"}],"wp:featuredmedia":[{"embeddable":true,"href":"https:\/\/ikastikos-kiklos.com\/en\/wp-json\/wp\/v2\/media\/35841"}],"wp:attachment":[{"href":"https:\/\/ikastikos-kiklos.com\/en\/wp-json\/wp\/v2\/media?parent=3588"}],"wp:term":[{"taxonomy":"product_brand","embeddable":true,"href":"https:\/\/ikastikos-kiklos.com\/en\/wp-json\/wp\/v2\/product_brand?post=3588"},{"taxonomy":"product_cat","embeddable":true,"href":"https:\/\/ikastikos-kiklos.com\/en\/wp-json\/wp\/v2\/product_cat?post=3588"},{"taxonomy":"product_tag","embeddable":true,"href":"https:\/\/ikastikos-kiklos.com\/en\/wp-json\/wp\/v2\/product_tag?post=3588"}],"curies":[{"name":"wp","href":"https:\/\/api.w.org\/{rel}","templated":true}]}}