{"id":3579,"date":"2016-07-11T14:48:03","date_gmt":"2016-07-11T14:48:03","guid":{"rendered":"http:\/\/ikastikos-kiklos.com\/\u03c0\u03c1\u03bf\u03ca\u03cc\u03bd\/%ce%bd%ce%ad%ce%b1-%ce%b3%ce%b5%ce%bd%ce%b9%ce%ac\/?lang=en"},"modified":"2021-08-26T19:02:57","modified_gmt":"2021-08-26T16:02:57","slug":"%ce%bd%ce%ad%ce%b1-%ce%b3%ce%b5%ce%bd%ce%b9%ce%ac","status":"publish","type":"product","link":"https:\/\/ikastikos-kiklos.com\/en\/product\/%ce%bd%ce%ad%ce%b1-%ce%b3%ce%b5%ce%bd%ce%b9%ce%ac\/","title":{"rendered":"New generation"},"content":{"rendered":"<p>Exclusive material of his work was metal (tin, pencil, copper, iron, steel). The human body, usually female, was originally the main subject. Gradually his works became more stylized, with emphasis on geometric structures. The &#8220;screw&#8221; sculptures of the 1970\u2019s summarizes him work until then. They are usually of large dimensions and are combinations of flat or curved surfaces, pure in shape but dynamic in motion. Their featured painted iron (black, red or white).<\/p>\n<p>Source: rizospastis.gr<\/p>\n","protected":false},"excerpt":{"rendered":"<p>Constricted, screwed and painted by the artist. Today it is a collectible piece.<\/p>\n","protected":false},"featured_media":1861,"template":"","meta":{"ngg_post_thumbnail":0},"product_brand":[],"product_cat":[398,401,2047],"product_tag":[2578,2646,2409,2668,2672,2654,2673],"class_list":{"0":"post-3579","1":"product","2":"type-product","3":"status-publish","4":"has-post-thumbnail","6":"product_cat-collections","7":"product_cat-sculpture","8":"product_cat-wedding-gifts","9":"product_tag-collectible","10":"product_tag-construction","11":"product_tag-kostas-koulentianos-en-2","12":"product_tag-painted","13":"product_tag-screws","14":"product_tag-visual-artist","15":"product_tag-wood","17":"first","18":"instock","19":"taxable","20":"shipping-taxable","21":"product-type-simple"},"yoast_head":"<!-- This site is optimized with the Yoast SEO plugin v27.2 - https:\/\/yoast.com\/product\/yoast-seo-wordpress\/ -->\n<title>New Generation Craftwork by Kostas Koulentianos<\/title>\n<meta name=\"description\" content=\"New Generation Craftwork by Kostas Koulentianos. Bolted and painted by the artist. Today it is a collector&#039;s item.\" \/>\n<meta name=\"robots\" content=\"index, follow, max-snippet:-1, max-image-preview:large, max-video-preview:-1\" \/>\n<link rel=\"canonical\" href=\"https:\/\/ikastikos-kiklos.com\/en\/product\/\u03bd\u03ad\u03b1-\u03b3\u03b5\u03bd\u03b9\u03ac\/\" \/>\n<meta property=\"og:locale\" content=\"en_US\" \/>\n<meta property=\"og:type\" content=\"article\" \/>\n<meta property=\"og:title\" content=\"New Generation Craftwork by Kostas Koulentianos\" \/>\n<meta property=\"og:description\" content=\"New Generation Craftwork by Kostas Koulentianos. Bolted and painted by the artist. Today it is a collector&#039;s item.\" \/>\n<meta property=\"og:url\" content=\"https:\/\/ikastikos-kiklos.com\/en\/product\/\u03bd\u03ad\u03b1-\u03b3\u03b5\u03bd\u03b9\u03ac\/\" \/>\n<meta property=\"og:site_name\" content=\"Ikastikos Kiklos - Zografik\u00ed - Metaxotyp\u00edes - T\u00e9chniPainting - Silk Screen - Art\" \/>\n<meta property=\"article:publisher\" content=\"https:\/\/www.facebook.com\/ikastikoskiklossianti\/\" \/>\n<meta property=\"article:modified_time\" content=\"2021-08-26T16:02:57+00:00\" \/>\n<meta property=\"og:image\" content=\"https:\/\/ikastikos-kiklos.com\/wp-content\/uploads\/2016\/07\/nea-genia-enlarge.jpg\" \/>\n\t<meta property=\"og:image:width\" content=\"301\" \/>\n\t<meta property=\"og:image:height\" content=\"425\" \/>\n\t<meta property=\"og:image:type\" content=\"image\/jpeg\" \/>\n<meta name=\"twitter:card\" content=\"summary_large_image\" \/>\n<meta name=\"twitter:label1\" content=\"Est. reading time\" \/>\n\t<meta name=\"twitter:data1\" content=\"1 minute\" \/>\n<script type=\"application\/ld+json\" class=\"yoast-schema-graph\">{\"@context\":\"https:\/\/schema.org\",\"@graph\":[{\"@type\":\"WebPage\",\"@id\":\"https:\/\/ikastikos-kiklos.com\/en\/product\/%ce%bd%ce%ad%ce%b1-%ce%b3%ce%b5%ce%bd%ce%b9%ce%ac\/\",\"url\":\"https:\/\/ikastikos-kiklos.com\/en\/product\/%ce%bd%ce%ad%ce%b1-%ce%b3%ce%b5%ce%bd%ce%b9%ce%ac\/\",\"name\":\"New Generation Craftwork by Kostas Koulentianos\",\"isPartOf\":{\"@id\":\"https:\/\/ikastikos-kiklos.com\/en\/#website\"},\"primaryImageOfPage\":{\"@id\":\"https:\/\/ikastikos-kiklos.com\/en\/product\/%ce%bd%ce%ad%ce%b1-%ce%b3%ce%b5%ce%bd%ce%b9%ce%ac\/#primaryimage\"},\"image\":{\"@id\":\"https:\/\/ikastikos-kiklos.com\/en\/product\/%ce%bd%ce%ad%ce%b1-%ce%b3%ce%b5%ce%bd%ce%b9%ce%ac\/#primaryimage\"},\"thumbnailUrl\":\"https:\/\/ikastikos-kiklos.com\/wp-content\/uploads\/2016\/07\/nea-genia-enlarge.jpg\",\"datePublished\":\"2016-07-11T14:48:03+00:00\",\"dateModified\":\"2021-08-26T16:02:57+00:00\",\"description\":\"New Generation Craftwork by Kostas Koulentianos. Bolted and painted by the artist. Today it is a collector's item.\",\"breadcrumb\":{\"@id\":\"https:\/\/ikastikos-kiklos.com\/en\/product\/%ce%bd%ce%ad%ce%b1-%ce%b3%ce%b5%ce%bd%ce%b9%ce%ac\/#breadcrumb\"},\"inLanguage\":\"en-US\",\"potentialAction\":[{\"@type\":\"ReadAction\",\"target\":[\"https:\/\/ikastikos-kiklos.com\/en\/product\/%ce%bd%ce%ad%ce%b1-%ce%b3%ce%b5%ce%bd%ce%b9%ce%ac\/\"]}]},{\"@type\":\"ImageObject\",\"inLanguage\":\"en-US\",\"@id\":\"https:\/\/ikastikos-kiklos.com\/en\/product\/%ce%bd%ce%ad%ce%b1-%ce%b3%ce%b5%ce%bd%ce%b9%ce%ac\/#primaryimage\",\"url\":\"https:\/\/ikastikos-kiklos.com\/wp-content\/uploads\/2016\/07\/nea-genia-enlarge.jpg\",\"contentUrl\":\"https:\/\/ikastikos-kiklos.com\/wp-content\/uploads\/2016\/07\/nea-genia-enlarge.jpg\",\"width\":301,\"height\":425,\"caption\":\"\u039d\u03ad\u03b1 \u0393\u03b5\u03bd\u03b9\u03ac \u039a\u03b1\u03c4\u03b1\u03c3\u03ba\u03b5\u03c5\u03ae \u03b1\u03c0\u03cc \u03c4\u03bf\u03bd \u0395\u03b9\u03ba\u03b1\u03c3\u03c4\u03b9\u03ba\u03cc \u039a\u03ce\u03c3\u03c4\u03b1 \u039a\u03bf\u03c5\u03bb\u03b5\u03bd\u03c4\u03b9\u03b1\u03bd\u03cc\"},{\"@type\":\"BreadcrumbList\",\"@id\":\"https:\/\/ikastikos-kiklos.com\/en\/product\/%ce%bd%ce%ad%ce%b1-%ce%b3%ce%b5%ce%bd%ce%b9%ce%ac\/#breadcrumb\",\"itemListElement\":[{\"@type\":\"ListItem\",\"position\":1,\"name\":\"Home\",\"item\":\"https:\/\/ikastikos-kiklos.com\/en\/\"},{\"@type\":\"ListItem\",\"position\":2,\"name\":\"\u0388\u03c1\u03b3\u03b1 \u03c4\u03ad\u03c7\u03bd\u03b7\u03c2\",\"item\":\"https:\/\/ikastikos-kiklos.com\/%ce%ad%cf%81%ce%b3%ce%b1-%cf%84%ce%ad%cf%87%ce%bd%ce%b7%cf%82\/\"},{\"@type\":\"ListItem\",\"position\":3,\"name\":\"New generation\"}]},{\"@type\":\"WebSite\",\"@id\":\"https:\/\/ikastikos-kiklos.com\/en\/#website\",\"url\":\"https:\/\/ikastikos-kiklos.com\/en\/\",\"name\":\"Ikastikos Kiklos - Zografik\u00ed - Metaxotyp\u00edes - T\u00e9chniPainting - Silk Screen - Art\",\"description\":\"\",\"publisher\":{\"@id\":\"https:\/\/ikastikos-kiklos.com\/en\/#organization\"},\"potentialAction\":[{\"@type\":\"SearchAction\",\"target\":{\"@type\":\"EntryPoint\",\"urlTemplate\":\"https:\/\/ikastikos-kiklos.com\/en\/?s={search_term_string}\"},\"query-input\":{\"@type\":\"PropertyValueSpecification\",\"valueRequired\":true,\"valueName\":\"search_term_string\"}}],\"inLanguage\":\"en-US\"},{\"@type\":\"Organization\",\"@id\":\"https:\/\/ikastikos-kiklos.com\/en\/#organization\",\"name\":\"Ikastikos Kiklos - Zografik\u00ed - Metaxotyp\u00edes - T\u00e9chniPainting - Silk Screen - Art\",\"url\":\"https:\/\/ikastikos-kiklos.com\/en\/\",\"logo\":{\"@type\":\"ImageObject\",\"inLanguage\":\"en-US\",\"@id\":\"https:\/\/ikastikos-kiklos.com\/en\/#\/schema\/logo\/image\/\",\"url\":\"https:\/\/ikastikos-kiklos.com\/wp-content\/uploads\/2022\/10\/cropped-favicon_ikastikos.png\",\"contentUrl\":\"https:\/\/ikastikos-kiklos.com\/wp-content\/uploads\/2022\/10\/cropped-favicon_ikastikos.png\",\"width\":512,\"height\":512,\"caption\":\"Ikastikos Kiklos - Zografik\u00ed - Metaxotyp\u00edes - T\u00e9chniPainting - Silk Screen - Art\"},\"image\":{\"@id\":\"https:\/\/ikastikos-kiklos.com\/en\/#\/schema\/logo\/image\/\"},\"sameAs\":[\"https:\/\/www.facebook.com\/ikastikoskiklossianti\/\"]}]}<\/script>\n<!-- \/ Yoast SEO plugin. -->","yoast_head_json":{"title":"New Generation Craftwork by Kostas Koulentianos","description":"New Generation Craftwork by Kostas Koulentianos. Bolted and painted by the artist. Today it is a collector's item.","robots":{"index":"index","follow":"follow","max-snippet":"max-snippet:-1","max-image-preview":"max-image-preview:large","max-video-preview":"max-video-preview:-1"},"canonical":"https:\/\/ikastikos-kiklos.com\/en\/product\/\u03bd\u03ad\u03b1-\u03b3\u03b5\u03bd\u03b9\u03ac\/","og_locale":"en_US","og_type":"article","og_title":"New Generation Craftwork by Kostas Koulentianos","og_description":"New Generation Craftwork by Kostas Koulentianos. Bolted and painted by the artist. Today it is a collector's item.","og_url":"https:\/\/ikastikos-kiklos.com\/en\/product\/\u03bd\u03ad\u03b1-\u03b3\u03b5\u03bd\u03b9\u03ac\/","og_site_name":"Ikastikos Kiklos - Zografik\u00ed - Metaxotyp\u00edes - T\u00e9chniPainting - Silk Screen - Art","article_publisher":"https:\/\/www.facebook.com\/ikastikoskiklossianti\/","article_modified_time":"2021-08-26T16:02:57+00:00","og_image":[{"width":301,"height":425,"url":"https:\/\/ikastikos-kiklos.com\/wp-content\/uploads\/2016\/07\/nea-genia-enlarge.jpg","type":"image\/jpeg"}],"twitter_card":"summary_large_image","twitter_misc":{"Est. reading time":"1 minute"},"schema":{"@context":"https:\/\/schema.org","@graph":[{"@type":"WebPage","@id":"https:\/\/ikastikos-kiklos.com\/en\/product\/%ce%bd%ce%ad%ce%b1-%ce%b3%ce%b5%ce%bd%ce%b9%ce%ac\/","url":"https:\/\/ikastikos-kiklos.com\/en\/product\/%ce%bd%ce%ad%ce%b1-%ce%b3%ce%b5%ce%bd%ce%b9%ce%ac\/","name":"New Generation Craftwork by Kostas Koulentianos","isPartOf":{"@id":"https:\/\/ikastikos-kiklos.com\/en\/#website"},"primaryImageOfPage":{"@id":"https:\/\/ikastikos-kiklos.com\/en\/product\/%ce%bd%ce%ad%ce%b1-%ce%b3%ce%b5%ce%bd%ce%b9%ce%ac\/#primaryimage"},"image":{"@id":"https:\/\/ikastikos-kiklos.com\/en\/product\/%ce%bd%ce%ad%ce%b1-%ce%b3%ce%b5%ce%bd%ce%b9%ce%ac\/#primaryimage"},"thumbnailUrl":"https:\/\/ikastikos-kiklos.com\/wp-content\/uploads\/2016\/07\/nea-genia-enlarge.jpg","datePublished":"2016-07-11T14:48:03+00:00","dateModified":"2021-08-26T16:02:57+00:00","description":"New Generation Craftwork by Kostas Koulentianos. Bolted and painted by the artist. Today it is a collector's item.","breadcrumb":{"@id":"https:\/\/ikastikos-kiklos.com\/en\/product\/%ce%bd%ce%ad%ce%b1-%ce%b3%ce%b5%ce%bd%ce%b9%ce%ac\/#breadcrumb"},"inLanguage":"en-US","potentialAction":[{"@type":"ReadAction","target":["https:\/\/ikastikos-kiklos.com\/en\/product\/%ce%bd%ce%ad%ce%b1-%ce%b3%ce%b5%ce%bd%ce%b9%ce%ac\/"]}]},{"@type":"ImageObject","inLanguage":"en-US","@id":"https:\/\/ikastikos-kiklos.com\/en\/product\/%ce%bd%ce%ad%ce%b1-%ce%b3%ce%b5%ce%bd%ce%b9%ce%ac\/#primaryimage","url":"https:\/\/ikastikos-kiklos.com\/wp-content\/uploads\/2016\/07\/nea-genia-enlarge.jpg","contentUrl":"https:\/\/ikastikos-kiklos.com\/wp-content\/uploads\/2016\/07\/nea-genia-enlarge.jpg","width":301,"height":425,"caption":"\u039d\u03ad\u03b1 \u0393\u03b5\u03bd\u03b9\u03ac \u039a\u03b1\u03c4\u03b1\u03c3\u03ba\u03b5\u03c5\u03ae \u03b1\u03c0\u03cc \u03c4\u03bf\u03bd \u0395\u03b9\u03ba\u03b1\u03c3\u03c4\u03b9\u03ba\u03cc \u039a\u03ce\u03c3\u03c4\u03b1 \u039a\u03bf\u03c5\u03bb\u03b5\u03bd\u03c4\u03b9\u03b1\u03bd\u03cc"},{"@type":"BreadcrumbList","@id":"https:\/\/ikastikos-kiklos.com\/en\/product\/%ce%bd%ce%ad%ce%b1-%ce%b3%ce%b5%ce%bd%ce%b9%ce%ac\/#breadcrumb","itemListElement":[{"@type":"ListItem","position":1,"name":"Home","item":"https:\/\/ikastikos-kiklos.com\/en\/"},{"@type":"ListItem","position":2,"name":"\u0388\u03c1\u03b3\u03b1 \u03c4\u03ad\u03c7\u03bd\u03b7\u03c2","item":"https:\/\/ikastikos-kiklos.com\/%ce%ad%cf%81%ce%b3%ce%b1-%cf%84%ce%ad%cf%87%ce%bd%ce%b7%cf%82\/"},{"@type":"ListItem","position":3,"name":"New generation"}]},{"@type":"WebSite","@id":"https:\/\/ikastikos-kiklos.com\/en\/#website","url":"https:\/\/ikastikos-kiklos.com\/en\/","name":"Ikastikos Kiklos - Zografik\u00ed - Metaxotyp\u00edes - T\u00e9chniPainting - Silk Screen - Art","description":"","publisher":{"@id":"https:\/\/ikastikos-kiklos.com\/en\/#organization"},"potentialAction":[{"@type":"SearchAction","target":{"@type":"EntryPoint","urlTemplate":"https:\/\/ikastikos-kiklos.com\/en\/?s={search_term_string}"},"query-input":{"@type":"PropertyValueSpecification","valueRequired":true,"valueName":"search_term_string"}}],"inLanguage":"en-US"},{"@type":"Organization","@id":"https:\/\/ikastikos-kiklos.com\/en\/#organization","name":"Ikastikos Kiklos - Zografik\u00ed - Metaxotyp\u00edes - T\u00e9chniPainting - Silk Screen - Art","url":"https:\/\/ikastikos-kiklos.com\/en\/","logo":{"@type":"ImageObject","inLanguage":"en-US","@id":"https:\/\/ikastikos-kiklos.com\/en\/#\/schema\/logo\/image\/","url":"https:\/\/ikastikos-kiklos.com\/wp-content\/uploads\/2022\/10\/cropped-favicon_ikastikos.png","contentUrl":"https:\/\/ikastikos-kiklos.com\/wp-content\/uploads\/2022\/10\/cropped-favicon_ikastikos.png","width":512,"height":512,"caption":"Ikastikos Kiklos - Zografik\u00ed - Metaxotyp\u00edes - T\u00e9chniPainting - Silk Screen - Art"},"image":{"@id":"https:\/\/ikastikos-kiklos.com\/en\/#\/schema\/logo\/image\/"},"sameAs":["https:\/\/www.facebook.com\/ikastikoskiklossianti\/"]}]}},"_links":{"self":[{"href":"https:\/\/ikastikos-kiklos.com\/en\/wp-json\/wp\/v2\/product\/3579","targetHints":{"allow":["GET"]}}],"collection":[{"href":"https:\/\/ikastikos-kiklos.com\/en\/wp-json\/wp\/v2\/product"}],"about":[{"href":"https:\/\/ikastikos-kiklos.com\/en\/wp-json\/wp\/v2\/types\/product"}],"wp:featuredmedia":[{"embeddable":true,"href":"https:\/\/ikastikos-kiklos.com\/en\/wp-json\/wp\/v2\/media\/1861"}],"wp:attachment":[{"href":"https:\/\/ikastikos-kiklos.com\/en\/wp-json\/wp\/v2\/media?parent=3579"}],"wp:term":[{"taxonomy":"product_brand","embeddable":true,"href":"https:\/\/ikastikos-kiklos.com\/en\/wp-json\/wp\/v2\/product_brand?post=3579"},{"taxonomy":"product_cat","embeddable":true,"href":"https:\/\/ikastikos-kiklos.com\/en\/wp-json\/wp\/v2\/product_cat?post=3579"},{"taxonomy":"product_tag","embeddable":true,"href":"https:\/\/ikastikos-kiklos.com\/en\/wp-json\/wp\/v2\/product_tag?post=3579"}],"curies":[{"name":"wp","href":"https:\/\/api.w.org\/{rel}","templated":true}]}}