{"id":3567,"date":"2016-07-28T20:35:48","date_gmt":"2016-07-28T20:35:48","guid":{"rendered":"http:\/\/ikastikos-kiklos.com\/\u03c0\u03c1\u03bf\u03ca\u03cc\u03bd\/%ce%bd%ce%b5%ce%ba%cf%81%ce%ae-%cf%86%cf%8d%cf%83%ce%b7-15\/?lang=en"},"modified":"2017-08-21T12:41:14","modified_gmt":"2017-08-21T09:41:14","slug":"%ce%bd%ce%b5%ce%ba%cf%81%ce%ae-%cf%86%cf%8d%cf%83%ce%b7-15","status":"publish","type":"product","link":"https:\/\/ikastikos-kiklos.com\/en\/product\/%ce%bd%ce%b5%ce%ba%cf%81%ce%ae-%cf%86%cf%8d%cf%83%ce%b7-15\/","title":{"rendered":"Still Life"},"content":{"rendered":"<p>As the artist says, the inspiration of his visual concerns is the invisible side of memory. The color and light caress, threaten and culminate in the &#8221; deserted looking landscape &#8221; of the painting.<\/p>\n<p>This landscape, according to him, is a space that is bounded by ideograms to keep the eyes of the lost world hermetically closed.<\/p>\n<p>Apergis, with his work, is opposed to his optimism with the reputation of nature and its perpetual dynamics, which is constantly evolving and seeking the light of redemption.<\/p>\n<p>Source: <a href=\"http:\/\/www.clickatlife.gr\/culture\/story\/3548\u00a0\">clickatlife.gr<\/a><\/p>\n","protected":false},"excerpt":{"rendered":"<p>Silkscreen numbered and signed by the artist himself.<\/p>\n<p>His work, characterized by a personal style combining elements of figurative painting and abstraction, includes compositions of surreal character where color plays an important role, contributing to the creation of a poetic and dreamy atmosphere.<\/p>\n<p>Source: <a href=\"http:\/\/www.nationalgallery.gr\/site\/content.php?artist_id=6503&amp;sel=352\">nationalgallery.gr<\/a><\/p>\n","protected":false},"featured_media":4102,"template":"","meta":{"ngg_post_thumbnail":0},"product_brand":[],"product_cat":[398,1987,1991,403,2047],"product_tag":[2713,2492,2493,2488,2491],"class_list":{"0":"post-3567","1":"product","2":"type-product","3":"status-publish","4":"has-post-thumbnail","6":"product_cat-collections","7":"product_cat-eshop-en","8":"product_cat-silkscreens-shop","9":"product_cat-small-silkscreens","10":"product_cat-wedding-gifts","11":"product_tag-antonis-apergis","12":"product_tag-corporate-gifts","13":"product_tag-office-gifts","14":"product_tag-still-life-en","15":"product_tag-wedding-gifts","17":"first","18":"instock","19":"taxable","20":"shipping-taxable","21":"purchasable","22":"product-type-simple"},"yoast_head":"<!-- This site is optimized with the Yoast SEO plugin v27.4 - https:\/\/yoast.com\/product\/yoast-seo-wordpress\/ -->\n<title>Still Life Small Silkscreen by Antonis Apergis.<\/title>\n<meta name=\"description\" content=\"Still Life Small Silkscreen by Antonis Apergis. Dimensions are 11 x 24 cm. Silkscreen in numbered and signed by the artist himself.\" \/>\n<meta name=\"robots\" content=\"index, follow, max-snippet:-1, max-image-preview:large, max-video-preview:-1\" \/>\n<link rel=\"canonical\" href=\"https:\/\/ikastikos-kiklos.com\/en\/product\/\u03bd\u03b5\u03ba\u03c1\u03ae-\u03c6\u03cd\u03c3\u03b7-15\/\" \/>\n<meta property=\"og:locale\" content=\"en_US\" \/>\n<meta property=\"og:type\" content=\"article\" \/>\n<meta property=\"og:title\" content=\"Still Life Small Silkscreen by Antonis Apergis.\" \/>\n<meta property=\"og:description\" content=\"Still Life Small Silkscreen by Antonis Apergis. Dimensions are 11 x 24 cm. Silkscreen in numbered and signed by the artist himself.\" \/>\n<meta property=\"og:url\" content=\"https:\/\/ikastikos-kiklos.com\/en\/product\/\u03bd\u03b5\u03ba\u03c1\u03ae-\u03c6\u03cd\u03c3\u03b7-15\/\" \/>\n<meta property=\"og:site_name\" content=\"Ikastikos Kiklos - Zografik\u00ed - Metaxotyp\u00edes - T\u00e9chniPainting - Silk Screen - Art\" \/>\n<meta property=\"article:publisher\" content=\"https:\/\/www.facebook.com\/ikastikoskiklossianti\/\" \/>\n<meta property=\"article:modified_time\" content=\"2017-08-21T09:41:14+00:00\" \/>\n<meta property=\"og:image\" content=\"https:\/\/ikastikos-kiklos.com\/wp-content\/uploads\/2016\/07\/M124-APERGIS.jpg\" \/>\n\t<meta property=\"og:image:width\" content=\"550\" \/>\n\t<meta property=\"og:image:height\" content=\"267\" \/>\n\t<meta property=\"og:image:type\" content=\"image\/jpeg\" \/>\n<meta name=\"twitter:card\" content=\"summary_large_image\" \/>\n<script type=\"application\/ld+json\" class=\"yoast-schema-graph\">{\"@context\":\"https:\\\/\\\/schema.org\",\"@graph\":[{\"@type\":\"WebPage\",\"@id\":\"https:\\\/\\\/ikastikos-kiklos.com\\\/en\\\/product\\\/%ce%bd%ce%b5%ce%ba%cf%81%ce%ae-%cf%86%cf%8d%cf%83%ce%b7-15\\\/\",\"url\":\"https:\\\/\\\/ikastikos-kiklos.com\\\/en\\\/product\\\/%ce%bd%ce%b5%ce%ba%cf%81%ce%ae-%cf%86%cf%8d%cf%83%ce%b7-15\\\/\",\"name\":\"Still Life Small Silkscreen by Antonis Apergis.\",\"isPartOf\":{\"@id\":\"https:\\\/\\\/ikastikos-kiklos.com\\\/en\\\/#website\"},\"primaryImageOfPage\":{\"@id\":\"https:\\\/\\\/ikastikos-kiklos.com\\\/en\\\/product\\\/%ce%bd%ce%b5%ce%ba%cf%81%ce%ae-%cf%86%cf%8d%cf%83%ce%b7-15\\\/#primaryimage\"},\"image\":{\"@id\":\"https:\\\/\\\/ikastikos-kiklos.com\\\/en\\\/product\\\/%ce%bd%ce%b5%ce%ba%cf%81%ce%ae-%cf%86%cf%8d%cf%83%ce%b7-15\\\/#primaryimage\"},\"thumbnailUrl\":\"https:\\\/\\\/ikastikos-kiklos.com\\\/wp-content\\\/uploads\\\/2016\\\/07\\\/M124-APERGIS.jpg\",\"datePublished\":\"2016-07-28T20:35:48+00:00\",\"dateModified\":\"2017-08-21T09:41:14+00:00\",\"description\":\"Still Life Small Silkscreen by Antonis Apergis. Dimensions are 11 x 24 cm. Silkscreen in numbered and signed by the artist himself.\",\"breadcrumb\":{\"@id\":\"https:\\\/\\\/ikastikos-kiklos.com\\\/en\\\/product\\\/%ce%bd%ce%b5%ce%ba%cf%81%ce%ae-%cf%86%cf%8d%cf%83%ce%b7-15\\\/#breadcrumb\"},\"inLanguage\":\"en-US\",\"potentialAction\":[{\"@type\":\"ReadAction\",\"target\":[\"https:\\\/\\\/ikastikos-kiklos.com\\\/en\\\/product\\\/%ce%bd%ce%b5%ce%ba%cf%81%ce%ae-%cf%86%cf%8d%cf%83%ce%b7-15\\\/\"]}]},{\"@type\":\"ImageObject\",\"inLanguage\":\"en-US\",\"@id\":\"https:\\\/\\\/ikastikos-kiklos.com\\\/en\\\/product\\\/%ce%bd%ce%b5%ce%ba%cf%81%ce%ae-%cf%86%cf%8d%cf%83%ce%b7-15\\\/#primaryimage\",\"url\":\"https:\\\/\\\/ikastikos-kiklos.com\\\/wp-content\\\/uploads\\\/2016\\\/07\\\/M124-APERGIS.jpg\",\"contentUrl\":\"https:\\\/\\\/ikastikos-kiklos.com\\\/wp-content\\\/uploads\\\/2016\\\/07\\\/M124-APERGIS.jpg\",\"width\":550,\"height\":267,\"caption\":\"\u039d\u03b5\u03ba\u03c1\u03ae \u03a6\u03cd\u03c3\u03b7 \u039c\u03b9\u03ba\u03c1\u03ae \u039c\u03b5\u03c4\u03b1\u03be\u03bf\u03c4\u03c5\u03c0\u03af\u03b1 \u03b1\u03c0\u03cc \u03c4\u03bf\u03bd \u0391\u03bd\u03c4\u03ce\u03bd\u03b7 \u0391\u03c0\u03ad\u03c1\u03b3\u03b7\"},{\"@type\":\"BreadcrumbList\",\"@id\":\"https:\\\/\\\/ikastikos-kiklos.com\\\/en\\\/product\\\/%ce%bd%ce%b5%ce%ba%cf%81%ce%ae-%cf%86%cf%8d%cf%83%ce%b7-15\\\/#breadcrumb\",\"itemListElement\":[{\"@type\":\"ListItem\",\"position\":1,\"name\":\"Home\",\"item\":\"https:\\\/\\\/ikastikos-kiklos.com\\\/en\\\/\"},{\"@type\":\"ListItem\",\"position\":2,\"name\":\"\u0388\u03c1\u03b3\u03b1 \u03c4\u03ad\u03c7\u03bd\u03b7\u03c2\",\"item\":\"https:\\\/\\\/ikastikos-kiklos.com\\\/%ce%ad%cf%81%ce%b3%ce%b1-%cf%84%ce%ad%cf%87%ce%bd%ce%b7%cf%82\\\/\"},{\"@type\":\"ListItem\",\"position\":3,\"name\":\"Still Life\"}]},{\"@type\":\"WebSite\",\"@id\":\"https:\\\/\\\/ikastikos-kiklos.com\\\/en\\\/#website\",\"url\":\"https:\\\/\\\/ikastikos-kiklos.com\\\/en\\\/\",\"name\":\"Ikastikos Kiklos - Zografik\u00ed - Metaxotyp\u00edes - T\u00e9chniPainting - Silk Screen - Art\",\"description\":\"\",\"publisher\":{\"@id\":\"https:\\\/\\\/ikastikos-kiklos.com\\\/en\\\/#organization\"},\"potentialAction\":[{\"@type\":\"SearchAction\",\"target\":{\"@type\":\"EntryPoint\",\"urlTemplate\":\"https:\\\/\\\/ikastikos-kiklos.com\\\/en\\\/?s={search_term_string}\"},\"query-input\":{\"@type\":\"PropertyValueSpecification\",\"valueRequired\":true,\"valueName\":\"search_term_string\"}}],\"inLanguage\":\"en-US\"},{\"@type\":\"Organization\",\"@id\":\"https:\\\/\\\/ikastikos-kiklos.com\\\/en\\\/#organization\",\"name\":\"Ikastikos Kiklos - Zografik\u00ed - Metaxotyp\u00edes - T\u00e9chniPainting - Silk Screen - Art\",\"url\":\"https:\\\/\\\/ikastikos-kiklos.com\\\/en\\\/\",\"logo\":{\"@type\":\"ImageObject\",\"inLanguage\":\"en-US\",\"@id\":\"https:\\\/\\\/ikastikos-kiklos.com\\\/en\\\/#\\\/schema\\\/logo\\\/image\\\/\",\"url\":\"https:\\\/\\\/ikastikos-kiklos.com\\\/wp-content\\\/uploads\\\/2022\\\/10\\\/cropped-favicon_ikastikos.png\",\"contentUrl\":\"https:\\\/\\\/ikastikos-kiklos.com\\\/wp-content\\\/uploads\\\/2022\\\/10\\\/cropped-favicon_ikastikos.png\",\"width\":512,\"height\":512,\"caption\":\"Ikastikos Kiklos - Zografik\u00ed - Metaxotyp\u00edes - T\u00e9chniPainting - Silk Screen - Art\"},\"image\":{\"@id\":\"https:\\\/\\\/ikastikos-kiklos.com\\\/en\\\/#\\\/schema\\\/logo\\\/image\\\/\"},\"sameAs\":[\"https:\\\/\\\/www.facebook.com\\\/ikastikoskiklossianti\\\/\"]}]}<\/script>\n<!-- \/ Yoast SEO plugin. -->","yoast_head_json":{"title":"Still Life Small Silkscreen by Antonis Apergis.","description":"Still Life Small Silkscreen by Antonis Apergis. Dimensions are 11 x 24 cm. Silkscreen in numbered and signed by the artist himself.","robots":{"index":"index","follow":"follow","max-snippet":"max-snippet:-1","max-image-preview":"max-image-preview:large","max-video-preview":"max-video-preview:-1"},"canonical":"https:\/\/ikastikos-kiklos.com\/en\/product\/\u03bd\u03b5\u03ba\u03c1\u03ae-\u03c6\u03cd\u03c3\u03b7-15\/","og_locale":"en_US","og_type":"article","og_title":"Still Life Small Silkscreen by Antonis Apergis.","og_description":"Still Life Small Silkscreen by Antonis Apergis. Dimensions are 11 x 24 cm. Silkscreen in numbered and signed by the artist himself.","og_url":"https:\/\/ikastikos-kiklos.com\/en\/product\/\u03bd\u03b5\u03ba\u03c1\u03ae-\u03c6\u03cd\u03c3\u03b7-15\/","og_site_name":"Ikastikos Kiklos - Zografik\u00ed - Metaxotyp\u00edes - T\u00e9chniPainting - Silk Screen - Art","article_publisher":"https:\/\/www.facebook.com\/ikastikoskiklossianti\/","article_modified_time":"2017-08-21T09:41:14+00:00","og_image":[{"width":550,"height":267,"url":"https:\/\/ikastikos-kiklos.com\/wp-content\/uploads\/2016\/07\/M124-APERGIS.jpg","type":"image\/jpeg"}],"twitter_card":"summary_large_image","schema":{"@context":"https:\/\/schema.org","@graph":[{"@type":"WebPage","@id":"https:\/\/ikastikos-kiklos.com\/en\/product\/%ce%bd%ce%b5%ce%ba%cf%81%ce%ae-%cf%86%cf%8d%cf%83%ce%b7-15\/","url":"https:\/\/ikastikos-kiklos.com\/en\/product\/%ce%bd%ce%b5%ce%ba%cf%81%ce%ae-%cf%86%cf%8d%cf%83%ce%b7-15\/","name":"Still Life Small Silkscreen by Antonis Apergis.","isPartOf":{"@id":"https:\/\/ikastikos-kiklos.com\/en\/#website"},"primaryImageOfPage":{"@id":"https:\/\/ikastikos-kiklos.com\/en\/product\/%ce%bd%ce%b5%ce%ba%cf%81%ce%ae-%cf%86%cf%8d%cf%83%ce%b7-15\/#primaryimage"},"image":{"@id":"https:\/\/ikastikos-kiklos.com\/en\/product\/%ce%bd%ce%b5%ce%ba%cf%81%ce%ae-%cf%86%cf%8d%cf%83%ce%b7-15\/#primaryimage"},"thumbnailUrl":"https:\/\/ikastikos-kiklos.com\/wp-content\/uploads\/2016\/07\/M124-APERGIS.jpg","datePublished":"2016-07-28T20:35:48+00:00","dateModified":"2017-08-21T09:41:14+00:00","description":"Still Life Small Silkscreen by Antonis Apergis. Dimensions are 11 x 24 cm. Silkscreen in numbered and signed by the artist himself.","breadcrumb":{"@id":"https:\/\/ikastikos-kiklos.com\/en\/product\/%ce%bd%ce%b5%ce%ba%cf%81%ce%ae-%cf%86%cf%8d%cf%83%ce%b7-15\/#breadcrumb"},"inLanguage":"en-US","potentialAction":[{"@type":"ReadAction","target":["https:\/\/ikastikos-kiklos.com\/en\/product\/%ce%bd%ce%b5%ce%ba%cf%81%ce%ae-%cf%86%cf%8d%cf%83%ce%b7-15\/"]}]},{"@type":"ImageObject","inLanguage":"en-US","@id":"https:\/\/ikastikos-kiklos.com\/en\/product\/%ce%bd%ce%b5%ce%ba%cf%81%ce%ae-%cf%86%cf%8d%cf%83%ce%b7-15\/#primaryimage","url":"https:\/\/ikastikos-kiklos.com\/wp-content\/uploads\/2016\/07\/M124-APERGIS.jpg","contentUrl":"https:\/\/ikastikos-kiklos.com\/wp-content\/uploads\/2016\/07\/M124-APERGIS.jpg","width":550,"height":267,"caption":"\u039d\u03b5\u03ba\u03c1\u03ae \u03a6\u03cd\u03c3\u03b7 \u039c\u03b9\u03ba\u03c1\u03ae \u039c\u03b5\u03c4\u03b1\u03be\u03bf\u03c4\u03c5\u03c0\u03af\u03b1 \u03b1\u03c0\u03cc \u03c4\u03bf\u03bd \u0391\u03bd\u03c4\u03ce\u03bd\u03b7 \u0391\u03c0\u03ad\u03c1\u03b3\u03b7"},{"@type":"BreadcrumbList","@id":"https:\/\/ikastikos-kiklos.com\/en\/product\/%ce%bd%ce%b5%ce%ba%cf%81%ce%ae-%cf%86%cf%8d%cf%83%ce%b7-15\/#breadcrumb","itemListElement":[{"@type":"ListItem","position":1,"name":"Home","item":"https:\/\/ikastikos-kiklos.com\/en\/"},{"@type":"ListItem","position":2,"name":"\u0388\u03c1\u03b3\u03b1 \u03c4\u03ad\u03c7\u03bd\u03b7\u03c2","item":"https:\/\/ikastikos-kiklos.com\/%ce%ad%cf%81%ce%b3%ce%b1-%cf%84%ce%ad%cf%87%ce%bd%ce%b7%cf%82\/"},{"@type":"ListItem","position":3,"name":"Still Life"}]},{"@type":"WebSite","@id":"https:\/\/ikastikos-kiklos.com\/en\/#website","url":"https:\/\/ikastikos-kiklos.com\/en\/","name":"Ikastikos Kiklos - Zografik\u00ed - Metaxotyp\u00edes - T\u00e9chniPainting - Silk Screen - Art","description":"","publisher":{"@id":"https:\/\/ikastikos-kiklos.com\/en\/#organization"},"potentialAction":[{"@type":"SearchAction","target":{"@type":"EntryPoint","urlTemplate":"https:\/\/ikastikos-kiklos.com\/en\/?s={search_term_string}"},"query-input":{"@type":"PropertyValueSpecification","valueRequired":true,"valueName":"search_term_string"}}],"inLanguage":"en-US"},{"@type":"Organization","@id":"https:\/\/ikastikos-kiklos.com\/en\/#organization","name":"Ikastikos Kiklos - Zografik\u00ed - Metaxotyp\u00edes - T\u00e9chniPainting - Silk Screen - Art","url":"https:\/\/ikastikos-kiklos.com\/en\/","logo":{"@type":"ImageObject","inLanguage":"en-US","@id":"https:\/\/ikastikos-kiklos.com\/en\/#\/schema\/logo\/image\/","url":"https:\/\/ikastikos-kiklos.com\/wp-content\/uploads\/2022\/10\/cropped-favicon_ikastikos.png","contentUrl":"https:\/\/ikastikos-kiklos.com\/wp-content\/uploads\/2022\/10\/cropped-favicon_ikastikos.png","width":512,"height":512,"caption":"Ikastikos Kiklos - Zografik\u00ed - Metaxotyp\u00edes - T\u00e9chniPainting - Silk Screen - Art"},"image":{"@id":"https:\/\/ikastikos-kiklos.com\/en\/#\/schema\/logo\/image\/"},"sameAs":["https:\/\/www.facebook.com\/ikastikoskiklossianti\/"]}]}},"_links":{"self":[{"href":"https:\/\/ikastikos-kiklos.com\/en\/wp-json\/wp\/v2\/product\/3567","targetHints":{"allow":["GET"]}}],"collection":[{"href":"https:\/\/ikastikos-kiklos.com\/en\/wp-json\/wp\/v2\/product"}],"about":[{"href":"https:\/\/ikastikos-kiklos.com\/en\/wp-json\/wp\/v2\/types\/product"}],"wp:featuredmedia":[{"embeddable":true,"href":"https:\/\/ikastikos-kiklos.com\/en\/wp-json\/wp\/v2\/media\/4102"}],"wp:attachment":[{"href":"https:\/\/ikastikos-kiklos.com\/en\/wp-json\/wp\/v2\/media?parent=3567"}],"wp:term":[{"taxonomy":"product_brand","embeddable":true,"href":"https:\/\/ikastikos-kiklos.com\/en\/wp-json\/wp\/v2\/product_brand?post=3567"},{"taxonomy":"product_cat","embeddable":true,"href":"https:\/\/ikastikos-kiklos.com\/en\/wp-json\/wp\/v2\/product_cat?post=3567"},{"taxonomy":"product_tag","embeddable":true,"href":"https:\/\/ikastikos-kiklos.com\/en\/wp-json\/wp\/v2\/product_tag?post=3567"}],"curies":[{"name":"wp","href":"https:\/\/api.w.org\/{rel}","templated":true}]}}